{"id":36558,"date":"2024-09-20T11:28:46","date_gmt":"2024-09-20T09:28:46","guid":{"rendered":"https:\/\/www.antderground.com\/producto\/vertikales-ameisenfarm-t-mit-substrat\/"},"modified":"2024-09-20T13:47:07","modified_gmt":"2024-09-20T11:47:07","slug":"vertikales-ameisenfarm-t-mit-substrat","status":"publish","type":"product","link":"https:\/\/antderground.com\/de\/produkt\/vertikales-ameisenfarm-t-mit-substrat\/","title":{"rendered":"Vertikales Ameisenfarm T (mit Substrat)"},"content":{"rendered":"<h3>Vertikale Ameisenfarm im T-Format: Fusion aus Ameisenfarm und Futterzone<\/h3>\n<p><strong>Allgemeine Beschreibung<\/strong><br \/>\nDie vertikale Ameisenfarm im T-Format ist eine innovative L\u00f6sung, die in einem einzigen Design die Nist- und Futterzone kombiniert. Beide Bereiche sind durch ein Loch verbunden, das den Ameisen einen einfachen Zugang zu ihren beiden Umgebungen erm\u00f6glicht.<\/p>\n<p><strong>Nistbereich<\/strong><br \/>\nDer Nistbereich hat die Ma\u00dfe 15&#215;15 cm und besteht aus nat\u00fcrlichem Substrat. Ideal, damit die Ameisen ihre eigenen G\u00e4nge bauen k\u00f6nnen und eine Umgebung schaffen, die ihrem nat\u00fcrlichen Lebensraum \u00e4hnelt.<\/p>\n<p><strong>Futterzone<\/strong><br \/>\nDer Futterbereich hat die Ma\u00dfe 6x18x8 cm. Hier k\u00f6nnen die Ameisen Nahrung suchen, Ressourcen lagern und sicher erkunden.<\/p>\n<p><strong>Vorteile des Designs<\/strong><\/p>\n<p><strong>Platzersparnis durch das vertikale Format<\/strong><br \/>\nDieses kompakte Design ist perfekt f\u00fcr alle, die Platz optimieren m\u00f6chten. Durch das vertikale Design bietet die Ameisenfarm nicht nur Platz f\u00fcr eine wachsende Ameisenkolonie, sondern reduziert auch den Bedarf an gro\u00dfer Stellfl\u00e4che, was sie zu einer idealen Wahl f\u00fcr jeden Raum, wie Schreibtische oder Regale, macht.<\/p>\n<p><strong>Direkte Beobachtung der Ameisen in beiden Bereichen<\/strong><br \/>\nDank der vertikalen Anordnung und des transparenten Materials erm\u00f6glicht diese Ameisenfarm die Beobachtung sowohl im Nist- als auch im Futterbereich. Die Benutzer k\u00f6nnen die Aktivit\u00e4ten der Ameisen aus n\u00e4chster N\u00e4he verfolgen, von der Tunnelbau im Substrat bis zu ihrem Verhalten beim Sammeln und Lagern von Nahrungsmitteln, was sie zu einem lehrreichen und unterhaltsamen Werkzeug macht.<\/p>\n<p><strong>Nat\u00fcrliche Umgebung f\u00fcr die Entwicklung der Ameisenfarm<\/strong><br \/>\nDer Nistbereich ist mit einem Substrat gestaltet, das es den Ameisen erm\u00f6glicht, ihre eigenen G\u00e4nge zu graben und zu bauen, und somit ihren nat\u00fcrlichen Lebensraum nachzuahmen. Dies f\u00f6rdert das Wohlbefinden der Kolonie und bietet sowohl den Ameisen als auch den Beobachtern eine authentischere Erfahrung, indem es instinktives und gesundes Verhalten der Kolonie f\u00f6rdert.<\/p>\n","protected":false},"excerpt":{"rendered":"<p>Vertikale Ameisenfarm im T-Format mit Nistbereich (15&#215;15 cm) und Futterzone (6x18x8 cm), ideal f\u00fcr die Beobachtung und die nat\u00fcrliche Entwicklung der Ameisen. Kombiniert beide Bereiche durch ein Zugangsloch, das eine praktische und kompakte Umgebung erm\u00f6glicht.<\/p>\n<p><strong>Enth\u00e4lt:<\/strong><\/p>\n<ul>\n<li>Ameisenfarm im T-Format<\/li>\n<li>Substrat<\/li>\n<li>Pipette (f\u00fcr die Feuchtigkeit)<\/li>\n<\/ul>\n<p>*Es hat eine Verbindung, um mit einer zus\u00e4tzlichen Ameisenfarm oder Futterzone verbunden zu werden.<\/p>\n","protected":false},"featured_media":36551,"template":"","meta":[],"product_brand":[],"product_cat":[504,505,518],"product_tag":[],"class_list":{"0":"post-36558","1":"product","2":"type-product","3":"status-publish","4":"has-post-thumbnail","6":"product_cat-ameisennester","7":"product_cat-ameisenfarmen-3d","8":"product_cat-vertikale-ameisennester","10":"first","11":"instock","12":"sale","13":"shipping-taxable","14":"purchasable","15":"product-type-simple"},"yoast_head":"<!-- This site is optimized with the Yoast SEO plugin v27.3 - https:\/\/yoast.com\/product\/yoast-seo-wordpress\/ -->\n<title>Vertikales Ameisenfarm T (mit Substrat) | Myrmekologie - ANTDERGROUND<\/title>\n<meta name=\"description\" content=\"Vertikale Ameisenfarm im T-Format mit Substrat und Futterzone. Kompaktes Design, ideal f\u00fcr das Wachstum und die Beobachtung von Ameisen. Kaufe deine vertikale Ameisenfarm.\" \/>\n<meta name=\"robots\" content=\"index, follow, max-snippet:-1, max-image-preview:large, max-video-preview:-1\" \/>\n<link rel=\"canonical\" href=\"https:\/\/antderground.com\/de\/produkt\/vertikales-ameisenfarm-t-mit-substrat\/\" \/>\n<meta property=\"og:locale\" content=\"de_DE\" \/>\n<meta property=\"og:type\" content=\"article\" \/>\n<meta property=\"og:title\" content=\"Vertikales Ameisenfarm T (mit Substrat) | Myrmekologie - ANTDERGROUND\" \/>\n<meta property=\"og:description\" content=\"Vertikale Ameisenfarm im T-Format mit Substrat und Futterzone. Kompaktes Design, ideal f\u00fcr das Wachstum und die Beobachtung von Ameisen. Kaufe deine vertikale Ameisenfarm.\" \/>\n<meta property=\"og:url\" content=\"https:\/\/antderground.com\/de\/produkt\/vertikales-ameisenfarm-t-mit-substrat\/\" \/>\n<meta property=\"og:site_name\" content=\"ANTDERGROUND\" \/>\n<meta property=\"article:modified_time\" content=\"2024-09-20T11:47:07+00:00\" \/>\n<meta property=\"og:image\" content=\"https:\/\/antderground.com\/wp-content\/uploads\/2024\/09\/hormiguero-version-T.jpg\" \/>\n\t<meta property=\"og:image:width\" content=\"1600\" \/>\n\t<meta property=\"og:image:height\" content=\"1600\" \/>\n\t<meta property=\"og:image:type\" content=\"image\/jpeg\" \/>\n<meta name=\"twitter:card\" content=\"summary_large_image\" \/>\n<meta name=\"twitter:label1\" content=\"Gesch\u00e4tzte Lesezeit\" \/>\n\t<meta name=\"twitter:data1\" content=\"2\u00a0Minuten\" \/>\n<script type=\"application\/ld+json\" class=\"yoast-schema-graph\">{\"@context\":\"https:\\\/\\\/schema.org\",\"@graph\":[{\"@type\":\"WebPage\",\"@id\":\"https:\\\/\\\/antderground.com\\\/de\\\/produkt\\\/vertikales-ameisenfarm-t-mit-substrat\\\/\",\"url\":\"https:\\\/\\\/antderground.com\\\/de\\\/produkt\\\/vertikales-ameisenfarm-t-mit-substrat\\\/\",\"name\":\"Vertikales Ameisenfarm T (mit Substrat) | Myrmekologie - ANTDERGROUND\",\"isPartOf\":{\"@id\":\"https:\\\/\\\/antderground.com\\\/de\\\/#website\"},\"primaryImageOfPage\":{\"@id\":\"https:\\\/\\\/antderground.com\\\/de\\\/produkt\\\/vertikales-ameisenfarm-t-mit-substrat\\\/#primaryimage\"},\"image\":{\"@id\":\"https:\\\/\\\/antderground.com\\\/de\\\/produkt\\\/vertikales-ameisenfarm-t-mit-substrat\\\/#primaryimage\"},\"thumbnailUrl\":\"https:\\\/\\\/antderground.com\\\/wp-content\\\/uploads\\\/2024\\\/09\\\/hormiguero-version-T.jpg\",\"datePublished\":\"2024-09-20T09:28:46+00:00\",\"dateModified\":\"2024-09-20T11:47:07+00:00\",\"description\":\"Vertikale Ameisenfarm im T-Format mit Substrat und Futterzone. Kompaktes Design, ideal f\u00fcr das Wachstum und die Beobachtung von Ameisen. Kaufe deine vertikale Ameisenfarm.\",\"breadcrumb\":{\"@id\":\"https:\\\/\\\/antderground.com\\\/de\\\/produkt\\\/vertikales-ameisenfarm-t-mit-substrat\\\/#breadcrumb\"},\"inLanguage\":\"de\",\"potentialAction\":[{\"@type\":\"ReadAction\",\"target\":[\"https:\\\/\\\/antderground.com\\\/de\\\/produkt\\\/vertikales-ameisenfarm-t-mit-substrat\\\/\"]}]},{\"@type\":\"ImageObject\",\"inLanguage\":\"de\",\"@id\":\"https:\\\/\\\/antderground.com\\\/de\\\/produkt\\\/vertikales-ameisenfarm-t-mit-substrat\\\/#primaryimage\",\"url\":\"https:\\\/\\\/antderground.com\\\/wp-content\\\/uploads\\\/2024\\\/09\\\/hormiguero-version-T.jpg\",\"contentUrl\":\"https:\\\/\\\/antderground.com\\\/wp-content\\\/uploads\\\/2024\\\/09\\\/hormiguero-version-T.jpg\",\"width\":1600,\"height\":1600,\"caption\":\"Vertikales Ameisenfarm T (mit Substrat)\"},{\"@type\":\"BreadcrumbList\",\"@id\":\"https:\\\/\\\/antderground.com\\\/de\\\/produkt\\\/vertikales-ameisenfarm-t-mit-substrat\\\/#breadcrumb\",\"itemListElement\":[{\"@type\":\"ListItem\",\"position\":1,\"name\":\"Portada\",\"item\":\"https:\\\/\\\/antderground.com\\\/de\\\/\"},{\"@type\":\"ListItem\",\"position\":2,\"name\":\"Shop\",\"item\":\"https:\\\/\\\/antderground.com\\\/de\\\/shop\\\/\"},{\"@type\":\"ListItem\",\"position\":3,\"name\":\"Vertikales Ameisenfarm T (mit Substrat)\"}]},{\"@type\":\"WebSite\",\"@id\":\"https:\\\/\\\/antderground.com\\\/de\\\/#website\",\"url\":\"https:\\\/\\\/antderground.com\\\/de\\\/\",\"name\":\"ANTDERGROUND\",\"description\":\"Tu tienda de hormigas, gran variedad de hormigueros acr\u00edlicos,madera,arena,3D y mas.. Pide tus hormigas gratis con tu pedido, somos expertos en hormigueros antifugas.\",\"publisher\":{\"@id\":\"https:\\\/\\\/antderground.com\\\/de\\\/#\\\/schema\\\/person\\\/0e322c505e84fe72c65e2f6d08f96b81\"},\"alternateName\":\"Antderground\",\"potentialAction\":[{\"@type\":\"SearchAction\",\"target\":{\"@type\":\"EntryPoint\",\"urlTemplate\":\"https:\\\/\\\/antderground.com\\\/de\\\/?s={search_term_string}\"},\"query-input\":{\"@type\":\"PropertyValueSpecification\",\"valueRequired\":true,\"valueName\":\"search_term_string\"}}],\"inLanguage\":\"de\"},{\"@type\":[\"Person\",\"Organization\"],\"@id\":\"https:\\\/\\\/antderground.com\\\/de\\\/#\\\/schema\\\/person\\\/0e322c505e84fe72c65e2f6d08f96b81\",\"name\":\"Eric de Antderground\",\"image\":{\"@type\":\"ImageObject\",\"inLanguage\":\"de\",\"@id\":\"https:\\\/\\\/secure.gravatar.com\\\/avatar\\\/c49a1b9f79216d1498cb73c1e85cd47f4465dda35f2a94c03790d491bd4423c3?s=96&d=mm&r=g\",\"url\":\"https:\\\/\\\/secure.gravatar.com\\\/avatar\\\/c49a1b9f79216d1498cb73c1e85cd47f4465dda35f2a94c03790d491bd4423c3?s=96&d=mm&r=g\",\"contentUrl\":\"https:\\\/\\\/secure.gravatar.com\\\/avatar\\\/c49a1b9f79216d1498cb73c1e85cd47f4465dda35f2a94c03790d491bd4423c3?s=96&d=mm&r=g\",\"caption\":\"Eric de Antderground\"},\"logo\":{\"@id\":\"https:\\\/\\\/secure.gravatar.com\\\/avatar\\\/c49a1b9f79216d1498cb73c1e85cd47f4465dda35f2a94c03790d491bd4423c3?s=96&d=mm&r=g\"},\"description\":\"Eric es el especialista y fundador de Antderground, con una amplia trayectoria en artr\u00f3podos y enfocado en la mirmecolog\u00eda y el dise\u00f1o de hormigueros artificiales. Su enfoque combina la innovaci\u00f3n t\u00e9cnica con el respeto por la biolog\u00eda de las hormigas, is\u00f3podos y otros, desarrollando sistemas de nidos modulares 3D y acr\u00edlicos que son referentes para aficionados y profesionales en toda Europa. Su objetivo es facilitar la cr\u00eda de hormigas y otros artr\u00f3podos mediante soluciones seguras y divulgaci\u00f3n de calidad.\",\"sameAs\":[\"https:\\\/\\\/antderground.com\\\/\",\"https:\\\/\\\/www.youtube.com\\\/channel\\\/UCio72z7TlbufkAthAJIJfPw\"]}]}<\/script>\n<!-- \/ Yoast SEO plugin. -->","yoast_head_json":{"title":"Vertikales Ameisenfarm T (mit Substrat) | Myrmekologie - ANTDERGROUND","description":"Vertikale Ameisenfarm im T-Format mit Substrat und Futterzone. Kompaktes Design, ideal f\u00fcr das Wachstum und die Beobachtung von Ameisen. Kaufe deine vertikale Ameisenfarm.","robots":{"index":"index","follow":"follow","max-snippet":"max-snippet:-1","max-image-preview":"max-image-preview:large","max-video-preview":"max-video-preview:-1"},"canonical":"https:\/\/antderground.com\/de\/produkt\/vertikales-ameisenfarm-t-mit-substrat\/","og_locale":"de_DE","og_type":"article","og_title":"Vertikales Ameisenfarm T (mit Substrat) | Myrmekologie - ANTDERGROUND","og_description":"Vertikale Ameisenfarm im T-Format mit Substrat und Futterzone. Kompaktes Design, ideal f\u00fcr das Wachstum und die Beobachtung von Ameisen. Kaufe deine vertikale Ameisenfarm.","og_url":"https:\/\/antderground.com\/de\/produkt\/vertikales-ameisenfarm-t-mit-substrat\/","og_site_name":"ANTDERGROUND","article_modified_time":"2024-09-20T11:47:07+00:00","og_image":[{"width":1600,"height":1600,"url":"https:\/\/antderground.com\/wp-content\/uploads\/2024\/09\/hormiguero-version-T.jpg","type":"image\/jpeg"}],"twitter_card":"summary_large_image","twitter_misc":{"Gesch\u00e4tzte Lesezeit":"2\u00a0Minuten"},"schema":{"@context":"https:\/\/schema.org","@graph":[{"@type":"WebPage","@id":"https:\/\/antderground.com\/de\/produkt\/vertikales-ameisenfarm-t-mit-substrat\/","url":"https:\/\/antderground.com\/de\/produkt\/vertikales-ameisenfarm-t-mit-substrat\/","name":"Vertikales Ameisenfarm T (mit Substrat) | Myrmekologie - ANTDERGROUND","isPartOf":{"@id":"https:\/\/antderground.com\/de\/#website"},"primaryImageOfPage":{"@id":"https:\/\/antderground.com\/de\/produkt\/vertikales-ameisenfarm-t-mit-substrat\/#primaryimage"},"image":{"@id":"https:\/\/antderground.com\/de\/produkt\/vertikales-ameisenfarm-t-mit-substrat\/#primaryimage"},"thumbnailUrl":"https:\/\/antderground.com\/wp-content\/uploads\/2024\/09\/hormiguero-version-T.jpg","datePublished":"2024-09-20T09:28:46+00:00","dateModified":"2024-09-20T11:47:07+00:00","description":"Vertikale Ameisenfarm im T-Format mit Substrat und Futterzone. Kompaktes Design, ideal f\u00fcr das Wachstum und die Beobachtung von Ameisen. Kaufe deine vertikale Ameisenfarm.","breadcrumb":{"@id":"https:\/\/antderground.com\/de\/produkt\/vertikales-ameisenfarm-t-mit-substrat\/#breadcrumb"},"inLanguage":"de","potentialAction":[{"@type":"ReadAction","target":["https:\/\/antderground.com\/de\/produkt\/vertikales-ameisenfarm-t-mit-substrat\/"]}]},{"@type":"ImageObject","inLanguage":"de","@id":"https:\/\/antderground.com\/de\/produkt\/vertikales-ameisenfarm-t-mit-substrat\/#primaryimage","url":"https:\/\/antderground.com\/wp-content\/uploads\/2024\/09\/hormiguero-version-T.jpg","contentUrl":"https:\/\/antderground.com\/wp-content\/uploads\/2024\/09\/hormiguero-version-T.jpg","width":1600,"height":1600,"caption":"Vertikales Ameisenfarm T (mit Substrat)"},{"@type":"BreadcrumbList","@id":"https:\/\/antderground.com\/de\/produkt\/vertikales-ameisenfarm-t-mit-substrat\/#breadcrumb","itemListElement":[{"@type":"ListItem","position":1,"name":"Portada","item":"https:\/\/antderground.com\/de\/"},{"@type":"ListItem","position":2,"name":"Shop","item":"https:\/\/antderground.com\/de\/shop\/"},{"@type":"ListItem","position":3,"name":"Vertikales Ameisenfarm T (mit Substrat)"}]},{"@type":"WebSite","@id":"https:\/\/antderground.com\/de\/#website","url":"https:\/\/antderground.com\/de\/","name":"ANTDERGROUND","description":"Tu tienda de hormigas, gran variedad de hormigueros acr\u00edlicos,madera,arena,3D y mas.. Pide tus hormigas gratis con tu pedido, somos expertos en hormigueros antifugas.","publisher":{"@id":"https:\/\/antderground.com\/de\/#\/schema\/person\/0e322c505e84fe72c65e2f6d08f96b81"},"alternateName":"Antderground","potentialAction":[{"@type":"SearchAction","target":{"@type":"EntryPoint","urlTemplate":"https:\/\/antderground.com\/de\/?s={search_term_string}"},"query-input":{"@type":"PropertyValueSpecification","valueRequired":true,"valueName":"search_term_string"}}],"inLanguage":"de"},{"@type":["Person","Organization"],"@id":"https:\/\/antderground.com\/de\/#\/schema\/person\/0e322c505e84fe72c65e2f6d08f96b81","name":"Eric de Antderground","image":{"@type":"ImageObject","inLanguage":"de","@id":"https:\/\/secure.gravatar.com\/avatar\/c49a1b9f79216d1498cb73c1e85cd47f4465dda35f2a94c03790d491bd4423c3?s=96&d=mm&r=g","url":"https:\/\/secure.gravatar.com\/avatar\/c49a1b9f79216d1498cb73c1e85cd47f4465dda35f2a94c03790d491bd4423c3?s=96&d=mm&r=g","contentUrl":"https:\/\/secure.gravatar.com\/avatar\/c49a1b9f79216d1498cb73c1e85cd47f4465dda35f2a94c03790d491bd4423c3?s=96&d=mm&r=g","caption":"Eric de Antderground"},"logo":{"@id":"https:\/\/secure.gravatar.com\/avatar\/c49a1b9f79216d1498cb73c1e85cd47f4465dda35f2a94c03790d491bd4423c3?s=96&d=mm&r=g"},"description":"Eric es el especialista y fundador de Antderground, con una amplia trayectoria en artr\u00f3podos y enfocado en la mirmecolog\u00eda y el dise\u00f1o de hormigueros artificiales. Su enfoque combina la innovaci\u00f3n t\u00e9cnica con el respeto por la biolog\u00eda de las hormigas, is\u00f3podos y otros, desarrollando sistemas de nidos modulares 3D y acr\u00edlicos que son referentes para aficionados y profesionales en toda Europa. Su objetivo es facilitar la cr\u00eda de hormigas y otros artr\u00f3podos mediante soluciones seguras y divulgaci\u00f3n de calidad.","sameAs":["https:\/\/antderground.com\/","https:\/\/www.youtube.com\/channel\/UCio72z7TlbufkAthAJIJfPw"]}]}},"_links":{"self":[{"href":"https:\/\/antderground.com\/de\/wp-json\/wp\/v2\/product\/36558","targetHints":{"allow":["GET"]}}],"collection":[{"href":"https:\/\/antderground.com\/de\/wp-json\/wp\/v2\/product"}],"about":[{"href":"https:\/\/antderground.com\/de\/wp-json\/wp\/v2\/types\/product"}],"version-history":[{"count":0,"href":"https:\/\/antderground.com\/de\/wp-json\/wp\/v2\/product\/36558\/revisions"}],"wp:featuredmedia":[{"embeddable":true,"href":"https:\/\/antderground.com\/de\/wp-json\/wp\/v2\/media\/36551"}],"wp:attachment":[{"href":"https:\/\/antderground.com\/de\/wp-json\/wp\/v2\/media?parent=36558"}],"wp:term":[{"taxonomy":"product_brand","embeddable":true,"href":"https:\/\/antderground.com\/de\/wp-json\/wp\/v2\/product_brand?post=36558"},{"taxonomy":"product_cat","embeddable":true,"href":"https:\/\/antderground.com\/de\/wp-json\/wp\/v2\/product_cat?post=36558"},{"taxonomy":"product_tag","embeddable":true,"href":"https:\/\/antderground.com\/de\/wp-json\/wp\/v2\/product_tag?post=36558"}],"curies":[{"name":"wp","href":"https:\/\/api.w.org\/{rel}","templated":true}]}}