{"id":37213,"date":"2024-09-28T22:04:36","date_gmt":"2024-09-28T20:04:36","guid":{"rendered":"https:\/\/www.antderground.com\/producto\/exo-terra-glasterrarium-paludarium-verschiedene-groessen\/"},"modified":"2024-09-28T22:04:36","modified_gmt":"2024-09-28T20:04:36","slug":"exo-terra-glasterrarium-paludarium-verschiedene-groessen","status":"publish","type":"product","link":"https:\/\/antderground.com\/de\/produkt\/exo-terra-glasterrarium-paludarium-verschiedene-groessen\/","title":{"rendered":"Exo Terra Glasterrarium Paludarium (verschiedene Gr\u00f6\u00dfen)"},"content":{"rendered":"<h2><strong>Exo Terra Paludarium: Komplettes Semi-Aquatisches Habitat<\/strong><\/h2>\n<p>Das Exo Terra Paludarium kombiniert Aquarium und Terrarium und simuliert eine tropische, sumpfige oder bach\u00e4hnliche Umgebung. Das hohe Frontglasdesign erm\u00f6glicht einen h\u00f6heren Wasserstand und bietet Platz f\u00fcr aquatische und terrestrische Arten. Es ist ideal f\u00fcr die Fortpflanzung, Entwicklung und Gesundheit verschiedener Tier- und Pflanzenarten.<\/p>\n<h4>Hauptmerkmale:<\/h4>\n<ul>\n<li>Komplett verglastes Aqua-Terrarium<\/li>\n<li>Extra tiefer, wasserdichter Boden<\/li>\n<li>Ideal f\u00fcr Bachbewohner<\/li>\n<li>Schafft ein Regenwald-, Sumpf- oder Flusshabitat<\/li>\n<li>Perfekt zur Installation eines biologischen Filtersystems<\/li>\n<li>Mit dekorativer Wurzelr\u00fcckwand<\/li>\n<li>Doppelt\u00fcrige Front f\u00fcr ausbruchsicheren Zugang<\/li>\n<li>Einzigartige Bel\u00fcftung im vorderen Fenster<\/li>\n<li>Verschlie\u00dfbare Einl\u00e4sse f\u00fcr Kabel und\/oder Schl\u00e4uche<\/li>\n<li>Die vordere untere Blende des Paludariums ist etwa 27 cm hoch<\/li>\n<\/ul>\n<h3>Das bewohnbare Gebiet des Paludariums ist in drei Hauptzonen unterteilt:<\/h3>\n<p><strong>Landzone<\/strong><br \/>\nDie Landzone ist ein trockenes Gebiet, das Pflanzen, Str\u00e4ucher, B\u00e4ume und Felsen enth\u00e4lt und immer au\u00dferhalb des Wassers bleibt. In tropischen Regionen ist es der Lebensraum verschiedener wirbelloser Tiere, Reptilien und Amphibien.<\/p>\n<p><strong>Uferzone<\/strong><br \/>\nDie Uferzone oder Flussrand ist der Treffpunkt zwischen Wasser und Land. In dieser Zone leben semi-aquatische Reptilien und Amphibien.<\/p>\n<p><strong>Aquatische Zone<\/strong><br \/>\nDie aquatische Zone kann einen Bach, Teich oder See darstellen und ist der ideale Bereich f\u00fcr Schildkr\u00f6ten, Wasseramphibien, Fische und S\u00fc\u00dfwassergarnelen. Dank des <em>ca. 27 cm hohen vorderen Unterpanels<\/em> kann in diesem Bereich ein gr\u00f6\u00dferes Wasservolumen aufrechterhalten werden.<\/p>\n<table border=\"3\">\n<tbody>\n<tr>\n<td style=\"text-align: center;\"><strong>Modell<\/strong><\/td>\n<td style=\"text-align: center;\"><strong>Mini X-Tall<\/strong><\/td>\n<td style=\"text-align: center;\"><strong>Klein X-Tall<\/strong><\/td>\n<td style=\"text-align: center;\"><strong>Mittel X-Tall<\/strong><\/td>\n<td style=\"text-align: center;\"><strong>Gro\u00df X-Tall<\/strong><\/td>\n<\/tr>\n<tr>\n<td style=\"text-align: center;\">Gesch\u00e4tztes Volumen der aquatischen Zone<\/td>\n<td style=\"text-align: center;\">24 Liter<\/td>\n<td style=\"text-align: center;\">54 Liter<\/td>\n<td style=\"text-align: center;\">72 Liter<\/td>\n<td style=\"text-align: center;\">109 Liter<\/td>\n<\/tr>\n<\/tbody>\n<\/table>\n<p><strong>Dekorative Wurzelr\u00fcckwand<\/strong><br \/>\nDie dekorative R\u00fcckwand mit Wurzeldesign bietet den Bewohnern des Paludariums mehr Kletterm\u00f6glichkeiten und simuliert die nat\u00fcrliche Umgebung der Wurzeln eines Bengal-Feigenbaums. Dieser erweiterte dreidimensionale Raum schafft einen idealen Lebensraum f\u00fcr verschiedene baumbewohnende Arten wie Baumboas und Baumpythons, Taggeckos, Blattschwanzgeckos, Tokay-Geckos, Baumfr\u00f6sche und andere.<\/p>\n<h2>Technische Spezifikationen und Gr\u00f6\u00dfen<\/h2>\n<table border=\"3\">\n<tbody>\n<tr>\n<td><strong>Beschreibung<\/strong><\/td>\n<td><strong>Abmessungen (B x T x H)<\/strong><\/td>\n<td><strong>Volumen der aquatischen Zone (ca.)<\/strong><\/td>\n<\/tr>\n<tr>\n<td>Mini X-Tall<\/td>\n<td>30 x 30 x 60 cm<\/td>\n<td>24 Liter<\/td>\n<\/tr>\n<tr>\n<td>Klein X-Tall<\/td>\n<td>45 x 45 x 90 cm<\/td>\n<td>54 Liter<\/td>\n<\/tr>\n<tr>\n<td>Mittel X-Tall<\/td>\n<td>60 x 45 x 60 cm<\/td>\n<td>72 Liter<\/td>\n<\/tr>\n<tr>\n<td>Gro\u00df X-Tall<\/td>\n<td>90 x 45 x 90 cm<\/td>\n<td>109 Liter<\/td>\n<\/tr>\n<\/tbody>\n<\/table>\n","protected":false},"excerpt":{"rendered":"<p>Das Paludarium von Exo Terra bietet das Beste aus beiden Umgebungen, mit einem extra hohen Frontglas an der Unterseite, das einen h\u00f6heren Wasserstand als herk\u00f6mmliche Terrarien erm\u00f6glicht. Dies erm\u00f6glicht die Einbindung eines umfangreichen Wasserbereichs, in dem sowohl Wassertiere als auch Pflanzen gehalten werden k\u00f6nnen und der den Land- oder Terrarienbereich perfekt erg\u00e4nzt.<\/p>\n<p><strong>**Dieses Produkt wird direkt ab Werk versandt. Die Lieferzeit betr\u00e4gt voraussichtlich 3 bis 7 Werktage.<\/strong><\/p>\n","protected":false},"featured_media":36783,"template":"","meta":[],"product_brand":[],"product_cat":[527],"product_tag":[],"class_list":{"0":"post-37213","1":"product","2":"type-product","3":"status-publish","4":"has-post-thumbnail","6":"product_cat-terrarien","8":"first","9":"instock","10":"shipping-taxable","11":"purchasable","12":"product-type-variable"},"yoast_head":"<!-- This site is optimized with the Yoast SEO plugin v27.3 - https:\/\/yoast.com\/product\/yoast-seo-wordpress\/ -->\n<title>Exo Terra Glasterrarium Paludarium (verschiedene Gr\u00f6\u00dfen) - ANTDERGROUND<\/title>\n<meta name=\"description\" content=\"Entdecken Sie das Exo Terra Paludario, einen semi-aquatischen Lebensraum, der Aquarium und Terrarium kombiniert und sich ideal f\u00fcr Wasser- und Landarten eignet.\" \/>\n<meta name=\"robots\" content=\"index, follow, max-snippet:-1, max-image-preview:large, max-video-preview:-1\" \/>\n<link rel=\"canonical\" href=\"https:\/\/antderground.com\/de\/produkt\/exo-terra-glasterrarium-paludarium-verschiedene-groessen\/\" \/>\n<meta property=\"og:locale\" content=\"de_DE\" \/>\n<meta property=\"og:type\" content=\"article\" \/>\n<meta property=\"og:title\" content=\"Exo Terra Glasterrarium Paludarium (verschiedene Gr\u00f6\u00dfen) - ANTDERGROUND\" \/>\n<meta property=\"og:description\" content=\"Entdecken Sie das Exo Terra Paludario, einen semi-aquatischen Lebensraum, der Aquarium und Terrarium kombiniert und sich ideal f\u00fcr Wasser- und Landarten eignet.\" \/>\n<meta property=\"og:url\" content=\"https:\/\/antderground.com\/de\/produkt\/exo-terra-glasterrarium-paludarium-verschiedene-groessen\/\" \/>\n<meta property=\"og:site_name\" content=\"ANTDERGROUND\" \/>\n<meta property=\"og:image\" content=\"https:\/\/antderground.com\/wp-content\/uploads\/2024\/09\/paludarium-terrario-de-cristal-exo-terra-pequeno.jpg\" \/>\n\t<meta property=\"og:image:width\" content=\"800\" \/>\n\t<meta property=\"og:image:height\" content=\"800\" \/>\n\t<meta property=\"og:image:type\" content=\"image\/jpeg\" \/>\n<meta name=\"twitter:card\" content=\"summary_large_image\" \/>\n<meta name=\"twitter:label1\" content=\"Gesch\u00e4tzte Lesezeit\" \/>\n\t<meta name=\"twitter:data1\" content=\"2\u00a0Minuten\" \/>\n<script type=\"application\/ld+json\" class=\"yoast-schema-graph\">{\"@context\":\"https:\\\/\\\/schema.org\",\"@graph\":[{\"@type\":\"WebPage\",\"@id\":\"https:\\\/\\\/antderground.com\\\/de\\\/produkt\\\/exo-terra-glasterrarium-paludarium-verschiedene-groessen\\\/\",\"url\":\"https:\\\/\\\/antderground.com\\\/de\\\/produkt\\\/exo-terra-glasterrarium-paludarium-verschiedene-groessen\\\/\",\"name\":\"Exo Terra Glasterrarium Paludarium (verschiedene Gr\u00f6\u00dfen) - ANTDERGROUND\",\"isPartOf\":{\"@id\":\"https:\\\/\\\/antderground.com\\\/de\\\/#website\"},\"primaryImageOfPage\":{\"@id\":\"https:\\\/\\\/antderground.com\\\/de\\\/produkt\\\/exo-terra-glasterrarium-paludarium-verschiedene-groessen\\\/#primaryimage\"},\"image\":{\"@id\":\"https:\\\/\\\/antderground.com\\\/de\\\/produkt\\\/exo-terra-glasterrarium-paludarium-verschiedene-groessen\\\/#primaryimage\"},\"thumbnailUrl\":\"https:\\\/\\\/antderground.com\\\/wp-content\\\/uploads\\\/2024\\\/09\\\/paludarium-terrario-de-cristal-exo-terra-pequeno.jpg\",\"datePublished\":\"2024-09-28T20:04:36+00:00\",\"description\":\"Entdecken Sie das Exo Terra Paludario, einen semi-aquatischen Lebensraum, der Aquarium und Terrarium kombiniert und sich ideal f\u00fcr Wasser- und Landarten eignet.\",\"breadcrumb\":{\"@id\":\"https:\\\/\\\/antderground.com\\\/de\\\/produkt\\\/exo-terra-glasterrarium-paludarium-verschiedene-groessen\\\/#breadcrumb\"},\"inLanguage\":\"de\",\"potentialAction\":[{\"@type\":\"ReadAction\",\"target\":[\"https:\\\/\\\/antderground.com\\\/de\\\/produkt\\\/exo-terra-glasterrarium-paludarium-verschiedene-groessen\\\/\"]}]},{\"@type\":\"ImageObject\",\"inLanguage\":\"de\",\"@id\":\"https:\\\/\\\/antderground.com\\\/de\\\/produkt\\\/exo-terra-glasterrarium-paludarium-verschiedene-groessen\\\/#primaryimage\",\"url\":\"https:\\\/\\\/antderground.com\\\/wp-content\\\/uploads\\\/2024\\\/09\\\/paludarium-terrario-de-cristal-exo-terra-pequeno.jpg\",\"contentUrl\":\"https:\\\/\\\/antderground.com\\\/wp-content\\\/uploads\\\/2024\\\/09\\\/paludarium-terrario-de-cristal-exo-terra-pequeno.jpg\",\"width\":800,\"height\":800},{\"@type\":\"BreadcrumbList\",\"@id\":\"https:\\\/\\\/antderground.com\\\/de\\\/produkt\\\/exo-terra-glasterrarium-paludarium-verschiedene-groessen\\\/#breadcrumb\",\"itemListElement\":[{\"@type\":\"ListItem\",\"position\":1,\"name\":\"Portada\",\"item\":\"https:\\\/\\\/antderground.com\\\/de\\\/\"},{\"@type\":\"ListItem\",\"position\":2,\"name\":\"Shop\",\"item\":\"https:\\\/\\\/antderground.com\\\/de\\\/shop\\\/\"},{\"@type\":\"ListItem\",\"position\":3,\"name\":\"Exo Terra Glasterrarium Paludarium (verschiedene Gr\u00f6\u00dfen)\"}]},{\"@type\":\"WebSite\",\"@id\":\"https:\\\/\\\/antderground.com\\\/de\\\/#website\",\"url\":\"https:\\\/\\\/antderground.com\\\/de\\\/\",\"name\":\"ANTDERGROUND\",\"description\":\"Tu tienda de hormigas, gran variedad de hormigueros acr\u00edlicos,madera,arena,3D y mas.. Pide tus hormigas gratis con tu pedido, somos expertos en hormigueros antifugas.\",\"publisher\":{\"@id\":\"https:\\\/\\\/antderground.com\\\/de\\\/#\\\/schema\\\/person\\\/0e322c505e84fe72c65e2f6d08f96b81\"},\"alternateName\":\"Antderground\",\"potentialAction\":[{\"@type\":\"SearchAction\",\"target\":{\"@type\":\"EntryPoint\",\"urlTemplate\":\"https:\\\/\\\/antderground.com\\\/de\\\/?s={search_term_string}\"},\"query-input\":{\"@type\":\"PropertyValueSpecification\",\"valueRequired\":true,\"valueName\":\"search_term_string\"}}],\"inLanguage\":\"de\"},{\"@type\":[\"Person\",\"Organization\"],\"@id\":\"https:\\\/\\\/antderground.com\\\/de\\\/#\\\/schema\\\/person\\\/0e322c505e84fe72c65e2f6d08f96b81\",\"name\":\"Eric de Antderground\",\"image\":{\"@type\":\"ImageObject\",\"inLanguage\":\"de\",\"@id\":\"https:\\\/\\\/secure.gravatar.com\\\/avatar\\\/c49a1b9f79216d1498cb73c1e85cd47f4465dda35f2a94c03790d491bd4423c3?s=96&d=mm&r=g\",\"url\":\"https:\\\/\\\/secure.gravatar.com\\\/avatar\\\/c49a1b9f79216d1498cb73c1e85cd47f4465dda35f2a94c03790d491bd4423c3?s=96&d=mm&r=g\",\"contentUrl\":\"https:\\\/\\\/secure.gravatar.com\\\/avatar\\\/c49a1b9f79216d1498cb73c1e85cd47f4465dda35f2a94c03790d491bd4423c3?s=96&d=mm&r=g\",\"caption\":\"Eric de Antderground\"},\"logo\":{\"@id\":\"https:\\\/\\\/secure.gravatar.com\\\/avatar\\\/c49a1b9f79216d1498cb73c1e85cd47f4465dda35f2a94c03790d491bd4423c3?s=96&d=mm&r=g\"},\"description\":\"Eric es el especialista y fundador de Antderground, con una amplia trayectoria en artr\u00f3podos y enfocado en la mirmecolog\u00eda y el dise\u00f1o de hormigueros artificiales. Su enfoque combina la innovaci\u00f3n t\u00e9cnica con el respeto por la biolog\u00eda de las hormigas, is\u00f3podos y otros, desarrollando sistemas de nidos modulares 3D y acr\u00edlicos que son referentes para aficionados y profesionales en toda Europa. Su objetivo es facilitar la cr\u00eda de hormigas y otros artr\u00f3podos mediante soluciones seguras y divulgaci\u00f3n de calidad.\",\"sameAs\":[\"https:\\\/\\\/antderground.com\\\/\",\"https:\\\/\\\/www.youtube.com\\\/channel\\\/UCio72z7TlbufkAthAJIJfPw\"]}]}<\/script>\n<!-- \/ Yoast SEO plugin. -->","yoast_head_json":{"title":"Exo Terra Glasterrarium Paludarium (verschiedene Gr\u00f6\u00dfen) - ANTDERGROUND","description":"Entdecken Sie das Exo Terra Paludario, einen semi-aquatischen Lebensraum, der Aquarium und Terrarium kombiniert und sich ideal f\u00fcr Wasser- und Landarten eignet.","robots":{"index":"index","follow":"follow","max-snippet":"max-snippet:-1","max-image-preview":"max-image-preview:large","max-video-preview":"max-video-preview:-1"},"canonical":"https:\/\/antderground.com\/de\/produkt\/exo-terra-glasterrarium-paludarium-verschiedene-groessen\/","og_locale":"de_DE","og_type":"article","og_title":"Exo Terra Glasterrarium Paludarium (verschiedene Gr\u00f6\u00dfen) - ANTDERGROUND","og_description":"Entdecken Sie das Exo Terra Paludario, einen semi-aquatischen Lebensraum, der Aquarium und Terrarium kombiniert und sich ideal f\u00fcr Wasser- und Landarten eignet.","og_url":"https:\/\/antderground.com\/de\/produkt\/exo-terra-glasterrarium-paludarium-verschiedene-groessen\/","og_site_name":"ANTDERGROUND","og_image":[{"width":800,"height":800,"url":"https:\/\/antderground.com\/wp-content\/uploads\/2024\/09\/paludarium-terrario-de-cristal-exo-terra-pequeno.jpg","type":"image\/jpeg"}],"twitter_card":"summary_large_image","twitter_misc":{"Gesch\u00e4tzte Lesezeit":"2\u00a0Minuten"},"schema":{"@context":"https:\/\/schema.org","@graph":[{"@type":"WebPage","@id":"https:\/\/antderground.com\/de\/produkt\/exo-terra-glasterrarium-paludarium-verschiedene-groessen\/","url":"https:\/\/antderground.com\/de\/produkt\/exo-terra-glasterrarium-paludarium-verschiedene-groessen\/","name":"Exo Terra Glasterrarium Paludarium (verschiedene Gr\u00f6\u00dfen) - ANTDERGROUND","isPartOf":{"@id":"https:\/\/antderground.com\/de\/#website"},"primaryImageOfPage":{"@id":"https:\/\/antderground.com\/de\/produkt\/exo-terra-glasterrarium-paludarium-verschiedene-groessen\/#primaryimage"},"image":{"@id":"https:\/\/antderground.com\/de\/produkt\/exo-terra-glasterrarium-paludarium-verschiedene-groessen\/#primaryimage"},"thumbnailUrl":"https:\/\/antderground.com\/wp-content\/uploads\/2024\/09\/paludarium-terrario-de-cristal-exo-terra-pequeno.jpg","datePublished":"2024-09-28T20:04:36+00:00","description":"Entdecken Sie das Exo Terra Paludario, einen semi-aquatischen Lebensraum, der Aquarium und Terrarium kombiniert und sich ideal f\u00fcr Wasser- und Landarten eignet.","breadcrumb":{"@id":"https:\/\/antderground.com\/de\/produkt\/exo-terra-glasterrarium-paludarium-verschiedene-groessen\/#breadcrumb"},"inLanguage":"de","potentialAction":[{"@type":"ReadAction","target":["https:\/\/antderground.com\/de\/produkt\/exo-terra-glasterrarium-paludarium-verschiedene-groessen\/"]}]},{"@type":"ImageObject","inLanguage":"de","@id":"https:\/\/antderground.com\/de\/produkt\/exo-terra-glasterrarium-paludarium-verschiedene-groessen\/#primaryimage","url":"https:\/\/antderground.com\/wp-content\/uploads\/2024\/09\/paludarium-terrario-de-cristal-exo-terra-pequeno.jpg","contentUrl":"https:\/\/antderground.com\/wp-content\/uploads\/2024\/09\/paludarium-terrario-de-cristal-exo-terra-pequeno.jpg","width":800,"height":800},{"@type":"BreadcrumbList","@id":"https:\/\/antderground.com\/de\/produkt\/exo-terra-glasterrarium-paludarium-verschiedene-groessen\/#breadcrumb","itemListElement":[{"@type":"ListItem","position":1,"name":"Portada","item":"https:\/\/antderground.com\/de\/"},{"@type":"ListItem","position":2,"name":"Shop","item":"https:\/\/antderground.com\/de\/shop\/"},{"@type":"ListItem","position":3,"name":"Exo Terra Glasterrarium Paludarium (verschiedene Gr\u00f6\u00dfen)"}]},{"@type":"WebSite","@id":"https:\/\/antderground.com\/de\/#website","url":"https:\/\/antderground.com\/de\/","name":"ANTDERGROUND","description":"Tu tienda de hormigas, gran variedad de hormigueros acr\u00edlicos,madera,arena,3D y mas.. Pide tus hormigas gratis con tu pedido, somos expertos en hormigueros antifugas.","publisher":{"@id":"https:\/\/antderground.com\/de\/#\/schema\/person\/0e322c505e84fe72c65e2f6d08f96b81"},"alternateName":"Antderground","potentialAction":[{"@type":"SearchAction","target":{"@type":"EntryPoint","urlTemplate":"https:\/\/antderground.com\/de\/?s={search_term_string}"},"query-input":{"@type":"PropertyValueSpecification","valueRequired":true,"valueName":"search_term_string"}}],"inLanguage":"de"},{"@type":["Person","Organization"],"@id":"https:\/\/antderground.com\/de\/#\/schema\/person\/0e322c505e84fe72c65e2f6d08f96b81","name":"Eric de Antderground","image":{"@type":"ImageObject","inLanguage":"de","@id":"https:\/\/secure.gravatar.com\/avatar\/c49a1b9f79216d1498cb73c1e85cd47f4465dda35f2a94c03790d491bd4423c3?s=96&d=mm&r=g","url":"https:\/\/secure.gravatar.com\/avatar\/c49a1b9f79216d1498cb73c1e85cd47f4465dda35f2a94c03790d491bd4423c3?s=96&d=mm&r=g","contentUrl":"https:\/\/secure.gravatar.com\/avatar\/c49a1b9f79216d1498cb73c1e85cd47f4465dda35f2a94c03790d491bd4423c3?s=96&d=mm&r=g","caption":"Eric de Antderground"},"logo":{"@id":"https:\/\/secure.gravatar.com\/avatar\/c49a1b9f79216d1498cb73c1e85cd47f4465dda35f2a94c03790d491bd4423c3?s=96&d=mm&r=g"},"description":"Eric es el especialista y fundador de Antderground, con una amplia trayectoria en artr\u00f3podos y enfocado en la mirmecolog\u00eda y el dise\u00f1o de hormigueros artificiales. Su enfoque combina la innovaci\u00f3n t\u00e9cnica con el respeto por la biolog\u00eda de las hormigas, is\u00f3podos y otros, desarrollando sistemas de nidos modulares 3D y acr\u00edlicos que son referentes para aficionados y profesionales en toda Europa. Su objetivo es facilitar la cr\u00eda de hormigas y otros artr\u00f3podos mediante soluciones seguras y divulgaci\u00f3n de calidad.","sameAs":["https:\/\/antderground.com\/","https:\/\/www.youtube.com\/channel\/UCio72z7TlbufkAthAJIJfPw"]}]}},"_links":{"self":[{"href":"https:\/\/antderground.com\/de\/wp-json\/wp\/v2\/product\/37213","targetHints":{"allow":["GET"]}}],"collection":[{"href":"https:\/\/antderground.com\/de\/wp-json\/wp\/v2\/product"}],"about":[{"href":"https:\/\/antderground.com\/de\/wp-json\/wp\/v2\/types\/product"}],"version-history":[{"count":0,"href":"https:\/\/antderground.com\/de\/wp-json\/wp\/v2\/product\/37213\/revisions"}],"wp:featuredmedia":[{"embeddable":true,"href":"https:\/\/antderground.com\/de\/wp-json\/wp\/v2\/media\/36783"}],"wp:attachment":[{"href":"https:\/\/antderground.com\/de\/wp-json\/wp\/v2\/media?parent=37213"}],"wp:term":[{"taxonomy":"product_brand","embeddable":true,"href":"https:\/\/antderground.com\/de\/wp-json\/wp\/v2\/product_brand?post=37213"},{"taxonomy":"product_cat","embeddable":true,"href":"https:\/\/antderground.com\/de\/wp-json\/wp\/v2\/product_cat?post=37213"},{"taxonomy":"product_tag","embeddable":true,"href":"https:\/\/antderground.com\/de\/wp-json\/wp\/v2\/product_tag?post=37213"}],"curies":[{"name":"wp","href":"https:\/\/api.w.org\/{rel}","templated":true}]}}