{"id":37685,"date":"2024-10-25T12:33:01","date_gmt":"2024-10-25T10:33:01","guid":{"rendered":"https:\/\/www.antderground.com\/producto\/glasbehaelter-4l-mit-korkverschluss\/"},"modified":"2024-10-25T12:33:01","modified_gmt":"2024-10-25T10:33:01","slug":"glasbehaelter-4l-mit-korkverschluss","status":"publish","type":"product","link":"https:\/\/antderground.com\/de\/produkt\/glasbehaelter-4l-mit-korkverschluss\/","title":{"rendered":"Glasbeh\u00e4lter (4l) mit Korkverschluss"},"content":{"rendered":"<h3><strong>Glasbeh\u00e4lter mit Korkverschluss (4L)<\/strong><\/h3>\n<p><strong>Produktbeschreibung<\/strong><br \/>\nDieser elegante Glasbeh\u00e4lter mit Korkverschluss ist perfekt f\u00fcr alle, die ihr eigenes ewiges Terrarium oder einen idealen Lebensraum f\u00fcr Isopoden schaffen m\u00f6chten. Sein ansprechendes Design macht ihn zu einem vielseitigen dekorativen Element, das in jeden Raum passt.<\/p>\n<p><strong>Eigenschaften<\/strong><\/p>\n<ul>\n<li><strong>H\u00f6he:<\/strong> 25 cm<\/li>\n<li><strong>Breite:<\/strong> 16 cm<\/li>\n<li><strong>Kapazit\u00e4t:<\/strong> 4 Liter<\/li>\n<\/ul>\n<p><strong>Vielseitige Anwendungen<\/strong><br \/>\nNeben der Verwendung f\u00fcr Terrarien kann dieser Beh\u00e4lter auch zum Aufbewahren verschiedener Gegenst\u00e4nde genutzt werden, von Gew\u00fcrzen bis hin zu kleinen Alltagsartikeln. Seine \u00c4sthetik und Funktionalit\u00e4t machen ihn zu einer idealen Erg\u00e4nzung f\u00fcr dein Zuhause. Entdecke die Vielseitigkeit dieses sch\u00f6nen Beh\u00e4lters und verleih deiner Dekoration eine besondere Note!<\/p>\n","protected":false},"excerpt":{"rendered":"<p>Verwandle deinen Raum mit diesem charmanten Glasbeh\u00e4lter und Korkverschluss. Ideal f\u00fcr ein ewiges Terrarium oder ein Zuhause f\u00fcr Isopoden, erlaubt dir sein sch\u00f6nes Design auch, ihn zur Aufbewahrung beliebiger Gegenst\u00e4nde zu nutzen. Verleihe deiner Dekoration eine besondere Note!<\/p>\n<p><strong>Eigenschaften<\/strong><\/p>\n<ul>\n<li><strong>H\u00f6he:<\/strong> 25 cm<\/li>\n<li><strong>Breite:<\/strong> 16 cm<\/li>\n<li><strong>Kapazit\u00e4t:<\/strong> 4 Liter<\/li>\n<li><strong>Material:<\/strong> Glas<\/li>\n<li><strong>Verschluss:<\/strong> Korkverschluss<\/li>\n<\/ul>\n","protected":false},"featured_media":37569,"template":"","meta":[],"product_brand":[],"product_cat":[624],"product_tag":[],"class_list":{"0":"post-37685","1":"product","2":"type-product","3":"status-publish","4":"has-post-thumbnail","6":"product_cat-ewige-terrarien","8":"first","9":"instock","10":"shipping-taxable","11":"purchasable","12":"product-type-simple"},"yoast_head":"<!-- This site is optimized with the Yoast SEO plugin v27.4 - https:\/\/yoast.com\/product\/yoast-seo-wordpress\/ -->\n<title>Glasbeh\u00e4lter (4l) mit Korkverschluss - ANTDERGROUND<\/title>\n<meta name=\"description\" content=\"Glasbeh\u00e4lter mit Korkverschluss, ideal f\u00fcr ewige Terrarien und Isopoden. Auch perfekt f\u00fcr die Aufbewahrung und elegante Dekoration.\" \/>\n<meta name=\"robots\" content=\"index, follow, max-snippet:-1, max-image-preview:large, max-video-preview:-1\" \/>\n<link rel=\"canonical\" href=\"https:\/\/antderground.com\/de\/produkt\/glasbehaelter-4l-mit-korkverschluss\/\" \/>\n<meta property=\"og:locale\" content=\"de_DE\" \/>\n<meta property=\"og:type\" content=\"article\" \/>\n<meta property=\"og:title\" content=\"Glasbeh\u00e4lter (4l) mit Korkverschluss - ANTDERGROUND\" \/>\n<meta property=\"og:description\" content=\"Glasbeh\u00e4lter mit Korkverschluss, ideal f\u00fcr ewige Terrarien und Isopoden. Auch perfekt f\u00fcr die Aufbewahrung und elegante Dekoration.\" \/>\n<meta property=\"og:url\" content=\"https:\/\/antderground.com\/de\/produkt\/glasbehaelter-4l-mit-korkverschluss\/\" \/>\n<meta property=\"og:site_name\" content=\"ANTDERGROUND\" \/>\n<meta property=\"og:image\" content=\"https:\/\/antderground.com\/wp-content\/uploads\/2024\/10\/Tarro-de-vidrio-4l-con-tapon-de-corcho.jpeg\" \/>\n\t<meta property=\"og:image:width\" content=\"1417\" \/>\n\t<meta property=\"og:image:height\" content=\"1417\" \/>\n\t<meta property=\"og:image:type\" content=\"image\/jpeg\" \/>\n<meta name=\"twitter:card\" content=\"summary_large_image\" \/>\n<meta name=\"twitter:label1\" content=\"Gesch\u00e4tzte Lesezeit\" \/>\n\t<meta name=\"twitter:data1\" content=\"1\u00a0Minute\" \/>\n<script type=\"application\/ld+json\" class=\"yoast-schema-graph\">{\"@context\":\"https:\\\/\\\/schema.org\",\"@graph\":[{\"@type\":\"WebPage\",\"@id\":\"https:\\\/\\\/antderground.com\\\/de\\\/produkt\\\/glasbehaelter-4l-mit-korkverschluss\\\/\",\"url\":\"https:\\\/\\\/antderground.com\\\/de\\\/produkt\\\/glasbehaelter-4l-mit-korkverschluss\\\/\",\"name\":\"Glasbeh\u00e4lter (4l) mit Korkverschluss - ANTDERGROUND\",\"isPartOf\":{\"@id\":\"https:\\\/\\\/antderground.com\\\/de\\\/#website\"},\"primaryImageOfPage\":{\"@id\":\"https:\\\/\\\/antderground.com\\\/de\\\/produkt\\\/glasbehaelter-4l-mit-korkverschluss\\\/#primaryimage\"},\"image\":{\"@id\":\"https:\\\/\\\/antderground.com\\\/de\\\/produkt\\\/glasbehaelter-4l-mit-korkverschluss\\\/#primaryimage\"},\"thumbnailUrl\":\"https:\\\/\\\/antderground.com\\\/wp-content\\\/uploads\\\/2024\\\/10\\\/Tarro-de-vidrio-4l-con-tapon-de-corcho.jpeg\",\"datePublished\":\"2024-10-25T10:33:01+00:00\",\"description\":\"Glasbeh\u00e4lter mit Korkverschluss, ideal f\u00fcr ewige Terrarien und Isopoden. Auch perfekt f\u00fcr die Aufbewahrung und elegante Dekoration.\",\"breadcrumb\":{\"@id\":\"https:\\\/\\\/antderground.com\\\/de\\\/produkt\\\/glasbehaelter-4l-mit-korkverschluss\\\/#breadcrumb\"},\"inLanguage\":\"de\",\"potentialAction\":[{\"@type\":\"ReadAction\",\"target\":[\"https:\\\/\\\/antderground.com\\\/de\\\/produkt\\\/glasbehaelter-4l-mit-korkverschluss\\\/\"]}]},{\"@type\":\"ImageObject\",\"inLanguage\":\"de\",\"@id\":\"https:\\\/\\\/antderground.com\\\/de\\\/produkt\\\/glasbehaelter-4l-mit-korkverschluss\\\/#primaryimage\",\"url\":\"https:\\\/\\\/antderground.com\\\/wp-content\\\/uploads\\\/2024\\\/10\\\/Tarro-de-vidrio-4l-con-tapon-de-corcho.jpeg\",\"contentUrl\":\"https:\\\/\\\/antderground.com\\\/wp-content\\\/uploads\\\/2024\\\/10\\\/Tarro-de-vidrio-4l-con-tapon-de-corcho.jpeg\",\"width\":1417,\"height\":1417,\"caption\":\"Glasbeh\u00e4lter (4l) mit Korkverschluss\"},{\"@type\":\"BreadcrumbList\",\"@id\":\"https:\\\/\\\/antderground.com\\\/de\\\/produkt\\\/glasbehaelter-4l-mit-korkverschluss\\\/#breadcrumb\",\"itemListElement\":[{\"@type\":\"ListItem\",\"position\":1,\"name\":\"Portada\",\"item\":\"https:\\\/\\\/antderground.com\\\/de\\\/\"},{\"@type\":\"ListItem\",\"position\":2,\"name\":\"Shop\",\"item\":\"https:\\\/\\\/antderground.com\\\/de\\\/shop\\\/\"},{\"@type\":\"ListItem\",\"position\":3,\"name\":\"Glasbeh\u00e4lter (4l) mit Korkverschluss\"}]},{\"@type\":\"WebSite\",\"@id\":\"https:\\\/\\\/antderground.com\\\/de\\\/#website\",\"url\":\"https:\\\/\\\/antderground.com\\\/de\\\/\",\"name\":\"ANTDERGROUND\",\"description\":\"Tu tienda de hormigas, gran variedad de hormigueros acr\u00edlicos,madera,arena,3D y mas.. Pide tus hormigas gratis con tu pedido, somos expertos en hormigueros antifugas.\",\"publisher\":{\"@id\":\"https:\\\/\\\/antderground.com\\\/de\\\/#\\\/schema\\\/person\\\/0e322c505e84fe72c65e2f6d08f96b81\"},\"alternateName\":\"Antderground\",\"potentialAction\":[{\"@type\":\"SearchAction\",\"target\":{\"@type\":\"EntryPoint\",\"urlTemplate\":\"https:\\\/\\\/antderground.com\\\/de\\\/?s={search_term_string}\"},\"query-input\":{\"@type\":\"PropertyValueSpecification\",\"valueRequired\":true,\"valueName\":\"search_term_string\"}}],\"inLanguage\":\"de\"},{\"@type\":[\"Person\",\"Organization\"],\"@id\":\"https:\\\/\\\/antderground.com\\\/de\\\/#\\\/schema\\\/person\\\/0e322c505e84fe72c65e2f6d08f96b81\",\"name\":\"Eric de Antderground\",\"image\":{\"@type\":\"ImageObject\",\"inLanguage\":\"de\",\"@id\":\"https:\\\/\\\/secure.gravatar.com\\\/avatar\\\/c49a1b9f79216d1498cb73c1e85cd47f4465dda35f2a94c03790d491bd4423c3?s=96&d=mm&r=g\",\"url\":\"https:\\\/\\\/secure.gravatar.com\\\/avatar\\\/c49a1b9f79216d1498cb73c1e85cd47f4465dda35f2a94c03790d491bd4423c3?s=96&d=mm&r=g\",\"contentUrl\":\"https:\\\/\\\/secure.gravatar.com\\\/avatar\\\/c49a1b9f79216d1498cb73c1e85cd47f4465dda35f2a94c03790d491bd4423c3?s=96&d=mm&r=g\",\"caption\":\"Eric de Antderground\"},\"logo\":{\"@id\":\"https:\\\/\\\/secure.gravatar.com\\\/avatar\\\/c49a1b9f79216d1498cb73c1e85cd47f4465dda35f2a94c03790d491bd4423c3?s=96&d=mm&r=g\"},\"description\":\"Eric es el especialista y fundador de Antderground, con una amplia trayectoria en artr\u00f3podos y enfocado en la mirmecolog\u00eda y el dise\u00f1o de hormigueros artificiales. Su enfoque combina la innovaci\u00f3n t\u00e9cnica con el respeto por la biolog\u00eda de las hormigas, is\u00f3podos y otros, desarrollando sistemas de nidos modulares 3D y acr\u00edlicos que son referentes para aficionados y profesionales en toda Europa. Su objetivo es facilitar la cr\u00eda de hormigas y otros artr\u00f3podos mediante soluciones seguras y divulgaci\u00f3n de calidad.\",\"sameAs\":[\"https:\\\/\\\/antderground.com\\\/\",\"https:\\\/\\\/www.youtube.com\\\/channel\\\/UCio72z7TlbufkAthAJIJfPw\"]}]}<\/script>\n<!-- \/ Yoast SEO plugin. -->","yoast_head_json":{"title":"Glasbeh\u00e4lter (4l) mit Korkverschluss - ANTDERGROUND","description":"Glasbeh\u00e4lter mit Korkverschluss, ideal f\u00fcr ewige Terrarien und Isopoden. Auch perfekt f\u00fcr die Aufbewahrung und elegante Dekoration.","robots":{"index":"index","follow":"follow","max-snippet":"max-snippet:-1","max-image-preview":"max-image-preview:large","max-video-preview":"max-video-preview:-1"},"canonical":"https:\/\/antderground.com\/de\/produkt\/glasbehaelter-4l-mit-korkverschluss\/","og_locale":"de_DE","og_type":"article","og_title":"Glasbeh\u00e4lter (4l) mit Korkverschluss - ANTDERGROUND","og_description":"Glasbeh\u00e4lter mit Korkverschluss, ideal f\u00fcr ewige Terrarien und Isopoden. Auch perfekt f\u00fcr die Aufbewahrung und elegante Dekoration.","og_url":"https:\/\/antderground.com\/de\/produkt\/glasbehaelter-4l-mit-korkverschluss\/","og_site_name":"ANTDERGROUND","og_image":[{"width":1417,"height":1417,"url":"https:\/\/antderground.com\/wp-content\/uploads\/2024\/10\/Tarro-de-vidrio-4l-con-tapon-de-corcho.jpeg","type":"image\/jpeg"}],"twitter_card":"summary_large_image","twitter_misc":{"Gesch\u00e4tzte Lesezeit":"1\u00a0Minute"},"schema":{"@context":"https:\/\/schema.org","@graph":[{"@type":"WebPage","@id":"https:\/\/antderground.com\/de\/produkt\/glasbehaelter-4l-mit-korkverschluss\/","url":"https:\/\/antderground.com\/de\/produkt\/glasbehaelter-4l-mit-korkverschluss\/","name":"Glasbeh\u00e4lter (4l) mit Korkverschluss - ANTDERGROUND","isPartOf":{"@id":"https:\/\/antderground.com\/de\/#website"},"primaryImageOfPage":{"@id":"https:\/\/antderground.com\/de\/produkt\/glasbehaelter-4l-mit-korkverschluss\/#primaryimage"},"image":{"@id":"https:\/\/antderground.com\/de\/produkt\/glasbehaelter-4l-mit-korkverschluss\/#primaryimage"},"thumbnailUrl":"https:\/\/antderground.com\/wp-content\/uploads\/2024\/10\/Tarro-de-vidrio-4l-con-tapon-de-corcho.jpeg","datePublished":"2024-10-25T10:33:01+00:00","description":"Glasbeh\u00e4lter mit Korkverschluss, ideal f\u00fcr ewige Terrarien und Isopoden. Auch perfekt f\u00fcr die Aufbewahrung und elegante Dekoration.","breadcrumb":{"@id":"https:\/\/antderground.com\/de\/produkt\/glasbehaelter-4l-mit-korkverschluss\/#breadcrumb"},"inLanguage":"de","potentialAction":[{"@type":"ReadAction","target":["https:\/\/antderground.com\/de\/produkt\/glasbehaelter-4l-mit-korkverschluss\/"]}]},{"@type":"ImageObject","inLanguage":"de","@id":"https:\/\/antderground.com\/de\/produkt\/glasbehaelter-4l-mit-korkverschluss\/#primaryimage","url":"https:\/\/antderground.com\/wp-content\/uploads\/2024\/10\/Tarro-de-vidrio-4l-con-tapon-de-corcho.jpeg","contentUrl":"https:\/\/antderground.com\/wp-content\/uploads\/2024\/10\/Tarro-de-vidrio-4l-con-tapon-de-corcho.jpeg","width":1417,"height":1417,"caption":"Glasbeh\u00e4lter (4l) mit Korkverschluss"},{"@type":"BreadcrumbList","@id":"https:\/\/antderground.com\/de\/produkt\/glasbehaelter-4l-mit-korkverschluss\/#breadcrumb","itemListElement":[{"@type":"ListItem","position":1,"name":"Portada","item":"https:\/\/antderground.com\/de\/"},{"@type":"ListItem","position":2,"name":"Shop","item":"https:\/\/antderground.com\/de\/shop\/"},{"@type":"ListItem","position":3,"name":"Glasbeh\u00e4lter (4l) mit Korkverschluss"}]},{"@type":"WebSite","@id":"https:\/\/antderground.com\/de\/#website","url":"https:\/\/antderground.com\/de\/","name":"ANTDERGROUND","description":"Tu tienda de hormigas, gran variedad de hormigueros acr\u00edlicos,madera,arena,3D y mas.. Pide tus hormigas gratis con tu pedido, somos expertos en hormigueros antifugas.","publisher":{"@id":"https:\/\/antderground.com\/de\/#\/schema\/person\/0e322c505e84fe72c65e2f6d08f96b81"},"alternateName":"Antderground","potentialAction":[{"@type":"SearchAction","target":{"@type":"EntryPoint","urlTemplate":"https:\/\/antderground.com\/de\/?s={search_term_string}"},"query-input":{"@type":"PropertyValueSpecification","valueRequired":true,"valueName":"search_term_string"}}],"inLanguage":"de"},{"@type":["Person","Organization"],"@id":"https:\/\/antderground.com\/de\/#\/schema\/person\/0e322c505e84fe72c65e2f6d08f96b81","name":"Eric de Antderground","image":{"@type":"ImageObject","inLanguage":"de","@id":"https:\/\/secure.gravatar.com\/avatar\/c49a1b9f79216d1498cb73c1e85cd47f4465dda35f2a94c03790d491bd4423c3?s=96&d=mm&r=g","url":"https:\/\/secure.gravatar.com\/avatar\/c49a1b9f79216d1498cb73c1e85cd47f4465dda35f2a94c03790d491bd4423c3?s=96&d=mm&r=g","contentUrl":"https:\/\/secure.gravatar.com\/avatar\/c49a1b9f79216d1498cb73c1e85cd47f4465dda35f2a94c03790d491bd4423c3?s=96&d=mm&r=g","caption":"Eric de Antderground"},"logo":{"@id":"https:\/\/secure.gravatar.com\/avatar\/c49a1b9f79216d1498cb73c1e85cd47f4465dda35f2a94c03790d491bd4423c3?s=96&d=mm&r=g"},"description":"Eric es el especialista y fundador de Antderground, con una amplia trayectoria en artr\u00f3podos y enfocado en la mirmecolog\u00eda y el dise\u00f1o de hormigueros artificiales. Su enfoque combina la innovaci\u00f3n t\u00e9cnica con el respeto por la biolog\u00eda de las hormigas, is\u00f3podos y otros, desarrollando sistemas de nidos modulares 3D y acr\u00edlicos que son referentes para aficionados y profesionales en toda Europa. Su objetivo es facilitar la cr\u00eda de hormigas y otros artr\u00f3podos mediante soluciones seguras y divulgaci\u00f3n de calidad.","sameAs":["https:\/\/antderground.com\/","https:\/\/www.youtube.com\/channel\/UCio72z7TlbufkAthAJIJfPw"]}]}},"_links":{"self":[{"href":"https:\/\/antderground.com\/de\/wp-json\/wp\/v2\/product\/37685","targetHints":{"allow":["GET"]}}],"collection":[{"href":"https:\/\/antderground.com\/de\/wp-json\/wp\/v2\/product"}],"about":[{"href":"https:\/\/antderground.com\/de\/wp-json\/wp\/v2\/types\/product"}],"version-history":[{"count":0,"href":"https:\/\/antderground.com\/de\/wp-json\/wp\/v2\/product\/37685\/revisions"}],"wp:featuredmedia":[{"embeddable":true,"href":"https:\/\/antderground.com\/de\/wp-json\/wp\/v2\/media\/37569"}],"wp:attachment":[{"href":"https:\/\/antderground.com\/de\/wp-json\/wp\/v2\/media?parent=37685"}],"wp:term":[{"taxonomy":"product_brand","embeddable":true,"href":"https:\/\/antderground.com\/de\/wp-json\/wp\/v2\/product_brand?post=37685"},{"taxonomy":"product_cat","embeddable":true,"href":"https:\/\/antderground.com\/de\/wp-json\/wp\/v2\/product_cat?post=37685"},{"taxonomy":"product_tag","embeddable":true,"href":"https:\/\/antderground.com\/de\/wp-json\/wp\/v2\/product_tag?post=37685"}],"curies":[{"name":"wp","href":"https:\/\/api.w.org\/{rel}","templated":true}]}}