{"id":37808,"date":"2024-11-08T17:28:27","date_gmt":"2024-11-08T16:28:27","guid":{"rendered":"https:\/\/www.antderground.com\/producto\/modulares-3d-set-v2m\/"},"modified":"2024-12-02T10:34:18","modified_gmt":"2024-12-02T09:34:18","slug":"modulares-3d-set-v2m","status":"publish","type":"product","link":"https:\/\/antderground.com\/de\/produkt\/modulares-3d-set-v2m\/","title":{"rendered":"Modulares 3D-Set (v2)(M)"},"content":{"rendered":"<p><strong>Modulares 3D-Kit Mittelgro\u00df f\u00fcr Ameisenkolonien<\/strong><\/p>\n<p>Dieses modulare 3D-Kit in mittlerer Gr\u00f6\u00dfe ist perfekt f\u00fcr alle, die mit mittelgro\u00dfen Ameisenkolonien beginnen m\u00f6chten. Dank des modularen Designs kannst du es nach deinen Bed\u00fcrfnissen erweitern und an das Wachstum deiner Kolonien anpassen.<\/p>\n<h3>Packungsinhalt<\/h3>\n<ol>\n<li><strong>Ameisenarena 10&#215;10 cm<\/strong><br \/>\nIdeal, um den Ameisen einen sicheren Forage-Raum zu bieten.<br \/>\n<strong>Eigenschaften<\/strong>:<\/p>\n<ul>\n<li><strong>Farbe<\/strong>: Wei\u00df<\/li>\n<li><strong>Struktur<\/strong>: 3D-gedruckt mit Seiten aus Acrylglas<\/li>\n<li><strong>Bel\u00fcftungssystem<\/strong>: Ja<\/li>\n<li><strong>Modular<\/strong>: Ja<\/li>\n<li><strong>Eing\u00e4nge\/Verbindungen<\/strong>: 4<\/li>\n<\/ul>\n<\/li>\n<li><strong>Modulares 3D-Ameisennest 10&#215;20 cm<\/strong><br \/>\nEin mittelgro\u00dfes Nest, das sich an wachsende Kolonien anpasst.<br \/>\n<strong>Eigenschaften<\/strong>:<\/p>\n<ul>\n<li><strong>Version 2<\/strong>: Enth\u00e4lt gr\u00f6\u00dfere Bereiche f\u00fcr mehr Komfort<\/li>\n<li><strong>Wassertank<\/strong>: 20 ml<\/li>\n<li><strong>Farbe<\/strong>: Wei\u00df \/ Gelb<\/li>\n<li><strong>Deckel<\/strong>: Rote Abdeckung enthalten<\/li>\n<li><strong>Modular<\/strong>: Ja<\/li>\n<li><strong>Innere T\u00fcren<\/strong>: 1<\/li>\n<li><strong>\u00c4u\u00dfere T\u00fcren<\/strong>: 6<\/li>\n<\/ul>\n<\/li>\n<li><strong>Modularer Verbinder<\/strong><br \/>\nEin essenzielles Zubeh\u00f6r zur Erweiterung und Verbindung zus\u00e4tzlicher Module.<\/li>\n<li><strong>Roter Deckel f\u00fcr das Ameisennest<\/strong><br \/>\nErm\u00f6glicht das sichere Verschlie\u00dfen des Ameisennests.<\/li>\n<\/ol>\n<p>Mit diesem modularen Kit hast du ein vollst\u00e4ndig anpassbares System, um Ameisen zu z\u00fcchten und es je nach Bedarf zu erweitern, um ein sicheres und kontrolliertes Umfeld f\u00fcr deine Kolonien zu schaffen.<\/p>\n","protected":false},"excerpt":{"rendered":"<p>Dieses Kit ist ideal f\u00fcr den Start mittelgro\u00dfer Kolonien, mit einem modularen Design, das eine Erweiterung nach Belieben erm\u00f6glicht. Es enth\u00e4lt eine Ameisenarena, ein Ameisennest, einen Verbinder und einen roten Deckel. Perfekt f\u00fcr eine sichere und anpassbare Umgebung.<\/p>\n<p><strong>Eigenschaften:<\/strong><\/p>\n<ul>\n<li>Ameisenarena: 10&#215;10 cm<\/li>\n<li>Ameisennest: 10&#215;20 cm<\/li>\n<li>Modularer Verbinder: Ja<\/li>\n<li>Roter Deckel: Ja<\/li>\n<\/ul>\n","protected":false},"featured_media":37792,"template":"","meta":[],"product_brand":[],"product_cat":[504,505,531],"product_tag":[],"class_list":{"0":"post-37808","1":"product","2":"type-product","3":"status-publish","4":"has-post-thumbnail","6":"product_cat-ameisennester","7":"product_cat-ameisenfarmen-3d","8":"product_cat-ameisennest-sets","10":"first","11":"instock","12":"sale","13":"shipping-taxable","14":"purchasable","15":"product-type-simple"},"yoast_head":"<!-- This site is optimized with the Yoast SEO plugin v27.3 - https:\/\/yoast.com\/product\/yoast-seo-wordpress\/ -->\n<title>Modulares 3D-Kit (v2)(M) | Ameisennest 10x20 + Ameisenarena 10x10 - ANTDERGROUND<\/title>\n<meta name=\"description\" content=\"Neues Modulares 3D-Kit (M) bestehend aus einem 3D-Ameisennest 10x20 und einer Ameisenarena 10x10. Dein beeindruckendster und faszinierendster Ameisennest! ;-)\" \/>\n<meta name=\"robots\" content=\"index, follow, max-snippet:-1, max-image-preview:large, max-video-preview:-1\" \/>\n<link rel=\"canonical\" href=\"https:\/\/antderground.com\/de\/produkt\/modulares-3d-set-v2m\/\" \/>\n<meta property=\"og:locale\" content=\"de_DE\" \/>\n<meta property=\"og:type\" content=\"article\" \/>\n<meta property=\"og:title\" content=\"Modulares 3D-Kit (v2)(M) | Ameisennest 10x20 + Ameisenarena 10x10 - ANTDERGROUND\" \/>\n<meta property=\"og:description\" content=\"Neues Modulares 3D-Kit (M) bestehend aus einem 3D-Ameisennest 10x20 und einer Ameisenarena 10x10. Dein beeindruckendster und faszinierendster Ameisennest! ;-)\" \/>\n<meta property=\"og:url\" content=\"https:\/\/antderground.com\/de\/produkt\/modulares-3d-set-v2m\/\" \/>\n<meta property=\"og:site_name\" content=\"ANTDERGROUND\" \/>\n<meta property=\"article:modified_time\" content=\"2024-12-02T09:34:18+00:00\" \/>\n<meta property=\"og:image\" content=\"https:\/\/antderground.com\/wp-content\/uploads\/2024\/11\/kit-10x20-1.jpg\" \/>\n\t<meta property=\"og:image:width\" content=\"1600\" \/>\n\t<meta property=\"og:image:height\" content=\"1600\" \/>\n\t<meta property=\"og:image:type\" content=\"image\/jpeg\" \/>\n<meta name=\"twitter:card\" content=\"summary_large_image\" \/>\n<meta name=\"twitter:label1\" content=\"Gesch\u00e4tzte Lesezeit\" \/>\n\t<meta name=\"twitter:data1\" content=\"1\u00a0Minute\" \/>\n<script type=\"application\/ld+json\" class=\"yoast-schema-graph\">{\"@context\":\"https:\\\/\\\/schema.org\",\"@graph\":[{\"@type\":\"WebPage\",\"@id\":\"https:\\\/\\\/antderground.com\\\/de\\\/produkt\\\/modulares-3d-set-v2m\\\/\",\"url\":\"https:\\\/\\\/antderground.com\\\/de\\\/produkt\\\/modulares-3d-set-v2m\\\/\",\"name\":\"Modulares 3D-Kit (v2)(M) | Ameisennest 10x20 + Ameisenarena 10x10 - ANTDERGROUND\",\"isPartOf\":{\"@id\":\"https:\\\/\\\/antderground.com\\\/de\\\/#website\"},\"primaryImageOfPage\":{\"@id\":\"https:\\\/\\\/antderground.com\\\/de\\\/produkt\\\/modulares-3d-set-v2m\\\/#primaryimage\"},\"image\":{\"@id\":\"https:\\\/\\\/antderground.com\\\/de\\\/produkt\\\/modulares-3d-set-v2m\\\/#primaryimage\"},\"thumbnailUrl\":\"https:\\\/\\\/antderground.com\\\/wp-content\\\/uploads\\\/2024\\\/11\\\/kit-10x20-1.jpg\",\"datePublished\":\"2024-11-08T16:28:27+00:00\",\"dateModified\":\"2024-12-02T09:34:18+00:00\",\"description\":\"Neues Modulares 3D-Kit (M) bestehend aus einem 3D-Ameisennest 10x20 und einer Ameisenarena 10x10. Dein beeindruckendster und faszinierendster Ameisennest! ;-)\",\"breadcrumb\":{\"@id\":\"https:\\\/\\\/antderground.com\\\/de\\\/produkt\\\/modulares-3d-set-v2m\\\/#breadcrumb\"},\"inLanguage\":\"de\",\"potentialAction\":[{\"@type\":\"ReadAction\",\"target\":[\"https:\\\/\\\/antderground.com\\\/de\\\/produkt\\\/modulares-3d-set-v2m\\\/\"]}]},{\"@type\":\"ImageObject\",\"inLanguage\":\"de\",\"@id\":\"https:\\\/\\\/antderground.com\\\/de\\\/produkt\\\/modulares-3d-set-v2m\\\/#primaryimage\",\"url\":\"https:\\\/\\\/antderground.com\\\/wp-content\\\/uploads\\\/2024\\\/11\\\/kit-10x20-1.jpg\",\"contentUrl\":\"https:\\\/\\\/antderground.com\\\/wp-content\\\/uploads\\\/2024\\\/11\\\/kit-10x20-1.jpg\",\"width\":1600,\"height\":1600},{\"@type\":\"BreadcrumbList\",\"@id\":\"https:\\\/\\\/antderground.com\\\/de\\\/produkt\\\/modulares-3d-set-v2m\\\/#breadcrumb\",\"itemListElement\":[{\"@type\":\"ListItem\",\"position\":1,\"name\":\"Portada\",\"item\":\"https:\\\/\\\/antderground.com\\\/de\\\/\"},{\"@type\":\"ListItem\",\"position\":2,\"name\":\"Shop\",\"item\":\"https:\\\/\\\/antderground.com\\\/de\\\/shop\\\/\"},{\"@type\":\"ListItem\",\"position\":3,\"name\":\"Modulares 3D-Set (v2)(M)\"}]},{\"@type\":\"WebSite\",\"@id\":\"https:\\\/\\\/antderground.com\\\/de\\\/#website\",\"url\":\"https:\\\/\\\/antderground.com\\\/de\\\/\",\"name\":\"ANTDERGROUND\",\"description\":\"Tu tienda de hormigas, gran variedad de hormigueros acr\u00edlicos,madera,arena,3D y mas.. Pide tus hormigas gratis con tu pedido, somos expertos en hormigueros antifugas.\",\"publisher\":{\"@id\":\"https:\\\/\\\/antderground.com\\\/de\\\/#\\\/schema\\\/person\\\/0e322c505e84fe72c65e2f6d08f96b81\"},\"alternateName\":\"Antderground\",\"potentialAction\":[{\"@type\":\"SearchAction\",\"target\":{\"@type\":\"EntryPoint\",\"urlTemplate\":\"https:\\\/\\\/antderground.com\\\/de\\\/?s={search_term_string}\"},\"query-input\":{\"@type\":\"PropertyValueSpecification\",\"valueRequired\":true,\"valueName\":\"search_term_string\"}}],\"inLanguage\":\"de\"},{\"@type\":[\"Person\",\"Organization\"],\"@id\":\"https:\\\/\\\/antderground.com\\\/de\\\/#\\\/schema\\\/person\\\/0e322c505e84fe72c65e2f6d08f96b81\",\"name\":\"Eric de Antderground\",\"image\":{\"@type\":\"ImageObject\",\"inLanguage\":\"de\",\"@id\":\"https:\\\/\\\/secure.gravatar.com\\\/avatar\\\/c49a1b9f79216d1498cb73c1e85cd47f4465dda35f2a94c03790d491bd4423c3?s=96&d=mm&r=g\",\"url\":\"https:\\\/\\\/secure.gravatar.com\\\/avatar\\\/c49a1b9f79216d1498cb73c1e85cd47f4465dda35f2a94c03790d491bd4423c3?s=96&d=mm&r=g\",\"contentUrl\":\"https:\\\/\\\/secure.gravatar.com\\\/avatar\\\/c49a1b9f79216d1498cb73c1e85cd47f4465dda35f2a94c03790d491bd4423c3?s=96&d=mm&r=g\",\"caption\":\"Eric de Antderground\"},\"logo\":{\"@id\":\"https:\\\/\\\/secure.gravatar.com\\\/avatar\\\/c49a1b9f79216d1498cb73c1e85cd47f4465dda35f2a94c03790d491bd4423c3?s=96&d=mm&r=g\"},\"description\":\"Eric es el especialista y fundador de Antderground, con una amplia trayectoria en artr\u00f3podos y enfocado en la mirmecolog\u00eda y el dise\u00f1o de hormigueros artificiales. Su enfoque combina la innovaci\u00f3n t\u00e9cnica con el respeto por la biolog\u00eda de las hormigas, is\u00f3podos y otros, desarrollando sistemas de nidos modulares 3D y acr\u00edlicos que son referentes para aficionados y profesionales en toda Europa. Su objetivo es facilitar la cr\u00eda de hormigas y otros artr\u00f3podos mediante soluciones seguras y divulgaci\u00f3n de calidad.\",\"sameAs\":[\"https:\\\/\\\/antderground.com\\\/\",\"https:\\\/\\\/www.youtube.com\\\/channel\\\/UCio72z7TlbufkAthAJIJfPw\"]}]}<\/script>\n<!-- \/ Yoast SEO plugin. -->","yoast_head_json":{"title":"Modulares 3D-Kit (v2)(M) | Ameisennest 10x20 + Ameisenarena 10x10 - ANTDERGROUND","description":"Neues Modulares 3D-Kit (M) bestehend aus einem 3D-Ameisennest 10x20 und einer Ameisenarena 10x10. Dein beeindruckendster und faszinierendster Ameisennest! ;-)","robots":{"index":"index","follow":"follow","max-snippet":"max-snippet:-1","max-image-preview":"max-image-preview:large","max-video-preview":"max-video-preview:-1"},"canonical":"https:\/\/antderground.com\/de\/produkt\/modulares-3d-set-v2m\/","og_locale":"de_DE","og_type":"article","og_title":"Modulares 3D-Kit (v2)(M) | Ameisennest 10x20 + Ameisenarena 10x10 - ANTDERGROUND","og_description":"Neues Modulares 3D-Kit (M) bestehend aus einem 3D-Ameisennest 10x20 und einer Ameisenarena 10x10. Dein beeindruckendster und faszinierendster Ameisennest! ;-)","og_url":"https:\/\/antderground.com\/de\/produkt\/modulares-3d-set-v2m\/","og_site_name":"ANTDERGROUND","article_modified_time":"2024-12-02T09:34:18+00:00","og_image":[{"width":1600,"height":1600,"url":"https:\/\/antderground.com\/wp-content\/uploads\/2024\/11\/kit-10x20-1.jpg","type":"image\/jpeg"}],"twitter_card":"summary_large_image","twitter_misc":{"Gesch\u00e4tzte Lesezeit":"1\u00a0Minute"},"schema":{"@context":"https:\/\/schema.org","@graph":[{"@type":"WebPage","@id":"https:\/\/antderground.com\/de\/produkt\/modulares-3d-set-v2m\/","url":"https:\/\/antderground.com\/de\/produkt\/modulares-3d-set-v2m\/","name":"Modulares 3D-Kit (v2)(M) | Ameisennest 10x20 + Ameisenarena 10x10 - ANTDERGROUND","isPartOf":{"@id":"https:\/\/antderground.com\/de\/#website"},"primaryImageOfPage":{"@id":"https:\/\/antderground.com\/de\/produkt\/modulares-3d-set-v2m\/#primaryimage"},"image":{"@id":"https:\/\/antderground.com\/de\/produkt\/modulares-3d-set-v2m\/#primaryimage"},"thumbnailUrl":"https:\/\/antderground.com\/wp-content\/uploads\/2024\/11\/kit-10x20-1.jpg","datePublished":"2024-11-08T16:28:27+00:00","dateModified":"2024-12-02T09:34:18+00:00","description":"Neues Modulares 3D-Kit (M) bestehend aus einem 3D-Ameisennest 10x20 und einer Ameisenarena 10x10. Dein beeindruckendster und faszinierendster Ameisennest! ;-)","breadcrumb":{"@id":"https:\/\/antderground.com\/de\/produkt\/modulares-3d-set-v2m\/#breadcrumb"},"inLanguage":"de","potentialAction":[{"@type":"ReadAction","target":["https:\/\/antderground.com\/de\/produkt\/modulares-3d-set-v2m\/"]}]},{"@type":"ImageObject","inLanguage":"de","@id":"https:\/\/antderground.com\/de\/produkt\/modulares-3d-set-v2m\/#primaryimage","url":"https:\/\/antderground.com\/wp-content\/uploads\/2024\/11\/kit-10x20-1.jpg","contentUrl":"https:\/\/antderground.com\/wp-content\/uploads\/2024\/11\/kit-10x20-1.jpg","width":1600,"height":1600},{"@type":"BreadcrumbList","@id":"https:\/\/antderground.com\/de\/produkt\/modulares-3d-set-v2m\/#breadcrumb","itemListElement":[{"@type":"ListItem","position":1,"name":"Portada","item":"https:\/\/antderground.com\/de\/"},{"@type":"ListItem","position":2,"name":"Shop","item":"https:\/\/antderground.com\/de\/shop\/"},{"@type":"ListItem","position":3,"name":"Modulares 3D-Set (v2)(M)"}]},{"@type":"WebSite","@id":"https:\/\/antderground.com\/de\/#website","url":"https:\/\/antderground.com\/de\/","name":"ANTDERGROUND","description":"Tu tienda de hormigas, gran variedad de hormigueros acr\u00edlicos,madera,arena,3D y mas.. Pide tus hormigas gratis con tu pedido, somos expertos en hormigueros antifugas.","publisher":{"@id":"https:\/\/antderground.com\/de\/#\/schema\/person\/0e322c505e84fe72c65e2f6d08f96b81"},"alternateName":"Antderground","potentialAction":[{"@type":"SearchAction","target":{"@type":"EntryPoint","urlTemplate":"https:\/\/antderground.com\/de\/?s={search_term_string}"},"query-input":{"@type":"PropertyValueSpecification","valueRequired":true,"valueName":"search_term_string"}}],"inLanguage":"de"},{"@type":["Person","Organization"],"@id":"https:\/\/antderground.com\/de\/#\/schema\/person\/0e322c505e84fe72c65e2f6d08f96b81","name":"Eric de Antderground","image":{"@type":"ImageObject","inLanguage":"de","@id":"https:\/\/secure.gravatar.com\/avatar\/c49a1b9f79216d1498cb73c1e85cd47f4465dda35f2a94c03790d491bd4423c3?s=96&d=mm&r=g","url":"https:\/\/secure.gravatar.com\/avatar\/c49a1b9f79216d1498cb73c1e85cd47f4465dda35f2a94c03790d491bd4423c3?s=96&d=mm&r=g","contentUrl":"https:\/\/secure.gravatar.com\/avatar\/c49a1b9f79216d1498cb73c1e85cd47f4465dda35f2a94c03790d491bd4423c3?s=96&d=mm&r=g","caption":"Eric de Antderground"},"logo":{"@id":"https:\/\/secure.gravatar.com\/avatar\/c49a1b9f79216d1498cb73c1e85cd47f4465dda35f2a94c03790d491bd4423c3?s=96&d=mm&r=g"},"description":"Eric es el especialista y fundador de Antderground, con una amplia trayectoria en artr\u00f3podos y enfocado en la mirmecolog\u00eda y el dise\u00f1o de hormigueros artificiales. Su enfoque combina la innovaci\u00f3n t\u00e9cnica con el respeto por la biolog\u00eda de las hormigas, is\u00f3podos y otros, desarrollando sistemas de nidos modulares 3D y acr\u00edlicos que son referentes para aficionados y profesionales en toda Europa. Su objetivo es facilitar la cr\u00eda de hormigas y otros artr\u00f3podos mediante soluciones seguras y divulgaci\u00f3n de calidad.","sameAs":["https:\/\/antderground.com\/","https:\/\/www.youtube.com\/channel\/UCio72z7TlbufkAthAJIJfPw"]}]}},"_links":{"self":[{"href":"https:\/\/antderground.com\/de\/wp-json\/wp\/v2\/product\/37808","targetHints":{"allow":["GET"]}}],"collection":[{"href":"https:\/\/antderground.com\/de\/wp-json\/wp\/v2\/product"}],"about":[{"href":"https:\/\/antderground.com\/de\/wp-json\/wp\/v2\/types\/product"}],"version-history":[{"count":0,"href":"https:\/\/antderground.com\/de\/wp-json\/wp\/v2\/product\/37808\/revisions"}],"wp:featuredmedia":[{"embeddable":true,"href":"https:\/\/antderground.com\/de\/wp-json\/wp\/v2\/media\/37792"}],"wp:attachment":[{"href":"https:\/\/antderground.com\/de\/wp-json\/wp\/v2\/media?parent=37808"}],"wp:term":[{"taxonomy":"product_brand","embeddable":true,"href":"https:\/\/antderground.com\/de\/wp-json\/wp\/v2\/product_brand?post=37808"},{"taxonomy":"product_cat","embeddable":true,"href":"https:\/\/antderground.com\/de\/wp-json\/wp\/v2\/product_cat?post=37808"},{"taxonomy":"product_tag","embeddable":true,"href":"https:\/\/antderground.com\/de\/wp-json\/wp\/v2\/product_tag?post=37808"}],"curies":[{"name":"wp","href":"https:\/\/api.w.org\/{rel}","templated":true}]}}