{"id":40169,"date":"2024-11-22T11:03:13","date_gmt":"2024-11-22T10:03:13","guid":{"rendered":"https:\/\/www.antderground.com\/producto\/futter-fuer-schaben\/"},"modified":"2024-11-22T11:03:13","modified_gmt":"2024-11-22T10:03:13","slug":"futter-fuer-schaben","status":"publish","type":"product","link":"https:\/\/antderground.com\/de\/produkt\/futter-fuer-schaben\/","title":{"rendered":"Futter f\u00fcr Schaben"},"content":{"rendered":"<h3 data-start=\"0\" data-end=\"36\"><strong data-start=\"4\" data-end=\"34\">Premium-Futter f\u00fcr Schaben<\/strong><\/h3>\n<p data-start=\"37\" data-end=\"90\"><strong data-start=\"37\" data-end=\"88\">Ideal f\u00fcr die Zucht und Pflege gesunder Schaben<\/strong><\/p>\n<p data-start=\"92\" data-end=\"422\">Dieses Spezialfutter besteht aus einer Basis aus angereicherten Getreiden und nat\u00fcrlichem Kalzium und sorgt f\u00fcr eine ausgewogene Ern\u00e4hrung, die optimales Wachstum, Fortpflanzung und Entwicklung von Schaben unterst\u00fctzt. Dank seiner Zusammensetzung eignet es sich sowohl f\u00fcr Hobbyz\u00fcchter als auch f\u00fcr professionelle Zuchtbetriebe.<\/p>\n<h4 data-start=\"424\" data-end=\"449\"><strong data-start=\"429\" data-end=\"447\">Hauptvorteile:<\/strong><\/h4>\n<ul data-start=\"450\" data-end=\"981\">\n<li data-start=\"450\" data-end=\"555\"><strong data-start=\"452\" data-end=\"477\">Ausgewogene Rezeptur:<\/strong> Enth\u00e4lt alle essentiellen N\u00e4hrstoffe f\u00fcr ein gesundes Wachstum der Schaben.<\/li>\n<li data-start=\"556\" data-end=\"663\"><strong data-start=\"558\" data-end=\"599\">Angereichert mit nat\u00fcrlichem Kalzium:<\/strong> F\u00f6rdert einen starken Exoskelettaufbau und die Fortpflanzung.<\/li>\n<li data-start=\"664\" data-end=\"761\"><strong data-start=\"666\" data-end=\"689\">Einfache Anwendung:<\/strong> Granulatform f\u00fcr eine m\u00fchelose F\u00fctterung und minimale Futterverluste.<\/li>\n<li data-start=\"762\" data-end=\"875\"><strong data-start=\"764\" data-end=\"793\">Erh\u00f6ht die Produktivit\u00e4t:<\/strong> Unterst\u00fctzt die Fortpflanzungsrate und das allgemeine Wohlbefinden der Schaben.<\/li>\n<li data-start=\"876\" data-end=\"981\"><strong data-start=\"878\" data-end=\"914\">Geeignet f\u00fcr verschiedene Arten:<\/strong> Perfekt f\u00fcr Dubia, Blaptica, Lateralis und andere Zucht-Schaben.<\/li>\n<\/ul>\n<h4 data-start=\"983\" data-end=\"1015\"><strong data-start=\"988\" data-end=\"1013\">Anwendungsempfehlung:<\/strong><\/h4>\n<p data-start=\"1016\" data-end=\"1210\">Eine kleine Menge in den Futterbereich geben und regelm\u00e4\u00dfig erneuern, um Frische zu gew\u00e4hrleisten. Erg\u00e4nzend k\u00f6nnen Obst und Gem\u00fcse gef\u00fcttert werden, um die Ern\u00e4hrung der Schaben zu variieren.<\/p>\n<p data-start=\"1212\" data-end=\"1334\" data-is-last-node=\"\"><strong data-start=\"1212\" data-end=\"1334\" data-is-last-node=\"\">Dieses Futter ist ausschlie\u00dflich f\u00fcr Schaben bestimmt und nicht f\u00fcr den menschlichen oder tierischen Verzehr geeignet.<\/strong><\/p>\n","protected":false},"excerpt":{"rendered":"<p>\ud83c\udf1f Gib deinen Schaben das Beste, damit sie stark und gesund wachsen! \ud83e\udd97 Unser Futter mit Getreide und nat\u00fcrlichem Kalzium ist genau das Richtige, um deine Kolonien auf ihrem h\u00f6chsten Niveau zu halten. \ud83d\udcaa Pflege, was du z\u00fcchtest \u2013 der Erfolg liegt in deinen H\u00e4nden!<\/p>\n","protected":false},"featured_media":38150,"template":"","meta":[],"product_brand":[],"product_cat":[534,669],"product_tag":[],"class_list":{"0":"post-40169","1":"product","2":"type-product","3":"status-publish","4":"has-post-thumbnail","6":"product_cat-ameisenfutter","7":"product_cat-trockenfutter-samen-und-getreide","9":"first","10":"instock","11":"shipping-taxable","12":"purchasable","13":"product-type-variable"},"yoast_head":"<!-- This site is optimized with the Yoast SEO plugin v27.4 - https:\/\/yoast.com\/product\/yoast-seo-wordpress\/ -->\n<title>Futter f\u00fcr Schaben - ANTDERGROUND<\/title>\n<meta name=\"description\" content=\"Premium Schabenfutter \ud83e\udd97 auf Basis von Getreide und nat\u00fcrlichem Kalzium. Ideal f\u00fcr Z\u00fcchter, die gesunde und produktive Kolonien anstreben. \ud83c\udf1f\" \/>\n<meta name=\"robots\" content=\"index, follow, max-snippet:-1, max-image-preview:large, max-video-preview:-1\" \/>\n<link rel=\"canonical\" href=\"https:\/\/antderground.com\/de\/produkt\/futter-fuer-schaben\/\" \/>\n<meta property=\"og:locale\" content=\"de_DE\" \/>\n<meta property=\"og:type\" content=\"article\" \/>\n<meta property=\"og:title\" content=\"Futter f\u00fcr Schaben - ANTDERGROUND\" \/>\n<meta property=\"og:description\" content=\"Premium Schabenfutter \ud83e\udd97 auf Basis von Getreide und nat\u00fcrlichem Kalzium. Ideal f\u00fcr Z\u00fcchter, die gesunde und produktive Kolonien anstreben. \ud83c\udf1f\" \/>\n<meta property=\"og:url\" content=\"https:\/\/antderground.com\/de\/produkt\/futter-fuer-schaben\/\" \/>\n<meta property=\"og:site_name\" content=\"ANTDERGROUND\" \/>\n<meta property=\"og:image\" content=\"https:\/\/antderground.com\/wp-content\/uploads\/2024\/11\/alimento-para-cucarachas.jpeg\" \/>\n\t<meta property=\"og:image:width\" content=\"1600\" \/>\n\t<meta property=\"og:image:height\" content=\"1600\" \/>\n\t<meta property=\"og:image:type\" content=\"image\/jpeg\" \/>\n<meta name=\"twitter:card\" content=\"summary_large_image\" \/>\n<meta name=\"twitter:label1\" content=\"Gesch\u00e4tzte Lesezeit\" \/>\n\t<meta name=\"twitter:data1\" content=\"1\u00a0Minute\" \/>\n<script type=\"application\/ld+json\" class=\"yoast-schema-graph\">{\"@context\":\"https:\\\/\\\/schema.org\",\"@graph\":[{\"@type\":\"WebPage\",\"@id\":\"https:\\\/\\\/antderground.com\\\/de\\\/produkt\\\/futter-fuer-schaben\\\/\",\"url\":\"https:\\\/\\\/antderground.com\\\/de\\\/produkt\\\/futter-fuer-schaben\\\/\",\"name\":\"Futter f\u00fcr Schaben - ANTDERGROUND\",\"isPartOf\":{\"@id\":\"https:\\\/\\\/antderground.com\\\/de\\\/#website\"},\"primaryImageOfPage\":{\"@id\":\"https:\\\/\\\/antderground.com\\\/de\\\/produkt\\\/futter-fuer-schaben\\\/#primaryimage\"},\"image\":{\"@id\":\"https:\\\/\\\/antderground.com\\\/de\\\/produkt\\\/futter-fuer-schaben\\\/#primaryimage\"},\"thumbnailUrl\":\"https:\\\/\\\/antderground.com\\\/wp-content\\\/uploads\\\/2024\\\/11\\\/alimento-para-cucarachas.jpeg\",\"datePublished\":\"2024-11-22T10:03:13+00:00\",\"description\":\"Premium Schabenfutter \ud83e\udd97 auf Basis von Getreide und nat\u00fcrlichem Kalzium. Ideal f\u00fcr Z\u00fcchter, die gesunde und produktive Kolonien anstreben. \ud83c\udf1f\",\"breadcrumb\":{\"@id\":\"https:\\\/\\\/antderground.com\\\/de\\\/produkt\\\/futter-fuer-schaben\\\/#breadcrumb\"},\"inLanguage\":\"de\",\"potentialAction\":[{\"@type\":\"ReadAction\",\"target\":[\"https:\\\/\\\/antderground.com\\\/de\\\/produkt\\\/futter-fuer-schaben\\\/\"]}]},{\"@type\":\"ImageObject\",\"inLanguage\":\"de\",\"@id\":\"https:\\\/\\\/antderground.com\\\/de\\\/produkt\\\/futter-fuer-schaben\\\/#primaryimage\",\"url\":\"https:\\\/\\\/antderground.com\\\/wp-content\\\/uploads\\\/2024\\\/11\\\/alimento-para-cucarachas.jpeg\",\"contentUrl\":\"https:\\\/\\\/antderground.com\\\/wp-content\\\/uploads\\\/2024\\\/11\\\/alimento-para-cucarachas.jpeg\",\"width\":1600,\"height\":1600,\"caption\":\"Futter f\u00fcr Schaben\"},{\"@type\":\"BreadcrumbList\",\"@id\":\"https:\\\/\\\/antderground.com\\\/de\\\/produkt\\\/futter-fuer-schaben\\\/#breadcrumb\",\"itemListElement\":[{\"@type\":\"ListItem\",\"position\":1,\"name\":\"Portada\",\"item\":\"https:\\\/\\\/antderground.com\\\/de\\\/\"},{\"@type\":\"ListItem\",\"position\":2,\"name\":\"Shop\",\"item\":\"https:\\\/\\\/antderground.com\\\/de\\\/shop\\\/\"},{\"@type\":\"ListItem\",\"position\":3,\"name\":\"Futter f\u00fcr Schaben\"}]},{\"@type\":\"WebSite\",\"@id\":\"https:\\\/\\\/antderground.com\\\/de\\\/#website\",\"url\":\"https:\\\/\\\/antderground.com\\\/de\\\/\",\"name\":\"ANTDERGROUND\",\"description\":\"Tu tienda de hormigas, gran variedad de hormigueros acr\u00edlicos,madera,arena,3D y mas.. Pide tus hormigas gratis con tu pedido, somos expertos en hormigueros antifugas.\",\"publisher\":{\"@id\":\"https:\\\/\\\/antderground.com\\\/de\\\/#\\\/schema\\\/person\\\/0e322c505e84fe72c65e2f6d08f96b81\"},\"alternateName\":\"Antderground\",\"potentialAction\":[{\"@type\":\"SearchAction\",\"target\":{\"@type\":\"EntryPoint\",\"urlTemplate\":\"https:\\\/\\\/antderground.com\\\/de\\\/?s={search_term_string}\"},\"query-input\":{\"@type\":\"PropertyValueSpecification\",\"valueRequired\":true,\"valueName\":\"search_term_string\"}}],\"inLanguage\":\"de\"},{\"@type\":[\"Person\",\"Organization\"],\"@id\":\"https:\\\/\\\/antderground.com\\\/de\\\/#\\\/schema\\\/person\\\/0e322c505e84fe72c65e2f6d08f96b81\",\"name\":\"Eric de Antderground\",\"image\":{\"@type\":\"ImageObject\",\"inLanguage\":\"de\",\"@id\":\"https:\\\/\\\/secure.gravatar.com\\\/avatar\\\/c49a1b9f79216d1498cb73c1e85cd47f4465dda35f2a94c03790d491bd4423c3?s=96&d=mm&r=g\",\"url\":\"https:\\\/\\\/secure.gravatar.com\\\/avatar\\\/c49a1b9f79216d1498cb73c1e85cd47f4465dda35f2a94c03790d491bd4423c3?s=96&d=mm&r=g\",\"contentUrl\":\"https:\\\/\\\/secure.gravatar.com\\\/avatar\\\/c49a1b9f79216d1498cb73c1e85cd47f4465dda35f2a94c03790d491bd4423c3?s=96&d=mm&r=g\",\"caption\":\"Eric de Antderground\"},\"logo\":{\"@id\":\"https:\\\/\\\/secure.gravatar.com\\\/avatar\\\/c49a1b9f79216d1498cb73c1e85cd47f4465dda35f2a94c03790d491bd4423c3?s=96&d=mm&r=g\"},\"description\":\"Eric es el especialista y fundador de Antderground, con una amplia trayectoria en artr\u00f3podos y enfocado en la mirmecolog\u00eda y el dise\u00f1o de hormigueros artificiales. Su enfoque combina la innovaci\u00f3n t\u00e9cnica con el respeto por la biolog\u00eda de las hormigas, is\u00f3podos y otros, desarrollando sistemas de nidos modulares 3D y acr\u00edlicos que son referentes para aficionados y profesionales en toda Europa. Su objetivo es facilitar la cr\u00eda de hormigas y otros artr\u00f3podos mediante soluciones seguras y divulgaci\u00f3n de calidad.\",\"sameAs\":[\"https:\\\/\\\/antderground.com\\\/\",\"https:\\\/\\\/www.youtube.com\\\/channel\\\/UCio72z7TlbufkAthAJIJfPw\"]}]}<\/script>\n<!-- \/ Yoast SEO plugin. -->","yoast_head_json":{"title":"Futter f\u00fcr Schaben - ANTDERGROUND","description":"Premium Schabenfutter \ud83e\udd97 auf Basis von Getreide und nat\u00fcrlichem Kalzium. Ideal f\u00fcr Z\u00fcchter, die gesunde und produktive Kolonien anstreben. \ud83c\udf1f","robots":{"index":"index","follow":"follow","max-snippet":"max-snippet:-1","max-image-preview":"max-image-preview:large","max-video-preview":"max-video-preview:-1"},"canonical":"https:\/\/antderground.com\/de\/produkt\/futter-fuer-schaben\/","og_locale":"de_DE","og_type":"article","og_title":"Futter f\u00fcr Schaben - ANTDERGROUND","og_description":"Premium Schabenfutter \ud83e\udd97 auf Basis von Getreide und nat\u00fcrlichem Kalzium. Ideal f\u00fcr Z\u00fcchter, die gesunde und produktive Kolonien anstreben. \ud83c\udf1f","og_url":"https:\/\/antderground.com\/de\/produkt\/futter-fuer-schaben\/","og_site_name":"ANTDERGROUND","og_image":[{"width":1600,"height":1600,"url":"https:\/\/antderground.com\/wp-content\/uploads\/2024\/11\/alimento-para-cucarachas.jpeg","type":"image\/jpeg"}],"twitter_card":"summary_large_image","twitter_misc":{"Gesch\u00e4tzte Lesezeit":"1\u00a0Minute"},"schema":{"@context":"https:\/\/schema.org","@graph":[{"@type":"WebPage","@id":"https:\/\/antderground.com\/de\/produkt\/futter-fuer-schaben\/","url":"https:\/\/antderground.com\/de\/produkt\/futter-fuer-schaben\/","name":"Futter f\u00fcr Schaben - ANTDERGROUND","isPartOf":{"@id":"https:\/\/antderground.com\/de\/#website"},"primaryImageOfPage":{"@id":"https:\/\/antderground.com\/de\/produkt\/futter-fuer-schaben\/#primaryimage"},"image":{"@id":"https:\/\/antderground.com\/de\/produkt\/futter-fuer-schaben\/#primaryimage"},"thumbnailUrl":"https:\/\/antderground.com\/wp-content\/uploads\/2024\/11\/alimento-para-cucarachas.jpeg","datePublished":"2024-11-22T10:03:13+00:00","description":"Premium Schabenfutter \ud83e\udd97 auf Basis von Getreide und nat\u00fcrlichem Kalzium. Ideal f\u00fcr Z\u00fcchter, die gesunde und produktive Kolonien anstreben. \ud83c\udf1f","breadcrumb":{"@id":"https:\/\/antderground.com\/de\/produkt\/futter-fuer-schaben\/#breadcrumb"},"inLanguage":"de","potentialAction":[{"@type":"ReadAction","target":["https:\/\/antderground.com\/de\/produkt\/futter-fuer-schaben\/"]}]},{"@type":"ImageObject","inLanguage":"de","@id":"https:\/\/antderground.com\/de\/produkt\/futter-fuer-schaben\/#primaryimage","url":"https:\/\/antderground.com\/wp-content\/uploads\/2024\/11\/alimento-para-cucarachas.jpeg","contentUrl":"https:\/\/antderground.com\/wp-content\/uploads\/2024\/11\/alimento-para-cucarachas.jpeg","width":1600,"height":1600,"caption":"Futter f\u00fcr Schaben"},{"@type":"BreadcrumbList","@id":"https:\/\/antderground.com\/de\/produkt\/futter-fuer-schaben\/#breadcrumb","itemListElement":[{"@type":"ListItem","position":1,"name":"Portada","item":"https:\/\/antderground.com\/de\/"},{"@type":"ListItem","position":2,"name":"Shop","item":"https:\/\/antderground.com\/de\/shop\/"},{"@type":"ListItem","position":3,"name":"Futter f\u00fcr Schaben"}]},{"@type":"WebSite","@id":"https:\/\/antderground.com\/de\/#website","url":"https:\/\/antderground.com\/de\/","name":"ANTDERGROUND","description":"Tu tienda de hormigas, gran variedad de hormigueros acr\u00edlicos,madera,arena,3D y mas.. Pide tus hormigas gratis con tu pedido, somos expertos en hormigueros antifugas.","publisher":{"@id":"https:\/\/antderground.com\/de\/#\/schema\/person\/0e322c505e84fe72c65e2f6d08f96b81"},"alternateName":"Antderground","potentialAction":[{"@type":"SearchAction","target":{"@type":"EntryPoint","urlTemplate":"https:\/\/antderground.com\/de\/?s={search_term_string}"},"query-input":{"@type":"PropertyValueSpecification","valueRequired":true,"valueName":"search_term_string"}}],"inLanguage":"de"},{"@type":["Person","Organization"],"@id":"https:\/\/antderground.com\/de\/#\/schema\/person\/0e322c505e84fe72c65e2f6d08f96b81","name":"Eric de Antderground","image":{"@type":"ImageObject","inLanguage":"de","@id":"https:\/\/secure.gravatar.com\/avatar\/c49a1b9f79216d1498cb73c1e85cd47f4465dda35f2a94c03790d491bd4423c3?s=96&d=mm&r=g","url":"https:\/\/secure.gravatar.com\/avatar\/c49a1b9f79216d1498cb73c1e85cd47f4465dda35f2a94c03790d491bd4423c3?s=96&d=mm&r=g","contentUrl":"https:\/\/secure.gravatar.com\/avatar\/c49a1b9f79216d1498cb73c1e85cd47f4465dda35f2a94c03790d491bd4423c3?s=96&d=mm&r=g","caption":"Eric de Antderground"},"logo":{"@id":"https:\/\/secure.gravatar.com\/avatar\/c49a1b9f79216d1498cb73c1e85cd47f4465dda35f2a94c03790d491bd4423c3?s=96&d=mm&r=g"},"description":"Eric es el especialista y fundador de Antderground, con una amplia trayectoria en artr\u00f3podos y enfocado en la mirmecolog\u00eda y el dise\u00f1o de hormigueros artificiales. Su enfoque combina la innovaci\u00f3n t\u00e9cnica con el respeto por la biolog\u00eda de las hormigas, is\u00f3podos y otros, desarrollando sistemas de nidos modulares 3D y acr\u00edlicos que son referentes para aficionados y profesionales en toda Europa. Su objetivo es facilitar la cr\u00eda de hormigas y otros artr\u00f3podos mediante soluciones seguras y divulgaci\u00f3n de calidad.","sameAs":["https:\/\/antderground.com\/","https:\/\/www.youtube.com\/channel\/UCio72z7TlbufkAthAJIJfPw"]}]}},"_links":{"self":[{"href":"https:\/\/antderground.com\/de\/wp-json\/wp\/v2\/product\/40169","targetHints":{"allow":["GET"]}}],"collection":[{"href":"https:\/\/antderground.com\/de\/wp-json\/wp\/v2\/product"}],"about":[{"href":"https:\/\/antderground.com\/de\/wp-json\/wp\/v2\/types\/product"}],"version-history":[{"count":0,"href":"https:\/\/antderground.com\/de\/wp-json\/wp\/v2\/product\/40169\/revisions"}],"wp:featuredmedia":[{"embeddable":true,"href":"https:\/\/antderground.com\/de\/wp-json\/wp\/v2\/media\/38150"}],"wp:attachment":[{"href":"https:\/\/antderground.com\/de\/wp-json\/wp\/v2\/media?parent=40169"}],"wp:term":[{"taxonomy":"product_brand","embeddable":true,"href":"https:\/\/antderground.com\/de\/wp-json\/wp\/v2\/product_brand?post=40169"},{"taxonomy":"product_cat","embeddable":true,"href":"https:\/\/antderground.com\/de\/wp-json\/wp\/v2\/product_cat?post=40169"},{"taxonomy":"product_tag","embeddable":true,"href":"https:\/\/antderground.com\/de\/wp-json\/wp\/v2\/product_tag?post=40169"}],"curies":[{"name":"wp","href":"https:\/\/api.w.org\/{rel}","templated":true}]}}