{"id":40462,"date":"2025-02-21T22:02:15","date_gmt":"2025-02-21T21:02:15","guid":{"rendered":"https:\/\/www.antderground.com\/producto\/cubaris-sp-red-edge-albino\/"},"modified":"2025-02-24T12:16:46","modified_gmt":"2025-02-24T11:16:46","slug":"cubaris-sp-red-edge-albino","status":"publish","type":"product","link":"https:\/\/antderground.com\/de\/produkt\/cubaris-sp-red-edge-albino\/","title":{"rendered":"Cubaris sp. &#8220;Red Edge Albino &#8211; andaman Pearl&#8221;"},"content":{"rendered":"<h3 data-start=\"0\" data-end=\"75\"><strong data-start=\"4\" data-end=\"73\">Technisches Datenblatt des Isopoden Cubaris sp. \u2018Red Edge Albino &#8211; andaman Pearl\u2019<\/strong><\/h3>\n<h4 data-start=\"77\" data-end=\"112\"><strong data-start=\"82\" data-end=\"110\">Wissenschaftlicher Name:<\/strong><\/h4>\n<p data-start=\"113\" data-end=\"144\">Cubaris sp. \u2018Red Edge Albino\u2019<\/p>\n<h4 data-start=\"146\" data-end=\"174\"><strong data-start=\"151\" data-end=\"172\">Allgemeiner Name:<\/strong><\/h4>\n<p data-start=\"175\" data-end=\"200\">Red Edge Albino Isopode<\/p>\n<h4 data-start=\"202\" data-end=\"249\"><strong data-start=\"207\" data-end=\"247\">Herkunft und nat\u00fcrlicher Lebensraum:<\/strong><\/h4>\n<p data-start=\"250\" data-end=\"396\">Urspr\u00fcnglich aus S\u00fcdostasien, lebt in feuchten B\u00f6den unter Steinen und verrottendem Holz. Bevorzugt warme Umgebungen mit hoher Luftfeuchtigkeit.<\/p>\n<h4 data-start=\"398\" data-end=\"426\"><strong data-start=\"403\" data-end=\"424\">Erwachsene Gr\u00f6\u00dfe:<\/strong><\/h4>\n<p data-start=\"427\" data-end=\"440\">Ca. 1,5 cm.<\/p>\n<h4 data-start=\"442\" data-end=\"477\"><strong data-start=\"447\" data-end=\"475\">F\u00e4rbung und Morphologie:<\/strong><\/h4>\n<p data-start=\"478\" data-end=\"656\">Hat eine blasswei\u00dfe oder cremefarbene Grundfarbe aufgrund der Albino-Eigenschaft, mit r\u00f6tlichen R\u00e4ndern am Exoskelett. Kann sich als Schutzmechanismus zu einer Kugel einrollen.<\/p>\n<h4 data-start=\"658\" data-end=\"685\"><strong data-start=\"663\" data-end=\"683\">Lebenserwartung:<\/strong><\/h4>\n<p data-start=\"686\" data-end=\"740\">Zwischen 2 und 3 Jahren unter optimalen Bedingungen.<\/p>\n<h4 data-start=\"742\" data-end=\"771\"><strong data-start=\"747\" data-end=\"769\">Umweltbedingungen:<\/strong><\/h4>\n<ul data-start=\"772\" data-end=\"899\">\n<li data-start=\"772\" data-end=\"799\"><strong data-start=\"774\" data-end=\"789\">Temperatur:<\/strong> 22-26\u00b0C<\/li>\n<li data-start=\"800\" data-end=\"833\"><strong data-start=\"802\" data-end=\"823\">Luftfeuchtigkeit:<\/strong> 70-85 %<\/li>\n<li data-start=\"834\" data-end=\"899\"><strong data-start=\"836\" data-end=\"850\">Bel\u00fcftung:<\/strong> Mittel, um stehende Feuchtigkeit zu vermeiden.<\/li>\n<\/ul>\n<h4 data-start=\"901\" data-end=\"922\"><strong data-start=\"906\" data-end=\"920\">Ern\u00e4hrung:<\/strong><\/h4>\n<p data-start=\"923\" data-end=\"1085\">Detritusfresser und Allesfresser. Die Ern\u00e4hrung umfasst trockene Bl\u00e4tter, verrottendes Holz, Kalzium, zus\u00e4tzliche Proteine sowie kleine Mengen Obst oder Gem\u00fcse.<\/p>\n<h4 data-start=\"1087\" data-end=\"1112\"><strong data-start=\"1092\" data-end=\"1110\">Fortpflanzung:<\/strong><\/h4>\n<ul data-start=\"1113\" data-end=\"1300\">\n<li data-start=\"1113\" data-end=\"1151\">Geschlechtsreife nach 4-6 Monaten.<\/li>\n<li data-start=\"1152\" data-end=\"1256\">Das Weibchen tr\u00e4gt die Eier in ihrem Marsupium, aus dem vollst\u00e4ndig entwickelte Jungtiere schl\u00fcpfen.<\/li>\n<li data-start=\"1257\" data-end=\"1300\">Moderat langsamer Fortpflanzungszyklus.<\/li>\n<\/ul>\n<h4 data-start=\"1302\" data-end=\"1343\"><strong data-start=\"1307\" data-end=\"1341\">Verhalten und Vertr\u00e4glichkeit:<\/strong><\/h4>\n<p data-start=\"1344\" data-end=\"1514\">Diese Art ist eher scheu und nachtaktiv. Sie lebt in Kolonien, ist aber nicht so gesellig wie andere Isopoden. Kann mit Arten mit \u00e4hnlichen Anforderungen zusammenleben.<\/p>\n<h4 data-start=\"1516\" data-end=\"1548\"><strong data-start=\"1521\" data-end=\"1546\">Empfohlenes Substrat:<\/strong><\/h4>\n<p data-start=\"1549\" data-end=\"1691\">Kokosfaser, trockenes Laub, verrottendes Holz, Sphagnum-Moos und Kalziumzus\u00e4tze. Sollte stets feucht gehalten werden, jedoch ohne Staun\u00e4sse.<\/p>\n<h4 data-start=\"1693\" data-end=\"1720\"><strong data-start=\"1698\" data-end=\"1718\">Haltungsaufwand:<\/strong><\/h4>\n<p data-start=\"1721\" data-end=\"1843\">Mittel. Ben\u00f6tigt stabile Temperatur- und Feuchtigkeitswerte sowie eine gute Balance zwischen Bel\u00fcftung und Feuchtigkeit.<\/p>\n<h4 data-start=\"1845\" data-end=\"1878\"><strong data-start=\"1850\" data-end=\"1876\">Nutzung und Anwendung:<\/strong><\/h4>\n<ul data-start=\"1879\" data-end=\"2023\">\n<li data-start=\"1879\" data-end=\"1913\">Ideal f\u00fcr bioaktive Terrarien.<\/li>\n<li data-start=\"1914\" data-end=\"1948\">Wird als Sammlerart gez\u00fcchtet.<\/li>\n<li data-start=\"1949\" data-end=\"2023\">Unterst\u00fctzt den Abbau organischer Stoffe in geschlossenen \u00d6kosystemen.<\/li>\n<\/ul>\n","protected":false},"excerpt":{"rendered":"<p>Exklusiv und faszinierend! \ud83d\ude0d Der <strong data-start=\"2145\" data-end=\"2178\">Cubaris sp. \u2018Red Edge Albino &#8211; andaman Pearl\u2019<\/strong> besticht durch seine einzigartige F\u00e4rbung und sein neugieriges Verhalten. Perfekt f\u00fcr bioaktive Terrarien oder als Sammlerst\u00fcck. \ud83c\udf3f\ud83d\udc3e Hol ihn dir f\u00fcr deine Kolonie und verleihe deinem Terrarium das gewisse Etwas!<\/p>\n","protected":false},"featured_media":40453,"template":"","meta":[],"product_brand":[],"product_cat":[528,530,719],"product_tag":[],"class_list":{"0":"post-40462","1":"product","2":"type-product","3":"status-publish","4":"has-post-thumbnail","6":"product_cat-arthropoden","7":"product_cat-isopoden","8":"product_cat-cubaris","10":"first","11":"instock","12":"shipping-taxable","13":"purchasable","14":"product-type-variable"},"yoast_head":"<!-- This site is optimized with the Yoast SEO plugin v27.4 - https:\/\/yoast.com\/product\/yoast-seo-wordpress\/ -->\n<title>Cubaris sp. &quot;Red Edge Albino - andaman Pearl&quot; | Exotischen Isopoden - ANTDERGROUND<\/title>\n<meta name=\"description\" content=\"Entdecke den faszinierenden Cubaris sp. \u2018Red Edge Albino\u2019 \ud83d\udc1e\ud83c\udf3f, einen exotischen Isopoden mit einzigartigen Farben. Perfekt f\u00fcr bioaktive Terrarien! \ud83d\ude80\" \/>\n<meta name=\"robots\" content=\"index, follow, max-snippet:-1, max-image-preview:large, max-video-preview:-1\" \/>\n<link rel=\"canonical\" href=\"https:\/\/antderground.com\/de\/produkt\/cubaris-sp-red-edge-albino\/\" \/>\n<meta property=\"og:locale\" content=\"de_DE\" \/>\n<meta property=\"og:type\" content=\"article\" \/>\n<meta property=\"og:title\" content=\"Cubaris sp. &quot;Red Edge Albino - andaman Pearl&quot; | Exotischen Isopoden - ANTDERGROUND\" \/>\n<meta property=\"og:description\" content=\"Entdecke den faszinierenden Cubaris sp. \u2018Red Edge Albino\u2019 \ud83d\udc1e\ud83c\udf3f, einen exotischen Isopoden mit einzigartigen Farben. Perfekt f\u00fcr bioaktive Terrarien! \ud83d\ude80\" \/>\n<meta property=\"og:url\" content=\"https:\/\/antderground.com\/de\/produkt\/cubaris-sp-red-edge-albino\/\" \/>\n<meta property=\"og:site_name\" content=\"ANTDERGROUND\" \/>\n<meta property=\"article:modified_time\" content=\"2025-02-24T11:16:46+00:00\" \/>\n<meta property=\"og:image\" content=\"https:\/\/antderground.com\/wp-content\/uploads\/2025\/02\/Cubaris-red-Edge-albino-1021x1024.png\" \/>\n\t<meta property=\"og:image:width\" content=\"1021\" \/>\n\t<meta property=\"og:image:height\" content=\"1024\" \/>\n\t<meta property=\"og:image:type\" content=\"image\/png\" \/>\n<meta name=\"twitter:card\" content=\"summary_large_image\" \/>\n<meta name=\"twitter:label1\" content=\"Gesch\u00e4tzte Lesezeit\" \/>\n\t<meta name=\"twitter:data1\" content=\"1\u00a0Minute\" \/>\n<script type=\"application\/ld+json\" class=\"yoast-schema-graph\">{\"@context\":\"https:\\\/\\\/schema.org\",\"@graph\":[{\"@type\":\"WebPage\",\"@id\":\"https:\\\/\\\/antderground.com\\\/de\\\/produkt\\\/cubaris-sp-red-edge-albino\\\/\",\"url\":\"https:\\\/\\\/antderground.com\\\/de\\\/produkt\\\/cubaris-sp-red-edge-albino\\\/\",\"name\":\"Cubaris sp. \\\"Red Edge Albino - andaman Pearl\\\" | Exotischen Isopoden - ANTDERGROUND\",\"isPartOf\":{\"@id\":\"https:\\\/\\\/antderground.com\\\/de\\\/#website\"},\"primaryImageOfPage\":{\"@id\":\"https:\\\/\\\/antderground.com\\\/de\\\/produkt\\\/cubaris-sp-red-edge-albino\\\/#primaryimage\"},\"image\":{\"@id\":\"https:\\\/\\\/antderground.com\\\/de\\\/produkt\\\/cubaris-sp-red-edge-albino\\\/#primaryimage\"},\"thumbnailUrl\":\"https:\\\/\\\/antderground.com\\\/wp-content\\\/uploads\\\/2025\\\/02\\\/Cubaris-red-Edge-albino.png\",\"datePublished\":\"2025-02-21T21:02:15+00:00\",\"dateModified\":\"2025-02-24T11:16:46+00:00\",\"description\":\"Entdecke den faszinierenden Cubaris sp. \u2018Red Edge Albino\u2019 \ud83d\udc1e\ud83c\udf3f, einen exotischen Isopoden mit einzigartigen Farben. Perfekt f\u00fcr bioaktive Terrarien! \ud83d\ude80\",\"breadcrumb\":{\"@id\":\"https:\\\/\\\/antderground.com\\\/de\\\/produkt\\\/cubaris-sp-red-edge-albino\\\/#breadcrumb\"},\"inLanguage\":\"de\",\"potentialAction\":[{\"@type\":\"ReadAction\",\"target\":[\"https:\\\/\\\/antderground.com\\\/de\\\/produkt\\\/cubaris-sp-red-edge-albino\\\/\"]}]},{\"@type\":\"ImageObject\",\"inLanguage\":\"de\",\"@id\":\"https:\\\/\\\/antderground.com\\\/de\\\/produkt\\\/cubaris-sp-red-edge-albino\\\/#primaryimage\",\"url\":\"https:\\\/\\\/antderground.com\\\/wp-content\\\/uploads\\\/2025\\\/02\\\/Cubaris-red-Edge-albino.png\",\"contentUrl\":\"https:\\\/\\\/antderground.com\\\/wp-content\\\/uploads\\\/2025\\\/02\\\/Cubaris-red-Edge-albino.png\",\"width\":1500,\"height\":1504,\"caption\":\"Red Edge Albino\"},{\"@type\":\"BreadcrumbList\",\"@id\":\"https:\\\/\\\/antderground.com\\\/de\\\/produkt\\\/cubaris-sp-red-edge-albino\\\/#breadcrumb\",\"itemListElement\":[{\"@type\":\"ListItem\",\"position\":1,\"name\":\"Portada\",\"item\":\"https:\\\/\\\/antderground.com\\\/de\\\/\"},{\"@type\":\"ListItem\",\"position\":2,\"name\":\"Shop\",\"item\":\"https:\\\/\\\/antderground.com\\\/de\\\/shop\\\/\"},{\"@type\":\"ListItem\",\"position\":3,\"name\":\"Cubaris sp. &#8220;Red Edge Albino &#8211; andaman Pearl&#8221;\"}]},{\"@type\":\"WebSite\",\"@id\":\"https:\\\/\\\/antderground.com\\\/de\\\/#website\",\"url\":\"https:\\\/\\\/antderground.com\\\/de\\\/\",\"name\":\"ANTDERGROUND\",\"description\":\"Tu tienda de hormigas, gran variedad de hormigueros acr\u00edlicos,madera,arena,3D y mas.. Pide tus hormigas gratis con tu pedido, somos expertos en hormigueros antifugas.\",\"publisher\":{\"@id\":\"https:\\\/\\\/antderground.com\\\/de\\\/#\\\/schema\\\/person\\\/0e322c505e84fe72c65e2f6d08f96b81\"},\"alternateName\":\"Antderground\",\"potentialAction\":[{\"@type\":\"SearchAction\",\"target\":{\"@type\":\"EntryPoint\",\"urlTemplate\":\"https:\\\/\\\/antderground.com\\\/de\\\/?s={search_term_string}\"},\"query-input\":{\"@type\":\"PropertyValueSpecification\",\"valueRequired\":true,\"valueName\":\"search_term_string\"}}],\"inLanguage\":\"de\"},{\"@type\":[\"Person\",\"Organization\"],\"@id\":\"https:\\\/\\\/antderground.com\\\/de\\\/#\\\/schema\\\/person\\\/0e322c505e84fe72c65e2f6d08f96b81\",\"name\":\"Eric de Antderground\",\"image\":{\"@type\":\"ImageObject\",\"inLanguage\":\"de\",\"@id\":\"https:\\\/\\\/secure.gravatar.com\\\/avatar\\\/c49a1b9f79216d1498cb73c1e85cd47f4465dda35f2a94c03790d491bd4423c3?s=96&d=mm&r=g\",\"url\":\"https:\\\/\\\/secure.gravatar.com\\\/avatar\\\/c49a1b9f79216d1498cb73c1e85cd47f4465dda35f2a94c03790d491bd4423c3?s=96&d=mm&r=g\",\"contentUrl\":\"https:\\\/\\\/secure.gravatar.com\\\/avatar\\\/c49a1b9f79216d1498cb73c1e85cd47f4465dda35f2a94c03790d491bd4423c3?s=96&d=mm&r=g\",\"caption\":\"Eric de Antderground\"},\"logo\":{\"@id\":\"https:\\\/\\\/secure.gravatar.com\\\/avatar\\\/c49a1b9f79216d1498cb73c1e85cd47f4465dda35f2a94c03790d491bd4423c3?s=96&d=mm&r=g\"},\"description\":\"Eric es el especialista y fundador de Antderground, con una amplia trayectoria en artr\u00f3podos y enfocado en la mirmecolog\u00eda y el dise\u00f1o de hormigueros artificiales. Su enfoque combina la innovaci\u00f3n t\u00e9cnica con el respeto por la biolog\u00eda de las hormigas, is\u00f3podos y otros, desarrollando sistemas de nidos modulares 3D y acr\u00edlicos que son referentes para aficionados y profesionales en toda Europa. Su objetivo es facilitar la cr\u00eda de hormigas y otros artr\u00f3podos mediante soluciones seguras y divulgaci\u00f3n de calidad.\",\"sameAs\":[\"https:\\\/\\\/antderground.com\\\/\",\"https:\\\/\\\/www.youtube.com\\\/channel\\\/UCio72z7TlbufkAthAJIJfPw\"]}]}<\/script>\n<!-- \/ Yoast SEO plugin. -->","yoast_head_json":{"title":"Cubaris sp. \"Red Edge Albino - andaman Pearl\" | Exotischen Isopoden - ANTDERGROUND","description":"Entdecke den faszinierenden Cubaris sp. \u2018Red Edge Albino\u2019 \ud83d\udc1e\ud83c\udf3f, einen exotischen Isopoden mit einzigartigen Farben. Perfekt f\u00fcr bioaktive Terrarien! \ud83d\ude80","robots":{"index":"index","follow":"follow","max-snippet":"max-snippet:-1","max-image-preview":"max-image-preview:large","max-video-preview":"max-video-preview:-1"},"canonical":"https:\/\/antderground.com\/de\/produkt\/cubaris-sp-red-edge-albino\/","og_locale":"de_DE","og_type":"article","og_title":"Cubaris sp. \"Red Edge Albino - andaman Pearl\" | Exotischen Isopoden - ANTDERGROUND","og_description":"Entdecke den faszinierenden Cubaris sp. \u2018Red Edge Albino\u2019 \ud83d\udc1e\ud83c\udf3f, einen exotischen Isopoden mit einzigartigen Farben. Perfekt f\u00fcr bioaktive Terrarien! \ud83d\ude80","og_url":"https:\/\/antderground.com\/de\/produkt\/cubaris-sp-red-edge-albino\/","og_site_name":"ANTDERGROUND","article_modified_time":"2025-02-24T11:16:46+00:00","og_image":[{"width":1021,"height":1024,"url":"https:\/\/antderground.com\/wp-content\/uploads\/2025\/02\/Cubaris-red-Edge-albino-1021x1024.png","type":"image\/png"}],"twitter_card":"summary_large_image","twitter_misc":{"Gesch\u00e4tzte Lesezeit":"1\u00a0Minute"},"schema":{"@context":"https:\/\/schema.org","@graph":[{"@type":"WebPage","@id":"https:\/\/antderground.com\/de\/produkt\/cubaris-sp-red-edge-albino\/","url":"https:\/\/antderground.com\/de\/produkt\/cubaris-sp-red-edge-albino\/","name":"Cubaris sp. \"Red Edge Albino - andaman Pearl\" | Exotischen Isopoden - ANTDERGROUND","isPartOf":{"@id":"https:\/\/antderground.com\/de\/#website"},"primaryImageOfPage":{"@id":"https:\/\/antderground.com\/de\/produkt\/cubaris-sp-red-edge-albino\/#primaryimage"},"image":{"@id":"https:\/\/antderground.com\/de\/produkt\/cubaris-sp-red-edge-albino\/#primaryimage"},"thumbnailUrl":"https:\/\/antderground.com\/wp-content\/uploads\/2025\/02\/Cubaris-red-Edge-albino.png","datePublished":"2025-02-21T21:02:15+00:00","dateModified":"2025-02-24T11:16:46+00:00","description":"Entdecke den faszinierenden Cubaris sp. \u2018Red Edge Albino\u2019 \ud83d\udc1e\ud83c\udf3f, einen exotischen Isopoden mit einzigartigen Farben. Perfekt f\u00fcr bioaktive Terrarien! \ud83d\ude80","breadcrumb":{"@id":"https:\/\/antderground.com\/de\/produkt\/cubaris-sp-red-edge-albino\/#breadcrumb"},"inLanguage":"de","potentialAction":[{"@type":"ReadAction","target":["https:\/\/antderground.com\/de\/produkt\/cubaris-sp-red-edge-albino\/"]}]},{"@type":"ImageObject","inLanguage":"de","@id":"https:\/\/antderground.com\/de\/produkt\/cubaris-sp-red-edge-albino\/#primaryimage","url":"https:\/\/antderground.com\/wp-content\/uploads\/2025\/02\/Cubaris-red-Edge-albino.png","contentUrl":"https:\/\/antderground.com\/wp-content\/uploads\/2025\/02\/Cubaris-red-Edge-albino.png","width":1500,"height":1504,"caption":"Red Edge Albino"},{"@type":"BreadcrumbList","@id":"https:\/\/antderground.com\/de\/produkt\/cubaris-sp-red-edge-albino\/#breadcrumb","itemListElement":[{"@type":"ListItem","position":1,"name":"Portada","item":"https:\/\/antderground.com\/de\/"},{"@type":"ListItem","position":2,"name":"Shop","item":"https:\/\/antderground.com\/de\/shop\/"},{"@type":"ListItem","position":3,"name":"Cubaris sp. &#8220;Red Edge Albino &#8211; andaman Pearl&#8221;"}]},{"@type":"WebSite","@id":"https:\/\/antderground.com\/de\/#website","url":"https:\/\/antderground.com\/de\/","name":"ANTDERGROUND","description":"Tu tienda de hormigas, gran variedad de hormigueros acr\u00edlicos,madera,arena,3D y mas.. Pide tus hormigas gratis con tu pedido, somos expertos en hormigueros antifugas.","publisher":{"@id":"https:\/\/antderground.com\/de\/#\/schema\/person\/0e322c505e84fe72c65e2f6d08f96b81"},"alternateName":"Antderground","potentialAction":[{"@type":"SearchAction","target":{"@type":"EntryPoint","urlTemplate":"https:\/\/antderground.com\/de\/?s={search_term_string}"},"query-input":{"@type":"PropertyValueSpecification","valueRequired":true,"valueName":"search_term_string"}}],"inLanguage":"de"},{"@type":["Person","Organization"],"@id":"https:\/\/antderground.com\/de\/#\/schema\/person\/0e322c505e84fe72c65e2f6d08f96b81","name":"Eric de Antderground","image":{"@type":"ImageObject","inLanguage":"de","@id":"https:\/\/secure.gravatar.com\/avatar\/c49a1b9f79216d1498cb73c1e85cd47f4465dda35f2a94c03790d491bd4423c3?s=96&d=mm&r=g","url":"https:\/\/secure.gravatar.com\/avatar\/c49a1b9f79216d1498cb73c1e85cd47f4465dda35f2a94c03790d491bd4423c3?s=96&d=mm&r=g","contentUrl":"https:\/\/secure.gravatar.com\/avatar\/c49a1b9f79216d1498cb73c1e85cd47f4465dda35f2a94c03790d491bd4423c3?s=96&d=mm&r=g","caption":"Eric de Antderground"},"logo":{"@id":"https:\/\/secure.gravatar.com\/avatar\/c49a1b9f79216d1498cb73c1e85cd47f4465dda35f2a94c03790d491bd4423c3?s=96&d=mm&r=g"},"description":"Eric es el especialista y fundador de Antderground, con una amplia trayectoria en artr\u00f3podos y enfocado en la mirmecolog\u00eda y el dise\u00f1o de hormigueros artificiales. Su enfoque combina la innovaci\u00f3n t\u00e9cnica con el respeto por la biolog\u00eda de las hormigas, is\u00f3podos y otros, desarrollando sistemas de nidos modulares 3D y acr\u00edlicos que son referentes para aficionados y profesionales en toda Europa. Su objetivo es facilitar la cr\u00eda de hormigas y otros artr\u00f3podos mediante soluciones seguras y divulgaci\u00f3n de calidad.","sameAs":["https:\/\/antderground.com\/","https:\/\/www.youtube.com\/channel\/UCio72z7TlbufkAthAJIJfPw"]}]}},"_links":{"self":[{"href":"https:\/\/antderground.com\/de\/wp-json\/wp\/v2\/product\/40462","targetHints":{"allow":["GET"]}}],"collection":[{"href":"https:\/\/antderground.com\/de\/wp-json\/wp\/v2\/product"}],"about":[{"href":"https:\/\/antderground.com\/de\/wp-json\/wp\/v2\/types\/product"}],"version-history":[{"count":0,"href":"https:\/\/antderground.com\/de\/wp-json\/wp\/v2\/product\/40462\/revisions"}],"wp:featuredmedia":[{"embeddable":true,"href":"https:\/\/antderground.com\/de\/wp-json\/wp\/v2\/media\/40453"}],"wp:attachment":[{"href":"https:\/\/antderground.com\/de\/wp-json\/wp\/v2\/media?parent=40462"}],"wp:term":[{"taxonomy":"product_brand","embeddable":true,"href":"https:\/\/antderground.com\/de\/wp-json\/wp\/v2\/product_brand?post=40462"},{"taxonomy":"product_cat","embeddable":true,"href":"https:\/\/antderground.com\/de\/wp-json\/wp\/v2\/product_cat?post=40462"},{"taxonomy":"product_tag","embeddable":true,"href":"https:\/\/antderground.com\/de\/wp-json\/wp\/v2\/product_tag?post=40462"}],"curies":[{"name":"wp","href":"https:\/\/api.w.org\/{rel}","templated":true}]}}