{"id":40693,"date":"2025-03-03T15:28:09","date_gmt":"2025-03-03T14:28:09","guid":{"rendered":"https:\/\/www.antderground.com\/producto\/neoregelia-pink\/"},"modified":"2025-03-03T15:28:09","modified_gmt":"2025-03-03T14:28:09","slug":"neoregelia-pink","status":"publish","type":"product","link":"https:\/\/antderground.com\/de\/produkt\/neoregelia-pink\/","title":{"rendered":"Neoregelia Pink"},"content":{"rendered":"<p data-start=\"54\" data-end=\"204\"><strong data-start=\"88\" data-end=\"108\">Gemeinsamer Name<\/strong>: Neoregelia Pink<br data-start=\"125\" data-end=\"128\" \/><strong data-start=\"128\" data-end=\"155\">Wissenschaftlicher Name<\/strong>: <em data-start=\"157\" data-end=\"174\">Neoregelia spp.<\/em><br data-start=\"174\" data-end=\"177\" \/><strong data-start=\"177\" data-end=\"188\">Familie<\/strong>: Bromeliaceae<\/p>\n<p data-start=\"206\" data-end=\"481\"><strong data-start=\"206\" data-end=\"222\">Beschreibung<\/strong>:<br data-start=\"223\" data-end=\"226\" \/>Die <strong data-start=\"230\" data-end=\"249\">Neoregelia Pink<\/strong> ist eine mittelgro\u00dfe Bromelie mit auff\u00e4lligen rosa Bl\u00e4ttern im Zentrum, die ihr eine attraktive dekorative Erscheinung verleihen. Die Bl\u00e4tter sind starr und bilden eine Rosette. Mit der Zeit wird das rosa in der Mitte intensiver.<\/p>\n<p data-start=\"483\" data-end=\"503\"><strong data-start=\"483\" data-end=\"500\">Eigenschaften<\/strong>:<\/p>\n<ul data-start=\"504\" data-end=\"793\">\n<li data-start=\"504\" data-end=\"537\"><strong data-start=\"506\" data-end=\"515\">Gr\u00f6\u00dfe<\/strong>: Bis zu 20 cm hoch.<\/li>\n<li data-start=\"538\" data-end=\"583\"><strong data-start=\"540\" data-end=\"549\">Farbe<\/strong>: Rosa im Zentrum, gr\u00fcne R\u00e4nder.<\/li>\n<li data-start=\"584\" data-end=\"626\"><strong data-start=\"586\" data-end=\"595\">Licht<\/strong>: Bevorzugt indirektes Licht.<\/li>\n<li data-start=\"627\" data-end=\"665\"><strong data-start=\"629\" data-end=\"643\">Temperatur<\/strong>: Ideal bei 18-26\u00b0C.<\/li>\n<li data-start=\"666\" data-end=\"738\"><strong data-start=\"668\" data-end=\"684\">Feuchtigkeit<\/strong>: Ben\u00f6tigt feuchte Bedingungen, ideal f\u00fcr Terrarien.<\/li>\n<li data-start=\"739\" data-end=\"793\"><strong data-start=\"741\" data-end=\"751\">Wasser<\/strong>: Gie\u00dfen bevorzugt im Zentrum der Rosette.<\/li>\n<\/ul>\n<p data-start=\"795\" data-end=\"812\"><strong data-start=\"795\" data-end=\"809\">Verwendung<\/strong>:<\/p>\n<ul data-start=\"813\" data-end=\"949\">\n<li data-start=\"813\" data-end=\"871\"><strong data-start=\"815\" data-end=\"838\">Innenraumdekoration<\/strong>: Perfekt f\u00fcr H\u00e4user und B\u00fcros.<\/li>\n<li data-start=\"872\" data-end=\"949\"><strong data-start=\"874\" data-end=\"902\">Terrarien und Paludarien<\/strong>: Ideal f\u00fcr tropische Terrarien und Paludarien.<\/li>\n<\/ul>\n<p data-start=\"951\" data-end=\"966\"><strong data-start=\"951\" data-end=\"963\">Vorteile<\/strong>:<\/p>\n<ul data-start=\"967\" data-end=\"1112\">\n<li data-start=\"967\" data-end=\"1027\"><strong data-start=\"969\" data-end=\"985\">Luftreiniger<\/strong>: Hilft, die Luftqualit\u00e4t zu verbessern.<\/li>\n<li data-start=\"1028\" data-end=\"1072\"><strong data-start=\"1030\" data-end=\"1047\">Nicht toxisch<\/strong>: Sicher f\u00fcr Haustiere.<\/li>\n<li data-start=\"1073\" data-end=\"1112\"><strong data-start=\"1075\" data-end=\"1091\">Pflegeleicht<\/strong>: Ideal f\u00fcr Anf\u00e4nger<\/li>\n<\/ul>\n","protected":false},"excerpt":{"rendered":"<p>Verleihen Sie Ihrem Raum Farbe mit der Neoregelia Pink! Diese Bromelie mit lebhaften rosa Bl\u00e4ttern ist ideal f\u00fcr Innenr\u00e4ume und Terrarien, pflegeleicht und sicher f\u00fcr Haustiere.<\/p>\n","protected":false},"featured_media":40681,"template":"","meta":[],"product_brand":[],"product_cat":[638],"product_tag":[],"class_list":{"0":"post-40693","1":"product","2":"type-product","3":"status-publish","4":"has-post-thumbnail","6":"product_cat-naturliche-pflanzen","8":"first","9":"instock","10":"shipping-taxable","11":"purchasable","12":"product-type-simple"},"yoast_head":"<!-- This site is optimized with the Yoast SEO plugin v27.3 - https:\/\/yoast.com\/product\/yoast-seo-wordpress\/ -->\n<title>Neoregelia Pink | Pflanzen f\u00fcr Terrarien - ANTDERGROUND<\/title>\n<meta name=\"description\" content=\"Verleihen Sie Ihrem Raum mit Neoregelia Pink Farbe \ud83c\udf38. Ideal f\u00fcr Innenr\u00e4ume und Terrarien, pflegeleicht und sicher f\u00fcr Haustiere \ud83d\udc3e.\" \/>\n<meta name=\"robots\" content=\"index, follow, max-snippet:-1, max-image-preview:large, max-video-preview:-1\" \/>\n<link rel=\"canonical\" href=\"https:\/\/antderground.com\/de\/produkt\/neoregelia-pink\/\" \/>\n<meta property=\"og:locale\" content=\"de_DE\" \/>\n<meta property=\"og:type\" content=\"article\" \/>\n<meta property=\"og:title\" content=\"Neoregelia Pink | Pflanzen f\u00fcr Terrarien - ANTDERGROUND\" \/>\n<meta property=\"og:description\" content=\"Verleihen Sie Ihrem Raum mit Neoregelia Pink Farbe \ud83c\udf38. Ideal f\u00fcr Innenr\u00e4ume und Terrarien, pflegeleicht und sicher f\u00fcr Haustiere \ud83d\udc3e.\" \/>\n<meta property=\"og:url\" content=\"https:\/\/antderground.com\/de\/produkt\/neoregelia-pink\/\" \/>\n<meta property=\"og:site_name\" content=\"ANTDERGROUND\" \/>\n<meta property=\"og:image\" content=\"https:\/\/antderground.com\/wp-content\/uploads\/2025\/03\/Neoregelia-Pink-1.jpeg\" \/>\n\t<meta property=\"og:image:width\" content=\"1600\" \/>\n\t<meta property=\"og:image:height\" content=\"1600\" \/>\n\t<meta property=\"og:image:type\" content=\"image\/jpeg\" \/>\n<meta name=\"twitter:card\" content=\"summary_large_image\" \/>\n<meta name=\"twitter:label1\" content=\"Gesch\u00e4tzte Lesezeit\" \/>\n\t<meta name=\"twitter:data1\" content=\"1\u00a0Minute\" \/>\n<script type=\"application\/ld+json\" class=\"yoast-schema-graph\">{\"@context\":\"https:\\\/\\\/schema.org\",\"@graph\":[{\"@type\":\"WebPage\",\"@id\":\"https:\\\/\\\/antderground.com\\\/de\\\/produkt\\\/neoregelia-pink\\\/\",\"url\":\"https:\\\/\\\/antderground.com\\\/de\\\/produkt\\\/neoregelia-pink\\\/\",\"name\":\"Neoregelia Pink | Pflanzen f\u00fcr Terrarien - ANTDERGROUND\",\"isPartOf\":{\"@id\":\"https:\\\/\\\/antderground.com\\\/de\\\/#website\"},\"primaryImageOfPage\":{\"@id\":\"https:\\\/\\\/antderground.com\\\/de\\\/produkt\\\/neoregelia-pink\\\/#primaryimage\"},\"image\":{\"@id\":\"https:\\\/\\\/antderground.com\\\/de\\\/produkt\\\/neoregelia-pink\\\/#primaryimage\"},\"thumbnailUrl\":\"https:\\\/\\\/antderground.com\\\/wp-content\\\/uploads\\\/2025\\\/03\\\/Neoregelia-Pink-1.jpeg\",\"datePublished\":\"2025-03-03T14:28:09+00:00\",\"description\":\"Verleihen Sie Ihrem Raum mit Neoregelia Pink Farbe \ud83c\udf38. Ideal f\u00fcr Innenr\u00e4ume und Terrarien, pflegeleicht und sicher f\u00fcr Haustiere \ud83d\udc3e.\",\"breadcrumb\":{\"@id\":\"https:\\\/\\\/antderground.com\\\/de\\\/produkt\\\/neoregelia-pink\\\/#breadcrumb\"},\"inLanguage\":\"de\",\"potentialAction\":[{\"@type\":\"ReadAction\",\"target\":[\"https:\\\/\\\/antderground.com\\\/de\\\/produkt\\\/neoregelia-pink\\\/\"]}]},{\"@type\":\"ImageObject\",\"inLanguage\":\"de\",\"@id\":\"https:\\\/\\\/antderground.com\\\/de\\\/produkt\\\/neoregelia-pink\\\/#primaryimage\",\"url\":\"https:\\\/\\\/antderground.com\\\/wp-content\\\/uploads\\\/2025\\\/03\\\/Neoregelia-Pink-1.jpeg\",\"contentUrl\":\"https:\\\/\\\/antderground.com\\\/wp-content\\\/uploads\\\/2025\\\/03\\\/Neoregelia-Pink-1.jpeg\",\"width\":1600,\"height\":1600,\"caption\":\"Neoregelia Pink\"},{\"@type\":\"BreadcrumbList\",\"@id\":\"https:\\\/\\\/antderground.com\\\/de\\\/produkt\\\/neoregelia-pink\\\/#breadcrumb\",\"itemListElement\":[{\"@type\":\"ListItem\",\"position\":1,\"name\":\"Portada\",\"item\":\"https:\\\/\\\/antderground.com\\\/de\\\/\"},{\"@type\":\"ListItem\",\"position\":2,\"name\":\"Shop\",\"item\":\"https:\\\/\\\/antderground.com\\\/de\\\/shop\\\/\"},{\"@type\":\"ListItem\",\"position\":3,\"name\":\"Neoregelia Pink\"}]},{\"@type\":\"WebSite\",\"@id\":\"https:\\\/\\\/antderground.com\\\/de\\\/#website\",\"url\":\"https:\\\/\\\/antderground.com\\\/de\\\/\",\"name\":\"ANTDERGROUND\",\"description\":\"Tu tienda de hormigas, gran variedad de hormigueros acr\u00edlicos,madera,arena,3D y mas.. Pide tus hormigas gratis con tu pedido, somos expertos en hormigueros antifugas.\",\"publisher\":{\"@id\":\"https:\\\/\\\/antderground.com\\\/de\\\/#\\\/schema\\\/person\\\/0e322c505e84fe72c65e2f6d08f96b81\"},\"alternateName\":\"Antderground\",\"potentialAction\":[{\"@type\":\"SearchAction\",\"target\":{\"@type\":\"EntryPoint\",\"urlTemplate\":\"https:\\\/\\\/antderground.com\\\/de\\\/?s={search_term_string}\"},\"query-input\":{\"@type\":\"PropertyValueSpecification\",\"valueRequired\":true,\"valueName\":\"search_term_string\"}}],\"inLanguage\":\"de\"},{\"@type\":[\"Person\",\"Organization\"],\"@id\":\"https:\\\/\\\/antderground.com\\\/de\\\/#\\\/schema\\\/person\\\/0e322c505e84fe72c65e2f6d08f96b81\",\"name\":\"Eric de Antderground\",\"image\":{\"@type\":\"ImageObject\",\"inLanguage\":\"de\",\"@id\":\"https:\\\/\\\/secure.gravatar.com\\\/avatar\\\/c49a1b9f79216d1498cb73c1e85cd47f4465dda35f2a94c03790d491bd4423c3?s=96&d=mm&r=g\",\"url\":\"https:\\\/\\\/secure.gravatar.com\\\/avatar\\\/c49a1b9f79216d1498cb73c1e85cd47f4465dda35f2a94c03790d491bd4423c3?s=96&d=mm&r=g\",\"contentUrl\":\"https:\\\/\\\/secure.gravatar.com\\\/avatar\\\/c49a1b9f79216d1498cb73c1e85cd47f4465dda35f2a94c03790d491bd4423c3?s=96&d=mm&r=g\",\"caption\":\"Eric de Antderground\"},\"logo\":{\"@id\":\"https:\\\/\\\/secure.gravatar.com\\\/avatar\\\/c49a1b9f79216d1498cb73c1e85cd47f4465dda35f2a94c03790d491bd4423c3?s=96&d=mm&r=g\"},\"description\":\"Eric es el especialista y fundador de Antderground, con una amplia trayectoria en artr\u00f3podos y enfocado en la mirmecolog\u00eda y el dise\u00f1o de hormigueros artificiales. Su enfoque combina la innovaci\u00f3n t\u00e9cnica con el respeto por la biolog\u00eda de las hormigas, is\u00f3podos y otros, desarrollando sistemas de nidos modulares 3D y acr\u00edlicos que son referentes para aficionados y profesionales en toda Europa. Su objetivo es facilitar la cr\u00eda de hormigas y otros artr\u00f3podos mediante soluciones seguras y divulgaci\u00f3n de calidad.\",\"sameAs\":[\"https:\\\/\\\/antderground.com\\\/\",\"https:\\\/\\\/www.youtube.com\\\/channel\\\/UCio72z7TlbufkAthAJIJfPw\"]}]}<\/script>\n<!-- \/ Yoast SEO plugin. -->","yoast_head_json":{"title":"Neoregelia Pink | Pflanzen f\u00fcr Terrarien - ANTDERGROUND","description":"Verleihen Sie Ihrem Raum mit Neoregelia Pink Farbe \ud83c\udf38. Ideal f\u00fcr Innenr\u00e4ume und Terrarien, pflegeleicht und sicher f\u00fcr Haustiere \ud83d\udc3e.","robots":{"index":"index","follow":"follow","max-snippet":"max-snippet:-1","max-image-preview":"max-image-preview:large","max-video-preview":"max-video-preview:-1"},"canonical":"https:\/\/antderground.com\/de\/produkt\/neoregelia-pink\/","og_locale":"de_DE","og_type":"article","og_title":"Neoregelia Pink | Pflanzen f\u00fcr Terrarien - ANTDERGROUND","og_description":"Verleihen Sie Ihrem Raum mit Neoregelia Pink Farbe \ud83c\udf38. Ideal f\u00fcr Innenr\u00e4ume und Terrarien, pflegeleicht und sicher f\u00fcr Haustiere \ud83d\udc3e.","og_url":"https:\/\/antderground.com\/de\/produkt\/neoregelia-pink\/","og_site_name":"ANTDERGROUND","og_image":[{"width":1600,"height":1600,"url":"https:\/\/antderground.com\/wp-content\/uploads\/2025\/03\/Neoregelia-Pink-1.jpeg","type":"image\/jpeg"}],"twitter_card":"summary_large_image","twitter_misc":{"Gesch\u00e4tzte Lesezeit":"1\u00a0Minute"},"schema":{"@context":"https:\/\/schema.org","@graph":[{"@type":"WebPage","@id":"https:\/\/antderground.com\/de\/produkt\/neoregelia-pink\/","url":"https:\/\/antderground.com\/de\/produkt\/neoregelia-pink\/","name":"Neoregelia Pink | Pflanzen f\u00fcr Terrarien - ANTDERGROUND","isPartOf":{"@id":"https:\/\/antderground.com\/de\/#website"},"primaryImageOfPage":{"@id":"https:\/\/antderground.com\/de\/produkt\/neoregelia-pink\/#primaryimage"},"image":{"@id":"https:\/\/antderground.com\/de\/produkt\/neoregelia-pink\/#primaryimage"},"thumbnailUrl":"https:\/\/antderground.com\/wp-content\/uploads\/2025\/03\/Neoregelia-Pink-1.jpeg","datePublished":"2025-03-03T14:28:09+00:00","description":"Verleihen Sie Ihrem Raum mit Neoregelia Pink Farbe \ud83c\udf38. Ideal f\u00fcr Innenr\u00e4ume und Terrarien, pflegeleicht und sicher f\u00fcr Haustiere \ud83d\udc3e.","breadcrumb":{"@id":"https:\/\/antderground.com\/de\/produkt\/neoregelia-pink\/#breadcrumb"},"inLanguage":"de","potentialAction":[{"@type":"ReadAction","target":["https:\/\/antderground.com\/de\/produkt\/neoregelia-pink\/"]}]},{"@type":"ImageObject","inLanguage":"de","@id":"https:\/\/antderground.com\/de\/produkt\/neoregelia-pink\/#primaryimage","url":"https:\/\/antderground.com\/wp-content\/uploads\/2025\/03\/Neoregelia-Pink-1.jpeg","contentUrl":"https:\/\/antderground.com\/wp-content\/uploads\/2025\/03\/Neoregelia-Pink-1.jpeg","width":1600,"height":1600,"caption":"Neoregelia Pink"},{"@type":"BreadcrumbList","@id":"https:\/\/antderground.com\/de\/produkt\/neoregelia-pink\/#breadcrumb","itemListElement":[{"@type":"ListItem","position":1,"name":"Portada","item":"https:\/\/antderground.com\/de\/"},{"@type":"ListItem","position":2,"name":"Shop","item":"https:\/\/antderground.com\/de\/shop\/"},{"@type":"ListItem","position":3,"name":"Neoregelia Pink"}]},{"@type":"WebSite","@id":"https:\/\/antderground.com\/de\/#website","url":"https:\/\/antderground.com\/de\/","name":"ANTDERGROUND","description":"Tu tienda de hormigas, gran variedad de hormigueros acr\u00edlicos,madera,arena,3D y mas.. Pide tus hormigas gratis con tu pedido, somos expertos en hormigueros antifugas.","publisher":{"@id":"https:\/\/antderground.com\/de\/#\/schema\/person\/0e322c505e84fe72c65e2f6d08f96b81"},"alternateName":"Antderground","potentialAction":[{"@type":"SearchAction","target":{"@type":"EntryPoint","urlTemplate":"https:\/\/antderground.com\/de\/?s={search_term_string}"},"query-input":{"@type":"PropertyValueSpecification","valueRequired":true,"valueName":"search_term_string"}}],"inLanguage":"de"},{"@type":["Person","Organization"],"@id":"https:\/\/antderground.com\/de\/#\/schema\/person\/0e322c505e84fe72c65e2f6d08f96b81","name":"Eric de Antderground","image":{"@type":"ImageObject","inLanguage":"de","@id":"https:\/\/secure.gravatar.com\/avatar\/c49a1b9f79216d1498cb73c1e85cd47f4465dda35f2a94c03790d491bd4423c3?s=96&d=mm&r=g","url":"https:\/\/secure.gravatar.com\/avatar\/c49a1b9f79216d1498cb73c1e85cd47f4465dda35f2a94c03790d491bd4423c3?s=96&d=mm&r=g","contentUrl":"https:\/\/secure.gravatar.com\/avatar\/c49a1b9f79216d1498cb73c1e85cd47f4465dda35f2a94c03790d491bd4423c3?s=96&d=mm&r=g","caption":"Eric de Antderground"},"logo":{"@id":"https:\/\/secure.gravatar.com\/avatar\/c49a1b9f79216d1498cb73c1e85cd47f4465dda35f2a94c03790d491bd4423c3?s=96&d=mm&r=g"},"description":"Eric es el especialista y fundador de Antderground, con una amplia trayectoria en artr\u00f3podos y enfocado en la mirmecolog\u00eda y el dise\u00f1o de hormigueros artificiales. Su enfoque combina la innovaci\u00f3n t\u00e9cnica con el respeto por la biolog\u00eda de las hormigas, is\u00f3podos y otros, desarrollando sistemas de nidos modulares 3D y acr\u00edlicos que son referentes para aficionados y profesionales en toda Europa. Su objetivo es facilitar la cr\u00eda de hormigas y otros artr\u00f3podos mediante soluciones seguras y divulgaci\u00f3n de calidad.","sameAs":["https:\/\/antderground.com\/","https:\/\/www.youtube.com\/channel\/UCio72z7TlbufkAthAJIJfPw"]}]}},"_links":{"self":[{"href":"https:\/\/antderground.com\/de\/wp-json\/wp\/v2\/product\/40693","targetHints":{"allow":["GET"]}}],"collection":[{"href":"https:\/\/antderground.com\/de\/wp-json\/wp\/v2\/product"}],"about":[{"href":"https:\/\/antderground.com\/de\/wp-json\/wp\/v2\/types\/product"}],"version-history":[{"count":0,"href":"https:\/\/antderground.com\/de\/wp-json\/wp\/v2\/product\/40693\/revisions"}],"wp:featuredmedia":[{"embeddable":true,"href":"https:\/\/antderground.com\/de\/wp-json\/wp\/v2\/media\/40681"}],"wp:attachment":[{"href":"https:\/\/antderground.com\/de\/wp-json\/wp\/v2\/media?parent=40693"}],"wp:term":[{"taxonomy":"product_brand","embeddable":true,"href":"https:\/\/antderground.com\/de\/wp-json\/wp\/v2\/product_brand?post=40693"},{"taxonomy":"product_cat","embeddable":true,"href":"https:\/\/antderground.com\/de\/wp-json\/wp\/v2\/product_cat?post=40693"},{"taxonomy":"product_tag","embeddable":true,"href":"https:\/\/antderground.com\/de\/wp-json\/wp\/v2\/product_tag?post=40693"}],"curies":[{"name":"wp","href":"https:\/\/api.w.org\/{rel}","templated":true}]}}