{"id":40729,"date":"2025-03-04T11:22:02","date_gmt":"2025-03-04T10:22:02","guid":{"rendered":"https:\/\/www.antderground.com\/producto\/cubaris-murina-salmon-martinique\/"},"modified":"2025-03-04T11:22:02","modified_gmt":"2025-03-04T10:22:02","slug":"cubaris-murina-salmon-martinique","status":"publish","type":"product","link":"https:\/\/antderground.com\/de\/produkt\/cubaris-murina-salmon-martinique\/","title":{"rendered":"Cubaris murina &#8220;Salmon Martinique&#8221;"},"content":{"rendered":"<p data-start=\"2486\" data-end=\"2550\"><strong data-start=\"2486\" data-end=\"2548\">Technisches Datenblatt: Cubaris murina &#8220;Salmon Martinique&#8221;<\/strong><\/p>\n<p data-start=\"2552\" data-end=\"2937\"><strong data-start=\"2552\" data-end=\"2580\">Wissenschaftlicher Name:<\/strong> Cubaris murina &#8220;Salmon Martinique&#8221;<br data-start=\"2615\" data-end=\"2618\" \/><strong data-start=\"2618\" data-end=\"2639\">Allgemeiner Name:<\/strong> Isopode Cubaris murina &#8220;Salmon Martinique&#8221;<br data-start=\"2682\" data-end=\"2685\" \/><strong data-start=\"2685\" data-end=\"2697\">Familie:<\/strong> Armadillidae<br data-start=\"2710\" data-end=\"2713\" \/><strong data-start=\"2713\" data-end=\"2726\">Herkunft:<\/strong> Insel Martinique, Karibik<br data-start=\"2752\" data-end=\"2755\" \/><strong data-start=\"2755\" data-end=\"2776\">Erwachsene Gr\u00f6\u00dfe:<\/strong> Etwa 1 &#8211; 1,5 cm<br data-start=\"2792\" data-end=\"2795\" \/><strong data-start=\"2795\" data-end=\"2807\">F\u00e4rbung:<\/strong> Blasslachs bis orange mit leichten individuellen Variationen.<br data-start=\"2869\" data-end=\"2872\" \/><strong data-start=\"2872\" data-end=\"2892\">Lebenserwartung:<\/strong> 1,5 &#8211; 3 Jahre unter optimalen Bedingungen.<\/p>\n<h3 data-start=\"2939\" data-end=\"2971\"><strong data-start=\"2943\" data-end=\"2969\">Lebensraum und Haltung<\/strong><\/h3>\n<p data-start=\"2972\" data-end=\"2991\"><strong data-start=\"2972\" data-end=\"2989\">Terrariumtyp:<\/strong><\/p>\n<ul data-start=\"2992\" data-end=\"3127\">\n<li data-start=\"2992\" data-end=\"3054\">Feuchtes oder halbtrockenes Terrarium mit guter Bel\u00fcftung.<\/li>\n<li data-start=\"3055\" data-end=\"3127\">Empfohlenes Substrat: Kokosfaser, Sphagnummoos und trockene Bl\u00e4tter.<\/li>\n<\/ul>\n<p data-start=\"3129\" data-end=\"3152\"><strong data-start=\"3129\" data-end=\"3150\">Luftfeuchtigkeit:<\/strong><\/p>\n<ul data-start=\"3153\" data-end=\"3238\">\n<li data-start=\"3153\" data-end=\"3238\">70 % &#8211; 85 %, mit einer feuchten und einer trockeneren Zone f\u00fcr das Gleichgewicht.<\/li>\n<\/ul>\n<p data-start=\"3240\" data-end=\"3257\"><strong data-start=\"3240\" data-end=\"3255\">Temperatur:<\/strong><\/p>\n<ul data-start=\"3258\" data-end=\"3370\">\n<li data-start=\"3258\" data-end=\"3285\">Zwischen 22\u00b0C und 26\u00b0C.<\/li>\n<li data-start=\"3286\" data-end=\"3370\">Vertr\u00e4gt keine extremen Temperaturen unter 18\u00b0C oder \u00fcber 28\u00b0C f\u00fcr l\u00e4ngere Zeit.<\/li>\n<\/ul>\n<p data-start=\"3372\" data-end=\"3390\"><strong data-start=\"3372\" data-end=\"3388\">Beleuchtung:<\/strong><\/p>\n<ul data-start=\"3391\" data-end=\"3446\">\n<li data-start=\"3391\" data-end=\"3446\">Indirektes Licht, keine direkte Sonneneinstrahlung.<\/li>\n<\/ul>\n<h3 data-start=\"3448\" data-end=\"3467\"><strong data-start=\"3452\" data-end=\"3465\">Ern\u00e4hrung<\/strong><\/h3>\n<ul data-start=\"3468\" data-end=\"3685\">\n<li data-start=\"3468\" data-end=\"3541\">Zersetztes organisches Material (trockene Bl\u00e4tter, verrottetes Holz).<\/li>\n<li data-start=\"3542\" data-end=\"3615\">Erg\u00e4nzungen: Obst, Gem\u00fcse und Kalzium (Sepiaschale oder Eierschalen).<\/li>\n<li data-start=\"3616\" data-end=\"3685\">Gelegentliche Proteinzugabe (getrockneter Fisch, Mehlwurmlarven).<\/li>\n<\/ul>\n<h3 data-start=\"3687\" data-end=\"3724\"><strong data-start=\"3691\" data-end=\"3722\">Verhalten und Fortpflanzung<\/strong><\/h3>\n<p data-start=\"3725\" data-end=\"3747\"><strong data-start=\"3725\" data-end=\"3745\">Sozialverhalten:<\/strong><\/p>\n<ul data-start=\"3748\" data-end=\"3858\">\n<li data-start=\"3748\" data-end=\"3799\">Gesellige Art, bevorzugt das Leben in Kolonien.<\/li>\n<li data-start=\"3800\" data-end=\"3858\">Relativ aktiv und sichtbarer als andere Cubaris-Arten.<\/li>\n<\/ul>\n<p data-start=\"3860\" data-end=\"3880\"><strong data-start=\"3860\" data-end=\"3878\">Fortpflanzung:<\/strong><\/p>\n<ul data-start=\"3881\" data-end=\"4065\">\n<li data-start=\"3881\" data-end=\"3950\">Kontinuierlicher Fortpflanzungszyklus unter stabilen Bedingungen.<\/li>\n<li data-start=\"3951\" data-end=\"4019\">Weibchen tragen die Eier in ihrer Brutkammer, bis sie schl\u00fcpfen.<\/li>\n<li data-start=\"4020\" data-end=\"4065\">Kleine Nachkommen mit moderatem Wachstum.<\/li>\n<\/ul>\n<h3 data-start=\"4067\" data-end=\"4097\"><strong data-start=\"4071\" data-end=\"4095\">Zus\u00e4tzliche Hinweise<\/strong><\/h3>\n<ul data-start=\"4098\" data-end=\"4281\">\n<li data-start=\"4098\" data-end=\"4151\">Ideal f\u00fcr Anf\u00e4nger und erfahrene Isopoden-Halter.<\/li>\n<li data-start=\"4152\" data-end=\"4214\">Geeignet f\u00fcr bioaktive tropische Terrarien und Paludarien.<\/li>\n<li data-start=\"4215\" data-end=\"4281\">Seine besondere F\u00e4rbung macht ihn zu einem begehrten Exemplar.<\/li>\n<\/ul>\n","protected":false},"excerpt":{"rendered":"<p>Entdecken Sie den <strong data-start=\"4335\" data-end=\"4373\">Cubaris murina &#8220;Salmon Martinique&#8221;<\/strong>, eine exotische Isopode mit einzigartiger Lachsfarbe. Perfekt f\u00fcr Bioaktive und Sammlungen. Leicht zu halten und ideal f\u00fcr feuchte Terrarien. Bringen Sie Farbe und Biodiversit\u00e4t in Ihr Habitat!<\/p>\n","protected":false},"featured_media":40722,"template":"","meta":[],"product_brand":[],"product_cat":[528,530,719],"product_tag":[],"class_list":{"0":"post-40729","1":"product","2":"type-product","3":"status-publish","4":"has-post-thumbnail","6":"product_cat-arthropoden","7":"product_cat-isopoden","8":"product_cat-cubaris","10":"first","11":"instock","12":"shipping-taxable","13":"purchasable","14":"product-type-variable"},"yoast_head":"<!-- This site is optimized with the Yoast SEO plugin v27.4 - https:\/\/yoast.com\/product\/yoast-seo-wordpress\/ -->\n<title>Cubaris murina &quot;Salmon Martinique&quot; | Isopoden - ANTDERGROUND<\/title>\n<meta name=\"description\" content=\"\ud83d\udc1c Bringen Sie Farbe in Ihr Terrarium mit dem Cubaris murina &quot;Salmon Martinique&quot;! Exotische Isopode, perfekt f\u00fcr Bioaktive. \ud83c\udf3f\" \/>\n<meta name=\"robots\" content=\"index, follow, max-snippet:-1, max-image-preview:large, max-video-preview:-1\" \/>\n<link rel=\"canonical\" href=\"https:\/\/antderground.com\/de\/produkt\/cubaris-murina-salmon-martinique\/\" \/>\n<meta property=\"og:locale\" content=\"de_DE\" \/>\n<meta property=\"og:type\" content=\"article\" \/>\n<meta property=\"og:title\" content=\"Cubaris murina &quot;Salmon Martinique&quot; | Isopoden - ANTDERGROUND\" \/>\n<meta property=\"og:description\" content=\"\ud83d\udc1c Bringen Sie Farbe in Ihr Terrarium mit dem Cubaris murina &quot;Salmon Martinique&quot;! Exotische Isopode, perfekt f\u00fcr Bioaktive. \ud83c\udf3f\" \/>\n<meta property=\"og:url\" content=\"https:\/\/antderground.com\/de\/produkt\/cubaris-murina-salmon-martinique\/\" \/>\n<meta property=\"og:site_name\" content=\"ANTDERGROUND\" \/>\n<meta property=\"og:image\" content=\"https:\/\/antderground.com\/wp-content\/uploads\/2025\/03\/Cubaris-murina-22Salmon-Martinique22.jpg\" \/>\n\t<meta property=\"og:image:width\" content=\"1400\" \/>\n\t<meta property=\"og:image:height\" content=\"1400\" \/>\n\t<meta property=\"og:image:type\" content=\"image\/jpeg\" \/>\n<meta name=\"twitter:card\" content=\"summary_large_image\" \/>\n<meta name=\"twitter:label1\" content=\"Gesch\u00e4tzte Lesezeit\" \/>\n\t<meta name=\"twitter:data1\" content=\"1\u00a0Minute\" \/>\n<script type=\"application\/ld+json\" class=\"yoast-schema-graph\">{\"@context\":\"https:\\\/\\\/schema.org\",\"@graph\":[{\"@type\":\"WebPage\",\"@id\":\"https:\\\/\\\/antderground.com\\\/de\\\/produkt\\\/cubaris-murina-salmon-martinique\\\/\",\"url\":\"https:\\\/\\\/antderground.com\\\/de\\\/produkt\\\/cubaris-murina-salmon-martinique\\\/\",\"name\":\"Cubaris murina \\\"Salmon Martinique\\\" | Isopoden - ANTDERGROUND\",\"isPartOf\":{\"@id\":\"https:\\\/\\\/antderground.com\\\/de\\\/#website\"},\"primaryImageOfPage\":{\"@id\":\"https:\\\/\\\/antderground.com\\\/de\\\/produkt\\\/cubaris-murina-salmon-martinique\\\/#primaryimage\"},\"image\":{\"@id\":\"https:\\\/\\\/antderground.com\\\/de\\\/produkt\\\/cubaris-murina-salmon-martinique\\\/#primaryimage\"},\"thumbnailUrl\":\"https:\\\/\\\/antderground.com\\\/wp-content\\\/uploads\\\/2025\\\/03\\\/Cubaris-murina-22Salmon-Martinique22.jpg\",\"datePublished\":\"2025-03-04T10:22:02+00:00\",\"description\":\"\ud83d\udc1c Bringen Sie Farbe in Ihr Terrarium mit dem Cubaris murina \\\"Salmon Martinique\\\"! Exotische Isopode, perfekt f\u00fcr Bioaktive. \ud83c\udf3f\",\"breadcrumb\":{\"@id\":\"https:\\\/\\\/antderground.com\\\/de\\\/produkt\\\/cubaris-murina-salmon-martinique\\\/#breadcrumb\"},\"inLanguage\":\"de\",\"potentialAction\":[{\"@type\":\"ReadAction\",\"target\":[\"https:\\\/\\\/antderground.com\\\/de\\\/produkt\\\/cubaris-murina-salmon-martinique\\\/\"]}]},{\"@type\":\"ImageObject\",\"inLanguage\":\"de\",\"@id\":\"https:\\\/\\\/antderground.com\\\/de\\\/produkt\\\/cubaris-murina-salmon-martinique\\\/#primaryimage\",\"url\":\"https:\\\/\\\/antderground.com\\\/wp-content\\\/uploads\\\/2025\\\/03\\\/Cubaris-murina-22Salmon-Martinique22.jpg\",\"contentUrl\":\"https:\\\/\\\/antderground.com\\\/wp-content\\\/uploads\\\/2025\\\/03\\\/Cubaris-murina-22Salmon-Martinique22.jpg\",\"width\":1400,\"height\":1400,\"caption\":\"Cubaris murina Salmon Martinique\"},{\"@type\":\"BreadcrumbList\",\"@id\":\"https:\\\/\\\/antderground.com\\\/de\\\/produkt\\\/cubaris-murina-salmon-martinique\\\/#breadcrumb\",\"itemListElement\":[{\"@type\":\"ListItem\",\"position\":1,\"name\":\"Portada\",\"item\":\"https:\\\/\\\/antderground.com\\\/de\\\/\"},{\"@type\":\"ListItem\",\"position\":2,\"name\":\"Shop\",\"item\":\"https:\\\/\\\/antderground.com\\\/de\\\/shop\\\/\"},{\"@type\":\"ListItem\",\"position\":3,\"name\":\"Cubaris murina &#8220;Salmon Martinique&#8221;\"}]},{\"@type\":\"WebSite\",\"@id\":\"https:\\\/\\\/antderground.com\\\/de\\\/#website\",\"url\":\"https:\\\/\\\/antderground.com\\\/de\\\/\",\"name\":\"ANTDERGROUND\",\"description\":\"Tu tienda de hormigas, gran variedad de hormigueros acr\u00edlicos,madera,arena,3D y mas.. Pide tus hormigas gratis con tu pedido, somos expertos en hormigueros antifugas.\",\"publisher\":{\"@id\":\"https:\\\/\\\/antderground.com\\\/de\\\/#\\\/schema\\\/person\\\/0e322c505e84fe72c65e2f6d08f96b81\"},\"alternateName\":\"Antderground\",\"potentialAction\":[{\"@type\":\"SearchAction\",\"target\":{\"@type\":\"EntryPoint\",\"urlTemplate\":\"https:\\\/\\\/antderground.com\\\/de\\\/?s={search_term_string}\"},\"query-input\":{\"@type\":\"PropertyValueSpecification\",\"valueRequired\":true,\"valueName\":\"search_term_string\"}}],\"inLanguage\":\"de\"},{\"@type\":[\"Person\",\"Organization\"],\"@id\":\"https:\\\/\\\/antderground.com\\\/de\\\/#\\\/schema\\\/person\\\/0e322c505e84fe72c65e2f6d08f96b81\",\"name\":\"Eric de Antderground\",\"image\":{\"@type\":\"ImageObject\",\"inLanguage\":\"de\",\"@id\":\"https:\\\/\\\/secure.gravatar.com\\\/avatar\\\/c49a1b9f79216d1498cb73c1e85cd47f4465dda35f2a94c03790d491bd4423c3?s=96&d=mm&r=g\",\"url\":\"https:\\\/\\\/secure.gravatar.com\\\/avatar\\\/c49a1b9f79216d1498cb73c1e85cd47f4465dda35f2a94c03790d491bd4423c3?s=96&d=mm&r=g\",\"contentUrl\":\"https:\\\/\\\/secure.gravatar.com\\\/avatar\\\/c49a1b9f79216d1498cb73c1e85cd47f4465dda35f2a94c03790d491bd4423c3?s=96&d=mm&r=g\",\"caption\":\"Eric de Antderground\"},\"logo\":{\"@id\":\"https:\\\/\\\/secure.gravatar.com\\\/avatar\\\/c49a1b9f79216d1498cb73c1e85cd47f4465dda35f2a94c03790d491bd4423c3?s=96&d=mm&r=g\"},\"description\":\"Eric es el especialista y fundador de Antderground, con una amplia trayectoria en artr\u00f3podos y enfocado en la mirmecolog\u00eda y el dise\u00f1o de hormigueros artificiales. Su enfoque combina la innovaci\u00f3n t\u00e9cnica con el respeto por la biolog\u00eda de las hormigas, is\u00f3podos y otros, desarrollando sistemas de nidos modulares 3D y acr\u00edlicos que son referentes para aficionados y profesionales en toda Europa. Su objetivo es facilitar la cr\u00eda de hormigas y otros artr\u00f3podos mediante soluciones seguras y divulgaci\u00f3n de calidad.\",\"sameAs\":[\"https:\\\/\\\/antderground.com\\\/\",\"https:\\\/\\\/www.youtube.com\\\/channel\\\/UCio72z7TlbufkAthAJIJfPw\"]}]}<\/script>\n<!-- \/ Yoast SEO plugin. -->","yoast_head_json":{"title":"Cubaris murina \"Salmon Martinique\" | Isopoden - ANTDERGROUND","description":"\ud83d\udc1c Bringen Sie Farbe in Ihr Terrarium mit dem Cubaris murina \"Salmon Martinique\"! Exotische Isopode, perfekt f\u00fcr Bioaktive. \ud83c\udf3f","robots":{"index":"index","follow":"follow","max-snippet":"max-snippet:-1","max-image-preview":"max-image-preview:large","max-video-preview":"max-video-preview:-1"},"canonical":"https:\/\/antderground.com\/de\/produkt\/cubaris-murina-salmon-martinique\/","og_locale":"de_DE","og_type":"article","og_title":"Cubaris murina \"Salmon Martinique\" | Isopoden - ANTDERGROUND","og_description":"\ud83d\udc1c Bringen Sie Farbe in Ihr Terrarium mit dem Cubaris murina \"Salmon Martinique\"! Exotische Isopode, perfekt f\u00fcr Bioaktive. \ud83c\udf3f","og_url":"https:\/\/antderground.com\/de\/produkt\/cubaris-murina-salmon-martinique\/","og_site_name":"ANTDERGROUND","og_image":[{"width":1400,"height":1400,"url":"https:\/\/antderground.com\/wp-content\/uploads\/2025\/03\/Cubaris-murina-22Salmon-Martinique22.jpg","type":"image\/jpeg"}],"twitter_card":"summary_large_image","twitter_misc":{"Gesch\u00e4tzte Lesezeit":"1\u00a0Minute"},"schema":{"@context":"https:\/\/schema.org","@graph":[{"@type":"WebPage","@id":"https:\/\/antderground.com\/de\/produkt\/cubaris-murina-salmon-martinique\/","url":"https:\/\/antderground.com\/de\/produkt\/cubaris-murina-salmon-martinique\/","name":"Cubaris murina \"Salmon Martinique\" | Isopoden - ANTDERGROUND","isPartOf":{"@id":"https:\/\/antderground.com\/de\/#website"},"primaryImageOfPage":{"@id":"https:\/\/antderground.com\/de\/produkt\/cubaris-murina-salmon-martinique\/#primaryimage"},"image":{"@id":"https:\/\/antderground.com\/de\/produkt\/cubaris-murina-salmon-martinique\/#primaryimage"},"thumbnailUrl":"https:\/\/antderground.com\/wp-content\/uploads\/2025\/03\/Cubaris-murina-22Salmon-Martinique22.jpg","datePublished":"2025-03-04T10:22:02+00:00","description":"\ud83d\udc1c Bringen Sie Farbe in Ihr Terrarium mit dem Cubaris murina \"Salmon Martinique\"! Exotische Isopode, perfekt f\u00fcr Bioaktive. \ud83c\udf3f","breadcrumb":{"@id":"https:\/\/antderground.com\/de\/produkt\/cubaris-murina-salmon-martinique\/#breadcrumb"},"inLanguage":"de","potentialAction":[{"@type":"ReadAction","target":["https:\/\/antderground.com\/de\/produkt\/cubaris-murina-salmon-martinique\/"]}]},{"@type":"ImageObject","inLanguage":"de","@id":"https:\/\/antderground.com\/de\/produkt\/cubaris-murina-salmon-martinique\/#primaryimage","url":"https:\/\/antderground.com\/wp-content\/uploads\/2025\/03\/Cubaris-murina-22Salmon-Martinique22.jpg","contentUrl":"https:\/\/antderground.com\/wp-content\/uploads\/2025\/03\/Cubaris-murina-22Salmon-Martinique22.jpg","width":1400,"height":1400,"caption":"Cubaris murina Salmon Martinique"},{"@type":"BreadcrumbList","@id":"https:\/\/antderground.com\/de\/produkt\/cubaris-murina-salmon-martinique\/#breadcrumb","itemListElement":[{"@type":"ListItem","position":1,"name":"Portada","item":"https:\/\/antderground.com\/de\/"},{"@type":"ListItem","position":2,"name":"Shop","item":"https:\/\/antderground.com\/de\/shop\/"},{"@type":"ListItem","position":3,"name":"Cubaris murina &#8220;Salmon Martinique&#8221;"}]},{"@type":"WebSite","@id":"https:\/\/antderground.com\/de\/#website","url":"https:\/\/antderground.com\/de\/","name":"ANTDERGROUND","description":"Tu tienda de hormigas, gran variedad de hormigueros acr\u00edlicos,madera,arena,3D y mas.. Pide tus hormigas gratis con tu pedido, somos expertos en hormigueros antifugas.","publisher":{"@id":"https:\/\/antderground.com\/de\/#\/schema\/person\/0e322c505e84fe72c65e2f6d08f96b81"},"alternateName":"Antderground","potentialAction":[{"@type":"SearchAction","target":{"@type":"EntryPoint","urlTemplate":"https:\/\/antderground.com\/de\/?s={search_term_string}"},"query-input":{"@type":"PropertyValueSpecification","valueRequired":true,"valueName":"search_term_string"}}],"inLanguage":"de"},{"@type":["Person","Organization"],"@id":"https:\/\/antderground.com\/de\/#\/schema\/person\/0e322c505e84fe72c65e2f6d08f96b81","name":"Eric de Antderground","image":{"@type":"ImageObject","inLanguage":"de","@id":"https:\/\/secure.gravatar.com\/avatar\/c49a1b9f79216d1498cb73c1e85cd47f4465dda35f2a94c03790d491bd4423c3?s=96&d=mm&r=g","url":"https:\/\/secure.gravatar.com\/avatar\/c49a1b9f79216d1498cb73c1e85cd47f4465dda35f2a94c03790d491bd4423c3?s=96&d=mm&r=g","contentUrl":"https:\/\/secure.gravatar.com\/avatar\/c49a1b9f79216d1498cb73c1e85cd47f4465dda35f2a94c03790d491bd4423c3?s=96&d=mm&r=g","caption":"Eric de Antderground"},"logo":{"@id":"https:\/\/secure.gravatar.com\/avatar\/c49a1b9f79216d1498cb73c1e85cd47f4465dda35f2a94c03790d491bd4423c3?s=96&d=mm&r=g"},"description":"Eric es el especialista y fundador de Antderground, con una amplia trayectoria en artr\u00f3podos y enfocado en la mirmecolog\u00eda y el dise\u00f1o de hormigueros artificiales. Su enfoque combina la innovaci\u00f3n t\u00e9cnica con el respeto por la biolog\u00eda de las hormigas, is\u00f3podos y otros, desarrollando sistemas de nidos modulares 3D y acr\u00edlicos que son referentes para aficionados y profesionales en toda Europa. Su objetivo es facilitar la cr\u00eda de hormigas y otros artr\u00f3podos mediante soluciones seguras y divulgaci\u00f3n de calidad.","sameAs":["https:\/\/antderground.com\/","https:\/\/www.youtube.com\/channel\/UCio72z7TlbufkAthAJIJfPw"]}]}},"_links":{"self":[{"href":"https:\/\/antderground.com\/de\/wp-json\/wp\/v2\/product\/40729","targetHints":{"allow":["GET"]}}],"collection":[{"href":"https:\/\/antderground.com\/de\/wp-json\/wp\/v2\/product"}],"about":[{"href":"https:\/\/antderground.com\/de\/wp-json\/wp\/v2\/types\/product"}],"version-history":[{"count":0,"href":"https:\/\/antderground.com\/de\/wp-json\/wp\/v2\/product\/40729\/revisions"}],"wp:featuredmedia":[{"embeddable":true,"href":"https:\/\/antderground.com\/de\/wp-json\/wp\/v2\/media\/40722"}],"wp:attachment":[{"href":"https:\/\/antderground.com\/de\/wp-json\/wp\/v2\/media?parent=40729"}],"wp:term":[{"taxonomy":"product_brand","embeddable":true,"href":"https:\/\/antderground.com\/de\/wp-json\/wp\/v2\/product_brand?post=40729"},{"taxonomy":"product_cat","embeddable":true,"href":"https:\/\/antderground.com\/de\/wp-json\/wp\/v2\/product_cat?post=40729"},{"taxonomy":"product_tag","embeddable":true,"href":"https:\/\/antderground.com\/de\/wp-json\/wp\/v2\/product_tag?post=40729"}],"curies":[{"name":"wp","href":"https:\/\/api.w.org\/{rel}","templated":true}]}}