{"id":40951,"date":"2025-03-10T10:45:51","date_gmt":"2025-03-10T09:45:51","guid":{"rendered":"https:\/\/www.antderground.com\/producto\/seidenraupeneier\/"},"modified":"2026-04-19T23:42:13","modified_gmt":"2026-04-19T21:42:13","slug":"seidenraupeneier","status":"publish","type":"product","link":"https:\/\/antderground.com\/de\/produkt\/seidenraupeneier\/","title":{"rendered":"Seidenraupeneier"},"content":{"rendered":"<p data-start=\"2012\" data-end=\"2072\"><strong data-start=\"2012\" data-end=\"2070\">Technisches Datenblatt: Seidenraupeneier (Bombyx mori)<\/strong><\/p>\n<p data-start=\"2074\" data-end=\"2157\"><strong data-start=\"2074\" data-end=\"2095\">Allgemeiner Name:<\/strong> Seidenraupeneier<br data-start=\"2112\" data-end=\"2115\" \/><strong data-start=\"2115\" data-end=\"2143\">Wissenschaftlicher Name:<\/strong> Bombyx mori<\/p>\n<h3 data-start=\"2159\" data-end=\"2181\"><strong data-start=\"2163\" data-end=\"2179\">Beschreibung<\/strong><\/h3>\n<p data-start=\"2182\" data-end=\"2488\">Die Eier der Seidenraupe (Bombyx mori) sind das erste Entwicklungsstadium dieses Insekts, das zur Seidenproduktion oder als Lebendfutter f\u00fcr Reptilien, Amphibien und Gliederf\u00fc\u00dfer gez\u00fcchtet wird. Sie sind leicht zu inkubieren und schl\u00fcpfen in Raupen, die sich ausschlie\u00dflich von Maulbeerbl\u00e4ttern ern\u00e4hren.<\/p>\n<h3 data-start=\"2490\" data-end=\"2518\"><strong data-start=\"2494\" data-end=\"2516\">Schl\u00fcpfbedingungen<\/strong><\/h3>\n<ul data-start=\"2519\" data-end=\"2761\">\n<li data-start=\"2519\" data-end=\"2555\"><strong data-start=\"2521\" data-end=\"2545\">Optimale Temperatur:<\/strong> 23-27\u00b0C<\/li>\n<li data-start=\"2556\" data-end=\"2597\"><strong data-start=\"2558\" data-end=\"2588\">Relative Luftfeuchtigkeit:<\/strong> 75-85%<\/li>\n<li data-start=\"2598\" data-end=\"2660\"><strong data-start=\"2600\" data-end=\"2620\">Inkubationszeit:<\/strong> 10-14 Tage, je nach Umweltbedingungen<\/li>\n<li data-start=\"2661\" data-end=\"2761\"><strong data-start=\"2663\" data-end=\"2696\">Empfohlene Lichtverh\u00e4ltnisse:<\/strong> Nat\u00fcrliches oder k\u00fcnstliches Licht mit einem 12-Stunden-Zyklus<\/li>\n<\/ul>\n<h3 data-start=\"2763\" data-end=\"2801\"><strong data-start=\"2767\" data-end=\"2799\">F\u00fctterung nach dem Schl\u00fcpfen<\/strong><\/h3>\n<p data-start=\"2802\" data-end=\"3027\">Die frisch geschl\u00fcpften Seidenraupen m\u00fcssen mit frischen Maulbeerbl\u00e4ttern (Morus sp.) gef\u00fcttert werden. Falls nicht verf\u00fcgbar, gibt es k\u00fcnstliche Futteralternativen auf Basis von getrockneten Bl\u00e4ttern und N\u00e4hrstoffzus\u00e4tzen.<\/p>\n<h3 data-start=\"3029\" data-end=\"3050\"><strong data-start=\"3033\" data-end=\"3048\">Anwendungen<\/strong><\/h3>\n<ul data-start=\"3051\" data-end=\"3180\">\n<li data-start=\"3051\" data-end=\"3081\">Zucht zur Seidenproduktion<\/li>\n<li data-start=\"3082\" data-end=\"3129\">Lebendfutter f\u00fcr Reptilien und andere Tiere<\/li>\n<li data-start=\"3130\" data-end=\"3180\">Bildungsprojekte zum Lebenszyklus von Insekten<\/li>\n<\/ul>\n<h3 data-start=\"3182\" data-end=\"3213\"><strong data-start=\"3186\" data-end=\"3211\">Aufbewahrung der Eier<\/strong><\/h3>\n<ul data-start=\"3214\" data-end=\"3352\">\n<li data-start=\"3214\" data-end=\"3278\">Zur Verz\u00f6gerung des Schlupfes bei 5\u00b0C im K\u00fchlschrank lagern.<\/li>\n<li data-start=\"3279\" data-end=\"3352\">Keine \u00fcberm\u00e4\u00dfige Feuchtigkeit oder pl\u00f6tzliche Temperaturschwankungen.<\/li>\n<\/ul>\n<h3 data-start=\"3354\" data-end=\"3372\"><strong data-start=\"3358\" data-end=\"3370\">Hinweise<\/strong><\/h3>\n<ul data-start=\"3373\" data-end=\"3444\">\n<li data-start=\"3373\" data-end=\"3444\">Die Qualit\u00e4t der produzierten Seide kann je nach Genetik variieren.<\/li>\n<\/ul>\n","protected":false},"excerpt":{"rendered":"<p>Entdecken Sie die faszinierende Welt der Seidenraupenzucht! Hochwertige Eier, einfach zu inkubieren, ideal f\u00fcr Bildung, Lebendfutter oder Seidenproduktion. F\u00fcttern Sie sie mit frischen Maulbeerbl\u00e4ttern und beobachten Sie ihre erstaunliche Entwicklung!<\/p>\n","protected":false},"featured_media":40915,"template":"","meta":[],"product_brand":[],"product_cat":[534,686],"product_tag":[],"class_list":{"0":"post-40951","1":"product","2":"type-product","3":"status-publish","4":"has-post-thumbnail","6":"product_cat-ameisenfutter","7":"product_cat-dehydrierte-und-andere","9":"first","10":"instock","11":"shipping-taxable","12":"purchasable","13":"product-type-variable"},"yoast_head":"<!-- This site is optimized with the Yoast SEO plugin v27.4 - https:\/\/yoast.com\/product\/yoast-seo-wordpress\/ -->\n<title>Seidenraupeneier - ANTDERGROUND<\/title>\n<meta name=\"description\" content=\"Kaufen Sie Seidenraupeneier \ud83d\udc1b in Top-Qualit\u00e4t. Ideal f\u00fcr Zucht, Bildung oder als Lebendfutter. Leicht zu inkubieren, Maulbeerbl\u00e4tter als Futter. \ud83c\udf3f\" \/>\n<meta name=\"robots\" content=\"index, follow, max-snippet:-1, max-image-preview:large, max-video-preview:-1\" \/>\n<link rel=\"canonical\" href=\"https:\/\/antderground.com\/de\/produkt\/seidenraupeneier\/\" \/>\n<meta property=\"og:locale\" content=\"de_DE\" \/>\n<meta property=\"og:type\" content=\"article\" \/>\n<meta property=\"og:title\" content=\"Seidenraupeneier - ANTDERGROUND\" \/>\n<meta property=\"og:description\" content=\"Kaufen Sie Seidenraupeneier \ud83d\udc1b in Top-Qualit\u00e4t. Ideal f\u00fcr Zucht, Bildung oder als Lebendfutter. Leicht zu inkubieren, Maulbeerbl\u00e4tter als Futter. \ud83c\udf3f\" \/>\n<meta property=\"og:url\" content=\"https:\/\/antderground.com\/de\/produkt\/seidenraupeneier\/\" \/>\n<meta property=\"og:site_name\" content=\"ANTDERGROUND\" \/>\n<meta property=\"article:modified_time\" content=\"2026-04-19T21:42:13+00:00\" \/>\n<meta property=\"og:image\" content=\"https:\/\/antderground.com\/wp-content\/uploads\/2025\/03\/ous-cucs-de-seda.jpeg\" \/>\n\t<meta property=\"og:image:width\" content=\"1600\" \/>\n\t<meta property=\"og:image:height\" content=\"1600\" \/>\n\t<meta property=\"og:image:type\" content=\"image\/jpeg\" \/>\n<meta name=\"twitter:card\" content=\"summary_large_image\" \/>\n<meta name=\"twitter:label1\" content=\"Gesch\u00e4tzte Lesezeit\" \/>\n\t<meta name=\"twitter:data1\" content=\"1\u00a0Minute\" \/>\n<script type=\"application\/ld+json\" class=\"yoast-schema-graph\">{\"@context\":\"https:\\\/\\\/schema.org\",\"@graph\":[{\"@type\":\"WebPage\",\"@id\":\"https:\\\/\\\/antderground.com\\\/de\\\/produkt\\\/seidenraupeneier\\\/\",\"url\":\"https:\\\/\\\/antderground.com\\\/de\\\/produkt\\\/seidenraupeneier\\\/\",\"name\":\"Seidenraupeneier - ANTDERGROUND\",\"isPartOf\":{\"@id\":\"https:\\\/\\\/antderground.com\\\/de\\\/#website\"},\"primaryImageOfPage\":{\"@id\":\"https:\\\/\\\/antderground.com\\\/de\\\/produkt\\\/seidenraupeneier\\\/#primaryimage\"},\"image\":{\"@id\":\"https:\\\/\\\/antderground.com\\\/de\\\/produkt\\\/seidenraupeneier\\\/#primaryimage\"},\"thumbnailUrl\":\"https:\\\/\\\/antderground.com\\\/wp-content\\\/uploads\\\/2025\\\/03\\\/ous-cucs-de-seda.jpeg\",\"datePublished\":\"2025-03-10T09:45:51+00:00\",\"dateModified\":\"2026-04-19T21:42:13+00:00\",\"description\":\"Kaufen Sie Seidenraupeneier \ud83d\udc1b in Top-Qualit\u00e4t. Ideal f\u00fcr Zucht, Bildung oder als Lebendfutter. Leicht zu inkubieren, Maulbeerbl\u00e4tter als Futter. \ud83c\udf3f\",\"breadcrumb\":{\"@id\":\"https:\\\/\\\/antderground.com\\\/de\\\/produkt\\\/seidenraupeneier\\\/#breadcrumb\"},\"inLanguage\":\"de\",\"potentialAction\":[{\"@type\":\"ReadAction\",\"target\":[\"https:\\\/\\\/antderground.com\\\/de\\\/produkt\\\/seidenraupeneier\\\/\"]}]},{\"@type\":\"ImageObject\",\"inLanguage\":\"de\",\"@id\":\"https:\\\/\\\/antderground.com\\\/de\\\/produkt\\\/seidenraupeneier\\\/#primaryimage\",\"url\":\"https:\\\/\\\/antderground.com\\\/wp-content\\\/uploads\\\/2025\\\/03\\\/ous-cucs-de-seda.jpeg\",\"contentUrl\":\"https:\\\/\\\/antderground.com\\\/wp-content\\\/uploads\\\/2025\\\/03\\\/ous-cucs-de-seda.jpeg\",\"width\":1600,\"height\":1600,\"caption\":\"Seidenraupeneier \ud83d\udc1b\"},{\"@type\":\"BreadcrumbList\",\"@id\":\"https:\\\/\\\/antderground.com\\\/de\\\/produkt\\\/seidenraupeneier\\\/#breadcrumb\",\"itemListElement\":[{\"@type\":\"ListItem\",\"position\":1,\"name\":\"Portada\",\"item\":\"https:\\\/\\\/antderground.com\\\/de\\\/\"},{\"@type\":\"ListItem\",\"position\":2,\"name\":\"Shop\",\"item\":\"https:\\\/\\\/antderground.com\\\/de\\\/shop\\\/\"},{\"@type\":\"ListItem\",\"position\":3,\"name\":\"Seidenraupeneier\"}]},{\"@type\":\"WebSite\",\"@id\":\"https:\\\/\\\/antderground.com\\\/de\\\/#website\",\"url\":\"https:\\\/\\\/antderground.com\\\/de\\\/\",\"name\":\"ANTDERGROUND\",\"description\":\"Tu tienda de hormigas, gran variedad de hormigueros acr\u00edlicos,madera,arena,3D y mas.. Pide tus hormigas gratis con tu pedido, somos expertos en hormigueros antifugas.\",\"publisher\":{\"@id\":\"https:\\\/\\\/antderground.com\\\/de\\\/#\\\/schema\\\/person\\\/0e322c505e84fe72c65e2f6d08f96b81\"},\"alternateName\":\"Antderground\",\"potentialAction\":[{\"@type\":\"SearchAction\",\"target\":{\"@type\":\"EntryPoint\",\"urlTemplate\":\"https:\\\/\\\/antderground.com\\\/de\\\/?s={search_term_string}\"},\"query-input\":{\"@type\":\"PropertyValueSpecification\",\"valueRequired\":true,\"valueName\":\"search_term_string\"}}],\"inLanguage\":\"de\"},{\"@type\":[\"Person\",\"Organization\"],\"@id\":\"https:\\\/\\\/antderground.com\\\/de\\\/#\\\/schema\\\/person\\\/0e322c505e84fe72c65e2f6d08f96b81\",\"name\":\"Eric de Antderground\",\"image\":{\"@type\":\"ImageObject\",\"inLanguage\":\"de\",\"@id\":\"https:\\\/\\\/secure.gravatar.com\\\/avatar\\\/c49a1b9f79216d1498cb73c1e85cd47f4465dda35f2a94c03790d491bd4423c3?s=96&d=mm&r=g\",\"url\":\"https:\\\/\\\/secure.gravatar.com\\\/avatar\\\/c49a1b9f79216d1498cb73c1e85cd47f4465dda35f2a94c03790d491bd4423c3?s=96&d=mm&r=g\",\"contentUrl\":\"https:\\\/\\\/secure.gravatar.com\\\/avatar\\\/c49a1b9f79216d1498cb73c1e85cd47f4465dda35f2a94c03790d491bd4423c3?s=96&d=mm&r=g\",\"caption\":\"Eric de Antderground\"},\"logo\":{\"@id\":\"https:\\\/\\\/secure.gravatar.com\\\/avatar\\\/c49a1b9f79216d1498cb73c1e85cd47f4465dda35f2a94c03790d491bd4423c3?s=96&d=mm&r=g\"},\"description\":\"Eric es el especialista y fundador de Antderground, con una amplia trayectoria en artr\u00f3podos y enfocado en la mirmecolog\u00eda y el dise\u00f1o de hormigueros artificiales. Su enfoque combina la innovaci\u00f3n t\u00e9cnica con el respeto por la biolog\u00eda de las hormigas, is\u00f3podos y otros, desarrollando sistemas de nidos modulares 3D y acr\u00edlicos que son referentes para aficionados y profesionales en toda Europa. Su objetivo es facilitar la cr\u00eda de hormigas y otros artr\u00f3podos mediante soluciones seguras y divulgaci\u00f3n de calidad.\",\"sameAs\":[\"https:\\\/\\\/antderground.com\\\/\",\"https:\\\/\\\/www.youtube.com\\\/channel\\\/UCio72z7TlbufkAthAJIJfPw\"]}]}<\/script>\n<!-- \/ Yoast SEO plugin. -->","yoast_head_json":{"title":"Seidenraupeneier - ANTDERGROUND","description":"Kaufen Sie Seidenraupeneier \ud83d\udc1b in Top-Qualit\u00e4t. Ideal f\u00fcr Zucht, Bildung oder als Lebendfutter. Leicht zu inkubieren, Maulbeerbl\u00e4tter als Futter. \ud83c\udf3f","robots":{"index":"index","follow":"follow","max-snippet":"max-snippet:-1","max-image-preview":"max-image-preview:large","max-video-preview":"max-video-preview:-1"},"canonical":"https:\/\/antderground.com\/de\/produkt\/seidenraupeneier\/","og_locale":"de_DE","og_type":"article","og_title":"Seidenraupeneier - ANTDERGROUND","og_description":"Kaufen Sie Seidenraupeneier \ud83d\udc1b in Top-Qualit\u00e4t. Ideal f\u00fcr Zucht, Bildung oder als Lebendfutter. Leicht zu inkubieren, Maulbeerbl\u00e4tter als Futter. \ud83c\udf3f","og_url":"https:\/\/antderground.com\/de\/produkt\/seidenraupeneier\/","og_site_name":"ANTDERGROUND","article_modified_time":"2026-04-19T21:42:13+00:00","og_image":[{"width":1600,"height":1600,"url":"https:\/\/antderground.com\/wp-content\/uploads\/2025\/03\/ous-cucs-de-seda.jpeg","type":"image\/jpeg"}],"twitter_card":"summary_large_image","twitter_misc":{"Gesch\u00e4tzte Lesezeit":"1\u00a0Minute"},"schema":{"@context":"https:\/\/schema.org","@graph":[{"@type":"WebPage","@id":"https:\/\/antderground.com\/de\/produkt\/seidenraupeneier\/","url":"https:\/\/antderground.com\/de\/produkt\/seidenraupeneier\/","name":"Seidenraupeneier - ANTDERGROUND","isPartOf":{"@id":"https:\/\/antderground.com\/de\/#website"},"primaryImageOfPage":{"@id":"https:\/\/antderground.com\/de\/produkt\/seidenraupeneier\/#primaryimage"},"image":{"@id":"https:\/\/antderground.com\/de\/produkt\/seidenraupeneier\/#primaryimage"},"thumbnailUrl":"https:\/\/antderground.com\/wp-content\/uploads\/2025\/03\/ous-cucs-de-seda.jpeg","datePublished":"2025-03-10T09:45:51+00:00","dateModified":"2026-04-19T21:42:13+00:00","description":"Kaufen Sie Seidenraupeneier \ud83d\udc1b in Top-Qualit\u00e4t. Ideal f\u00fcr Zucht, Bildung oder als Lebendfutter. Leicht zu inkubieren, Maulbeerbl\u00e4tter als Futter. \ud83c\udf3f","breadcrumb":{"@id":"https:\/\/antderground.com\/de\/produkt\/seidenraupeneier\/#breadcrumb"},"inLanguage":"de","potentialAction":[{"@type":"ReadAction","target":["https:\/\/antderground.com\/de\/produkt\/seidenraupeneier\/"]}]},{"@type":"ImageObject","inLanguage":"de","@id":"https:\/\/antderground.com\/de\/produkt\/seidenraupeneier\/#primaryimage","url":"https:\/\/antderground.com\/wp-content\/uploads\/2025\/03\/ous-cucs-de-seda.jpeg","contentUrl":"https:\/\/antderground.com\/wp-content\/uploads\/2025\/03\/ous-cucs-de-seda.jpeg","width":1600,"height":1600,"caption":"Seidenraupeneier \ud83d\udc1b"},{"@type":"BreadcrumbList","@id":"https:\/\/antderground.com\/de\/produkt\/seidenraupeneier\/#breadcrumb","itemListElement":[{"@type":"ListItem","position":1,"name":"Portada","item":"https:\/\/antderground.com\/de\/"},{"@type":"ListItem","position":2,"name":"Shop","item":"https:\/\/antderground.com\/de\/shop\/"},{"@type":"ListItem","position":3,"name":"Seidenraupeneier"}]},{"@type":"WebSite","@id":"https:\/\/antderground.com\/de\/#website","url":"https:\/\/antderground.com\/de\/","name":"ANTDERGROUND","description":"Tu tienda de hormigas, gran variedad de hormigueros acr\u00edlicos,madera,arena,3D y mas.. Pide tus hormigas gratis con tu pedido, somos expertos en hormigueros antifugas.","publisher":{"@id":"https:\/\/antderground.com\/de\/#\/schema\/person\/0e322c505e84fe72c65e2f6d08f96b81"},"alternateName":"Antderground","potentialAction":[{"@type":"SearchAction","target":{"@type":"EntryPoint","urlTemplate":"https:\/\/antderground.com\/de\/?s={search_term_string}"},"query-input":{"@type":"PropertyValueSpecification","valueRequired":true,"valueName":"search_term_string"}}],"inLanguage":"de"},{"@type":["Person","Organization"],"@id":"https:\/\/antderground.com\/de\/#\/schema\/person\/0e322c505e84fe72c65e2f6d08f96b81","name":"Eric de Antderground","image":{"@type":"ImageObject","inLanguage":"de","@id":"https:\/\/secure.gravatar.com\/avatar\/c49a1b9f79216d1498cb73c1e85cd47f4465dda35f2a94c03790d491bd4423c3?s=96&d=mm&r=g","url":"https:\/\/secure.gravatar.com\/avatar\/c49a1b9f79216d1498cb73c1e85cd47f4465dda35f2a94c03790d491bd4423c3?s=96&d=mm&r=g","contentUrl":"https:\/\/secure.gravatar.com\/avatar\/c49a1b9f79216d1498cb73c1e85cd47f4465dda35f2a94c03790d491bd4423c3?s=96&d=mm&r=g","caption":"Eric de Antderground"},"logo":{"@id":"https:\/\/secure.gravatar.com\/avatar\/c49a1b9f79216d1498cb73c1e85cd47f4465dda35f2a94c03790d491bd4423c3?s=96&d=mm&r=g"},"description":"Eric es el especialista y fundador de Antderground, con una amplia trayectoria en artr\u00f3podos y enfocado en la mirmecolog\u00eda y el dise\u00f1o de hormigueros artificiales. Su enfoque combina la innovaci\u00f3n t\u00e9cnica con el respeto por la biolog\u00eda de las hormigas, is\u00f3podos y otros, desarrollando sistemas de nidos modulares 3D y acr\u00edlicos que son referentes para aficionados y profesionales en toda Europa. Su objetivo es facilitar la cr\u00eda de hormigas y otros artr\u00f3podos mediante soluciones seguras y divulgaci\u00f3n de calidad.","sameAs":["https:\/\/antderground.com\/","https:\/\/www.youtube.com\/channel\/UCio72z7TlbufkAthAJIJfPw"]}]}},"_links":{"self":[{"href":"https:\/\/antderground.com\/de\/wp-json\/wp\/v2\/product\/40951","targetHints":{"allow":["GET"]}}],"collection":[{"href":"https:\/\/antderground.com\/de\/wp-json\/wp\/v2\/product"}],"about":[{"href":"https:\/\/antderground.com\/de\/wp-json\/wp\/v2\/types\/product"}],"version-history":[{"count":0,"href":"https:\/\/antderground.com\/de\/wp-json\/wp\/v2\/product\/40951\/revisions"}],"wp:featuredmedia":[{"embeddable":true,"href":"https:\/\/antderground.com\/de\/wp-json\/wp\/v2\/media\/40915"}],"wp:attachment":[{"href":"https:\/\/antderground.com\/de\/wp-json\/wp\/v2\/media?parent=40951"}],"wp:term":[{"taxonomy":"product_brand","embeddable":true,"href":"https:\/\/antderground.com\/de\/wp-json\/wp\/v2\/product_brand?post=40951"},{"taxonomy":"product_cat","embeddable":true,"href":"https:\/\/antderground.com\/de\/wp-json\/wp\/v2\/product_cat?post=40951"},{"taxonomy":"product_tag","embeddable":true,"href":"https:\/\/antderground.com\/de\/wp-json\/wp\/v2\/product_tag?post=40951"}],"curies":[{"name":"wp","href":"https:\/\/api.w.org\/{rel}","templated":true}]}}