{"id":41024,"date":"2025-03-05T14:58:30","date_gmt":"2025-03-05T13:58:30","guid":{"rendered":"https:\/\/www.antderground.com\/producto\/sansevieria-cylindrica-mikado\/"},"modified":"2025-03-05T14:58:30","modified_gmt":"2025-03-05T13:58:30","slug":"sansevieria-cylindrica-mikado","status":"publish","type":"product","link":"https:\/\/antderground.com\/de\/produkt\/sansevieria-cylindrica-mikado\/","title":{"rendered":"Sansevieria cylindrica (Mikado)"},"content":{"rendered":"<p data-start=\"2547\" data-end=\"2608\"><strong data-start=\"2547\" data-end=\"2606\">Technisches Datenblatt: Sansevieria cylindrica (Mikado)<\/strong><\/p>\n<p data-start=\"2610\" data-end=\"2734\"><strong data-start=\"2610\" data-end=\"2631\">Allgemeiner Name:<\/strong> Sansevieria Mikado<br data-start=\"2650\" data-end=\"2653\" \/><strong data-start=\"2653\" data-end=\"2681\">Wissenschaftlicher Name:<\/strong> Sansevieria cylindrica<br data-start=\"2704\" data-end=\"2707\" \/><strong data-start=\"2707\" data-end=\"2719\">Familie:<\/strong> Asparagaceae<\/p>\n<p data-start=\"2736\" data-end=\"3214\"><strong data-start=\"2736\" data-end=\"2752\">Beschreibung<\/strong><br data-start=\"2752\" data-end=\"2755\" \/>Die <strong data-start=\"2759\" data-end=\"2792\">Sansevieria cylindrica Mikado<\/strong> ist eine aus Afrika stammende Zimmerpflanze. Sie zeichnet sich durch ihre zylindrischen, festen und aufrechten Bl\u00e4tter aus, die in einem geometrischen Muster wachsen. Ihre Bl\u00e4tter k\u00f6nnen bis zu 60 cm hoch werden und haben ein tiefgr\u00fcnes Farbmuster mit dunkleren Streifen, was sie zu einer idealen dekorativen Pflanze f\u00fcr jeden Raum macht. Die Mikado-Variante ist besonders auff\u00e4llig durch ihre spiralige Blattanordnung.<\/p>\n<p data-start=\"3216\" data-end=\"3232\"><strong data-start=\"3216\" data-end=\"3230\">Verwendung<\/strong><\/p>\n<ul data-start=\"3233\" data-end=\"3454\">\n<li data-start=\"3233\" data-end=\"3304\"><strong data-start=\"3235\" data-end=\"3255\">Innendekoration:<\/strong> Perfekt f\u00fcr moderne und minimalistische R\u00e4ume.<\/li>\n<li data-start=\"3305\" data-end=\"3454\"><strong data-start=\"3307\" data-end=\"3325\">Luftreinigung:<\/strong> Wie viele andere Sansevierien hilft sie, die Luft zu reinigen, indem sie Schadstoffe entfernt und die Luftqualit\u00e4t verbessert.<\/li>\n<\/ul>\n<p data-start=\"3456\" data-end=\"3476\"><strong data-start=\"3456\" data-end=\"3474\">Pflegehinweise<\/strong><\/p>\n<ul data-start=\"3477\" data-end=\"3997\">\n<li data-start=\"3477\" data-end=\"3576\"><strong data-start=\"3479\" data-end=\"3489\">Licht:<\/strong> Bevorzugt helles, indirektes Licht, vertr\u00e4gt aber auch schw\u00e4chere Lichtverh\u00e4ltnisse.<\/li>\n<li data-start=\"3577\" data-end=\"3729\"><strong data-start=\"3579\" data-end=\"3595\">Bew\u00e4sserung:<\/strong> M\u00e4\u00dfig gie\u00dfen. Staun\u00e4sse vermeiden, da dies Wurzelf\u00e4ule verursachen kann. Das Substrat zwischen den Wassergaben gut trocknen lassen.<\/li>\n<li data-start=\"3730\" data-end=\"3816\"><strong data-start=\"3732\" data-end=\"3747\">Temperatur:<\/strong> Optimal zwischen 18\u00b0C und 24\u00b0C. Temperaturen unter 10\u00b0C vermeiden.<\/li>\n<li data-start=\"3817\" data-end=\"3889\"><strong data-start=\"3819\" data-end=\"3840\">Luftfeuchtigkeit:<\/strong> Passt sich an normale Raumluftfeuchtigkeit an.<\/li>\n<li data-start=\"3890\" data-end=\"3997\"><strong data-start=\"3892\" data-end=\"3905\">Substrat:<\/strong> Bevorzugt gut durchl\u00e4ssige Erde, idealerweise eine Mischung f\u00fcr Sukkulenten oder Kakteen.<\/li>\n<\/ul>\n<p data-start=\"3999\" data-end=\"4013\"><strong data-start=\"3999\" data-end=\"4011\">Vorteile<\/strong><\/p>\n<ul data-start=\"4014\" data-end=\"4276\">\n<li data-start=\"4014\" data-end=\"4124\"><strong data-start=\"4016\" data-end=\"4033\">Pflegeleicht:<\/strong> Sehr widerstandsf\u00e4hig und tolerant gegen\u00fcber wenig Licht und unregelm\u00e4\u00dfiger Bew\u00e4sserung.<\/li>\n<li data-start=\"4125\" data-end=\"4192\"><strong data-start=\"4127\" data-end=\"4141\">Langlebig:<\/strong> Bei guter Pflege kann sie viele Jahre \u00fcberleben.<\/li>\n<li data-start=\"4193\" data-end=\"4276\"><strong data-start=\"4195\" data-end=\"4218\">Ideal f\u00fcr Anf\u00e4nger:<\/strong> Braucht wenig Aufmerksamkeit und ist einfach zu halten.<\/li>\n<\/ul>\n<p data-start=\"4278\" data-end=\"4466\"><strong data-start=\"4278\" data-end=\"4291\">Toxizit\u00e4t<\/strong><br data-start=\"4291\" data-end=\"4294\" \/>Au\u00dferhalb der Reichweite von Haustieren und Kindern aufbewahren, da das Verschlucken Magen-Darm-Beschwerden verursachen und gesundheitliche Risiken mit sich bringen kann.<\/p>\n","protected":false},"excerpt":{"rendered":"<p>Verleihen Sie Ihrem Zuhause mit der Sansevieria Mikado eine moderne Note! \ud83c\udf3f Pflegeleicht, widerstandsf\u00e4hig und luftreinigend \u2013 ideal f\u00fcr jedes Ambiente. Ihre zylindrischen Bl\u00e4tter machen sie zu einem einzigartigen Blickfang f\u00fcr Ihr Zuhause oder B\u00fcro.<\/p>\n<p><strong>Merkmale:<\/strong><\/p>\n<ul>\n<li>Topf: 6 cm.<\/li>\n<li>Innenbereich (Empfohlen) .<\/li>\n<\/ul>\n","protected":false},"featured_media":40792,"template":"","meta":[],"product_brand":[],"product_cat":[638],"product_tag":[],"class_list":{"0":"post-41024","1":"product","2":"type-product","3":"status-publish","4":"has-post-thumbnail","6":"product_cat-naturliche-pflanzen","8":"first","9":"outofstock","10":"shipping-taxable","11":"purchasable","12":"product-type-simple"},"yoast_head":"<!-- This site is optimized with the Yoast SEO plugin v27.4 - https:\/\/yoast.com\/product\/yoast-seo-wordpress\/ -->\n<title>Sansevieria cylindrica (Mikado) | Nat\u00fcrliche Pflanzen - ANTDERGROUND<\/title>\n<meta name=\"description\" content=\"Bringen Sie Stil in Ihr Zuhause mit der Sansevieria Mikado \ud83c\udf31. Pflegeleicht, langlebig und luftreinigend \u2013 perfekt f\u00fcr jeden Raum!\" \/>\n<meta name=\"robots\" content=\"index, follow, max-snippet:-1, max-image-preview:large, max-video-preview:-1\" \/>\n<link rel=\"canonical\" href=\"https:\/\/antderground.com\/de\/produkt\/sansevieria-cylindrica-mikado\/\" \/>\n<meta property=\"og:locale\" content=\"de_DE\" \/>\n<meta property=\"og:type\" content=\"article\" \/>\n<meta property=\"og:title\" content=\"Sansevieria cylindrica (Mikado) | Nat\u00fcrliche Pflanzen - ANTDERGROUND\" \/>\n<meta property=\"og:description\" content=\"Bringen Sie Stil in Ihr Zuhause mit der Sansevieria Mikado \ud83c\udf31. Pflegeleicht, langlebig und luftreinigend \u2013 perfekt f\u00fcr jeden Raum!\" \/>\n<meta property=\"og:url\" content=\"https:\/\/antderground.com\/de\/produkt\/sansevieria-cylindrica-mikado\/\" \/>\n<meta property=\"og:site_name\" content=\"ANTDERGROUND\" \/>\n<meta property=\"og:image\" content=\"https:\/\/antderground.com\/wp-content\/uploads\/2025\/03\/Sansevieria-cylindrica-Mikado.jpeg\" \/>\n\t<meta property=\"og:image:width\" content=\"1600\" \/>\n\t<meta property=\"og:image:height\" content=\"1600\" \/>\n\t<meta property=\"og:image:type\" content=\"image\/jpeg\" \/>\n<meta name=\"twitter:card\" content=\"summary_large_image\" \/>\n<meta name=\"twitter:label1\" content=\"Gesch\u00e4tzte Lesezeit\" \/>\n\t<meta name=\"twitter:data1\" content=\"1\u00a0Minute\" \/>\n<script type=\"application\/ld+json\" class=\"yoast-schema-graph\">{\"@context\":\"https:\\\/\\\/schema.org\",\"@graph\":[{\"@type\":\"WebPage\",\"@id\":\"https:\\\/\\\/antderground.com\\\/de\\\/produkt\\\/sansevieria-cylindrica-mikado\\\/\",\"url\":\"https:\\\/\\\/antderground.com\\\/de\\\/produkt\\\/sansevieria-cylindrica-mikado\\\/\",\"name\":\"Sansevieria cylindrica (Mikado) | Nat\u00fcrliche Pflanzen - ANTDERGROUND\",\"isPartOf\":{\"@id\":\"https:\\\/\\\/antderground.com\\\/de\\\/#website\"},\"primaryImageOfPage\":{\"@id\":\"https:\\\/\\\/antderground.com\\\/de\\\/produkt\\\/sansevieria-cylindrica-mikado\\\/#primaryimage\"},\"image\":{\"@id\":\"https:\\\/\\\/antderground.com\\\/de\\\/produkt\\\/sansevieria-cylindrica-mikado\\\/#primaryimage\"},\"thumbnailUrl\":\"https:\\\/\\\/antderground.com\\\/wp-content\\\/uploads\\\/2025\\\/03\\\/Sansevieria-cylindrica-Mikado.jpeg\",\"datePublished\":\"2025-03-05T13:58:30+00:00\",\"description\":\"Bringen Sie Stil in Ihr Zuhause mit der Sansevieria Mikado \ud83c\udf31. Pflegeleicht, langlebig und luftreinigend \u2013 perfekt f\u00fcr jeden Raum!\",\"breadcrumb\":{\"@id\":\"https:\\\/\\\/antderground.com\\\/de\\\/produkt\\\/sansevieria-cylindrica-mikado\\\/#breadcrumb\"},\"inLanguage\":\"de\",\"potentialAction\":[{\"@type\":\"ReadAction\",\"target\":[\"https:\\\/\\\/antderground.com\\\/de\\\/produkt\\\/sansevieria-cylindrica-mikado\\\/\"]}]},{\"@type\":\"ImageObject\",\"inLanguage\":\"de\",\"@id\":\"https:\\\/\\\/antderground.com\\\/de\\\/produkt\\\/sansevieria-cylindrica-mikado\\\/#primaryimage\",\"url\":\"https:\\\/\\\/antderground.com\\\/wp-content\\\/uploads\\\/2025\\\/03\\\/Sansevieria-cylindrica-Mikado.jpeg\",\"contentUrl\":\"https:\\\/\\\/antderground.com\\\/wp-content\\\/uploads\\\/2025\\\/03\\\/Sansevieria-cylindrica-Mikado.jpeg\",\"width\":1600,\"height\":1600,\"caption\":\"Sansevieria cylindrica (Mikado)\"},{\"@type\":\"BreadcrumbList\",\"@id\":\"https:\\\/\\\/antderground.com\\\/de\\\/produkt\\\/sansevieria-cylindrica-mikado\\\/#breadcrumb\",\"itemListElement\":[{\"@type\":\"ListItem\",\"position\":1,\"name\":\"Portada\",\"item\":\"https:\\\/\\\/antderground.com\\\/de\\\/\"},{\"@type\":\"ListItem\",\"position\":2,\"name\":\"Shop\",\"item\":\"https:\\\/\\\/antderground.com\\\/de\\\/shop\\\/\"},{\"@type\":\"ListItem\",\"position\":3,\"name\":\"Sansevieria cylindrica (Mikado)\"}]},{\"@type\":\"WebSite\",\"@id\":\"https:\\\/\\\/antderground.com\\\/de\\\/#website\",\"url\":\"https:\\\/\\\/antderground.com\\\/de\\\/\",\"name\":\"ANTDERGROUND\",\"description\":\"Tu tienda de hormigas, gran variedad de hormigueros acr\u00edlicos,madera,arena,3D y mas.. Pide tus hormigas gratis con tu pedido, somos expertos en hormigueros antifugas.\",\"publisher\":{\"@id\":\"https:\\\/\\\/antderground.com\\\/de\\\/#\\\/schema\\\/person\\\/0e322c505e84fe72c65e2f6d08f96b81\"},\"alternateName\":\"Antderground\",\"potentialAction\":[{\"@type\":\"SearchAction\",\"target\":{\"@type\":\"EntryPoint\",\"urlTemplate\":\"https:\\\/\\\/antderground.com\\\/de\\\/?s={search_term_string}\"},\"query-input\":{\"@type\":\"PropertyValueSpecification\",\"valueRequired\":true,\"valueName\":\"search_term_string\"}}],\"inLanguage\":\"de\"},{\"@type\":[\"Person\",\"Organization\"],\"@id\":\"https:\\\/\\\/antderground.com\\\/de\\\/#\\\/schema\\\/person\\\/0e322c505e84fe72c65e2f6d08f96b81\",\"name\":\"Eric de Antderground\",\"image\":{\"@type\":\"ImageObject\",\"inLanguage\":\"de\",\"@id\":\"https:\\\/\\\/secure.gravatar.com\\\/avatar\\\/c49a1b9f79216d1498cb73c1e85cd47f4465dda35f2a94c03790d491bd4423c3?s=96&d=mm&r=g\",\"url\":\"https:\\\/\\\/secure.gravatar.com\\\/avatar\\\/c49a1b9f79216d1498cb73c1e85cd47f4465dda35f2a94c03790d491bd4423c3?s=96&d=mm&r=g\",\"contentUrl\":\"https:\\\/\\\/secure.gravatar.com\\\/avatar\\\/c49a1b9f79216d1498cb73c1e85cd47f4465dda35f2a94c03790d491bd4423c3?s=96&d=mm&r=g\",\"caption\":\"Eric de Antderground\"},\"logo\":{\"@id\":\"https:\\\/\\\/secure.gravatar.com\\\/avatar\\\/c49a1b9f79216d1498cb73c1e85cd47f4465dda35f2a94c03790d491bd4423c3?s=96&d=mm&r=g\"},\"description\":\"Eric es el especialista y fundador de Antderground, con una amplia trayectoria en artr\u00f3podos y enfocado en la mirmecolog\u00eda y el dise\u00f1o de hormigueros artificiales. Su enfoque combina la innovaci\u00f3n t\u00e9cnica con el respeto por la biolog\u00eda de las hormigas, is\u00f3podos y otros, desarrollando sistemas de nidos modulares 3D y acr\u00edlicos que son referentes para aficionados y profesionales en toda Europa. Su objetivo es facilitar la cr\u00eda de hormigas y otros artr\u00f3podos mediante soluciones seguras y divulgaci\u00f3n de calidad.\",\"sameAs\":[\"https:\\\/\\\/antderground.com\\\/\",\"https:\\\/\\\/www.youtube.com\\\/channel\\\/UCio72z7TlbufkAthAJIJfPw\"]}]}<\/script>\n<!-- \/ Yoast SEO plugin. -->","yoast_head_json":{"title":"Sansevieria cylindrica (Mikado) | Nat\u00fcrliche Pflanzen - ANTDERGROUND","description":"Bringen Sie Stil in Ihr Zuhause mit der Sansevieria Mikado \ud83c\udf31. Pflegeleicht, langlebig und luftreinigend \u2013 perfekt f\u00fcr jeden Raum!","robots":{"index":"index","follow":"follow","max-snippet":"max-snippet:-1","max-image-preview":"max-image-preview:large","max-video-preview":"max-video-preview:-1"},"canonical":"https:\/\/antderground.com\/de\/produkt\/sansevieria-cylindrica-mikado\/","og_locale":"de_DE","og_type":"article","og_title":"Sansevieria cylindrica (Mikado) | Nat\u00fcrliche Pflanzen - ANTDERGROUND","og_description":"Bringen Sie Stil in Ihr Zuhause mit der Sansevieria Mikado \ud83c\udf31. Pflegeleicht, langlebig und luftreinigend \u2013 perfekt f\u00fcr jeden Raum!","og_url":"https:\/\/antderground.com\/de\/produkt\/sansevieria-cylindrica-mikado\/","og_site_name":"ANTDERGROUND","og_image":[{"width":1600,"height":1600,"url":"https:\/\/antderground.com\/wp-content\/uploads\/2025\/03\/Sansevieria-cylindrica-Mikado.jpeg","type":"image\/jpeg"}],"twitter_card":"summary_large_image","twitter_misc":{"Gesch\u00e4tzte Lesezeit":"1\u00a0Minute"},"schema":{"@context":"https:\/\/schema.org","@graph":[{"@type":"WebPage","@id":"https:\/\/antderground.com\/de\/produkt\/sansevieria-cylindrica-mikado\/","url":"https:\/\/antderground.com\/de\/produkt\/sansevieria-cylindrica-mikado\/","name":"Sansevieria cylindrica (Mikado) | Nat\u00fcrliche Pflanzen - ANTDERGROUND","isPartOf":{"@id":"https:\/\/antderground.com\/de\/#website"},"primaryImageOfPage":{"@id":"https:\/\/antderground.com\/de\/produkt\/sansevieria-cylindrica-mikado\/#primaryimage"},"image":{"@id":"https:\/\/antderground.com\/de\/produkt\/sansevieria-cylindrica-mikado\/#primaryimage"},"thumbnailUrl":"https:\/\/antderground.com\/wp-content\/uploads\/2025\/03\/Sansevieria-cylindrica-Mikado.jpeg","datePublished":"2025-03-05T13:58:30+00:00","description":"Bringen Sie Stil in Ihr Zuhause mit der Sansevieria Mikado \ud83c\udf31. Pflegeleicht, langlebig und luftreinigend \u2013 perfekt f\u00fcr jeden Raum!","breadcrumb":{"@id":"https:\/\/antderground.com\/de\/produkt\/sansevieria-cylindrica-mikado\/#breadcrumb"},"inLanguage":"de","potentialAction":[{"@type":"ReadAction","target":["https:\/\/antderground.com\/de\/produkt\/sansevieria-cylindrica-mikado\/"]}]},{"@type":"ImageObject","inLanguage":"de","@id":"https:\/\/antderground.com\/de\/produkt\/sansevieria-cylindrica-mikado\/#primaryimage","url":"https:\/\/antderground.com\/wp-content\/uploads\/2025\/03\/Sansevieria-cylindrica-Mikado.jpeg","contentUrl":"https:\/\/antderground.com\/wp-content\/uploads\/2025\/03\/Sansevieria-cylindrica-Mikado.jpeg","width":1600,"height":1600,"caption":"Sansevieria cylindrica (Mikado)"},{"@type":"BreadcrumbList","@id":"https:\/\/antderground.com\/de\/produkt\/sansevieria-cylindrica-mikado\/#breadcrumb","itemListElement":[{"@type":"ListItem","position":1,"name":"Portada","item":"https:\/\/antderground.com\/de\/"},{"@type":"ListItem","position":2,"name":"Shop","item":"https:\/\/antderground.com\/de\/shop\/"},{"@type":"ListItem","position":3,"name":"Sansevieria cylindrica (Mikado)"}]},{"@type":"WebSite","@id":"https:\/\/antderground.com\/de\/#website","url":"https:\/\/antderground.com\/de\/","name":"ANTDERGROUND","description":"Tu tienda de hormigas, gran variedad de hormigueros acr\u00edlicos,madera,arena,3D y mas.. Pide tus hormigas gratis con tu pedido, somos expertos en hormigueros antifugas.","publisher":{"@id":"https:\/\/antderground.com\/de\/#\/schema\/person\/0e322c505e84fe72c65e2f6d08f96b81"},"alternateName":"Antderground","potentialAction":[{"@type":"SearchAction","target":{"@type":"EntryPoint","urlTemplate":"https:\/\/antderground.com\/de\/?s={search_term_string}"},"query-input":{"@type":"PropertyValueSpecification","valueRequired":true,"valueName":"search_term_string"}}],"inLanguage":"de"},{"@type":["Person","Organization"],"@id":"https:\/\/antderground.com\/de\/#\/schema\/person\/0e322c505e84fe72c65e2f6d08f96b81","name":"Eric de Antderground","image":{"@type":"ImageObject","inLanguage":"de","@id":"https:\/\/secure.gravatar.com\/avatar\/c49a1b9f79216d1498cb73c1e85cd47f4465dda35f2a94c03790d491bd4423c3?s=96&d=mm&r=g","url":"https:\/\/secure.gravatar.com\/avatar\/c49a1b9f79216d1498cb73c1e85cd47f4465dda35f2a94c03790d491bd4423c3?s=96&d=mm&r=g","contentUrl":"https:\/\/secure.gravatar.com\/avatar\/c49a1b9f79216d1498cb73c1e85cd47f4465dda35f2a94c03790d491bd4423c3?s=96&d=mm&r=g","caption":"Eric de Antderground"},"logo":{"@id":"https:\/\/secure.gravatar.com\/avatar\/c49a1b9f79216d1498cb73c1e85cd47f4465dda35f2a94c03790d491bd4423c3?s=96&d=mm&r=g"},"description":"Eric es el especialista y fundador de Antderground, con una amplia trayectoria en artr\u00f3podos y enfocado en la mirmecolog\u00eda y el dise\u00f1o de hormigueros artificiales. Su enfoque combina la innovaci\u00f3n t\u00e9cnica con el respeto por la biolog\u00eda de las hormigas, is\u00f3podos y otros, desarrollando sistemas de nidos modulares 3D y acr\u00edlicos que son referentes para aficionados y profesionales en toda Europa. Su objetivo es facilitar la cr\u00eda de hormigas y otros artr\u00f3podos mediante soluciones seguras y divulgaci\u00f3n de calidad.","sameAs":["https:\/\/antderground.com\/","https:\/\/www.youtube.com\/channel\/UCio72z7TlbufkAthAJIJfPw"]}]}},"_links":{"self":[{"href":"https:\/\/antderground.com\/de\/wp-json\/wp\/v2\/product\/41024","targetHints":{"allow":["GET"]}}],"collection":[{"href":"https:\/\/antderground.com\/de\/wp-json\/wp\/v2\/product"}],"about":[{"href":"https:\/\/antderground.com\/de\/wp-json\/wp\/v2\/types\/product"}],"version-history":[{"count":0,"href":"https:\/\/antderground.com\/de\/wp-json\/wp\/v2\/product\/41024\/revisions"}],"wp:featuredmedia":[{"embeddable":true,"href":"https:\/\/antderground.com\/de\/wp-json\/wp\/v2\/media\/40792"}],"wp:attachment":[{"href":"https:\/\/antderground.com\/de\/wp-json\/wp\/v2\/media?parent=41024"}],"wp:term":[{"taxonomy":"product_brand","embeddable":true,"href":"https:\/\/antderground.com\/de\/wp-json\/wp\/v2\/product_brand?post=41024"},{"taxonomy":"product_cat","embeddable":true,"href":"https:\/\/antderground.com\/de\/wp-json\/wp\/v2\/product_cat?post=41024"},{"taxonomy":"product_tag","embeddable":true,"href":"https:\/\/antderground.com\/de\/wp-json\/wp\/v2\/product_tag?post=41024"}],"curies":[{"name":"wp","href":"https:\/\/api.w.org\/{rel}","templated":true}]}}