{"id":41083,"date":"2025-03-10T11:44:39","date_gmt":"2025-03-10T10:44:39","guid":{"rendered":"https:\/\/www.antderground.com\/producto\/lueftungsgitter-fuer-terrarien-und-boxen\/"},"modified":"2025-03-10T11:44:39","modified_gmt":"2025-03-10T10:44:39","slug":"lueftungsgitter-fuer-terrarien-und-boxen","status":"publish","type":"product","link":"https:\/\/antderground.com\/de\/produkt\/lueftungsgitter-fuer-terrarien-und-boxen\/","title":{"rendered":"L\u00fcftungsgitter f\u00fcr Terrarien und Boxen"},"content":{"rendered":"","protected":false},"excerpt":{"rendered":"<p data-start=\"1358\" data-end=\"1672\">Optimieren Sie die Bel\u00fcftung Ihres Terrariums oder Ihrer Box mit diesem hochwertigen L\u00fcftungsgitter. Das Design mit einem 38-mm-Gewinde und einem Au\u00dfendurchmesser von 50 mm erm\u00f6glicht eine sichere Installation in verschiedenen Beh\u00e4ltern. In Schwarz gehalten, bietet es eine unauff\u00e4llige und professionelle Optik.<\/p>\n<h3 data-start=\"1674\" data-end=\"1690\"><strong data-start=\"1678\" data-end=\"1688\">Gr\u00f6\u00dfe:<\/strong><\/h3>\n<ul data-start=\"1691\" data-end=\"1745\">\n<li data-start=\"1691\" data-end=\"1722\"><strong data-start=\"1693\" data-end=\"1714\">Au\u00dfendurchmesser:<\/strong> 50 mm<\/li>\n<li data-start=\"1723\" data-end=\"1745\"><strong data-start=\"1725\" data-end=\"1737\">Gewinde:<\/strong> 38 mm<\/li>\n<\/ul>\n<h3 data-start=\"1747\" data-end=\"1763\"><strong data-start=\"1751\" data-end=\"1761\">Farbe:<\/strong><\/h3>\n<ul data-start=\"1764\" data-end=\"1775\">\n<li data-start=\"1764\" data-end=\"1775\">Schwarz<\/li>\n<\/ul>\n<h3 data-start=\"1777\" data-end=\"1796\"><strong data-start=\"1781\" data-end=\"1794\">Vorteile:<\/strong><\/h3>\n<p data-start=\"1797\" data-end=\"2143\">\u2705 <strong data-start=\"1799\" data-end=\"1833\">Verbessert die Luftzirkulation<\/strong>, verhindert \u00fcberm\u00e4\u00dfige Feuchtigkeit und sorgt f\u00fcr ein gesundes Umfeld.<br data-start=\"1904\" data-end=\"1907\" \/>\u2705 <strong data-start=\"1909\" data-end=\"1930\">Robustes Material<\/strong>, ideal f\u00fcr feuchte Umgebungen oder wechselnde Temperaturen.<br data-start=\"1990\" data-end=\"1993\" \/>\u2705 <strong data-start=\"1995\" data-end=\"2025\">Nicht f\u00fcr Ameisen geeignet<\/strong>, da das Gitter nicht fein genug ist, um sie zur\u00fcckzuhalten \u2013 perfekt f\u00fcr Reptilien, Amphibien und gr\u00f6\u00dfere Insekten.<\/p>\n<p data-start=\"2145\" data-end=\"2221\">Perfekt f\u00fcr eine optimale Luftzirkulation in Terrarien und Zuchtbeh\u00e4ltern.<\/p>\n","protected":false},"featured_media":40927,"template":"","meta":[],"product_brand":[],"product_cat":[514,527],"product_tag":[],"class_list":{"0":"post-41083","1":"product","2":"type-product","3":"status-publish","4":"has-post-thumbnail","6":"product_cat-zubehor","7":"product_cat-terrarien","9":"first","10":"instock","11":"shipping-taxable","12":"purchasable","13":"product-type-simple"},"yoast_head":"<!-- This site is optimized with the Yoast SEO plugin v27.4 - https:\/\/yoast.com\/product\/yoast-seo-wordpress\/ -->\n<title>L\u00fcftungsgitter f\u00fcr Terrarien und Boxen - ANTDERGROUND<\/title>\n<meta name=\"description\" content=\"Schwarzes L\u00fcftungsgitter (50 mm, Gewinde 38 mm) f\u00fcr Terrarien und Boxen. Verbessert die Luftzirkulation \ud83c\udf3f Nicht f\u00fcr Ameisen geeignet! \ud83d\udeab\ud83d\udc1c\" \/>\n<meta name=\"robots\" content=\"index, follow, max-snippet:-1, max-image-preview:large, max-video-preview:-1\" \/>\n<link rel=\"canonical\" href=\"https:\/\/antderground.com\/de\/produkt\/lueftungsgitter-fuer-terrarien-und-boxen\/\" \/>\n<meta property=\"og:locale\" content=\"de_DE\" \/>\n<meta property=\"og:type\" content=\"article\" \/>\n<meta property=\"og:title\" content=\"L\u00fcftungsgitter f\u00fcr Terrarien und Boxen - ANTDERGROUND\" \/>\n<meta property=\"og:description\" content=\"Schwarzes L\u00fcftungsgitter (50 mm, Gewinde 38 mm) f\u00fcr Terrarien und Boxen. Verbessert die Luftzirkulation \ud83c\udf3f Nicht f\u00fcr Ameisen geeignet! \ud83d\udeab\ud83d\udc1c\" \/>\n<meta property=\"og:url\" content=\"https:\/\/antderground.com\/de\/produkt\/lueftungsgitter-fuer-terrarien-und-boxen\/\" \/>\n<meta property=\"og:site_name\" content=\"ANTDERGROUND\" \/>\n<meta property=\"og:image\" content=\"https:\/\/antderground.com\/wp-content\/uploads\/2025\/03\/Rejilla-de-ventilacion-para-terrarios-y-tuppers-1.jpeg\" \/>\n\t<meta property=\"og:image:width\" content=\"1600\" \/>\n\t<meta property=\"og:image:height\" content=\"1600\" \/>\n\t<meta property=\"og:image:type\" content=\"image\/jpeg\" \/>\n<meta name=\"twitter:card\" content=\"summary_large_image\" \/>\n<script type=\"application\/ld+json\" class=\"yoast-schema-graph\">{\"@context\":\"https:\\\/\\\/schema.org\",\"@graph\":[{\"@type\":\"WebPage\",\"@id\":\"https:\\\/\\\/antderground.com\\\/de\\\/produkt\\\/lueftungsgitter-fuer-terrarien-und-boxen\\\/\",\"url\":\"https:\\\/\\\/antderground.com\\\/de\\\/produkt\\\/lueftungsgitter-fuer-terrarien-und-boxen\\\/\",\"name\":\"L\u00fcftungsgitter f\u00fcr Terrarien und Boxen - ANTDERGROUND\",\"isPartOf\":{\"@id\":\"https:\\\/\\\/antderground.com\\\/de\\\/#website\"},\"primaryImageOfPage\":{\"@id\":\"https:\\\/\\\/antderground.com\\\/de\\\/produkt\\\/lueftungsgitter-fuer-terrarien-und-boxen\\\/#primaryimage\"},\"image\":{\"@id\":\"https:\\\/\\\/antderground.com\\\/de\\\/produkt\\\/lueftungsgitter-fuer-terrarien-und-boxen\\\/#primaryimage\"},\"thumbnailUrl\":\"https:\\\/\\\/antderground.com\\\/wp-content\\\/uploads\\\/2025\\\/03\\\/Rejilla-de-ventilacion-para-terrarios-y-tuppers-1.jpeg\",\"datePublished\":\"2025-03-10T10:44:39+00:00\",\"description\":\"Schwarzes L\u00fcftungsgitter (50 mm, Gewinde 38 mm) f\u00fcr Terrarien und Boxen. Verbessert die Luftzirkulation \ud83c\udf3f Nicht f\u00fcr Ameisen geeignet! \ud83d\udeab\ud83d\udc1c\",\"breadcrumb\":{\"@id\":\"https:\\\/\\\/antderground.com\\\/de\\\/produkt\\\/lueftungsgitter-fuer-terrarien-und-boxen\\\/#breadcrumb\"},\"inLanguage\":\"de\",\"potentialAction\":[{\"@type\":\"ReadAction\",\"target\":[\"https:\\\/\\\/antderground.com\\\/de\\\/produkt\\\/lueftungsgitter-fuer-terrarien-und-boxen\\\/\"]}]},{\"@type\":\"ImageObject\",\"inLanguage\":\"de\",\"@id\":\"https:\\\/\\\/antderground.com\\\/de\\\/produkt\\\/lueftungsgitter-fuer-terrarien-und-boxen\\\/#primaryimage\",\"url\":\"https:\\\/\\\/antderground.com\\\/wp-content\\\/uploads\\\/2025\\\/03\\\/Rejilla-de-ventilacion-para-terrarios-y-tuppers-1.jpeg\",\"contentUrl\":\"https:\\\/\\\/antderground.com\\\/wp-content\\\/uploads\\\/2025\\\/03\\\/Rejilla-de-ventilacion-para-terrarios-y-tuppers-1.jpeg\",\"width\":1600,\"height\":1600,\"caption\":\"Rejilla de ventilacion para terrarios y tuppers 1\"},{\"@type\":\"BreadcrumbList\",\"@id\":\"https:\\\/\\\/antderground.com\\\/de\\\/produkt\\\/lueftungsgitter-fuer-terrarien-und-boxen\\\/#breadcrumb\",\"itemListElement\":[{\"@type\":\"ListItem\",\"position\":1,\"name\":\"Portada\",\"item\":\"https:\\\/\\\/antderground.com\\\/de\\\/\"},{\"@type\":\"ListItem\",\"position\":2,\"name\":\"Shop\",\"item\":\"https:\\\/\\\/antderground.com\\\/de\\\/shop\\\/\"},{\"@type\":\"ListItem\",\"position\":3,\"name\":\"L\u00fcftungsgitter f\u00fcr Terrarien und Boxen\"}]},{\"@type\":\"WebSite\",\"@id\":\"https:\\\/\\\/antderground.com\\\/de\\\/#website\",\"url\":\"https:\\\/\\\/antderground.com\\\/de\\\/\",\"name\":\"ANTDERGROUND\",\"description\":\"Tu tienda de hormigas, gran variedad de hormigueros acr\u00edlicos,madera,arena,3D y mas.. Pide tus hormigas gratis con tu pedido, somos expertos en hormigueros antifugas.\",\"publisher\":{\"@id\":\"https:\\\/\\\/antderground.com\\\/de\\\/#\\\/schema\\\/person\\\/0e322c505e84fe72c65e2f6d08f96b81\"},\"alternateName\":\"Antderground\",\"potentialAction\":[{\"@type\":\"SearchAction\",\"target\":{\"@type\":\"EntryPoint\",\"urlTemplate\":\"https:\\\/\\\/antderground.com\\\/de\\\/?s={search_term_string}\"},\"query-input\":{\"@type\":\"PropertyValueSpecification\",\"valueRequired\":true,\"valueName\":\"search_term_string\"}}],\"inLanguage\":\"de\"},{\"@type\":[\"Person\",\"Organization\"],\"@id\":\"https:\\\/\\\/antderground.com\\\/de\\\/#\\\/schema\\\/person\\\/0e322c505e84fe72c65e2f6d08f96b81\",\"name\":\"Eric de Antderground\",\"image\":{\"@type\":\"ImageObject\",\"inLanguage\":\"de\",\"@id\":\"https:\\\/\\\/secure.gravatar.com\\\/avatar\\\/c49a1b9f79216d1498cb73c1e85cd47f4465dda35f2a94c03790d491bd4423c3?s=96&d=mm&r=g\",\"url\":\"https:\\\/\\\/secure.gravatar.com\\\/avatar\\\/c49a1b9f79216d1498cb73c1e85cd47f4465dda35f2a94c03790d491bd4423c3?s=96&d=mm&r=g\",\"contentUrl\":\"https:\\\/\\\/secure.gravatar.com\\\/avatar\\\/c49a1b9f79216d1498cb73c1e85cd47f4465dda35f2a94c03790d491bd4423c3?s=96&d=mm&r=g\",\"caption\":\"Eric de Antderground\"},\"logo\":{\"@id\":\"https:\\\/\\\/secure.gravatar.com\\\/avatar\\\/c49a1b9f79216d1498cb73c1e85cd47f4465dda35f2a94c03790d491bd4423c3?s=96&d=mm&r=g\"},\"description\":\"Eric es el especialista y fundador de Antderground, con una amplia trayectoria en artr\u00f3podos y enfocado en la mirmecolog\u00eda y el dise\u00f1o de hormigueros artificiales. Su enfoque combina la innovaci\u00f3n t\u00e9cnica con el respeto por la biolog\u00eda de las hormigas, is\u00f3podos y otros, desarrollando sistemas de nidos modulares 3D y acr\u00edlicos que son referentes para aficionados y profesionales en toda Europa. Su objetivo es facilitar la cr\u00eda de hormigas y otros artr\u00f3podos mediante soluciones seguras y divulgaci\u00f3n de calidad.\",\"sameAs\":[\"https:\\\/\\\/antderground.com\\\/\",\"https:\\\/\\\/www.youtube.com\\\/channel\\\/UCio72z7TlbufkAthAJIJfPw\"]}]}<\/script>\n<!-- \/ Yoast SEO plugin. -->","yoast_head_json":{"title":"L\u00fcftungsgitter f\u00fcr Terrarien und Boxen - ANTDERGROUND","description":"Schwarzes L\u00fcftungsgitter (50 mm, Gewinde 38 mm) f\u00fcr Terrarien und Boxen. Verbessert die Luftzirkulation \ud83c\udf3f Nicht f\u00fcr Ameisen geeignet! \ud83d\udeab\ud83d\udc1c","robots":{"index":"index","follow":"follow","max-snippet":"max-snippet:-1","max-image-preview":"max-image-preview:large","max-video-preview":"max-video-preview:-1"},"canonical":"https:\/\/antderground.com\/de\/produkt\/lueftungsgitter-fuer-terrarien-und-boxen\/","og_locale":"de_DE","og_type":"article","og_title":"L\u00fcftungsgitter f\u00fcr Terrarien und Boxen - ANTDERGROUND","og_description":"Schwarzes L\u00fcftungsgitter (50 mm, Gewinde 38 mm) f\u00fcr Terrarien und Boxen. Verbessert die Luftzirkulation \ud83c\udf3f Nicht f\u00fcr Ameisen geeignet! \ud83d\udeab\ud83d\udc1c","og_url":"https:\/\/antderground.com\/de\/produkt\/lueftungsgitter-fuer-terrarien-und-boxen\/","og_site_name":"ANTDERGROUND","og_image":[{"width":1600,"height":1600,"url":"https:\/\/antderground.com\/wp-content\/uploads\/2025\/03\/Rejilla-de-ventilacion-para-terrarios-y-tuppers-1.jpeg","type":"image\/jpeg"}],"twitter_card":"summary_large_image","schema":{"@context":"https:\/\/schema.org","@graph":[{"@type":"WebPage","@id":"https:\/\/antderground.com\/de\/produkt\/lueftungsgitter-fuer-terrarien-und-boxen\/","url":"https:\/\/antderground.com\/de\/produkt\/lueftungsgitter-fuer-terrarien-und-boxen\/","name":"L\u00fcftungsgitter f\u00fcr Terrarien und Boxen - ANTDERGROUND","isPartOf":{"@id":"https:\/\/antderground.com\/de\/#website"},"primaryImageOfPage":{"@id":"https:\/\/antderground.com\/de\/produkt\/lueftungsgitter-fuer-terrarien-und-boxen\/#primaryimage"},"image":{"@id":"https:\/\/antderground.com\/de\/produkt\/lueftungsgitter-fuer-terrarien-und-boxen\/#primaryimage"},"thumbnailUrl":"https:\/\/antderground.com\/wp-content\/uploads\/2025\/03\/Rejilla-de-ventilacion-para-terrarios-y-tuppers-1.jpeg","datePublished":"2025-03-10T10:44:39+00:00","description":"Schwarzes L\u00fcftungsgitter (50 mm, Gewinde 38 mm) f\u00fcr Terrarien und Boxen. Verbessert die Luftzirkulation \ud83c\udf3f Nicht f\u00fcr Ameisen geeignet! \ud83d\udeab\ud83d\udc1c","breadcrumb":{"@id":"https:\/\/antderground.com\/de\/produkt\/lueftungsgitter-fuer-terrarien-und-boxen\/#breadcrumb"},"inLanguage":"de","potentialAction":[{"@type":"ReadAction","target":["https:\/\/antderground.com\/de\/produkt\/lueftungsgitter-fuer-terrarien-und-boxen\/"]}]},{"@type":"ImageObject","inLanguage":"de","@id":"https:\/\/antderground.com\/de\/produkt\/lueftungsgitter-fuer-terrarien-und-boxen\/#primaryimage","url":"https:\/\/antderground.com\/wp-content\/uploads\/2025\/03\/Rejilla-de-ventilacion-para-terrarios-y-tuppers-1.jpeg","contentUrl":"https:\/\/antderground.com\/wp-content\/uploads\/2025\/03\/Rejilla-de-ventilacion-para-terrarios-y-tuppers-1.jpeg","width":1600,"height":1600,"caption":"Rejilla de ventilacion para terrarios y tuppers 1"},{"@type":"BreadcrumbList","@id":"https:\/\/antderground.com\/de\/produkt\/lueftungsgitter-fuer-terrarien-und-boxen\/#breadcrumb","itemListElement":[{"@type":"ListItem","position":1,"name":"Portada","item":"https:\/\/antderground.com\/de\/"},{"@type":"ListItem","position":2,"name":"Shop","item":"https:\/\/antderground.com\/de\/shop\/"},{"@type":"ListItem","position":3,"name":"L\u00fcftungsgitter f\u00fcr Terrarien und Boxen"}]},{"@type":"WebSite","@id":"https:\/\/antderground.com\/de\/#website","url":"https:\/\/antderground.com\/de\/","name":"ANTDERGROUND","description":"Tu tienda de hormigas, gran variedad de hormigueros acr\u00edlicos,madera,arena,3D y mas.. Pide tus hormigas gratis con tu pedido, somos expertos en hormigueros antifugas.","publisher":{"@id":"https:\/\/antderground.com\/de\/#\/schema\/person\/0e322c505e84fe72c65e2f6d08f96b81"},"alternateName":"Antderground","potentialAction":[{"@type":"SearchAction","target":{"@type":"EntryPoint","urlTemplate":"https:\/\/antderground.com\/de\/?s={search_term_string}"},"query-input":{"@type":"PropertyValueSpecification","valueRequired":true,"valueName":"search_term_string"}}],"inLanguage":"de"},{"@type":["Person","Organization"],"@id":"https:\/\/antderground.com\/de\/#\/schema\/person\/0e322c505e84fe72c65e2f6d08f96b81","name":"Eric de Antderground","image":{"@type":"ImageObject","inLanguage":"de","@id":"https:\/\/secure.gravatar.com\/avatar\/c49a1b9f79216d1498cb73c1e85cd47f4465dda35f2a94c03790d491bd4423c3?s=96&d=mm&r=g","url":"https:\/\/secure.gravatar.com\/avatar\/c49a1b9f79216d1498cb73c1e85cd47f4465dda35f2a94c03790d491bd4423c3?s=96&d=mm&r=g","contentUrl":"https:\/\/secure.gravatar.com\/avatar\/c49a1b9f79216d1498cb73c1e85cd47f4465dda35f2a94c03790d491bd4423c3?s=96&d=mm&r=g","caption":"Eric de Antderground"},"logo":{"@id":"https:\/\/secure.gravatar.com\/avatar\/c49a1b9f79216d1498cb73c1e85cd47f4465dda35f2a94c03790d491bd4423c3?s=96&d=mm&r=g"},"description":"Eric es el especialista y fundador de Antderground, con una amplia trayectoria en artr\u00f3podos y enfocado en la mirmecolog\u00eda y el dise\u00f1o de hormigueros artificiales. Su enfoque combina la innovaci\u00f3n t\u00e9cnica con el respeto por la biolog\u00eda de las hormigas, is\u00f3podos y otros, desarrollando sistemas de nidos modulares 3D y acr\u00edlicos que son referentes para aficionados y profesionales en toda Europa. Su objetivo es facilitar la cr\u00eda de hormigas y otros artr\u00f3podos mediante soluciones seguras y divulgaci\u00f3n de calidad.","sameAs":["https:\/\/antderground.com\/","https:\/\/www.youtube.com\/channel\/UCio72z7TlbufkAthAJIJfPw"]}]}},"_links":{"self":[{"href":"https:\/\/antderground.com\/de\/wp-json\/wp\/v2\/product\/41083","targetHints":{"allow":["GET"]}}],"collection":[{"href":"https:\/\/antderground.com\/de\/wp-json\/wp\/v2\/product"}],"about":[{"href":"https:\/\/antderground.com\/de\/wp-json\/wp\/v2\/types\/product"}],"version-history":[{"count":0,"href":"https:\/\/antderground.com\/de\/wp-json\/wp\/v2\/product\/41083\/revisions"}],"wp:featuredmedia":[{"embeddable":true,"href":"https:\/\/antderground.com\/de\/wp-json\/wp\/v2\/media\/40927"}],"wp:attachment":[{"href":"https:\/\/antderground.com\/de\/wp-json\/wp\/v2\/media?parent=41083"}],"wp:term":[{"taxonomy":"product_brand","embeddable":true,"href":"https:\/\/antderground.com\/de\/wp-json\/wp\/v2\/product_brand?post=41083"},{"taxonomy":"product_cat","embeddable":true,"href":"https:\/\/antderground.com\/de\/wp-json\/wp\/v2\/product_cat?post=41083"},{"taxonomy":"product_tag","embeddable":true,"href":"https:\/\/antderground.com\/de\/wp-json\/wp\/v2\/product_tag?post=41083"}],"curies":[{"name":"wp","href":"https:\/\/api.w.org\/{rel}","templated":true}]}}