{"id":41167,"date":"2025-03-21T16:33:02","date_gmt":"2025-03-21T15:33:02","guid":{"rendered":"https:\/\/www.antderground.com\/producto\/grammostola-rosea-red\/"},"modified":"2025-03-24T11:04:08","modified_gmt":"2025-03-24T10:04:08","slug":"grammostola-rosea-red","status":"publish","type":"product","link":"https:\/\/antderground.com\/de\/produkt\/grammostola-rosea-red\/","title":{"rendered":"Grammostola rosea &#8220;Red&#8221;"},"content":{"rendered":"<h4 class=\"\" data-start=\"2905\" data-end=\"2963\"><strong data-start=\"2910\" data-end=\"2961\">Technisches Datenblatt: Grammostola rosea &#8220;Red&#8221;<\/strong><\/h4>\n<p class=\"\" data-start=\"2964\" data-end=\"3150\"><strong data-start=\"2964\" data-end=\"2985\">Allgemeiner Name:<\/strong> Chilenische rote Vogelspinne<br data-start=\"3014\" data-end=\"3017\" \/><strong data-start=\"3017\" data-end=\"3045\">Wissenschaftlicher Name:<\/strong> <em data-start=\"3046\" data-end=\"3065\">Grammostola rosea<\/em> &#8220;Red&#8221;<br data-start=\"3071\" data-end=\"3074\" \/><strong data-start=\"3074\" data-end=\"3086\">Familie:<\/strong> Theraphosidae<br data-start=\"3100\" data-end=\"3103\" \/><strong data-start=\"3103\" data-end=\"3116\">Herkunft:<\/strong> Chile, Argentinien und Bolivien<\/p>\n<h3 class=\"\" data-start=\"3152\" data-end=\"3174\"><strong data-start=\"3156\" data-end=\"3172\">Beschreibung<\/strong><\/h3>\n<p class=\"\" data-start=\"3175\" data-end=\"3517\">Die <em data-start=\"3179\" data-end=\"3198\">Grammostola rosea<\/em> &#8220;Red&#8221; ist eine Variante der chilenischen Vogelspinne, die sich durch ihre intensivere r\u00f6tliche F\u00e4rbung von der klassischen Form unterscheidet. Ihr K\u00f6rper ist mit feinen Haaren bedeckt, die zwischen Rot-, Braun- und Oranget\u00f6nen variieren. Sie ist eine robuste und langlebige Art mit einer Spannweite von 12 bis 15 cm.<\/p>\n<h3 class=\"\" data-start=\"3519\" data-end=\"3538\"><strong data-start=\"3523\" data-end=\"3536\">Verhalten<\/strong><\/h3>\n<p class=\"\" data-start=\"3539\" data-end=\"3816\">Diese bodenbewohnende Vogelspinne ist meist ruhig und relativ zahm, kann jedoch gelegentlich aggressiv reagieren. Sie ist wenig aktiv und kann lange ohne Nahrung auskommen. Sie setzt selten ihre Brennhaare ein und bevorzugt passive Einsch\u00fcchterung als Verteidigungsstrategie.<\/p>\n<h3 class=\"\" data-start=\"3818\" data-end=\"3851\"><strong data-start=\"3822\" data-end=\"3849\">Terrarium-Anforderungen<\/strong><\/h3>\n<ul data-start=\"3852\" data-end=\"4135\">\n<li class=\"\" data-start=\"3852\" data-end=\"3889\">\n<p class=\"\" data-start=\"3854\" data-end=\"3889\"><strong data-start=\"3854\" data-end=\"3864\">Gr\u00f6\u00dfe:<\/strong> Mindestens 30x30x30 cm<\/p>\n<\/li>\n<li class=\"\" data-start=\"3890\" data-end=\"3951\">\n<p class=\"\" data-start=\"3892\" data-end=\"3951\"><strong data-start=\"3892\" data-end=\"3907\">Bodengrund:<\/strong> Torf, Kokosfaser oder Moos (5-10 cm tief)<\/p>\n<\/li>\n<li class=\"\" data-start=\"3952\" data-end=\"3985\">\n<p class=\"\" data-start=\"3954\" data-end=\"3985\"><strong data-start=\"3954\" data-end=\"3975\">Luftfeuchtigkeit:<\/strong> 50-70 %<\/p>\n<\/li>\n<li class=\"\" data-start=\"3986\" data-end=\"4013\">\n<p class=\"\" data-start=\"3988\" data-end=\"4013\"><strong data-start=\"3988\" data-end=\"4003\">Temperatur:<\/strong> 22-26\u00b0C<\/p>\n<\/li>\n<li class=\"\" data-start=\"4014\" data-end=\"4073\">\n<p class=\"\" data-start=\"4016\" data-end=\"4073\"><strong data-start=\"4016\" data-end=\"4031\">Dekoration:<\/strong> \u00c4ste, Verstecke und k\u00fcnstliche Pflanzen<\/p>\n<\/li>\n<li class=\"\" data-start=\"4074\" data-end=\"4135\">\n<p class=\"\" data-start=\"4076\" data-end=\"4135\"><strong data-start=\"4076\" data-end=\"4092\">Beleuchtung:<\/strong> Keine spezielle Beleuchtung erforderlich<\/p>\n<\/li>\n<\/ul>\n<h3 class=\"\" data-start=\"4137\" data-end=\"4156\"><strong data-start=\"4141\" data-end=\"4154\">Ern\u00e4hrung<\/strong><\/h3>\n<p class=\"\" data-start=\"4157\" data-end=\"4342\">Sie ern\u00e4hrt sich von lebenden Insekten wie Grillen, Schaben, Heuschrecken und gelegentlich neugeborenen M\u00e4usen bei erwachsenen Exemplaren. Die F\u00fctterungsh\u00e4ufigkeit h\u00e4ngt vom Alter ab:<\/p>\n<ul data-start=\"4343\" data-end=\"4436\">\n<li class=\"\" data-start=\"4343\" data-end=\"4379\">\n<p class=\"\" data-start=\"4345\" data-end=\"4379\"><strong data-start=\"4345\" data-end=\"4359\">Jungtiere:<\/strong> 2-3 Mal pro Woche<\/p>\n<\/li>\n<li class=\"\" data-start=\"4380\" data-end=\"4436\">\n<p class=\"\" data-start=\"4382\" data-end=\"4436\"><strong data-start=\"4382\" data-end=\"4397\">Erwachsene:<\/strong> 1 Mal pro Woche oder alle 10-15 Tage<\/p>\n<\/li>\n<\/ul>\n<h3 class=\"\" data-start=\"4438\" data-end=\"4461\"><strong data-start=\"4442\" data-end=\"4459\">Fortpflanzung<\/strong><\/h3>\n<p class=\"\" data-start=\"4462\" data-end=\"4628\">Die Paarung muss vorsichtig erfolgen, da die Gefahr von Kannibalismus besteht. Das Weibchen kann zwischen 100 und 500 Eier legen, die nach 6 bis 8 Wochen schl\u00fcpfen.<\/p>\n<h3 class=\"\" data-start=\"4630\" data-end=\"4649\"><strong data-start=\"4634\" data-end=\"4647\">Toxizit\u00e4t<\/strong><\/h3>\n<p class=\"\" data-start=\"4650\" data-end=\"4805\">Ihr Gift ist f\u00fcr den Menschen wenig gef\u00e4hrlich und mit einem Bienenstich vergleichbar. Empfindliche Personen k\u00f6nnen jedoch allergische Reaktionen zeigen.<\/p>\n<h3 class=\"\" data-start=\"4807\" data-end=\"4825\"><strong data-start=\"4811\" data-end=\"4823\">Hinweise<\/strong><\/h3>\n<ul data-start=\"4826\" data-end=\"5048\">\n<li class=\"\" data-start=\"4826\" data-end=\"4887\">\n<p class=\"\" data-start=\"4828\" data-end=\"4887\">Vermeiden Sie h\u00e4ufiges Handling, um Stress zu reduzieren.<\/p>\n<\/li>\n<li class=\"\" data-start=\"4888\" data-end=\"4977\">\n<p class=\"\" data-start=\"4890\" data-end=\"4977\">Sie kann lange Zeit ohne Nahrung auskommen, ohne gesundheitliche Sch\u00e4den zu erleiden.<\/p>\n<\/li>\n<li class=\"\" data-start=\"4978\" data-end=\"5048\">\n<p class=\"\" data-start=\"4980\" data-end=\"5048\">Ideal f\u00fcr Anf\u00e4nger aufgrund ihrer Robustheit und einfachen Pflege.<\/p>\n<\/li>\n<\/ul>\n","protected":false},"excerpt":{"rendered":"<p class=\"\" data-start=\"5261\" data-end=\"5527\">Entdecken Sie die faszinierende <em data-start=\"5293\" data-end=\"5312\">Grammostola rosea<\/em> &#8220;Red&#8221;, eine ruhige und pflegeleichte Vogelspinne mit beeindruckender roter F\u00e4rbung. Perfekt f\u00fcr Anf\u00e4nger, robust und einfach zu halten. F\u00fcgen Sie sie Ihrer Sammlung hinzu und genie\u00dfen Sie ihre nat\u00fcrliche Eleganz!<\/p>\n","protected":false},"featured_media":41144,"template":"","meta":[],"product_brand":[],"product_cat":[528,586],"product_tag":[],"class_list":{"0":"post-41167","1":"product","2":"type-product","3":"status-publish","4":"has-post-thumbnail","6":"product_cat-arthropoden","7":"product_cat-vogelspinnen","9":"first","10":"outofstock","11":"shipping-taxable","12":"purchasable","13":"product-type-variable"},"yoast_head":"<!-- This site is optimized with the Yoast SEO plugin v27.4 - https:\/\/yoast.com\/product\/yoast-seo-wordpress\/ -->\n<title>Grammostola rosea &quot;Red&quot; | Vogelspinne - ANTDERGROUND<\/title>\n<meta name=\"description\" content=\"Entdecken Sie die Grammostola rosea &quot;Red&quot; \ud83d\udd77\ufe0f, eine exotische, pflegeleichte Vogelspinne mit einzigartiger Sch\u00f6nheit. Perfekt f\u00fcr Spinnenliebhaber! \ud83c\udf3f\" \/>\n<meta name=\"robots\" content=\"index, follow, max-snippet:-1, max-image-preview:large, max-video-preview:-1\" \/>\n<link rel=\"canonical\" href=\"https:\/\/antderground.com\/de\/produkt\/grammostola-rosea-red\/\" \/>\n<meta property=\"og:locale\" content=\"de_DE\" \/>\n<meta property=\"og:type\" content=\"article\" \/>\n<meta property=\"og:title\" content=\"Grammostola rosea &quot;Red&quot; | Vogelspinne - ANTDERGROUND\" \/>\n<meta property=\"og:description\" content=\"Entdecken Sie die Grammostola rosea &quot;Red&quot; \ud83d\udd77\ufe0f, eine exotische, pflegeleichte Vogelspinne mit einzigartiger Sch\u00f6nheit. Perfekt f\u00fcr Spinnenliebhaber! \ud83c\udf3f\" \/>\n<meta property=\"og:url\" content=\"https:\/\/antderground.com\/de\/produkt\/grammostola-rosea-red\/\" \/>\n<meta property=\"og:site_name\" content=\"ANTDERGROUND\" \/>\n<meta property=\"article:modified_time\" content=\"2025-03-24T10:04:08+00:00\" \/>\n<meta property=\"og:image\" content=\"https:\/\/antderground.com\/wp-content\/uploads\/2025\/03\/Grammostola-rosea-22red22.jpeg\" \/>\n\t<meta property=\"og:image:width\" content=\"1600\" \/>\n\t<meta property=\"og:image:height\" content=\"1600\" \/>\n\t<meta property=\"og:image:type\" content=\"image\/jpeg\" \/>\n<meta name=\"twitter:card\" content=\"summary_large_image\" \/>\n<meta name=\"twitter:label1\" content=\"Gesch\u00e4tzte Lesezeit\" \/>\n\t<meta name=\"twitter:data1\" content=\"1\u00a0Minute\" \/>\n<script type=\"application\/ld+json\" class=\"yoast-schema-graph\">{\"@context\":\"https:\\\/\\\/schema.org\",\"@graph\":[{\"@type\":\"WebPage\",\"@id\":\"https:\\\/\\\/antderground.com\\\/de\\\/produkt\\\/grammostola-rosea-red\\\/\",\"url\":\"https:\\\/\\\/antderground.com\\\/de\\\/produkt\\\/grammostola-rosea-red\\\/\",\"name\":\"Grammostola rosea \\\"Red\\\" | Vogelspinne - ANTDERGROUND\",\"isPartOf\":{\"@id\":\"https:\\\/\\\/antderground.com\\\/de\\\/#website\"},\"primaryImageOfPage\":{\"@id\":\"https:\\\/\\\/antderground.com\\\/de\\\/produkt\\\/grammostola-rosea-red\\\/#primaryimage\"},\"image\":{\"@id\":\"https:\\\/\\\/antderground.com\\\/de\\\/produkt\\\/grammostola-rosea-red\\\/#primaryimage\"},\"thumbnailUrl\":\"https:\\\/\\\/antderground.com\\\/wp-content\\\/uploads\\\/2025\\\/03\\\/Grammostola-rosea-22red22.jpeg\",\"datePublished\":\"2025-03-21T15:33:02+00:00\",\"dateModified\":\"2025-03-24T10:04:08+00:00\",\"description\":\"Entdecken Sie die Grammostola rosea \\\"Red\\\" \ud83d\udd77\ufe0f, eine exotische, pflegeleichte Vogelspinne mit einzigartiger Sch\u00f6nheit. Perfekt f\u00fcr Spinnenliebhaber! \ud83c\udf3f\",\"breadcrumb\":{\"@id\":\"https:\\\/\\\/antderground.com\\\/de\\\/produkt\\\/grammostola-rosea-red\\\/#breadcrumb\"},\"inLanguage\":\"de\",\"potentialAction\":[{\"@type\":\"ReadAction\",\"target\":[\"https:\\\/\\\/antderground.com\\\/de\\\/produkt\\\/grammostola-rosea-red\\\/\"]}]},{\"@type\":\"ImageObject\",\"inLanguage\":\"de\",\"@id\":\"https:\\\/\\\/antderground.com\\\/de\\\/produkt\\\/grammostola-rosea-red\\\/#primaryimage\",\"url\":\"https:\\\/\\\/antderground.com\\\/wp-content\\\/uploads\\\/2025\\\/03\\\/Grammostola-rosea-22red22.jpeg\",\"contentUrl\":\"https:\\\/\\\/antderground.com\\\/wp-content\\\/uploads\\\/2025\\\/03\\\/Grammostola-rosea-22red22.jpeg\",\"width\":1600,\"height\":1600,\"caption\":\"Grammostola rosea red (Vogelspinne)\"},{\"@type\":\"BreadcrumbList\",\"@id\":\"https:\\\/\\\/antderground.com\\\/de\\\/produkt\\\/grammostola-rosea-red\\\/#breadcrumb\",\"itemListElement\":[{\"@type\":\"ListItem\",\"position\":1,\"name\":\"Portada\",\"item\":\"https:\\\/\\\/antderground.com\\\/de\\\/\"},{\"@type\":\"ListItem\",\"position\":2,\"name\":\"Shop\",\"item\":\"https:\\\/\\\/antderground.com\\\/de\\\/shop\\\/\"},{\"@type\":\"ListItem\",\"position\":3,\"name\":\"Grammostola rosea &#8220;Red&#8221;\"}]},{\"@type\":\"WebSite\",\"@id\":\"https:\\\/\\\/antderground.com\\\/de\\\/#website\",\"url\":\"https:\\\/\\\/antderground.com\\\/de\\\/\",\"name\":\"ANTDERGROUND\",\"description\":\"Tu tienda de hormigas, gran variedad de hormigueros acr\u00edlicos,madera,arena,3D y mas.. Pide tus hormigas gratis con tu pedido, somos expertos en hormigueros antifugas.\",\"publisher\":{\"@id\":\"https:\\\/\\\/antderground.com\\\/de\\\/#\\\/schema\\\/person\\\/0e322c505e84fe72c65e2f6d08f96b81\"},\"alternateName\":\"Antderground\",\"potentialAction\":[{\"@type\":\"SearchAction\",\"target\":{\"@type\":\"EntryPoint\",\"urlTemplate\":\"https:\\\/\\\/antderground.com\\\/de\\\/?s={search_term_string}\"},\"query-input\":{\"@type\":\"PropertyValueSpecification\",\"valueRequired\":true,\"valueName\":\"search_term_string\"}}],\"inLanguage\":\"de\"},{\"@type\":[\"Person\",\"Organization\"],\"@id\":\"https:\\\/\\\/antderground.com\\\/de\\\/#\\\/schema\\\/person\\\/0e322c505e84fe72c65e2f6d08f96b81\",\"name\":\"Eric de Antderground\",\"image\":{\"@type\":\"ImageObject\",\"inLanguage\":\"de\",\"@id\":\"https:\\\/\\\/secure.gravatar.com\\\/avatar\\\/c49a1b9f79216d1498cb73c1e85cd47f4465dda35f2a94c03790d491bd4423c3?s=96&d=mm&r=g\",\"url\":\"https:\\\/\\\/secure.gravatar.com\\\/avatar\\\/c49a1b9f79216d1498cb73c1e85cd47f4465dda35f2a94c03790d491bd4423c3?s=96&d=mm&r=g\",\"contentUrl\":\"https:\\\/\\\/secure.gravatar.com\\\/avatar\\\/c49a1b9f79216d1498cb73c1e85cd47f4465dda35f2a94c03790d491bd4423c3?s=96&d=mm&r=g\",\"caption\":\"Eric de Antderground\"},\"logo\":{\"@id\":\"https:\\\/\\\/secure.gravatar.com\\\/avatar\\\/c49a1b9f79216d1498cb73c1e85cd47f4465dda35f2a94c03790d491bd4423c3?s=96&d=mm&r=g\"},\"description\":\"Eric es el especialista y fundador de Antderground, con una amplia trayectoria en artr\u00f3podos y enfocado en la mirmecolog\u00eda y el dise\u00f1o de hormigueros artificiales. Su enfoque combina la innovaci\u00f3n t\u00e9cnica con el respeto por la biolog\u00eda de las hormigas, is\u00f3podos y otros, desarrollando sistemas de nidos modulares 3D y acr\u00edlicos que son referentes para aficionados y profesionales en toda Europa. Su objetivo es facilitar la cr\u00eda de hormigas y otros artr\u00f3podos mediante soluciones seguras y divulgaci\u00f3n de calidad.\",\"sameAs\":[\"https:\\\/\\\/antderground.com\\\/\",\"https:\\\/\\\/www.youtube.com\\\/channel\\\/UCio72z7TlbufkAthAJIJfPw\"]}]}<\/script>\n<!-- \/ Yoast SEO plugin. -->","yoast_head_json":{"title":"Grammostola rosea \"Red\" | Vogelspinne - ANTDERGROUND","description":"Entdecken Sie die Grammostola rosea \"Red\" \ud83d\udd77\ufe0f, eine exotische, pflegeleichte Vogelspinne mit einzigartiger Sch\u00f6nheit. Perfekt f\u00fcr Spinnenliebhaber! \ud83c\udf3f","robots":{"index":"index","follow":"follow","max-snippet":"max-snippet:-1","max-image-preview":"max-image-preview:large","max-video-preview":"max-video-preview:-1"},"canonical":"https:\/\/antderground.com\/de\/produkt\/grammostola-rosea-red\/","og_locale":"de_DE","og_type":"article","og_title":"Grammostola rosea \"Red\" | Vogelspinne - ANTDERGROUND","og_description":"Entdecken Sie die Grammostola rosea \"Red\" \ud83d\udd77\ufe0f, eine exotische, pflegeleichte Vogelspinne mit einzigartiger Sch\u00f6nheit. Perfekt f\u00fcr Spinnenliebhaber! \ud83c\udf3f","og_url":"https:\/\/antderground.com\/de\/produkt\/grammostola-rosea-red\/","og_site_name":"ANTDERGROUND","article_modified_time":"2025-03-24T10:04:08+00:00","og_image":[{"width":1600,"height":1600,"url":"https:\/\/antderground.com\/wp-content\/uploads\/2025\/03\/Grammostola-rosea-22red22.jpeg","type":"image\/jpeg"}],"twitter_card":"summary_large_image","twitter_misc":{"Gesch\u00e4tzte Lesezeit":"1\u00a0Minute"},"schema":{"@context":"https:\/\/schema.org","@graph":[{"@type":"WebPage","@id":"https:\/\/antderground.com\/de\/produkt\/grammostola-rosea-red\/","url":"https:\/\/antderground.com\/de\/produkt\/grammostola-rosea-red\/","name":"Grammostola rosea \"Red\" | Vogelspinne - ANTDERGROUND","isPartOf":{"@id":"https:\/\/antderground.com\/de\/#website"},"primaryImageOfPage":{"@id":"https:\/\/antderground.com\/de\/produkt\/grammostola-rosea-red\/#primaryimage"},"image":{"@id":"https:\/\/antderground.com\/de\/produkt\/grammostola-rosea-red\/#primaryimage"},"thumbnailUrl":"https:\/\/antderground.com\/wp-content\/uploads\/2025\/03\/Grammostola-rosea-22red22.jpeg","datePublished":"2025-03-21T15:33:02+00:00","dateModified":"2025-03-24T10:04:08+00:00","description":"Entdecken Sie die Grammostola rosea \"Red\" \ud83d\udd77\ufe0f, eine exotische, pflegeleichte Vogelspinne mit einzigartiger Sch\u00f6nheit. Perfekt f\u00fcr Spinnenliebhaber! \ud83c\udf3f","breadcrumb":{"@id":"https:\/\/antderground.com\/de\/produkt\/grammostola-rosea-red\/#breadcrumb"},"inLanguage":"de","potentialAction":[{"@type":"ReadAction","target":["https:\/\/antderground.com\/de\/produkt\/grammostola-rosea-red\/"]}]},{"@type":"ImageObject","inLanguage":"de","@id":"https:\/\/antderground.com\/de\/produkt\/grammostola-rosea-red\/#primaryimage","url":"https:\/\/antderground.com\/wp-content\/uploads\/2025\/03\/Grammostola-rosea-22red22.jpeg","contentUrl":"https:\/\/antderground.com\/wp-content\/uploads\/2025\/03\/Grammostola-rosea-22red22.jpeg","width":1600,"height":1600,"caption":"Grammostola rosea red (Vogelspinne)"},{"@type":"BreadcrumbList","@id":"https:\/\/antderground.com\/de\/produkt\/grammostola-rosea-red\/#breadcrumb","itemListElement":[{"@type":"ListItem","position":1,"name":"Portada","item":"https:\/\/antderground.com\/de\/"},{"@type":"ListItem","position":2,"name":"Shop","item":"https:\/\/antderground.com\/de\/shop\/"},{"@type":"ListItem","position":3,"name":"Grammostola rosea &#8220;Red&#8221;"}]},{"@type":"WebSite","@id":"https:\/\/antderground.com\/de\/#website","url":"https:\/\/antderground.com\/de\/","name":"ANTDERGROUND","description":"Tu tienda de hormigas, gran variedad de hormigueros acr\u00edlicos,madera,arena,3D y mas.. Pide tus hormigas gratis con tu pedido, somos expertos en hormigueros antifugas.","publisher":{"@id":"https:\/\/antderground.com\/de\/#\/schema\/person\/0e322c505e84fe72c65e2f6d08f96b81"},"alternateName":"Antderground","potentialAction":[{"@type":"SearchAction","target":{"@type":"EntryPoint","urlTemplate":"https:\/\/antderground.com\/de\/?s={search_term_string}"},"query-input":{"@type":"PropertyValueSpecification","valueRequired":true,"valueName":"search_term_string"}}],"inLanguage":"de"},{"@type":["Person","Organization"],"@id":"https:\/\/antderground.com\/de\/#\/schema\/person\/0e322c505e84fe72c65e2f6d08f96b81","name":"Eric de Antderground","image":{"@type":"ImageObject","inLanguage":"de","@id":"https:\/\/secure.gravatar.com\/avatar\/c49a1b9f79216d1498cb73c1e85cd47f4465dda35f2a94c03790d491bd4423c3?s=96&d=mm&r=g","url":"https:\/\/secure.gravatar.com\/avatar\/c49a1b9f79216d1498cb73c1e85cd47f4465dda35f2a94c03790d491bd4423c3?s=96&d=mm&r=g","contentUrl":"https:\/\/secure.gravatar.com\/avatar\/c49a1b9f79216d1498cb73c1e85cd47f4465dda35f2a94c03790d491bd4423c3?s=96&d=mm&r=g","caption":"Eric de Antderground"},"logo":{"@id":"https:\/\/secure.gravatar.com\/avatar\/c49a1b9f79216d1498cb73c1e85cd47f4465dda35f2a94c03790d491bd4423c3?s=96&d=mm&r=g"},"description":"Eric es el especialista y fundador de Antderground, con una amplia trayectoria en artr\u00f3podos y enfocado en la mirmecolog\u00eda y el dise\u00f1o de hormigueros artificiales. Su enfoque combina la innovaci\u00f3n t\u00e9cnica con el respeto por la biolog\u00eda de las hormigas, is\u00f3podos y otros, desarrollando sistemas de nidos modulares 3D y acr\u00edlicos que son referentes para aficionados y profesionales en toda Europa. Su objetivo es facilitar la cr\u00eda de hormigas y otros artr\u00f3podos mediante soluciones seguras y divulgaci\u00f3n de calidad.","sameAs":["https:\/\/antderground.com\/","https:\/\/www.youtube.com\/channel\/UCio72z7TlbufkAthAJIJfPw"]}]}},"_links":{"self":[{"href":"https:\/\/antderground.com\/de\/wp-json\/wp\/v2\/product\/41167","targetHints":{"allow":["GET"]}}],"collection":[{"href":"https:\/\/antderground.com\/de\/wp-json\/wp\/v2\/product"}],"about":[{"href":"https:\/\/antderground.com\/de\/wp-json\/wp\/v2\/types\/product"}],"version-history":[{"count":0,"href":"https:\/\/antderground.com\/de\/wp-json\/wp\/v2\/product\/41167\/revisions"}],"wp:featuredmedia":[{"embeddable":true,"href":"https:\/\/antderground.com\/de\/wp-json\/wp\/v2\/media\/41144"}],"wp:attachment":[{"href":"https:\/\/antderground.com\/de\/wp-json\/wp\/v2\/media?parent=41167"}],"wp:term":[{"taxonomy":"product_brand","embeddable":true,"href":"https:\/\/antderground.com\/de\/wp-json\/wp\/v2\/product_brand?post=41167"},{"taxonomy":"product_cat","embeddable":true,"href":"https:\/\/antderground.com\/de\/wp-json\/wp\/v2\/product_cat?post=41167"},{"taxonomy":"product_tag","embeddable":true,"href":"https:\/\/antderground.com\/de\/wp-json\/wp\/v2\/product_tag?post=41167"}],"curies":[{"name":"wp","href":"https:\/\/api.w.org\/{rel}","templated":true}]}}