{"id":41343,"date":"2025-03-28T17:17:06","date_gmt":"2025-03-28T16:17:06","guid":{"rendered":"https:\/\/www.antderground.com\/producto\/porcellio-laevis-black\/"},"modified":"2025-03-28T17:17:06","modified_gmt":"2025-03-28T16:17:06","slug":"porcellio-laevis-black","status":"publish","type":"product","link":"https:\/\/antderground.com\/de\/produkt\/porcellio-laevis-black\/","title":{"rendered":"Porcellio laevis black"},"content":{"rendered":"<h4 class=\"\" data-start=\"1834\" data-end=\"1892\"><strong data-start=\"1839\" data-end=\"1890\">Technisches Datenblatt &#8211; Porcellio laevis Black<\/strong><\/h4>\n<p class=\"\" data-start=\"1893\" data-end=\"2655\"><strong data-start=\"1893\" data-end=\"1913\">Allgemeiner Name<\/strong>: Assel Porcellio laevis Black<br data-start=\"1943\" data-end=\"1946\" \/><strong data-start=\"1946\" data-end=\"1973\">Wissenschaftlicher Name<\/strong>: <em data-start=\"1975\" data-end=\"1993\">Porcellio laevis<\/em><br data-start=\"1993\" data-end=\"1996\" \/><strong data-start=\"1996\" data-end=\"2007\">Familie<\/strong>: Armadillidiidae<br data-start=\"2024\" data-end=\"2027\" \/><strong data-start=\"2027\" data-end=\"2036\">Gr\u00f6\u00dfe<\/strong>: 2,5 bis 3,5 cm lang<br data-start=\"2057\" data-end=\"2060\" \/><strong data-start=\"2060\" data-end=\"2071\">F\u00e4rbung<\/strong>: Tiefschwarz, ohne Muster oder Markierungen, mit einer glatten, gl\u00e4nzenden Oberfl\u00e4che.<br data-start=\"2158\" data-end=\"2161\" \/><strong data-start=\"2161\" data-end=\"2180\">Lebenserwartung<\/strong>: 2 bis 3 Jahre<br data-start=\"2195\" data-end=\"2198\" \/><strong data-start=\"2198\" data-end=\"2212\">Lebensraum<\/strong>: Feuchte B\u00f6den, Laub- und Rindensubstrat, besonders geeignet f\u00fcr tropische Terrarien.<br data-start=\"2298\" data-end=\"2301\" \/><strong data-start=\"2301\" data-end=\"2322\">Ideale Temperatur<\/strong>: 18-22\u00b0C<br data-start=\"2331\" data-end=\"2334\" \/><strong data-start=\"2334\" data-end=\"2361\">Ideale Luftfeuchtigkeit<\/strong>: 60-80%<br data-start=\"2369\" data-end=\"2372\" \/><strong data-start=\"2372\" data-end=\"2385\">Ern\u00e4hrung<\/strong>: Allesfresser, ern\u00e4hrt sich von verrottenden Pflanzenresten (Laub, Holz) und organischen R\u00fcckst\u00e4nden.<br data-start=\"2487\" data-end=\"2490\" \/><strong data-start=\"2490\" data-end=\"2507\">Fortpflanzung<\/strong>: Ovovivipar, mit einer Tragzeit von 3-4 Wochen. Die Jungtiere sind bei der Geburt vollst\u00e4ndig entwickelt und zun\u00e4chst wei\u00df gef\u00e4rbt.<br data-start=\"2639\" data-end=\"2642\" \/><strong data-start=\"2642\" data-end=\"2652\">Pflege<\/strong>:<\/p>\n<ul data-start=\"2656\" data-end=\"3178\">\n<li class=\"\" data-start=\"2656\" data-end=\"2719\">\n<p class=\"\" data-start=\"2658\" data-end=\"2719\">Ein feuchtes, aber nicht durchn\u00e4sstes Umfeld gew\u00e4hrleisten.<\/p>\n<\/li>\n<li class=\"\" data-start=\"2720\" data-end=\"2801\">\n<p class=\"\" data-start=\"2722\" data-end=\"2801\">Ein geeignetes Substrat wie Kokosfaser oder gut bel\u00fcftete Erde bereitstellen.<\/p>\n<\/li>\n<li class=\"\" data-start=\"2802\" data-end=\"2952\">\n<p class=\"\" data-start=\"2804\" data-end=\"2952\">Eine abwechslungsreiche Ern\u00e4hrung mit getrocknetem Laub, frischem Obst und Gem\u00fcse sowie einer Kalziumquelle anbieten.<br data-start=\"2921\" data-end=\"2924\" \/><strong data-start=\"2924\" data-end=\"2949\">Vorteile im Terrarium<\/strong>:<\/p>\n<\/li>\n<li class=\"\" data-start=\"2953\" data-end=\"3035\">\n<p class=\"\" data-start=\"2955\" data-end=\"3035\">Hilft bei der Zersetzung organischer Materialien und h\u00e4lt das Substrat sauber.<\/p>\n<\/li>\n<li class=\"\" data-start=\"3036\" data-end=\"3098\">\n<p class=\"\" data-start=\"3038\" data-end=\"3098\">Tr\u00e4gt zur Aufrechterhaltung eines gesunden \u00d6kosystems bei.<\/p>\n<\/li>\n<li class=\"\" data-start=\"3099\" data-end=\"3178\">\n<p class=\"\" data-start=\"3101\" data-end=\"3178\">Friedlich und problemlos mit anderen Terrarienbewohnern vergesellschaftbar.<\/p>\n<\/li>\n<\/ul>\n","protected":false},"excerpt":{"rendered":"<p>Der <strong>Porcellio laevis Black<\/strong> ist eine faszinierende, tiefschwarze Assel \u2013 ideal f\u00fcr Terrarien! Ein hervorragender nat\u00fcrlicher Recycler, der das \u00d6kosystem im Gleichgewicht h\u00e4lt. Leicht zu halten, perfekt f\u00fcr Terrarienliebhaber und Naturliebhaber.<\/p>\n","protected":false},"featured_media":41314,"template":"","meta":[],"product_brand":[],"product_cat":[528,530,725],"product_tag":[],"class_list":{"0":"post-41343","1":"product","2":"type-product","3":"status-publish","4":"has-post-thumbnail","6":"product_cat-arthropoden","7":"product_cat-isopoden","8":"product_cat-porcellio","10":"first","11":"outofstock","12":"shipping-taxable","13":"purchasable","14":"product-type-variable"},"yoast_head":"<!-- This site is optimized with the Yoast SEO plugin v27.3 - https:\/\/yoast.com\/product\/yoast-seo-wordpress\/ -->\n<title>Porcellio laevis black | Asseln-Shop - ANTDERGROUND<\/title>\n<meta name=\"description\" content=\"Porcellio laevis Black \u2013 die perfekte Assel f\u00fcr dein Terrarium \ud83e\udd97. Reinigt und stabilisiert dein \u00d6kosystem auf nat\u00fcrliche Weise. Entdecke sie jetzt!\" \/>\n<meta name=\"robots\" content=\"index, follow, max-snippet:-1, max-image-preview:large, max-video-preview:-1\" \/>\n<link rel=\"canonical\" href=\"https:\/\/antderground.com\/de\/produkt\/porcellio-laevis-black\/\" \/>\n<meta property=\"og:locale\" content=\"de_DE\" \/>\n<meta property=\"og:type\" content=\"article\" \/>\n<meta property=\"og:title\" content=\"Porcellio laevis black | Asseln-Shop - ANTDERGROUND\" \/>\n<meta property=\"og:description\" content=\"Porcellio laevis Black \u2013 die perfekte Assel f\u00fcr dein Terrarium \ud83e\udd97. Reinigt und stabilisiert dein \u00d6kosystem auf nat\u00fcrliche Weise. Entdecke sie jetzt!\" \/>\n<meta property=\"og:url\" content=\"https:\/\/antderground.com\/de\/produkt\/porcellio-laevis-black\/\" \/>\n<meta property=\"og:site_name\" content=\"ANTDERGROUND\" \/>\n<meta property=\"og:image\" content=\"https:\/\/antderground.com\/wp-content\/uploads\/2025\/03\/Porcellio-laevis-Black.jpeg\" \/>\n\t<meta property=\"og:image:width\" content=\"1600\" \/>\n\t<meta property=\"og:image:height\" content=\"1600\" \/>\n\t<meta property=\"og:image:type\" content=\"image\/jpeg\" \/>\n<meta name=\"twitter:card\" content=\"summary_large_image\" \/>\n<meta name=\"twitter:label1\" content=\"Gesch\u00e4tzte Lesezeit\" \/>\n\t<meta name=\"twitter:data1\" content=\"1\u00a0Minute\" \/>\n<script type=\"application\/ld+json\" class=\"yoast-schema-graph\">{\"@context\":\"https:\\\/\\\/schema.org\",\"@graph\":[{\"@type\":\"WebPage\",\"@id\":\"https:\\\/\\\/antderground.com\\\/de\\\/produkt\\\/porcellio-laevis-black\\\/\",\"url\":\"https:\\\/\\\/antderground.com\\\/de\\\/produkt\\\/porcellio-laevis-black\\\/\",\"name\":\"Porcellio laevis black | Asseln-Shop - ANTDERGROUND\",\"isPartOf\":{\"@id\":\"https:\\\/\\\/antderground.com\\\/de\\\/#website\"},\"primaryImageOfPage\":{\"@id\":\"https:\\\/\\\/antderground.com\\\/de\\\/produkt\\\/porcellio-laevis-black\\\/#primaryimage\"},\"image\":{\"@id\":\"https:\\\/\\\/antderground.com\\\/de\\\/produkt\\\/porcellio-laevis-black\\\/#primaryimage\"},\"thumbnailUrl\":\"https:\\\/\\\/antderground.com\\\/wp-content\\\/uploads\\\/2025\\\/03\\\/Porcellio-laevis-Black.jpeg\",\"datePublished\":\"2025-03-28T16:17:06+00:00\",\"description\":\"Porcellio laevis Black \u2013 die perfekte Assel f\u00fcr dein Terrarium \ud83e\udd97. Reinigt und stabilisiert dein \u00d6kosystem auf nat\u00fcrliche Weise. Entdecke sie jetzt!\",\"breadcrumb\":{\"@id\":\"https:\\\/\\\/antderground.com\\\/de\\\/produkt\\\/porcellio-laevis-black\\\/#breadcrumb\"},\"inLanguage\":\"de\",\"potentialAction\":[{\"@type\":\"ReadAction\",\"target\":[\"https:\\\/\\\/antderground.com\\\/de\\\/produkt\\\/porcellio-laevis-black\\\/\"]}]},{\"@type\":\"ImageObject\",\"inLanguage\":\"de\",\"@id\":\"https:\\\/\\\/antderground.com\\\/de\\\/produkt\\\/porcellio-laevis-black\\\/#primaryimage\",\"url\":\"https:\\\/\\\/antderground.com\\\/wp-content\\\/uploads\\\/2025\\\/03\\\/Porcellio-laevis-Black.jpeg\",\"contentUrl\":\"https:\\\/\\\/antderground.com\\\/wp-content\\\/uploads\\\/2025\\\/03\\\/Porcellio-laevis-Black.jpeg\",\"width\":1600,\"height\":1600,\"caption\":\"Porcellio laevis Black\"},{\"@type\":\"BreadcrumbList\",\"@id\":\"https:\\\/\\\/antderground.com\\\/de\\\/produkt\\\/porcellio-laevis-black\\\/#breadcrumb\",\"itemListElement\":[{\"@type\":\"ListItem\",\"position\":1,\"name\":\"Portada\",\"item\":\"https:\\\/\\\/antderground.com\\\/de\\\/\"},{\"@type\":\"ListItem\",\"position\":2,\"name\":\"Shop\",\"item\":\"https:\\\/\\\/antderground.com\\\/de\\\/shop\\\/\"},{\"@type\":\"ListItem\",\"position\":3,\"name\":\"Porcellio laevis black\"}]},{\"@type\":\"WebSite\",\"@id\":\"https:\\\/\\\/antderground.com\\\/de\\\/#website\",\"url\":\"https:\\\/\\\/antderground.com\\\/de\\\/\",\"name\":\"ANTDERGROUND\",\"description\":\"Tu tienda de hormigas, gran variedad de hormigueros acr\u00edlicos,madera,arena,3D y mas.. Pide tus hormigas gratis con tu pedido, somos expertos en hormigueros antifugas.\",\"publisher\":{\"@id\":\"https:\\\/\\\/antderground.com\\\/de\\\/#\\\/schema\\\/person\\\/0e322c505e84fe72c65e2f6d08f96b81\"},\"alternateName\":\"Antderground\",\"potentialAction\":[{\"@type\":\"SearchAction\",\"target\":{\"@type\":\"EntryPoint\",\"urlTemplate\":\"https:\\\/\\\/antderground.com\\\/de\\\/?s={search_term_string}\"},\"query-input\":{\"@type\":\"PropertyValueSpecification\",\"valueRequired\":true,\"valueName\":\"search_term_string\"}}],\"inLanguage\":\"de\"},{\"@type\":[\"Person\",\"Organization\"],\"@id\":\"https:\\\/\\\/antderground.com\\\/de\\\/#\\\/schema\\\/person\\\/0e322c505e84fe72c65e2f6d08f96b81\",\"name\":\"Eric de Antderground\",\"image\":{\"@type\":\"ImageObject\",\"inLanguage\":\"de\",\"@id\":\"https:\\\/\\\/secure.gravatar.com\\\/avatar\\\/c49a1b9f79216d1498cb73c1e85cd47f4465dda35f2a94c03790d491bd4423c3?s=96&d=mm&r=g\",\"url\":\"https:\\\/\\\/secure.gravatar.com\\\/avatar\\\/c49a1b9f79216d1498cb73c1e85cd47f4465dda35f2a94c03790d491bd4423c3?s=96&d=mm&r=g\",\"contentUrl\":\"https:\\\/\\\/secure.gravatar.com\\\/avatar\\\/c49a1b9f79216d1498cb73c1e85cd47f4465dda35f2a94c03790d491bd4423c3?s=96&d=mm&r=g\",\"caption\":\"Eric de Antderground\"},\"logo\":{\"@id\":\"https:\\\/\\\/secure.gravatar.com\\\/avatar\\\/c49a1b9f79216d1498cb73c1e85cd47f4465dda35f2a94c03790d491bd4423c3?s=96&d=mm&r=g\"},\"description\":\"Eric es el especialista y fundador de Antderground, con una amplia trayectoria en artr\u00f3podos y enfocado en la mirmecolog\u00eda y el dise\u00f1o de hormigueros artificiales. Su enfoque combina la innovaci\u00f3n t\u00e9cnica con el respeto por la biolog\u00eda de las hormigas, is\u00f3podos y otros, desarrollando sistemas de nidos modulares 3D y acr\u00edlicos que son referentes para aficionados y profesionales en toda Europa. Su objetivo es facilitar la cr\u00eda de hormigas y otros artr\u00f3podos mediante soluciones seguras y divulgaci\u00f3n de calidad.\",\"sameAs\":[\"https:\\\/\\\/antderground.com\\\/\",\"https:\\\/\\\/www.youtube.com\\\/channel\\\/UCio72z7TlbufkAthAJIJfPw\"]}]}<\/script>\n<!-- \/ Yoast SEO plugin. -->","yoast_head_json":{"title":"Porcellio laevis black | Asseln-Shop - ANTDERGROUND","description":"Porcellio laevis Black \u2013 die perfekte Assel f\u00fcr dein Terrarium \ud83e\udd97. Reinigt und stabilisiert dein \u00d6kosystem auf nat\u00fcrliche Weise. Entdecke sie jetzt!","robots":{"index":"index","follow":"follow","max-snippet":"max-snippet:-1","max-image-preview":"max-image-preview:large","max-video-preview":"max-video-preview:-1"},"canonical":"https:\/\/antderground.com\/de\/produkt\/porcellio-laevis-black\/","og_locale":"de_DE","og_type":"article","og_title":"Porcellio laevis black | Asseln-Shop - ANTDERGROUND","og_description":"Porcellio laevis Black \u2013 die perfekte Assel f\u00fcr dein Terrarium \ud83e\udd97. Reinigt und stabilisiert dein \u00d6kosystem auf nat\u00fcrliche Weise. Entdecke sie jetzt!","og_url":"https:\/\/antderground.com\/de\/produkt\/porcellio-laevis-black\/","og_site_name":"ANTDERGROUND","og_image":[{"width":1600,"height":1600,"url":"https:\/\/antderground.com\/wp-content\/uploads\/2025\/03\/Porcellio-laevis-Black.jpeg","type":"image\/jpeg"}],"twitter_card":"summary_large_image","twitter_misc":{"Gesch\u00e4tzte Lesezeit":"1\u00a0Minute"},"schema":{"@context":"https:\/\/schema.org","@graph":[{"@type":"WebPage","@id":"https:\/\/antderground.com\/de\/produkt\/porcellio-laevis-black\/","url":"https:\/\/antderground.com\/de\/produkt\/porcellio-laevis-black\/","name":"Porcellio laevis black | Asseln-Shop - ANTDERGROUND","isPartOf":{"@id":"https:\/\/antderground.com\/de\/#website"},"primaryImageOfPage":{"@id":"https:\/\/antderground.com\/de\/produkt\/porcellio-laevis-black\/#primaryimage"},"image":{"@id":"https:\/\/antderground.com\/de\/produkt\/porcellio-laevis-black\/#primaryimage"},"thumbnailUrl":"https:\/\/antderground.com\/wp-content\/uploads\/2025\/03\/Porcellio-laevis-Black.jpeg","datePublished":"2025-03-28T16:17:06+00:00","description":"Porcellio laevis Black \u2013 die perfekte Assel f\u00fcr dein Terrarium \ud83e\udd97. Reinigt und stabilisiert dein \u00d6kosystem auf nat\u00fcrliche Weise. Entdecke sie jetzt!","breadcrumb":{"@id":"https:\/\/antderground.com\/de\/produkt\/porcellio-laevis-black\/#breadcrumb"},"inLanguage":"de","potentialAction":[{"@type":"ReadAction","target":["https:\/\/antderground.com\/de\/produkt\/porcellio-laevis-black\/"]}]},{"@type":"ImageObject","inLanguage":"de","@id":"https:\/\/antderground.com\/de\/produkt\/porcellio-laevis-black\/#primaryimage","url":"https:\/\/antderground.com\/wp-content\/uploads\/2025\/03\/Porcellio-laevis-Black.jpeg","contentUrl":"https:\/\/antderground.com\/wp-content\/uploads\/2025\/03\/Porcellio-laevis-Black.jpeg","width":1600,"height":1600,"caption":"Porcellio laevis Black"},{"@type":"BreadcrumbList","@id":"https:\/\/antderground.com\/de\/produkt\/porcellio-laevis-black\/#breadcrumb","itemListElement":[{"@type":"ListItem","position":1,"name":"Portada","item":"https:\/\/antderground.com\/de\/"},{"@type":"ListItem","position":2,"name":"Shop","item":"https:\/\/antderground.com\/de\/shop\/"},{"@type":"ListItem","position":3,"name":"Porcellio laevis black"}]},{"@type":"WebSite","@id":"https:\/\/antderground.com\/de\/#website","url":"https:\/\/antderground.com\/de\/","name":"ANTDERGROUND","description":"Tu tienda de hormigas, gran variedad de hormigueros acr\u00edlicos,madera,arena,3D y mas.. Pide tus hormigas gratis con tu pedido, somos expertos en hormigueros antifugas.","publisher":{"@id":"https:\/\/antderground.com\/de\/#\/schema\/person\/0e322c505e84fe72c65e2f6d08f96b81"},"alternateName":"Antderground","potentialAction":[{"@type":"SearchAction","target":{"@type":"EntryPoint","urlTemplate":"https:\/\/antderground.com\/de\/?s={search_term_string}"},"query-input":{"@type":"PropertyValueSpecification","valueRequired":true,"valueName":"search_term_string"}}],"inLanguage":"de"},{"@type":["Person","Organization"],"@id":"https:\/\/antderground.com\/de\/#\/schema\/person\/0e322c505e84fe72c65e2f6d08f96b81","name":"Eric de Antderground","image":{"@type":"ImageObject","inLanguage":"de","@id":"https:\/\/secure.gravatar.com\/avatar\/c49a1b9f79216d1498cb73c1e85cd47f4465dda35f2a94c03790d491bd4423c3?s=96&d=mm&r=g","url":"https:\/\/secure.gravatar.com\/avatar\/c49a1b9f79216d1498cb73c1e85cd47f4465dda35f2a94c03790d491bd4423c3?s=96&d=mm&r=g","contentUrl":"https:\/\/secure.gravatar.com\/avatar\/c49a1b9f79216d1498cb73c1e85cd47f4465dda35f2a94c03790d491bd4423c3?s=96&d=mm&r=g","caption":"Eric de Antderground"},"logo":{"@id":"https:\/\/secure.gravatar.com\/avatar\/c49a1b9f79216d1498cb73c1e85cd47f4465dda35f2a94c03790d491bd4423c3?s=96&d=mm&r=g"},"description":"Eric es el especialista y fundador de Antderground, con una amplia trayectoria en artr\u00f3podos y enfocado en la mirmecolog\u00eda y el dise\u00f1o de hormigueros artificiales. Su enfoque combina la innovaci\u00f3n t\u00e9cnica con el respeto por la biolog\u00eda de las hormigas, is\u00f3podos y otros, desarrollando sistemas de nidos modulares 3D y acr\u00edlicos que son referentes para aficionados y profesionales en toda Europa. Su objetivo es facilitar la cr\u00eda de hormigas y otros artr\u00f3podos mediante soluciones seguras y divulgaci\u00f3n de calidad.","sameAs":["https:\/\/antderground.com\/","https:\/\/www.youtube.com\/channel\/UCio72z7TlbufkAthAJIJfPw"]}]}},"_links":{"self":[{"href":"https:\/\/antderground.com\/de\/wp-json\/wp\/v2\/product\/41343","targetHints":{"allow":["GET"]}}],"collection":[{"href":"https:\/\/antderground.com\/de\/wp-json\/wp\/v2\/product"}],"about":[{"href":"https:\/\/antderground.com\/de\/wp-json\/wp\/v2\/types\/product"}],"version-history":[{"count":0,"href":"https:\/\/antderground.com\/de\/wp-json\/wp\/v2\/product\/41343\/revisions"}],"wp:featuredmedia":[{"embeddable":true,"href":"https:\/\/antderground.com\/de\/wp-json\/wp\/v2\/media\/41314"}],"wp:attachment":[{"href":"https:\/\/antderground.com\/de\/wp-json\/wp\/v2\/media?parent=41343"}],"wp:term":[{"taxonomy":"product_brand","embeddable":true,"href":"https:\/\/antderground.com\/de\/wp-json\/wp\/v2\/product_brand?post=41343"},{"taxonomy":"product_cat","embeddable":true,"href":"https:\/\/antderground.com\/de\/wp-json\/wp\/v2\/product_cat?post=41343"},{"taxonomy":"product_tag","embeddable":true,"href":"https:\/\/antderground.com\/de\/wp-json\/wp\/v2\/product_tag?post=41343"}],"curies":[{"name":"wp","href":"https:\/\/api.w.org\/{rel}","templated":true}]}}