{"id":41377,"date":"2025-03-28T14:50:30","date_gmt":"2025-03-28T13:50:30","guid":{"rendered":"https:\/\/www.antderground.com\/producto\/armadillo-officinalis-pink\/"},"modified":"2025-03-28T14:50:30","modified_gmt":"2025-03-28T13:50:30","slug":"armadillo-officinalis-pink","status":"publish","type":"product","link":"https:\/\/antderground.com\/de\/produkt\/armadillo-officinalis-pink\/","title":{"rendered":"Armadillo officinalis &#8220;Pink&#8221;"},"content":{"rendered":"<h4 class=\"\" data-start=\"2302\" data-end=\"2366\"><strong data-start=\"2307\" data-end=\"2364\">Technisches Datenblatt \u2013 Armadillo officinalis &#8220;Pink&#8221;<\/strong><\/h4>\n<p class=\"\" data-start=\"2367\" data-end=\"3760\"><strong data-start=\"2367\" data-end=\"2388\">Allgemeiner Name:<\/strong> Isopode Armadillo &#8220;Pink&#8221;<br data-start=\"2413\" data-end=\"2416\" \/><strong data-start=\"2416\" data-end=\"2444\">Wissenschaftlicher Name:<\/strong> <em data-start=\"2445\" data-end=\"2468\">Armadillo officinalis<\/em> &#8220;Pink&#8221;<br data-start=\"2475\" data-end=\"2478\" \/><strong data-start=\"2478\" data-end=\"2490\">Familie:<\/strong> Armadillidiidae<br data-start=\"2506\" data-end=\"2509\" \/><strong data-start=\"2509\" data-end=\"2522\">Herkunft:<\/strong> Europa, insbesondere Mittelmeerregionen<br data-start=\"2562\" data-end=\"2565\" \/><strong data-start=\"2565\" data-end=\"2575\">Gr\u00f6\u00dfe:<\/strong> 1 bis 2 cm lang<br data-start=\"2591\" data-end=\"2594\" \/><strong data-start=\"2594\" data-end=\"2604\">Farbe:<\/strong> Zartrosa bis kr\u00e4ftig pink, mit einer sanften F\u00e4rbung, die ihm seinen Namen gibt<br data-start=\"2684\" data-end=\"2687\" \/><strong data-start=\"2687\" data-end=\"2696\">Form:<\/strong> Kompakter, segmentierter K\u00f6rper, der sich bei Gefahr zu einer Kugel einrollt<br data-start=\"2773\" data-end=\"2776\" \/><strong data-start=\"2776\" data-end=\"2796\">Lebenserwartung:<\/strong> Etwa 2 Jahre unter optimalen Bedingungen<br data-start=\"2837\" data-end=\"2840\" \/><strong data-start=\"2840\" data-end=\"2862\">Ideale Temperatur:<\/strong> 18-24\u00b0C<br data-start=\"2870\" data-end=\"2873\" data-is-only-node=\"\" \/><strong data-start=\"2873\" data-end=\"2901\">Ideale Luftfeuchtigkeit:<\/strong> 70-85%<br data-start=\"2908\" data-end=\"2911\" \/><strong data-start=\"2911\" data-end=\"2925\">Ern\u00e4hrung:<\/strong> Allesfresser; ern\u00e4hrt sich von verrottendem organischem Material wie Laub, Totholz und Pflanzenresten. Nimmt auch spezielles Futter f\u00fcr Isopoden an.<br data-start=\"3074\" data-end=\"3077\" \/><strong data-start=\"3077\" data-end=\"3102\">Einsatz im Terrarium:<\/strong> Ideal f\u00fcr Terrarien und Paludarien, da er organisches Material zersetzt und so zum N\u00e4hrstoffkreislauf beitr\u00e4gt.<br data-start=\"3214\" data-end=\"3217\" \/><strong data-start=\"3217\" data-end=\"3231\">Verhalten:<\/strong> Friedlich und gesellig, bevorzugt feuchte und dunkle Bereiche.<br data-start=\"3294\" data-end=\"3297\" \/><strong data-start=\"3297\" data-end=\"3315\">Fortpflanzung:<\/strong> Vermehrt sich durch Parthenogenese, sodass Weibchen ohne M\u00e4nnchen Nachwuchs bekommen k\u00f6nnen.<br data-start=\"3408\" data-end=\"3411\" \/><strong data-start=\"3411\" data-end=\"3432\">Besondere Pflege:<\/strong> Feuchte Umgebung mit ausreichend organischem Material erhalten. Hohe Temperaturen vermeiden und dunkle, k\u00fchle Verstecke bereitstellen.<br data-start=\"3567\" data-end=\"3570\" \/><strong data-start=\"3570\" data-end=\"3583\">Vorteile:<\/strong> Neben seiner \u00f6kologischen Funktion ist er durch seine einzigartige rosa Farbe auch optisch ein Highlight.<br data-start=\"3689\" data-end=\"3692\" \/><strong data-start=\"3692\" data-end=\"3713\">Nicht giftig f\u00fcr:<\/strong> Reptilien, Amphibien und andere Arthropoden.<\/p>\n","protected":false},"excerpt":{"rendered":"<p class=\"\" data-start=\"3809\" data-end=\"4078\">Entdecke die Isopode <strong><em data-start=\"3830\" data-end=\"3860\">Armadillo officinalis &#8220;Pink&#8221;<\/em><\/strong>! \ud83c\udf38 Mit ihrer einzigartigen rosa Farbe ist sie ein Blickfang in jedem Terrarium. Sie hilft bei der Zersetzung organischer Materialien und f\u00f6rdert das \u00d6kosystem. Pflegeleicht und perfekt f\u00fcr Terrarien und Paludarien!<\/p>\n","protected":false},"featured_media":41276,"template":"","meta":[],"product_brand":[],"product_cat":[528,530],"product_tag":[],"class_list":{"0":"post-41377","1":"product","2":"type-product","3":"status-publish","4":"has-post-thumbnail","6":"product_cat-arthropoden","7":"product_cat-isopoden","9":"first","10":"outofstock","11":"shipping-taxable","12":"purchasable","13":"product-type-variable"},"yoast_head":"<!-- This site is optimized with the Yoast SEO plugin v27.3 - https:\/\/yoast.com\/product\/yoast-seo-wordpress\/ -->\n<title>Armadillo officinalis &quot;Pink&quot; | Isopoden - ANTDERGROUND<\/title>\n<meta name=\"description\" content=\"Isopode Armadillo officinalis &quot;Pink&quot; \ud83c\udf38 f\u00fcr dein Terrarium! Zersetzt organisches Material und sorgt f\u00fcr ein gesundes \u00d6kosystem. Jetzt entdecken!\" \/>\n<meta name=\"robots\" content=\"index, follow, max-snippet:-1, max-image-preview:large, max-video-preview:-1\" \/>\n<link rel=\"canonical\" href=\"https:\/\/antderground.com\/de\/produkt\/armadillo-officinalis-pink\/\" \/>\n<meta property=\"og:locale\" content=\"de_DE\" \/>\n<meta property=\"og:type\" content=\"article\" \/>\n<meta property=\"og:title\" content=\"Armadillo officinalis &quot;Pink&quot; | Isopoden - ANTDERGROUND\" \/>\n<meta property=\"og:description\" content=\"Isopode Armadillo officinalis &quot;Pink&quot; \ud83c\udf38 f\u00fcr dein Terrarium! Zersetzt organisches Material und sorgt f\u00fcr ein gesundes \u00d6kosystem. Jetzt entdecken!\" \/>\n<meta property=\"og:url\" content=\"https:\/\/antderground.com\/de\/produkt\/armadillo-officinalis-pink\/\" \/>\n<meta property=\"og:site_name\" content=\"ANTDERGROUND\" \/>\n<meta property=\"og:image\" content=\"https:\/\/antderground.com\/wp-content\/uploads\/2025\/03\/armadillo-officinalis-22pink22.jpeg\" \/>\n\t<meta property=\"og:image:width\" content=\"1600\" \/>\n\t<meta property=\"og:image:height\" content=\"1600\" \/>\n\t<meta property=\"og:image:type\" content=\"image\/jpeg\" \/>\n<meta name=\"twitter:card\" content=\"summary_large_image\" \/>\n<meta name=\"twitter:label1\" content=\"Gesch\u00e4tzte Lesezeit\" \/>\n\t<meta name=\"twitter:data1\" content=\"1\u00a0Minute\" \/>\n<script type=\"application\/ld+json\" class=\"yoast-schema-graph\">{\"@context\":\"https:\\\/\\\/schema.org\",\"@graph\":[{\"@type\":\"WebPage\",\"@id\":\"https:\\\/\\\/antderground.com\\\/de\\\/produkt\\\/armadillo-officinalis-pink\\\/\",\"url\":\"https:\\\/\\\/antderground.com\\\/de\\\/produkt\\\/armadillo-officinalis-pink\\\/\",\"name\":\"Armadillo officinalis \\\"Pink\\\" | Isopoden - ANTDERGROUND\",\"isPartOf\":{\"@id\":\"https:\\\/\\\/antderground.com\\\/de\\\/#website\"},\"primaryImageOfPage\":{\"@id\":\"https:\\\/\\\/antderground.com\\\/de\\\/produkt\\\/armadillo-officinalis-pink\\\/#primaryimage\"},\"image\":{\"@id\":\"https:\\\/\\\/antderground.com\\\/de\\\/produkt\\\/armadillo-officinalis-pink\\\/#primaryimage\"},\"thumbnailUrl\":\"https:\\\/\\\/antderground.com\\\/wp-content\\\/uploads\\\/2025\\\/03\\\/armadillo-officinalis-22pink22.jpeg\",\"datePublished\":\"2025-03-28T13:50:30+00:00\",\"description\":\"Isopode Armadillo officinalis \\\"Pink\\\" \ud83c\udf38 f\u00fcr dein Terrarium! Zersetzt organisches Material und sorgt f\u00fcr ein gesundes \u00d6kosystem. Jetzt entdecken!\",\"breadcrumb\":{\"@id\":\"https:\\\/\\\/antderground.com\\\/de\\\/produkt\\\/armadillo-officinalis-pink\\\/#breadcrumb\"},\"inLanguage\":\"de\",\"potentialAction\":[{\"@type\":\"ReadAction\",\"target\":[\"https:\\\/\\\/antderground.com\\\/de\\\/produkt\\\/armadillo-officinalis-pink\\\/\"]}]},{\"@type\":\"ImageObject\",\"inLanguage\":\"de\",\"@id\":\"https:\\\/\\\/antderground.com\\\/de\\\/produkt\\\/armadillo-officinalis-pink\\\/#primaryimage\",\"url\":\"https:\\\/\\\/antderground.com\\\/wp-content\\\/uploads\\\/2025\\\/03\\\/armadillo-officinalis-22pink22.jpeg\",\"contentUrl\":\"https:\\\/\\\/antderground.com\\\/wp-content\\\/uploads\\\/2025\\\/03\\\/armadillo-officinalis-22pink22.jpeg\",\"width\":1600,\"height\":1600,\"caption\":\"armadillo officinalis pink\"},{\"@type\":\"BreadcrumbList\",\"@id\":\"https:\\\/\\\/antderground.com\\\/de\\\/produkt\\\/armadillo-officinalis-pink\\\/#breadcrumb\",\"itemListElement\":[{\"@type\":\"ListItem\",\"position\":1,\"name\":\"Portada\",\"item\":\"https:\\\/\\\/antderground.com\\\/de\\\/\"},{\"@type\":\"ListItem\",\"position\":2,\"name\":\"Shop\",\"item\":\"https:\\\/\\\/antderground.com\\\/de\\\/shop\\\/\"},{\"@type\":\"ListItem\",\"position\":3,\"name\":\"Armadillo officinalis &#8220;Pink&#8221;\"}]},{\"@type\":\"WebSite\",\"@id\":\"https:\\\/\\\/antderground.com\\\/de\\\/#website\",\"url\":\"https:\\\/\\\/antderground.com\\\/de\\\/\",\"name\":\"ANTDERGROUND\",\"description\":\"Tu tienda de hormigas, gran variedad de hormigueros acr\u00edlicos,madera,arena,3D y mas.. Pide tus hormigas gratis con tu pedido, somos expertos en hormigueros antifugas.\",\"publisher\":{\"@id\":\"https:\\\/\\\/antderground.com\\\/de\\\/#\\\/schema\\\/person\\\/0e322c505e84fe72c65e2f6d08f96b81\"},\"alternateName\":\"Antderground\",\"potentialAction\":[{\"@type\":\"SearchAction\",\"target\":{\"@type\":\"EntryPoint\",\"urlTemplate\":\"https:\\\/\\\/antderground.com\\\/de\\\/?s={search_term_string}\"},\"query-input\":{\"@type\":\"PropertyValueSpecification\",\"valueRequired\":true,\"valueName\":\"search_term_string\"}}],\"inLanguage\":\"de\"},{\"@type\":[\"Person\",\"Organization\"],\"@id\":\"https:\\\/\\\/antderground.com\\\/de\\\/#\\\/schema\\\/person\\\/0e322c505e84fe72c65e2f6d08f96b81\",\"name\":\"Eric de Antderground\",\"image\":{\"@type\":\"ImageObject\",\"inLanguage\":\"de\",\"@id\":\"https:\\\/\\\/secure.gravatar.com\\\/avatar\\\/c49a1b9f79216d1498cb73c1e85cd47f4465dda35f2a94c03790d491bd4423c3?s=96&d=mm&r=g\",\"url\":\"https:\\\/\\\/secure.gravatar.com\\\/avatar\\\/c49a1b9f79216d1498cb73c1e85cd47f4465dda35f2a94c03790d491bd4423c3?s=96&d=mm&r=g\",\"contentUrl\":\"https:\\\/\\\/secure.gravatar.com\\\/avatar\\\/c49a1b9f79216d1498cb73c1e85cd47f4465dda35f2a94c03790d491bd4423c3?s=96&d=mm&r=g\",\"caption\":\"Eric de Antderground\"},\"logo\":{\"@id\":\"https:\\\/\\\/secure.gravatar.com\\\/avatar\\\/c49a1b9f79216d1498cb73c1e85cd47f4465dda35f2a94c03790d491bd4423c3?s=96&d=mm&r=g\"},\"description\":\"Eric es el especialista y fundador de Antderground, con una amplia trayectoria en artr\u00f3podos y enfocado en la mirmecolog\u00eda y el dise\u00f1o de hormigueros artificiales. Su enfoque combina la innovaci\u00f3n t\u00e9cnica con el respeto por la biolog\u00eda de las hormigas, is\u00f3podos y otros, desarrollando sistemas de nidos modulares 3D y acr\u00edlicos que son referentes para aficionados y profesionales en toda Europa. Su objetivo es facilitar la cr\u00eda de hormigas y otros artr\u00f3podos mediante soluciones seguras y divulgaci\u00f3n de calidad.\",\"sameAs\":[\"https:\\\/\\\/antderground.com\\\/\",\"https:\\\/\\\/www.youtube.com\\\/channel\\\/UCio72z7TlbufkAthAJIJfPw\"]}]}<\/script>\n<!-- \/ Yoast SEO plugin. -->","yoast_head_json":{"title":"Armadillo officinalis \"Pink\" | Isopoden - ANTDERGROUND","description":"Isopode Armadillo officinalis \"Pink\" \ud83c\udf38 f\u00fcr dein Terrarium! Zersetzt organisches Material und sorgt f\u00fcr ein gesundes \u00d6kosystem. Jetzt entdecken!","robots":{"index":"index","follow":"follow","max-snippet":"max-snippet:-1","max-image-preview":"max-image-preview:large","max-video-preview":"max-video-preview:-1"},"canonical":"https:\/\/antderground.com\/de\/produkt\/armadillo-officinalis-pink\/","og_locale":"de_DE","og_type":"article","og_title":"Armadillo officinalis \"Pink\" | Isopoden - ANTDERGROUND","og_description":"Isopode Armadillo officinalis \"Pink\" \ud83c\udf38 f\u00fcr dein Terrarium! Zersetzt organisches Material und sorgt f\u00fcr ein gesundes \u00d6kosystem. Jetzt entdecken!","og_url":"https:\/\/antderground.com\/de\/produkt\/armadillo-officinalis-pink\/","og_site_name":"ANTDERGROUND","og_image":[{"width":1600,"height":1600,"url":"https:\/\/antderground.com\/wp-content\/uploads\/2025\/03\/armadillo-officinalis-22pink22.jpeg","type":"image\/jpeg"}],"twitter_card":"summary_large_image","twitter_misc":{"Gesch\u00e4tzte Lesezeit":"1\u00a0Minute"},"schema":{"@context":"https:\/\/schema.org","@graph":[{"@type":"WebPage","@id":"https:\/\/antderground.com\/de\/produkt\/armadillo-officinalis-pink\/","url":"https:\/\/antderground.com\/de\/produkt\/armadillo-officinalis-pink\/","name":"Armadillo officinalis \"Pink\" | Isopoden - ANTDERGROUND","isPartOf":{"@id":"https:\/\/antderground.com\/de\/#website"},"primaryImageOfPage":{"@id":"https:\/\/antderground.com\/de\/produkt\/armadillo-officinalis-pink\/#primaryimage"},"image":{"@id":"https:\/\/antderground.com\/de\/produkt\/armadillo-officinalis-pink\/#primaryimage"},"thumbnailUrl":"https:\/\/antderground.com\/wp-content\/uploads\/2025\/03\/armadillo-officinalis-22pink22.jpeg","datePublished":"2025-03-28T13:50:30+00:00","description":"Isopode Armadillo officinalis \"Pink\" \ud83c\udf38 f\u00fcr dein Terrarium! Zersetzt organisches Material und sorgt f\u00fcr ein gesundes \u00d6kosystem. Jetzt entdecken!","breadcrumb":{"@id":"https:\/\/antderground.com\/de\/produkt\/armadillo-officinalis-pink\/#breadcrumb"},"inLanguage":"de","potentialAction":[{"@type":"ReadAction","target":["https:\/\/antderground.com\/de\/produkt\/armadillo-officinalis-pink\/"]}]},{"@type":"ImageObject","inLanguage":"de","@id":"https:\/\/antderground.com\/de\/produkt\/armadillo-officinalis-pink\/#primaryimage","url":"https:\/\/antderground.com\/wp-content\/uploads\/2025\/03\/armadillo-officinalis-22pink22.jpeg","contentUrl":"https:\/\/antderground.com\/wp-content\/uploads\/2025\/03\/armadillo-officinalis-22pink22.jpeg","width":1600,"height":1600,"caption":"armadillo officinalis pink"},{"@type":"BreadcrumbList","@id":"https:\/\/antderground.com\/de\/produkt\/armadillo-officinalis-pink\/#breadcrumb","itemListElement":[{"@type":"ListItem","position":1,"name":"Portada","item":"https:\/\/antderground.com\/de\/"},{"@type":"ListItem","position":2,"name":"Shop","item":"https:\/\/antderground.com\/de\/shop\/"},{"@type":"ListItem","position":3,"name":"Armadillo officinalis &#8220;Pink&#8221;"}]},{"@type":"WebSite","@id":"https:\/\/antderground.com\/de\/#website","url":"https:\/\/antderground.com\/de\/","name":"ANTDERGROUND","description":"Tu tienda de hormigas, gran variedad de hormigueros acr\u00edlicos,madera,arena,3D y mas.. Pide tus hormigas gratis con tu pedido, somos expertos en hormigueros antifugas.","publisher":{"@id":"https:\/\/antderground.com\/de\/#\/schema\/person\/0e322c505e84fe72c65e2f6d08f96b81"},"alternateName":"Antderground","potentialAction":[{"@type":"SearchAction","target":{"@type":"EntryPoint","urlTemplate":"https:\/\/antderground.com\/de\/?s={search_term_string}"},"query-input":{"@type":"PropertyValueSpecification","valueRequired":true,"valueName":"search_term_string"}}],"inLanguage":"de"},{"@type":["Person","Organization"],"@id":"https:\/\/antderground.com\/de\/#\/schema\/person\/0e322c505e84fe72c65e2f6d08f96b81","name":"Eric de Antderground","image":{"@type":"ImageObject","inLanguage":"de","@id":"https:\/\/secure.gravatar.com\/avatar\/c49a1b9f79216d1498cb73c1e85cd47f4465dda35f2a94c03790d491bd4423c3?s=96&d=mm&r=g","url":"https:\/\/secure.gravatar.com\/avatar\/c49a1b9f79216d1498cb73c1e85cd47f4465dda35f2a94c03790d491bd4423c3?s=96&d=mm&r=g","contentUrl":"https:\/\/secure.gravatar.com\/avatar\/c49a1b9f79216d1498cb73c1e85cd47f4465dda35f2a94c03790d491bd4423c3?s=96&d=mm&r=g","caption":"Eric de Antderground"},"logo":{"@id":"https:\/\/secure.gravatar.com\/avatar\/c49a1b9f79216d1498cb73c1e85cd47f4465dda35f2a94c03790d491bd4423c3?s=96&d=mm&r=g"},"description":"Eric es el especialista y fundador de Antderground, con una amplia trayectoria en artr\u00f3podos y enfocado en la mirmecolog\u00eda y el dise\u00f1o de hormigueros artificiales. Su enfoque combina la innovaci\u00f3n t\u00e9cnica con el respeto por la biolog\u00eda de las hormigas, is\u00f3podos y otros, desarrollando sistemas de nidos modulares 3D y acr\u00edlicos que son referentes para aficionados y profesionales en toda Europa. Su objetivo es facilitar la cr\u00eda de hormigas y otros artr\u00f3podos mediante soluciones seguras y divulgaci\u00f3n de calidad.","sameAs":["https:\/\/antderground.com\/","https:\/\/www.youtube.com\/channel\/UCio72z7TlbufkAthAJIJfPw"]}]}},"_links":{"self":[{"href":"https:\/\/antderground.com\/de\/wp-json\/wp\/v2\/product\/41377","targetHints":{"allow":["GET"]}}],"collection":[{"href":"https:\/\/antderground.com\/de\/wp-json\/wp\/v2\/product"}],"about":[{"href":"https:\/\/antderground.com\/de\/wp-json\/wp\/v2\/types\/product"}],"version-history":[{"count":0,"href":"https:\/\/antderground.com\/de\/wp-json\/wp\/v2\/product\/41377\/revisions"}],"wp:featuredmedia":[{"embeddable":true,"href":"https:\/\/antderground.com\/de\/wp-json\/wp\/v2\/media\/41276"}],"wp:attachment":[{"href":"https:\/\/antderground.com\/de\/wp-json\/wp\/v2\/media?parent=41377"}],"wp:term":[{"taxonomy":"product_brand","embeddable":true,"href":"https:\/\/antderground.com\/de\/wp-json\/wp\/v2\/product_brand?post=41377"},{"taxonomy":"product_cat","embeddable":true,"href":"https:\/\/antderground.com\/de\/wp-json\/wp\/v2\/product_cat?post=41377"},{"taxonomy":"product_tag","embeddable":true,"href":"https:\/\/antderground.com\/de\/wp-json\/wp\/v2\/product_tag?post=41377"}],"curies":[{"name":"wp","href":"https:\/\/api.w.org\/{rel}","templated":true}]}}