{"id":41383,"date":"2025-03-28T13:01:42","date_gmt":"2025-03-28T12:01:42","guid":{"rendered":"https:\/\/www.antderground.com\/producto\/armadillo-officinalis-dalmatian\/"},"modified":"2025-03-28T13:01:42","modified_gmt":"2025-03-28T12:01:42","slug":"armadillo-officinalis-dalmatian","status":"publish","type":"product","link":"https:\/\/antderground.com\/de\/produkt\/armadillo-officinalis-dalmatian\/","title":{"rendered":"Armadillo officinalis Dalmatian"},"content":{"rendered":"<p class=\"\" data-start=\"1852\" data-end=\"2139\"><strong data-start=\"1900\" data-end=\"1927\">Wissenschaftlicher Name<\/strong>: Armadillo officinalis Dalmatian<br data-start=\"1960\" data-end=\"1963\" \/><strong data-start=\"1963\" data-end=\"1974\">Familie<\/strong>: Armadillidiidae<br data-start=\"1991\" data-end=\"1994\" \/><strong data-start=\"1994\" data-end=\"2006\">Herkunft<\/strong>: Europa<br data-start=\"2014\" data-end=\"2017\" \/><strong data-start=\"2017\" data-end=\"2026\">Gr\u00f6\u00dfe<\/strong>: 1,5 \u2013 2 cm<br data-start=\"2038\" data-end=\"2041\" \/><strong data-start=\"2041\" data-end=\"2050\">Farbe<\/strong>: Schwarze und wei\u00dfe Flecken, \u00e4hnlich einem Dalmatiner<br data-start=\"2104\" data-end=\"2107\" \/><strong data-start=\"2107\" data-end=\"2126\">Lebenserwartung<\/strong>: 2-3 Jahre<\/p>\n<h3 class=\"\" data-start=\"2141\" data-end=\"2159\"><strong data-start=\"2145\" data-end=\"2157\">Merkmale<\/strong><\/h3>\n<p class=\"\" data-start=\"2160\" data-end=\"2340\">Der <strong data-start=\"2164\" data-end=\"2199\">Armadillo officinalis Dalmatian<\/strong> kann sich bei Gefahr zu einer Kugel zusammenrollen. Sein einzigartiges Fleckenmuster macht ihn besonders attraktiv f\u00fcr Terrarienliebhaber.<\/p>\n<h3 class=\"\" data-start=\"2342\" data-end=\"2370\"><strong data-start=\"2346\" data-end=\"2368\">Haltung und Pflege<\/strong><\/h3>\n<ul data-start=\"2371\" data-end=\"2672\">\n<li class=\"\" data-start=\"2371\" data-end=\"2399\">\n<p class=\"\" data-start=\"2373\" data-end=\"2399\"><strong data-start=\"2373\" data-end=\"2387\">Temperatur<\/strong>: 18-22 \u00b0C<\/p>\n<\/li>\n<li class=\"\" data-start=\"2400\" data-end=\"2480\">\n<p class=\"\" data-start=\"2402\" data-end=\"2480\"><strong data-start=\"2402\" data-end=\"2422\">Luftfeuchtigkeit<\/strong>: 60-80 %, leicht feuchtes Substrat, aber nicht zu nass.<\/p>\n<\/li>\n<li class=\"\" data-start=\"2481\" data-end=\"2562\">\n<p class=\"\" data-start=\"2483\" data-end=\"2562\"><strong data-start=\"2483\" data-end=\"2495\">Substrat<\/strong>: Mischung aus Erde und Laub mit Rinde als Versteckm\u00f6glichkeiten.<\/p>\n<\/li>\n<li class=\"\" data-start=\"2563\" data-end=\"2672\">\n<p class=\"\" data-start=\"2565\" data-end=\"2672\"><strong data-start=\"2565\" data-end=\"2578\">Ern\u00e4hrung<\/strong>: Zersetzende organische Materialien, abgestorbenes Holz, Gem\u00fcse und Obst in kleinen Mengen.<\/p>\n<\/li>\n<\/ul>\n<h3 class=\"\" data-start=\"2674\" data-end=\"2698\"><strong data-start=\"2678\" data-end=\"2696\">Einsatzbereich<\/strong><\/h3>\n<p class=\"\" data-start=\"2699\" data-end=\"2828\">Perfekt f\u00fcr bioaktive Terrarien, tr\u00e4gt dieser Isopode zur Zersetzung organischer Abf\u00e4lle bei und sorgt f\u00fcr ein sauberes Umfeld.<\/p>\n<h3 class=\"\" data-start=\"2830\" data-end=\"2853\"><strong data-start=\"2834\" data-end=\"2851\">Fortpflanzung<\/strong><\/h3>\n<p class=\"\" data-start=\"2854\" data-end=\"2975\">Die Weibchen tragen ihre Eier in einer Brutkammer. Die Jungtiere schl\u00fcpfen bereits mit der F\u00e4higkeit, sich einzurollen.<\/p>\n<h3 class=\"\" data-start=\"2977\" data-end=\"3005\"><strong data-start=\"2981\" data-end=\"3003\">Besondere Hinweise<\/strong><\/h3>\n<ul data-start=\"3006\" data-end=\"3095\">\n<li class=\"\" data-start=\"3006\" data-end=\"3048\">\n<p class=\"\" data-start=\"3008\" data-end=\"3048\">Einfach zu halten, ideal f\u00fcr Anf\u00e4nger.<\/p>\n<\/li>\n<li class=\"\" data-start=\"3049\" data-end=\"3095\">\n<p class=\"\" data-start=\"3051\" data-end=\"3095\">Ungiftig und mit anderen Arten kompatibel.<\/p>\n<\/li>\n<\/ul>\n","protected":false},"excerpt":{"rendered":"<p>Der <strong data-start=\"3139\" data-end=\"3174\">Armadillo officinalis Dalmatian<\/strong> ist ein Isopode mit auff\u00e4lligen schwarzen und wei\u00dfen Flecken. Perfekt f\u00fcr bioaktive Terrarien, da er organische Abf\u00e4lle zersetzt. Pflegeleicht und faszinierend zu beobachten in seinem nat\u00fcrlichen Verhalten.<\/p>\n","protected":false},"featured_media":41264,"template":"","meta":[],"product_brand":[],"product_cat":[528,530],"product_tag":[],"class_list":{"0":"post-41383","1":"product","2":"type-product","3":"status-publish","4":"has-post-thumbnail","6":"product_cat-arthropoden","7":"product_cat-isopoden","9":"first","10":"outofstock","11":"shipping-taxable","12":"purchasable","13":"product-type-variable"},"yoast_head":"<!-- This site is optimized with the Yoast SEO plugin v27.4 - https:\/\/yoast.com\/product\/yoast-seo-wordpress\/ -->\n<title>Armadillo officinalis Dalmatian | Asseln - ANTDERGROUND<\/title>\n<meta name=\"description\" content=\"Isopode Armadillo officinalis Dalmatian mit einzigartigem Muster. Ideal f\u00fcr bioaktive Terrarien \ud83c\udf3f. Pflegeleicht und n\u00fctzlich f\u00fcrs \u00d6kosystem \ud83e\udeb2.\" \/>\n<meta name=\"robots\" content=\"index, follow, max-snippet:-1, max-image-preview:large, max-video-preview:-1\" \/>\n<link rel=\"canonical\" href=\"https:\/\/antderground.com\/de\/produkt\/armadillo-officinalis-dalmatian\/\" \/>\n<meta property=\"og:locale\" content=\"de_DE\" \/>\n<meta property=\"og:type\" content=\"article\" \/>\n<meta property=\"og:title\" content=\"Armadillo officinalis Dalmatian | Asseln - ANTDERGROUND\" \/>\n<meta property=\"og:description\" content=\"Isopode Armadillo officinalis Dalmatian mit einzigartigem Muster. Ideal f\u00fcr bioaktive Terrarien \ud83c\udf3f. Pflegeleicht und n\u00fctzlich f\u00fcrs \u00d6kosystem \ud83e\udeb2.\" \/>\n<meta property=\"og:url\" content=\"https:\/\/antderground.com\/de\/produkt\/armadillo-officinalis-dalmatian\/\" \/>\n<meta property=\"og:site_name\" content=\"ANTDERGROUND\" \/>\n<meta property=\"og:image\" content=\"https:\/\/antderground.com\/wp-content\/uploads\/2025\/03\/armadillo-officinalis-dalmatian.jpeg\" \/>\n\t<meta property=\"og:image:width\" content=\"1600\" \/>\n\t<meta property=\"og:image:height\" content=\"1600\" \/>\n\t<meta property=\"og:image:type\" content=\"image\/jpeg\" \/>\n<meta name=\"twitter:card\" content=\"summary_large_image\" \/>\n<meta name=\"twitter:label1\" content=\"Gesch\u00e4tzte Lesezeit\" \/>\n\t<meta name=\"twitter:data1\" content=\"1\u00a0Minute\" \/>\n<script type=\"application\/ld+json\" class=\"yoast-schema-graph\">{\"@context\":\"https:\\\/\\\/schema.org\",\"@graph\":[{\"@type\":\"WebPage\",\"@id\":\"https:\\\/\\\/antderground.com\\\/de\\\/produkt\\\/armadillo-officinalis-dalmatian\\\/\",\"url\":\"https:\\\/\\\/antderground.com\\\/de\\\/produkt\\\/armadillo-officinalis-dalmatian\\\/\",\"name\":\"Armadillo officinalis Dalmatian | Asseln - ANTDERGROUND\",\"isPartOf\":{\"@id\":\"https:\\\/\\\/antderground.com\\\/de\\\/#website\"},\"primaryImageOfPage\":{\"@id\":\"https:\\\/\\\/antderground.com\\\/de\\\/produkt\\\/armadillo-officinalis-dalmatian\\\/#primaryimage\"},\"image\":{\"@id\":\"https:\\\/\\\/antderground.com\\\/de\\\/produkt\\\/armadillo-officinalis-dalmatian\\\/#primaryimage\"},\"thumbnailUrl\":\"https:\\\/\\\/antderground.com\\\/wp-content\\\/uploads\\\/2025\\\/03\\\/armadillo-officinalis-dalmatian.jpeg\",\"datePublished\":\"2025-03-28T12:01:42+00:00\",\"description\":\"Isopode Armadillo officinalis Dalmatian mit einzigartigem Muster. Ideal f\u00fcr bioaktive Terrarien \ud83c\udf3f. Pflegeleicht und n\u00fctzlich f\u00fcrs \u00d6kosystem \ud83e\udeb2.\",\"breadcrumb\":{\"@id\":\"https:\\\/\\\/antderground.com\\\/de\\\/produkt\\\/armadillo-officinalis-dalmatian\\\/#breadcrumb\"},\"inLanguage\":\"de\",\"potentialAction\":[{\"@type\":\"ReadAction\",\"target\":[\"https:\\\/\\\/antderground.com\\\/de\\\/produkt\\\/armadillo-officinalis-dalmatian\\\/\"]}]},{\"@type\":\"ImageObject\",\"inLanguage\":\"de\",\"@id\":\"https:\\\/\\\/antderground.com\\\/de\\\/produkt\\\/armadillo-officinalis-dalmatian\\\/#primaryimage\",\"url\":\"https:\\\/\\\/antderground.com\\\/wp-content\\\/uploads\\\/2025\\\/03\\\/armadillo-officinalis-dalmatian.jpeg\",\"contentUrl\":\"https:\\\/\\\/antderground.com\\\/wp-content\\\/uploads\\\/2025\\\/03\\\/armadillo-officinalis-dalmatian.jpeg\",\"width\":1600,\"height\":1600,\"caption\":\"armadillo officinalis dalmatian\"},{\"@type\":\"BreadcrumbList\",\"@id\":\"https:\\\/\\\/antderground.com\\\/de\\\/produkt\\\/armadillo-officinalis-dalmatian\\\/#breadcrumb\",\"itemListElement\":[{\"@type\":\"ListItem\",\"position\":1,\"name\":\"Portada\",\"item\":\"https:\\\/\\\/antderground.com\\\/de\\\/\"},{\"@type\":\"ListItem\",\"position\":2,\"name\":\"Shop\",\"item\":\"https:\\\/\\\/antderground.com\\\/de\\\/shop\\\/\"},{\"@type\":\"ListItem\",\"position\":3,\"name\":\"Armadillo officinalis Dalmatian\"}]},{\"@type\":\"WebSite\",\"@id\":\"https:\\\/\\\/antderground.com\\\/de\\\/#website\",\"url\":\"https:\\\/\\\/antderground.com\\\/de\\\/\",\"name\":\"ANTDERGROUND\",\"description\":\"Tu tienda de hormigas, gran variedad de hormigueros acr\u00edlicos,madera,arena,3D y mas.. Pide tus hormigas gratis con tu pedido, somos expertos en hormigueros antifugas.\",\"publisher\":{\"@id\":\"https:\\\/\\\/antderground.com\\\/de\\\/#\\\/schema\\\/person\\\/0e322c505e84fe72c65e2f6d08f96b81\"},\"alternateName\":\"Antderground\",\"potentialAction\":[{\"@type\":\"SearchAction\",\"target\":{\"@type\":\"EntryPoint\",\"urlTemplate\":\"https:\\\/\\\/antderground.com\\\/de\\\/?s={search_term_string}\"},\"query-input\":{\"@type\":\"PropertyValueSpecification\",\"valueRequired\":true,\"valueName\":\"search_term_string\"}}],\"inLanguage\":\"de\"},{\"@type\":[\"Person\",\"Organization\"],\"@id\":\"https:\\\/\\\/antderground.com\\\/de\\\/#\\\/schema\\\/person\\\/0e322c505e84fe72c65e2f6d08f96b81\",\"name\":\"Eric de Antderground\",\"image\":{\"@type\":\"ImageObject\",\"inLanguage\":\"de\",\"@id\":\"https:\\\/\\\/secure.gravatar.com\\\/avatar\\\/c49a1b9f79216d1498cb73c1e85cd47f4465dda35f2a94c03790d491bd4423c3?s=96&d=mm&r=g\",\"url\":\"https:\\\/\\\/secure.gravatar.com\\\/avatar\\\/c49a1b9f79216d1498cb73c1e85cd47f4465dda35f2a94c03790d491bd4423c3?s=96&d=mm&r=g\",\"contentUrl\":\"https:\\\/\\\/secure.gravatar.com\\\/avatar\\\/c49a1b9f79216d1498cb73c1e85cd47f4465dda35f2a94c03790d491bd4423c3?s=96&d=mm&r=g\",\"caption\":\"Eric de Antderground\"},\"logo\":{\"@id\":\"https:\\\/\\\/secure.gravatar.com\\\/avatar\\\/c49a1b9f79216d1498cb73c1e85cd47f4465dda35f2a94c03790d491bd4423c3?s=96&d=mm&r=g\"},\"description\":\"Eric es el especialista y fundador de Antderground, con una amplia trayectoria en artr\u00f3podos y enfocado en la mirmecolog\u00eda y el dise\u00f1o de hormigueros artificiales. Su enfoque combina la innovaci\u00f3n t\u00e9cnica con el respeto por la biolog\u00eda de las hormigas, is\u00f3podos y otros, desarrollando sistemas de nidos modulares 3D y acr\u00edlicos que son referentes para aficionados y profesionales en toda Europa. Su objetivo es facilitar la cr\u00eda de hormigas y otros artr\u00f3podos mediante soluciones seguras y divulgaci\u00f3n de calidad.\",\"sameAs\":[\"https:\\\/\\\/antderground.com\\\/\",\"https:\\\/\\\/www.youtube.com\\\/channel\\\/UCio72z7TlbufkAthAJIJfPw\"]}]}<\/script>\n<!-- \/ Yoast SEO plugin. -->","yoast_head_json":{"title":"Armadillo officinalis Dalmatian | Asseln - ANTDERGROUND","description":"Isopode Armadillo officinalis Dalmatian mit einzigartigem Muster. Ideal f\u00fcr bioaktive Terrarien \ud83c\udf3f. Pflegeleicht und n\u00fctzlich f\u00fcrs \u00d6kosystem \ud83e\udeb2.","robots":{"index":"index","follow":"follow","max-snippet":"max-snippet:-1","max-image-preview":"max-image-preview:large","max-video-preview":"max-video-preview:-1"},"canonical":"https:\/\/antderground.com\/de\/produkt\/armadillo-officinalis-dalmatian\/","og_locale":"de_DE","og_type":"article","og_title":"Armadillo officinalis Dalmatian | Asseln - ANTDERGROUND","og_description":"Isopode Armadillo officinalis Dalmatian mit einzigartigem Muster. Ideal f\u00fcr bioaktive Terrarien \ud83c\udf3f. Pflegeleicht und n\u00fctzlich f\u00fcrs \u00d6kosystem \ud83e\udeb2.","og_url":"https:\/\/antderground.com\/de\/produkt\/armadillo-officinalis-dalmatian\/","og_site_name":"ANTDERGROUND","og_image":[{"width":1600,"height":1600,"url":"https:\/\/antderground.com\/wp-content\/uploads\/2025\/03\/armadillo-officinalis-dalmatian.jpeg","type":"image\/jpeg"}],"twitter_card":"summary_large_image","twitter_misc":{"Gesch\u00e4tzte Lesezeit":"1\u00a0Minute"},"schema":{"@context":"https:\/\/schema.org","@graph":[{"@type":"WebPage","@id":"https:\/\/antderground.com\/de\/produkt\/armadillo-officinalis-dalmatian\/","url":"https:\/\/antderground.com\/de\/produkt\/armadillo-officinalis-dalmatian\/","name":"Armadillo officinalis Dalmatian | Asseln - ANTDERGROUND","isPartOf":{"@id":"https:\/\/antderground.com\/de\/#website"},"primaryImageOfPage":{"@id":"https:\/\/antderground.com\/de\/produkt\/armadillo-officinalis-dalmatian\/#primaryimage"},"image":{"@id":"https:\/\/antderground.com\/de\/produkt\/armadillo-officinalis-dalmatian\/#primaryimage"},"thumbnailUrl":"https:\/\/antderground.com\/wp-content\/uploads\/2025\/03\/armadillo-officinalis-dalmatian.jpeg","datePublished":"2025-03-28T12:01:42+00:00","description":"Isopode Armadillo officinalis Dalmatian mit einzigartigem Muster. Ideal f\u00fcr bioaktive Terrarien \ud83c\udf3f. Pflegeleicht und n\u00fctzlich f\u00fcrs \u00d6kosystem \ud83e\udeb2.","breadcrumb":{"@id":"https:\/\/antderground.com\/de\/produkt\/armadillo-officinalis-dalmatian\/#breadcrumb"},"inLanguage":"de","potentialAction":[{"@type":"ReadAction","target":["https:\/\/antderground.com\/de\/produkt\/armadillo-officinalis-dalmatian\/"]}]},{"@type":"ImageObject","inLanguage":"de","@id":"https:\/\/antderground.com\/de\/produkt\/armadillo-officinalis-dalmatian\/#primaryimage","url":"https:\/\/antderground.com\/wp-content\/uploads\/2025\/03\/armadillo-officinalis-dalmatian.jpeg","contentUrl":"https:\/\/antderground.com\/wp-content\/uploads\/2025\/03\/armadillo-officinalis-dalmatian.jpeg","width":1600,"height":1600,"caption":"armadillo officinalis dalmatian"},{"@type":"BreadcrumbList","@id":"https:\/\/antderground.com\/de\/produkt\/armadillo-officinalis-dalmatian\/#breadcrumb","itemListElement":[{"@type":"ListItem","position":1,"name":"Portada","item":"https:\/\/antderground.com\/de\/"},{"@type":"ListItem","position":2,"name":"Shop","item":"https:\/\/antderground.com\/de\/shop\/"},{"@type":"ListItem","position":3,"name":"Armadillo officinalis Dalmatian"}]},{"@type":"WebSite","@id":"https:\/\/antderground.com\/de\/#website","url":"https:\/\/antderground.com\/de\/","name":"ANTDERGROUND","description":"Tu tienda de hormigas, gran variedad de hormigueros acr\u00edlicos,madera,arena,3D y mas.. Pide tus hormigas gratis con tu pedido, somos expertos en hormigueros antifugas.","publisher":{"@id":"https:\/\/antderground.com\/de\/#\/schema\/person\/0e322c505e84fe72c65e2f6d08f96b81"},"alternateName":"Antderground","potentialAction":[{"@type":"SearchAction","target":{"@type":"EntryPoint","urlTemplate":"https:\/\/antderground.com\/de\/?s={search_term_string}"},"query-input":{"@type":"PropertyValueSpecification","valueRequired":true,"valueName":"search_term_string"}}],"inLanguage":"de"},{"@type":["Person","Organization"],"@id":"https:\/\/antderground.com\/de\/#\/schema\/person\/0e322c505e84fe72c65e2f6d08f96b81","name":"Eric de Antderground","image":{"@type":"ImageObject","inLanguage":"de","@id":"https:\/\/secure.gravatar.com\/avatar\/c49a1b9f79216d1498cb73c1e85cd47f4465dda35f2a94c03790d491bd4423c3?s=96&d=mm&r=g","url":"https:\/\/secure.gravatar.com\/avatar\/c49a1b9f79216d1498cb73c1e85cd47f4465dda35f2a94c03790d491bd4423c3?s=96&d=mm&r=g","contentUrl":"https:\/\/secure.gravatar.com\/avatar\/c49a1b9f79216d1498cb73c1e85cd47f4465dda35f2a94c03790d491bd4423c3?s=96&d=mm&r=g","caption":"Eric de Antderground"},"logo":{"@id":"https:\/\/secure.gravatar.com\/avatar\/c49a1b9f79216d1498cb73c1e85cd47f4465dda35f2a94c03790d491bd4423c3?s=96&d=mm&r=g"},"description":"Eric es el especialista y fundador de Antderground, con una amplia trayectoria en artr\u00f3podos y enfocado en la mirmecolog\u00eda y el dise\u00f1o de hormigueros artificiales. Su enfoque combina la innovaci\u00f3n t\u00e9cnica con el respeto por la biolog\u00eda de las hormigas, is\u00f3podos y otros, desarrollando sistemas de nidos modulares 3D y acr\u00edlicos que son referentes para aficionados y profesionales en toda Europa. Su objetivo es facilitar la cr\u00eda de hormigas y otros artr\u00f3podos mediante soluciones seguras y divulgaci\u00f3n de calidad.","sameAs":["https:\/\/antderground.com\/","https:\/\/www.youtube.com\/channel\/UCio72z7TlbufkAthAJIJfPw"]}]}},"_links":{"self":[{"href":"https:\/\/antderground.com\/de\/wp-json\/wp\/v2\/product\/41383","targetHints":{"allow":["GET"]}}],"collection":[{"href":"https:\/\/antderground.com\/de\/wp-json\/wp\/v2\/product"}],"about":[{"href":"https:\/\/antderground.com\/de\/wp-json\/wp\/v2\/types\/product"}],"version-history":[{"count":0,"href":"https:\/\/antderground.com\/de\/wp-json\/wp\/v2\/product\/41383\/revisions"}],"wp:featuredmedia":[{"embeddable":true,"href":"https:\/\/antderground.com\/de\/wp-json\/wp\/v2\/media\/41264"}],"wp:attachment":[{"href":"https:\/\/antderground.com\/de\/wp-json\/wp\/v2\/media?parent=41383"}],"wp:term":[{"taxonomy":"product_brand","embeddable":true,"href":"https:\/\/antderground.com\/de\/wp-json\/wp\/v2\/product_brand?post=41383"},{"taxonomy":"product_cat","embeddable":true,"href":"https:\/\/antderground.com\/de\/wp-json\/wp\/v2\/product_cat?post=41383"},{"taxonomy":"product_tag","embeddable":true,"href":"https:\/\/antderground.com\/de\/wp-json\/wp\/v2\/product_tag?post=41383"}],"curies":[{"name":"wp","href":"https:\/\/api.w.org\/{rel}","templated":true}]}}