{"id":41413,"date":"2025-03-28T10:34:08","date_gmt":"2025-03-28T09:34:08","guid":{"rendered":"https:\/\/www.antderground.com\/producto\/trachelipus-caucasius\/"},"modified":"2025-03-28T10:34:08","modified_gmt":"2025-03-28T09:34:08","slug":"trachelipus-caucasius","status":"publish","type":"product","link":"https:\/\/antderground.com\/de\/produkt\/trachelipus-caucasius\/","title":{"rendered":"Trachelipus caucasius"},"content":{"rendered":"<h3 class=\"\" data-start=\"94\" data-end=\"149\"><strong data-start=\"98\" data-end=\"147\">Technisches Datenblatt: Trachelipus caucasius<\/strong><\/h3>\n<p class=\"\" data-start=\"150\" data-end=\"323\"><strong data-start=\"150\" data-end=\"178\">Wissenschaftlicher Name:<\/strong> Trachelipus caucasius<br data-start=\"200\" data-end=\"203\" \/><strong data-start=\"203\" data-end=\"224\">Allgemeiner Name:<\/strong> Kaukasischer Isopode<br data-start=\"245\" data-end=\"248\" \/><strong data-start=\"248\" data-end=\"260\">Familie:<\/strong> Trachelipodidae<br data-start=\"276\" data-end=\"279\" \/><strong data-start=\"279\" data-end=\"292\">Herkunft:<\/strong> Kaukasusregion und Osteuropa<\/p>\n<h3 class=\"\" data-start=\"325\" data-end=\"347\"><strong data-start=\"329\" data-end=\"345\">Beschreibung<\/strong><\/h3>\n<p class=\"\" data-start=\"348\" data-end=\"671\">Trachelipus caucasius ist ein mittelgro\u00dfer Land-Isopode mit einer durchschnittlichen L\u00e4nge von 10-15 mm im Erwachsenenalter. Sein Exoskelett ist segmentiert und weist Farbt\u00f6ne von Braun bis Grau auf, oft mit Mustern zur Tarnung. Bei Bedrohung rollt er sich teilweise ein, jedoch nicht vollst\u00e4ndig wie die Armadillidiidae.<\/p>\n<h3 class=\"\" data-start=\"673\" data-end=\"709\"><strong data-start=\"677\" data-end=\"707\">Lebensraum und Verbreitung<\/strong><\/h3>\n<p class=\"\" data-start=\"710\" data-end=\"950\">Diese Art lebt in feuchten Gebieten wie gem\u00e4\u00dfigten W\u00e4ldern und Wiesen, wo sie sich unter Steinen, verrottendem Holz und Laub versteckt. Sie bevorzugt Substrate mit hohem organischen Anteil und ist ein Indikator f\u00fcr ein gesundes \u00d6kosystem.<\/p>\n<h3 class=\"\" data-start=\"952\" data-end=\"971\"><strong data-start=\"956\" data-end=\"969\">Ern\u00e4hrung<\/strong><\/h3>\n<p class=\"\" data-start=\"972\" data-end=\"1254\">Trachelipus caucasius ist ein Detritusfresser, der sich haupts\u00e4chlich von organischem Material wie abgestorbenen Bl\u00e4ttern, verrottendem Holz und Pflanzenresten ern\u00e4hrt. Er spielt eine wichtige Rolle im \u00d6kosystem, indem er zur Zersetzung und N\u00e4hrstoffr\u00fcckf\u00fchrung im Boden beitr\u00e4gt.<\/p>\n<h3 class=\"\" data-start=\"1256\" data-end=\"1291\"><strong data-start=\"1260\" data-end=\"1289\">Haltung in Gefangenschaft<\/strong><\/h3>\n<ul data-start=\"1292\" data-end=\"1592\">\n<li class=\"\" data-start=\"1292\" data-end=\"1319\">\n<p class=\"\" data-start=\"1294\" data-end=\"1319\"><strong data-start=\"1294\" data-end=\"1309\">Temperatur:<\/strong> 18-25\u00b0C<\/p>\n<\/li>\n<li class=\"\" data-start=\"1320\" data-end=\"1352\">\n<p class=\"\" data-start=\"1322\" data-end=\"1352\"><strong data-start=\"1322\" data-end=\"1343\">Luftfeuchtigkeit:<\/strong> 70-90%<\/p>\n<\/li>\n<li class=\"\" data-start=\"1353\" data-end=\"1422\">\n<p class=\"\" data-start=\"1355\" data-end=\"1422\"><strong data-start=\"1355\" data-end=\"1368\">Substrat:<\/strong> Mischung aus Kokosfaser, Laub und verrottendem Holz<\/p>\n<\/li>\n<li class=\"\" data-start=\"1423\" data-end=\"1474\">\n<p class=\"\" data-start=\"1425\" data-end=\"1474\"><strong data-start=\"1425\" data-end=\"1439\">Verstecke:<\/strong> Holzst\u00fccke, Baumrinde und Steine<\/p>\n<\/li>\n<li class=\"\" data-start=\"1475\" data-end=\"1592\">\n<p class=\"\" data-start=\"1477\" data-end=\"1592\"><strong data-start=\"1477\" data-end=\"1491\">F\u00fctterung:<\/strong> Trockene Bl\u00e4tter, frisches Gem\u00fcse und Kalziumerg\u00e4nzung (Sepiaschale oder zerkleinerte Eierschalen)<\/p>\n<\/li>\n<\/ul>\n<h3 class=\"\" data-start=\"1594\" data-end=\"1617\"><strong data-start=\"1598\" data-end=\"1615\">Fortpflanzung<\/strong><\/h3>\n<p class=\"\" data-start=\"1618\" data-end=\"1773\">Diese Art ist ovovivipar mit einer moderaten Fortpflanzungsrate. Die Weibchen tragen die Eier in einem Brutsack (Marsupium), bis die Jungtiere schl\u00fcpfen.<\/p>\n<h3 class=\"\" data-start=\"1775\" data-end=\"1824\"><strong data-start=\"1779\" data-end=\"1822\">Kompatibilit\u00e4t und Nutzung in Terrarien<\/strong><\/h3>\n<p class=\"\" data-start=\"1825\" data-end=\"2110\">Dank seiner Robustheit und seiner F\u00e4higkeit, organisches Material zu zersetzen, ist Trachelipus caucasius eine ausgezeichnete Wahl f\u00fcr bioaktive Terrarien. Er kann mit anderen Isopoden und Detritusfressern zusammengehalten werden, sofern ausreichend Platz und Nahrung vorhanden sind.<\/p>\n<h3 class=\"\" data-start=\"2112\" data-end=\"2136\"><strong data-start=\"2116\" data-end=\"2134\">Besonderheiten<\/strong><\/h3>\n<ul data-start=\"2137\" data-end=\"2355\">\n<li class=\"\" data-start=\"2137\" data-end=\"2203\">\n<p class=\"\" data-start=\"2139\" data-end=\"2203\">Seine F\u00e4rbung kann je nach Feuchtigkeit und Nahrung variieren.<\/p>\n<\/li>\n<li class=\"\" data-start=\"2204\" data-end=\"2269\">\n<p class=\"\" data-start=\"2206\" data-end=\"2269\">Er rollt sich weniger stark ein als andere \u00e4hnliche Isopoden.<\/p>\n<\/li>\n<li class=\"\" data-start=\"2270\" data-end=\"2355\">\n<p class=\"\" data-start=\"2272\" data-end=\"2355\">Er tr\u00e4gt wesentlich zur Bodenregeneration und zum Abbau von Pflanzenmaterial bei.<\/p>\n<\/li>\n<\/ul>\n<p class=\"\" data-start=\"2357\" data-end=\"2481\">Trachelipus caucasius ist eine faszinierende Art f\u00fcr Isopoden-Liebhaber und ein n\u00fctzlicher Bestandteil bioaktiver Systeme.<\/p>\n","protected":false},"excerpt":{"rendered":"<p>Entdecke <em data-start=\"325\" data-end=\"348\">Trachelipus caucasius<\/em>! \ud83d\udc1c Ein robuster Isopode, ideal f\u00fcr bioaktive Terrarien. Er zersetzt organisches Material, h\u00e4lt das Substrat sauber und ist pflegeleicht. Perfekt f\u00fcr Liebhaber von Wirbellosen! \ud83c\udf3f<\/p>\n","protected":false},"featured_media":41232,"template":"","meta":[],"product_brand":[],"product_cat":[528,530],"product_tag":[],"class_list":{"0":"post-41413","1":"product","2":"type-product","3":"status-publish","4":"has-post-thumbnail","6":"product_cat-arthropoden","7":"product_cat-isopoden","9":"first","10":"outofstock","11":"shipping-taxable","12":"purchasable","13":"product-type-variable"},"yoast_head":"<!-- This site is optimized with the Yoast SEO plugin v27.3 - https:\/\/yoast.com\/product\/yoast-seo-wordpress\/ -->\n<title>Trachelipus caucasius | Isopoden - ANTDERGROUND<\/title>\n<meta name=\"description\" content=\"Hol dir Trachelipus caucasius, den perfekten Isopoden f\u00fcr bioaktive Terrarien! \ud83c\udf3f Pflegeleicht, effizient im Recycling von Substraten und ideal f\u00fcr saubere B\u00f6den. \ud83d\udc1c\" \/>\n<meta name=\"robots\" content=\"index, follow, max-snippet:-1, max-image-preview:large, max-video-preview:-1\" \/>\n<link rel=\"canonical\" href=\"https:\/\/antderground.com\/de\/produkt\/trachelipus-caucasius\/\" \/>\n<meta property=\"og:locale\" content=\"de_DE\" \/>\n<meta property=\"og:type\" content=\"article\" \/>\n<meta property=\"og:title\" content=\"Trachelipus caucasius | Isopoden - ANTDERGROUND\" \/>\n<meta property=\"og:description\" content=\"Hol dir Trachelipus caucasius, den perfekten Isopoden f\u00fcr bioaktive Terrarien! \ud83c\udf3f Pflegeleicht, effizient im Recycling von Substraten und ideal f\u00fcr saubere B\u00f6den. \ud83d\udc1c\" \/>\n<meta property=\"og:url\" content=\"https:\/\/antderground.com\/de\/produkt\/trachelipus-caucasius\/\" \/>\n<meta property=\"og:site_name\" content=\"ANTDERGROUND\" \/>\n<meta property=\"og:image\" content=\"https:\/\/antderground.com\/wp-content\/uploads\/2025\/03\/Trachelipus-caucasius.jpeg\" \/>\n\t<meta property=\"og:image:width\" content=\"1600\" \/>\n\t<meta property=\"og:image:height\" content=\"1600\" \/>\n\t<meta property=\"og:image:type\" content=\"image\/jpeg\" \/>\n<meta name=\"twitter:card\" content=\"summary_large_image\" \/>\n<meta name=\"twitter:label1\" content=\"Gesch\u00e4tzte Lesezeit\" \/>\n\t<meta name=\"twitter:data1\" content=\"2\u00a0Minuten\" \/>\n<script type=\"application\/ld+json\" class=\"yoast-schema-graph\">{\"@context\":\"https:\\\/\\\/schema.org\",\"@graph\":[{\"@type\":\"WebPage\",\"@id\":\"https:\\\/\\\/antderground.com\\\/de\\\/produkt\\\/trachelipus-caucasius\\\/\",\"url\":\"https:\\\/\\\/antderground.com\\\/de\\\/produkt\\\/trachelipus-caucasius\\\/\",\"name\":\"Trachelipus caucasius | Isopoden - ANTDERGROUND\",\"isPartOf\":{\"@id\":\"https:\\\/\\\/antderground.com\\\/de\\\/#website\"},\"primaryImageOfPage\":{\"@id\":\"https:\\\/\\\/antderground.com\\\/de\\\/produkt\\\/trachelipus-caucasius\\\/#primaryimage\"},\"image\":{\"@id\":\"https:\\\/\\\/antderground.com\\\/de\\\/produkt\\\/trachelipus-caucasius\\\/#primaryimage\"},\"thumbnailUrl\":\"https:\\\/\\\/antderground.com\\\/wp-content\\\/uploads\\\/2025\\\/03\\\/Trachelipus-caucasius.jpeg\",\"datePublished\":\"2025-03-28T09:34:08+00:00\",\"description\":\"Hol dir Trachelipus caucasius, den perfekten Isopoden f\u00fcr bioaktive Terrarien! \ud83c\udf3f Pflegeleicht, effizient im Recycling von Substraten und ideal f\u00fcr saubere B\u00f6den. \ud83d\udc1c\",\"breadcrumb\":{\"@id\":\"https:\\\/\\\/antderground.com\\\/de\\\/produkt\\\/trachelipus-caucasius\\\/#breadcrumb\"},\"inLanguage\":\"de\",\"potentialAction\":[{\"@type\":\"ReadAction\",\"target\":[\"https:\\\/\\\/antderground.com\\\/de\\\/produkt\\\/trachelipus-caucasius\\\/\"]}]},{\"@type\":\"ImageObject\",\"inLanguage\":\"de\",\"@id\":\"https:\\\/\\\/antderground.com\\\/de\\\/produkt\\\/trachelipus-caucasius\\\/#primaryimage\",\"url\":\"https:\\\/\\\/antderground.com\\\/wp-content\\\/uploads\\\/2025\\\/03\\\/Trachelipus-caucasius.jpeg\",\"contentUrl\":\"https:\\\/\\\/antderground.com\\\/wp-content\\\/uploads\\\/2025\\\/03\\\/Trachelipus-caucasius.jpeg\",\"width\":1600,\"height\":1600,\"caption\":\"Trachelipus caucasius\"},{\"@type\":\"BreadcrumbList\",\"@id\":\"https:\\\/\\\/antderground.com\\\/de\\\/produkt\\\/trachelipus-caucasius\\\/#breadcrumb\",\"itemListElement\":[{\"@type\":\"ListItem\",\"position\":1,\"name\":\"Portada\",\"item\":\"https:\\\/\\\/antderground.com\\\/de\\\/\"},{\"@type\":\"ListItem\",\"position\":2,\"name\":\"Shop\",\"item\":\"https:\\\/\\\/antderground.com\\\/de\\\/shop\\\/\"},{\"@type\":\"ListItem\",\"position\":3,\"name\":\"Trachelipus caucasius\"}]},{\"@type\":\"WebSite\",\"@id\":\"https:\\\/\\\/antderground.com\\\/de\\\/#website\",\"url\":\"https:\\\/\\\/antderground.com\\\/de\\\/\",\"name\":\"ANTDERGROUND\",\"description\":\"Tu tienda de hormigas, gran variedad de hormigueros acr\u00edlicos,madera,arena,3D y mas.. Pide tus hormigas gratis con tu pedido, somos expertos en hormigueros antifugas.\",\"publisher\":{\"@id\":\"https:\\\/\\\/antderground.com\\\/de\\\/#\\\/schema\\\/person\\\/0e322c505e84fe72c65e2f6d08f96b81\"},\"alternateName\":\"Antderground\",\"potentialAction\":[{\"@type\":\"SearchAction\",\"target\":{\"@type\":\"EntryPoint\",\"urlTemplate\":\"https:\\\/\\\/antderground.com\\\/de\\\/?s={search_term_string}\"},\"query-input\":{\"@type\":\"PropertyValueSpecification\",\"valueRequired\":true,\"valueName\":\"search_term_string\"}}],\"inLanguage\":\"de\"},{\"@type\":[\"Person\",\"Organization\"],\"@id\":\"https:\\\/\\\/antderground.com\\\/de\\\/#\\\/schema\\\/person\\\/0e322c505e84fe72c65e2f6d08f96b81\",\"name\":\"Eric de Antderground\",\"image\":{\"@type\":\"ImageObject\",\"inLanguage\":\"de\",\"@id\":\"https:\\\/\\\/secure.gravatar.com\\\/avatar\\\/c49a1b9f79216d1498cb73c1e85cd47f4465dda35f2a94c03790d491bd4423c3?s=96&d=mm&r=g\",\"url\":\"https:\\\/\\\/secure.gravatar.com\\\/avatar\\\/c49a1b9f79216d1498cb73c1e85cd47f4465dda35f2a94c03790d491bd4423c3?s=96&d=mm&r=g\",\"contentUrl\":\"https:\\\/\\\/secure.gravatar.com\\\/avatar\\\/c49a1b9f79216d1498cb73c1e85cd47f4465dda35f2a94c03790d491bd4423c3?s=96&d=mm&r=g\",\"caption\":\"Eric de Antderground\"},\"logo\":{\"@id\":\"https:\\\/\\\/secure.gravatar.com\\\/avatar\\\/c49a1b9f79216d1498cb73c1e85cd47f4465dda35f2a94c03790d491bd4423c3?s=96&d=mm&r=g\"},\"description\":\"Eric es el especialista y fundador de Antderground, con una amplia trayectoria en artr\u00f3podos y enfocado en la mirmecolog\u00eda y el dise\u00f1o de hormigueros artificiales. Su enfoque combina la innovaci\u00f3n t\u00e9cnica con el respeto por la biolog\u00eda de las hormigas, is\u00f3podos y otros, desarrollando sistemas de nidos modulares 3D y acr\u00edlicos que son referentes para aficionados y profesionales en toda Europa. Su objetivo es facilitar la cr\u00eda de hormigas y otros artr\u00f3podos mediante soluciones seguras y divulgaci\u00f3n de calidad.\",\"sameAs\":[\"https:\\\/\\\/antderground.com\\\/\",\"https:\\\/\\\/www.youtube.com\\\/channel\\\/UCio72z7TlbufkAthAJIJfPw\"]}]}<\/script>\n<!-- \/ Yoast SEO plugin. -->","yoast_head_json":{"title":"Trachelipus caucasius | Isopoden - ANTDERGROUND","description":"Hol dir Trachelipus caucasius, den perfekten Isopoden f\u00fcr bioaktive Terrarien! \ud83c\udf3f Pflegeleicht, effizient im Recycling von Substraten und ideal f\u00fcr saubere B\u00f6den. \ud83d\udc1c","robots":{"index":"index","follow":"follow","max-snippet":"max-snippet:-1","max-image-preview":"max-image-preview:large","max-video-preview":"max-video-preview:-1"},"canonical":"https:\/\/antderground.com\/de\/produkt\/trachelipus-caucasius\/","og_locale":"de_DE","og_type":"article","og_title":"Trachelipus caucasius | Isopoden - ANTDERGROUND","og_description":"Hol dir Trachelipus caucasius, den perfekten Isopoden f\u00fcr bioaktive Terrarien! \ud83c\udf3f Pflegeleicht, effizient im Recycling von Substraten und ideal f\u00fcr saubere B\u00f6den. \ud83d\udc1c","og_url":"https:\/\/antderground.com\/de\/produkt\/trachelipus-caucasius\/","og_site_name":"ANTDERGROUND","og_image":[{"width":1600,"height":1600,"url":"https:\/\/antderground.com\/wp-content\/uploads\/2025\/03\/Trachelipus-caucasius.jpeg","type":"image\/jpeg"}],"twitter_card":"summary_large_image","twitter_misc":{"Gesch\u00e4tzte Lesezeit":"2\u00a0Minuten"},"schema":{"@context":"https:\/\/schema.org","@graph":[{"@type":"WebPage","@id":"https:\/\/antderground.com\/de\/produkt\/trachelipus-caucasius\/","url":"https:\/\/antderground.com\/de\/produkt\/trachelipus-caucasius\/","name":"Trachelipus caucasius | Isopoden - ANTDERGROUND","isPartOf":{"@id":"https:\/\/antderground.com\/de\/#website"},"primaryImageOfPage":{"@id":"https:\/\/antderground.com\/de\/produkt\/trachelipus-caucasius\/#primaryimage"},"image":{"@id":"https:\/\/antderground.com\/de\/produkt\/trachelipus-caucasius\/#primaryimage"},"thumbnailUrl":"https:\/\/antderground.com\/wp-content\/uploads\/2025\/03\/Trachelipus-caucasius.jpeg","datePublished":"2025-03-28T09:34:08+00:00","description":"Hol dir Trachelipus caucasius, den perfekten Isopoden f\u00fcr bioaktive Terrarien! \ud83c\udf3f Pflegeleicht, effizient im Recycling von Substraten und ideal f\u00fcr saubere B\u00f6den. \ud83d\udc1c","breadcrumb":{"@id":"https:\/\/antderground.com\/de\/produkt\/trachelipus-caucasius\/#breadcrumb"},"inLanguage":"de","potentialAction":[{"@type":"ReadAction","target":["https:\/\/antderground.com\/de\/produkt\/trachelipus-caucasius\/"]}]},{"@type":"ImageObject","inLanguage":"de","@id":"https:\/\/antderground.com\/de\/produkt\/trachelipus-caucasius\/#primaryimage","url":"https:\/\/antderground.com\/wp-content\/uploads\/2025\/03\/Trachelipus-caucasius.jpeg","contentUrl":"https:\/\/antderground.com\/wp-content\/uploads\/2025\/03\/Trachelipus-caucasius.jpeg","width":1600,"height":1600,"caption":"Trachelipus caucasius"},{"@type":"BreadcrumbList","@id":"https:\/\/antderground.com\/de\/produkt\/trachelipus-caucasius\/#breadcrumb","itemListElement":[{"@type":"ListItem","position":1,"name":"Portada","item":"https:\/\/antderground.com\/de\/"},{"@type":"ListItem","position":2,"name":"Shop","item":"https:\/\/antderground.com\/de\/shop\/"},{"@type":"ListItem","position":3,"name":"Trachelipus caucasius"}]},{"@type":"WebSite","@id":"https:\/\/antderground.com\/de\/#website","url":"https:\/\/antderground.com\/de\/","name":"ANTDERGROUND","description":"Tu tienda de hormigas, gran variedad de hormigueros acr\u00edlicos,madera,arena,3D y mas.. Pide tus hormigas gratis con tu pedido, somos expertos en hormigueros antifugas.","publisher":{"@id":"https:\/\/antderground.com\/de\/#\/schema\/person\/0e322c505e84fe72c65e2f6d08f96b81"},"alternateName":"Antderground","potentialAction":[{"@type":"SearchAction","target":{"@type":"EntryPoint","urlTemplate":"https:\/\/antderground.com\/de\/?s={search_term_string}"},"query-input":{"@type":"PropertyValueSpecification","valueRequired":true,"valueName":"search_term_string"}}],"inLanguage":"de"},{"@type":["Person","Organization"],"@id":"https:\/\/antderground.com\/de\/#\/schema\/person\/0e322c505e84fe72c65e2f6d08f96b81","name":"Eric de Antderground","image":{"@type":"ImageObject","inLanguage":"de","@id":"https:\/\/secure.gravatar.com\/avatar\/c49a1b9f79216d1498cb73c1e85cd47f4465dda35f2a94c03790d491bd4423c3?s=96&d=mm&r=g","url":"https:\/\/secure.gravatar.com\/avatar\/c49a1b9f79216d1498cb73c1e85cd47f4465dda35f2a94c03790d491bd4423c3?s=96&d=mm&r=g","contentUrl":"https:\/\/secure.gravatar.com\/avatar\/c49a1b9f79216d1498cb73c1e85cd47f4465dda35f2a94c03790d491bd4423c3?s=96&d=mm&r=g","caption":"Eric de Antderground"},"logo":{"@id":"https:\/\/secure.gravatar.com\/avatar\/c49a1b9f79216d1498cb73c1e85cd47f4465dda35f2a94c03790d491bd4423c3?s=96&d=mm&r=g"},"description":"Eric es el especialista y fundador de Antderground, con una amplia trayectoria en artr\u00f3podos y enfocado en la mirmecolog\u00eda y el dise\u00f1o de hormigueros artificiales. Su enfoque combina la innovaci\u00f3n t\u00e9cnica con el respeto por la biolog\u00eda de las hormigas, is\u00f3podos y otros, desarrollando sistemas de nidos modulares 3D y acr\u00edlicos que son referentes para aficionados y profesionales en toda Europa. Su objetivo es facilitar la cr\u00eda de hormigas y otros artr\u00f3podos mediante soluciones seguras y divulgaci\u00f3n de calidad.","sameAs":["https:\/\/antderground.com\/","https:\/\/www.youtube.com\/channel\/UCio72z7TlbufkAthAJIJfPw"]}]}},"_links":{"self":[{"href":"https:\/\/antderground.com\/de\/wp-json\/wp\/v2\/product\/41413","targetHints":{"allow":["GET"]}}],"collection":[{"href":"https:\/\/antderground.com\/de\/wp-json\/wp\/v2\/product"}],"about":[{"href":"https:\/\/antderground.com\/de\/wp-json\/wp\/v2\/types\/product"}],"version-history":[{"count":0,"href":"https:\/\/antderground.com\/de\/wp-json\/wp\/v2\/product\/41413\/revisions"}],"wp:featuredmedia":[{"embeddable":true,"href":"https:\/\/antderground.com\/de\/wp-json\/wp\/v2\/media\/41232"}],"wp:attachment":[{"href":"https:\/\/antderground.com\/de\/wp-json\/wp\/v2\/media?parent=41413"}],"wp:term":[{"taxonomy":"product_brand","embeddable":true,"href":"https:\/\/antderground.com\/de\/wp-json\/wp\/v2\/product_brand?post=41413"},{"taxonomy":"product_cat","embeddable":true,"href":"https:\/\/antderground.com\/de\/wp-json\/wp\/v2\/product_cat?post=41413"},{"taxonomy":"product_tag","embeddable":true,"href":"https:\/\/antderground.com\/de\/wp-json\/wp\/v2\/product_tag?post=41413"}],"curies":[{"name":"wp","href":"https:\/\/api.w.org\/{rel}","templated":true}]}}