{"id":41670,"date":"2025-04-07T16:40:55","date_gmt":"2025-04-07T14:40:55","guid":{"rendered":"https:\/\/www.antderground.com\/producto\/matucana-madisoniorum\/"},"modified":"2025-07-26T15:59:40","modified_gmt":"2025-07-26T13:59:40","slug":"matucana-madisoniorum","status":"publish","type":"product","link":"https:\/\/antderground.com\/de\/produkt\/matucana-madisoniorum\/","title":{"rendered":"Matucana madisoniorum"},"content":{"rendered":"<h3 class=\"\" data-start=\"2046\" data-end=\"2101\">\ud83c\udf35 Technisches Datenblatt \u2013 <em data-start=\"2078\" data-end=\"2101\">Matucana madisoniorum<\/em><\/h3>\n<p class=\"\" data-start=\"2103\" data-end=\"2243\"><strong data-start=\"2103\" data-end=\"2119\">Trivialname:<\/strong> Matucana<br data-start=\"2128\" data-end=\"2131\" \/><strong data-start=\"2131\" data-end=\"2159\">Wissenschaftlicher Name:<\/strong> <em data-start=\"2160\" data-end=\"2183\">Matucana madisoniorum<\/em><br data-start=\"2183\" data-end=\"2186\" \/><strong data-start=\"2186\" data-end=\"2198\">Familie:<\/strong> Cactaceae<br data-start=\"2208\" data-end=\"2211\" \/><strong data-start=\"2211\" data-end=\"2224\">Herkunft:<\/strong> Peru (Andenregion)<\/p>\n<h3 class=\"\" data-start=\"2250\" data-end=\"2271\">\ud83e\udeb4 Beschreibung<\/h3>\n<p class=\"\" data-start=\"2272\" data-end=\"2518\">Kugelf\u00f6rmiger bis leicht zylindrischer Kaktus mit markanten Rippen und kurzen Stacheln (manchmal auch stachellos). Die Farbe reicht von Hellgr\u00fcn bis Grau. Besonders auff\u00e4llig sind die langen, roten bis orangefarbenen Bl\u00fcten mit bis zu 8\u202fcm L\u00e4nge.<\/p>\n<h3 class=\"\" data-start=\"2525\" data-end=\"2546\">\ud83c\udf1e Pflegehinweise<\/h3>\n<ul data-start=\"2548\" data-end=\"2947\">\n<li class=\"\" data-start=\"2548\" data-end=\"2601\">\n<p class=\"\" data-start=\"2550\" data-end=\"2601\"><strong data-start=\"2550\" data-end=\"2560\">Licht:<\/strong> Liebt viel Licht, gerne direkte Sonne.<\/p>\n<\/li>\n<li class=\"\" data-start=\"2602\" data-end=\"2709\">\n<p class=\"\" data-start=\"2604\" data-end=\"2709\"><strong data-start=\"2604\" data-end=\"2615\">Gie\u00dfen:<\/strong> M\u00e4\u00dfig. Erde zwischen den Wassergaben vollst\u00e4ndig austrocknen lassen. Im Winter kaum gie\u00dfen.<\/p>\n<\/li>\n<li class=\"\" data-start=\"2710\" data-end=\"2794\">\n<p class=\"\" data-start=\"2712\" data-end=\"2794\"><strong data-start=\"2712\" data-end=\"2727\">Temperatur:<\/strong> Bevorzugt warme Temperaturen, vertr\u00e4gt bis zu 5\u202f\u00b0C im Trockenen.<\/p>\n<\/li>\n<li class=\"\" data-start=\"2795\" data-end=\"2874\">\n<p class=\"\" data-start=\"2797\" data-end=\"2874\"><strong data-start=\"2797\" data-end=\"2810\">Substrat:<\/strong> Gut durchl\u00e4ssig mit mineralischer Basis (Sand, Perlit, Kies).<\/p>\n<\/li>\n<li class=\"\" data-start=\"2875\" data-end=\"2947\">\n<p class=\"\" data-start=\"2877\" data-end=\"2947\"><strong data-start=\"2877\" data-end=\"2889\">D\u00fcngung:<\/strong> Einmal im Monat im Fr\u00fchling und Sommer mit Kakteend\u00fcnger.<\/p>\n<\/li>\n<\/ul>\n<h3 class=\"\" data-start=\"2954\" data-end=\"2977\">\ud83d\udccf Ungef\u00e4hre Ma\u00dfe<\/h3>\n<ul data-start=\"2978\" data-end=\"3031\">\n<li class=\"\" data-start=\"2978\" data-end=\"3002\">\n<p class=\"\" data-start=\"2980\" data-end=\"3002\"><strong data-start=\"2980\" data-end=\"2992\">Endh\u00f6he:<\/strong> 5\u201315 cm<\/p>\n<\/li>\n<li class=\"\" data-start=\"3003\" data-end=\"3031\">\n<p class=\"\" data-start=\"3005\" data-end=\"3031\"><strong data-start=\"3005\" data-end=\"3021\">Durchmesser:<\/strong> 5\u201310 cm<\/p>\n<\/li>\n<\/ul>\n<h3 class=\"\" data-start=\"3038\" data-end=\"3052\">\ud83c\udf38 Bl\u00fcte<\/h3>\n<ul data-start=\"3053\" data-end=\"3208\">\n<li class=\"\" data-start=\"3053\" data-end=\"3091\">\n<p class=\"\" data-start=\"3055\" data-end=\"3091\"><strong data-start=\"3055\" data-end=\"3069\">Bl\u00fctezeit:<\/strong> Fr\u00fchling und Sommer<\/p>\n<\/li>\n<li class=\"\" data-start=\"3092\" data-end=\"3124\">\n<p class=\"\" data-start=\"3094\" data-end=\"3124\"><strong data-start=\"3094\" data-end=\"3110\">Bl\u00fctenfarbe:<\/strong> Rot, Orange<\/p>\n<\/li>\n<li class=\"\" data-start=\"3125\" data-end=\"3208\">\n<p class=\"\" data-start=\"3127\" data-end=\"3208\"><strong data-start=\"3127\" data-end=\"3142\">Best\u00e4ubung:<\/strong> Kann in freier Natur Best\u00e4uber wie Bienen oder Kolibris anziehen.<\/p>\n<\/li>\n<\/ul>\n<h3 class=\"\" data-start=\"3215\" data-end=\"3232\">\u26a0\ufe0f Hinweise<\/h3>\n<ul data-start=\"3233\" data-end=\"3350\">\n<li class=\"\" data-start=\"3233\" data-end=\"3308\">\n<p class=\"\" data-start=\"3235\" data-end=\"3308\">Sehr pflegeleicht und beliebt bei Sammlern dank der auff\u00e4lligen Bl\u00fcten.<\/p>\n<\/li>\n<li class=\"\" data-start=\"3309\" data-end=\"3350\">\n<p class=\"\" data-start=\"3311\" data-end=\"3350\">Vorsicht bei N\u00e4sse \u2013 Wurzelf\u00e4ulegefahr!<\/p>\n<\/li>\n<\/ul>\n","protected":false},"excerpt":{"rendered":"<p>Kleiner Kaktus aus Peru mit feurig roten Bl\u00fcten \ud83c\udf3a. Super pflegeleicht, liebt die Sonne und hasst Staun\u00e4sse. Ideal, um deiner Pflanzensammlung einen exotischen Touch zu verleihen!<\/p>\n<p><strong>Merkmale:<\/strong><\/p>\n<ul>\n<li>Topf: 5,5 cm.<\/li>\n<li>Drinnen und drau\u00dfen<\/li>\n<\/ul>\n","protected":false},"featured_media":41657,"template":"","meta":[],"product_brand":[],"product_cat":[638],"product_tag":[],"class_list":{"0":"post-41670","1":"product","2":"type-product","3":"status-publish","4":"has-post-thumbnail","6":"product_cat-naturliche-pflanzen","8":"first","9":"instock","10":"shipping-taxable","11":"purchasable","12":"product-type-simple"},"yoast_head":"<!-- This site is optimized with the Yoast SEO plugin v27.4 - https:\/\/yoast.com\/product\/yoast-seo-wordpress\/ -->\n<title>Matucana madisoniorum | Pflanzen f\u00fcr das Zuhause - ANTDERGROUND<\/title>\n<meta name=\"description\" content=\"Matucana madisoniorum, andenkaktus mit roten Bl\u00fcten \ud83c\udf3a. Pflegeleicht und perfekt f\u00fcr einen exotischen Akzent in deinem Zuhause!\" \/>\n<meta name=\"robots\" content=\"index, follow, max-snippet:-1, max-image-preview:large, max-video-preview:-1\" \/>\n<link rel=\"canonical\" href=\"https:\/\/antderground.com\/de\/produkt\/matucana-madisoniorum\/\" \/>\n<meta property=\"og:locale\" content=\"de_DE\" \/>\n<meta property=\"og:type\" content=\"article\" \/>\n<meta property=\"og:title\" content=\"Matucana madisoniorum | Pflanzen f\u00fcr das Zuhause - ANTDERGROUND\" \/>\n<meta property=\"og:description\" content=\"Matucana madisoniorum, andenkaktus mit roten Bl\u00fcten \ud83c\udf3a. Pflegeleicht und perfekt f\u00fcr einen exotischen Akzent in deinem Zuhause!\" \/>\n<meta property=\"og:url\" content=\"https:\/\/antderground.com\/de\/produkt\/matucana-madisoniorum\/\" \/>\n<meta property=\"og:site_name\" content=\"ANTDERGROUND\" \/>\n<meta property=\"article:modified_time\" content=\"2025-07-26T13:59:40+00:00\" \/>\n<meta property=\"og:image\" content=\"https:\/\/antderground.com\/wp-content\/uploads\/2025\/04\/matucana-madisoniorum.jpeg\" \/>\n\t<meta property=\"og:image:width\" content=\"1600\" \/>\n\t<meta property=\"og:image:height\" content=\"1600\" \/>\n\t<meta property=\"og:image:type\" content=\"image\/jpeg\" \/>\n<meta name=\"twitter:card\" content=\"summary_large_image\" \/>\n<meta name=\"twitter:label1\" content=\"Gesch\u00e4tzte Lesezeit\" \/>\n\t<meta name=\"twitter:data1\" content=\"1\u00a0Minute\" \/>\n<script type=\"application\/ld+json\" class=\"yoast-schema-graph\">{\"@context\":\"https:\\\/\\\/schema.org\",\"@graph\":[{\"@type\":\"WebPage\",\"@id\":\"https:\\\/\\\/antderground.com\\\/de\\\/produkt\\\/matucana-madisoniorum\\\/\",\"url\":\"https:\\\/\\\/antderground.com\\\/de\\\/produkt\\\/matucana-madisoniorum\\\/\",\"name\":\"Matucana madisoniorum | Pflanzen f\u00fcr das Zuhause - ANTDERGROUND\",\"isPartOf\":{\"@id\":\"https:\\\/\\\/antderground.com\\\/de\\\/#website\"},\"primaryImageOfPage\":{\"@id\":\"https:\\\/\\\/antderground.com\\\/de\\\/produkt\\\/matucana-madisoniorum\\\/#primaryimage\"},\"image\":{\"@id\":\"https:\\\/\\\/antderground.com\\\/de\\\/produkt\\\/matucana-madisoniorum\\\/#primaryimage\"},\"thumbnailUrl\":\"https:\\\/\\\/antderground.com\\\/wp-content\\\/uploads\\\/2025\\\/04\\\/matucana-madisoniorum.jpeg\",\"datePublished\":\"2025-04-07T14:40:55+00:00\",\"dateModified\":\"2025-07-26T13:59:40+00:00\",\"description\":\"Matucana madisoniorum, andenkaktus mit roten Bl\u00fcten \ud83c\udf3a. Pflegeleicht und perfekt f\u00fcr einen exotischen Akzent in deinem Zuhause!\",\"breadcrumb\":{\"@id\":\"https:\\\/\\\/antderground.com\\\/de\\\/produkt\\\/matucana-madisoniorum\\\/#breadcrumb\"},\"inLanguage\":\"de\",\"potentialAction\":[{\"@type\":\"ReadAction\",\"target\":[\"https:\\\/\\\/antderground.com\\\/de\\\/produkt\\\/matucana-madisoniorum\\\/\"]}]},{\"@type\":\"ImageObject\",\"inLanguage\":\"de\",\"@id\":\"https:\\\/\\\/antderground.com\\\/de\\\/produkt\\\/matucana-madisoniorum\\\/#primaryimage\",\"url\":\"https:\\\/\\\/antderground.com\\\/wp-content\\\/uploads\\\/2025\\\/04\\\/matucana-madisoniorum.jpeg\",\"contentUrl\":\"https:\\\/\\\/antderground.com\\\/wp-content\\\/uploads\\\/2025\\\/04\\\/matucana-madisoniorum.jpeg\",\"width\":1600,\"height\":1600,\"caption\":\"matucana madisoniorum\"},{\"@type\":\"BreadcrumbList\",\"@id\":\"https:\\\/\\\/antderground.com\\\/de\\\/produkt\\\/matucana-madisoniorum\\\/#breadcrumb\",\"itemListElement\":[{\"@type\":\"ListItem\",\"position\":1,\"name\":\"Portada\",\"item\":\"https:\\\/\\\/antderground.com\\\/de\\\/\"},{\"@type\":\"ListItem\",\"position\":2,\"name\":\"Shop\",\"item\":\"https:\\\/\\\/antderground.com\\\/de\\\/shop\\\/\"},{\"@type\":\"ListItem\",\"position\":3,\"name\":\"Matucana madisoniorum\"}]},{\"@type\":\"WebSite\",\"@id\":\"https:\\\/\\\/antderground.com\\\/de\\\/#website\",\"url\":\"https:\\\/\\\/antderground.com\\\/de\\\/\",\"name\":\"ANTDERGROUND\",\"description\":\"Tu tienda de hormigas, gran variedad de hormigueros acr\u00edlicos,madera,arena,3D y mas.. Pide tus hormigas gratis con tu pedido, somos expertos en hormigueros antifugas.\",\"publisher\":{\"@id\":\"https:\\\/\\\/antderground.com\\\/de\\\/#\\\/schema\\\/person\\\/0e322c505e84fe72c65e2f6d08f96b81\"},\"alternateName\":\"Antderground\",\"potentialAction\":[{\"@type\":\"SearchAction\",\"target\":{\"@type\":\"EntryPoint\",\"urlTemplate\":\"https:\\\/\\\/antderground.com\\\/de\\\/?s={search_term_string}\"},\"query-input\":{\"@type\":\"PropertyValueSpecification\",\"valueRequired\":true,\"valueName\":\"search_term_string\"}}],\"inLanguage\":\"de\"},{\"@type\":[\"Person\",\"Organization\"],\"@id\":\"https:\\\/\\\/antderground.com\\\/de\\\/#\\\/schema\\\/person\\\/0e322c505e84fe72c65e2f6d08f96b81\",\"name\":\"Eric de Antderground\",\"image\":{\"@type\":\"ImageObject\",\"inLanguage\":\"de\",\"@id\":\"https:\\\/\\\/secure.gravatar.com\\\/avatar\\\/c49a1b9f79216d1498cb73c1e85cd47f4465dda35f2a94c03790d491bd4423c3?s=96&d=mm&r=g\",\"url\":\"https:\\\/\\\/secure.gravatar.com\\\/avatar\\\/c49a1b9f79216d1498cb73c1e85cd47f4465dda35f2a94c03790d491bd4423c3?s=96&d=mm&r=g\",\"contentUrl\":\"https:\\\/\\\/secure.gravatar.com\\\/avatar\\\/c49a1b9f79216d1498cb73c1e85cd47f4465dda35f2a94c03790d491bd4423c3?s=96&d=mm&r=g\",\"caption\":\"Eric de Antderground\"},\"logo\":{\"@id\":\"https:\\\/\\\/secure.gravatar.com\\\/avatar\\\/c49a1b9f79216d1498cb73c1e85cd47f4465dda35f2a94c03790d491bd4423c3?s=96&d=mm&r=g\"},\"description\":\"Eric es el especialista y fundador de Antderground, con una amplia trayectoria en artr\u00f3podos y enfocado en la mirmecolog\u00eda y el dise\u00f1o de hormigueros artificiales. Su enfoque combina la innovaci\u00f3n t\u00e9cnica con el respeto por la biolog\u00eda de las hormigas, is\u00f3podos y otros, desarrollando sistemas de nidos modulares 3D y acr\u00edlicos que son referentes para aficionados y profesionales en toda Europa. Su objetivo es facilitar la cr\u00eda de hormigas y otros artr\u00f3podos mediante soluciones seguras y divulgaci\u00f3n de calidad.\",\"sameAs\":[\"https:\\\/\\\/antderground.com\\\/\",\"https:\\\/\\\/www.youtube.com\\\/channel\\\/UCio72z7TlbufkAthAJIJfPw\"]}]}<\/script>\n<!-- \/ Yoast SEO plugin. -->","yoast_head_json":{"title":"Matucana madisoniorum | Pflanzen f\u00fcr das Zuhause - ANTDERGROUND","description":"Matucana madisoniorum, andenkaktus mit roten Bl\u00fcten \ud83c\udf3a. Pflegeleicht und perfekt f\u00fcr einen exotischen Akzent in deinem Zuhause!","robots":{"index":"index","follow":"follow","max-snippet":"max-snippet:-1","max-image-preview":"max-image-preview:large","max-video-preview":"max-video-preview:-1"},"canonical":"https:\/\/antderground.com\/de\/produkt\/matucana-madisoniorum\/","og_locale":"de_DE","og_type":"article","og_title":"Matucana madisoniorum | Pflanzen f\u00fcr das Zuhause - ANTDERGROUND","og_description":"Matucana madisoniorum, andenkaktus mit roten Bl\u00fcten \ud83c\udf3a. Pflegeleicht und perfekt f\u00fcr einen exotischen Akzent in deinem Zuhause!","og_url":"https:\/\/antderground.com\/de\/produkt\/matucana-madisoniorum\/","og_site_name":"ANTDERGROUND","article_modified_time":"2025-07-26T13:59:40+00:00","og_image":[{"width":1600,"height":1600,"url":"https:\/\/antderground.com\/wp-content\/uploads\/2025\/04\/matucana-madisoniorum.jpeg","type":"image\/jpeg"}],"twitter_card":"summary_large_image","twitter_misc":{"Gesch\u00e4tzte Lesezeit":"1\u00a0Minute"},"schema":{"@context":"https:\/\/schema.org","@graph":[{"@type":"WebPage","@id":"https:\/\/antderground.com\/de\/produkt\/matucana-madisoniorum\/","url":"https:\/\/antderground.com\/de\/produkt\/matucana-madisoniorum\/","name":"Matucana madisoniorum | Pflanzen f\u00fcr das Zuhause - ANTDERGROUND","isPartOf":{"@id":"https:\/\/antderground.com\/de\/#website"},"primaryImageOfPage":{"@id":"https:\/\/antderground.com\/de\/produkt\/matucana-madisoniorum\/#primaryimage"},"image":{"@id":"https:\/\/antderground.com\/de\/produkt\/matucana-madisoniorum\/#primaryimage"},"thumbnailUrl":"https:\/\/antderground.com\/wp-content\/uploads\/2025\/04\/matucana-madisoniorum.jpeg","datePublished":"2025-04-07T14:40:55+00:00","dateModified":"2025-07-26T13:59:40+00:00","description":"Matucana madisoniorum, andenkaktus mit roten Bl\u00fcten \ud83c\udf3a. Pflegeleicht und perfekt f\u00fcr einen exotischen Akzent in deinem Zuhause!","breadcrumb":{"@id":"https:\/\/antderground.com\/de\/produkt\/matucana-madisoniorum\/#breadcrumb"},"inLanguage":"de","potentialAction":[{"@type":"ReadAction","target":["https:\/\/antderground.com\/de\/produkt\/matucana-madisoniorum\/"]}]},{"@type":"ImageObject","inLanguage":"de","@id":"https:\/\/antderground.com\/de\/produkt\/matucana-madisoniorum\/#primaryimage","url":"https:\/\/antderground.com\/wp-content\/uploads\/2025\/04\/matucana-madisoniorum.jpeg","contentUrl":"https:\/\/antderground.com\/wp-content\/uploads\/2025\/04\/matucana-madisoniorum.jpeg","width":1600,"height":1600,"caption":"matucana madisoniorum"},{"@type":"BreadcrumbList","@id":"https:\/\/antderground.com\/de\/produkt\/matucana-madisoniorum\/#breadcrumb","itemListElement":[{"@type":"ListItem","position":1,"name":"Portada","item":"https:\/\/antderground.com\/de\/"},{"@type":"ListItem","position":2,"name":"Shop","item":"https:\/\/antderground.com\/de\/shop\/"},{"@type":"ListItem","position":3,"name":"Matucana madisoniorum"}]},{"@type":"WebSite","@id":"https:\/\/antderground.com\/de\/#website","url":"https:\/\/antderground.com\/de\/","name":"ANTDERGROUND","description":"Tu tienda de hormigas, gran variedad de hormigueros acr\u00edlicos,madera,arena,3D y mas.. Pide tus hormigas gratis con tu pedido, somos expertos en hormigueros antifugas.","publisher":{"@id":"https:\/\/antderground.com\/de\/#\/schema\/person\/0e322c505e84fe72c65e2f6d08f96b81"},"alternateName":"Antderground","potentialAction":[{"@type":"SearchAction","target":{"@type":"EntryPoint","urlTemplate":"https:\/\/antderground.com\/de\/?s={search_term_string}"},"query-input":{"@type":"PropertyValueSpecification","valueRequired":true,"valueName":"search_term_string"}}],"inLanguage":"de"},{"@type":["Person","Organization"],"@id":"https:\/\/antderground.com\/de\/#\/schema\/person\/0e322c505e84fe72c65e2f6d08f96b81","name":"Eric de Antderground","image":{"@type":"ImageObject","inLanguage":"de","@id":"https:\/\/secure.gravatar.com\/avatar\/c49a1b9f79216d1498cb73c1e85cd47f4465dda35f2a94c03790d491bd4423c3?s=96&d=mm&r=g","url":"https:\/\/secure.gravatar.com\/avatar\/c49a1b9f79216d1498cb73c1e85cd47f4465dda35f2a94c03790d491bd4423c3?s=96&d=mm&r=g","contentUrl":"https:\/\/secure.gravatar.com\/avatar\/c49a1b9f79216d1498cb73c1e85cd47f4465dda35f2a94c03790d491bd4423c3?s=96&d=mm&r=g","caption":"Eric de Antderground"},"logo":{"@id":"https:\/\/secure.gravatar.com\/avatar\/c49a1b9f79216d1498cb73c1e85cd47f4465dda35f2a94c03790d491bd4423c3?s=96&d=mm&r=g"},"description":"Eric es el especialista y fundador de Antderground, con una amplia trayectoria en artr\u00f3podos y enfocado en la mirmecolog\u00eda y el dise\u00f1o de hormigueros artificiales. Su enfoque combina la innovaci\u00f3n t\u00e9cnica con el respeto por la biolog\u00eda de las hormigas, is\u00f3podos y otros, desarrollando sistemas de nidos modulares 3D y acr\u00edlicos que son referentes para aficionados y profesionales en toda Europa. Su objetivo es facilitar la cr\u00eda de hormigas y otros artr\u00f3podos mediante soluciones seguras y divulgaci\u00f3n de calidad.","sameAs":["https:\/\/antderground.com\/","https:\/\/www.youtube.com\/channel\/UCio72z7TlbufkAthAJIJfPw"]}]}},"_links":{"self":[{"href":"https:\/\/antderground.com\/de\/wp-json\/wp\/v2\/product\/41670","targetHints":{"allow":["GET"]}}],"collection":[{"href":"https:\/\/antderground.com\/de\/wp-json\/wp\/v2\/product"}],"about":[{"href":"https:\/\/antderground.com\/de\/wp-json\/wp\/v2\/types\/product"}],"version-history":[{"count":0,"href":"https:\/\/antderground.com\/de\/wp-json\/wp\/v2\/product\/41670\/revisions"}],"wp:featuredmedia":[{"embeddable":true,"href":"https:\/\/antderground.com\/de\/wp-json\/wp\/v2\/media\/41657"}],"wp:attachment":[{"href":"https:\/\/antderground.com\/de\/wp-json\/wp\/v2\/media?parent=41670"}],"wp:term":[{"taxonomy":"product_brand","embeddable":true,"href":"https:\/\/antderground.com\/de\/wp-json\/wp\/v2\/product_brand?post=41670"},{"taxonomy":"product_cat","embeddable":true,"href":"https:\/\/antderground.com\/de\/wp-json\/wp\/v2\/product_cat?post=41670"},{"taxonomy":"product_tag","embeddable":true,"href":"https:\/\/antderground.com\/de\/wp-json\/wp\/v2\/product_tag?post=41670"}],"curies":[{"name":"wp","href":"https:\/\/api.w.org\/{rel}","templated":true}]}}