{"id":41679,"date":"2025-04-07T13:25:55","date_gmt":"2025-04-07T11:25:55","guid":{"rendered":"https:\/\/www.antderground.com\/producto\/echeveria-setosa\/"},"modified":"2025-06-24T13:39:32","modified_gmt":"2025-06-24T11:39:32","slug":"echeveria-setosa","status":"publish","type":"product","link":"https:\/\/antderground.com\/de\/produkt\/echeveria-setosa\/","title":{"rendered":"Echeveria setosa"},"content":{"rendered":"<h3 class=\"\" data-start=\"2023\" data-end=\"2060\"><strong data-start=\"2027\" data-end=\"2060\">Steckbrief \u2013 Echeveria setosa<\/strong><\/h3>\n<p class=\"\" data-start=\"2062\" data-end=\"2173\"><strong data-start=\"2062\" data-end=\"2077\">Trivialname<\/strong>: Echeveria setosa<br data-start=\"2095\" data-end=\"2098\" \/><strong data-start=\"2098\" data-end=\"2125\">Wissenschaftlicher Name<\/strong>: <em data-start=\"2127\" data-end=\"2145\">Echeveria setosa<\/em><br data-start=\"2145\" data-end=\"2148\" \/><strong data-start=\"2148\" data-end=\"2159\">Familie<\/strong>: Crassulaceae<\/p>\n<h4 class=\"\" data-start=\"2175\" data-end=\"2197\"><strong data-start=\"2180\" data-end=\"2197\">Eigenschaften<\/strong><\/h4>\n<ul data-start=\"2198\" data-end=\"2500\">\n<li class=\"\" data-start=\"2198\" data-end=\"2241\">\n<p class=\"\" data-start=\"2200\" data-end=\"2241\"><strong data-start=\"2200\" data-end=\"2215\">Pflanzenart<\/strong>: Mehrj\u00e4hrige Sukkulente<\/p>\n<\/li>\n<li class=\"\" data-start=\"2242\" data-end=\"2277\">\n<p class=\"\" data-start=\"2244\" data-end=\"2277\"><strong data-start=\"2244\" data-end=\"2253\">Gr\u00f6\u00dfe<\/strong>: Bis zu 15\u201320 cm hoch<\/p>\n<\/li>\n<li class=\"\" data-start=\"2278\" data-end=\"2357\">\n<p class=\"\" data-start=\"2280\" data-end=\"2357\"><strong data-start=\"2280\" data-end=\"2288\">Form<\/strong>: Rosettenform mit dicken, lanzettlichen, leicht gez\u00e4hnten Bl\u00e4ttern<\/p>\n<\/li>\n<li class=\"\" data-start=\"2358\" data-end=\"2446\">\n<p class=\"\" data-start=\"2360\" data-end=\"2446\"><strong data-start=\"2360\" data-end=\"2369\">Farbe<\/strong>: Grau-gr\u00fcne Bl\u00e4tter mit rosa Spitzen, oft von feinen wei\u00dfen Haaren bedeckt<\/p>\n<\/li>\n<li class=\"\" data-start=\"2447\" data-end=\"2500\">\n<p class=\"\" data-start=\"2449\" data-end=\"2500\"><strong data-start=\"2449\" data-end=\"2459\">Bl\u00fcten<\/strong>: Kleine orange bis rote Bl\u00fcten in Rispen<\/p>\n<\/li>\n<\/ul>\n<h4 class=\"\" data-start=\"2502\" data-end=\"2517\"><strong data-start=\"2507\" data-end=\"2517\">Pflege<\/strong><\/h4>\n<ul data-start=\"2518\" data-end=\"2963\">\n<li class=\"\" data-start=\"2518\" data-end=\"2630\">\n<p class=\"\" data-start=\"2520\" data-end=\"2630\"><strong data-start=\"2520\" data-end=\"2529\">Licht<\/strong>: Liebt viel Licht, auch direktes Sonnenlicht. Kommt aber auch mit hellem, indirektem Licht zurecht<\/p>\n<\/li>\n<li class=\"\" data-start=\"2631\" data-end=\"2680\">\n<p class=\"\" data-start=\"2633\" data-end=\"2680\"><strong data-start=\"2633\" data-end=\"2647\">Temperatur<\/strong>: 18\u201325 \u00b0C, nicht frosttolerant<\/p>\n<\/li>\n<li class=\"\" data-start=\"2681\" data-end=\"2770\">\n<p class=\"\" data-start=\"2683\" data-end=\"2770\"><strong data-start=\"2683\" data-end=\"2693\">Gie\u00dfen<\/strong>: M\u00e4\u00dfig gie\u00dfen. Substrat vor erneutem Gie\u00dfen vollst\u00e4ndig austrocknen lassen<\/p>\n<\/li>\n<li class=\"\" data-start=\"2771\" data-end=\"2840\">\n<p class=\"\" data-start=\"2773\" data-end=\"2840\"><strong data-start=\"2773\" data-end=\"2785\">Substrat<\/strong>: Gut drainiert, am besten Kakteenerde mit Sandanteil<\/p>\n<\/li>\n<li class=\"\" data-start=\"2841\" data-end=\"2920\">\n<p class=\"\" data-start=\"2843\" data-end=\"2920\"><strong data-start=\"2843\" data-end=\"2854\">D\u00fcngung<\/strong>: Einmal monatlich im Fr\u00fchling und Sommer mit Sukkulenten-D\u00fcnger<\/p>\n<\/li>\n<li class=\"\" data-start=\"2921\" data-end=\"2963\">\n<p class=\"\" data-start=\"2923\" data-end=\"2963\"><strong data-start=\"2923\" data-end=\"2937\">Winterruhe<\/strong>: Im Winter weniger gie\u00dfen<\/p>\n<\/li>\n<\/ul>\n<h4 class=\"\" data-start=\"2965\" data-end=\"2982\"><strong data-start=\"2970\" data-end=\"2982\">Vorteile<\/strong><\/h4>\n<ul data-start=\"2983\" data-end=\"3103\">\n<li class=\"\" data-start=\"2983\" data-end=\"3051\">\n<p class=\"\" data-start=\"2985\" data-end=\"3051\"><strong data-start=\"2985\" data-end=\"2999\">Dekoration<\/strong>: Ideal f\u00fcr Innenr\u00e4ume, Terrassen oder Steing\u00e4rten<\/p>\n<\/li>\n<li class=\"\" data-start=\"3052\" data-end=\"3103\">\n<p class=\"\" data-start=\"3054\" data-end=\"3103\"><strong data-start=\"3054\" data-end=\"3070\">Pflegeleicht<\/strong>: Perfekt f\u00fcr Einsteiger geeignet<\/p>\n<\/li>\n<\/ul>\n<h4 class=\"\" data-start=\"3105\" data-end=\"3128\"><strong data-start=\"3110\" data-end=\"3128\">Besonderheiten<\/strong><\/h4>\n<ul data-start=\"3129\" data-end=\"3255\">\n<li class=\"\" data-start=\"3129\" data-end=\"3207\">\n<p class=\"\" data-start=\"3131\" data-end=\"3207\"><strong data-start=\"3131\" data-end=\"3143\">Ungiftig<\/strong>: Nicht giftig f\u00fcr Haustiere, aber nicht zum Verzehr empfohlen<\/p>\n<\/li>\n<li class=\"\" data-start=\"3208\" data-end=\"3255\">\n<p class=\"\" data-start=\"3210\" data-end=\"3255\"><strong data-start=\"3210\" data-end=\"3224\">Vermehrung<\/strong>: Einfach durch Blattstecklinge<\/p>\n<\/li>\n<\/ul>\n","protected":false},"excerpt":{"rendered":"<p class=\"\" data-start=\"3299\" data-end=\"3473\">Hol dir die Natur ins Haus mit der <strong data-start=\"3334\" data-end=\"3354\">Echeveria setosa<\/strong>! \ud83c\udf35 Ihre samtigen Bl\u00e4tter und zarten Farben machen sie zur idealen, pflegeleichten Sukkulente f\u00fcr helle Innenr\u00e4ume. \ud83c\udf3f<\/p>\n<p><strong>Merkmale:<\/strong><\/p>\n<ul>\n<li>Topf: 5,5 cm.<\/li>\n<li>Innen<\/li>\n<\/ul>\n","protected":false},"featured_media":41644,"template":"","meta":[],"product_brand":[],"product_cat":[638],"product_tag":[],"class_list":{"0":"post-41679","1":"product","2":"type-product","3":"status-publish","4":"has-post-thumbnail","6":"product_cat-naturliche-pflanzen","8":"first","9":"outofstock","10":"shipping-taxable","11":"purchasable","12":"product-type-simple"},"yoast_head":"<!-- This site is optimized with the Yoast SEO plugin v27.3 - https:\/\/yoast.com\/product\/yoast-seo-wordpress\/ -->\n<title>Echeveria setosa | saftige Pflanzen - ANTDERGROUND<\/title>\n<meta name=\"description\" content=\"Entdecke die Echeveria setosa \ud83c\udf35 \u2013 dekorative Sukkulente, pflegeleicht und perfekt f\u00fcr helle Wohnr\u00e4ume. Hol dir Natur ins Zuhause! \ud83c\udf3f\" \/>\n<meta name=\"robots\" content=\"index, follow, max-snippet:-1, max-image-preview:large, max-video-preview:-1\" \/>\n<link rel=\"canonical\" href=\"https:\/\/antderground.com\/de\/produkt\/echeveria-setosa\/\" \/>\n<meta property=\"og:locale\" content=\"de_DE\" \/>\n<meta property=\"og:type\" content=\"article\" \/>\n<meta property=\"og:title\" content=\"Echeveria setosa | saftige Pflanzen - ANTDERGROUND\" \/>\n<meta property=\"og:description\" content=\"Entdecke die Echeveria setosa \ud83c\udf35 \u2013 dekorative Sukkulente, pflegeleicht und perfekt f\u00fcr helle Wohnr\u00e4ume. Hol dir Natur ins Zuhause! \ud83c\udf3f\" \/>\n<meta property=\"og:url\" content=\"https:\/\/antderground.com\/de\/produkt\/echeveria-setosa\/\" \/>\n<meta property=\"og:site_name\" content=\"ANTDERGROUND\" \/>\n<meta property=\"article:modified_time\" content=\"2025-06-24T11:39:32+00:00\" \/>\n<meta property=\"og:image\" content=\"https:\/\/antderground.com\/wp-content\/uploads\/2025\/04\/Echeveria-setosa.jpeg\" \/>\n\t<meta property=\"og:image:width\" content=\"1600\" \/>\n\t<meta property=\"og:image:height\" content=\"1600\" \/>\n\t<meta property=\"og:image:type\" content=\"image\/jpeg\" \/>\n<meta name=\"twitter:card\" content=\"summary_large_image\" \/>\n<meta name=\"twitter:label1\" content=\"Gesch\u00e4tzte Lesezeit\" \/>\n\t<meta name=\"twitter:data1\" content=\"1\u00a0Minute\" \/>\n<script type=\"application\/ld+json\" class=\"yoast-schema-graph\">{\"@context\":\"https:\\\/\\\/schema.org\",\"@graph\":[{\"@type\":\"WebPage\",\"@id\":\"https:\\\/\\\/antderground.com\\\/de\\\/produkt\\\/echeveria-setosa\\\/\",\"url\":\"https:\\\/\\\/antderground.com\\\/de\\\/produkt\\\/echeveria-setosa\\\/\",\"name\":\"Echeveria setosa | saftige Pflanzen - ANTDERGROUND\",\"isPartOf\":{\"@id\":\"https:\\\/\\\/antderground.com\\\/de\\\/#website\"},\"primaryImageOfPage\":{\"@id\":\"https:\\\/\\\/antderground.com\\\/de\\\/produkt\\\/echeveria-setosa\\\/#primaryimage\"},\"image\":{\"@id\":\"https:\\\/\\\/antderground.com\\\/de\\\/produkt\\\/echeveria-setosa\\\/#primaryimage\"},\"thumbnailUrl\":\"https:\\\/\\\/antderground.com\\\/wp-content\\\/uploads\\\/2025\\\/04\\\/Echeveria-setosa.jpeg\",\"datePublished\":\"2025-04-07T11:25:55+00:00\",\"dateModified\":\"2025-06-24T11:39:32+00:00\",\"description\":\"Entdecke die Echeveria setosa \ud83c\udf35 \u2013 dekorative Sukkulente, pflegeleicht und perfekt f\u00fcr helle Wohnr\u00e4ume. Hol dir Natur ins Zuhause! \ud83c\udf3f\",\"breadcrumb\":{\"@id\":\"https:\\\/\\\/antderground.com\\\/de\\\/produkt\\\/echeveria-setosa\\\/#breadcrumb\"},\"inLanguage\":\"de\",\"potentialAction\":[{\"@type\":\"ReadAction\",\"target\":[\"https:\\\/\\\/antderground.com\\\/de\\\/produkt\\\/echeveria-setosa\\\/\"]}]},{\"@type\":\"ImageObject\",\"inLanguage\":\"de\",\"@id\":\"https:\\\/\\\/antderground.com\\\/de\\\/produkt\\\/echeveria-setosa\\\/#primaryimage\",\"url\":\"https:\\\/\\\/antderground.com\\\/wp-content\\\/uploads\\\/2025\\\/04\\\/Echeveria-setosa.jpeg\",\"contentUrl\":\"https:\\\/\\\/antderground.com\\\/wp-content\\\/uploads\\\/2025\\\/04\\\/Echeveria-setosa.jpeg\",\"width\":1600,\"height\":1600,\"caption\":\"Echeveria setosa\"},{\"@type\":\"BreadcrumbList\",\"@id\":\"https:\\\/\\\/antderground.com\\\/de\\\/produkt\\\/echeveria-setosa\\\/#breadcrumb\",\"itemListElement\":[{\"@type\":\"ListItem\",\"position\":1,\"name\":\"Portada\",\"item\":\"https:\\\/\\\/antderground.com\\\/de\\\/\"},{\"@type\":\"ListItem\",\"position\":2,\"name\":\"Shop\",\"item\":\"https:\\\/\\\/antderground.com\\\/de\\\/shop\\\/\"},{\"@type\":\"ListItem\",\"position\":3,\"name\":\"Echeveria setosa\"}]},{\"@type\":\"WebSite\",\"@id\":\"https:\\\/\\\/antderground.com\\\/de\\\/#website\",\"url\":\"https:\\\/\\\/antderground.com\\\/de\\\/\",\"name\":\"ANTDERGROUND\",\"description\":\"Tu tienda de hormigas, gran variedad de hormigueros acr\u00edlicos,madera,arena,3D y mas.. Pide tus hormigas gratis con tu pedido, somos expertos en hormigueros antifugas.\",\"publisher\":{\"@id\":\"https:\\\/\\\/antderground.com\\\/de\\\/#\\\/schema\\\/person\\\/0e322c505e84fe72c65e2f6d08f96b81\"},\"alternateName\":\"Antderground\",\"potentialAction\":[{\"@type\":\"SearchAction\",\"target\":{\"@type\":\"EntryPoint\",\"urlTemplate\":\"https:\\\/\\\/antderground.com\\\/de\\\/?s={search_term_string}\"},\"query-input\":{\"@type\":\"PropertyValueSpecification\",\"valueRequired\":true,\"valueName\":\"search_term_string\"}}],\"inLanguage\":\"de\"},{\"@type\":[\"Person\",\"Organization\"],\"@id\":\"https:\\\/\\\/antderground.com\\\/de\\\/#\\\/schema\\\/person\\\/0e322c505e84fe72c65e2f6d08f96b81\",\"name\":\"Eric de Antderground\",\"image\":{\"@type\":\"ImageObject\",\"inLanguage\":\"de\",\"@id\":\"https:\\\/\\\/secure.gravatar.com\\\/avatar\\\/c49a1b9f79216d1498cb73c1e85cd47f4465dda35f2a94c03790d491bd4423c3?s=96&d=mm&r=g\",\"url\":\"https:\\\/\\\/secure.gravatar.com\\\/avatar\\\/c49a1b9f79216d1498cb73c1e85cd47f4465dda35f2a94c03790d491bd4423c3?s=96&d=mm&r=g\",\"contentUrl\":\"https:\\\/\\\/secure.gravatar.com\\\/avatar\\\/c49a1b9f79216d1498cb73c1e85cd47f4465dda35f2a94c03790d491bd4423c3?s=96&d=mm&r=g\",\"caption\":\"Eric de Antderground\"},\"logo\":{\"@id\":\"https:\\\/\\\/secure.gravatar.com\\\/avatar\\\/c49a1b9f79216d1498cb73c1e85cd47f4465dda35f2a94c03790d491bd4423c3?s=96&d=mm&r=g\"},\"description\":\"Eric es el especialista y fundador de Antderground, con una amplia trayectoria en artr\u00f3podos y enfocado en la mirmecolog\u00eda y el dise\u00f1o de hormigueros artificiales. Su enfoque combina la innovaci\u00f3n t\u00e9cnica con el respeto por la biolog\u00eda de las hormigas, is\u00f3podos y otros, desarrollando sistemas de nidos modulares 3D y acr\u00edlicos que son referentes para aficionados y profesionales en toda Europa. Su objetivo es facilitar la cr\u00eda de hormigas y otros artr\u00f3podos mediante soluciones seguras y divulgaci\u00f3n de calidad.\",\"sameAs\":[\"https:\\\/\\\/antderground.com\\\/\",\"https:\\\/\\\/www.youtube.com\\\/channel\\\/UCio72z7TlbufkAthAJIJfPw\"]}]}<\/script>\n<!-- \/ Yoast SEO plugin. -->","yoast_head_json":{"title":"Echeveria setosa | saftige Pflanzen - ANTDERGROUND","description":"Entdecke die Echeveria setosa \ud83c\udf35 \u2013 dekorative Sukkulente, pflegeleicht und perfekt f\u00fcr helle Wohnr\u00e4ume. Hol dir Natur ins Zuhause! \ud83c\udf3f","robots":{"index":"index","follow":"follow","max-snippet":"max-snippet:-1","max-image-preview":"max-image-preview:large","max-video-preview":"max-video-preview:-1"},"canonical":"https:\/\/antderground.com\/de\/produkt\/echeveria-setosa\/","og_locale":"de_DE","og_type":"article","og_title":"Echeveria setosa | saftige Pflanzen - ANTDERGROUND","og_description":"Entdecke die Echeveria setosa \ud83c\udf35 \u2013 dekorative Sukkulente, pflegeleicht und perfekt f\u00fcr helle Wohnr\u00e4ume. Hol dir Natur ins Zuhause! \ud83c\udf3f","og_url":"https:\/\/antderground.com\/de\/produkt\/echeveria-setosa\/","og_site_name":"ANTDERGROUND","article_modified_time":"2025-06-24T11:39:32+00:00","og_image":[{"width":1600,"height":1600,"url":"https:\/\/antderground.com\/wp-content\/uploads\/2025\/04\/Echeveria-setosa.jpeg","type":"image\/jpeg"}],"twitter_card":"summary_large_image","twitter_misc":{"Gesch\u00e4tzte Lesezeit":"1\u00a0Minute"},"schema":{"@context":"https:\/\/schema.org","@graph":[{"@type":"WebPage","@id":"https:\/\/antderground.com\/de\/produkt\/echeveria-setosa\/","url":"https:\/\/antderground.com\/de\/produkt\/echeveria-setosa\/","name":"Echeveria setosa | saftige Pflanzen - ANTDERGROUND","isPartOf":{"@id":"https:\/\/antderground.com\/de\/#website"},"primaryImageOfPage":{"@id":"https:\/\/antderground.com\/de\/produkt\/echeveria-setosa\/#primaryimage"},"image":{"@id":"https:\/\/antderground.com\/de\/produkt\/echeveria-setosa\/#primaryimage"},"thumbnailUrl":"https:\/\/antderground.com\/wp-content\/uploads\/2025\/04\/Echeveria-setosa.jpeg","datePublished":"2025-04-07T11:25:55+00:00","dateModified":"2025-06-24T11:39:32+00:00","description":"Entdecke die Echeveria setosa \ud83c\udf35 \u2013 dekorative Sukkulente, pflegeleicht und perfekt f\u00fcr helle Wohnr\u00e4ume. Hol dir Natur ins Zuhause! \ud83c\udf3f","breadcrumb":{"@id":"https:\/\/antderground.com\/de\/produkt\/echeveria-setosa\/#breadcrumb"},"inLanguage":"de","potentialAction":[{"@type":"ReadAction","target":["https:\/\/antderground.com\/de\/produkt\/echeveria-setosa\/"]}]},{"@type":"ImageObject","inLanguage":"de","@id":"https:\/\/antderground.com\/de\/produkt\/echeveria-setosa\/#primaryimage","url":"https:\/\/antderground.com\/wp-content\/uploads\/2025\/04\/Echeveria-setosa.jpeg","contentUrl":"https:\/\/antderground.com\/wp-content\/uploads\/2025\/04\/Echeveria-setosa.jpeg","width":1600,"height":1600,"caption":"Echeveria setosa"},{"@type":"BreadcrumbList","@id":"https:\/\/antderground.com\/de\/produkt\/echeveria-setosa\/#breadcrumb","itemListElement":[{"@type":"ListItem","position":1,"name":"Portada","item":"https:\/\/antderground.com\/de\/"},{"@type":"ListItem","position":2,"name":"Shop","item":"https:\/\/antderground.com\/de\/shop\/"},{"@type":"ListItem","position":3,"name":"Echeveria setosa"}]},{"@type":"WebSite","@id":"https:\/\/antderground.com\/de\/#website","url":"https:\/\/antderground.com\/de\/","name":"ANTDERGROUND","description":"Tu tienda de hormigas, gran variedad de hormigueros acr\u00edlicos,madera,arena,3D y mas.. Pide tus hormigas gratis con tu pedido, somos expertos en hormigueros antifugas.","publisher":{"@id":"https:\/\/antderground.com\/de\/#\/schema\/person\/0e322c505e84fe72c65e2f6d08f96b81"},"alternateName":"Antderground","potentialAction":[{"@type":"SearchAction","target":{"@type":"EntryPoint","urlTemplate":"https:\/\/antderground.com\/de\/?s={search_term_string}"},"query-input":{"@type":"PropertyValueSpecification","valueRequired":true,"valueName":"search_term_string"}}],"inLanguage":"de"},{"@type":["Person","Organization"],"@id":"https:\/\/antderground.com\/de\/#\/schema\/person\/0e322c505e84fe72c65e2f6d08f96b81","name":"Eric de Antderground","image":{"@type":"ImageObject","inLanguage":"de","@id":"https:\/\/secure.gravatar.com\/avatar\/c49a1b9f79216d1498cb73c1e85cd47f4465dda35f2a94c03790d491bd4423c3?s=96&d=mm&r=g","url":"https:\/\/secure.gravatar.com\/avatar\/c49a1b9f79216d1498cb73c1e85cd47f4465dda35f2a94c03790d491bd4423c3?s=96&d=mm&r=g","contentUrl":"https:\/\/secure.gravatar.com\/avatar\/c49a1b9f79216d1498cb73c1e85cd47f4465dda35f2a94c03790d491bd4423c3?s=96&d=mm&r=g","caption":"Eric de Antderground"},"logo":{"@id":"https:\/\/secure.gravatar.com\/avatar\/c49a1b9f79216d1498cb73c1e85cd47f4465dda35f2a94c03790d491bd4423c3?s=96&d=mm&r=g"},"description":"Eric es el especialista y fundador de Antderground, con una amplia trayectoria en artr\u00f3podos y enfocado en la mirmecolog\u00eda y el dise\u00f1o de hormigueros artificiales. Su enfoque combina la innovaci\u00f3n t\u00e9cnica con el respeto por la biolog\u00eda de las hormigas, is\u00f3podos y otros, desarrollando sistemas de nidos modulares 3D y acr\u00edlicos que son referentes para aficionados y profesionales en toda Europa. Su objetivo es facilitar la cr\u00eda de hormigas y otros artr\u00f3podos mediante soluciones seguras y divulgaci\u00f3n de calidad.","sameAs":["https:\/\/antderground.com\/","https:\/\/www.youtube.com\/channel\/UCio72z7TlbufkAthAJIJfPw"]}]}},"_links":{"self":[{"href":"https:\/\/antderground.com\/de\/wp-json\/wp\/v2\/product\/41679","targetHints":{"allow":["GET"]}}],"collection":[{"href":"https:\/\/antderground.com\/de\/wp-json\/wp\/v2\/product"}],"about":[{"href":"https:\/\/antderground.com\/de\/wp-json\/wp\/v2\/types\/product"}],"version-history":[{"count":0,"href":"https:\/\/antderground.com\/de\/wp-json\/wp\/v2\/product\/41679\/revisions"}],"wp:featuredmedia":[{"embeddable":true,"href":"https:\/\/antderground.com\/de\/wp-json\/wp\/v2\/media\/41644"}],"wp:attachment":[{"href":"https:\/\/antderground.com\/de\/wp-json\/wp\/v2\/media?parent=41679"}],"wp:term":[{"taxonomy":"product_brand","embeddable":true,"href":"https:\/\/antderground.com\/de\/wp-json\/wp\/v2\/product_brand?post=41679"},{"taxonomy":"product_cat","embeddable":true,"href":"https:\/\/antderground.com\/de\/wp-json\/wp\/v2\/product_cat?post=41679"},{"taxonomy":"product_tag","embeddable":true,"href":"https:\/\/antderground.com\/de\/wp-json\/wp\/v2\/product_tag?post=41679"}],"curies":[{"name":"wp","href":"https:\/\/api.w.org\/{rel}","templated":true}]}}