{"id":41687,"date":"2025-04-07T12:40:00","date_gmt":"2025-04-07T10:40:00","guid":{"rendered":"https:\/\/www.antderground.com\/producto\/crassula-obvallata\/"},"modified":"2025-04-07T12:40:00","modified_gmt":"2025-04-07T10:40:00","slug":"crassula-obvallata","status":"publish","type":"product","link":"https:\/\/antderground.com\/de\/produkt\/crassula-obvallata\/","title":{"rendered":"Crassula obvallata"},"content":{"rendered":"<h4 class=\"\" data-start=\"1803\" data-end=\"1843\"><strong data-start=\"1808\" data-end=\"1843\">Steckbrief \u2013 Crassula obvallata<\/strong><\/h4>\n<p class=\"\" data-start=\"1845\" data-end=\"1960\"><strong data-start=\"1845\" data-end=\"1860\">Trivialname<\/strong>: Bl\u00fchender Jadebaum<br data-start=\"1880\" data-end=\"1883\" \/><strong data-start=\"1883\" data-end=\"1910\">Wissenschaftlicher Name<\/strong>: Crassula obvallata<br data-start=\"1930\" data-end=\"1933\" \/><strong data-start=\"1933\" data-end=\"1944\">Familie<\/strong>: Crassulaceae<\/p>\n<h3 class=\"\" data-start=\"1962\" data-end=\"1979\">Beschreibung:<\/h3>\n<p class=\"\" data-start=\"1980\" data-end=\"2167\">Die <strong data-start=\"1984\" data-end=\"2006\">Crassula obvallata<\/strong>, auch \u201eBl\u00fchender Jadebaum\u201c genannt, ist eine sukkulente Pflanze mit dicken, ovalen Bl\u00e4ttern. Sie bildet zarte wei\u00df-rosafarbene Bl\u00fcten, besonders bei viel Licht.<\/p>\n<h3 class=\"\" data-start=\"2169\" data-end=\"2180\">Pflege:<\/h3>\n<ul data-start=\"2181\" data-end=\"2459\">\n<li class=\"\" data-start=\"2181\" data-end=\"2257\">\n<p class=\"\" data-start=\"2183\" data-end=\"2257\"><strong data-start=\"2183\" data-end=\"2192\">Licht<\/strong>: Liebt direktes Sonnenlicht. Innen an einem hellen Platz halten.<\/p>\n<\/li>\n<li class=\"\" data-start=\"2258\" data-end=\"2335\">\n<p class=\"\" data-start=\"2260\" data-end=\"2335\"><strong data-start=\"2260\" data-end=\"2270\">Gie\u00dfen<\/strong>: M\u00e4\u00dfig gie\u00dfen, Erde gut austrocknen lassen. Staun\u00e4sse vermeiden.<\/p>\n<\/li>\n<li class=\"\" data-start=\"2336\" data-end=\"2392\">\n<p class=\"\" data-start=\"2338\" data-end=\"2392\"><strong data-start=\"2338\" data-end=\"2352\">Temperatur<\/strong>: Optimal bei 15\u201325\u202f\u00b0C. Nicht frosthart.<\/p>\n<\/li>\n<li class=\"\" data-start=\"2393\" data-end=\"2459\">\n<p class=\"\" data-start=\"2395\" data-end=\"2459\"><strong data-start=\"2395\" data-end=\"2407\">Substrat<\/strong>: Durchl\u00e4ssige Kakteenerde oder Sukkulentensubstrat.<\/p>\n<\/li>\n<\/ul>\n<h3 class=\"\" data-start=\"2461\" data-end=\"2474\">Vorteile:<\/h3>\n<ul data-start=\"2475\" data-end=\"2663\">\n<li class=\"\" data-start=\"2475\" data-end=\"2536\">\n<p class=\"\" data-start=\"2477\" data-end=\"2536\"><strong data-start=\"2477\" data-end=\"2493\">Pflegeleicht<\/strong>: Ideal f\u00fcr Anf\u00e4nger oder Vielbesch\u00e4ftigte.<\/p>\n<\/li>\n<li class=\"\" data-start=\"2537\" data-end=\"2603\">\n<p class=\"\" data-start=\"2539\" data-end=\"2603\"><strong data-start=\"2539\" data-end=\"2552\">Dekorativ<\/strong>: Sch\u00f6n f\u00fcr Wohnzimmer, Terrarien oder Steing\u00e4rten.<\/p>\n<\/li>\n<li class=\"\" data-start=\"2604\" data-end=\"2663\">\n<p class=\"\" data-start=\"2606\" data-end=\"2663\"><strong data-start=\"2606\" data-end=\"2631\">Trockenheitsresistent<\/strong>: Perfekt f\u00fcr trockene Regionen.<\/p>\n<\/li>\n<\/ul>\n<h3 class=\"\" data-start=\"2665\" data-end=\"2680\">Verwendung:<\/h3>\n<ul data-start=\"2681\" data-end=\"2803\">\n<li class=\"\" data-start=\"2681\" data-end=\"2736\">\n<p class=\"\" data-start=\"2683\" data-end=\"2736\"><strong data-start=\"2683\" data-end=\"2699\">Innenbereich<\/strong>: Als gr\u00fcner Akzent in hellen R\u00e4umen.<\/p>\n<\/li>\n<li class=\"\" data-start=\"2737\" data-end=\"2803\">\n<p class=\"\" data-start=\"2739\" data-end=\"2803\"><strong data-start=\"2739\" data-end=\"2755\">Au\u00dfenbereich<\/strong>: F\u00fcr Beete oder T\u00f6pfe in mildem Klima geeignet.<\/p>\n<\/li>\n<\/ul>\n<h3 class=\"\" data-start=\"2805\" data-end=\"2820\">Giftigkeit:<\/h3>\n<p class=\"\" data-start=\"2821\" data-end=\"2848\">Nicht giftig f\u00fcr Haustiere.<\/p>\n","protected":false},"excerpt":{"rendered":"<p class=\"\" data-start=\"2902\" data-end=\"3117\">Die Crassula obvallata \u2013 auch \u201eBl\u00fchender Jadebaum\u201c \u2013 ist eine robuste Sch\u00f6nheit \ud83c\udf3f. Mit ihren dicken Bl\u00e4ttern und zarten Bl\u00fcten bringt sie Leben in dein Zuhause. Pflegeleicht, stilvoll und perfekt f\u00fcr jeden Raum! \ud83c\udf38<\/p>\n<p><strong>Merkmale:<\/strong><\/p>\n<ul>\n<li>Topf: 5,5 cm.<\/li>\n<li>Drinnen und drau\u00dfen<\/li>\n<\/ul>\n","protected":false},"featured_media":41626,"template":"","meta":[],"product_brand":[],"product_cat":[638],"product_tag":[],"class_list":{"0":"post-41687","1":"product","2":"type-product","3":"status-publish","4":"has-post-thumbnail","6":"product_cat-naturliche-pflanzen","8":"first","9":"outofstock","10":"shipping-taxable","11":"purchasable","12":"product-type-simple"},"yoast_head":"<!-- This site is optimized with the Yoast SEO plugin v27.3 - https:\/\/yoast.com\/product\/yoast-seo-wordpress\/ -->\n<title>Crassula obvallata | saftige Pflanzen - ANTDERGROUND<\/title>\n<meta name=\"description\" content=\"Crassula obvallata kaufen: pflegeleichte Sukkulente mit dicken Bl\u00e4ttern und sch\u00f6nen Bl\u00fcten. Ideal f\u00fcr die Wohnung und trockene Standorte.\" \/>\n<meta name=\"robots\" content=\"index, follow, max-snippet:-1, max-image-preview:large, max-video-preview:-1\" \/>\n<link rel=\"canonical\" href=\"https:\/\/antderground.com\/de\/produkt\/crassula-obvallata\/\" \/>\n<meta property=\"og:locale\" content=\"de_DE\" \/>\n<meta property=\"og:type\" content=\"article\" \/>\n<meta property=\"og:title\" content=\"Crassula obvallata | saftige Pflanzen - ANTDERGROUND\" \/>\n<meta property=\"og:description\" content=\"Crassula obvallata kaufen: pflegeleichte Sukkulente mit dicken Bl\u00e4ttern und sch\u00f6nen Bl\u00fcten. Ideal f\u00fcr die Wohnung und trockene Standorte.\" \/>\n<meta property=\"og:url\" content=\"https:\/\/antderground.com\/de\/produkt\/crassula-obvallata\/\" \/>\n<meta property=\"og:site_name\" content=\"ANTDERGROUND\" \/>\n<meta property=\"og:image\" content=\"https:\/\/antderground.com\/wp-content\/uploads\/2025\/04\/Crassula-obvallata.jpeg\" \/>\n\t<meta property=\"og:image:width\" content=\"1600\" \/>\n\t<meta property=\"og:image:height\" content=\"1600\" \/>\n\t<meta property=\"og:image:type\" content=\"image\/jpeg\" \/>\n<meta name=\"twitter:card\" content=\"summary_large_image\" \/>\n<meta name=\"twitter:label1\" content=\"Gesch\u00e4tzte Lesezeit\" \/>\n\t<meta name=\"twitter:data1\" content=\"1\u00a0Minute\" \/>\n<script type=\"application\/ld+json\" class=\"yoast-schema-graph\">{\"@context\":\"https:\\\/\\\/schema.org\",\"@graph\":[{\"@type\":\"WebPage\",\"@id\":\"https:\\\/\\\/antderground.com\\\/de\\\/produkt\\\/crassula-obvallata\\\/\",\"url\":\"https:\\\/\\\/antderground.com\\\/de\\\/produkt\\\/crassula-obvallata\\\/\",\"name\":\"Crassula obvallata | saftige Pflanzen - ANTDERGROUND\",\"isPartOf\":{\"@id\":\"https:\\\/\\\/antderground.com\\\/de\\\/#website\"},\"primaryImageOfPage\":{\"@id\":\"https:\\\/\\\/antderground.com\\\/de\\\/produkt\\\/crassula-obvallata\\\/#primaryimage\"},\"image\":{\"@id\":\"https:\\\/\\\/antderground.com\\\/de\\\/produkt\\\/crassula-obvallata\\\/#primaryimage\"},\"thumbnailUrl\":\"https:\\\/\\\/antderground.com\\\/wp-content\\\/uploads\\\/2025\\\/04\\\/Crassula-obvallata.jpeg\",\"datePublished\":\"2025-04-07T10:40:00+00:00\",\"description\":\"Crassula obvallata kaufen: pflegeleichte Sukkulente mit dicken Bl\u00e4ttern und sch\u00f6nen Bl\u00fcten. Ideal f\u00fcr die Wohnung und trockene Standorte.\",\"breadcrumb\":{\"@id\":\"https:\\\/\\\/antderground.com\\\/de\\\/produkt\\\/crassula-obvallata\\\/#breadcrumb\"},\"inLanguage\":\"de\",\"potentialAction\":[{\"@type\":\"ReadAction\",\"target\":[\"https:\\\/\\\/antderground.com\\\/de\\\/produkt\\\/crassula-obvallata\\\/\"]}]},{\"@type\":\"ImageObject\",\"inLanguage\":\"de\",\"@id\":\"https:\\\/\\\/antderground.com\\\/de\\\/produkt\\\/crassula-obvallata\\\/#primaryimage\",\"url\":\"https:\\\/\\\/antderground.com\\\/wp-content\\\/uploads\\\/2025\\\/04\\\/Crassula-obvallata.jpeg\",\"contentUrl\":\"https:\\\/\\\/antderground.com\\\/wp-content\\\/uploads\\\/2025\\\/04\\\/Crassula-obvallata.jpeg\",\"width\":1600,\"height\":1600,\"caption\":\"Crassula obvallata\"},{\"@type\":\"BreadcrumbList\",\"@id\":\"https:\\\/\\\/antderground.com\\\/de\\\/produkt\\\/crassula-obvallata\\\/#breadcrumb\",\"itemListElement\":[{\"@type\":\"ListItem\",\"position\":1,\"name\":\"Portada\",\"item\":\"https:\\\/\\\/antderground.com\\\/de\\\/\"},{\"@type\":\"ListItem\",\"position\":2,\"name\":\"Shop\",\"item\":\"https:\\\/\\\/antderground.com\\\/de\\\/shop\\\/\"},{\"@type\":\"ListItem\",\"position\":3,\"name\":\"Crassula obvallata\"}]},{\"@type\":\"WebSite\",\"@id\":\"https:\\\/\\\/antderground.com\\\/de\\\/#website\",\"url\":\"https:\\\/\\\/antderground.com\\\/de\\\/\",\"name\":\"ANTDERGROUND\",\"description\":\"Tu tienda de hormigas, gran variedad de hormigueros acr\u00edlicos,madera,arena,3D y mas.. Pide tus hormigas gratis con tu pedido, somos expertos en hormigueros antifugas.\",\"publisher\":{\"@id\":\"https:\\\/\\\/antderground.com\\\/de\\\/#\\\/schema\\\/person\\\/0e322c505e84fe72c65e2f6d08f96b81\"},\"alternateName\":\"Antderground\",\"potentialAction\":[{\"@type\":\"SearchAction\",\"target\":{\"@type\":\"EntryPoint\",\"urlTemplate\":\"https:\\\/\\\/antderground.com\\\/de\\\/?s={search_term_string}\"},\"query-input\":{\"@type\":\"PropertyValueSpecification\",\"valueRequired\":true,\"valueName\":\"search_term_string\"}}],\"inLanguage\":\"de\"},{\"@type\":[\"Person\",\"Organization\"],\"@id\":\"https:\\\/\\\/antderground.com\\\/de\\\/#\\\/schema\\\/person\\\/0e322c505e84fe72c65e2f6d08f96b81\",\"name\":\"Eric de Antderground\",\"image\":{\"@type\":\"ImageObject\",\"inLanguage\":\"de\",\"@id\":\"https:\\\/\\\/secure.gravatar.com\\\/avatar\\\/c49a1b9f79216d1498cb73c1e85cd47f4465dda35f2a94c03790d491bd4423c3?s=96&d=mm&r=g\",\"url\":\"https:\\\/\\\/secure.gravatar.com\\\/avatar\\\/c49a1b9f79216d1498cb73c1e85cd47f4465dda35f2a94c03790d491bd4423c3?s=96&d=mm&r=g\",\"contentUrl\":\"https:\\\/\\\/secure.gravatar.com\\\/avatar\\\/c49a1b9f79216d1498cb73c1e85cd47f4465dda35f2a94c03790d491bd4423c3?s=96&d=mm&r=g\",\"caption\":\"Eric de Antderground\"},\"logo\":{\"@id\":\"https:\\\/\\\/secure.gravatar.com\\\/avatar\\\/c49a1b9f79216d1498cb73c1e85cd47f4465dda35f2a94c03790d491bd4423c3?s=96&d=mm&r=g\"},\"description\":\"Eric es el especialista y fundador de Antderground, con una amplia trayectoria en artr\u00f3podos y enfocado en la mirmecolog\u00eda y el dise\u00f1o de hormigueros artificiales. Su enfoque combina la innovaci\u00f3n t\u00e9cnica con el respeto por la biolog\u00eda de las hormigas, is\u00f3podos y otros, desarrollando sistemas de nidos modulares 3D y acr\u00edlicos que son referentes para aficionados y profesionales en toda Europa. Su objetivo es facilitar la cr\u00eda de hormigas y otros artr\u00f3podos mediante soluciones seguras y divulgaci\u00f3n de calidad.\",\"sameAs\":[\"https:\\\/\\\/antderground.com\\\/\",\"https:\\\/\\\/www.youtube.com\\\/channel\\\/UCio72z7TlbufkAthAJIJfPw\"]}]}<\/script>\n<!-- \/ Yoast SEO plugin. -->","yoast_head_json":{"title":"Crassula obvallata | saftige Pflanzen - ANTDERGROUND","description":"Crassula obvallata kaufen: pflegeleichte Sukkulente mit dicken Bl\u00e4ttern und sch\u00f6nen Bl\u00fcten. Ideal f\u00fcr die Wohnung und trockene Standorte.","robots":{"index":"index","follow":"follow","max-snippet":"max-snippet:-1","max-image-preview":"max-image-preview:large","max-video-preview":"max-video-preview:-1"},"canonical":"https:\/\/antderground.com\/de\/produkt\/crassula-obvallata\/","og_locale":"de_DE","og_type":"article","og_title":"Crassula obvallata | saftige Pflanzen - ANTDERGROUND","og_description":"Crassula obvallata kaufen: pflegeleichte Sukkulente mit dicken Bl\u00e4ttern und sch\u00f6nen Bl\u00fcten. Ideal f\u00fcr die Wohnung und trockene Standorte.","og_url":"https:\/\/antderground.com\/de\/produkt\/crassula-obvallata\/","og_site_name":"ANTDERGROUND","og_image":[{"width":1600,"height":1600,"url":"https:\/\/antderground.com\/wp-content\/uploads\/2025\/04\/Crassula-obvallata.jpeg","type":"image\/jpeg"}],"twitter_card":"summary_large_image","twitter_misc":{"Gesch\u00e4tzte Lesezeit":"1\u00a0Minute"},"schema":{"@context":"https:\/\/schema.org","@graph":[{"@type":"WebPage","@id":"https:\/\/antderground.com\/de\/produkt\/crassula-obvallata\/","url":"https:\/\/antderground.com\/de\/produkt\/crassula-obvallata\/","name":"Crassula obvallata | saftige Pflanzen - ANTDERGROUND","isPartOf":{"@id":"https:\/\/antderground.com\/de\/#website"},"primaryImageOfPage":{"@id":"https:\/\/antderground.com\/de\/produkt\/crassula-obvallata\/#primaryimage"},"image":{"@id":"https:\/\/antderground.com\/de\/produkt\/crassula-obvallata\/#primaryimage"},"thumbnailUrl":"https:\/\/antderground.com\/wp-content\/uploads\/2025\/04\/Crassula-obvallata.jpeg","datePublished":"2025-04-07T10:40:00+00:00","description":"Crassula obvallata kaufen: pflegeleichte Sukkulente mit dicken Bl\u00e4ttern und sch\u00f6nen Bl\u00fcten. Ideal f\u00fcr die Wohnung und trockene Standorte.","breadcrumb":{"@id":"https:\/\/antderground.com\/de\/produkt\/crassula-obvallata\/#breadcrumb"},"inLanguage":"de","potentialAction":[{"@type":"ReadAction","target":["https:\/\/antderground.com\/de\/produkt\/crassula-obvallata\/"]}]},{"@type":"ImageObject","inLanguage":"de","@id":"https:\/\/antderground.com\/de\/produkt\/crassula-obvallata\/#primaryimage","url":"https:\/\/antderground.com\/wp-content\/uploads\/2025\/04\/Crassula-obvallata.jpeg","contentUrl":"https:\/\/antderground.com\/wp-content\/uploads\/2025\/04\/Crassula-obvallata.jpeg","width":1600,"height":1600,"caption":"Crassula obvallata"},{"@type":"BreadcrumbList","@id":"https:\/\/antderground.com\/de\/produkt\/crassula-obvallata\/#breadcrumb","itemListElement":[{"@type":"ListItem","position":1,"name":"Portada","item":"https:\/\/antderground.com\/de\/"},{"@type":"ListItem","position":2,"name":"Shop","item":"https:\/\/antderground.com\/de\/shop\/"},{"@type":"ListItem","position":3,"name":"Crassula obvallata"}]},{"@type":"WebSite","@id":"https:\/\/antderground.com\/de\/#website","url":"https:\/\/antderground.com\/de\/","name":"ANTDERGROUND","description":"Tu tienda de hormigas, gran variedad de hormigueros acr\u00edlicos,madera,arena,3D y mas.. Pide tus hormigas gratis con tu pedido, somos expertos en hormigueros antifugas.","publisher":{"@id":"https:\/\/antderground.com\/de\/#\/schema\/person\/0e322c505e84fe72c65e2f6d08f96b81"},"alternateName":"Antderground","potentialAction":[{"@type":"SearchAction","target":{"@type":"EntryPoint","urlTemplate":"https:\/\/antderground.com\/de\/?s={search_term_string}"},"query-input":{"@type":"PropertyValueSpecification","valueRequired":true,"valueName":"search_term_string"}}],"inLanguage":"de"},{"@type":["Person","Organization"],"@id":"https:\/\/antderground.com\/de\/#\/schema\/person\/0e322c505e84fe72c65e2f6d08f96b81","name":"Eric de Antderground","image":{"@type":"ImageObject","inLanguage":"de","@id":"https:\/\/secure.gravatar.com\/avatar\/c49a1b9f79216d1498cb73c1e85cd47f4465dda35f2a94c03790d491bd4423c3?s=96&d=mm&r=g","url":"https:\/\/secure.gravatar.com\/avatar\/c49a1b9f79216d1498cb73c1e85cd47f4465dda35f2a94c03790d491bd4423c3?s=96&d=mm&r=g","contentUrl":"https:\/\/secure.gravatar.com\/avatar\/c49a1b9f79216d1498cb73c1e85cd47f4465dda35f2a94c03790d491bd4423c3?s=96&d=mm&r=g","caption":"Eric de Antderground"},"logo":{"@id":"https:\/\/secure.gravatar.com\/avatar\/c49a1b9f79216d1498cb73c1e85cd47f4465dda35f2a94c03790d491bd4423c3?s=96&d=mm&r=g"},"description":"Eric es el especialista y fundador de Antderground, con una amplia trayectoria en artr\u00f3podos y enfocado en la mirmecolog\u00eda y el dise\u00f1o de hormigueros artificiales. Su enfoque combina la innovaci\u00f3n t\u00e9cnica con el respeto por la biolog\u00eda de las hormigas, is\u00f3podos y otros, desarrollando sistemas de nidos modulares 3D y acr\u00edlicos que son referentes para aficionados y profesionales en toda Europa. Su objetivo es facilitar la cr\u00eda de hormigas y otros artr\u00f3podos mediante soluciones seguras y divulgaci\u00f3n de calidad.","sameAs":["https:\/\/antderground.com\/","https:\/\/www.youtube.com\/channel\/UCio72z7TlbufkAthAJIJfPw"]}]}},"_links":{"self":[{"href":"https:\/\/antderground.com\/de\/wp-json\/wp\/v2\/product\/41687","targetHints":{"allow":["GET"]}}],"collection":[{"href":"https:\/\/antderground.com\/de\/wp-json\/wp\/v2\/product"}],"about":[{"href":"https:\/\/antderground.com\/de\/wp-json\/wp\/v2\/types\/product"}],"version-history":[{"count":0,"href":"https:\/\/antderground.com\/de\/wp-json\/wp\/v2\/product\/41687\/revisions"}],"wp:featuredmedia":[{"embeddable":true,"href":"https:\/\/antderground.com\/de\/wp-json\/wp\/v2\/media\/41626"}],"wp:attachment":[{"href":"https:\/\/antderground.com\/de\/wp-json\/wp\/v2\/media?parent=41687"}],"wp:term":[{"taxonomy":"product_brand","embeddable":true,"href":"https:\/\/antderground.com\/de\/wp-json\/wp\/v2\/product_brand?post=41687"},{"taxonomy":"product_cat","embeddable":true,"href":"https:\/\/antderground.com\/de\/wp-json\/wp\/v2\/product_cat?post=41687"},{"taxonomy":"product_tag","embeddable":true,"href":"https:\/\/antderground.com\/de\/wp-json\/wp\/v2\/product_tag?post=41687"}],"curies":[{"name":"wp","href":"https:\/\/api.w.org\/{rel}","templated":true}]}}