{"id":41689,"date":"2025-04-07T12:12:50","date_gmt":"2025-04-07T10:12:50","guid":{"rendered":"https:\/\/www.antderground.com\/producto\/crassula-perforata\/"},"modified":"2025-06-24T13:39:32","modified_gmt":"2025-06-24T11:39:32","slug":"crassula-perforata","status":"publish","type":"product","link":"https:\/\/antderground.com\/de\/produkt\/crassula-perforata\/","title":{"rendered":"Crassula perforata"},"content":{"rendered":"<h4 class=\"\" data-start=\"1949\" data-end=\"1999\">\u2705 Technisches Datenblatt \u2013 Crassula perforata<\/h4>\n<p class=\"\" data-start=\"2001\" data-end=\"2150\"><strong data-start=\"2001\" data-end=\"2025\">Gebr\u00e4uchlicher Name:<\/strong> Kettenpflanze<br data-start=\"2039\" data-end=\"2042\" \/><strong data-start=\"2042\" data-end=\"2070\">Wissenschaftlicher Name:<\/strong> Crassula perforata<br data-start=\"2089\" data-end=\"2092\" \/><strong data-start=\"2092\" data-end=\"2104\">Familie:<\/strong> Crassulaceae<br data-start=\"2117\" data-end=\"2120\" \/><strong data-start=\"2120\" data-end=\"2133\">Herkunft:<\/strong> S\u00fcdliches Afrika<\/p>\n<p class=\"\" data-start=\"2152\" data-end=\"2405\"><strong data-start=\"2152\" data-end=\"2169\">Beschreibung:<\/strong><br data-start=\"2169\" data-end=\"2172\" \/>Die <strong data-start=\"2176\" data-end=\"2198\">Crassula perforata<\/strong> ist eine auff\u00e4llige Sukkulente mit dicken, gegenst\u00e4ndig angeordneten Bl\u00e4ttern in Kettenform. Die blassgr\u00fcnen Bl\u00e4tter f\u00e4rben sich bei Sonneneinstrahlung r\u00f6tlich. Kompakter Wuchs, ideal f\u00fcr dekorative Zwecke.<\/p>\n<p class=\"\" data-start=\"2407\" data-end=\"2419\"><strong data-start=\"2407\" data-end=\"2417\">Gr\u00f6\u00dfe:<\/strong><\/p>\n<ul data-start=\"2420\" data-end=\"2461\">\n<li class=\"\" data-start=\"2420\" data-end=\"2442\">\n<p class=\"\" data-start=\"2422\" data-end=\"2442\">H\u00f6he: bis zu 30 cm<\/p>\n<\/li>\n<li class=\"\" data-start=\"2443\" data-end=\"2461\">\n<p class=\"\" data-start=\"2445\" data-end=\"2461\">Breite: 20\u201330 cm<\/p>\n<\/li>\n<\/ul>\n<p class=\"\" data-start=\"2463\" data-end=\"2476\"><strong data-start=\"2463\" data-end=\"2474\">Pflege:<\/strong><\/p>\n<ul data-start=\"2477\" data-end=\"2746\">\n<li class=\"\" data-start=\"2477\" data-end=\"2562\">\n<p class=\"\" data-start=\"2479\" data-end=\"2562\"><strong data-start=\"2479\" data-end=\"2489\">Licht:<\/strong> Heller Standort mit indirektem Licht, etwas direkte Sonne vertr\u00e4glich.<\/p>\n<\/li>\n<li class=\"\" data-start=\"2563\" data-end=\"2646\">\n<p class=\"\" data-start=\"2565\" data-end=\"2646\"><strong data-start=\"2565\" data-end=\"2576\">Gie\u00dfen:<\/strong> M\u00e4\u00dfig. Substrat vollst\u00e4ndig austrocknen lassen vor erneutem Gie\u00dfen.<\/p>\n<\/li>\n<li class=\"\" data-start=\"2647\" data-end=\"2700\">\n<p class=\"\" data-start=\"2649\" data-end=\"2700\"><strong data-start=\"2649\" data-end=\"2664\">Temperatur:<\/strong> Ideal 18\u201324 \u00b0C, frostempfindlich.<\/p>\n<\/li>\n<li class=\"\" data-start=\"2701\" data-end=\"2746\">\n<p class=\"\" data-start=\"2703\" data-end=\"2746\"><strong data-start=\"2703\" data-end=\"2716\">Substrat:<\/strong> Gut durchl\u00e4ssige Kakteenerde.<\/p>\n<\/li>\n<\/ul>\n<p class=\"\" data-start=\"2748\" data-end=\"2765\"><strong data-start=\"2748\" data-end=\"2763\">Verwendung:<\/strong><\/p>\n<ul data-start=\"2766\" data-end=\"2888\">\n<li class=\"\" data-start=\"2766\" data-end=\"2830\">\n<p class=\"\" data-start=\"2768\" data-end=\"2830\"><strong data-start=\"2768\" data-end=\"2777\">Deko:<\/strong> Perfekt f\u00fcr Innenr\u00e4ume, Terrarien und Steing\u00e4rten.<\/p>\n<\/li>\n<li class=\"\" data-start=\"2831\" data-end=\"2888\">\n<p class=\"\" data-start=\"2833\" data-end=\"2888\"><strong data-start=\"2833\" data-end=\"2846\">Vorteile:<\/strong> Sehr pflegeleicht \u2013 ideal f\u00fcr Einsteiger.<\/p>\n<\/li>\n<\/ul>\n<p class=\"\" data-start=\"2890\" data-end=\"2921\"><strong data-start=\"2890\" data-end=\"2919\">Sch\u00e4dlinge &amp; Krankheiten:<\/strong><\/p>\n<ul data-start=\"2922\" data-end=\"2989\">\n<li class=\"\" data-start=\"2922\" data-end=\"2989\">\n<p class=\"\" data-start=\"2924\" data-end=\"2989\">Anf\u00e4llig f\u00fcr Wolll\u00e4use und Spinnmilben. Regelm\u00e4\u00dfig kontrollieren.<\/p>\n<\/li>\n<\/ul>\n<p class=\"\" data-start=\"2991\" data-end=\"3006\"><strong data-start=\"2991\" data-end=\"3004\">Vorteile:<\/strong><\/p>\n<ul data-start=\"3007\" data-end=\"3069\">\n<li class=\"\" data-start=\"3007\" data-end=\"3032\">\n<p class=\"\" data-start=\"3009\" data-end=\"3032\">Trockenheitsresistent<\/p>\n<\/li>\n<li class=\"\" data-start=\"3033\" data-end=\"3049\">\n<p class=\"\" data-start=\"3035\" data-end=\"3049\">Pflegeleicht<\/p>\n<\/li>\n<li class=\"\" data-start=\"3050\" data-end=\"3069\">\n<p class=\"\" data-start=\"3052\" data-end=\"3069\">Auff\u00e4lliger Wuchs<\/p>\n<\/li>\n<\/ul>\n<p class=\"\" data-start=\"3071\" data-end=\"3114\"><strong data-start=\"3071\" data-end=\"3086\">Giftigkeit:<\/strong> Nicht giftig f\u00fcr Haustiere.<\/p>\n<p class=\"\" data-start=\"3116\" data-end=\"3184\"><strong data-start=\"3116\" data-end=\"3131\">Vermehrung:<\/strong><br data-start=\"3131\" data-end=\"3134\" \/>Einfach durch Stecklinge \u2013 bildet schnell Wurzeln.<\/p>\n","protected":false},"excerpt":{"rendered":"<p class=\"\" data-start=\"3236\" data-end=\"3456\">Bring frisches Gr\u00fcn in dein Zuhause mit der <strong data-start=\"3280\" data-end=\"3302\">Crassula perforata<\/strong>! \ud83c\udf3f Super pflegeleicht, h\u00fcbsch und sonnenliebend. Ob im B\u00fcro, auf der Fensterbank oder im Steingarten \u2013 diese Sukkulente macht \u00fcberall eine gute Figur! \u2728<\/p>\n<div class=\"woocommerce-product-details__short-description\">\n<p><strong>Merkmale:<\/strong><\/p>\n<ul>\n<li>Topf: 5,5 cm.<\/li>\n<li>Drinnen und drau\u00dfen<\/li>\n<\/ul>\n<\/div>\n","protected":false},"featured_media":41617,"template":"","meta":[],"product_brand":[],"product_cat":[638],"product_tag":[],"class_list":{"0":"post-41689","1":"product","2":"type-product","3":"status-publish","4":"has-post-thumbnail","6":"product_cat-naturliche-pflanzen","8":"first","9":"instock","10":"shipping-taxable","11":"purchasable","12":"product-type-simple"},"yoast_head":"<!-- This site is optimized with the Yoast SEO plugin v27.3 - https:\/\/yoast.com\/product\/yoast-seo-wordpress\/ -->\n<title>Crassula perforata | saftige Pflanze - ANTDERGROUND<\/title>\n<meta name=\"description\" content=\"Crassula perforata \ud83c\udf3f \u2013 pflegeleichte Sukkulente f\u00fcr Wohnung oder Garten. Dekorativ, robust und perfekt f\u00fcr Sonnenliebhaber! \u2600\ufe0f\" \/>\n<meta name=\"robots\" content=\"index, follow, max-snippet:-1, max-image-preview:large, max-video-preview:-1\" \/>\n<link rel=\"canonical\" href=\"https:\/\/antderground.com\/de\/produkt\/crassula-perforata\/\" \/>\n<meta property=\"og:locale\" content=\"de_DE\" \/>\n<meta property=\"og:type\" content=\"article\" \/>\n<meta property=\"og:title\" content=\"Crassula perforata | saftige Pflanze - ANTDERGROUND\" \/>\n<meta property=\"og:description\" content=\"Crassula perforata \ud83c\udf3f \u2013 pflegeleichte Sukkulente f\u00fcr Wohnung oder Garten. Dekorativ, robust und perfekt f\u00fcr Sonnenliebhaber! \u2600\ufe0f\" \/>\n<meta property=\"og:url\" content=\"https:\/\/antderground.com\/de\/produkt\/crassula-perforata\/\" \/>\n<meta property=\"og:site_name\" content=\"ANTDERGROUND\" \/>\n<meta property=\"article:modified_time\" content=\"2025-06-24T11:39:32+00:00\" \/>\n<meta property=\"og:image\" content=\"https:\/\/antderground.com\/wp-content\/uploads\/2025\/04\/Crassula-perforata.jpeg\" \/>\n\t<meta property=\"og:image:width\" content=\"1600\" \/>\n\t<meta property=\"og:image:height\" content=\"1600\" \/>\n\t<meta property=\"og:image:type\" content=\"image\/jpeg\" \/>\n<meta name=\"twitter:card\" content=\"summary_large_image\" \/>\n<meta name=\"twitter:label1\" content=\"Gesch\u00e4tzte Lesezeit\" \/>\n\t<meta name=\"twitter:data1\" content=\"1\u00a0Minute\" \/>\n<script type=\"application\/ld+json\" class=\"yoast-schema-graph\">{\"@context\":\"https:\\\/\\\/schema.org\",\"@graph\":[{\"@type\":\"WebPage\",\"@id\":\"https:\\\/\\\/antderground.com\\\/de\\\/produkt\\\/crassula-perforata\\\/\",\"url\":\"https:\\\/\\\/antderground.com\\\/de\\\/produkt\\\/crassula-perforata\\\/\",\"name\":\"Crassula perforata | saftige Pflanze - ANTDERGROUND\",\"isPartOf\":{\"@id\":\"https:\\\/\\\/antderground.com\\\/de\\\/#website\"},\"primaryImageOfPage\":{\"@id\":\"https:\\\/\\\/antderground.com\\\/de\\\/produkt\\\/crassula-perforata\\\/#primaryimage\"},\"image\":{\"@id\":\"https:\\\/\\\/antderground.com\\\/de\\\/produkt\\\/crassula-perforata\\\/#primaryimage\"},\"thumbnailUrl\":\"https:\\\/\\\/antderground.com\\\/wp-content\\\/uploads\\\/2025\\\/04\\\/Crassula-perforata.jpeg\",\"datePublished\":\"2025-04-07T10:12:50+00:00\",\"dateModified\":\"2025-06-24T11:39:32+00:00\",\"description\":\"Crassula perforata \ud83c\udf3f \u2013 pflegeleichte Sukkulente f\u00fcr Wohnung oder Garten. Dekorativ, robust und perfekt f\u00fcr Sonnenliebhaber! \u2600\ufe0f\",\"breadcrumb\":{\"@id\":\"https:\\\/\\\/antderground.com\\\/de\\\/produkt\\\/crassula-perforata\\\/#breadcrumb\"},\"inLanguage\":\"de\",\"potentialAction\":[{\"@type\":\"ReadAction\",\"target\":[\"https:\\\/\\\/antderground.com\\\/de\\\/produkt\\\/crassula-perforata\\\/\"]}]},{\"@type\":\"ImageObject\",\"inLanguage\":\"de\",\"@id\":\"https:\\\/\\\/antderground.com\\\/de\\\/produkt\\\/crassula-perforata\\\/#primaryimage\",\"url\":\"https:\\\/\\\/antderground.com\\\/wp-content\\\/uploads\\\/2025\\\/04\\\/Crassula-perforata.jpeg\",\"contentUrl\":\"https:\\\/\\\/antderground.com\\\/wp-content\\\/uploads\\\/2025\\\/04\\\/Crassula-perforata.jpeg\",\"width\":1600,\"height\":1600,\"caption\":\"Crassula perforata\"},{\"@type\":\"BreadcrumbList\",\"@id\":\"https:\\\/\\\/antderground.com\\\/de\\\/produkt\\\/crassula-perforata\\\/#breadcrumb\",\"itemListElement\":[{\"@type\":\"ListItem\",\"position\":1,\"name\":\"Portada\",\"item\":\"https:\\\/\\\/antderground.com\\\/de\\\/\"},{\"@type\":\"ListItem\",\"position\":2,\"name\":\"Shop\",\"item\":\"https:\\\/\\\/antderground.com\\\/de\\\/shop\\\/\"},{\"@type\":\"ListItem\",\"position\":3,\"name\":\"Crassula perforata\"}]},{\"@type\":\"WebSite\",\"@id\":\"https:\\\/\\\/antderground.com\\\/de\\\/#website\",\"url\":\"https:\\\/\\\/antderground.com\\\/de\\\/\",\"name\":\"ANTDERGROUND\",\"description\":\"Tu tienda de hormigas, gran variedad de hormigueros acr\u00edlicos,madera,arena,3D y mas.. Pide tus hormigas gratis con tu pedido, somos expertos en hormigueros antifugas.\",\"publisher\":{\"@id\":\"https:\\\/\\\/antderground.com\\\/de\\\/#\\\/schema\\\/person\\\/0e322c505e84fe72c65e2f6d08f96b81\"},\"alternateName\":\"Antderground\",\"potentialAction\":[{\"@type\":\"SearchAction\",\"target\":{\"@type\":\"EntryPoint\",\"urlTemplate\":\"https:\\\/\\\/antderground.com\\\/de\\\/?s={search_term_string}\"},\"query-input\":{\"@type\":\"PropertyValueSpecification\",\"valueRequired\":true,\"valueName\":\"search_term_string\"}}],\"inLanguage\":\"de\"},{\"@type\":[\"Person\",\"Organization\"],\"@id\":\"https:\\\/\\\/antderground.com\\\/de\\\/#\\\/schema\\\/person\\\/0e322c505e84fe72c65e2f6d08f96b81\",\"name\":\"Eric de Antderground\",\"image\":{\"@type\":\"ImageObject\",\"inLanguage\":\"de\",\"@id\":\"https:\\\/\\\/secure.gravatar.com\\\/avatar\\\/c49a1b9f79216d1498cb73c1e85cd47f4465dda35f2a94c03790d491bd4423c3?s=96&d=mm&r=g\",\"url\":\"https:\\\/\\\/secure.gravatar.com\\\/avatar\\\/c49a1b9f79216d1498cb73c1e85cd47f4465dda35f2a94c03790d491bd4423c3?s=96&d=mm&r=g\",\"contentUrl\":\"https:\\\/\\\/secure.gravatar.com\\\/avatar\\\/c49a1b9f79216d1498cb73c1e85cd47f4465dda35f2a94c03790d491bd4423c3?s=96&d=mm&r=g\",\"caption\":\"Eric de Antderground\"},\"logo\":{\"@id\":\"https:\\\/\\\/secure.gravatar.com\\\/avatar\\\/c49a1b9f79216d1498cb73c1e85cd47f4465dda35f2a94c03790d491bd4423c3?s=96&d=mm&r=g\"},\"description\":\"Eric es el especialista y fundador de Antderground, con una amplia trayectoria en artr\u00f3podos y enfocado en la mirmecolog\u00eda y el dise\u00f1o de hormigueros artificiales. Su enfoque combina la innovaci\u00f3n t\u00e9cnica con el respeto por la biolog\u00eda de las hormigas, is\u00f3podos y otros, desarrollando sistemas de nidos modulares 3D y acr\u00edlicos que son referentes para aficionados y profesionales en toda Europa. Su objetivo es facilitar la cr\u00eda de hormigas y otros artr\u00f3podos mediante soluciones seguras y divulgaci\u00f3n de calidad.\",\"sameAs\":[\"https:\\\/\\\/antderground.com\\\/\",\"https:\\\/\\\/www.youtube.com\\\/channel\\\/UCio72z7TlbufkAthAJIJfPw\"]}]}<\/script>\n<!-- \/ Yoast SEO plugin. -->","yoast_head_json":{"title":"Crassula perforata | saftige Pflanze - ANTDERGROUND","description":"Crassula perforata \ud83c\udf3f \u2013 pflegeleichte Sukkulente f\u00fcr Wohnung oder Garten. Dekorativ, robust und perfekt f\u00fcr Sonnenliebhaber! \u2600\ufe0f","robots":{"index":"index","follow":"follow","max-snippet":"max-snippet:-1","max-image-preview":"max-image-preview:large","max-video-preview":"max-video-preview:-1"},"canonical":"https:\/\/antderground.com\/de\/produkt\/crassula-perforata\/","og_locale":"de_DE","og_type":"article","og_title":"Crassula perforata | saftige Pflanze - ANTDERGROUND","og_description":"Crassula perforata \ud83c\udf3f \u2013 pflegeleichte Sukkulente f\u00fcr Wohnung oder Garten. Dekorativ, robust und perfekt f\u00fcr Sonnenliebhaber! \u2600\ufe0f","og_url":"https:\/\/antderground.com\/de\/produkt\/crassula-perforata\/","og_site_name":"ANTDERGROUND","article_modified_time":"2025-06-24T11:39:32+00:00","og_image":[{"width":1600,"height":1600,"url":"https:\/\/antderground.com\/wp-content\/uploads\/2025\/04\/Crassula-perforata.jpeg","type":"image\/jpeg"}],"twitter_card":"summary_large_image","twitter_misc":{"Gesch\u00e4tzte Lesezeit":"1\u00a0Minute"},"schema":{"@context":"https:\/\/schema.org","@graph":[{"@type":"WebPage","@id":"https:\/\/antderground.com\/de\/produkt\/crassula-perforata\/","url":"https:\/\/antderground.com\/de\/produkt\/crassula-perforata\/","name":"Crassula perforata | saftige Pflanze - ANTDERGROUND","isPartOf":{"@id":"https:\/\/antderground.com\/de\/#website"},"primaryImageOfPage":{"@id":"https:\/\/antderground.com\/de\/produkt\/crassula-perforata\/#primaryimage"},"image":{"@id":"https:\/\/antderground.com\/de\/produkt\/crassula-perforata\/#primaryimage"},"thumbnailUrl":"https:\/\/antderground.com\/wp-content\/uploads\/2025\/04\/Crassula-perforata.jpeg","datePublished":"2025-04-07T10:12:50+00:00","dateModified":"2025-06-24T11:39:32+00:00","description":"Crassula perforata \ud83c\udf3f \u2013 pflegeleichte Sukkulente f\u00fcr Wohnung oder Garten. Dekorativ, robust und perfekt f\u00fcr Sonnenliebhaber! \u2600\ufe0f","breadcrumb":{"@id":"https:\/\/antderground.com\/de\/produkt\/crassula-perforata\/#breadcrumb"},"inLanguage":"de","potentialAction":[{"@type":"ReadAction","target":["https:\/\/antderground.com\/de\/produkt\/crassula-perforata\/"]}]},{"@type":"ImageObject","inLanguage":"de","@id":"https:\/\/antderground.com\/de\/produkt\/crassula-perforata\/#primaryimage","url":"https:\/\/antderground.com\/wp-content\/uploads\/2025\/04\/Crassula-perforata.jpeg","contentUrl":"https:\/\/antderground.com\/wp-content\/uploads\/2025\/04\/Crassula-perforata.jpeg","width":1600,"height":1600,"caption":"Crassula perforata"},{"@type":"BreadcrumbList","@id":"https:\/\/antderground.com\/de\/produkt\/crassula-perforata\/#breadcrumb","itemListElement":[{"@type":"ListItem","position":1,"name":"Portada","item":"https:\/\/antderground.com\/de\/"},{"@type":"ListItem","position":2,"name":"Shop","item":"https:\/\/antderground.com\/de\/shop\/"},{"@type":"ListItem","position":3,"name":"Crassula perforata"}]},{"@type":"WebSite","@id":"https:\/\/antderground.com\/de\/#website","url":"https:\/\/antderground.com\/de\/","name":"ANTDERGROUND","description":"Tu tienda de hormigas, gran variedad de hormigueros acr\u00edlicos,madera,arena,3D y mas.. Pide tus hormigas gratis con tu pedido, somos expertos en hormigueros antifugas.","publisher":{"@id":"https:\/\/antderground.com\/de\/#\/schema\/person\/0e322c505e84fe72c65e2f6d08f96b81"},"alternateName":"Antderground","potentialAction":[{"@type":"SearchAction","target":{"@type":"EntryPoint","urlTemplate":"https:\/\/antderground.com\/de\/?s={search_term_string}"},"query-input":{"@type":"PropertyValueSpecification","valueRequired":true,"valueName":"search_term_string"}}],"inLanguage":"de"},{"@type":["Person","Organization"],"@id":"https:\/\/antderground.com\/de\/#\/schema\/person\/0e322c505e84fe72c65e2f6d08f96b81","name":"Eric de Antderground","image":{"@type":"ImageObject","inLanguage":"de","@id":"https:\/\/secure.gravatar.com\/avatar\/c49a1b9f79216d1498cb73c1e85cd47f4465dda35f2a94c03790d491bd4423c3?s=96&d=mm&r=g","url":"https:\/\/secure.gravatar.com\/avatar\/c49a1b9f79216d1498cb73c1e85cd47f4465dda35f2a94c03790d491bd4423c3?s=96&d=mm&r=g","contentUrl":"https:\/\/secure.gravatar.com\/avatar\/c49a1b9f79216d1498cb73c1e85cd47f4465dda35f2a94c03790d491bd4423c3?s=96&d=mm&r=g","caption":"Eric de Antderground"},"logo":{"@id":"https:\/\/secure.gravatar.com\/avatar\/c49a1b9f79216d1498cb73c1e85cd47f4465dda35f2a94c03790d491bd4423c3?s=96&d=mm&r=g"},"description":"Eric es el especialista y fundador de Antderground, con una amplia trayectoria en artr\u00f3podos y enfocado en la mirmecolog\u00eda y el dise\u00f1o de hormigueros artificiales. Su enfoque combina la innovaci\u00f3n t\u00e9cnica con el respeto por la biolog\u00eda de las hormigas, is\u00f3podos y otros, desarrollando sistemas de nidos modulares 3D y acr\u00edlicos que son referentes para aficionados y profesionales en toda Europa. Su objetivo es facilitar la cr\u00eda de hormigas y otros artr\u00f3podos mediante soluciones seguras y divulgaci\u00f3n de calidad.","sameAs":["https:\/\/antderground.com\/","https:\/\/www.youtube.com\/channel\/UCio72z7TlbufkAthAJIJfPw"]}]}},"_links":{"self":[{"href":"https:\/\/antderground.com\/de\/wp-json\/wp\/v2\/product\/41689","targetHints":{"allow":["GET"]}}],"collection":[{"href":"https:\/\/antderground.com\/de\/wp-json\/wp\/v2\/product"}],"about":[{"href":"https:\/\/antderground.com\/de\/wp-json\/wp\/v2\/types\/product"}],"version-history":[{"count":0,"href":"https:\/\/antderground.com\/de\/wp-json\/wp\/v2\/product\/41689\/revisions"}],"wp:featuredmedia":[{"embeddable":true,"href":"https:\/\/antderground.com\/de\/wp-json\/wp\/v2\/media\/41617"}],"wp:attachment":[{"href":"https:\/\/antderground.com\/de\/wp-json\/wp\/v2\/media?parent=41689"}],"wp:term":[{"taxonomy":"product_brand","embeddable":true,"href":"https:\/\/antderground.com\/de\/wp-json\/wp\/v2\/product_brand?post=41689"},{"taxonomy":"product_cat","embeddable":true,"href":"https:\/\/antderground.com\/de\/wp-json\/wp\/v2\/product_cat?post=41689"},{"taxonomy":"product_tag","embeddable":true,"href":"https:\/\/antderground.com\/de\/wp-json\/wp\/v2\/product_tag?post=41689"}],"curies":[{"name":"wp","href":"https:\/\/api.w.org\/{rel}","templated":true}]}}