{"id":41693,"date":"2025-04-07T11:17:07","date_gmt":"2025-04-07T09:17:07","guid":{"rendered":"https:\/\/www.antderground.com\/producto\/delosperma-echinatum\/"},"modified":"2025-04-07T11:17:07","modified_gmt":"2025-04-07T09:17:07","slug":"delosperma-echinatum","status":"publish","type":"product","link":"https:\/\/antderground.com\/de\/produkt\/delosperma-echinatum\/","title":{"rendered":"Delosperma echinatum"},"content":{"rendered":"<p class=\"\" data-start=\"179\" data-end=\"250\"><strong data-start=\"179\" data-end=\"199\">Botanischer Name<\/strong>: <em data-start=\"201\" data-end=\"223\">Delosperma echinatum<\/em><br data-start=\"223\" data-end=\"226\" \/><strong data-start=\"226\" data-end=\"237\">Familie<\/strong>: Aizoaceae<\/p>\n<h3 class=\"\" data-start=\"252\" data-end=\"275\"><strong data-start=\"256\" data-end=\"273\">Beschreibung:<\/strong><\/h3>\n<p class=\"\" data-start=\"276\" data-end=\"543\"><em data-start=\"276\" data-end=\"298\">Delosperma echinatum<\/em> ist eine mehrj\u00e4hrige Sukkulente aus S\u00fcdafrika. Ihre fleischigen, hellgr\u00fcnen Bl\u00e4tter sind mit feinen, weichen H\u00e4rchen bedeckt und erinnern an kleine Kakteen. Im Sommer bildet sie leuchtend rosa Bl\u00fcten, die einen sch\u00f6nen Kontrast zum Laub bieten.<\/p>\n<h3 class=\"\" data-start=\"545\" data-end=\"569\"><strong data-start=\"549\" data-end=\"569\">Gr\u00f6\u00dfe und Wuchs:<\/strong><\/h3>\n<ul data-start=\"570\" data-end=\"713\">\n<li class=\"\" data-start=\"570\" data-end=\"596\">\n<p class=\"\" data-start=\"572\" data-end=\"596\"><strong data-start=\"572\" data-end=\"580\">H\u00f6he<\/strong>: ca. 15\u201320 cm<\/p>\n<\/li>\n<li class=\"\" data-start=\"597\" data-end=\"625\">\n<p class=\"\" data-start=\"599\" data-end=\"625\"><strong data-start=\"599\" data-end=\"609\">Breite<\/strong>: bis zu 30 cm<\/p>\n<\/li>\n<li class=\"\" data-start=\"626\" data-end=\"713\">\n<p class=\"\" data-start=\"628\" data-end=\"713\"><strong data-start=\"628\" data-end=\"641\">Wuchsform<\/strong>: M\u00e4\u00dfig wachsend, ideal f\u00fcr Steing\u00e4rten, T\u00f6pfe oder sonnige Fensterb\u00e4nke<\/p>\n<\/li>\n<\/ul>\n<h3 class=\"\" data-start=\"715\" data-end=\"735\"><strong data-start=\"719\" data-end=\"735\">Lichtbedarf:<\/strong><\/h3>\n<ul data-start=\"736\" data-end=\"847\">\n<li class=\"\" data-start=\"736\" data-end=\"794\">\n<p class=\"\" data-start=\"738\" data-end=\"794\">Bevorzugt volle Sonne, vertr\u00e4gt aber auch Halbschatten<\/p>\n<\/li>\n<li class=\"\" data-start=\"795\" data-end=\"847\">\n<p class=\"\" data-start=\"797\" data-end=\"847\">Ideal f\u00fcr helle Innenr\u00e4ume, Balkone oder Terrassen<\/p>\n<\/li>\n<\/ul>\n<h3 class=\"\" data-start=\"849\" data-end=\"864\"><strong data-start=\"853\" data-end=\"864\">Gie\u00dfen:<\/strong><\/h3>\n<ul data-start=\"865\" data-end=\"985\">\n<li class=\"\" data-start=\"865\" data-end=\"918\">\n<p class=\"\" data-start=\"867\" data-end=\"918\">Nur gie\u00dfen, wenn die Erde vollst\u00e4ndig trocken ist<\/p>\n<\/li>\n<li class=\"\" data-start=\"919\" data-end=\"985\">\n<p class=\"\" data-start=\"921\" data-end=\"985\">Staun\u00e4sse unbedingt vermeiden, da sie zu Wurzelf\u00e4ule f\u00fchren kann<\/p>\n<\/li>\n<\/ul>\n<h3 class=\"\" data-start=\"987\" data-end=\"1004\"><strong data-start=\"991\" data-end=\"1004\">Substrat:<\/strong><\/h3>\n<ul data-start=\"1005\" data-end=\"1094\">\n<li class=\"\" data-start=\"1005\" data-end=\"1039\">\n<p class=\"\" data-start=\"1007\" data-end=\"1039\">Gut durchl\u00e4ssige, sandige Erde<\/p>\n<\/li>\n<li class=\"\" data-start=\"1040\" data-end=\"1094\">\n<p class=\"\" data-start=\"1042\" data-end=\"1094\">Spezielle Kakteenerde oder Sukkulentenerde empfohlen<\/p>\n<\/li>\n<\/ul>\n<h3 class=\"\" data-start=\"1096\" data-end=\"1115\"><strong data-start=\"1100\" data-end=\"1115\">Temperatur:<\/strong><\/h3>\n<ul data-start=\"1116\" data-end=\"1202\">\n<li class=\"\" data-start=\"1116\" data-end=\"1141\">\n<p class=\"\" data-start=\"1118\" data-end=\"1141\">Liebt W\u00e4rme und Sonne<\/p>\n<\/li>\n<li class=\"\" data-start=\"1142\" data-end=\"1202\">\n<p class=\"\" data-start=\"1144\" data-end=\"1202\">Nicht winterhart \u2013 im Winter drinnen oder frostfrei halten<\/p>\n<\/li>\n<\/ul>\n<h3 class=\"\" data-start=\"1204\" data-end=\"1223\"><strong data-start=\"1208\" data-end=\"1223\">Verwendung:<\/strong><\/h3>\n<ul data-start=\"1224\" data-end=\"1341\">\n<li class=\"\" data-start=\"1224\" data-end=\"1300\">\n<p class=\"\" data-start=\"1226\" data-end=\"1300\">Perfekt als Zierpflanze f\u00fcr Balkonk\u00e4sten, Pflanzgef\u00e4\u00dfe oder Trockenbeete<\/p>\n<\/li>\n<li class=\"\" data-start=\"1301\" data-end=\"1341\">\n<p class=\"\" data-start=\"1303\" data-end=\"1341\">Auch f\u00fcr dekorative Terrarien geeignet<\/p>\n<\/li>\n<\/ul>\n<h3 class=\"\" data-start=\"1343\" data-end=\"1360\"><strong data-start=\"1347\" data-end=\"1360\">Vorteile:<\/strong><\/h3>\n<ul data-start=\"1361\" data-end=\"1447\">\n<li class=\"\" data-start=\"1361\" data-end=\"1382\">\n<p class=\"\" data-start=\"1363\" data-end=\"1382\">Sehr pflegeleicht<\/p>\n<\/li>\n<li class=\"\" data-start=\"1383\" data-end=\"1408\">\n<p class=\"\" data-start=\"1385\" data-end=\"1408\">Trockenheitsresistent<\/p>\n<\/li>\n<li class=\"\" data-start=\"1409\" data-end=\"1447\">\n<p class=\"\" data-start=\"1411\" data-end=\"1447\">Zieht Bienen und andere Best\u00e4uber an<\/p>\n<\/li>\n<\/ul>\n<h3 class=\"\" data-start=\"1449\" data-end=\"1467\"><strong data-start=\"1453\" data-end=\"1467\">Toxizit\u00e4t:<\/strong><\/h3>\n<ul data-start=\"1468\" data-end=\"1510\">\n<li class=\"\" data-start=\"1468\" data-end=\"1510\">\n<p class=\"\" data-start=\"1470\" data-end=\"1510\">Nicht giftig f\u00fcr Menschen oder Haustiere<\/p>\n<\/li>\n<\/ul>\n","protected":false},"excerpt":{"rendered":"<p class=\"\" data-start=\"3421\" data-end=\"3587\">Hol dir mit Delosperma echinatum \ud83c\udf35 eine besondere Sukkulente nach Hause! Pflegeleicht, sonnig und trockenheitsresistent \u2013 perfekt f\u00fcr Topf, Balkon oder Terrarium. \ud83c\udf38<\/p>\n<p><strong>Merkmale:<\/strong><\/p>\n<ul>\n<li>Topf: 5,5 cm.<\/li>\n<li>Innen<\/li>\n<\/ul>\n","protected":false},"featured_media":41607,"template":"","meta":[],"product_brand":[],"product_cat":[638],"product_tag":[],"class_list":{"0":"post-41693","1":"product","2":"type-product","3":"status-publish","4":"has-post-thumbnail","6":"product_cat-naturliche-pflanzen","8":"first","9":"outofstock","10":"shipping-taxable","11":"purchasable","12":"product-type-simple"},"yoast_head":"<!-- This site is optimized with the Yoast SEO plugin v27.3 - https:\/\/yoast.com\/product\/yoast-seo-wordpress\/ -->\n<title>Delosperma echinatum | saftige Pflanzen - ANTDERGROUND<\/title>\n<meta name=\"description\" content=\"Delosperma echinatum \ud83c\udf35 \u2013 pflegeleichte Sukkulente f\u00fcr Balkon, Fensterbank oder Terrarium. Ideal f\u00fcr sonnige Standorte! \ud83c\udf38\" \/>\n<meta name=\"robots\" content=\"index, follow, max-snippet:-1, max-image-preview:large, max-video-preview:-1\" \/>\n<link rel=\"canonical\" href=\"https:\/\/antderground.com\/de\/produkt\/delosperma-echinatum\/\" \/>\n<meta property=\"og:locale\" content=\"de_DE\" \/>\n<meta property=\"og:type\" content=\"article\" \/>\n<meta property=\"og:title\" content=\"Delosperma echinatum | saftige Pflanzen - ANTDERGROUND\" \/>\n<meta property=\"og:description\" content=\"Delosperma echinatum \ud83c\udf35 \u2013 pflegeleichte Sukkulente f\u00fcr Balkon, Fensterbank oder Terrarium. Ideal f\u00fcr sonnige Standorte! \ud83c\udf38\" \/>\n<meta property=\"og:url\" content=\"https:\/\/antderground.com\/de\/produkt\/delosperma-echinatum\/\" \/>\n<meta property=\"og:site_name\" content=\"ANTDERGROUND\" \/>\n<meta property=\"og:image\" content=\"https:\/\/antderground.com\/wp-content\/uploads\/2025\/04\/Delosperma-echinatum.jpeg\" \/>\n\t<meta property=\"og:image:width\" content=\"1600\" \/>\n\t<meta property=\"og:image:height\" content=\"1600\" \/>\n\t<meta property=\"og:image:type\" content=\"image\/jpeg\" \/>\n<meta name=\"twitter:card\" content=\"summary_large_image\" \/>\n<meta name=\"twitter:label1\" content=\"Gesch\u00e4tzte Lesezeit\" \/>\n\t<meta name=\"twitter:data1\" content=\"1\u00a0Minute\" \/>\n<script type=\"application\/ld+json\" class=\"yoast-schema-graph\">{\"@context\":\"https:\\\/\\\/schema.org\",\"@graph\":[{\"@type\":\"WebPage\",\"@id\":\"https:\\\/\\\/antderground.com\\\/de\\\/produkt\\\/delosperma-echinatum\\\/\",\"url\":\"https:\\\/\\\/antderground.com\\\/de\\\/produkt\\\/delosperma-echinatum\\\/\",\"name\":\"Delosperma echinatum | saftige Pflanzen - ANTDERGROUND\",\"isPartOf\":{\"@id\":\"https:\\\/\\\/antderground.com\\\/de\\\/#website\"},\"primaryImageOfPage\":{\"@id\":\"https:\\\/\\\/antderground.com\\\/de\\\/produkt\\\/delosperma-echinatum\\\/#primaryimage\"},\"image\":{\"@id\":\"https:\\\/\\\/antderground.com\\\/de\\\/produkt\\\/delosperma-echinatum\\\/#primaryimage\"},\"thumbnailUrl\":\"https:\\\/\\\/antderground.com\\\/wp-content\\\/uploads\\\/2025\\\/04\\\/Delosperma-echinatum.jpeg\",\"datePublished\":\"2025-04-07T09:17:07+00:00\",\"description\":\"Delosperma echinatum \ud83c\udf35 \u2013 pflegeleichte Sukkulente f\u00fcr Balkon, Fensterbank oder Terrarium. Ideal f\u00fcr sonnige Standorte! \ud83c\udf38\",\"breadcrumb\":{\"@id\":\"https:\\\/\\\/antderground.com\\\/de\\\/produkt\\\/delosperma-echinatum\\\/#breadcrumb\"},\"inLanguage\":\"de\",\"potentialAction\":[{\"@type\":\"ReadAction\",\"target\":[\"https:\\\/\\\/antderground.com\\\/de\\\/produkt\\\/delosperma-echinatum\\\/\"]}]},{\"@type\":\"ImageObject\",\"inLanguage\":\"de\",\"@id\":\"https:\\\/\\\/antderground.com\\\/de\\\/produkt\\\/delosperma-echinatum\\\/#primaryimage\",\"url\":\"https:\\\/\\\/antderground.com\\\/wp-content\\\/uploads\\\/2025\\\/04\\\/Delosperma-echinatum.jpeg\",\"contentUrl\":\"https:\\\/\\\/antderground.com\\\/wp-content\\\/uploads\\\/2025\\\/04\\\/Delosperma-echinatum.jpeg\",\"width\":1600,\"height\":1600,\"caption\":\"Delosperma echinatum\"},{\"@type\":\"BreadcrumbList\",\"@id\":\"https:\\\/\\\/antderground.com\\\/de\\\/produkt\\\/delosperma-echinatum\\\/#breadcrumb\",\"itemListElement\":[{\"@type\":\"ListItem\",\"position\":1,\"name\":\"Portada\",\"item\":\"https:\\\/\\\/antderground.com\\\/de\\\/\"},{\"@type\":\"ListItem\",\"position\":2,\"name\":\"Shop\",\"item\":\"https:\\\/\\\/antderground.com\\\/de\\\/shop\\\/\"},{\"@type\":\"ListItem\",\"position\":3,\"name\":\"Delosperma echinatum\"}]},{\"@type\":\"WebSite\",\"@id\":\"https:\\\/\\\/antderground.com\\\/de\\\/#website\",\"url\":\"https:\\\/\\\/antderground.com\\\/de\\\/\",\"name\":\"ANTDERGROUND\",\"description\":\"Tu tienda de hormigas, gran variedad de hormigueros acr\u00edlicos,madera,arena,3D y mas.. Pide tus hormigas gratis con tu pedido, somos expertos en hormigueros antifugas.\",\"publisher\":{\"@id\":\"https:\\\/\\\/antderground.com\\\/de\\\/#\\\/schema\\\/person\\\/0e322c505e84fe72c65e2f6d08f96b81\"},\"alternateName\":\"Antderground\",\"potentialAction\":[{\"@type\":\"SearchAction\",\"target\":{\"@type\":\"EntryPoint\",\"urlTemplate\":\"https:\\\/\\\/antderground.com\\\/de\\\/?s={search_term_string}\"},\"query-input\":{\"@type\":\"PropertyValueSpecification\",\"valueRequired\":true,\"valueName\":\"search_term_string\"}}],\"inLanguage\":\"de\"},{\"@type\":[\"Person\",\"Organization\"],\"@id\":\"https:\\\/\\\/antderground.com\\\/de\\\/#\\\/schema\\\/person\\\/0e322c505e84fe72c65e2f6d08f96b81\",\"name\":\"Eric de Antderground\",\"image\":{\"@type\":\"ImageObject\",\"inLanguage\":\"de\",\"@id\":\"https:\\\/\\\/secure.gravatar.com\\\/avatar\\\/c49a1b9f79216d1498cb73c1e85cd47f4465dda35f2a94c03790d491bd4423c3?s=96&d=mm&r=g\",\"url\":\"https:\\\/\\\/secure.gravatar.com\\\/avatar\\\/c49a1b9f79216d1498cb73c1e85cd47f4465dda35f2a94c03790d491bd4423c3?s=96&d=mm&r=g\",\"contentUrl\":\"https:\\\/\\\/secure.gravatar.com\\\/avatar\\\/c49a1b9f79216d1498cb73c1e85cd47f4465dda35f2a94c03790d491bd4423c3?s=96&d=mm&r=g\",\"caption\":\"Eric de Antderground\"},\"logo\":{\"@id\":\"https:\\\/\\\/secure.gravatar.com\\\/avatar\\\/c49a1b9f79216d1498cb73c1e85cd47f4465dda35f2a94c03790d491bd4423c3?s=96&d=mm&r=g\"},\"description\":\"Eric es el especialista y fundador de Antderground, con una amplia trayectoria en artr\u00f3podos y enfocado en la mirmecolog\u00eda y el dise\u00f1o de hormigueros artificiales. Su enfoque combina la innovaci\u00f3n t\u00e9cnica con el respeto por la biolog\u00eda de las hormigas, is\u00f3podos y otros, desarrollando sistemas de nidos modulares 3D y acr\u00edlicos que son referentes para aficionados y profesionales en toda Europa. Su objetivo es facilitar la cr\u00eda de hormigas y otros artr\u00f3podos mediante soluciones seguras y divulgaci\u00f3n de calidad.\",\"sameAs\":[\"https:\\\/\\\/antderground.com\\\/\",\"https:\\\/\\\/www.youtube.com\\\/channel\\\/UCio72z7TlbufkAthAJIJfPw\"]}]}<\/script>\n<!-- \/ Yoast SEO plugin. -->","yoast_head_json":{"title":"Delosperma echinatum | saftige Pflanzen - ANTDERGROUND","description":"Delosperma echinatum \ud83c\udf35 \u2013 pflegeleichte Sukkulente f\u00fcr Balkon, Fensterbank oder Terrarium. Ideal f\u00fcr sonnige Standorte! \ud83c\udf38","robots":{"index":"index","follow":"follow","max-snippet":"max-snippet:-1","max-image-preview":"max-image-preview:large","max-video-preview":"max-video-preview:-1"},"canonical":"https:\/\/antderground.com\/de\/produkt\/delosperma-echinatum\/","og_locale":"de_DE","og_type":"article","og_title":"Delosperma echinatum | saftige Pflanzen - ANTDERGROUND","og_description":"Delosperma echinatum \ud83c\udf35 \u2013 pflegeleichte Sukkulente f\u00fcr Balkon, Fensterbank oder Terrarium. Ideal f\u00fcr sonnige Standorte! \ud83c\udf38","og_url":"https:\/\/antderground.com\/de\/produkt\/delosperma-echinatum\/","og_site_name":"ANTDERGROUND","og_image":[{"width":1600,"height":1600,"url":"https:\/\/antderground.com\/wp-content\/uploads\/2025\/04\/Delosperma-echinatum.jpeg","type":"image\/jpeg"}],"twitter_card":"summary_large_image","twitter_misc":{"Gesch\u00e4tzte Lesezeit":"1\u00a0Minute"},"schema":{"@context":"https:\/\/schema.org","@graph":[{"@type":"WebPage","@id":"https:\/\/antderground.com\/de\/produkt\/delosperma-echinatum\/","url":"https:\/\/antderground.com\/de\/produkt\/delosperma-echinatum\/","name":"Delosperma echinatum | saftige Pflanzen - ANTDERGROUND","isPartOf":{"@id":"https:\/\/antderground.com\/de\/#website"},"primaryImageOfPage":{"@id":"https:\/\/antderground.com\/de\/produkt\/delosperma-echinatum\/#primaryimage"},"image":{"@id":"https:\/\/antderground.com\/de\/produkt\/delosperma-echinatum\/#primaryimage"},"thumbnailUrl":"https:\/\/antderground.com\/wp-content\/uploads\/2025\/04\/Delosperma-echinatum.jpeg","datePublished":"2025-04-07T09:17:07+00:00","description":"Delosperma echinatum \ud83c\udf35 \u2013 pflegeleichte Sukkulente f\u00fcr Balkon, Fensterbank oder Terrarium. Ideal f\u00fcr sonnige Standorte! \ud83c\udf38","breadcrumb":{"@id":"https:\/\/antderground.com\/de\/produkt\/delosperma-echinatum\/#breadcrumb"},"inLanguage":"de","potentialAction":[{"@type":"ReadAction","target":["https:\/\/antderground.com\/de\/produkt\/delosperma-echinatum\/"]}]},{"@type":"ImageObject","inLanguage":"de","@id":"https:\/\/antderground.com\/de\/produkt\/delosperma-echinatum\/#primaryimage","url":"https:\/\/antderground.com\/wp-content\/uploads\/2025\/04\/Delosperma-echinatum.jpeg","contentUrl":"https:\/\/antderground.com\/wp-content\/uploads\/2025\/04\/Delosperma-echinatum.jpeg","width":1600,"height":1600,"caption":"Delosperma echinatum"},{"@type":"BreadcrumbList","@id":"https:\/\/antderground.com\/de\/produkt\/delosperma-echinatum\/#breadcrumb","itemListElement":[{"@type":"ListItem","position":1,"name":"Portada","item":"https:\/\/antderground.com\/de\/"},{"@type":"ListItem","position":2,"name":"Shop","item":"https:\/\/antderground.com\/de\/shop\/"},{"@type":"ListItem","position":3,"name":"Delosperma echinatum"}]},{"@type":"WebSite","@id":"https:\/\/antderground.com\/de\/#website","url":"https:\/\/antderground.com\/de\/","name":"ANTDERGROUND","description":"Tu tienda de hormigas, gran variedad de hormigueros acr\u00edlicos,madera,arena,3D y mas.. Pide tus hormigas gratis con tu pedido, somos expertos en hormigueros antifugas.","publisher":{"@id":"https:\/\/antderground.com\/de\/#\/schema\/person\/0e322c505e84fe72c65e2f6d08f96b81"},"alternateName":"Antderground","potentialAction":[{"@type":"SearchAction","target":{"@type":"EntryPoint","urlTemplate":"https:\/\/antderground.com\/de\/?s={search_term_string}"},"query-input":{"@type":"PropertyValueSpecification","valueRequired":true,"valueName":"search_term_string"}}],"inLanguage":"de"},{"@type":["Person","Organization"],"@id":"https:\/\/antderground.com\/de\/#\/schema\/person\/0e322c505e84fe72c65e2f6d08f96b81","name":"Eric de Antderground","image":{"@type":"ImageObject","inLanguage":"de","@id":"https:\/\/secure.gravatar.com\/avatar\/c49a1b9f79216d1498cb73c1e85cd47f4465dda35f2a94c03790d491bd4423c3?s=96&d=mm&r=g","url":"https:\/\/secure.gravatar.com\/avatar\/c49a1b9f79216d1498cb73c1e85cd47f4465dda35f2a94c03790d491bd4423c3?s=96&d=mm&r=g","contentUrl":"https:\/\/secure.gravatar.com\/avatar\/c49a1b9f79216d1498cb73c1e85cd47f4465dda35f2a94c03790d491bd4423c3?s=96&d=mm&r=g","caption":"Eric de Antderground"},"logo":{"@id":"https:\/\/secure.gravatar.com\/avatar\/c49a1b9f79216d1498cb73c1e85cd47f4465dda35f2a94c03790d491bd4423c3?s=96&d=mm&r=g"},"description":"Eric es el especialista y fundador de Antderground, con una amplia trayectoria en artr\u00f3podos y enfocado en la mirmecolog\u00eda y el dise\u00f1o de hormigueros artificiales. Su enfoque combina la innovaci\u00f3n t\u00e9cnica con el respeto por la biolog\u00eda de las hormigas, is\u00f3podos y otros, desarrollando sistemas de nidos modulares 3D y acr\u00edlicos que son referentes para aficionados y profesionales en toda Europa. Su objetivo es facilitar la cr\u00eda de hormigas y otros artr\u00f3podos mediante soluciones seguras y divulgaci\u00f3n de calidad.","sameAs":["https:\/\/antderground.com\/","https:\/\/www.youtube.com\/channel\/UCio72z7TlbufkAthAJIJfPw"]}]}},"_links":{"self":[{"href":"https:\/\/antderground.com\/de\/wp-json\/wp\/v2\/product\/41693","targetHints":{"allow":["GET"]}}],"collection":[{"href":"https:\/\/antderground.com\/de\/wp-json\/wp\/v2\/product"}],"about":[{"href":"https:\/\/antderground.com\/de\/wp-json\/wp\/v2\/types\/product"}],"version-history":[{"count":0,"href":"https:\/\/antderground.com\/de\/wp-json\/wp\/v2\/product\/41693\/revisions"}],"wp:featuredmedia":[{"embeddable":true,"href":"https:\/\/antderground.com\/de\/wp-json\/wp\/v2\/media\/41607"}],"wp:attachment":[{"href":"https:\/\/antderground.com\/de\/wp-json\/wp\/v2\/media?parent=41693"}],"wp:term":[{"taxonomy":"product_brand","embeddable":true,"href":"https:\/\/antderground.com\/de\/wp-json\/wp\/v2\/product_brand?post=41693"},{"taxonomy":"product_cat","embeddable":true,"href":"https:\/\/antderground.com\/de\/wp-json\/wp\/v2\/product_cat?post=41693"},{"taxonomy":"product_tag","embeddable":true,"href":"https:\/\/antderground.com\/de\/wp-json\/wp\/v2\/product_tag?post=41693"}],"curies":[{"name":"wp","href":"https:\/\/api.w.org\/{rel}","templated":true}]}}