{"id":41699,"date":"2025-04-07T10:49:56","date_gmt":"2025-04-07T08:49:56","guid":{"rendered":"https:\/\/www.antderground.com\/producto\/echeveria-purpusorum\/"},"modified":"2025-06-24T13:39:32","modified_gmt":"2025-06-24T11:39:32","slug":"echeveria-purpusorum","status":"publish","type":"product","link":"https:\/\/antderground.com\/de\/produkt\/echeveria-purpusorum\/","title":{"rendered":"Echeveria purpusorum"},"content":{"rendered":"<h3 class=\"\" data-start=\"1997\" data-end=\"2049\">\ud83c\udf3f Technisches Datenblatt \u2013 Echeveria purpusorum<\/h3>\n<p class=\"\" data-start=\"2051\" data-end=\"2215\"><strong data-start=\"2051\" data-end=\"2070\">Deutscher Name:<\/strong> Echeverie<br data-start=\"2080\" data-end=\"2083\" \/><strong data-start=\"2083\" data-end=\"2111\">Wissenschaftlicher Name:<\/strong> <em data-start=\"2112\" data-end=\"2134\">Echeveria purpusorum<\/em><br data-start=\"2134\" data-end=\"2137\" \/><strong data-start=\"2137\" data-end=\"2149\">Familie:<\/strong> Crassulaceae<br data-start=\"2162\" data-end=\"2165\" \/><strong data-start=\"2165\" data-end=\"2178\">Herkunft:<\/strong> Mexiko (vor allem Oaxaca und Puebla)<\/p>\n<h3 class=\"\" data-start=\"2222\" data-end=\"2236\">\ud83d\udccf Gr\u00f6\u00dfe<\/h3>\n<ul data-start=\"2237\" data-end=\"2321\">\n<li class=\"\" data-start=\"2237\" data-end=\"2263\">\n<p class=\"\" data-start=\"2239\" data-end=\"2263\"><strong data-start=\"2239\" data-end=\"2248\">H\u00f6he:<\/strong> Bis zu 15 cm<\/p>\n<\/li>\n<li class=\"\" data-start=\"2264\" data-end=\"2297\">\n<p class=\"\" data-start=\"2266\" data-end=\"2297\"><strong data-start=\"2266\" data-end=\"2282\">Durchmesser:<\/strong> Bis zu 15 cm<\/p>\n<\/li>\n<li class=\"\" data-start=\"2298\" data-end=\"2321\">\n<p class=\"\" data-start=\"2300\" data-end=\"2321\"><strong data-start=\"2300\" data-end=\"2313\">Wachstum:<\/strong> Langsam<\/p>\n<\/li>\n<\/ul>\n<h3 class=\"\" data-start=\"2328\" data-end=\"2342\">\ud83c\udf1e Licht<\/h3>\n<ul data-start=\"2343\" data-end=\"2469\">\n<li class=\"\" data-start=\"2343\" data-end=\"2386\">\n<p class=\"\" data-start=\"2345\" data-end=\"2386\">Bevorzugt <strong data-start=\"2355\" data-end=\"2383\">helles, indirektes Licht<\/strong>.<\/p>\n<\/li>\n<li class=\"\" data-start=\"2387\" data-end=\"2469\">\n<p class=\"\" data-start=\"2389\" data-end=\"2469\">Morgensonne ist okay, direkte Mittagssonne vermeiden, wenn nicht akklimatisiert.<\/p>\n<\/li>\n<\/ul>\n<h3 class=\"\" data-start=\"2476\" data-end=\"2496\">\ud83c\udf21\ufe0f Temperatur<\/h3>\n<ul data-start=\"2497\" data-end=\"2586\">\n<li class=\"\" data-start=\"2497\" data-end=\"2525\">\n<p class=\"\" data-start=\"2499\" data-end=\"2525\">Ideal: <strong data-start=\"2506\" data-end=\"2523\">15\u00b0C bis 27\u00b0C<\/strong><\/p>\n<\/li>\n<li class=\"\" data-start=\"2526\" data-end=\"2564\">\n<p class=\"\" data-start=\"2528\" data-end=\"2564\">Frostempfindlich (mindestens 5\u00b0C).<\/p>\n<\/li>\n<li class=\"\" data-start=\"2565\" data-end=\"2586\">\n<p class=\"\" data-start=\"2567\" data-end=\"2586\">Vor K\u00e4lte sch\u00fctzen.<\/p>\n<\/li>\n<\/ul>\n<h3 class=\"\" data-start=\"2593\" data-end=\"2608\">\ud83d\udca7 Gie\u00dfen<\/h3>\n<ul data-start=\"2609\" data-end=\"2724\">\n<li class=\"\" data-start=\"2609\" data-end=\"2671\">\n<p class=\"\" data-start=\"2611\" data-end=\"2671\"><strong data-start=\"2611\" data-end=\"2627\">M\u00e4\u00dfig gie\u00dfen<\/strong>: Substrat vollst\u00e4ndig austrocknen lassen.<\/p>\n<\/li>\n<li class=\"\" data-start=\"2672\" data-end=\"2701\">\n<p class=\"\" data-start=\"2674\" data-end=\"2701\">Im Winter weniger gie\u00dfen.<\/p>\n<\/li>\n<li class=\"\" data-start=\"2702\" data-end=\"2724\">\n<p class=\"\" data-start=\"2704\" data-end=\"2724\">Staun\u00e4sse vermeiden.<\/p>\n<\/li>\n<\/ul>\n<h3 class=\"\" data-start=\"2731\" data-end=\"2748\">\ud83e\udeb4 Substrat<\/h3>\n<ul data-start=\"2749\" data-end=\"2862\">\n<li class=\"\" data-start=\"2749\" data-end=\"2808\">\n<p class=\"\" data-start=\"2751\" data-end=\"2808\">Gut drainierend, ideal f\u00fcr <strong data-start=\"2778\" data-end=\"2805\">Kakteen und Sukkulenten<\/strong>.<\/p>\n<\/li>\n<li class=\"\" data-start=\"2809\" data-end=\"2862\">\n<p class=\"\" data-start=\"2811\" data-end=\"2862\">Empfehlung: Blumenerde + Perlit\/Bims + grober Sand.<\/p>\n<\/li>\n<\/ul>\n<h3 class=\"\" data-start=\"2869\" data-end=\"2888\">\ud83c\udf31 Vermehrung<\/h3>\n<ul data-start=\"2889\" data-end=\"3010\">\n<li class=\"\" data-start=\"2889\" data-end=\"2956\">\n<p class=\"\" data-start=\"2891\" data-end=\"2956\">Durch <strong data-start=\"2897\" data-end=\"2907\">Kindel<\/strong>, auch \u00fcber <strong data-start=\"2919\" data-end=\"2930\">Bl\u00e4tter<\/strong> oder <strong data-start=\"2936\" data-end=\"2945\">Samen<\/strong> m\u00f6glich.<\/p>\n<\/li>\n<li class=\"\" data-start=\"2957\" data-end=\"3010\">\n<p class=\"\" data-start=\"2959\" data-end=\"3010\">Kindel erst trennen, wenn sie eigene Wurzeln haben.<\/p>\n<\/li>\n<\/ul>\n<h3 class=\"\" data-start=\"3017\" data-end=\"3034\">\ud83d\udc3e Ungiftig<\/h3>\n<ul data-start=\"3035\" data-end=\"3098\">\n<li class=\"\" data-start=\"3035\" data-end=\"3098\">\n<p class=\"\" data-start=\"3037\" data-end=\"3098\"><strong data-start=\"3037\" data-end=\"3053\">Nicht giftig<\/strong> f\u00fcr Haustiere, aber Verzehr nicht empfohlen.<\/p>\n<\/li>\n<\/ul>\n<h3 class=\"\" data-start=\"3105\" data-end=\"3125\">\ud83d\udee0\ufe0f Verwendung<\/h3>\n<ul data-start=\"3126\" data-end=\"3255\">\n<li class=\"\" data-start=\"3126\" data-end=\"3192\">\n<p class=\"\" data-start=\"3128\" data-end=\"3192\">Ideal f\u00fcr dekorative T\u00f6pfe, Steing\u00e4rten oder offene Terrarien.<\/p>\n<\/li>\n<li class=\"\" data-start=\"3193\" data-end=\"3255\">\n<p class=\"\" data-start=\"3195\" data-end=\"3255\">Beliebt wegen ihrer kompakten Form und sch\u00f6nen Blattf\u00e4rbung.<\/p>\n<\/li>\n<\/ul>\n","protected":false},"excerpt":{"rendered":"<p class=\"\" data-start=\"3299\" data-end=\"3470\">Echeveria purpusorum ist eine kompakte, wundersch\u00f6ne Sukkulente mit gr\u00fcn-roten Bl\u00e4ttern und einzigartigem Muster \ud83c\udf35 Pflegeleicht, perfekt f\u00fcr Anf\u00e4nger und Sukkulentenfans.<\/p>\n<p><strong>Merkmale:<\/strong><\/p>\n<ul>\n<li>Topf: 5,5 cm.<\/li>\n<li>Innen<\/li>\n<\/ul>\n","protected":false},"featured_media":41596,"template":"","meta":[],"product_brand":[],"product_cat":[638],"product_tag":[],"class_list":{"0":"post-41699","1":"product","2":"type-product","3":"status-publish","4":"has-post-thumbnail","6":"product_cat-naturliche-pflanzen","8":"first","9":"outofstock","10":"shipping-taxable","11":"purchasable","12":"product-type-simple"},"yoast_head":"<!-- This site is optimized with the Yoast SEO plugin v27.3 - https:\/\/yoast.com\/product\/yoast-seo-wordpress\/ -->\n<title>Echeveria purpusorum | Nat\u00fcrliche Pflanzen - ANTDERGROUND<\/title>\n<meta name=\"description\" content=\"Echeveria purpusorum \ud83c\udf35 kompakte Sukkulente mit gr\u00fcnen und roten Bl\u00e4ttern. Einfach zu pflegen, ideal f\u00fcr jede Deko oder Sammlung.\" \/>\n<meta name=\"robots\" content=\"index, follow, max-snippet:-1, max-image-preview:large, max-video-preview:-1\" \/>\n<link rel=\"canonical\" href=\"https:\/\/antderground.com\/de\/produkt\/echeveria-purpusorum\/\" \/>\n<meta property=\"og:locale\" content=\"de_DE\" \/>\n<meta property=\"og:type\" content=\"article\" \/>\n<meta property=\"og:title\" content=\"Echeveria purpusorum | Nat\u00fcrliche Pflanzen - ANTDERGROUND\" \/>\n<meta property=\"og:description\" content=\"Echeveria purpusorum \ud83c\udf35 kompakte Sukkulente mit gr\u00fcnen und roten Bl\u00e4ttern. Einfach zu pflegen, ideal f\u00fcr jede Deko oder Sammlung.\" \/>\n<meta property=\"og:url\" content=\"https:\/\/antderground.com\/de\/produkt\/echeveria-purpusorum\/\" \/>\n<meta property=\"og:site_name\" content=\"ANTDERGROUND\" \/>\n<meta property=\"article:modified_time\" content=\"2025-06-24T11:39:32+00:00\" \/>\n<meta property=\"og:image\" content=\"https:\/\/antderground.com\/wp-content\/uploads\/2025\/04\/Echeveria-purpusorum.jpeg\" \/>\n\t<meta property=\"og:image:width\" content=\"1600\" \/>\n\t<meta property=\"og:image:height\" content=\"1600\" \/>\n\t<meta property=\"og:image:type\" content=\"image\/jpeg\" \/>\n<meta name=\"twitter:card\" content=\"summary_large_image\" \/>\n<meta name=\"twitter:label1\" content=\"Gesch\u00e4tzte Lesezeit\" \/>\n\t<meta name=\"twitter:data1\" content=\"1\u00a0Minute\" \/>\n<script type=\"application\/ld+json\" class=\"yoast-schema-graph\">{\"@context\":\"https:\\\/\\\/schema.org\",\"@graph\":[{\"@type\":\"WebPage\",\"@id\":\"https:\\\/\\\/antderground.com\\\/de\\\/produkt\\\/echeveria-purpusorum\\\/\",\"url\":\"https:\\\/\\\/antderground.com\\\/de\\\/produkt\\\/echeveria-purpusorum\\\/\",\"name\":\"Echeveria purpusorum | Nat\u00fcrliche Pflanzen - ANTDERGROUND\",\"isPartOf\":{\"@id\":\"https:\\\/\\\/antderground.com\\\/de\\\/#website\"},\"primaryImageOfPage\":{\"@id\":\"https:\\\/\\\/antderground.com\\\/de\\\/produkt\\\/echeveria-purpusorum\\\/#primaryimage\"},\"image\":{\"@id\":\"https:\\\/\\\/antderground.com\\\/de\\\/produkt\\\/echeveria-purpusorum\\\/#primaryimage\"},\"thumbnailUrl\":\"https:\\\/\\\/antderground.com\\\/wp-content\\\/uploads\\\/2025\\\/04\\\/Echeveria-purpusorum.jpeg\",\"datePublished\":\"2025-04-07T08:49:56+00:00\",\"dateModified\":\"2025-06-24T11:39:32+00:00\",\"description\":\"Echeveria purpusorum \ud83c\udf35 kompakte Sukkulente mit gr\u00fcnen und roten Bl\u00e4ttern. Einfach zu pflegen, ideal f\u00fcr jede Deko oder Sammlung.\",\"breadcrumb\":{\"@id\":\"https:\\\/\\\/antderground.com\\\/de\\\/produkt\\\/echeveria-purpusorum\\\/#breadcrumb\"},\"inLanguage\":\"de\",\"potentialAction\":[{\"@type\":\"ReadAction\",\"target\":[\"https:\\\/\\\/antderground.com\\\/de\\\/produkt\\\/echeveria-purpusorum\\\/\"]}]},{\"@type\":\"ImageObject\",\"inLanguage\":\"de\",\"@id\":\"https:\\\/\\\/antderground.com\\\/de\\\/produkt\\\/echeveria-purpusorum\\\/#primaryimage\",\"url\":\"https:\\\/\\\/antderground.com\\\/wp-content\\\/uploads\\\/2025\\\/04\\\/Echeveria-purpusorum.jpeg\",\"contentUrl\":\"https:\\\/\\\/antderground.com\\\/wp-content\\\/uploads\\\/2025\\\/04\\\/Echeveria-purpusorum.jpeg\",\"width\":1600,\"height\":1600,\"caption\":\"Echeveria purpusorum\"},{\"@type\":\"BreadcrumbList\",\"@id\":\"https:\\\/\\\/antderground.com\\\/de\\\/produkt\\\/echeveria-purpusorum\\\/#breadcrumb\",\"itemListElement\":[{\"@type\":\"ListItem\",\"position\":1,\"name\":\"Portada\",\"item\":\"https:\\\/\\\/antderground.com\\\/de\\\/\"},{\"@type\":\"ListItem\",\"position\":2,\"name\":\"Shop\",\"item\":\"https:\\\/\\\/antderground.com\\\/de\\\/shop\\\/\"},{\"@type\":\"ListItem\",\"position\":3,\"name\":\"Echeveria purpusorum\"}]},{\"@type\":\"WebSite\",\"@id\":\"https:\\\/\\\/antderground.com\\\/de\\\/#website\",\"url\":\"https:\\\/\\\/antderground.com\\\/de\\\/\",\"name\":\"ANTDERGROUND\",\"description\":\"Tu tienda de hormigas, gran variedad de hormigueros acr\u00edlicos,madera,arena,3D y mas.. Pide tus hormigas gratis con tu pedido, somos expertos en hormigueros antifugas.\",\"publisher\":{\"@id\":\"https:\\\/\\\/antderground.com\\\/de\\\/#\\\/schema\\\/person\\\/0e322c505e84fe72c65e2f6d08f96b81\"},\"alternateName\":\"Antderground\",\"potentialAction\":[{\"@type\":\"SearchAction\",\"target\":{\"@type\":\"EntryPoint\",\"urlTemplate\":\"https:\\\/\\\/antderground.com\\\/de\\\/?s={search_term_string}\"},\"query-input\":{\"@type\":\"PropertyValueSpecification\",\"valueRequired\":true,\"valueName\":\"search_term_string\"}}],\"inLanguage\":\"de\"},{\"@type\":[\"Person\",\"Organization\"],\"@id\":\"https:\\\/\\\/antderground.com\\\/de\\\/#\\\/schema\\\/person\\\/0e322c505e84fe72c65e2f6d08f96b81\",\"name\":\"Eric de Antderground\",\"image\":{\"@type\":\"ImageObject\",\"inLanguage\":\"de\",\"@id\":\"https:\\\/\\\/secure.gravatar.com\\\/avatar\\\/c49a1b9f79216d1498cb73c1e85cd47f4465dda35f2a94c03790d491bd4423c3?s=96&d=mm&r=g\",\"url\":\"https:\\\/\\\/secure.gravatar.com\\\/avatar\\\/c49a1b9f79216d1498cb73c1e85cd47f4465dda35f2a94c03790d491bd4423c3?s=96&d=mm&r=g\",\"contentUrl\":\"https:\\\/\\\/secure.gravatar.com\\\/avatar\\\/c49a1b9f79216d1498cb73c1e85cd47f4465dda35f2a94c03790d491bd4423c3?s=96&d=mm&r=g\",\"caption\":\"Eric de Antderground\"},\"logo\":{\"@id\":\"https:\\\/\\\/secure.gravatar.com\\\/avatar\\\/c49a1b9f79216d1498cb73c1e85cd47f4465dda35f2a94c03790d491bd4423c3?s=96&d=mm&r=g\"},\"description\":\"Eric es el especialista y fundador de Antderground, con una amplia trayectoria en artr\u00f3podos y enfocado en la mirmecolog\u00eda y el dise\u00f1o de hormigueros artificiales. Su enfoque combina la innovaci\u00f3n t\u00e9cnica con el respeto por la biolog\u00eda de las hormigas, is\u00f3podos y otros, desarrollando sistemas de nidos modulares 3D y acr\u00edlicos que son referentes para aficionados y profesionales en toda Europa. Su objetivo es facilitar la cr\u00eda de hormigas y otros artr\u00f3podos mediante soluciones seguras y divulgaci\u00f3n de calidad.\",\"sameAs\":[\"https:\\\/\\\/antderground.com\\\/\",\"https:\\\/\\\/www.youtube.com\\\/channel\\\/UCio72z7TlbufkAthAJIJfPw\"]}]}<\/script>\n<!-- \/ Yoast SEO plugin. -->","yoast_head_json":{"title":"Echeveria purpusorum | Nat\u00fcrliche Pflanzen - ANTDERGROUND","description":"Echeveria purpusorum \ud83c\udf35 kompakte Sukkulente mit gr\u00fcnen und roten Bl\u00e4ttern. Einfach zu pflegen, ideal f\u00fcr jede Deko oder Sammlung.","robots":{"index":"index","follow":"follow","max-snippet":"max-snippet:-1","max-image-preview":"max-image-preview:large","max-video-preview":"max-video-preview:-1"},"canonical":"https:\/\/antderground.com\/de\/produkt\/echeveria-purpusorum\/","og_locale":"de_DE","og_type":"article","og_title":"Echeveria purpusorum | Nat\u00fcrliche Pflanzen - ANTDERGROUND","og_description":"Echeveria purpusorum \ud83c\udf35 kompakte Sukkulente mit gr\u00fcnen und roten Bl\u00e4ttern. Einfach zu pflegen, ideal f\u00fcr jede Deko oder Sammlung.","og_url":"https:\/\/antderground.com\/de\/produkt\/echeveria-purpusorum\/","og_site_name":"ANTDERGROUND","article_modified_time":"2025-06-24T11:39:32+00:00","og_image":[{"width":1600,"height":1600,"url":"https:\/\/antderground.com\/wp-content\/uploads\/2025\/04\/Echeveria-purpusorum.jpeg","type":"image\/jpeg"}],"twitter_card":"summary_large_image","twitter_misc":{"Gesch\u00e4tzte Lesezeit":"1\u00a0Minute"},"schema":{"@context":"https:\/\/schema.org","@graph":[{"@type":"WebPage","@id":"https:\/\/antderground.com\/de\/produkt\/echeveria-purpusorum\/","url":"https:\/\/antderground.com\/de\/produkt\/echeveria-purpusorum\/","name":"Echeveria purpusorum | Nat\u00fcrliche Pflanzen - ANTDERGROUND","isPartOf":{"@id":"https:\/\/antderground.com\/de\/#website"},"primaryImageOfPage":{"@id":"https:\/\/antderground.com\/de\/produkt\/echeveria-purpusorum\/#primaryimage"},"image":{"@id":"https:\/\/antderground.com\/de\/produkt\/echeveria-purpusorum\/#primaryimage"},"thumbnailUrl":"https:\/\/antderground.com\/wp-content\/uploads\/2025\/04\/Echeveria-purpusorum.jpeg","datePublished":"2025-04-07T08:49:56+00:00","dateModified":"2025-06-24T11:39:32+00:00","description":"Echeveria purpusorum \ud83c\udf35 kompakte Sukkulente mit gr\u00fcnen und roten Bl\u00e4ttern. Einfach zu pflegen, ideal f\u00fcr jede Deko oder Sammlung.","breadcrumb":{"@id":"https:\/\/antderground.com\/de\/produkt\/echeveria-purpusorum\/#breadcrumb"},"inLanguage":"de","potentialAction":[{"@type":"ReadAction","target":["https:\/\/antderground.com\/de\/produkt\/echeveria-purpusorum\/"]}]},{"@type":"ImageObject","inLanguage":"de","@id":"https:\/\/antderground.com\/de\/produkt\/echeveria-purpusorum\/#primaryimage","url":"https:\/\/antderground.com\/wp-content\/uploads\/2025\/04\/Echeveria-purpusorum.jpeg","contentUrl":"https:\/\/antderground.com\/wp-content\/uploads\/2025\/04\/Echeveria-purpusorum.jpeg","width":1600,"height":1600,"caption":"Echeveria purpusorum"},{"@type":"BreadcrumbList","@id":"https:\/\/antderground.com\/de\/produkt\/echeveria-purpusorum\/#breadcrumb","itemListElement":[{"@type":"ListItem","position":1,"name":"Portada","item":"https:\/\/antderground.com\/de\/"},{"@type":"ListItem","position":2,"name":"Shop","item":"https:\/\/antderground.com\/de\/shop\/"},{"@type":"ListItem","position":3,"name":"Echeveria purpusorum"}]},{"@type":"WebSite","@id":"https:\/\/antderground.com\/de\/#website","url":"https:\/\/antderground.com\/de\/","name":"ANTDERGROUND","description":"Tu tienda de hormigas, gran variedad de hormigueros acr\u00edlicos,madera,arena,3D y mas.. Pide tus hormigas gratis con tu pedido, somos expertos en hormigueros antifugas.","publisher":{"@id":"https:\/\/antderground.com\/de\/#\/schema\/person\/0e322c505e84fe72c65e2f6d08f96b81"},"alternateName":"Antderground","potentialAction":[{"@type":"SearchAction","target":{"@type":"EntryPoint","urlTemplate":"https:\/\/antderground.com\/de\/?s={search_term_string}"},"query-input":{"@type":"PropertyValueSpecification","valueRequired":true,"valueName":"search_term_string"}}],"inLanguage":"de"},{"@type":["Person","Organization"],"@id":"https:\/\/antderground.com\/de\/#\/schema\/person\/0e322c505e84fe72c65e2f6d08f96b81","name":"Eric de Antderground","image":{"@type":"ImageObject","inLanguage":"de","@id":"https:\/\/secure.gravatar.com\/avatar\/c49a1b9f79216d1498cb73c1e85cd47f4465dda35f2a94c03790d491bd4423c3?s=96&d=mm&r=g","url":"https:\/\/secure.gravatar.com\/avatar\/c49a1b9f79216d1498cb73c1e85cd47f4465dda35f2a94c03790d491bd4423c3?s=96&d=mm&r=g","contentUrl":"https:\/\/secure.gravatar.com\/avatar\/c49a1b9f79216d1498cb73c1e85cd47f4465dda35f2a94c03790d491bd4423c3?s=96&d=mm&r=g","caption":"Eric de Antderground"},"logo":{"@id":"https:\/\/secure.gravatar.com\/avatar\/c49a1b9f79216d1498cb73c1e85cd47f4465dda35f2a94c03790d491bd4423c3?s=96&d=mm&r=g"},"description":"Eric es el especialista y fundador de Antderground, con una amplia trayectoria en artr\u00f3podos y enfocado en la mirmecolog\u00eda y el dise\u00f1o de hormigueros artificiales. Su enfoque combina la innovaci\u00f3n t\u00e9cnica con el respeto por la biolog\u00eda de las hormigas, is\u00f3podos y otros, desarrollando sistemas de nidos modulares 3D y acr\u00edlicos que son referentes para aficionados y profesionales en toda Europa. Su objetivo es facilitar la cr\u00eda de hormigas y otros artr\u00f3podos mediante soluciones seguras y divulgaci\u00f3n de calidad.","sameAs":["https:\/\/antderground.com\/","https:\/\/www.youtube.com\/channel\/UCio72z7TlbufkAthAJIJfPw"]}]}},"_links":{"self":[{"href":"https:\/\/antderground.com\/de\/wp-json\/wp\/v2\/product\/41699","targetHints":{"allow":["GET"]}}],"collection":[{"href":"https:\/\/antderground.com\/de\/wp-json\/wp\/v2\/product"}],"about":[{"href":"https:\/\/antderground.com\/de\/wp-json\/wp\/v2\/types\/product"}],"version-history":[{"count":0,"href":"https:\/\/antderground.com\/de\/wp-json\/wp\/v2\/product\/41699\/revisions"}],"wp:featuredmedia":[{"embeddable":true,"href":"https:\/\/antderground.com\/de\/wp-json\/wp\/v2\/media\/41596"}],"wp:attachment":[{"href":"https:\/\/antderground.com\/de\/wp-json\/wp\/v2\/media?parent=41699"}],"wp:term":[{"taxonomy":"product_brand","embeddable":true,"href":"https:\/\/antderground.com\/de\/wp-json\/wp\/v2\/product_brand?post=41699"},{"taxonomy":"product_cat","embeddable":true,"href":"https:\/\/antderground.com\/de\/wp-json\/wp\/v2\/product_cat?post=41699"},{"taxonomy":"product_tag","embeddable":true,"href":"https:\/\/antderground.com\/de\/wp-json\/wp\/v2\/product_tag?post=41699"}],"curies":[{"name":"wp","href":"https:\/\/api.w.org\/{rel}","templated":true}]}}