{"id":41701,"date":"2025-04-07T10:30:53","date_gmt":"2025-04-07T08:30:53","guid":{"rendered":"https:\/\/www.antderground.com\/producto\/aloe-arborescens\/"},"modified":"2025-04-07T10:30:53","modified_gmt":"2025-04-07T08:30:53","slug":"aloe-arborescens","status":"publish","type":"product","link":"https:\/\/antderground.com\/de\/produkt\/aloe-arborescens\/","title":{"rendered":"Aloe arborescens"},"content":{"rendered":"<h3 class=\"\" data-start=\"2230\" data-end=\"2269\">\ud83e\udeb4 <strong data-start=\"2237\" data-end=\"2269\">Steckbrief: Aloe arborescens<\/strong><\/h3>\n<p class=\"\" data-start=\"2271\" data-end=\"2389\"><strong data-start=\"2271\" data-end=\"2287\">Trivialname:<\/strong> Baum-Aloe, Kerzen-Aloe<br data-start=\"2310\" data-end=\"2313\" \/><strong data-start=\"2313\" data-end=\"2341\">Wissenschaftlicher Name:<\/strong> <em data-start=\"2342\" data-end=\"2360\">Aloe arborescens<\/em><br data-start=\"2360\" data-end=\"2363\" \/><strong data-start=\"2363\" data-end=\"2375\">Familie:<\/strong> Asphodelaceae<\/p>\n<h4 class=\"\" data-start=\"2391\" data-end=\"2413\">\ud83c\udf3f Beschreibung<\/h4>\n<p class=\"\" data-start=\"2414\" data-end=\"2716\">Die <strong data-start=\"2418\" data-end=\"2438\">Aloe arborescens<\/strong> ist eine verzweigte Sukkulente, \u00e4hnlich wie Aloe vera, jedoch gr\u00f6\u00dfer und strauchartiger. Sie bildet dichte Gruppen aus holzigen St\u00e4ngeln mit fleischigen, gezahnten Bl\u00e4ttern. Ihre leuchtend roten bis orangen Bl\u00fcten erscheinen in aufrechten Bl\u00fctenst\u00e4nden und ziehen Best\u00e4uber an.<\/p>\n<h4 class=\"\" data-start=\"2718\" data-end=\"2733\">\ud83d\udccf Gr\u00f6\u00dfe<\/h4>\n<ul data-start=\"2734\" data-end=\"2847\">\n<li class=\"\" data-start=\"2734\" data-end=\"2786\">\n<p class=\"\" data-start=\"2736\" data-end=\"2786\">H\u00f6he: Bis zu 2\u20133 Meter bei optimalen Bedingungen<\/p>\n<\/li>\n<li class=\"\" data-start=\"2787\" data-end=\"2847\">\n<p class=\"\" data-start=\"2789\" data-end=\"2847\">Breite: Kann sich stark ausbreiten, wenn nicht beschnitten<\/p>\n<\/li>\n<\/ul>\n<h4 class=\"\" data-start=\"2849\" data-end=\"2864\">\u2600\ufe0f Licht<\/h4>\n<ul data-start=\"2865\" data-end=\"2983\">\n<li class=\"\" data-start=\"2865\" data-end=\"2923\">\n<p class=\"\" data-start=\"2867\" data-end=\"2923\">Ben\u00f6tigt <strong data-start=\"2876\" data-end=\"2921\">volle Sonne oder sehr hellen Halbschatten<\/strong><\/p>\n<\/li>\n<li class=\"\" data-start=\"2924\" data-end=\"2983\">\n<p class=\"\" data-start=\"2926\" data-end=\"2983\">Im Innenbereich sollte sie an einem hellen Fenster stehen<\/p>\n<\/li>\n<\/ul>\n<h4 class=\"\" data-start=\"2985\" data-end=\"3006\">\ud83c\udf21\ufe0f Temperatur<\/h4>\n<ul data-start=\"3007\" data-end=\"3107\">\n<li class=\"\" data-start=\"3007\" data-end=\"3030\">\n<p class=\"\" data-start=\"3009\" data-end=\"3030\">Ideal: <strong data-start=\"3016\" data-end=\"3028\">15\u201325 \u00b0C<\/strong><\/p>\n<\/li>\n<li class=\"\" data-start=\"3031\" data-end=\"3107\">\n<p class=\"\" data-start=\"3033\" data-end=\"3107\">Vertr\u00e4gt kurzzeitig 0 \u00b0C bei trockenem Boden, aber besser frostfrei halten<\/p>\n<\/li>\n<\/ul>\n<h4 class=\"\" data-start=\"3109\" data-end=\"3130\">\ud83d\udca7 Bew\u00e4sserung<\/h4>\n<ul data-start=\"3131\" data-end=\"3231\">\n<li class=\"\" data-start=\"3131\" data-end=\"3183\">\n<p class=\"\" data-start=\"3133\" data-end=\"3183\">M\u00e4\u00dfig im Sommer (erst wenn die Erde trocken ist)<\/p>\n<\/li>\n<li class=\"\" data-start=\"3184\" data-end=\"3209\">\n<p class=\"\" data-start=\"3186\" data-end=\"3209\">Kaum gie\u00dfen im Winter<\/p>\n<\/li>\n<li class=\"\" data-start=\"3210\" data-end=\"3231\">\n<p class=\"\" data-start=\"3212\" data-end=\"3231\">Staun\u00e4sse vermeiden<\/p>\n<\/li>\n<\/ul>\n<h4 class=\"\" data-start=\"3233\" data-end=\"3251\">\ud83e\udea8 Substrat<\/h4>\n<ul data-start=\"3252\" data-end=\"3343\">\n<li class=\"\" data-start=\"3252\" data-end=\"3301\">\n<p class=\"\" data-start=\"3254\" data-end=\"3301\">Locker und gut durchl\u00e4ssig, z.\u202fB. Kakteenerde<\/p>\n<\/li>\n<li class=\"\" data-start=\"3302\" data-end=\"3343\">\n<p class=\"\" data-start=\"3304\" data-end=\"3343\">Mit grobem Sand oder Perlit vermischbar<\/p>\n<\/li>\n<\/ul>\n<h4 class=\"\" data-start=\"3345\" data-end=\"3364\">\ud83c\udf38 Bl\u00fctezeit<\/h4>\n<ul data-start=\"3365\" data-end=\"3455\">\n<li class=\"\" data-start=\"3365\" data-end=\"3398\">\n<p class=\"\" data-start=\"3367\" data-end=\"3398\">Bl\u00fcht im Winter oder Fr\u00fchjahr<\/p>\n<\/li>\n<li class=\"\" data-start=\"3399\" data-end=\"3455\">\n<p class=\"\" data-start=\"3401\" data-end=\"3455\">R\u00f6hrenf\u00f6rmige, orange-rote Bl\u00fcten in aufrechten Rispen<\/p>\n<\/li>\n<\/ul>\n<h4 class=\"\" data-start=\"3457\" data-end=\"3477\">\u267b\ufe0f Verwendung<\/h4>\n<ul data-start=\"3478\" data-end=\"3647\">\n<li class=\"\" data-start=\"3478\" data-end=\"3560\">\n<p class=\"\" data-start=\"3480\" data-end=\"3560\"><strong data-start=\"3480\" data-end=\"3496\">Zierpflanze:<\/strong> Ideal f\u00fcr Steing\u00e4rten, gro\u00dfe T\u00f6pfe oder sonnige Au\u00dfenbereiche<\/p>\n<\/li>\n<li class=\"\" data-start=\"3561\" data-end=\"3647\">\n<p class=\"\" data-start=\"3563\" data-end=\"3647\"><strong data-start=\"3563\" data-end=\"3579\">Medizinisch:<\/strong> Traditionell verwendet bei Hautreizungen oder Verdauungsbeschwerden<\/p>\n<\/li>\n<\/ul>\n<h4 class=\"\" data-start=\"3649\" data-end=\"3669\">\ud83d\udc3e Giftigkeit<\/h4>\n<ul data-start=\"3670\" data-end=\"3734\">\n<li class=\"\" data-start=\"3670\" data-end=\"3734\">\n<p class=\"\" data-start=\"3672\" data-end=\"3734\"><strong data-start=\"3672\" data-end=\"3696\">Giftig f\u00fcr Haustiere<\/strong> (Katzen, Hunde) bei gr\u00f6\u00dferer Aufnahme<\/p>\n<\/li>\n<\/ul>\n<h4 class=\"\" data-start=\"3736\" data-end=\"3756\">\ud83c\udf31 Vermehrung<\/h4>\n<ul data-start=\"3757\" data-end=\"3792\">\n<li class=\"\" data-start=\"3757\" data-end=\"3792\">\n<p class=\"\" data-start=\"3759\" data-end=\"3792\">Durch Stecklinge oder Basaltriebe<\/p>\n<\/li>\n<\/ul>\n","protected":false},"excerpt":{"rendered":"<p class=\"\" data-start=\"3849\" data-end=\"4047\">Aloe arborescens \ud83c\udf3f \u2013 robust, dekorativ und pflegeleicht! Perfekt f\u00fcr den Garten oder gro\u00dfe T\u00f6pfe \ud83e\udeb4. Bringt ein exotisches Flair und traditionelle Heilkraft in dein Zuhause. Einfach zu kultivieren!<\/p>\n<p><strong>Merkmale:<\/strong><\/p>\n<ul>\n<li>Topf: 5,5 cm.<\/li>\n<li>Innen<\/li>\n<\/ul>\n","protected":false},"featured_media":41587,"template":"","meta":[],"product_brand":[],"product_cat":[638],"product_tag":[],"class_list":{"0":"post-41701","1":"product","2":"type-product","3":"status-publish","4":"has-post-thumbnail","6":"product_cat-naturliche-pflanzen","8":"first","9":"instock","10":"shipping-taxable","11":"purchasable","12":"product-type-simple"},"yoast_head":"<!-- This site is optimized with the Yoast SEO plugin v27.3 - https:\/\/yoast.com\/product\/yoast-seo-wordpress\/ -->\n<title>Aloe arborescens | saftige Pflanze - ANTDERGROUND<\/title>\n<meta name=\"description\" content=\"Aloe arborescens \ud83c\udf3f kaufen \u2013 pflegeleichte Sukkulente f\u00fcr Garten oder Topf \ud83e\udeb4. Robust, dekorativ und mit nat\u00fcrlichen Heilwirkungen.\" \/>\n<meta name=\"robots\" content=\"index, follow, max-snippet:-1, max-image-preview:large, max-video-preview:-1\" \/>\n<link rel=\"canonical\" href=\"https:\/\/antderground.com\/de\/produkt\/aloe-arborescens\/\" \/>\n<meta property=\"og:locale\" content=\"de_DE\" \/>\n<meta property=\"og:type\" content=\"article\" \/>\n<meta property=\"og:title\" content=\"Aloe arborescens | saftige Pflanze - ANTDERGROUND\" \/>\n<meta property=\"og:description\" content=\"Aloe arborescens \ud83c\udf3f kaufen \u2013 pflegeleichte Sukkulente f\u00fcr Garten oder Topf \ud83e\udeb4. Robust, dekorativ und mit nat\u00fcrlichen Heilwirkungen.\" \/>\n<meta property=\"og:url\" content=\"https:\/\/antderground.com\/de\/produkt\/aloe-arborescens\/\" \/>\n<meta property=\"og:site_name\" content=\"ANTDERGROUND\" \/>\n<meta property=\"og:image\" content=\"https:\/\/antderground.com\/wp-content\/uploads\/2025\/04\/Aloe-arborescens.jpeg\" \/>\n\t<meta property=\"og:image:width\" content=\"1600\" \/>\n\t<meta property=\"og:image:height\" content=\"1600\" \/>\n\t<meta property=\"og:image:type\" content=\"image\/jpeg\" \/>\n<meta name=\"twitter:card\" content=\"summary_large_image\" \/>\n<meta name=\"twitter:label1\" content=\"Gesch\u00e4tzte Lesezeit\" \/>\n\t<meta name=\"twitter:data1\" content=\"1\u00a0Minute\" \/>\n<script type=\"application\/ld+json\" class=\"yoast-schema-graph\">{\"@context\":\"https:\\\/\\\/schema.org\",\"@graph\":[{\"@type\":\"WebPage\",\"@id\":\"https:\\\/\\\/antderground.com\\\/de\\\/produkt\\\/aloe-arborescens\\\/\",\"url\":\"https:\\\/\\\/antderground.com\\\/de\\\/produkt\\\/aloe-arborescens\\\/\",\"name\":\"Aloe arborescens | saftige Pflanze - ANTDERGROUND\",\"isPartOf\":{\"@id\":\"https:\\\/\\\/antderground.com\\\/de\\\/#website\"},\"primaryImageOfPage\":{\"@id\":\"https:\\\/\\\/antderground.com\\\/de\\\/produkt\\\/aloe-arborescens\\\/#primaryimage\"},\"image\":{\"@id\":\"https:\\\/\\\/antderground.com\\\/de\\\/produkt\\\/aloe-arborescens\\\/#primaryimage\"},\"thumbnailUrl\":\"https:\\\/\\\/antderground.com\\\/wp-content\\\/uploads\\\/2025\\\/04\\\/Aloe-arborescens.jpeg\",\"datePublished\":\"2025-04-07T08:30:53+00:00\",\"description\":\"Aloe arborescens \ud83c\udf3f kaufen \u2013 pflegeleichte Sukkulente f\u00fcr Garten oder Topf \ud83e\udeb4. Robust, dekorativ und mit nat\u00fcrlichen Heilwirkungen.\",\"breadcrumb\":{\"@id\":\"https:\\\/\\\/antderground.com\\\/de\\\/produkt\\\/aloe-arborescens\\\/#breadcrumb\"},\"inLanguage\":\"de\",\"potentialAction\":[{\"@type\":\"ReadAction\",\"target\":[\"https:\\\/\\\/antderground.com\\\/de\\\/produkt\\\/aloe-arborescens\\\/\"]}]},{\"@type\":\"ImageObject\",\"inLanguage\":\"de\",\"@id\":\"https:\\\/\\\/antderground.com\\\/de\\\/produkt\\\/aloe-arborescens\\\/#primaryimage\",\"url\":\"https:\\\/\\\/antderground.com\\\/wp-content\\\/uploads\\\/2025\\\/04\\\/Aloe-arborescens.jpeg\",\"contentUrl\":\"https:\\\/\\\/antderground.com\\\/wp-content\\\/uploads\\\/2025\\\/04\\\/Aloe-arborescens.jpeg\",\"width\":1600,\"height\":1600,\"caption\":\"Aloe arborescens\"},{\"@type\":\"BreadcrumbList\",\"@id\":\"https:\\\/\\\/antderground.com\\\/de\\\/produkt\\\/aloe-arborescens\\\/#breadcrumb\",\"itemListElement\":[{\"@type\":\"ListItem\",\"position\":1,\"name\":\"Portada\",\"item\":\"https:\\\/\\\/antderground.com\\\/de\\\/\"},{\"@type\":\"ListItem\",\"position\":2,\"name\":\"Shop\",\"item\":\"https:\\\/\\\/antderground.com\\\/de\\\/shop\\\/\"},{\"@type\":\"ListItem\",\"position\":3,\"name\":\"Aloe arborescens\"}]},{\"@type\":\"WebSite\",\"@id\":\"https:\\\/\\\/antderground.com\\\/de\\\/#website\",\"url\":\"https:\\\/\\\/antderground.com\\\/de\\\/\",\"name\":\"ANTDERGROUND\",\"description\":\"Tu tienda de hormigas, gran variedad de hormigueros acr\u00edlicos,madera,arena,3D y mas.. Pide tus hormigas gratis con tu pedido, somos expertos en hormigueros antifugas.\",\"publisher\":{\"@id\":\"https:\\\/\\\/antderground.com\\\/de\\\/#\\\/schema\\\/person\\\/0e322c505e84fe72c65e2f6d08f96b81\"},\"alternateName\":\"Antderground\",\"potentialAction\":[{\"@type\":\"SearchAction\",\"target\":{\"@type\":\"EntryPoint\",\"urlTemplate\":\"https:\\\/\\\/antderground.com\\\/de\\\/?s={search_term_string}\"},\"query-input\":{\"@type\":\"PropertyValueSpecification\",\"valueRequired\":true,\"valueName\":\"search_term_string\"}}],\"inLanguage\":\"de\"},{\"@type\":[\"Person\",\"Organization\"],\"@id\":\"https:\\\/\\\/antderground.com\\\/de\\\/#\\\/schema\\\/person\\\/0e322c505e84fe72c65e2f6d08f96b81\",\"name\":\"Eric de Antderground\",\"image\":{\"@type\":\"ImageObject\",\"inLanguage\":\"de\",\"@id\":\"https:\\\/\\\/secure.gravatar.com\\\/avatar\\\/c49a1b9f79216d1498cb73c1e85cd47f4465dda35f2a94c03790d491bd4423c3?s=96&d=mm&r=g\",\"url\":\"https:\\\/\\\/secure.gravatar.com\\\/avatar\\\/c49a1b9f79216d1498cb73c1e85cd47f4465dda35f2a94c03790d491bd4423c3?s=96&d=mm&r=g\",\"contentUrl\":\"https:\\\/\\\/secure.gravatar.com\\\/avatar\\\/c49a1b9f79216d1498cb73c1e85cd47f4465dda35f2a94c03790d491bd4423c3?s=96&d=mm&r=g\",\"caption\":\"Eric de Antderground\"},\"logo\":{\"@id\":\"https:\\\/\\\/secure.gravatar.com\\\/avatar\\\/c49a1b9f79216d1498cb73c1e85cd47f4465dda35f2a94c03790d491bd4423c3?s=96&d=mm&r=g\"},\"description\":\"Eric es el especialista y fundador de Antderground, con una amplia trayectoria en artr\u00f3podos y enfocado en la mirmecolog\u00eda y el dise\u00f1o de hormigueros artificiales. Su enfoque combina la innovaci\u00f3n t\u00e9cnica con el respeto por la biolog\u00eda de las hormigas, is\u00f3podos y otros, desarrollando sistemas de nidos modulares 3D y acr\u00edlicos que son referentes para aficionados y profesionales en toda Europa. Su objetivo es facilitar la cr\u00eda de hormigas y otros artr\u00f3podos mediante soluciones seguras y divulgaci\u00f3n de calidad.\",\"sameAs\":[\"https:\\\/\\\/antderground.com\\\/\",\"https:\\\/\\\/www.youtube.com\\\/channel\\\/UCio72z7TlbufkAthAJIJfPw\"]}]}<\/script>\n<!-- \/ Yoast SEO plugin. -->","yoast_head_json":{"title":"Aloe arborescens | saftige Pflanze - ANTDERGROUND","description":"Aloe arborescens \ud83c\udf3f kaufen \u2013 pflegeleichte Sukkulente f\u00fcr Garten oder Topf \ud83e\udeb4. Robust, dekorativ und mit nat\u00fcrlichen Heilwirkungen.","robots":{"index":"index","follow":"follow","max-snippet":"max-snippet:-1","max-image-preview":"max-image-preview:large","max-video-preview":"max-video-preview:-1"},"canonical":"https:\/\/antderground.com\/de\/produkt\/aloe-arborescens\/","og_locale":"de_DE","og_type":"article","og_title":"Aloe arborescens | saftige Pflanze - ANTDERGROUND","og_description":"Aloe arborescens \ud83c\udf3f kaufen \u2013 pflegeleichte Sukkulente f\u00fcr Garten oder Topf \ud83e\udeb4. Robust, dekorativ und mit nat\u00fcrlichen Heilwirkungen.","og_url":"https:\/\/antderground.com\/de\/produkt\/aloe-arborescens\/","og_site_name":"ANTDERGROUND","og_image":[{"width":1600,"height":1600,"url":"https:\/\/antderground.com\/wp-content\/uploads\/2025\/04\/Aloe-arborescens.jpeg","type":"image\/jpeg"}],"twitter_card":"summary_large_image","twitter_misc":{"Gesch\u00e4tzte Lesezeit":"1\u00a0Minute"},"schema":{"@context":"https:\/\/schema.org","@graph":[{"@type":"WebPage","@id":"https:\/\/antderground.com\/de\/produkt\/aloe-arborescens\/","url":"https:\/\/antderground.com\/de\/produkt\/aloe-arborescens\/","name":"Aloe arborescens | saftige Pflanze - ANTDERGROUND","isPartOf":{"@id":"https:\/\/antderground.com\/de\/#website"},"primaryImageOfPage":{"@id":"https:\/\/antderground.com\/de\/produkt\/aloe-arborescens\/#primaryimage"},"image":{"@id":"https:\/\/antderground.com\/de\/produkt\/aloe-arborescens\/#primaryimage"},"thumbnailUrl":"https:\/\/antderground.com\/wp-content\/uploads\/2025\/04\/Aloe-arborescens.jpeg","datePublished":"2025-04-07T08:30:53+00:00","description":"Aloe arborescens \ud83c\udf3f kaufen \u2013 pflegeleichte Sukkulente f\u00fcr Garten oder Topf \ud83e\udeb4. Robust, dekorativ und mit nat\u00fcrlichen Heilwirkungen.","breadcrumb":{"@id":"https:\/\/antderground.com\/de\/produkt\/aloe-arborescens\/#breadcrumb"},"inLanguage":"de","potentialAction":[{"@type":"ReadAction","target":["https:\/\/antderground.com\/de\/produkt\/aloe-arborescens\/"]}]},{"@type":"ImageObject","inLanguage":"de","@id":"https:\/\/antderground.com\/de\/produkt\/aloe-arborescens\/#primaryimage","url":"https:\/\/antderground.com\/wp-content\/uploads\/2025\/04\/Aloe-arborescens.jpeg","contentUrl":"https:\/\/antderground.com\/wp-content\/uploads\/2025\/04\/Aloe-arborescens.jpeg","width":1600,"height":1600,"caption":"Aloe arborescens"},{"@type":"BreadcrumbList","@id":"https:\/\/antderground.com\/de\/produkt\/aloe-arborescens\/#breadcrumb","itemListElement":[{"@type":"ListItem","position":1,"name":"Portada","item":"https:\/\/antderground.com\/de\/"},{"@type":"ListItem","position":2,"name":"Shop","item":"https:\/\/antderground.com\/de\/shop\/"},{"@type":"ListItem","position":3,"name":"Aloe arborescens"}]},{"@type":"WebSite","@id":"https:\/\/antderground.com\/de\/#website","url":"https:\/\/antderground.com\/de\/","name":"ANTDERGROUND","description":"Tu tienda de hormigas, gran variedad de hormigueros acr\u00edlicos,madera,arena,3D y mas.. Pide tus hormigas gratis con tu pedido, somos expertos en hormigueros antifugas.","publisher":{"@id":"https:\/\/antderground.com\/de\/#\/schema\/person\/0e322c505e84fe72c65e2f6d08f96b81"},"alternateName":"Antderground","potentialAction":[{"@type":"SearchAction","target":{"@type":"EntryPoint","urlTemplate":"https:\/\/antderground.com\/de\/?s={search_term_string}"},"query-input":{"@type":"PropertyValueSpecification","valueRequired":true,"valueName":"search_term_string"}}],"inLanguage":"de"},{"@type":["Person","Organization"],"@id":"https:\/\/antderground.com\/de\/#\/schema\/person\/0e322c505e84fe72c65e2f6d08f96b81","name":"Eric de Antderground","image":{"@type":"ImageObject","inLanguage":"de","@id":"https:\/\/secure.gravatar.com\/avatar\/c49a1b9f79216d1498cb73c1e85cd47f4465dda35f2a94c03790d491bd4423c3?s=96&d=mm&r=g","url":"https:\/\/secure.gravatar.com\/avatar\/c49a1b9f79216d1498cb73c1e85cd47f4465dda35f2a94c03790d491bd4423c3?s=96&d=mm&r=g","contentUrl":"https:\/\/secure.gravatar.com\/avatar\/c49a1b9f79216d1498cb73c1e85cd47f4465dda35f2a94c03790d491bd4423c3?s=96&d=mm&r=g","caption":"Eric de Antderground"},"logo":{"@id":"https:\/\/secure.gravatar.com\/avatar\/c49a1b9f79216d1498cb73c1e85cd47f4465dda35f2a94c03790d491bd4423c3?s=96&d=mm&r=g"},"description":"Eric es el especialista y fundador de Antderground, con una amplia trayectoria en artr\u00f3podos y enfocado en la mirmecolog\u00eda y el dise\u00f1o de hormigueros artificiales. Su enfoque combina la innovaci\u00f3n t\u00e9cnica con el respeto por la biolog\u00eda de las hormigas, is\u00f3podos y otros, desarrollando sistemas de nidos modulares 3D y acr\u00edlicos que son referentes para aficionados y profesionales en toda Europa. Su objetivo es facilitar la cr\u00eda de hormigas y otros artr\u00f3podos mediante soluciones seguras y divulgaci\u00f3n de calidad.","sameAs":["https:\/\/antderground.com\/","https:\/\/www.youtube.com\/channel\/UCio72z7TlbufkAthAJIJfPw"]}]}},"_links":{"self":[{"href":"https:\/\/antderground.com\/de\/wp-json\/wp\/v2\/product\/41701","targetHints":{"allow":["GET"]}}],"collection":[{"href":"https:\/\/antderground.com\/de\/wp-json\/wp\/v2\/product"}],"about":[{"href":"https:\/\/antderground.com\/de\/wp-json\/wp\/v2\/types\/product"}],"version-history":[{"count":0,"href":"https:\/\/antderground.com\/de\/wp-json\/wp\/v2\/product\/41701\/revisions"}],"wp:featuredmedia":[{"embeddable":true,"href":"https:\/\/antderground.com\/de\/wp-json\/wp\/v2\/media\/41587"}],"wp:attachment":[{"href":"https:\/\/antderground.com\/de\/wp-json\/wp\/v2\/media?parent=41701"}],"wp:term":[{"taxonomy":"product_brand","embeddable":true,"href":"https:\/\/antderground.com\/de\/wp-json\/wp\/v2\/product_brand?post=41701"},{"taxonomy":"product_cat","embeddable":true,"href":"https:\/\/antderground.com\/de\/wp-json\/wp\/v2\/product_cat?post=41701"},{"taxonomy":"product_tag","embeddable":true,"href":"https:\/\/antderground.com\/de\/wp-json\/wp\/v2\/product_tag?post=41701"}],"curies":[{"name":"wp","href":"https:\/\/api.w.org\/{rel}","templated":true}]}}