{"id":41953,"date":"2025-04-21T11:52:21","date_gmt":"2025-04-21T09:52:21","guid":{"rendered":"https:\/\/www.antderground.com\/producto\/harpactira-pulchripes\/"},"modified":"2025-09-07T12:05:50","modified_gmt":"2025-09-07T10:05:50","slug":"harpactira-pulchripes","status":"publish","type":"product","link":"https:\/\/antderground.com\/de\/produkt\/harpactira-pulchripes\/","title":{"rendered":"Harpactira pulchripes"},"content":{"rendered":"<h3 class=\"\" data-start=\"186\" data-end=\"230\">\ud83d\udd77\ufe0f <em data-start=\"207\" data-end=\"230\">Harpactira pulchripes<\/em><\/h3>\n<p class=\"\" data-start=\"232\" data-end=\"480\"><strong data-start=\"232\" data-end=\"248\">Trivialname:<\/strong> Goldene Blaubein-Baboon<br data-start=\"272\" data-end=\"275\" \/><strong data-start=\"275\" data-end=\"303\">Wissenschaftlicher Name:<\/strong> <em data-start=\"304\" data-end=\"327\">Harpactira pulchripes<\/em><br data-start=\"327\" data-end=\"330\" \/><strong data-start=\"330\" data-end=\"342\">Familie:<\/strong> Theraphosidae<br data-start=\"356\" data-end=\"359\" \/><strong data-start=\"359\" data-end=\"372\">Herkunft:<\/strong> S\u00fcdafrika<br data-start=\"382\" data-end=\"385\" \/><strong data-start=\"385\" data-end=\"412\">Nat\u00fcrlicher Lebensraum:<\/strong> Halbtrockene Savannen mit festem, trockenem Boden und warmem Klima.<\/p>\n<h3 class=\"\" data-start=\"482\" data-end=\"494\">\ud83d\udccf Gr\u00f6\u00dfe<\/h3>\n<p class=\"\" data-start=\"496\" data-end=\"614\"><strong data-start=\"496\" data-end=\"512\">K\u00f6rperl\u00e4nge:<\/strong> 4\u20136 cm<br data-start=\"519\" data-end=\"522\" \/><strong data-start=\"522\" data-end=\"541\">Beinspannweite:<\/strong> Bis zu 12 cm<br data-start=\"554\" data-end=\"557\" \/><strong data-start=\"557\" data-end=\"570\">Wachstum:<\/strong> Mittel bis schnell<br data-start=\"589\" data-end=\"592\" \/><strong data-start=\"592\" data-end=\"612\">Lebenserwartung:<\/strong><\/p>\n<ul data-start=\"615\" data-end=\"662\">\n<li class=\"\" data-start=\"615\" data-end=\"640\">\n<p class=\"\" data-start=\"617\" data-end=\"640\">Weibchen: 12\u201315 Jahre<\/p>\n<\/li>\n<li class=\"\" data-start=\"641\" data-end=\"662\">\n<p class=\"\" data-start=\"643\" data-end=\"662\">M\u00e4nnchen: 3\u20134 Jahre<\/p>\n<\/li>\n<\/ul>\n<h3 class=\"\" data-start=\"664\" data-end=\"678\">\ud83c\udfa8 F\u00e4rbung<\/h3>\n<p class=\"\" data-start=\"680\" data-end=\"839\">Goldener, metallisch gl\u00e4nzender K\u00f6rper.<br data-start=\"719\" data-end=\"722\" \/>Beine in intensivem Blau, besonders an den Spitzen.<br data-start=\"773\" data-end=\"776\" \/>Eine der farbenpr\u00e4chtigsten und gefragtesten Vogelspinnenarten.<\/p>\n<h3 class=\"\" data-start=\"841\" data-end=\"861\">\ud83c\udfe1 Terrarium-Typ<\/h3>\n<p class=\"\" data-start=\"863\" data-end=\"1297\"><strong data-start=\"863\" data-end=\"871\">Typ:<\/strong> Bodenbewohnend mit grabendem Verhalten (halb-fossorial)<br data-start=\"927\" data-end=\"930\" \/><strong data-start=\"930\" data-end=\"962\">Mindestgr\u00f6\u00dfe des Terrariums:<\/strong> 30 x 30 x 30 cm<br data-start=\"978\" data-end=\"981\" \/><strong data-start=\"981\" data-end=\"996\">Bodengrund:<\/strong> Tief (mind. 10\u201315 cm), z.\u202fB. Kokosfaser, Torf oder grabf\u00e4hige Mischungen<br data-start=\"1069\" data-end=\"1072\" \/><strong data-start=\"1072\" data-end=\"1088\">Einrichtung:<\/strong> Rindenst\u00fccke, Verstecke, trockenes Dekomaterial<br data-start=\"1136\" data-end=\"1139\" \/><strong data-start=\"1139\" data-end=\"1153\">Bel\u00fcftung:<\/strong> Gut, jedoch ohne Zugluft<br data-start=\"1178\" data-end=\"1181\" \/><strong data-start=\"1181\" data-end=\"1202\">Luftfeuchtigkeit:<\/strong> 60\u201370\u202f%<br data-start=\"1210\" data-end=\"1213\" \/><strong data-start=\"1213\" data-end=\"1228\">Temperatur:<\/strong> 24\u201328\u202f\u00b0C<br data-start=\"1237\" data-end=\"1240\" \/><strong data-start=\"1240\" data-end=\"1256\">Beleuchtung:<\/strong> Nicht notwendig; direkte Sonne vermeiden<\/p>\n<h3 class=\"\" data-start=\"1299\" data-end=\"1316\">\ud83c\udf7d\ufe0f Ern\u00e4hrung<\/h3>\n<p class=\"\" data-start=\"1318\" data-end=\"1399\"><strong data-start=\"1318\" data-end=\"1329\">Futter:<\/strong> Lebendfutter wie Grillen, Schaben, Mehlw\u00fcrmer etc.<br data-start=\"1380\" data-end=\"1383\" \/><strong data-start=\"1383\" data-end=\"1397\">F\u00fctterung:<\/strong><\/p>\n<ul data-start=\"1400\" data-end=\"1514\">\n<li class=\"\" data-start=\"1400\" data-end=\"1428\">\n<p class=\"\" data-start=\"1402\" data-end=\"1428\">Jungtiere: alle 4\u20135 Tage<\/p>\n<\/li>\n<li class=\"\" data-start=\"1429\" data-end=\"1514\">\n<p class=\"\" data-start=\"1431\" data-end=\"1514\">Adulte: alle 7\u201310 Tage<br data-start=\"1453\" data-end=\"1456\" \/><strong data-start=\"1456\" data-end=\"1467\">Wasser:<\/strong> Stets in einer kleinen flachen Schale anbieten<\/p>\n<\/li>\n<\/ul>\n<h3 class=\"\" data-start=\"1516\" data-end=\"1532\">\ud83d\ude08 Verhalten<\/h3>\n<p class=\"\" data-start=\"1534\" data-end=\"1760\"><strong data-start=\"1534\" data-end=\"1550\">Temperament:<\/strong> Meist scheu, kann sich bei St\u00f6rung jedoch defensiv verhalten<br data-start=\"1611\" data-end=\"1614\" \/><strong data-start=\"1614\" data-end=\"1629\">Handhabung:<\/strong> Nicht empfohlen \u2013 Stressgefahr f\u00fcr das Tier<br data-start=\"1673\" data-end=\"1676\" \/><strong data-start=\"1676\" data-end=\"1690\">Aktivit\u00e4t:<\/strong> D\u00e4mmerungs- und nachtaktiv, tags\u00fcber h\u00e4ufig in Verstecken oder H\u00f6hlen<\/p>\n<h3 class=\"\" data-start=\"1762\" data-end=\"1796\">\u26a0\ufe0f Hinweise und Besonderheiten<\/h3>\n<p class=\"\" data-start=\"1798\" data-end=\"2031\">Gr\u00e4bt gerne, wenn das Substrat tief genug ist.<br data-start=\"1844\" data-end=\"1847\" \/>Aufgrund ihrer Schnelligkeit und Nervosit\u00e4t eher nichts f\u00fcr Anf\u00e4nger.<br data-start=\"1916\" data-end=\"1919\" \/>Verf\u00fcgt nicht \u00fcber Brennhaare, besitzt aber kr\u00e4ftige Giftklauen.<br data-start=\"1983\" data-end=\"1986\" \/>Ein Tier zum Beobachten \u2013 nicht zum Anfassen.<\/p>\n","protected":false},"excerpt":{"rendered":"<p class=\"\" data-start=\"2074\" data-end=\"2321\">Die <em data-start=\"2078\" data-end=\"2101\">Harpactira pulchripes<\/em> fasziniert mit ihrem goldenen K\u00f6rper und den strahlend blauen Beinen \u2728. Eine echte Rarit\u00e4t aus S\u00fcdafrika \u2013 perfekt f\u00fcr erfahrene Halter, die das Besondere suchen. Nicht f\u00fcr Anf\u00e4nger geeignet. Ein Juwel im Terrarium! \ud83d\udd77\ufe0f Es ist wichtig zu beachten, dass diese Vogelspinne schnelle Bewegungen macht.<\/p>\n","protected":false},"featured_media":41945,"template":"","meta":[],"product_brand":[],"product_cat":[528,586],"product_tag":[],"class_list":{"0":"post-41953","1":"product","2":"type-product","3":"status-publish","4":"has-post-thumbnail","6":"product_cat-arthropoden","7":"product_cat-vogelspinnen","9":"first","10":"outofstock","11":"sale","12":"shipping-taxable","13":"purchasable","14":"product-type-variable"},"yoast_head":"<!-- This site is optimized with the Yoast SEO plugin v27.3 - https:\/\/yoast.com\/product\/yoast-seo-wordpress\/ -->\n<title>Harpactira pulchripes | Exotische Vogelspinne - ANTDERGROUND<\/title>\n<meta name=\"description\" content=\"Harpactira pulchripes kaufen \u2013 farbenfrohe Vogelspinne aus S\u00fcdafrika mit gold-blauem Look. F\u00fcr erfahrene Terrarianer geeignet.\" \/>\n<meta name=\"robots\" content=\"index, follow, max-snippet:-1, max-image-preview:large, max-video-preview:-1\" \/>\n<link rel=\"canonical\" href=\"https:\/\/antderground.com\/de\/produkt\/harpactira-pulchripes\/\" \/>\n<meta property=\"og:locale\" content=\"de_DE\" \/>\n<meta property=\"og:type\" content=\"article\" \/>\n<meta property=\"og:title\" content=\"Harpactira pulchripes | Exotische Vogelspinne - ANTDERGROUND\" \/>\n<meta property=\"og:description\" content=\"Harpactira pulchripes kaufen \u2013 farbenfrohe Vogelspinne aus S\u00fcdafrika mit gold-blauem Look. F\u00fcr erfahrene Terrarianer geeignet.\" \/>\n<meta property=\"og:url\" content=\"https:\/\/antderground.com\/de\/produkt\/harpactira-pulchripes\/\" \/>\n<meta property=\"og:site_name\" content=\"ANTDERGROUND\" \/>\n<meta property=\"article:modified_time\" content=\"2025-09-07T10:05:50+00:00\" \/>\n<meta property=\"og:image\" content=\"https:\/\/antderground.com\/wp-content\/uploads\/2025\/04\/Harpactira-pulchripes.jpg\" \/>\n\t<meta property=\"og:image:width\" content=\"1600\" \/>\n\t<meta property=\"og:image:height\" content=\"1567\" \/>\n\t<meta property=\"og:image:type\" content=\"image\/jpeg\" \/>\n<meta name=\"twitter:card\" content=\"summary_large_image\" \/>\n<meta name=\"twitter:label1\" content=\"Gesch\u00e4tzte Lesezeit\" \/>\n\t<meta name=\"twitter:data1\" content=\"1\u00a0Minute\" \/>\n<script type=\"application\/ld+json\" class=\"yoast-schema-graph\">{\"@context\":\"https:\\\/\\\/schema.org\",\"@graph\":[{\"@type\":\"WebPage\",\"@id\":\"https:\\\/\\\/antderground.com\\\/de\\\/produkt\\\/harpactira-pulchripes\\\/\",\"url\":\"https:\\\/\\\/antderground.com\\\/de\\\/produkt\\\/harpactira-pulchripes\\\/\",\"name\":\"Harpactira pulchripes | Exotische Vogelspinne - ANTDERGROUND\",\"isPartOf\":{\"@id\":\"https:\\\/\\\/antderground.com\\\/de\\\/#website\"},\"primaryImageOfPage\":{\"@id\":\"https:\\\/\\\/antderground.com\\\/de\\\/produkt\\\/harpactira-pulchripes\\\/#primaryimage\"},\"image\":{\"@id\":\"https:\\\/\\\/antderground.com\\\/de\\\/produkt\\\/harpactira-pulchripes\\\/#primaryimage\"},\"thumbnailUrl\":\"https:\\\/\\\/antderground.com\\\/wp-content\\\/uploads\\\/2025\\\/04\\\/Harpactira-pulchripes.jpg\",\"datePublished\":\"2025-04-21T09:52:21+00:00\",\"dateModified\":\"2025-09-07T10:05:50+00:00\",\"description\":\"Harpactira pulchripes kaufen \u2013 farbenfrohe Vogelspinne aus S\u00fcdafrika mit gold-blauem Look. F\u00fcr erfahrene Terrarianer geeignet.\",\"breadcrumb\":{\"@id\":\"https:\\\/\\\/antderground.com\\\/de\\\/produkt\\\/harpactira-pulchripes\\\/#breadcrumb\"},\"inLanguage\":\"de\",\"potentialAction\":[{\"@type\":\"ReadAction\",\"target\":[\"https:\\\/\\\/antderground.com\\\/de\\\/produkt\\\/harpactira-pulchripes\\\/\"]}]},{\"@type\":\"ImageObject\",\"inLanguage\":\"de\",\"@id\":\"https:\\\/\\\/antderground.com\\\/de\\\/produkt\\\/harpactira-pulchripes\\\/#primaryimage\",\"url\":\"https:\\\/\\\/antderground.com\\\/wp-content\\\/uploads\\\/2025\\\/04\\\/Harpactira-pulchripes.jpg\",\"contentUrl\":\"https:\\\/\\\/antderground.com\\\/wp-content\\\/uploads\\\/2025\\\/04\\\/Harpactira-pulchripes.jpg\",\"width\":1600,\"height\":1567,\"caption\":\"Harpactira pulchripes\"},{\"@type\":\"BreadcrumbList\",\"@id\":\"https:\\\/\\\/antderground.com\\\/de\\\/produkt\\\/harpactira-pulchripes\\\/#breadcrumb\",\"itemListElement\":[{\"@type\":\"ListItem\",\"position\":1,\"name\":\"Portada\",\"item\":\"https:\\\/\\\/antderground.com\\\/de\\\/\"},{\"@type\":\"ListItem\",\"position\":2,\"name\":\"Shop\",\"item\":\"https:\\\/\\\/antderground.com\\\/de\\\/shop\\\/\"},{\"@type\":\"ListItem\",\"position\":3,\"name\":\"Harpactira pulchripes\"}]},{\"@type\":\"WebSite\",\"@id\":\"https:\\\/\\\/antderground.com\\\/de\\\/#website\",\"url\":\"https:\\\/\\\/antderground.com\\\/de\\\/\",\"name\":\"ANTDERGROUND\",\"description\":\"Tu tienda de hormigas, gran variedad de hormigueros acr\u00edlicos,madera,arena,3D y mas.. Pide tus hormigas gratis con tu pedido, somos expertos en hormigueros antifugas.\",\"publisher\":{\"@id\":\"https:\\\/\\\/antderground.com\\\/de\\\/#\\\/schema\\\/person\\\/0e322c505e84fe72c65e2f6d08f96b81\"},\"alternateName\":\"Antderground\",\"potentialAction\":[{\"@type\":\"SearchAction\",\"target\":{\"@type\":\"EntryPoint\",\"urlTemplate\":\"https:\\\/\\\/antderground.com\\\/de\\\/?s={search_term_string}\"},\"query-input\":{\"@type\":\"PropertyValueSpecification\",\"valueRequired\":true,\"valueName\":\"search_term_string\"}}],\"inLanguage\":\"de\"},{\"@type\":[\"Person\",\"Organization\"],\"@id\":\"https:\\\/\\\/antderground.com\\\/de\\\/#\\\/schema\\\/person\\\/0e322c505e84fe72c65e2f6d08f96b81\",\"name\":\"Eric de Antderground\",\"image\":{\"@type\":\"ImageObject\",\"inLanguage\":\"de\",\"@id\":\"https:\\\/\\\/secure.gravatar.com\\\/avatar\\\/c49a1b9f79216d1498cb73c1e85cd47f4465dda35f2a94c03790d491bd4423c3?s=96&d=mm&r=g\",\"url\":\"https:\\\/\\\/secure.gravatar.com\\\/avatar\\\/c49a1b9f79216d1498cb73c1e85cd47f4465dda35f2a94c03790d491bd4423c3?s=96&d=mm&r=g\",\"contentUrl\":\"https:\\\/\\\/secure.gravatar.com\\\/avatar\\\/c49a1b9f79216d1498cb73c1e85cd47f4465dda35f2a94c03790d491bd4423c3?s=96&d=mm&r=g\",\"caption\":\"Eric de Antderground\"},\"logo\":{\"@id\":\"https:\\\/\\\/secure.gravatar.com\\\/avatar\\\/c49a1b9f79216d1498cb73c1e85cd47f4465dda35f2a94c03790d491bd4423c3?s=96&d=mm&r=g\"},\"description\":\"Eric es el especialista y fundador de Antderground, con una amplia trayectoria en artr\u00f3podos y enfocado en la mirmecolog\u00eda y el dise\u00f1o de hormigueros artificiales. Su enfoque combina la innovaci\u00f3n t\u00e9cnica con el respeto por la biolog\u00eda de las hormigas, is\u00f3podos y otros, desarrollando sistemas de nidos modulares 3D y acr\u00edlicos que son referentes para aficionados y profesionales en toda Europa. Su objetivo es facilitar la cr\u00eda de hormigas y otros artr\u00f3podos mediante soluciones seguras y divulgaci\u00f3n de calidad.\",\"sameAs\":[\"https:\\\/\\\/antderground.com\\\/\",\"https:\\\/\\\/www.youtube.com\\\/channel\\\/UCio72z7TlbufkAthAJIJfPw\"]}]}<\/script>\n<!-- \/ Yoast SEO plugin. -->","yoast_head_json":{"title":"Harpactira pulchripes | Exotische Vogelspinne - ANTDERGROUND","description":"Harpactira pulchripes kaufen \u2013 farbenfrohe Vogelspinne aus S\u00fcdafrika mit gold-blauem Look. F\u00fcr erfahrene Terrarianer geeignet.","robots":{"index":"index","follow":"follow","max-snippet":"max-snippet:-1","max-image-preview":"max-image-preview:large","max-video-preview":"max-video-preview:-1"},"canonical":"https:\/\/antderground.com\/de\/produkt\/harpactira-pulchripes\/","og_locale":"de_DE","og_type":"article","og_title":"Harpactira pulchripes | Exotische Vogelspinne - ANTDERGROUND","og_description":"Harpactira pulchripes kaufen \u2013 farbenfrohe Vogelspinne aus S\u00fcdafrika mit gold-blauem Look. F\u00fcr erfahrene Terrarianer geeignet.","og_url":"https:\/\/antderground.com\/de\/produkt\/harpactira-pulchripes\/","og_site_name":"ANTDERGROUND","article_modified_time":"2025-09-07T10:05:50+00:00","og_image":[{"width":1600,"height":1567,"url":"https:\/\/antderground.com\/wp-content\/uploads\/2025\/04\/Harpactira-pulchripes.jpg","type":"image\/jpeg"}],"twitter_card":"summary_large_image","twitter_misc":{"Gesch\u00e4tzte Lesezeit":"1\u00a0Minute"},"schema":{"@context":"https:\/\/schema.org","@graph":[{"@type":"WebPage","@id":"https:\/\/antderground.com\/de\/produkt\/harpactira-pulchripes\/","url":"https:\/\/antderground.com\/de\/produkt\/harpactira-pulchripes\/","name":"Harpactira pulchripes | Exotische Vogelspinne - ANTDERGROUND","isPartOf":{"@id":"https:\/\/antderground.com\/de\/#website"},"primaryImageOfPage":{"@id":"https:\/\/antderground.com\/de\/produkt\/harpactira-pulchripes\/#primaryimage"},"image":{"@id":"https:\/\/antderground.com\/de\/produkt\/harpactira-pulchripes\/#primaryimage"},"thumbnailUrl":"https:\/\/antderground.com\/wp-content\/uploads\/2025\/04\/Harpactira-pulchripes.jpg","datePublished":"2025-04-21T09:52:21+00:00","dateModified":"2025-09-07T10:05:50+00:00","description":"Harpactira pulchripes kaufen \u2013 farbenfrohe Vogelspinne aus S\u00fcdafrika mit gold-blauem Look. F\u00fcr erfahrene Terrarianer geeignet.","breadcrumb":{"@id":"https:\/\/antderground.com\/de\/produkt\/harpactira-pulchripes\/#breadcrumb"},"inLanguage":"de","potentialAction":[{"@type":"ReadAction","target":["https:\/\/antderground.com\/de\/produkt\/harpactira-pulchripes\/"]}]},{"@type":"ImageObject","inLanguage":"de","@id":"https:\/\/antderground.com\/de\/produkt\/harpactira-pulchripes\/#primaryimage","url":"https:\/\/antderground.com\/wp-content\/uploads\/2025\/04\/Harpactira-pulchripes.jpg","contentUrl":"https:\/\/antderground.com\/wp-content\/uploads\/2025\/04\/Harpactira-pulchripes.jpg","width":1600,"height":1567,"caption":"Harpactira pulchripes"},{"@type":"BreadcrumbList","@id":"https:\/\/antderground.com\/de\/produkt\/harpactira-pulchripes\/#breadcrumb","itemListElement":[{"@type":"ListItem","position":1,"name":"Portada","item":"https:\/\/antderground.com\/de\/"},{"@type":"ListItem","position":2,"name":"Shop","item":"https:\/\/antderground.com\/de\/shop\/"},{"@type":"ListItem","position":3,"name":"Harpactira pulchripes"}]},{"@type":"WebSite","@id":"https:\/\/antderground.com\/de\/#website","url":"https:\/\/antderground.com\/de\/","name":"ANTDERGROUND","description":"Tu tienda de hormigas, gran variedad de hormigueros acr\u00edlicos,madera,arena,3D y mas.. Pide tus hormigas gratis con tu pedido, somos expertos en hormigueros antifugas.","publisher":{"@id":"https:\/\/antderground.com\/de\/#\/schema\/person\/0e322c505e84fe72c65e2f6d08f96b81"},"alternateName":"Antderground","potentialAction":[{"@type":"SearchAction","target":{"@type":"EntryPoint","urlTemplate":"https:\/\/antderground.com\/de\/?s={search_term_string}"},"query-input":{"@type":"PropertyValueSpecification","valueRequired":true,"valueName":"search_term_string"}}],"inLanguage":"de"},{"@type":["Person","Organization"],"@id":"https:\/\/antderground.com\/de\/#\/schema\/person\/0e322c505e84fe72c65e2f6d08f96b81","name":"Eric de Antderground","image":{"@type":"ImageObject","inLanguage":"de","@id":"https:\/\/secure.gravatar.com\/avatar\/c49a1b9f79216d1498cb73c1e85cd47f4465dda35f2a94c03790d491bd4423c3?s=96&d=mm&r=g","url":"https:\/\/secure.gravatar.com\/avatar\/c49a1b9f79216d1498cb73c1e85cd47f4465dda35f2a94c03790d491bd4423c3?s=96&d=mm&r=g","contentUrl":"https:\/\/secure.gravatar.com\/avatar\/c49a1b9f79216d1498cb73c1e85cd47f4465dda35f2a94c03790d491bd4423c3?s=96&d=mm&r=g","caption":"Eric de Antderground"},"logo":{"@id":"https:\/\/secure.gravatar.com\/avatar\/c49a1b9f79216d1498cb73c1e85cd47f4465dda35f2a94c03790d491bd4423c3?s=96&d=mm&r=g"},"description":"Eric es el especialista y fundador de Antderground, con una amplia trayectoria en artr\u00f3podos y enfocado en la mirmecolog\u00eda y el dise\u00f1o de hormigueros artificiales. Su enfoque combina la innovaci\u00f3n t\u00e9cnica con el respeto por la biolog\u00eda de las hormigas, is\u00f3podos y otros, desarrollando sistemas de nidos modulares 3D y acr\u00edlicos que son referentes para aficionados y profesionales en toda Europa. Su objetivo es facilitar la cr\u00eda de hormigas y otros artr\u00f3podos mediante soluciones seguras y divulgaci\u00f3n de calidad.","sameAs":["https:\/\/antderground.com\/","https:\/\/www.youtube.com\/channel\/UCio72z7TlbufkAthAJIJfPw"]}]}},"_links":{"self":[{"href":"https:\/\/antderground.com\/de\/wp-json\/wp\/v2\/product\/41953","targetHints":{"allow":["GET"]}}],"collection":[{"href":"https:\/\/antderground.com\/de\/wp-json\/wp\/v2\/product"}],"about":[{"href":"https:\/\/antderground.com\/de\/wp-json\/wp\/v2\/types\/product"}],"version-history":[{"count":0,"href":"https:\/\/antderground.com\/de\/wp-json\/wp\/v2\/product\/41953\/revisions"}],"wp:featuredmedia":[{"embeddable":true,"href":"https:\/\/antderground.com\/de\/wp-json\/wp\/v2\/media\/41945"}],"wp:attachment":[{"href":"https:\/\/antderground.com\/de\/wp-json\/wp\/v2\/media?parent=41953"}],"wp:term":[{"taxonomy":"product_brand","embeddable":true,"href":"https:\/\/antderground.com\/de\/wp-json\/wp\/v2\/product_brand?post=41953"},{"taxonomy":"product_cat","embeddable":true,"href":"https:\/\/antderground.com\/de\/wp-json\/wp\/v2\/product_cat?post=41953"},{"taxonomy":"product_tag","embeddable":true,"href":"https:\/\/antderground.com\/de\/wp-json\/wp\/v2\/product_tag?post=41953"}],"curies":[{"name":"wp","href":"https:\/\/api.w.org\/{rel}","templated":true}]}}