{"id":42007,"date":"2025-04-23T17:20:32","date_gmt":"2025-04-23T15:20:32","guid":{"rendered":"https:\/\/www.antderground.com\/producto\/mikro-grillen-acheta-domesticus\/"},"modified":"2025-07-08T13:55:27","modified_gmt":"2025-07-08T11:55:27","slug":"mikro-grillen-acheta-domesticus","status":"publish","type":"product","link":"https:\/\/antderground.com\/de\/produkt\/mikro-grillen-acheta-domesticus\/","title":{"rendered":"Mikro-Grillen Acheta domesticus"},"content":{"rendered":"<h3 class=\"\" data-start=\"156\" data-end=\"236\">\ud83e\udd97 <strong data-start=\"163\" data-end=\"236\">Technisches Datenblatt \u2013 Mikro-Grillen Acheta domesticus (3-7 Tage alt)<\/strong><\/h3>\n<p class=\"\" data-start=\"238\" data-end=\"563\"><strong data-start=\"238\" data-end=\"262\">Gebr\u00e4uchlicher Name:<\/strong> Hausgrille (Mikro)<br data-start=\"281\" data-end=\"284\" \/><strong data-start=\"284\" data-end=\"312\">Wissenschaftlicher Name:<\/strong> Acheta domesticus<br data-start=\"330\" data-end=\"333\" \/><strong data-start=\"333\" data-end=\"345\">Familie:<\/strong> Gryllidae<br data-start=\"355\" data-end=\"358\" \/><strong data-start=\"358\" data-end=\"370\">Gattung:<\/strong> Acheta<br data-start=\"377\" data-end=\"380\" \/><strong data-start=\"380\" data-end=\"390\">Alter:<\/strong> ca. 3-7 Tage<br data-start=\"401\" data-end=\"404\" \/><strong data-start=\"404\" data-end=\"414\">Gr\u00f6\u00dfe:<\/strong> 1\u20133 mm<br data-start=\"421\" data-end=\"424\" \/><strong data-start=\"424\" data-end=\"437\">Herkunft:<\/strong> Kosmopolitisch, gez\u00fcchtet in spezialisierten Zuchtanlagen unter kontrollierten Bedingungen<br data-start=\"528\" data-end=\"531\" \/><strong data-start=\"531\" data-end=\"551\">Lebenserwartung:<\/strong> 8\u201310 Wochen<\/p>\n<h3 class=\"\" data-start=\"570\" data-end=\"596\">\u2705 <strong data-start=\"576\" data-end=\"596\">N\u00e4hrwertvorteile<\/strong><\/h3>\n<ul data-start=\"598\" data-end=\"878\">\n<li class=\"\" data-start=\"598\" data-end=\"697\">\n<p class=\"\" data-start=\"600\" data-end=\"697\"><strong data-start=\"600\" data-end=\"621\">Hochproteinhaltig<\/strong>: 60\u201370\u202f% Proteinanteil, ideal f\u00fcr das Wachstum junger oder kleiner Tiere.<\/p>\n<\/li>\n<li class=\"\" data-start=\"698\" data-end=\"754\">\n<p class=\"\" data-start=\"700\" data-end=\"754\"><strong data-start=\"700\" data-end=\"711\">Fettarm<\/strong>: Liefert Energie ohne unn\u00f6tige Kalorien.<\/p>\n<\/li>\n<li class=\"\" data-start=\"755\" data-end=\"878\">\n<p class=\"\" data-start=\"757\" data-end=\"878\"><strong data-start=\"757\" data-end=\"786\">Reich an Mikron\u00e4hrstoffen<\/strong>: Enth\u00e4lt Kalzium, Eisen, Magnesium und Vitamin B12 \u2013 f\u00f6rdert Knochenst\u00e4rke und Immunsystem.<\/p>\n<\/li>\n<\/ul>\n<h3 class=\"\" data-start=\"885\" data-end=\"905\">\n\ud83d\udc38 <strong data-start=\"892\" data-end=\"905\">Ideal f\u00fcr<\/strong><\/h3>\n<p class=\"\" data-start=\"907\" data-end=\"1098\">Reptilien, Amphibien, insektenfressende V\u00f6gel, Fische, Arthropoden und kleine S\u00e4ugetiere.<br data-start=\"996\" data-end=\"999\" \/>Regt das nat\u00fcrliche Jagdverhalten an und ist auch f\u00fcr empfindliche Jungtiere <strong data-start=\"1076\" data-end=\"1097\">leicht verdaulich<\/strong>.<\/p>\n<h3 class=\"\" data-start=\"1105\" data-end=\"1135\">\n\ud83e\uddca <strong data-start=\"1112\" data-end=\"1135\">Lagerungsempfehlung<\/strong><\/h3>\n<ul data-start=\"1137\" data-end=\"1312\">\n<li class=\"\" data-start=\"1137\" data-end=\"1261\">\n<p class=\"\" data-start=\"1139\" data-end=\"1261\">In einem bel\u00fcfteten Beh\u00e4lter aufbewahren, Feuchtigkeitsquelle bereitstellen (z.\u202fB. Hydrogelfutter oder frisches Gem\u00fcse).<\/p>\n<\/li>\n<li class=\"\" data-start=\"1262\" data-end=\"1312\">\n<p class=\"\" data-start=\"1264\" data-end=\"1312\">Extreme Temperaturen vermeiden. Ideal: 20\u201325\u202f\u00b0C.<\/p>\n<\/li>\n<\/ul>\n<p class=\"\" data-start=\"1319\" data-end=\"1490\">\n\u26a0\ufe0f <strong data-start=\"1322\" data-end=\"1333\">Hinweis<\/strong>: Die in unserem Onlineshop verkauften Mikro-Grillen (<em data-start=\"1387\" data-end=\"1406\">Acheta domesticus<\/em>) <strong data-start=\"1408\" data-end=\"1460\">sind nicht f\u00fcr den menschlichen Verzehr geeignet<\/strong>. Nur als Tierfutter bestimmt.<\/p>\n","protected":false},"excerpt":{"rendered":"<p class=\"\" data-start=\"1544\" data-end=\"1775\">Versorge deine kleinen Tiere mit lebendiger Energie! \ud83e\udd97 Unsere Mikro-Grillen (3-7 Tage alt) sind perfekt f\u00fcr Jungtiere \u2013 eiwei\u00dfreich, leicht verdaulich und winzig. Gib deinen Reptilien, Amphibien &amp; Co. vom ersten Bissen an das Beste!<\/p>\n","protected":false},"featured_media":41999,"template":"","meta":[],"product_brand":[],"product_cat":[534,662],"product_tag":[],"class_list":{"0":"post-42007","1":"product","2":"type-product","3":"status-publish","4":"has-post-thumbnail","6":"product_cat-ameisenfutter","7":"product_cat-lebendfutter","9":"first","10":"outofstock","11":"shipping-taxable","12":"purchasable","13":"product-type-variable"},"yoast_head":"<!-- This site is optimized with the Yoast SEO plugin v27.3 - https:\/\/yoast.com\/product\/yoast-seo-wordpress\/ -->\n<title>Mikro-Grillen Acheta domesticus | Lebendfutter - ANTDERGROUND<\/title>\n<meta name=\"description\" content=\"Mikro-Grillen Acheta domesticus (3-5 Tage alt) kaufen. Lebendfutter f\u00fcr junge Reptilien und Amphibien. Eiwei\u00dfreich und gut verdaulich.\" \/>\n<meta name=\"robots\" content=\"index, follow, max-snippet:-1, max-image-preview:large, max-video-preview:-1\" \/>\n<link rel=\"canonical\" href=\"https:\/\/antderground.com\/de\/produkt\/mikro-grillen-acheta-domesticus\/\" \/>\n<meta property=\"og:locale\" content=\"de_DE\" \/>\n<meta property=\"og:type\" content=\"article\" \/>\n<meta property=\"og:title\" content=\"Mikro-Grillen Acheta domesticus | Lebendfutter - ANTDERGROUND\" \/>\n<meta property=\"og:description\" content=\"Mikro-Grillen Acheta domesticus (3-5 Tage alt) kaufen. Lebendfutter f\u00fcr junge Reptilien und Amphibien. Eiwei\u00dfreich und gut verdaulich.\" \/>\n<meta property=\"og:url\" content=\"https:\/\/antderground.com\/de\/produkt\/mikro-grillen-acheta-domesticus\/\" \/>\n<meta property=\"og:site_name\" content=\"ANTDERGROUND\" \/>\n<meta property=\"article:modified_time\" content=\"2025-07-08T11:55:27+00:00\" \/>\n<meta property=\"og:image\" content=\"https:\/\/antderground.com\/wp-content\/uploads\/2025\/04\/Micro-grillos-Acheta-domesticus.jpg\" \/>\n\t<meta property=\"og:image:width\" content=\"2048\" \/>\n\t<meta property=\"og:image:height\" content=\"2048\" \/>\n\t<meta property=\"og:image:type\" content=\"image\/jpeg\" \/>\n<meta name=\"twitter:card\" content=\"summary_large_image\" \/>\n<meta name=\"twitter:label1\" content=\"Gesch\u00e4tzte Lesezeit\" \/>\n\t<meta name=\"twitter:data1\" content=\"1\u00a0Minute\" \/>\n<script type=\"application\/ld+json\" class=\"yoast-schema-graph\">{\"@context\":\"https:\\\/\\\/schema.org\",\"@graph\":[{\"@type\":\"WebPage\",\"@id\":\"https:\\\/\\\/antderground.com\\\/de\\\/produkt\\\/mikro-grillen-acheta-domesticus\\\/\",\"url\":\"https:\\\/\\\/antderground.com\\\/de\\\/produkt\\\/mikro-grillen-acheta-domesticus\\\/\",\"name\":\"Mikro-Grillen Acheta domesticus | Lebendfutter - ANTDERGROUND\",\"isPartOf\":{\"@id\":\"https:\\\/\\\/antderground.com\\\/de\\\/#website\"},\"primaryImageOfPage\":{\"@id\":\"https:\\\/\\\/antderground.com\\\/de\\\/produkt\\\/mikro-grillen-acheta-domesticus\\\/#primaryimage\"},\"image\":{\"@id\":\"https:\\\/\\\/antderground.com\\\/de\\\/produkt\\\/mikro-grillen-acheta-domesticus\\\/#primaryimage\"},\"thumbnailUrl\":\"https:\\\/\\\/antderground.com\\\/wp-content\\\/uploads\\\/2025\\\/04\\\/Micro-grillos-Acheta-domesticus.jpg\",\"datePublished\":\"2025-04-23T15:20:32+00:00\",\"dateModified\":\"2025-07-08T11:55:27+00:00\",\"description\":\"Mikro-Grillen Acheta domesticus (3-5 Tage alt) kaufen. Lebendfutter f\u00fcr junge Reptilien und Amphibien. Eiwei\u00dfreich und gut verdaulich.\",\"breadcrumb\":{\"@id\":\"https:\\\/\\\/antderground.com\\\/de\\\/produkt\\\/mikro-grillen-acheta-domesticus\\\/#breadcrumb\"},\"inLanguage\":\"de\",\"potentialAction\":[{\"@type\":\"ReadAction\",\"target\":[\"https:\\\/\\\/antderground.com\\\/de\\\/produkt\\\/mikro-grillen-acheta-domesticus\\\/\"]}]},{\"@type\":\"ImageObject\",\"inLanguage\":\"de\",\"@id\":\"https:\\\/\\\/antderground.com\\\/de\\\/produkt\\\/mikro-grillen-acheta-domesticus\\\/#primaryimage\",\"url\":\"https:\\\/\\\/antderground.com\\\/wp-content\\\/uploads\\\/2025\\\/04\\\/Micro-grillos-Acheta-domesticus.jpg\",\"contentUrl\":\"https:\\\/\\\/antderground.com\\\/wp-content\\\/uploads\\\/2025\\\/04\\\/Micro-grillos-Acheta-domesticus.jpg\",\"width\":2048,\"height\":2048,\"caption\":\"Mikro-Grillen Acheta domesticus\"},{\"@type\":\"BreadcrumbList\",\"@id\":\"https:\\\/\\\/antderground.com\\\/de\\\/produkt\\\/mikro-grillen-acheta-domesticus\\\/#breadcrumb\",\"itemListElement\":[{\"@type\":\"ListItem\",\"position\":1,\"name\":\"Portada\",\"item\":\"https:\\\/\\\/antderground.com\\\/de\\\/\"},{\"@type\":\"ListItem\",\"position\":2,\"name\":\"Shop\",\"item\":\"https:\\\/\\\/antderground.com\\\/de\\\/shop\\\/\"},{\"@type\":\"ListItem\",\"position\":3,\"name\":\"Mikro-Grillen Acheta domesticus\"}]},{\"@type\":\"WebSite\",\"@id\":\"https:\\\/\\\/antderground.com\\\/de\\\/#website\",\"url\":\"https:\\\/\\\/antderground.com\\\/de\\\/\",\"name\":\"ANTDERGROUND\",\"description\":\"Tu tienda de hormigas, gran variedad de hormigueros acr\u00edlicos,madera,arena,3D y mas.. Pide tus hormigas gratis con tu pedido, somos expertos en hormigueros antifugas.\",\"publisher\":{\"@id\":\"https:\\\/\\\/antderground.com\\\/de\\\/#\\\/schema\\\/person\\\/0e322c505e84fe72c65e2f6d08f96b81\"},\"alternateName\":\"Antderground\",\"potentialAction\":[{\"@type\":\"SearchAction\",\"target\":{\"@type\":\"EntryPoint\",\"urlTemplate\":\"https:\\\/\\\/antderground.com\\\/de\\\/?s={search_term_string}\"},\"query-input\":{\"@type\":\"PropertyValueSpecification\",\"valueRequired\":true,\"valueName\":\"search_term_string\"}}],\"inLanguage\":\"de\"},{\"@type\":[\"Person\",\"Organization\"],\"@id\":\"https:\\\/\\\/antderground.com\\\/de\\\/#\\\/schema\\\/person\\\/0e322c505e84fe72c65e2f6d08f96b81\",\"name\":\"Eric de Antderground\",\"image\":{\"@type\":\"ImageObject\",\"inLanguage\":\"de\",\"@id\":\"https:\\\/\\\/secure.gravatar.com\\\/avatar\\\/c49a1b9f79216d1498cb73c1e85cd47f4465dda35f2a94c03790d491bd4423c3?s=96&d=mm&r=g\",\"url\":\"https:\\\/\\\/secure.gravatar.com\\\/avatar\\\/c49a1b9f79216d1498cb73c1e85cd47f4465dda35f2a94c03790d491bd4423c3?s=96&d=mm&r=g\",\"contentUrl\":\"https:\\\/\\\/secure.gravatar.com\\\/avatar\\\/c49a1b9f79216d1498cb73c1e85cd47f4465dda35f2a94c03790d491bd4423c3?s=96&d=mm&r=g\",\"caption\":\"Eric de Antderground\"},\"logo\":{\"@id\":\"https:\\\/\\\/secure.gravatar.com\\\/avatar\\\/c49a1b9f79216d1498cb73c1e85cd47f4465dda35f2a94c03790d491bd4423c3?s=96&d=mm&r=g\"},\"description\":\"Eric es el especialista y fundador de Antderground, con una amplia trayectoria en artr\u00f3podos y enfocado en la mirmecolog\u00eda y el dise\u00f1o de hormigueros artificiales. Su enfoque combina la innovaci\u00f3n t\u00e9cnica con el respeto por la biolog\u00eda de las hormigas, is\u00f3podos y otros, desarrollando sistemas de nidos modulares 3D y acr\u00edlicos que son referentes para aficionados y profesionales en toda Europa. Su objetivo es facilitar la cr\u00eda de hormigas y otros artr\u00f3podos mediante soluciones seguras y divulgaci\u00f3n de calidad.\",\"sameAs\":[\"https:\\\/\\\/antderground.com\\\/\",\"https:\\\/\\\/www.youtube.com\\\/channel\\\/UCio72z7TlbufkAthAJIJfPw\"]}]}<\/script>\n<!-- \/ Yoast SEO plugin. -->","yoast_head_json":{"title":"Mikro-Grillen Acheta domesticus | Lebendfutter - ANTDERGROUND","description":"Mikro-Grillen Acheta domesticus (3-5 Tage alt) kaufen. Lebendfutter f\u00fcr junge Reptilien und Amphibien. Eiwei\u00dfreich und gut verdaulich.","robots":{"index":"index","follow":"follow","max-snippet":"max-snippet:-1","max-image-preview":"max-image-preview:large","max-video-preview":"max-video-preview:-1"},"canonical":"https:\/\/antderground.com\/de\/produkt\/mikro-grillen-acheta-domesticus\/","og_locale":"de_DE","og_type":"article","og_title":"Mikro-Grillen Acheta domesticus | Lebendfutter - ANTDERGROUND","og_description":"Mikro-Grillen Acheta domesticus (3-5 Tage alt) kaufen. Lebendfutter f\u00fcr junge Reptilien und Amphibien. Eiwei\u00dfreich und gut verdaulich.","og_url":"https:\/\/antderground.com\/de\/produkt\/mikro-grillen-acheta-domesticus\/","og_site_name":"ANTDERGROUND","article_modified_time":"2025-07-08T11:55:27+00:00","og_image":[{"width":2048,"height":2048,"url":"https:\/\/antderground.com\/wp-content\/uploads\/2025\/04\/Micro-grillos-Acheta-domesticus.jpg","type":"image\/jpeg"}],"twitter_card":"summary_large_image","twitter_misc":{"Gesch\u00e4tzte Lesezeit":"1\u00a0Minute"},"schema":{"@context":"https:\/\/schema.org","@graph":[{"@type":"WebPage","@id":"https:\/\/antderground.com\/de\/produkt\/mikro-grillen-acheta-domesticus\/","url":"https:\/\/antderground.com\/de\/produkt\/mikro-grillen-acheta-domesticus\/","name":"Mikro-Grillen Acheta domesticus | Lebendfutter - ANTDERGROUND","isPartOf":{"@id":"https:\/\/antderground.com\/de\/#website"},"primaryImageOfPage":{"@id":"https:\/\/antderground.com\/de\/produkt\/mikro-grillen-acheta-domesticus\/#primaryimage"},"image":{"@id":"https:\/\/antderground.com\/de\/produkt\/mikro-grillen-acheta-domesticus\/#primaryimage"},"thumbnailUrl":"https:\/\/antderground.com\/wp-content\/uploads\/2025\/04\/Micro-grillos-Acheta-domesticus.jpg","datePublished":"2025-04-23T15:20:32+00:00","dateModified":"2025-07-08T11:55:27+00:00","description":"Mikro-Grillen Acheta domesticus (3-5 Tage alt) kaufen. Lebendfutter f\u00fcr junge Reptilien und Amphibien. Eiwei\u00dfreich und gut verdaulich.","breadcrumb":{"@id":"https:\/\/antderground.com\/de\/produkt\/mikro-grillen-acheta-domesticus\/#breadcrumb"},"inLanguage":"de","potentialAction":[{"@type":"ReadAction","target":["https:\/\/antderground.com\/de\/produkt\/mikro-grillen-acheta-domesticus\/"]}]},{"@type":"ImageObject","inLanguage":"de","@id":"https:\/\/antderground.com\/de\/produkt\/mikro-grillen-acheta-domesticus\/#primaryimage","url":"https:\/\/antderground.com\/wp-content\/uploads\/2025\/04\/Micro-grillos-Acheta-domesticus.jpg","contentUrl":"https:\/\/antderground.com\/wp-content\/uploads\/2025\/04\/Micro-grillos-Acheta-domesticus.jpg","width":2048,"height":2048,"caption":"Mikro-Grillen Acheta domesticus"},{"@type":"BreadcrumbList","@id":"https:\/\/antderground.com\/de\/produkt\/mikro-grillen-acheta-domesticus\/#breadcrumb","itemListElement":[{"@type":"ListItem","position":1,"name":"Portada","item":"https:\/\/antderground.com\/de\/"},{"@type":"ListItem","position":2,"name":"Shop","item":"https:\/\/antderground.com\/de\/shop\/"},{"@type":"ListItem","position":3,"name":"Mikro-Grillen Acheta domesticus"}]},{"@type":"WebSite","@id":"https:\/\/antderground.com\/de\/#website","url":"https:\/\/antderground.com\/de\/","name":"ANTDERGROUND","description":"Tu tienda de hormigas, gran variedad de hormigueros acr\u00edlicos,madera,arena,3D y mas.. Pide tus hormigas gratis con tu pedido, somos expertos en hormigueros antifugas.","publisher":{"@id":"https:\/\/antderground.com\/de\/#\/schema\/person\/0e322c505e84fe72c65e2f6d08f96b81"},"alternateName":"Antderground","potentialAction":[{"@type":"SearchAction","target":{"@type":"EntryPoint","urlTemplate":"https:\/\/antderground.com\/de\/?s={search_term_string}"},"query-input":{"@type":"PropertyValueSpecification","valueRequired":true,"valueName":"search_term_string"}}],"inLanguage":"de"},{"@type":["Person","Organization"],"@id":"https:\/\/antderground.com\/de\/#\/schema\/person\/0e322c505e84fe72c65e2f6d08f96b81","name":"Eric de Antderground","image":{"@type":"ImageObject","inLanguage":"de","@id":"https:\/\/secure.gravatar.com\/avatar\/c49a1b9f79216d1498cb73c1e85cd47f4465dda35f2a94c03790d491bd4423c3?s=96&d=mm&r=g","url":"https:\/\/secure.gravatar.com\/avatar\/c49a1b9f79216d1498cb73c1e85cd47f4465dda35f2a94c03790d491bd4423c3?s=96&d=mm&r=g","contentUrl":"https:\/\/secure.gravatar.com\/avatar\/c49a1b9f79216d1498cb73c1e85cd47f4465dda35f2a94c03790d491bd4423c3?s=96&d=mm&r=g","caption":"Eric de Antderground"},"logo":{"@id":"https:\/\/secure.gravatar.com\/avatar\/c49a1b9f79216d1498cb73c1e85cd47f4465dda35f2a94c03790d491bd4423c3?s=96&d=mm&r=g"},"description":"Eric es el especialista y fundador de Antderground, con una amplia trayectoria en artr\u00f3podos y enfocado en la mirmecolog\u00eda y el dise\u00f1o de hormigueros artificiales. Su enfoque combina la innovaci\u00f3n t\u00e9cnica con el respeto por la biolog\u00eda de las hormigas, is\u00f3podos y otros, desarrollando sistemas de nidos modulares 3D y acr\u00edlicos que son referentes para aficionados y profesionales en toda Europa. Su objetivo es facilitar la cr\u00eda de hormigas y otros artr\u00f3podos mediante soluciones seguras y divulgaci\u00f3n de calidad.","sameAs":["https:\/\/antderground.com\/","https:\/\/www.youtube.com\/channel\/UCio72z7TlbufkAthAJIJfPw"]}]}},"_links":{"self":[{"href":"https:\/\/antderground.com\/de\/wp-json\/wp\/v2\/product\/42007","targetHints":{"allow":["GET"]}}],"collection":[{"href":"https:\/\/antderground.com\/de\/wp-json\/wp\/v2\/product"}],"about":[{"href":"https:\/\/antderground.com\/de\/wp-json\/wp\/v2\/types\/product"}],"version-history":[{"count":0,"href":"https:\/\/antderground.com\/de\/wp-json\/wp\/v2\/product\/42007\/revisions"}],"wp:featuredmedia":[{"embeddable":true,"href":"https:\/\/antderground.com\/de\/wp-json\/wp\/v2\/media\/41999"}],"wp:attachment":[{"href":"https:\/\/antderground.com\/de\/wp-json\/wp\/v2\/media?parent=42007"}],"wp:term":[{"taxonomy":"product_brand","embeddable":true,"href":"https:\/\/antderground.com\/de\/wp-json\/wp\/v2\/product_brand?post=42007"},{"taxonomy":"product_cat","embeddable":true,"href":"https:\/\/antderground.com\/de\/wp-json\/wp\/v2\/product_cat?post=42007"},{"taxonomy":"product_tag","embeddable":true,"href":"https:\/\/antderground.com\/de\/wp-json\/wp\/v2\/product_tag?post=42007"}],"curies":[{"name":"wp","href":"https:\/\/api.w.org\/{rel}","templated":true}]}}