{"id":42044,"date":"2025-04-20T22:33:32","date_gmt":"2025-04-20T20:33:32","guid":{"rendered":"https:\/\/www.antderground.com\/producto\/magnolia-grandiflora\/"},"modified":"2025-04-20T22:33:32","modified_gmt":"2025-04-20T20:33:32","slug":"magnolia-grandiflora","status":"publish","type":"product","link":"https:\/\/antderground.com\/de\/produkt\/magnolia-grandiflora\/","title":{"rendered":"Magnolia grandiflora"},"content":{"rendered":"<h3 class=\"\" data-start=\"154\" data-end=\"205\">\ud83c\udf38 Technisches Datenblatt: Magnolia grandiflora<\/h3>\n<p class=\"\" data-start=\"207\" data-end=\"391\"><strong data-start=\"207\" data-end=\"226\">Deutscher Name:<\/strong> Magnolie, Gro\u00dfblumige Magnolie, S\u00fcdliche Magnolie<br data-start=\"276\" data-end=\"279\" \/><strong data-start=\"279\" data-end=\"307\">Wissenschaftlicher Name:<\/strong> <em data-start=\"308\" data-end=\"330\">Magnolia grandiflora<\/em><br data-start=\"330\" data-end=\"333\" \/><strong data-start=\"333\" data-end=\"345\">Familie:<\/strong> Magnoliaceae<br data-start=\"358\" data-end=\"361\" \/><strong data-start=\"361\" data-end=\"374\">Herkunft:<\/strong> S\u00fcdosten der USA<\/p>\n<h3 class=\"\" data-start=\"393\" data-end=\"423\">\ud83c\udf3f Allgemeine Beschreibung<\/h3>\n<p class=\"\" data-start=\"425\" data-end=\"661\"><em data-start=\"425\" data-end=\"447\">Magnolia grandiflora<\/em> ist ein immergr\u00fcner, majest\u00e4tischer Zierbaum, der f\u00fcr seine gro\u00dfen, duftenden wei\u00dfen Bl\u00fcten und gl\u00e4nzenden Bl\u00e4tter gesch\u00e4tzt wird. Langsam wachsend, aber langlebig \u2013 ideal f\u00fcr gro\u00dfe G\u00e4rten und weitl\u00e4ufige Fl\u00e4chen.<\/p>\n<h3 class=\"\" data-start=\"663\" data-end=\"675\">\ud83d\udccf Gr\u00f6\u00dfe<\/h3>\n<p class=\"\" data-start=\"677\" data-end=\"794\"><strong data-start=\"677\" data-end=\"686\">H\u00f6he:<\/strong> Bis zu 25\u201330 Meter unter optimalen Bedingungen<br data-start=\"733\" data-end=\"736\" \/><strong data-start=\"736\" data-end=\"758\">Kronendurchmesser:<\/strong> 10\u201315 Meter<br data-start=\"770\" data-end=\"773\" \/><strong data-start=\"773\" data-end=\"786\">Wachstum:<\/strong> Langsam<\/p>\n<h3 class=\"\" data-start=\"796\" data-end=\"809\">\ud83c\udf38 Bl\u00fcten<\/h3>\n<p class=\"\" data-start=\"811\" data-end=\"972\"><strong data-start=\"811\" data-end=\"825\">Bl\u00fctezeit:<\/strong> Fr\u00fchling und Sommer (gelegentlich bis in den Herbst)<br data-start=\"878\" data-end=\"881\" \/><strong data-start=\"881\" data-end=\"891\">Farbe:<\/strong> Cremewei\u00df<br data-start=\"901\" data-end=\"904\" \/><strong data-start=\"904\" data-end=\"920\">Durchmesser:<\/strong> Bis zu 20\u201330 cm<br data-start=\"936\" data-end=\"939\" \/><strong data-start=\"939\" data-end=\"948\">Duft:<\/strong> Stark, s\u00fc\u00df und angenehm<\/p>\n<h3 class=\"\" data-start=\"974\" data-end=\"988\">\ud83c\udf43 Bl\u00e4tter<\/h3>\n<p class=\"\" data-start=\"990\" data-end=\"1148\"><strong data-start=\"990\" data-end=\"998\">Typ:<\/strong> Immergr\u00fcn<br data-start=\"1008\" data-end=\"1011\" \/><strong data-start=\"1011\" data-end=\"1021\">Farbe:<\/strong> Dunkelgr\u00fcn gl\u00e4nzend auf der Oberseite, rostfarben auf der Unterseite<br data-start=\"1090\" data-end=\"1093\" \/><strong data-start=\"1093\" data-end=\"1103\">L\u00e4nge:<\/strong> 12\u201325 cm<br data-start=\"1112\" data-end=\"1115\" \/><strong data-start=\"1115\" data-end=\"1126\">Textur:<\/strong> Lederartig und robust<\/p>\n<h3 class=\"\" data-start=\"1150\" data-end=\"1163\">\ud83c\udf31 Pflege<\/h3>\n<p class=\"\" data-start=\"1165\" data-end=\"1518\"><strong data-start=\"1165\" data-end=\"1175\">Licht:<\/strong> Vollsonnig bis halbschattig<br data-start=\"1203\" data-end=\"1206\" \/><strong data-start=\"1206\" data-end=\"1216\">Boden:<\/strong> Sauer, n\u00e4hrstoffreich, tiefgr\u00fcndig und gut durchl\u00e4ssig<br data-start=\"1271\" data-end=\"1274\" \/><strong data-start=\"1274\" data-end=\"1290\">Bew\u00e4sserung:<\/strong> Regelm\u00e4\u00dfig, besonders in Trockenzeiten oder in der Jugendphase<br data-start=\"1353\" data-end=\"1356\" \/><strong data-start=\"1356\" data-end=\"1371\">Frosth\u00e4rte:<\/strong> M\u00e4\u00dfig winterhart \u2013 vertr\u00e4gt leichte Fr\u00f6ste<br data-start=\"1414\" data-end=\"1417\" \/><strong data-start=\"1417\" data-end=\"1429\">Schnitt:<\/strong> In der Regel nicht n\u00f6tig, gelegentlich zur Formgebung oder Entfernung abgestorbener \u00c4ste<\/p>\n<h3 class=\"\" data-start=\"1520\" data-end=\"1550\">\ud83d\udc1d Verwendung und Vorteile<\/h3>\n<p class=\"\" data-start=\"1552\" data-end=\"1758\">Hervorragender Zierbaum f\u00fcr G\u00e4rten, Parks und Alleen<br data-start=\"1604\" data-end=\"1607\" \/>Zieht Bienen und andere Best\u00e4uber an<br data-start=\"1643\" data-end=\"1646\" \/>Symboltr\u00e4chtig in vielen Regionen der S\u00fcdstaaten der USA<br data-start=\"1702\" data-end=\"1705\" \/>Sorgt f\u00fcr dichten Schatten und \u00e4sthetische Aufwertung<\/p>\n<h3 class=\"\" data-start=\"1760\" data-end=\"1775\">\u26a0\ufe0f Hinweise<\/h3>\n<p class=\"\" data-start=\"1777\" data-end=\"1942\">Kalkhaltige B\u00f6den vermeiden \u2013 Gefahr von Chlorose<br data-start=\"1826\" data-end=\"1829\" \/>Ungeeignet f\u00fcr sp\u00e4tes Umpflanzen im Erwachsenenalter<br data-start=\"1881\" data-end=\"1884\" \/>Tiefreichendes Wurzelsystem \u2013 Abstand zu Geb\u00e4uden beachten<\/p>\n","protected":false},"excerpt":{"rendered":"<p class=\"\" data-start=\"1991\" data-end=\"2211\">Magnolia grandiflora ist ein prachtvoller Zierbaum mit duftenden, wei\u00dfen Bl\u00fcten und gl\u00e4nzendem Laub. Perfekt f\u00fcr gro\u00dfe G\u00e4rten \u2013 bietet das ganze Jahr \u00fcber Eleganz und Schatten. Robust, langlebig und ein echter Blickfang!<\/p>\n<p><strong>H\u00f6he:<\/strong> 60 cm<\/p>\n","protected":false},"featured_media":41929,"template":"","meta":[],"product_brand":[],"product_cat":[638],"product_tag":[],"class_list":{"0":"post-42044","1":"product","2":"type-product","3":"status-publish","4":"has-post-thumbnail","6":"product_cat-naturliche-pflanzen","8":"first","9":"instock","10":"shipping-taxable","11":"purchasable","12":"product-type-simple"},"yoast_head":"<!-- This site is optimized with the Yoast SEO plugin v27.3 - https:\/\/yoast.com\/product\/yoast-seo-wordpress\/ -->\n<title>Magnolia grandiflora | B\u00e4ume kaufen - ANTDERGROUND<\/title>\n<meta name=\"description\" content=\"Magnolia grandiflora \ud83c\udf38 Immergr\u00fcner Zierbaum mit wei\u00dfen Bl\u00fcten und s\u00fc\u00dfem Duft. Ideal f\u00fcr gro\u00dfe G\u00e4rten. Bringt Stil und Schatten ins Gr\u00fcn.\" \/>\n<meta name=\"robots\" content=\"index, follow, max-snippet:-1, max-image-preview:large, max-video-preview:-1\" \/>\n<link rel=\"canonical\" href=\"https:\/\/antderground.com\/de\/produkt\/magnolia-grandiflora\/\" \/>\n<meta property=\"og:locale\" content=\"de_DE\" \/>\n<meta property=\"og:type\" content=\"article\" \/>\n<meta property=\"og:title\" content=\"Magnolia grandiflora | B\u00e4ume kaufen - ANTDERGROUND\" \/>\n<meta property=\"og:description\" content=\"Magnolia grandiflora \ud83c\udf38 Immergr\u00fcner Zierbaum mit wei\u00dfen Bl\u00fcten und s\u00fc\u00dfem Duft. Ideal f\u00fcr gro\u00dfe G\u00e4rten. Bringt Stil und Schatten ins Gr\u00fcn.\" \/>\n<meta property=\"og:url\" content=\"https:\/\/antderground.com\/de\/produkt\/magnolia-grandiflora\/\" \/>\n<meta property=\"og:site_name\" content=\"ANTDERGROUND\" \/>\n<meta property=\"og:image\" content=\"https:\/\/antderground.com\/wp-content\/uploads\/2025\/04\/Magnolia-grandiflora.jpg\" \/>\n\t<meta property=\"og:image:width\" content=\"1600\" \/>\n\t<meta property=\"og:image:height\" content=\"1567\" \/>\n\t<meta property=\"og:image:type\" content=\"image\/jpeg\" \/>\n<meta name=\"twitter:card\" content=\"summary_large_image\" \/>\n<meta name=\"twitter:label1\" content=\"Gesch\u00e4tzte Lesezeit\" \/>\n\t<meta name=\"twitter:data1\" content=\"1\u00a0Minute\" \/>\n<script type=\"application\/ld+json\" class=\"yoast-schema-graph\">{\"@context\":\"https:\\\/\\\/schema.org\",\"@graph\":[{\"@type\":\"WebPage\",\"@id\":\"https:\\\/\\\/antderground.com\\\/de\\\/produkt\\\/magnolia-grandiflora\\\/\",\"url\":\"https:\\\/\\\/antderground.com\\\/de\\\/produkt\\\/magnolia-grandiflora\\\/\",\"name\":\"Magnolia grandiflora | B\u00e4ume kaufen - ANTDERGROUND\",\"isPartOf\":{\"@id\":\"https:\\\/\\\/antderground.com\\\/de\\\/#website\"},\"primaryImageOfPage\":{\"@id\":\"https:\\\/\\\/antderground.com\\\/de\\\/produkt\\\/magnolia-grandiflora\\\/#primaryimage\"},\"image\":{\"@id\":\"https:\\\/\\\/antderground.com\\\/de\\\/produkt\\\/magnolia-grandiflora\\\/#primaryimage\"},\"thumbnailUrl\":\"https:\\\/\\\/antderground.com\\\/wp-content\\\/uploads\\\/2025\\\/04\\\/Magnolia-grandiflora.jpg\",\"datePublished\":\"2025-04-20T20:33:32+00:00\",\"description\":\"Magnolia grandiflora \ud83c\udf38 Immergr\u00fcner Zierbaum mit wei\u00dfen Bl\u00fcten und s\u00fc\u00dfem Duft. Ideal f\u00fcr gro\u00dfe G\u00e4rten. Bringt Stil und Schatten ins Gr\u00fcn.\",\"breadcrumb\":{\"@id\":\"https:\\\/\\\/antderground.com\\\/de\\\/produkt\\\/magnolia-grandiflora\\\/#breadcrumb\"},\"inLanguage\":\"de\",\"potentialAction\":[{\"@type\":\"ReadAction\",\"target\":[\"https:\\\/\\\/antderground.com\\\/de\\\/produkt\\\/magnolia-grandiflora\\\/\"]}]},{\"@type\":\"ImageObject\",\"inLanguage\":\"de\",\"@id\":\"https:\\\/\\\/antderground.com\\\/de\\\/produkt\\\/magnolia-grandiflora\\\/#primaryimage\",\"url\":\"https:\\\/\\\/antderground.com\\\/wp-content\\\/uploads\\\/2025\\\/04\\\/Magnolia-grandiflora.jpg\",\"contentUrl\":\"https:\\\/\\\/antderground.com\\\/wp-content\\\/uploads\\\/2025\\\/04\\\/Magnolia-grandiflora.jpg\",\"width\":1600,\"height\":1567,\"caption\":\"B\u00e4ume Gartendekoration Magnolia grandiflora\"},{\"@type\":\"BreadcrumbList\",\"@id\":\"https:\\\/\\\/antderground.com\\\/de\\\/produkt\\\/magnolia-grandiflora\\\/#breadcrumb\",\"itemListElement\":[{\"@type\":\"ListItem\",\"position\":1,\"name\":\"Portada\",\"item\":\"https:\\\/\\\/antderground.com\\\/de\\\/\"},{\"@type\":\"ListItem\",\"position\":2,\"name\":\"Shop\",\"item\":\"https:\\\/\\\/antderground.com\\\/de\\\/shop\\\/\"},{\"@type\":\"ListItem\",\"position\":3,\"name\":\"Magnolia grandiflora\"}]},{\"@type\":\"WebSite\",\"@id\":\"https:\\\/\\\/antderground.com\\\/de\\\/#website\",\"url\":\"https:\\\/\\\/antderground.com\\\/de\\\/\",\"name\":\"ANTDERGROUND\",\"description\":\"Tu tienda de hormigas, gran variedad de hormigueros acr\u00edlicos,madera,arena,3D y mas.. Pide tus hormigas gratis con tu pedido, somos expertos en hormigueros antifugas.\",\"publisher\":{\"@id\":\"https:\\\/\\\/antderground.com\\\/de\\\/#\\\/schema\\\/person\\\/0e322c505e84fe72c65e2f6d08f96b81\"},\"alternateName\":\"Antderground\",\"potentialAction\":[{\"@type\":\"SearchAction\",\"target\":{\"@type\":\"EntryPoint\",\"urlTemplate\":\"https:\\\/\\\/antderground.com\\\/de\\\/?s={search_term_string}\"},\"query-input\":{\"@type\":\"PropertyValueSpecification\",\"valueRequired\":true,\"valueName\":\"search_term_string\"}}],\"inLanguage\":\"de\"},{\"@type\":[\"Person\",\"Organization\"],\"@id\":\"https:\\\/\\\/antderground.com\\\/de\\\/#\\\/schema\\\/person\\\/0e322c505e84fe72c65e2f6d08f96b81\",\"name\":\"Eric de Antderground\",\"image\":{\"@type\":\"ImageObject\",\"inLanguage\":\"de\",\"@id\":\"https:\\\/\\\/secure.gravatar.com\\\/avatar\\\/c49a1b9f79216d1498cb73c1e85cd47f4465dda35f2a94c03790d491bd4423c3?s=96&d=mm&r=g\",\"url\":\"https:\\\/\\\/secure.gravatar.com\\\/avatar\\\/c49a1b9f79216d1498cb73c1e85cd47f4465dda35f2a94c03790d491bd4423c3?s=96&d=mm&r=g\",\"contentUrl\":\"https:\\\/\\\/secure.gravatar.com\\\/avatar\\\/c49a1b9f79216d1498cb73c1e85cd47f4465dda35f2a94c03790d491bd4423c3?s=96&d=mm&r=g\",\"caption\":\"Eric de Antderground\"},\"logo\":{\"@id\":\"https:\\\/\\\/secure.gravatar.com\\\/avatar\\\/c49a1b9f79216d1498cb73c1e85cd47f4465dda35f2a94c03790d491bd4423c3?s=96&d=mm&r=g\"},\"description\":\"Eric es el especialista y fundador de Antderground, con una amplia trayectoria en artr\u00f3podos y enfocado en la mirmecolog\u00eda y el dise\u00f1o de hormigueros artificiales. Su enfoque combina la innovaci\u00f3n t\u00e9cnica con el respeto por la biolog\u00eda de las hormigas, is\u00f3podos y otros, desarrollando sistemas de nidos modulares 3D y acr\u00edlicos que son referentes para aficionados y profesionales en toda Europa. Su objetivo es facilitar la cr\u00eda de hormigas y otros artr\u00f3podos mediante soluciones seguras y divulgaci\u00f3n de calidad.\",\"sameAs\":[\"https:\\\/\\\/antderground.com\\\/\",\"https:\\\/\\\/www.youtube.com\\\/channel\\\/UCio72z7TlbufkAthAJIJfPw\"]}]}<\/script>\n<!-- \/ Yoast SEO plugin. -->","yoast_head_json":{"title":"Magnolia grandiflora | B\u00e4ume kaufen - ANTDERGROUND","description":"Magnolia grandiflora \ud83c\udf38 Immergr\u00fcner Zierbaum mit wei\u00dfen Bl\u00fcten und s\u00fc\u00dfem Duft. Ideal f\u00fcr gro\u00dfe G\u00e4rten. Bringt Stil und Schatten ins Gr\u00fcn.","robots":{"index":"index","follow":"follow","max-snippet":"max-snippet:-1","max-image-preview":"max-image-preview:large","max-video-preview":"max-video-preview:-1"},"canonical":"https:\/\/antderground.com\/de\/produkt\/magnolia-grandiflora\/","og_locale":"de_DE","og_type":"article","og_title":"Magnolia grandiflora | B\u00e4ume kaufen - ANTDERGROUND","og_description":"Magnolia grandiflora \ud83c\udf38 Immergr\u00fcner Zierbaum mit wei\u00dfen Bl\u00fcten und s\u00fc\u00dfem Duft. Ideal f\u00fcr gro\u00dfe G\u00e4rten. Bringt Stil und Schatten ins Gr\u00fcn.","og_url":"https:\/\/antderground.com\/de\/produkt\/magnolia-grandiflora\/","og_site_name":"ANTDERGROUND","og_image":[{"width":1600,"height":1567,"url":"https:\/\/antderground.com\/wp-content\/uploads\/2025\/04\/Magnolia-grandiflora.jpg","type":"image\/jpeg"}],"twitter_card":"summary_large_image","twitter_misc":{"Gesch\u00e4tzte Lesezeit":"1\u00a0Minute"},"schema":{"@context":"https:\/\/schema.org","@graph":[{"@type":"WebPage","@id":"https:\/\/antderground.com\/de\/produkt\/magnolia-grandiflora\/","url":"https:\/\/antderground.com\/de\/produkt\/magnolia-grandiflora\/","name":"Magnolia grandiflora | B\u00e4ume kaufen - ANTDERGROUND","isPartOf":{"@id":"https:\/\/antderground.com\/de\/#website"},"primaryImageOfPage":{"@id":"https:\/\/antderground.com\/de\/produkt\/magnolia-grandiflora\/#primaryimage"},"image":{"@id":"https:\/\/antderground.com\/de\/produkt\/magnolia-grandiflora\/#primaryimage"},"thumbnailUrl":"https:\/\/antderground.com\/wp-content\/uploads\/2025\/04\/Magnolia-grandiflora.jpg","datePublished":"2025-04-20T20:33:32+00:00","description":"Magnolia grandiflora \ud83c\udf38 Immergr\u00fcner Zierbaum mit wei\u00dfen Bl\u00fcten und s\u00fc\u00dfem Duft. Ideal f\u00fcr gro\u00dfe G\u00e4rten. Bringt Stil und Schatten ins Gr\u00fcn.","breadcrumb":{"@id":"https:\/\/antderground.com\/de\/produkt\/magnolia-grandiflora\/#breadcrumb"},"inLanguage":"de","potentialAction":[{"@type":"ReadAction","target":["https:\/\/antderground.com\/de\/produkt\/magnolia-grandiflora\/"]}]},{"@type":"ImageObject","inLanguage":"de","@id":"https:\/\/antderground.com\/de\/produkt\/magnolia-grandiflora\/#primaryimage","url":"https:\/\/antderground.com\/wp-content\/uploads\/2025\/04\/Magnolia-grandiflora.jpg","contentUrl":"https:\/\/antderground.com\/wp-content\/uploads\/2025\/04\/Magnolia-grandiflora.jpg","width":1600,"height":1567,"caption":"B\u00e4ume Gartendekoration Magnolia grandiflora"},{"@type":"BreadcrumbList","@id":"https:\/\/antderground.com\/de\/produkt\/magnolia-grandiflora\/#breadcrumb","itemListElement":[{"@type":"ListItem","position":1,"name":"Portada","item":"https:\/\/antderground.com\/de\/"},{"@type":"ListItem","position":2,"name":"Shop","item":"https:\/\/antderground.com\/de\/shop\/"},{"@type":"ListItem","position":3,"name":"Magnolia grandiflora"}]},{"@type":"WebSite","@id":"https:\/\/antderground.com\/de\/#website","url":"https:\/\/antderground.com\/de\/","name":"ANTDERGROUND","description":"Tu tienda de hormigas, gran variedad de hormigueros acr\u00edlicos,madera,arena,3D y mas.. Pide tus hormigas gratis con tu pedido, somos expertos en hormigueros antifugas.","publisher":{"@id":"https:\/\/antderground.com\/de\/#\/schema\/person\/0e322c505e84fe72c65e2f6d08f96b81"},"alternateName":"Antderground","potentialAction":[{"@type":"SearchAction","target":{"@type":"EntryPoint","urlTemplate":"https:\/\/antderground.com\/de\/?s={search_term_string}"},"query-input":{"@type":"PropertyValueSpecification","valueRequired":true,"valueName":"search_term_string"}}],"inLanguage":"de"},{"@type":["Person","Organization"],"@id":"https:\/\/antderground.com\/de\/#\/schema\/person\/0e322c505e84fe72c65e2f6d08f96b81","name":"Eric de Antderground","image":{"@type":"ImageObject","inLanguage":"de","@id":"https:\/\/secure.gravatar.com\/avatar\/c49a1b9f79216d1498cb73c1e85cd47f4465dda35f2a94c03790d491bd4423c3?s=96&d=mm&r=g","url":"https:\/\/secure.gravatar.com\/avatar\/c49a1b9f79216d1498cb73c1e85cd47f4465dda35f2a94c03790d491bd4423c3?s=96&d=mm&r=g","contentUrl":"https:\/\/secure.gravatar.com\/avatar\/c49a1b9f79216d1498cb73c1e85cd47f4465dda35f2a94c03790d491bd4423c3?s=96&d=mm&r=g","caption":"Eric de Antderground"},"logo":{"@id":"https:\/\/secure.gravatar.com\/avatar\/c49a1b9f79216d1498cb73c1e85cd47f4465dda35f2a94c03790d491bd4423c3?s=96&d=mm&r=g"},"description":"Eric es el especialista y fundador de Antderground, con una amplia trayectoria en artr\u00f3podos y enfocado en la mirmecolog\u00eda y el dise\u00f1o de hormigueros artificiales. Su enfoque combina la innovaci\u00f3n t\u00e9cnica con el respeto por la biolog\u00eda de las hormigas, is\u00f3podos y otros, desarrollando sistemas de nidos modulares 3D y acr\u00edlicos que son referentes para aficionados y profesionales en toda Europa. Su objetivo es facilitar la cr\u00eda de hormigas y otros artr\u00f3podos mediante soluciones seguras y divulgaci\u00f3n de calidad.","sameAs":["https:\/\/antderground.com\/","https:\/\/www.youtube.com\/channel\/UCio72z7TlbufkAthAJIJfPw"]}]}},"_links":{"self":[{"href":"https:\/\/antderground.com\/de\/wp-json\/wp\/v2\/product\/42044","targetHints":{"allow":["GET"]}}],"collection":[{"href":"https:\/\/antderground.com\/de\/wp-json\/wp\/v2\/product"}],"about":[{"href":"https:\/\/antderground.com\/de\/wp-json\/wp\/v2\/types\/product"}],"version-history":[{"count":0,"href":"https:\/\/antderground.com\/de\/wp-json\/wp\/v2\/product\/42044\/revisions"}],"wp:featuredmedia":[{"embeddable":true,"href":"https:\/\/antderground.com\/de\/wp-json\/wp\/v2\/media\/41929"}],"wp:attachment":[{"href":"https:\/\/antderground.com\/de\/wp-json\/wp\/v2\/media?parent=42044"}],"wp:term":[{"taxonomy":"product_brand","embeddable":true,"href":"https:\/\/antderground.com\/de\/wp-json\/wp\/v2\/product_brand?post=42044"},{"taxonomy":"product_cat","embeddable":true,"href":"https:\/\/antderground.com\/de\/wp-json\/wp\/v2\/product_cat?post=42044"},{"taxonomy":"product_tag","embeddable":true,"href":"https:\/\/antderground.com\/de\/wp-json\/wp\/v2\/product_tag?post=42044"}],"curies":[{"name":"wp","href":"https:\/\/api.w.org\/{rel}","templated":true}]}}