{"id":42121,"date":"2025-04-20T22:23:39","date_gmt":"2025-04-20T20:23:39","guid":{"rendered":"https:\/\/www.antderground.com\/producto\/echeveria-pulidonis\/"},"modified":"2025-06-24T13:39:38","modified_gmt":"2025-06-24T11:39:38","slug":"echeveria-pulidonis","status":"publish","type":"product","link":"https:\/\/antderground.com\/de\/produkt\/echeveria-pulidonis\/","title":{"rendered":"Echeveria Pulidonis"},"content":{"rendered":"<h3 class=\"\" data-start=\"100\" data-end=\"151\">\ud83c\udf35 Technisches Datenblatt \u2013 Echeveria pulidonis<\/h3>\n<p class=\"\" data-start=\"153\" data-end=\"309\"><strong data-start=\"153\" data-end=\"177\">Gebr\u00e4uchlicher Name:<\/strong> Echeveria<br data-start=\"187\" data-end=\"190\" \/><strong data-start=\"190\" data-end=\"218\">Wissenschaftlicher Name:<\/strong> <em data-start=\"219\" data-end=\"240\">Echeveria pulidonis<\/em><br data-start=\"240\" data-end=\"243\" \/><strong data-start=\"243\" data-end=\"255\">Familie:<\/strong> Crassulaceae<br data-start=\"268\" data-end=\"271\" \/><strong data-start=\"271\" data-end=\"284\">Herkunft:<\/strong> Mexiko und Mittelamerika<\/p>\n<h3 class=\"\" data-start=\"316\" data-end=\"335\">\ud83e\udeb4 Beschreibung<\/h3>\n<p class=\"\" data-start=\"337\" data-end=\"657\">Die <em data-start=\"341\" data-end=\"362\">Echeveria pulidonis<\/em> ist eine mehrj\u00e4hrige Sukkulente, die f\u00fcr ihre kompakte Rosette aus fleischigen, blaugr\u00fcnen Bl\u00e4ttern mit r\u00f6tlichem Rand gesch\u00e4tzt wird. Diese F\u00e4rbung wird bei Sonnenlicht intensiver. Sie w\u00e4chst langsam und bleibt kompakt \u2013 perfekt f\u00fcr dekorative T\u00f6pfe, Steing\u00e4rten oder Sukkulenten-Arrangements.<\/p>\n<h3 class=\"\" data-start=\"664\" data-end=\"676\">\u2600\ufe0f Licht<\/h3>\n<ul data-start=\"678\" data-end=\"868\">\n<li class=\"\" data-start=\"678\" data-end=\"723\">\n<p class=\"\" data-start=\"680\" data-end=\"723\">Ben\u00f6tigt <strong data-start=\"689\" data-end=\"720\">sehr viel nat\u00fcrliches Licht<\/strong>.<\/p>\n<\/li>\n<li class=\"\" data-start=\"724\" data-end=\"797\">\n<p class=\"\" data-start=\"726\" data-end=\"797\">Bevorzugt <strong data-start=\"736\" data-end=\"766\">direkte Sonneneinstrahlung<\/strong> f\u00fcr mehrere Stunden t\u00e4glich.<\/p>\n<\/li>\n<li class=\"\" data-start=\"798\" data-end=\"868\">\n<p class=\"\" data-start=\"800\" data-end=\"868\">Im Innenbereich sollte sie <strong data-start=\"827\" data-end=\"845\">in Fenstern\u00e4he<\/strong> mit viel Licht stehen.<\/p>\n<\/li>\n<\/ul>\n<h3 class=\"\" data-start=\"875\" data-end=\"893\">\ud83d\udca7 Bew\u00e4sserung<\/h3>\n<ul data-start=\"895\" data-end=\"1076\">\n<li class=\"\" data-start=\"895\" data-end=\"963\">\n<p class=\"\" data-start=\"897\" data-end=\"963\">Nur gie\u00dfen, wenn das Substrat <strong data-start=\"927\" data-end=\"956\">vollst\u00e4ndig ausgetrocknet<\/strong> ist.<\/p>\n<\/li>\n<li class=\"\" data-start=\"964\" data-end=\"1011\">\n<p class=\"\" data-start=\"966\" data-end=\"1011\">Im Winter die Wassermenge stark reduzieren.<\/p>\n<\/li>\n<li class=\"\" data-start=\"1012\" data-end=\"1076\">\n<p class=\"\" data-start=\"1014\" data-end=\"1076\"><strong data-start=\"1014\" data-end=\"1037\">Staun\u00e4sse vermeiden<\/strong>: Wurzelf\u00e4ule droht bei zu viel Wasser.<\/p>\n<\/li>\n<\/ul>\n<h3 class=\"\" data-start=\"1083\" data-end=\"1101\">\ud83c\udf21\ufe0f Temperatur<\/h3>\n<ul data-start=\"1103\" data-end=\"1275\">\n<li class=\"\" data-start=\"1103\" data-end=\"1154\">\n<p class=\"\" data-start=\"1105\" data-end=\"1154\">Idealer Temperaturbereich: <strong data-start=\"1132\" data-end=\"1151\">15 \u00b0C bis 26 \u00b0C<\/strong>.<\/p>\n<\/li>\n<li class=\"\" data-start=\"1155\" data-end=\"1208\">\n<p class=\"\" data-start=\"1157\" data-end=\"1208\">Vertr\u00e4gt h\u00f6here Temperaturen bei guter Bel\u00fcftung.<\/p>\n<\/li>\n<li class=\"\" data-start=\"1209\" data-end=\"1275\">\n<p class=\"\" data-start=\"1211\" data-end=\"1275\">Nicht frostresistent \u2013 bei Temperaturen unter <strong data-start=\"1257\" data-end=\"1265\">5 \u00b0C<\/strong> sch\u00fctzen.<\/p>\n<\/li>\n<\/ul>\n<h3 class=\"\" data-start=\"1282\" data-end=\"1297\">\ud83c\udf31 Substrat<\/h3>\n<ul data-start=\"1299\" data-end=\"1438\">\n<li class=\"\" data-start=\"1299\" data-end=\"1375\">\n<p class=\"\" data-start=\"1301\" data-end=\"1375\">Durchl\u00e4ssige Erde, idealerweise spezielle Sukkulenten- oder Kakteenerde.<\/p>\n<\/li>\n<li class=\"\" data-start=\"1376\" data-end=\"1438\">\n<p class=\"\" data-start=\"1378\" data-end=\"1438\">Optimal: Mischung aus Universalerde, grobem Sand und Perlit.<\/p>\n<\/li>\n<\/ul>\n<h3 class=\"\" data-start=\"1445\" data-end=\"1459\">\ud83e\uddea D\u00fcngung<\/h3>\n<ul data-start=\"1461\" data-end=\"1591\">\n<li class=\"\" data-start=\"1461\" data-end=\"1551\">\n<p class=\"\" data-start=\"1463\" data-end=\"1551\">Im Fr\u00fchjahr und Sommer alle <strong data-start=\"1491\" data-end=\"1505\">4\u20136 Wochen<\/strong> mit Sukkulenten- oder Kakteend\u00fcnger d\u00fcngen.<\/p>\n<\/li>\n<li class=\"\" data-start=\"1552\" data-end=\"1591\">\n<p class=\"\" data-start=\"1554\" data-end=\"1591\">Im Winter keine D\u00fcngung erforderlich.<\/p>\n<\/li>\n<\/ul>\n<h3 class=\"\" data-start=\"1598\" data-end=\"1610\">\ud83c\udf38 Bl\u00fcte<\/h3>\n<ul data-start=\"1612\" data-end=\"1720\">\n<li class=\"\" data-start=\"1612\" data-end=\"1646\">\n<p class=\"\" data-start=\"1614\" data-end=\"1646\">Bl\u00fcht im Fr\u00fchling oder Sommer.<\/p>\n<\/li>\n<li class=\"\" data-start=\"1647\" data-end=\"1720\">\n<p class=\"\" data-start=\"1649\" data-end=\"1720\">Bildet hohe Bl\u00fctenstiele mit kleinen, gelben bis orangefarbenen Bl\u00fcten.<\/p>\n<\/li>\n<\/ul>\n<h3 class=\"\" data-start=\"1727\" data-end=\"1744\">\u267b\ufe0f Vermehrung<\/h3>\n<ul data-start=\"1746\" data-end=\"1909\">\n<li class=\"\" data-start=\"1746\" data-end=\"1800\">\n<p class=\"\" data-start=\"1748\" data-end=\"1800\">\u00dcber <strong data-start=\"1753\" data-end=\"1763\">Kindel<\/strong> (Ableger neben der Mutterpflanze).<\/p>\n<\/li>\n<li class=\"\" data-start=\"1801\" data-end=\"1857\">\n<p class=\"\" data-start=\"1803\" data-end=\"1857\">Auch \u00fcber <strong data-start=\"1813\" data-end=\"1824\">Bl\u00e4tter<\/strong> m\u00f6glich, allerdings langsamer.<\/p>\n<\/li>\n<li class=\"\" data-start=\"1858\" data-end=\"1909\">\n<p class=\"\" data-start=\"1860\" data-end=\"1909\">Stecklinge vor dem Einpflanzen antrocknen lassen.<\/p>\n<\/li>\n<\/ul>\n<h3 class=\"\" data-start=\"1916\" data-end=\"1933\">\ud83d\udc3e Sicherheit<\/h3>\n<ul data-start=\"1935\" data-end=\"1977\">\n<li class=\"\" data-start=\"1935\" data-end=\"1977\">\n<p class=\"\" data-start=\"1937\" data-end=\"1977\">Ungiftig f\u00fcr Haustiere.<\/p>\n<\/li>\n<\/ul>\n","protected":false},"excerpt":{"rendered":"<p class=\"\" data-start=\"2030\" data-end=\"2227\">Echeveria pulidonis \u2013 eine pflegeleichte, dekorative Sukkulente mit blaugr\u00fcnen Bl\u00e4ttern und rotem Rand. Perfekt f\u00fcr helle Innenr\u00e4ume oder sonnige Terrassen! Hol dir ein St\u00fcck Natur nach Hause! \ud83c\udf3f\ud83d\ude09<\/p>\n","protected":false},"featured_media":41917,"template":"","meta":[],"product_brand":[],"product_cat":[638],"product_tag":[],"class_list":{"0":"post-42121","1":"product","2":"type-product","3":"status-publish","4":"has-post-thumbnail","6":"product_cat-naturliche-pflanzen","8":"first","9":"instock","10":"shipping-taxable","11":"purchasable","12":"product-type-variable"},"yoast_head":"<!-- This site is optimized with the Yoast SEO plugin v27.3 - https:\/\/yoast.com\/product\/yoast-seo-wordpress\/ -->\n<title>Echeveria Pulidonis | saftige Pflanzen - ANTDERGROUND<\/title>\n<meta name=\"description\" content=\"Entdecke die Echeveria pulidonis \ud83c\udf35 \u2013 pflegeleicht, dekorativ und perfekt f\u00fcr drinnen und drau\u00dfen. Robust, sch\u00f6n und einfach zu lieben!\" \/>\n<meta name=\"robots\" content=\"index, follow, max-snippet:-1, max-image-preview:large, max-video-preview:-1\" \/>\n<link rel=\"canonical\" href=\"https:\/\/antderground.com\/de\/produkt\/echeveria-pulidonis\/\" \/>\n<meta property=\"og:locale\" content=\"de_DE\" \/>\n<meta property=\"og:type\" content=\"article\" \/>\n<meta property=\"og:title\" content=\"Echeveria Pulidonis | saftige Pflanzen - ANTDERGROUND\" \/>\n<meta property=\"og:description\" content=\"Entdecke die Echeveria pulidonis \ud83c\udf35 \u2013 pflegeleicht, dekorativ und perfekt f\u00fcr drinnen und drau\u00dfen. Robust, sch\u00f6n und einfach zu lieben!\" \/>\n<meta property=\"og:url\" content=\"https:\/\/antderground.com\/de\/produkt\/echeveria-pulidonis\/\" \/>\n<meta property=\"og:site_name\" content=\"ANTDERGROUND\" \/>\n<meta property=\"article:modified_time\" content=\"2025-06-24T11:39:38+00:00\" \/>\n<meta property=\"og:image\" content=\"https:\/\/antderground.com\/wp-content\/uploads\/2025\/04\/Echeveria-Pulidonis.jpg\" \/>\n\t<meta property=\"og:image:width\" content=\"1280\" \/>\n\t<meta property=\"og:image:height\" content=\"1280\" \/>\n\t<meta property=\"og:image:type\" content=\"image\/jpeg\" \/>\n<meta name=\"twitter:card\" content=\"summary_large_image\" \/>\n<meta name=\"twitter:label1\" content=\"Gesch\u00e4tzte Lesezeit\" \/>\n\t<meta name=\"twitter:data1\" content=\"1\u00a0Minute\" \/>\n<script type=\"application\/ld+json\" class=\"yoast-schema-graph\">{\"@context\":\"https:\\\/\\\/schema.org\",\"@graph\":[{\"@type\":\"WebPage\",\"@id\":\"https:\\\/\\\/antderground.com\\\/de\\\/produkt\\\/echeveria-pulidonis\\\/\",\"url\":\"https:\\\/\\\/antderground.com\\\/de\\\/produkt\\\/echeveria-pulidonis\\\/\",\"name\":\"Echeveria Pulidonis | saftige Pflanzen - ANTDERGROUND\",\"isPartOf\":{\"@id\":\"https:\\\/\\\/antderground.com\\\/de\\\/#website\"},\"primaryImageOfPage\":{\"@id\":\"https:\\\/\\\/antderground.com\\\/de\\\/produkt\\\/echeveria-pulidonis\\\/#primaryimage\"},\"image\":{\"@id\":\"https:\\\/\\\/antderground.com\\\/de\\\/produkt\\\/echeveria-pulidonis\\\/#primaryimage\"},\"thumbnailUrl\":\"https:\\\/\\\/antderground.com\\\/wp-content\\\/uploads\\\/2025\\\/04\\\/Echeveria-Pulidonis.jpg\",\"datePublished\":\"2025-04-20T20:23:39+00:00\",\"dateModified\":\"2025-06-24T11:39:38+00:00\",\"description\":\"Entdecke die Echeveria pulidonis \ud83c\udf35 \u2013 pflegeleicht, dekorativ und perfekt f\u00fcr drinnen und drau\u00dfen. Robust, sch\u00f6n und einfach zu lieben!\",\"breadcrumb\":{\"@id\":\"https:\\\/\\\/antderground.com\\\/de\\\/produkt\\\/echeveria-pulidonis\\\/#breadcrumb\"},\"inLanguage\":\"de\",\"potentialAction\":[{\"@type\":\"ReadAction\",\"target\":[\"https:\\\/\\\/antderground.com\\\/de\\\/produkt\\\/echeveria-pulidonis\\\/\"]}]},{\"@type\":\"ImageObject\",\"inLanguage\":\"de\",\"@id\":\"https:\\\/\\\/antderground.com\\\/de\\\/produkt\\\/echeveria-pulidonis\\\/#primaryimage\",\"url\":\"https:\\\/\\\/antderground.com\\\/wp-content\\\/uploads\\\/2025\\\/04\\\/Echeveria-Pulidonis.jpg\",\"contentUrl\":\"https:\\\/\\\/antderground.com\\\/wp-content\\\/uploads\\\/2025\\\/04\\\/Echeveria-Pulidonis.jpg\",\"width\":1280,\"height\":1280,\"caption\":\"Echeveria Pulidonis\"},{\"@type\":\"BreadcrumbList\",\"@id\":\"https:\\\/\\\/antderground.com\\\/de\\\/produkt\\\/echeveria-pulidonis\\\/#breadcrumb\",\"itemListElement\":[{\"@type\":\"ListItem\",\"position\":1,\"name\":\"Portada\",\"item\":\"https:\\\/\\\/antderground.com\\\/de\\\/\"},{\"@type\":\"ListItem\",\"position\":2,\"name\":\"Shop\",\"item\":\"https:\\\/\\\/antderground.com\\\/de\\\/shop\\\/\"},{\"@type\":\"ListItem\",\"position\":3,\"name\":\"Echeveria Pulidonis\"}]},{\"@type\":\"WebSite\",\"@id\":\"https:\\\/\\\/antderground.com\\\/de\\\/#website\",\"url\":\"https:\\\/\\\/antderground.com\\\/de\\\/\",\"name\":\"ANTDERGROUND\",\"description\":\"Tu tienda de hormigas, gran variedad de hormigueros acr\u00edlicos,madera,arena,3D y mas.. Pide tus hormigas gratis con tu pedido, somos expertos en hormigueros antifugas.\",\"publisher\":{\"@id\":\"https:\\\/\\\/antderground.com\\\/de\\\/#\\\/schema\\\/person\\\/0e322c505e84fe72c65e2f6d08f96b81\"},\"alternateName\":\"Antderground\",\"potentialAction\":[{\"@type\":\"SearchAction\",\"target\":{\"@type\":\"EntryPoint\",\"urlTemplate\":\"https:\\\/\\\/antderground.com\\\/de\\\/?s={search_term_string}\"},\"query-input\":{\"@type\":\"PropertyValueSpecification\",\"valueRequired\":true,\"valueName\":\"search_term_string\"}}],\"inLanguage\":\"de\"},{\"@type\":[\"Person\",\"Organization\"],\"@id\":\"https:\\\/\\\/antderground.com\\\/de\\\/#\\\/schema\\\/person\\\/0e322c505e84fe72c65e2f6d08f96b81\",\"name\":\"Eric de Antderground\",\"image\":{\"@type\":\"ImageObject\",\"inLanguage\":\"de\",\"@id\":\"https:\\\/\\\/secure.gravatar.com\\\/avatar\\\/c49a1b9f79216d1498cb73c1e85cd47f4465dda35f2a94c03790d491bd4423c3?s=96&d=mm&r=g\",\"url\":\"https:\\\/\\\/secure.gravatar.com\\\/avatar\\\/c49a1b9f79216d1498cb73c1e85cd47f4465dda35f2a94c03790d491bd4423c3?s=96&d=mm&r=g\",\"contentUrl\":\"https:\\\/\\\/secure.gravatar.com\\\/avatar\\\/c49a1b9f79216d1498cb73c1e85cd47f4465dda35f2a94c03790d491bd4423c3?s=96&d=mm&r=g\",\"caption\":\"Eric de Antderground\"},\"logo\":{\"@id\":\"https:\\\/\\\/secure.gravatar.com\\\/avatar\\\/c49a1b9f79216d1498cb73c1e85cd47f4465dda35f2a94c03790d491bd4423c3?s=96&d=mm&r=g\"},\"description\":\"Eric es el especialista y fundador de Antderground, con una amplia trayectoria en artr\u00f3podos y enfocado en la mirmecolog\u00eda y el dise\u00f1o de hormigueros artificiales. Su enfoque combina la innovaci\u00f3n t\u00e9cnica con el respeto por la biolog\u00eda de las hormigas, is\u00f3podos y otros, desarrollando sistemas de nidos modulares 3D y acr\u00edlicos que son referentes para aficionados y profesionales en toda Europa. Su objetivo es facilitar la cr\u00eda de hormigas y otros artr\u00f3podos mediante soluciones seguras y divulgaci\u00f3n de calidad.\",\"sameAs\":[\"https:\\\/\\\/antderground.com\\\/\",\"https:\\\/\\\/www.youtube.com\\\/channel\\\/UCio72z7TlbufkAthAJIJfPw\"]}]}<\/script>\n<!-- \/ Yoast SEO plugin. -->","yoast_head_json":{"title":"Echeveria Pulidonis | saftige Pflanzen - ANTDERGROUND","description":"Entdecke die Echeveria pulidonis \ud83c\udf35 \u2013 pflegeleicht, dekorativ und perfekt f\u00fcr drinnen und drau\u00dfen. Robust, sch\u00f6n und einfach zu lieben!","robots":{"index":"index","follow":"follow","max-snippet":"max-snippet:-1","max-image-preview":"max-image-preview:large","max-video-preview":"max-video-preview:-1"},"canonical":"https:\/\/antderground.com\/de\/produkt\/echeveria-pulidonis\/","og_locale":"de_DE","og_type":"article","og_title":"Echeveria Pulidonis | saftige Pflanzen - ANTDERGROUND","og_description":"Entdecke die Echeveria pulidonis \ud83c\udf35 \u2013 pflegeleicht, dekorativ und perfekt f\u00fcr drinnen und drau\u00dfen. Robust, sch\u00f6n und einfach zu lieben!","og_url":"https:\/\/antderground.com\/de\/produkt\/echeveria-pulidonis\/","og_site_name":"ANTDERGROUND","article_modified_time":"2025-06-24T11:39:38+00:00","og_image":[{"width":1280,"height":1280,"url":"https:\/\/antderground.com\/wp-content\/uploads\/2025\/04\/Echeveria-Pulidonis.jpg","type":"image\/jpeg"}],"twitter_card":"summary_large_image","twitter_misc":{"Gesch\u00e4tzte Lesezeit":"1\u00a0Minute"},"schema":{"@context":"https:\/\/schema.org","@graph":[{"@type":"WebPage","@id":"https:\/\/antderground.com\/de\/produkt\/echeveria-pulidonis\/","url":"https:\/\/antderground.com\/de\/produkt\/echeveria-pulidonis\/","name":"Echeveria Pulidonis | saftige Pflanzen - ANTDERGROUND","isPartOf":{"@id":"https:\/\/antderground.com\/de\/#website"},"primaryImageOfPage":{"@id":"https:\/\/antderground.com\/de\/produkt\/echeveria-pulidonis\/#primaryimage"},"image":{"@id":"https:\/\/antderground.com\/de\/produkt\/echeveria-pulidonis\/#primaryimage"},"thumbnailUrl":"https:\/\/antderground.com\/wp-content\/uploads\/2025\/04\/Echeveria-Pulidonis.jpg","datePublished":"2025-04-20T20:23:39+00:00","dateModified":"2025-06-24T11:39:38+00:00","description":"Entdecke die Echeveria pulidonis \ud83c\udf35 \u2013 pflegeleicht, dekorativ und perfekt f\u00fcr drinnen und drau\u00dfen. Robust, sch\u00f6n und einfach zu lieben!","breadcrumb":{"@id":"https:\/\/antderground.com\/de\/produkt\/echeveria-pulidonis\/#breadcrumb"},"inLanguage":"de","potentialAction":[{"@type":"ReadAction","target":["https:\/\/antderground.com\/de\/produkt\/echeveria-pulidonis\/"]}]},{"@type":"ImageObject","inLanguage":"de","@id":"https:\/\/antderground.com\/de\/produkt\/echeveria-pulidonis\/#primaryimage","url":"https:\/\/antderground.com\/wp-content\/uploads\/2025\/04\/Echeveria-Pulidonis.jpg","contentUrl":"https:\/\/antderground.com\/wp-content\/uploads\/2025\/04\/Echeveria-Pulidonis.jpg","width":1280,"height":1280,"caption":"Echeveria Pulidonis"},{"@type":"BreadcrumbList","@id":"https:\/\/antderground.com\/de\/produkt\/echeveria-pulidonis\/#breadcrumb","itemListElement":[{"@type":"ListItem","position":1,"name":"Portada","item":"https:\/\/antderground.com\/de\/"},{"@type":"ListItem","position":2,"name":"Shop","item":"https:\/\/antderground.com\/de\/shop\/"},{"@type":"ListItem","position":3,"name":"Echeveria Pulidonis"}]},{"@type":"WebSite","@id":"https:\/\/antderground.com\/de\/#website","url":"https:\/\/antderground.com\/de\/","name":"ANTDERGROUND","description":"Tu tienda de hormigas, gran variedad de hormigueros acr\u00edlicos,madera,arena,3D y mas.. Pide tus hormigas gratis con tu pedido, somos expertos en hormigueros antifugas.","publisher":{"@id":"https:\/\/antderground.com\/de\/#\/schema\/person\/0e322c505e84fe72c65e2f6d08f96b81"},"alternateName":"Antderground","potentialAction":[{"@type":"SearchAction","target":{"@type":"EntryPoint","urlTemplate":"https:\/\/antderground.com\/de\/?s={search_term_string}"},"query-input":{"@type":"PropertyValueSpecification","valueRequired":true,"valueName":"search_term_string"}}],"inLanguage":"de"},{"@type":["Person","Organization"],"@id":"https:\/\/antderground.com\/de\/#\/schema\/person\/0e322c505e84fe72c65e2f6d08f96b81","name":"Eric de Antderground","image":{"@type":"ImageObject","inLanguage":"de","@id":"https:\/\/secure.gravatar.com\/avatar\/c49a1b9f79216d1498cb73c1e85cd47f4465dda35f2a94c03790d491bd4423c3?s=96&d=mm&r=g","url":"https:\/\/secure.gravatar.com\/avatar\/c49a1b9f79216d1498cb73c1e85cd47f4465dda35f2a94c03790d491bd4423c3?s=96&d=mm&r=g","contentUrl":"https:\/\/secure.gravatar.com\/avatar\/c49a1b9f79216d1498cb73c1e85cd47f4465dda35f2a94c03790d491bd4423c3?s=96&d=mm&r=g","caption":"Eric de Antderground"},"logo":{"@id":"https:\/\/secure.gravatar.com\/avatar\/c49a1b9f79216d1498cb73c1e85cd47f4465dda35f2a94c03790d491bd4423c3?s=96&d=mm&r=g"},"description":"Eric es el especialista y fundador de Antderground, con una amplia trayectoria en artr\u00f3podos y enfocado en la mirmecolog\u00eda y el dise\u00f1o de hormigueros artificiales. Su enfoque combina la innovaci\u00f3n t\u00e9cnica con el respeto por la biolog\u00eda de las hormigas, is\u00f3podos y otros, desarrollando sistemas de nidos modulares 3D y acr\u00edlicos que son referentes para aficionados y profesionales en toda Europa. Su objetivo es facilitar la cr\u00eda de hormigas y otros artr\u00f3podos mediante soluciones seguras y divulgaci\u00f3n de calidad.","sameAs":["https:\/\/antderground.com\/","https:\/\/www.youtube.com\/channel\/UCio72z7TlbufkAthAJIJfPw"]}]}},"_links":{"self":[{"href":"https:\/\/antderground.com\/de\/wp-json\/wp\/v2\/product\/42121","targetHints":{"allow":["GET"]}}],"collection":[{"href":"https:\/\/antderground.com\/de\/wp-json\/wp\/v2\/product"}],"about":[{"href":"https:\/\/antderground.com\/de\/wp-json\/wp\/v2\/types\/product"}],"version-history":[{"count":0,"href":"https:\/\/antderground.com\/de\/wp-json\/wp\/v2\/product\/42121\/revisions"}],"wp:featuredmedia":[{"embeddable":true,"href":"https:\/\/antderground.com\/de\/wp-json\/wp\/v2\/media\/41917"}],"wp:attachment":[{"href":"https:\/\/antderground.com\/de\/wp-json\/wp\/v2\/media?parent=42121"}],"wp:term":[{"taxonomy":"product_brand","embeddable":true,"href":"https:\/\/antderground.com\/de\/wp-json\/wp\/v2\/product_brand?post=42121"},{"taxonomy":"product_cat","embeddable":true,"href":"https:\/\/antderground.com\/de\/wp-json\/wp\/v2\/product_cat?post=42121"},{"taxonomy":"product_tag","embeddable":true,"href":"https:\/\/antderground.com\/de\/wp-json\/wp\/v2\/product_tag?post=42121"}],"curies":[{"name":"wp","href":"https:\/\/api.w.org\/{rel}","templated":true}]}}