{"id":47536,"date":"2025-11-19T16:18:23","date_gmt":"2025-11-19T15:18:23","guid":{"rendered":"https:\/\/www.antderground.com\/producto\/starter-kit-fuer-asseln-isopoden-v2\/"},"modified":"2025-11-19T16:18:23","modified_gmt":"2025-11-19T15:18:23","slug":"starter-kit-fuer-asseln-isopoden-v2","status":"publish","type":"product","link":"https:\/\/antderground.com\/de\/produkt\/starter-kit-fuer-asseln-isopoden-v2\/","title":{"rendered":"Starter-Kit f\u00fcr Asseln (Isopoden) v2"},"content":{"rendered":"<h3><strong>Starter-Kit f\u00fcr Asseln \/ Isopoden v2 \u2013 Alles, was du zum Start brauchst<\/strong><\/h3>\n<p>Entdecke die beste M\u00f6glichkeit, deine Asseln zu halten, mit unserem <strong>Starter-Kit v2<\/strong>, einer verbesserten Version mit mehr botanischen Elementen und Zubeh\u00f6r, um eine nat\u00fcrliche und gesunde Umgebung zu schaffen.<\/p>\n<p>Das Kit enth\u00e4lt:<\/p>\n<ul>\n<li><strong>Beh\u00e4lter mit 1,3 Litern<\/strong> (18,5 x 12,5 x 7,5 cm) \u2013 ideal f\u00fcr ein kleines, kontrolliertes Mikrohabitat.<\/li>\n<li><strong>500 ml Assel-Substrat<\/strong>, gebrauchsfertig.<\/li>\n<li><strong>Korkrinde<\/strong> als Versteck und R\u00fcckzugsort.<\/li>\n<li><strong>Nat\u00fcrliche Bl\u00e4tter<\/strong> von Eiche, Weide oder Magnolie (je nach Verf\u00fcgbarkeit), f\u00fcr Ern\u00e4hrung und naturnahes Ambiente.<\/li>\n<li><strong>IsoSnack<\/strong>, erg\u00e4nzendes Futter f\u00fcr das Wohlbefinden der Asseln.<\/li>\n<li><strong>Magnolienh\u00fclse<\/strong> zur Bereicherung des Lebensraums.<\/li>\n<li><strong>Assel-Futterstation<\/strong>, praktisch und leicht zu reinigen.<\/li>\n<\/ul>\n<p><strong>Optionale Extras:<\/strong><br \/>\nDu kannst mehrere Asseln zum Sonderpreis hinzuf\u00fcgen, wenn du sie zusammen mit dem Kit kaufst, um deine Kolonie sofort zu starten.<\/p>\n<p>Mit dem <strong>Starter-Kit v2<\/strong> erh\u00e4ltst du alles, um ein ausgewogenes, attraktives und funktionales Mikro\u00f6kosystem zu schaffen \u2013 perfekt f\u00fcr Einsteiger und Hobbyisten, die ihren Asseln ein naturnahes Zuhause bieten m\u00f6chten.<\/p>\n","protected":false},"excerpt":{"rendered":"<p>Starte dein Assel-Abenteuer mit dem <strong>Starter-Kit v2<\/strong>. Enth\u00e4lt Beh\u00e4lter, Substrat, Bl\u00e4tter, Korkrinde, IsoSnack, Futterstation und Magnolienh\u00fclse. Du kannst Asseln g\u00fcnstig dazu bestellen und deinem kleinen Zuhause sofort Leben einhauchen.<\/p>\n","protected":false},"featured_media":47439,"template":"","meta":[],"product_brand":[],"product_cat":[599],"product_tag":[],"class_list":{"0":"post-47536","1":"product","2":"type-product","3":"status-publish","4":"has-post-thumbnail","6":"product_cat-sets-fur-asseln","8":"first","9":"instock","10":"shipping-taxable","11":"purchasable","12":"product-type-variable"},"yoast_head":"<!-- This site is optimized with the Yoast SEO plugin v27.3 - https:\/\/yoast.com\/product\/yoast-seo-wordpress\/ -->\n<title>Starter-Kit f\u00fcr Asseln (Isopoden) v2 - ANTDERGROUND<\/title>\n<meta name=\"description\" content=\"Perfektes Starter-Kit f\u00fcr Asseln V2 - alle Materialien f\u00fcr den Start. Beh\u00e4lter mit Zubeh\u00f6r und optional mit Isopoden\/ Kugelasseln.\" \/>\n<meta name=\"robots\" content=\"index, follow, max-snippet:-1, max-image-preview:large, max-video-preview:-1\" \/>\n<link rel=\"canonical\" href=\"https:\/\/antderground.com\/de\/produkt\/starter-kit-fuer-asseln-isopoden-v2\/\" \/>\n<meta property=\"og:locale\" content=\"de_DE\" \/>\n<meta property=\"og:type\" content=\"article\" \/>\n<meta property=\"og:title\" content=\"Starter-Kit f\u00fcr Asseln (Isopoden) v2 - ANTDERGROUND\" \/>\n<meta property=\"og:description\" content=\"Perfektes Starter-Kit f\u00fcr Asseln V2 - alle Materialien f\u00fcr den Start. Beh\u00e4lter mit Zubeh\u00f6r und optional mit Isopoden\/ Kugelasseln.\" \/>\n<meta property=\"og:url\" content=\"https:\/\/antderground.com\/de\/produkt\/starter-kit-fuer-asseln-isopoden-v2\/\" \/>\n<meta property=\"og:site_name\" content=\"ANTDERGROUND\" \/>\n<meta property=\"og:image\" content=\"https:\/\/antderground.com\/wp-content\/uploads\/2025\/11\/kit-inicio-v2-blanc2.jpg\" \/>\n\t<meta property=\"og:image:width\" content=\"800\" \/>\n\t<meta property=\"og:image:height\" content=\"800\" \/>\n\t<meta property=\"og:image:type\" content=\"image\/jpeg\" \/>\n<meta name=\"twitter:card\" content=\"summary_large_image\" \/>\n<meta name=\"twitter:label1\" content=\"Gesch\u00e4tzte Lesezeit\" \/>\n\t<meta name=\"twitter:data1\" content=\"1\u00a0Minute\" \/>\n<script type=\"application\/ld+json\" class=\"yoast-schema-graph\">{\"@context\":\"https:\\\/\\\/schema.org\",\"@graph\":[{\"@type\":\"WebPage\",\"@id\":\"https:\\\/\\\/antderground.com\\\/de\\\/produkt\\\/starter-kit-fuer-asseln-isopoden-v2\\\/\",\"url\":\"https:\\\/\\\/antderground.com\\\/de\\\/produkt\\\/starter-kit-fuer-asseln-isopoden-v2\\\/\",\"name\":\"Starter-Kit f\u00fcr Asseln (Isopoden) v2 - ANTDERGROUND\",\"isPartOf\":{\"@id\":\"https:\\\/\\\/antderground.com\\\/de\\\/#website\"},\"primaryImageOfPage\":{\"@id\":\"https:\\\/\\\/antderground.com\\\/de\\\/produkt\\\/starter-kit-fuer-asseln-isopoden-v2\\\/#primaryimage\"},\"image\":{\"@id\":\"https:\\\/\\\/antderground.com\\\/de\\\/produkt\\\/starter-kit-fuer-asseln-isopoden-v2\\\/#primaryimage\"},\"thumbnailUrl\":\"https:\\\/\\\/antderground.com\\\/wp-content\\\/uploads\\\/2025\\\/11\\\/kit-inicio-v2-blanc2.jpg\",\"datePublished\":\"2025-11-19T15:18:23+00:00\",\"description\":\"Perfektes Starter-Kit f\u00fcr Asseln V2 - alle Materialien f\u00fcr den Start. Beh\u00e4lter mit Zubeh\u00f6r und optional mit Isopoden\\\/ Kugelasseln.\",\"breadcrumb\":{\"@id\":\"https:\\\/\\\/antderground.com\\\/de\\\/produkt\\\/starter-kit-fuer-asseln-isopoden-v2\\\/#breadcrumb\"},\"inLanguage\":\"de\",\"potentialAction\":[{\"@type\":\"ReadAction\",\"target\":[\"https:\\\/\\\/antderground.com\\\/de\\\/produkt\\\/starter-kit-fuer-asseln-isopoden-v2\\\/\"]}]},{\"@type\":\"ImageObject\",\"inLanguage\":\"de\",\"@id\":\"https:\\\/\\\/antderground.com\\\/de\\\/produkt\\\/starter-kit-fuer-asseln-isopoden-v2\\\/#primaryimage\",\"url\":\"https:\\\/\\\/antderground.com\\\/wp-content\\\/uploads\\\/2025\\\/11\\\/kit-inicio-v2-blanc2.jpg\",\"contentUrl\":\"https:\\\/\\\/antderground.com\\\/wp-content\\\/uploads\\\/2025\\\/11\\\/kit-inicio-v2-blanc2.jpg\",\"width\":800,\"height\":800,\"caption\":\"Starter-Kit f\u00fcr Asseln (isopoden) v2\"},{\"@type\":\"BreadcrumbList\",\"@id\":\"https:\\\/\\\/antderground.com\\\/de\\\/produkt\\\/starter-kit-fuer-asseln-isopoden-v2\\\/#breadcrumb\",\"itemListElement\":[{\"@type\":\"ListItem\",\"position\":1,\"name\":\"Portada\",\"item\":\"https:\\\/\\\/antderground.com\\\/de\\\/\"},{\"@type\":\"ListItem\",\"position\":2,\"name\":\"Shop\",\"item\":\"https:\\\/\\\/antderground.com\\\/de\\\/shop\\\/\"},{\"@type\":\"ListItem\",\"position\":3,\"name\":\"Starter-Kit f\u00fcr Asseln (Isopoden) v2\"}]},{\"@type\":\"WebSite\",\"@id\":\"https:\\\/\\\/antderground.com\\\/de\\\/#website\",\"url\":\"https:\\\/\\\/antderground.com\\\/de\\\/\",\"name\":\"ANTDERGROUND\",\"description\":\"Tu tienda de hormigas, gran variedad de hormigueros acr\u00edlicos,madera,arena,3D y mas.. Pide tus hormigas gratis con tu pedido, somos expertos en hormigueros antifugas.\",\"publisher\":{\"@id\":\"https:\\\/\\\/antderground.com\\\/de\\\/#\\\/schema\\\/person\\\/0e322c505e84fe72c65e2f6d08f96b81\"},\"alternateName\":\"Antderground\",\"potentialAction\":[{\"@type\":\"SearchAction\",\"target\":{\"@type\":\"EntryPoint\",\"urlTemplate\":\"https:\\\/\\\/antderground.com\\\/de\\\/?s={search_term_string}\"},\"query-input\":{\"@type\":\"PropertyValueSpecification\",\"valueRequired\":true,\"valueName\":\"search_term_string\"}}],\"inLanguage\":\"de\"},{\"@type\":[\"Person\",\"Organization\"],\"@id\":\"https:\\\/\\\/antderground.com\\\/de\\\/#\\\/schema\\\/person\\\/0e322c505e84fe72c65e2f6d08f96b81\",\"name\":\"Eric de Antderground\",\"image\":{\"@type\":\"ImageObject\",\"inLanguage\":\"de\",\"@id\":\"https:\\\/\\\/secure.gravatar.com\\\/avatar\\\/c49a1b9f79216d1498cb73c1e85cd47f4465dda35f2a94c03790d491bd4423c3?s=96&d=mm&r=g\",\"url\":\"https:\\\/\\\/secure.gravatar.com\\\/avatar\\\/c49a1b9f79216d1498cb73c1e85cd47f4465dda35f2a94c03790d491bd4423c3?s=96&d=mm&r=g\",\"contentUrl\":\"https:\\\/\\\/secure.gravatar.com\\\/avatar\\\/c49a1b9f79216d1498cb73c1e85cd47f4465dda35f2a94c03790d491bd4423c3?s=96&d=mm&r=g\",\"caption\":\"Eric de Antderground\"},\"logo\":{\"@id\":\"https:\\\/\\\/secure.gravatar.com\\\/avatar\\\/c49a1b9f79216d1498cb73c1e85cd47f4465dda35f2a94c03790d491bd4423c3?s=96&d=mm&r=g\"},\"description\":\"Eric es el especialista y fundador de Antderground, con una amplia trayectoria en artr\u00f3podos y enfocado en la mirmecolog\u00eda y el dise\u00f1o de hormigueros artificiales. Su enfoque combina la innovaci\u00f3n t\u00e9cnica con el respeto por la biolog\u00eda de las hormigas, is\u00f3podos y otros, desarrollando sistemas de nidos modulares 3D y acr\u00edlicos que son referentes para aficionados y profesionales en toda Europa. Su objetivo es facilitar la cr\u00eda de hormigas y otros artr\u00f3podos mediante soluciones seguras y divulgaci\u00f3n de calidad.\",\"sameAs\":[\"https:\\\/\\\/antderground.com\\\/\",\"https:\\\/\\\/www.youtube.com\\\/channel\\\/UCio72z7TlbufkAthAJIJfPw\"]}]}<\/script>\n<!-- \/ Yoast SEO plugin. -->","yoast_head_json":{"title":"Starter-Kit f\u00fcr Asseln (Isopoden) v2 - ANTDERGROUND","description":"Perfektes Starter-Kit f\u00fcr Asseln V2 - alle Materialien f\u00fcr den Start. Beh\u00e4lter mit Zubeh\u00f6r und optional mit Isopoden\/ Kugelasseln.","robots":{"index":"index","follow":"follow","max-snippet":"max-snippet:-1","max-image-preview":"max-image-preview:large","max-video-preview":"max-video-preview:-1"},"canonical":"https:\/\/antderground.com\/de\/produkt\/starter-kit-fuer-asseln-isopoden-v2\/","og_locale":"de_DE","og_type":"article","og_title":"Starter-Kit f\u00fcr Asseln (Isopoden) v2 - ANTDERGROUND","og_description":"Perfektes Starter-Kit f\u00fcr Asseln V2 - alle Materialien f\u00fcr den Start. Beh\u00e4lter mit Zubeh\u00f6r und optional mit Isopoden\/ Kugelasseln.","og_url":"https:\/\/antderground.com\/de\/produkt\/starter-kit-fuer-asseln-isopoden-v2\/","og_site_name":"ANTDERGROUND","og_image":[{"width":800,"height":800,"url":"https:\/\/antderground.com\/wp-content\/uploads\/2025\/11\/kit-inicio-v2-blanc2.jpg","type":"image\/jpeg"}],"twitter_card":"summary_large_image","twitter_misc":{"Gesch\u00e4tzte Lesezeit":"1\u00a0Minute"},"schema":{"@context":"https:\/\/schema.org","@graph":[{"@type":"WebPage","@id":"https:\/\/antderground.com\/de\/produkt\/starter-kit-fuer-asseln-isopoden-v2\/","url":"https:\/\/antderground.com\/de\/produkt\/starter-kit-fuer-asseln-isopoden-v2\/","name":"Starter-Kit f\u00fcr Asseln (Isopoden) v2 - ANTDERGROUND","isPartOf":{"@id":"https:\/\/antderground.com\/de\/#website"},"primaryImageOfPage":{"@id":"https:\/\/antderground.com\/de\/produkt\/starter-kit-fuer-asseln-isopoden-v2\/#primaryimage"},"image":{"@id":"https:\/\/antderground.com\/de\/produkt\/starter-kit-fuer-asseln-isopoden-v2\/#primaryimage"},"thumbnailUrl":"https:\/\/antderground.com\/wp-content\/uploads\/2025\/11\/kit-inicio-v2-blanc2.jpg","datePublished":"2025-11-19T15:18:23+00:00","description":"Perfektes Starter-Kit f\u00fcr Asseln V2 - alle Materialien f\u00fcr den Start. Beh\u00e4lter mit Zubeh\u00f6r und optional mit Isopoden\/ Kugelasseln.","breadcrumb":{"@id":"https:\/\/antderground.com\/de\/produkt\/starter-kit-fuer-asseln-isopoden-v2\/#breadcrumb"},"inLanguage":"de","potentialAction":[{"@type":"ReadAction","target":["https:\/\/antderground.com\/de\/produkt\/starter-kit-fuer-asseln-isopoden-v2\/"]}]},{"@type":"ImageObject","inLanguage":"de","@id":"https:\/\/antderground.com\/de\/produkt\/starter-kit-fuer-asseln-isopoden-v2\/#primaryimage","url":"https:\/\/antderground.com\/wp-content\/uploads\/2025\/11\/kit-inicio-v2-blanc2.jpg","contentUrl":"https:\/\/antderground.com\/wp-content\/uploads\/2025\/11\/kit-inicio-v2-blanc2.jpg","width":800,"height":800,"caption":"Starter-Kit f\u00fcr Asseln (isopoden) v2"},{"@type":"BreadcrumbList","@id":"https:\/\/antderground.com\/de\/produkt\/starter-kit-fuer-asseln-isopoden-v2\/#breadcrumb","itemListElement":[{"@type":"ListItem","position":1,"name":"Portada","item":"https:\/\/antderground.com\/de\/"},{"@type":"ListItem","position":2,"name":"Shop","item":"https:\/\/antderground.com\/de\/shop\/"},{"@type":"ListItem","position":3,"name":"Starter-Kit f\u00fcr Asseln (Isopoden) v2"}]},{"@type":"WebSite","@id":"https:\/\/antderground.com\/de\/#website","url":"https:\/\/antderground.com\/de\/","name":"ANTDERGROUND","description":"Tu tienda de hormigas, gran variedad de hormigueros acr\u00edlicos,madera,arena,3D y mas.. Pide tus hormigas gratis con tu pedido, somos expertos en hormigueros antifugas.","publisher":{"@id":"https:\/\/antderground.com\/de\/#\/schema\/person\/0e322c505e84fe72c65e2f6d08f96b81"},"alternateName":"Antderground","potentialAction":[{"@type":"SearchAction","target":{"@type":"EntryPoint","urlTemplate":"https:\/\/antderground.com\/de\/?s={search_term_string}"},"query-input":{"@type":"PropertyValueSpecification","valueRequired":true,"valueName":"search_term_string"}}],"inLanguage":"de"},{"@type":["Person","Organization"],"@id":"https:\/\/antderground.com\/de\/#\/schema\/person\/0e322c505e84fe72c65e2f6d08f96b81","name":"Eric de Antderground","image":{"@type":"ImageObject","inLanguage":"de","@id":"https:\/\/secure.gravatar.com\/avatar\/c49a1b9f79216d1498cb73c1e85cd47f4465dda35f2a94c03790d491bd4423c3?s=96&d=mm&r=g","url":"https:\/\/secure.gravatar.com\/avatar\/c49a1b9f79216d1498cb73c1e85cd47f4465dda35f2a94c03790d491bd4423c3?s=96&d=mm&r=g","contentUrl":"https:\/\/secure.gravatar.com\/avatar\/c49a1b9f79216d1498cb73c1e85cd47f4465dda35f2a94c03790d491bd4423c3?s=96&d=mm&r=g","caption":"Eric de Antderground"},"logo":{"@id":"https:\/\/secure.gravatar.com\/avatar\/c49a1b9f79216d1498cb73c1e85cd47f4465dda35f2a94c03790d491bd4423c3?s=96&d=mm&r=g"},"description":"Eric es el especialista y fundador de Antderground, con una amplia trayectoria en artr\u00f3podos y enfocado en la mirmecolog\u00eda y el dise\u00f1o de hormigueros artificiales. Su enfoque combina la innovaci\u00f3n t\u00e9cnica con el respeto por la biolog\u00eda de las hormigas, is\u00f3podos y otros, desarrollando sistemas de nidos modulares 3D y acr\u00edlicos que son referentes para aficionados y profesionales en toda Europa. Su objetivo es facilitar la cr\u00eda de hormigas y otros artr\u00f3podos mediante soluciones seguras y divulgaci\u00f3n de calidad.","sameAs":["https:\/\/antderground.com\/","https:\/\/www.youtube.com\/channel\/UCio72z7TlbufkAthAJIJfPw"]}]}},"_links":{"self":[{"href":"https:\/\/antderground.com\/de\/wp-json\/wp\/v2\/product\/47536","targetHints":{"allow":["GET"]}}],"collection":[{"href":"https:\/\/antderground.com\/de\/wp-json\/wp\/v2\/product"}],"about":[{"href":"https:\/\/antderground.com\/de\/wp-json\/wp\/v2\/types\/product"}],"version-history":[{"count":0,"href":"https:\/\/antderground.com\/de\/wp-json\/wp\/v2\/product\/47536\/revisions"}],"wp:featuredmedia":[{"embeddable":true,"href":"https:\/\/antderground.com\/de\/wp-json\/wp\/v2\/media\/47439"}],"wp:attachment":[{"href":"https:\/\/antderground.com\/de\/wp-json\/wp\/v2\/media?parent=47536"}],"wp:term":[{"taxonomy":"product_brand","embeddable":true,"href":"https:\/\/antderground.com\/de\/wp-json\/wp\/v2\/product_brand?post=47536"},{"taxonomy":"product_cat","embeddable":true,"href":"https:\/\/antderground.com\/de\/wp-json\/wp\/v2\/product_cat?post=47536"},{"taxonomy":"product_tag","embeddable":true,"href":"https:\/\/antderground.com\/de\/wp-json\/wp\/v2\/product_tag?post=47536"}],"curies":[{"name":"wp","href":"https:\/\/api.w.org\/{rel}","templated":true}]}}