{"id":52820,"date":"2026-04-24T15:50:12","date_gmt":"2026-04-24T13:50:12","guid":{"rendered":"https:\/\/antderground.com\/producto\/lasiocyano-sazimai\/"},"modified":"2026-04-24T15:50:12","modified_gmt":"2026-04-24T13:50:12","slug":"lasiocyano-sazimai","status":"publish","type":"product","link":"https:\/\/antderground.com\/de\/produkt\/lasiocyano-sazimai\/","title":{"rendered":"Lasiocyano sazimai"},"content":{"rendered":"<h1>Datenblatt \u2013 Lasiocyano sazimai<\/h1>\n<p><strong>Wissenschaftlicher Name:<\/strong> Lasiocyano sazimai<\/p>\n<p><strong>Gebr\u00e4uchlicher Name:<\/strong> Brasilianische Blaue Vogelspinne<\/p>\n<p><strong>Klassifizierung:<\/strong><\/p>\n<ul>\n<li>Ordnung: Araneae<\/li>\n<li>Familie: Theraphosidae<\/li>\n<li>Unterfamilie: Theraphosinae<\/li>\n<li>Gattung: Lasiocyano<\/li>\n<li>Art: Lasiocyano sazimai<\/li>\n<\/ul>\n<p><strong>Fr\u00fchere Bezeichnung:<\/strong> Fr\u00fcher bekannt als <em>Pterinopelma sazimai<\/em><\/p>\n<p><strong>Herkunft:<\/strong> Brasilien, haupts\u00e4chlich in den Regionen Bahia, Minas Gerais und Chapada Diamantina.<\/p>\n<p><strong>Nat\u00fcrlicher Lebensraum:<\/strong> Sie lebt in trockenen, felsigen Gebieten und halbtrockenen Savannen und nutzt Felsspalten, nat\u00fcrliche Verstecke und Erdh\u00f6hlen. Es handelt sich um eine bodenbewohnende und opportunistisch grabende Art.<\/p>\n<p><strong>Adultgr\u00f6\u00dfe:<\/strong> 14\u201316 cm ungef\u00e4hre Beinspannweite<\/p>\n<p><strong>Lebenserwartung:<\/strong><br \/>\nWeibchen: ca. 10\u201315 Jahre<br \/>\nM\u00e4nnchen: ca. 3\u20135 Jahre<\/p>\n<p><strong>Wachstum:<\/strong> Mittel<\/p>\n<p><strong>Verhalten:<\/strong> Es handelt sich um eine schnelle, nerv\u00f6se und meist scheue Art. Sie flieht lieber, als anzugreifen, kann jedoch bei Bedrohung eine Abwehrhaltung einnehmen.<\/p>\n<p><strong>Empfohlenes Erfahrungsniveau:<\/strong> Mittelstufe<\/p>\n<p><strong>Typ:<\/strong> Bodenbewohnend \/ Opportunistisch grabend<\/p>\n<p><strong>F\u00e4rbung:<\/strong> Sie zeigt eine intensive metallisch schimmernde blaue F\u00e4rbung, besonders deutlich an den Beinen und am Carapax. Das Abdomen weist meist dunkle Farbt\u00f6ne mit r\u00f6tlichen oder kupferfarbenen Haaren auf. Die F\u00e4rbung wird nach der H\u00e4utung deutlich intensiver.<\/p>\n<p><strong>Brennhaare:<\/strong> Ja. M\u00f6gliche allergische Reaktionen sollten beachtet werden.<\/p>\n<p><strong>Gift:<\/strong> Leicht, f\u00fcr gesunde Menschen medizinisch in der Regel nicht relevant. Dennoch ist stets Vorsicht geboten, da manche Personen allergische Reaktionen oder individuelle Empfindlichkeiten nach einem Biss zeigen k\u00f6nnen. Unn\u00f6tiges Handling sollte vermieden werden.<\/p>\n<h2>Habitat-Empfehlungen<\/h2>\n<p><strong>Terrarium:<\/strong> Horizontales Terrarium mit guter Bel\u00fcftung und mehr Grundfl\u00e4che als H\u00f6he.<\/p>\n<p><strong>Empfohlene Ma\u00dfe:<\/strong><\/p>\n<ul>\n<li>Jungtier: 20x20x20 cm<\/li>\n<li>Adult: 30x30x25 cm oder gr\u00f6\u00dfer<\/li>\n<\/ul>\n<p><strong>Empfohlenes Substrat:<\/strong> Kokoshumus, torffreie unged\u00fcngte Erde, Bodensubstrat f\u00fcr Arthropoden oder bioaktive Mischungen mit einer Mindesttiefe von 8\u201312 cm, damit Grabverhalten m\u00f6glich ist.<\/p>\n<p><strong>Dekoration:<\/strong> Korkrinde als Versteck, nat\u00fcrliche Rindenst\u00fccke, stabile Steine, sichere R\u00fcckzugsorte und eine flache Wasserschale.<\/p>\n<p><strong>Temperatur:<\/strong> 22\u201326\u00b0C<\/p>\n<p><strong>Luftfeuchtigkeit:<\/strong> 60\u201370%<\/p>\n<p>Es wird empfohlen, einen leicht feuchten Bereich und einen trockeneren Bereich zu schaffen, damit sich das Tier selbst regulieren kann.<\/p>\n<p><strong>Bel\u00fcftung:<\/strong> Gute Bel\u00fcftung zur Vermeidung von stehender Feuchtigkeit, Schimmel und \u00fcberm\u00e4\u00dfiger Kondensation.<\/p>\n<h2>F\u00fctterung<\/h2>\n<p><strong>Ern\u00e4hrung:<\/strong><\/p>\n<p><strong>Insektenfresser:<\/strong><\/p>\n<ul>\n<li>Heimchen<\/li>\n<li>Schaben<\/li>\n<li>kleine Heuschrecken<\/li>\n<li>geeignete Larven je nach Gr\u00f6\u00dfe<\/li>\n<li>andere passende Futterinsekten<\/li>\n<\/ul>\n<p><strong>F\u00fctterungsfrequenz:<\/strong><\/p>\n<ul>\n<li>Spiderlinge: 2 Mal pro Woche<\/li>\n<li>Jungtiere: alle 5\u20137 Tage<\/li>\n<li>Adulte Tiere: alle 7\u201314 Tage<\/li>\n<\/ul>\n<p>Nicht gefressene Futtertiere sollten immer entfernt werden.<\/p>\n<h3>Fortpflanzung<\/h3>\n<p>Es handelt sich um eine ovipare Art. Das Weibchen kann je nach Alter, Gr\u00f6\u00dfe und Haltungsbedingungen Eikokons mit einer gro\u00dfen Anzahl an Nachkommen produzieren.<\/p>\n<h3>Hinweise<\/h3>\n<p>Sie z\u00e4hlt zu den beliebtesten Vogelspinnen in der Terraristik aufgrund ihrer spektakul\u00e4ren metallisch blauen F\u00e4rbung. Obwohl sie normalerweise nicht besonders aggressiv ist, machen ihre Schnelligkeit und ihr nerv\u00f6ses Verhalten sie nicht zur besten Wahl f\u00fcr absolute Anf\u00e4nger.<\/p>\n","protected":false},"excerpt":{"rendered":"<p>Lasiocyano sazimai, bekannt als Brasilianische Blaue Vogelspinne, zeichnet sich durch ihre intensive metallisch blaue F\u00e4rbung und ihre bodenbewohnende Lebensweise aus. Ideal f\u00fcr Liebhaber exotischer Vogelspinnen vereint diese Art Sch\u00f6nheit, aktives Verhalten und einen hohen Wert in der spezialisierten Terraristik.<\/p>\n","protected":false},"featured_media":52717,"template":"","meta":[],"product_brand":[],"product_cat":[528,586],"product_tag":[],"class_list":{"0":"post-52820","1":"product","2":"type-product","3":"status-publish","4":"has-post-thumbnail","6":"product_cat-arthropoden","7":"product_cat-vogelspinnen","9":"first","10":"instock","11":"shipping-taxable","12":"purchasable","13":"product-type-variable"},"yoast_head":"<!-- This site is optimized with the Yoast SEO plugin v27.4 - https:\/\/yoast.com\/product\/yoast-seo-wordpress\/ -->\n<title>Lasiocyano sazimai Vogelspinne | exotische Terrarien \ud83d\udd77\ufe0f - ANTDERGROUND<\/title>\n<meta name=\"description\" content=\"Kaufe Lasiocyano sazimai, die Brasilianische Blaue Vogelspinne mit intensiv metallisch blauer F\u00e4rbung, ideal f\u00fcr exotische Terrarien. \ud83d\udd77\ufe0f\ud83d\udd77\ufe0f Theraphosidae!\" \/>\n<meta name=\"robots\" content=\"index, follow, max-snippet:-1, max-image-preview:large, max-video-preview:-1\" \/>\n<link rel=\"canonical\" href=\"https:\/\/antderground.com\/de\/produkt\/lasiocyano-sazimai\/\" \/>\n<meta property=\"og:locale\" content=\"de_DE\" \/>\n<meta property=\"og:type\" content=\"article\" \/>\n<meta property=\"og:title\" content=\"Lasiocyano sazimai Vogelspinne | exotische Terrarien \ud83d\udd77\ufe0f - ANTDERGROUND\" \/>\n<meta property=\"og:description\" content=\"Kaufe Lasiocyano sazimai, die Brasilianische Blaue Vogelspinne mit intensiv metallisch blauer F\u00e4rbung, ideal f\u00fcr exotische Terrarien. \ud83d\udd77\ufe0f\ud83d\udd77\ufe0f Theraphosidae!\" \/>\n<meta property=\"og:url\" content=\"https:\/\/antderground.com\/de\/produkt\/lasiocyano-sazimai\/\" \/>\n<meta property=\"og:site_name\" content=\"ANTDERGROUND\" \/>\n<meta property=\"og:image\" content=\"https:\/\/antderground.com\/wp-content\/uploads\/2026\/04\/Lasiocyano-sazimai-tarantula.png\" \/>\n\t<meta property=\"og:image:width\" content=\"1080\" \/>\n\t<meta property=\"og:image:height\" content=\"1080\" \/>\n\t<meta property=\"og:image:type\" content=\"image\/png\" \/>\n<meta name=\"twitter:card\" content=\"summary_large_image\" \/>\n<meta name=\"twitter:label1\" content=\"Gesch\u00e4tzte Lesezeit\" \/>\n\t<meta name=\"twitter:data1\" content=\"2\u00a0Minuten\" \/>\n<script type=\"application\/ld+json\" class=\"yoast-schema-graph\">{\"@context\":\"https:\\\/\\\/schema.org\",\"@graph\":[{\"@type\":\"WebPage\",\"@id\":\"https:\\\/\\\/antderground.com\\\/de\\\/produkt\\\/lasiocyano-sazimai\\\/\",\"url\":\"https:\\\/\\\/antderground.com\\\/de\\\/produkt\\\/lasiocyano-sazimai\\\/\",\"name\":\"Lasiocyano sazimai Vogelspinne | exotische Terrarien \ud83d\udd77\ufe0f - ANTDERGROUND\",\"isPartOf\":{\"@id\":\"https:\\\/\\\/antderground.com\\\/de\\\/#website\"},\"primaryImageOfPage\":{\"@id\":\"https:\\\/\\\/antderground.com\\\/de\\\/produkt\\\/lasiocyano-sazimai\\\/#primaryimage\"},\"image\":{\"@id\":\"https:\\\/\\\/antderground.com\\\/de\\\/produkt\\\/lasiocyano-sazimai\\\/#primaryimage\"},\"thumbnailUrl\":\"https:\\\/\\\/antderground.com\\\/wp-content\\\/uploads\\\/2026\\\/04\\\/Lasiocyano-sazimai-tarantula.png\",\"datePublished\":\"2026-04-24T13:50:12+00:00\",\"description\":\"Kaufe Lasiocyano sazimai, die Brasilianische Blaue Vogelspinne mit intensiv metallisch blauer F\u00e4rbung, ideal f\u00fcr exotische Terrarien. \ud83d\udd77\ufe0f\ud83d\udd77\ufe0f Theraphosidae!\",\"breadcrumb\":{\"@id\":\"https:\\\/\\\/antderground.com\\\/de\\\/produkt\\\/lasiocyano-sazimai\\\/#breadcrumb\"},\"inLanguage\":\"de\",\"potentialAction\":[{\"@type\":\"ReadAction\",\"target\":[\"https:\\\/\\\/antderground.com\\\/de\\\/produkt\\\/lasiocyano-sazimai\\\/\"]}]},{\"@type\":\"ImageObject\",\"inLanguage\":\"de\",\"@id\":\"https:\\\/\\\/antderground.com\\\/de\\\/produkt\\\/lasiocyano-sazimai\\\/#primaryimage\",\"url\":\"https:\\\/\\\/antderground.com\\\/wp-content\\\/uploads\\\/2026\\\/04\\\/Lasiocyano-sazimai-tarantula.png\",\"contentUrl\":\"https:\\\/\\\/antderground.com\\\/wp-content\\\/uploads\\\/2026\\\/04\\\/Lasiocyano-sazimai-tarantula.png\",\"width\":1080,\"height\":1080,\"caption\":\"Vogelspinne\"},{\"@type\":\"BreadcrumbList\",\"@id\":\"https:\\\/\\\/antderground.com\\\/de\\\/produkt\\\/lasiocyano-sazimai\\\/#breadcrumb\",\"itemListElement\":[{\"@type\":\"ListItem\",\"position\":1,\"name\":\"Portada\",\"item\":\"https:\\\/\\\/antderground.com\\\/de\\\/\"},{\"@type\":\"ListItem\",\"position\":2,\"name\":\"Shop\",\"item\":\"https:\\\/\\\/antderground.com\\\/de\\\/shop\\\/\"},{\"@type\":\"ListItem\",\"position\":3,\"name\":\"Lasiocyano sazimai\"}]},{\"@type\":\"WebSite\",\"@id\":\"https:\\\/\\\/antderground.com\\\/de\\\/#website\",\"url\":\"https:\\\/\\\/antderground.com\\\/de\\\/\",\"name\":\"ANTDERGROUND\",\"description\":\"Tu tienda de hormigas, gran variedad de hormigueros acr\u00edlicos,madera,arena,3D y mas.. Pide tus hormigas gratis con tu pedido, somos expertos en hormigueros antifugas.\",\"publisher\":{\"@id\":\"https:\\\/\\\/antderground.com\\\/de\\\/#\\\/schema\\\/person\\\/0e322c505e84fe72c65e2f6d08f96b81\"},\"alternateName\":\"Antderground\",\"potentialAction\":[{\"@type\":\"SearchAction\",\"target\":{\"@type\":\"EntryPoint\",\"urlTemplate\":\"https:\\\/\\\/antderground.com\\\/de\\\/?s={search_term_string}\"},\"query-input\":{\"@type\":\"PropertyValueSpecification\",\"valueRequired\":true,\"valueName\":\"search_term_string\"}}],\"inLanguage\":\"de\"},{\"@type\":[\"Person\",\"Organization\"],\"@id\":\"https:\\\/\\\/antderground.com\\\/de\\\/#\\\/schema\\\/person\\\/0e322c505e84fe72c65e2f6d08f96b81\",\"name\":\"Eric de Antderground\",\"image\":{\"@type\":\"ImageObject\",\"inLanguage\":\"de\",\"@id\":\"https:\\\/\\\/secure.gravatar.com\\\/avatar\\\/c49a1b9f79216d1498cb73c1e85cd47f4465dda35f2a94c03790d491bd4423c3?s=96&d=mm&r=g\",\"url\":\"https:\\\/\\\/secure.gravatar.com\\\/avatar\\\/c49a1b9f79216d1498cb73c1e85cd47f4465dda35f2a94c03790d491bd4423c3?s=96&d=mm&r=g\",\"contentUrl\":\"https:\\\/\\\/secure.gravatar.com\\\/avatar\\\/c49a1b9f79216d1498cb73c1e85cd47f4465dda35f2a94c03790d491bd4423c3?s=96&d=mm&r=g\",\"caption\":\"Eric de Antderground\"},\"logo\":{\"@id\":\"https:\\\/\\\/secure.gravatar.com\\\/avatar\\\/c49a1b9f79216d1498cb73c1e85cd47f4465dda35f2a94c03790d491bd4423c3?s=96&d=mm&r=g\"},\"description\":\"Eric es el especialista y fundador de Antderground, con una amplia trayectoria en artr\u00f3podos y enfocado en la mirmecolog\u00eda y el dise\u00f1o de hormigueros artificiales. Su enfoque combina la innovaci\u00f3n t\u00e9cnica con el respeto por la biolog\u00eda de las hormigas, is\u00f3podos y otros, desarrollando sistemas de nidos modulares 3D y acr\u00edlicos que son referentes para aficionados y profesionales en toda Europa. Su objetivo es facilitar la cr\u00eda de hormigas y otros artr\u00f3podos mediante soluciones seguras y divulgaci\u00f3n de calidad.\",\"sameAs\":[\"https:\\\/\\\/antderground.com\\\/\",\"https:\\\/\\\/www.youtube.com\\\/channel\\\/UCio72z7TlbufkAthAJIJfPw\"]}]}<\/script>\n<!-- \/ Yoast SEO plugin. -->","yoast_head_json":{"title":"Lasiocyano sazimai Vogelspinne | exotische Terrarien \ud83d\udd77\ufe0f - ANTDERGROUND","description":"Kaufe Lasiocyano sazimai, die Brasilianische Blaue Vogelspinne mit intensiv metallisch blauer F\u00e4rbung, ideal f\u00fcr exotische Terrarien. \ud83d\udd77\ufe0f\ud83d\udd77\ufe0f Theraphosidae!","robots":{"index":"index","follow":"follow","max-snippet":"max-snippet:-1","max-image-preview":"max-image-preview:large","max-video-preview":"max-video-preview:-1"},"canonical":"https:\/\/antderground.com\/de\/produkt\/lasiocyano-sazimai\/","og_locale":"de_DE","og_type":"article","og_title":"Lasiocyano sazimai Vogelspinne | exotische Terrarien \ud83d\udd77\ufe0f - ANTDERGROUND","og_description":"Kaufe Lasiocyano sazimai, die Brasilianische Blaue Vogelspinne mit intensiv metallisch blauer F\u00e4rbung, ideal f\u00fcr exotische Terrarien. \ud83d\udd77\ufe0f\ud83d\udd77\ufe0f Theraphosidae!","og_url":"https:\/\/antderground.com\/de\/produkt\/lasiocyano-sazimai\/","og_site_name":"ANTDERGROUND","og_image":[{"width":1080,"height":1080,"url":"https:\/\/antderground.com\/wp-content\/uploads\/2026\/04\/Lasiocyano-sazimai-tarantula.png","type":"image\/png"}],"twitter_card":"summary_large_image","twitter_misc":{"Gesch\u00e4tzte Lesezeit":"2\u00a0Minuten"},"schema":{"@context":"https:\/\/schema.org","@graph":[{"@type":"WebPage","@id":"https:\/\/antderground.com\/de\/produkt\/lasiocyano-sazimai\/","url":"https:\/\/antderground.com\/de\/produkt\/lasiocyano-sazimai\/","name":"Lasiocyano sazimai Vogelspinne | exotische Terrarien \ud83d\udd77\ufe0f - ANTDERGROUND","isPartOf":{"@id":"https:\/\/antderground.com\/de\/#website"},"primaryImageOfPage":{"@id":"https:\/\/antderground.com\/de\/produkt\/lasiocyano-sazimai\/#primaryimage"},"image":{"@id":"https:\/\/antderground.com\/de\/produkt\/lasiocyano-sazimai\/#primaryimage"},"thumbnailUrl":"https:\/\/antderground.com\/wp-content\/uploads\/2026\/04\/Lasiocyano-sazimai-tarantula.png","datePublished":"2026-04-24T13:50:12+00:00","description":"Kaufe Lasiocyano sazimai, die Brasilianische Blaue Vogelspinne mit intensiv metallisch blauer F\u00e4rbung, ideal f\u00fcr exotische Terrarien. \ud83d\udd77\ufe0f\ud83d\udd77\ufe0f Theraphosidae!","breadcrumb":{"@id":"https:\/\/antderground.com\/de\/produkt\/lasiocyano-sazimai\/#breadcrumb"},"inLanguage":"de","potentialAction":[{"@type":"ReadAction","target":["https:\/\/antderground.com\/de\/produkt\/lasiocyano-sazimai\/"]}]},{"@type":"ImageObject","inLanguage":"de","@id":"https:\/\/antderground.com\/de\/produkt\/lasiocyano-sazimai\/#primaryimage","url":"https:\/\/antderground.com\/wp-content\/uploads\/2026\/04\/Lasiocyano-sazimai-tarantula.png","contentUrl":"https:\/\/antderground.com\/wp-content\/uploads\/2026\/04\/Lasiocyano-sazimai-tarantula.png","width":1080,"height":1080,"caption":"Vogelspinne"},{"@type":"BreadcrumbList","@id":"https:\/\/antderground.com\/de\/produkt\/lasiocyano-sazimai\/#breadcrumb","itemListElement":[{"@type":"ListItem","position":1,"name":"Portada","item":"https:\/\/antderground.com\/de\/"},{"@type":"ListItem","position":2,"name":"Shop","item":"https:\/\/antderground.com\/de\/shop\/"},{"@type":"ListItem","position":3,"name":"Lasiocyano sazimai"}]},{"@type":"WebSite","@id":"https:\/\/antderground.com\/de\/#website","url":"https:\/\/antderground.com\/de\/","name":"ANTDERGROUND","description":"Tu tienda de hormigas, gran variedad de hormigueros acr\u00edlicos,madera,arena,3D y mas.. Pide tus hormigas gratis con tu pedido, somos expertos en hormigueros antifugas.","publisher":{"@id":"https:\/\/antderground.com\/de\/#\/schema\/person\/0e322c505e84fe72c65e2f6d08f96b81"},"alternateName":"Antderground","potentialAction":[{"@type":"SearchAction","target":{"@type":"EntryPoint","urlTemplate":"https:\/\/antderground.com\/de\/?s={search_term_string}"},"query-input":{"@type":"PropertyValueSpecification","valueRequired":true,"valueName":"search_term_string"}}],"inLanguage":"de"},{"@type":["Person","Organization"],"@id":"https:\/\/antderground.com\/de\/#\/schema\/person\/0e322c505e84fe72c65e2f6d08f96b81","name":"Eric de Antderground","image":{"@type":"ImageObject","inLanguage":"de","@id":"https:\/\/secure.gravatar.com\/avatar\/c49a1b9f79216d1498cb73c1e85cd47f4465dda35f2a94c03790d491bd4423c3?s=96&d=mm&r=g","url":"https:\/\/secure.gravatar.com\/avatar\/c49a1b9f79216d1498cb73c1e85cd47f4465dda35f2a94c03790d491bd4423c3?s=96&d=mm&r=g","contentUrl":"https:\/\/secure.gravatar.com\/avatar\/c49a1b9f79216d1498cb73c1e85cd47f4465dda35f2a94c03790d491bd4423c3?s=96&d=mm&r=g","caption":"Eric de Antderground"},"logo":{"@id":"https:\/\/secure.gravatar.com\/avatar\/c49a1b9f79216d1498cb73c1e85cd47f4465dda35f2a94c03790d491bd4423c3?s=96&d=mm&r=g"},"description":"Eric es el especialista y fundador de Antderground, con una amplia trayectoria en artr\u00f3podos y enfocado en la mirmecolog\u00eda y el dise\u00f1o de hormigueros artificiales. Su enfoque combina la innovaci\u00f3n t\u00e9cnica con el respeto por la biolog\u00eda de las hormigas, is\u00f3podos y otros, desarrollando sistemas de nidos modulares 3D y acr\u00edlicos que son referentes para aficionados y profesionales en toda Europa. Su objetivo es facilitar la cr\u00eda de hormigas y otros artr\u00f3podos mediante soluciones seguras y divulgaci\u00f3n de calidad.","sameAs":["https:\/\/antderground.com\/","https:\/\/www.youtube.com\/channel\/UCio72z7TlbufkAthAJIJfPw"]}]}},"_links":{"self":[{"href":"https:\/\/antderground.com\/de\/wp-json\/wp\/v2\/product\/52820","targetHints":{"allow":["GET"]}}],"collection":[{"href":"https:\/\/antderground.com\/de\/wp-json\/wp\/v2\/product"}],"about":[{"href":"https:\/\/antderground.com\/de\/wp-json\/wp\/v2\/types\/product"}],"version-history":[{"count":0,"href":"https:\/\/antderground.com\/de\/wp-json\/wp\/v2\/product\/52820\/revisions"}],"wp:featuredmedia":[{"embeddable":true,"href":"https:\/\/antderground.com\/de\/wp-json\/wp\/v2\/media\/52717"}],"wp:attachment":[{"href":"https:\/\/antderground.com\/de\/wp-json\/wp\/v2\/media?parent=52820"}],"wp:term":[{"taxonomy":"product_brand","embeddable":true,"href":"https:\/\/antderground.com\/de\/wp-json\/wp\/v2\/product_brand?post=52820"},{"taxonomy":"product_cat","embeddable":true,"href":"https:\/\/antderground.com\/de\/wp-json\/wp\/v2\/product_cat?post=52820"},{"taxonomy":"product_tag","embeddable":true,"href":"https:\/\/antderground.com\/de\/wp-json\/wp\/v2\/product_tag?post=52820"}],"curies":[{"name":"wp","href":"https:\/\/api.w.org\/{rel}","templated":true}]}}