{"id":16710,"date":"2020-03-19T18:30:02","date_gmt":"2020-03-19T17:30:02","guid":{"rendered":"https:\/\/www.antderground.com\/somos-tu-tienda-de-hormigueros\/"},"modified":"2021-11-25T02:00:24","modified_gmt":"2021-11-25T01:00:24","slug":"we-are-your-anthill-shop","status":"publish","type":"page","link":"https:\/\/antderground.com\/en\/we-are-your-anthill-shop\/","title":{"rendered":"We are your anthill shop"},"content":{"rendered":"\n<p>We are your Antderground anthill shop, born from the illusion of a 5-year-old boy (my little son Marc).<\/p>\n\n\n\n<p>We are both enthusiasts of nature and animals, and also of ants and the world of myrmecology, so we decided to make some anthills to donate to his school, and that is how it all started.<\/p>\n\n\n\n<p>We soon became a young company.<\/p>\n\n\n\n<p>The business was created in Berga in May 2019 and with new and recent additions to the work team.<\/p>\n\n\n\n<p>All of our products are self-made, in order to try to offer the best ant care products and to make personalized designs adapted to each client.<\/p>\n\n\n\n<p>We have a facebook group in which we have direct contact with clients and followers.<\/p>\n\n\n\n<p>We invite you to be part of the group, where you can contribute your ideas, publish photos of your ant colonies, ask questions, resolve doubts and be aware of all the news that we will be presenting.<\/p>\n\n\n\n<p>We encourage you to become part of this curious and exciting world that is the world of ants.<\/p>\n\n\n\n<p>From Antderground we hope you have a pleasant experience and do not hesitate to contact us with any questions.<\/p>\n\n\n\n<p>Thank you:<\/p>\n\n\n\n<p>Your Antderground ant shop<\/p>\n\n\n\n<p><\/p>\n","protected":false},"excerpt":{"rendered":"<p>We are your Antderground anthill shop, born from the illusion of a 5-year-old boy (my little son Marc). We are<\/p>\n","protected":false},"author":1,"featured_media":16712,"parent":0,"menu_order":0,"comment_status":"closed","ping_status":"closed","template":"","meta":{"footnotes":""},"class_list":["post-16710","page","type-page","status-publish","has-post-thumbnail","hentry"],"yoast_head":"<!-- This site is optimized with the Yoast SEO plugin v27.3 - https:\/\/yoast.com\/product\/yoast-seo-wordpress\/ -->\n<title>We are your anthill shop TIENDA ONLINE HORMIGAS<\/title>\n<meta name=\"description\" content=\"We are creators of ant nests. On-line ant farm store. anthills of own manufacture for our clients.\" \/>\n<meta name=\"robots\" content=\"index, follow, max-snippet:-1, max-image-preview:large, max-video-preview:-1\" \/>\n<link rel=\"canonical\" href=\"https:\/\/antderground.com\/en\/we-are-your-anthill-shop\/\" \/>\n<meta property=\"og:locale\" content=\"en_US\" \/>\n<meta property=\"og:type\" content=\"article\" \/>\n<meta property=\"og:title\" content=\"We are your anthill shop TIENDA ONLINE HORMIGAS\" \/>\n<meta property=\"og:description\" content=\"We are creators of ant nests. On-line ant farm store. anthills of own manufacture for our clients.\" \/>\n<meta property=\"og:url\" content=\"https:\/\/antderground.com\/en\/we-are-your-anthill-shop\/\" \/>\n<meta property=\"og:site_name\" content=\"ANTDERGROUND\" \/>\n<meta property=\"article:modified_time\" content=\"2021-11-25T01:00:24+00:00\" \/>\n<meta property=\"og:image\" content=\"https:\/\/antderground.com\/wp-content\/uploads\/2019\/05\/WhatsApp-Image-2019-05-07-at-7.25.58-PM.jpeg\" \/>\n\t<meta property=\"og:image:width\" content=\"1266\" \/>\n\t<meta property=\"og:image:height\" content=\"674\" \/>\n\t<meta property=\"og:image:type\" content=\"image\/jpeg\" \/>\n<meta name=\"twitter:card\" content=\"summary_large_image\" \/>\n<meta name=\"twitter:label1\" content=\"Est. reading time\" \/>\n\t<meta name=\"twitter:data1\" content=\"1 minute\" \/>\n<script type=\"application\/ld+json\" class=\"yoast-schema-graph\">{\"@context\":\"https:\\\/\\\/schema.org\",\"@graph\":[{\"@type\":\"WebPage\",\"@id\":\"https:\\\/\\\/antderground.com\\\/en\\\/we-are-your-anthill-shop\\\/\",\"url\":\"https:\\\/\\\/antderground.com\\\/en\\\/we-are-your-anthill-shop\\\/\",\"name\":\"We are your anthill shop TIENDA ONLINE HORMIGAS\",\"isPartOf\":{\"@id\":\"https:\\\/\\\/antderground.com\\\/en\\\/#website\"},\"primaryImageOfPage\":{\"@id\":\"https:\\\/\\\/antderground.com\\\/en\\\/we-are-your-anthill-shop\\\/#primaryimage\"},\"image\":{\"@id\":\"https:\\\/\\\/antderground.com\\\/en\\\/we-are-your-anthill-shop\\\/#primaryimage\"},\"thumbnailUrl\":\"https:\\\/\\\/antderground.com\\\/wp-content\\\/uploads\\\/2019\\\/05\\\/WhatsApp-Image-2019-05-07-at-7.25.58-PM.jpeg\",\"datePublished\":\"2020-03-19T17:30:02+00:00\",\"dateModified\":\"2021-11-25T01:00:24+00:00\",\"description\":\"We are creators of ant nests. On-line ant farm store. anthills of own manufacture for our clients.\",\"breadcrumb\":{\"@id\":\"https:\\\/\\\/antderground.com\\\/en\\\/we-are-your-anthill-shop\\\/#breadcrumb\"},\"inLanguage\":\"en-US\",\"potentialAction\":[{\"@type\":\"ReadAction\",\"target\":[\"https:\\\/\\\/antderground.com\\\/en\\\/we-are-your-anthill-shop\\\/\"]}]},{\"@type\":\"ImageObject\",\"inLanguage\":\"en-US\",\"@id\":\"https:\\\/\\\/antderground.com\\\/en\\\/we-are-your-anthill-shop\\\/#primaryimage\",\"url\":\"https:\\\/\\\/antderground.com\\\/wp-content\\\/uploads\\\/2019\\\/05\\\/WhatsApp-Image-2019-05-07-at-7.25.58-PM.jpeg\",\"contentUrl\":\"https:\\\/\\\/antderground.com\\\/wp-content\\\/uploads\\\/2019\\\/05\\\/WhatsApp-Image-2019-05-07-at-7.25.58-PM.jpeg\",\"width\":1266,\"height\":674,\"caption\":\"somos tu tienda de hormigueros\"},{\"@type\":\"BreadcrumbList\",\"@id\":\"https:\\\/\\\/antderground.com\\\/en\\\/we-are-your-anthill-shop\\\/#breadcrumb\",\"itemListElement\":[{\"@type\":\"ListItem\",\"position\":1,\"name\":\"Portada\",\"item\":\"https:\\\/\\\/antderground.com\\\/en\\\/\"},{\"@type\":\"ListItem\",\"position\":2,\"name\":\"We are your anthill shop\"}]},{\"@type\":\"WebSite\",\"@id\":\"https:\\\/\\\/antderground.com\\\/en\\\/#website\",\"url\":\"https:\\\/\\\/antderground.com\\\/en\\\/\",\"name\":\"ANTDERGROUND\",\"description\":\"Tu tienda de hormigas, gran variedad de hormigueros acr\u00edlicos,madera,arena,3D y mas.. Pide tus hormigas gratis con tu pedido, somos expertos en hormigueros antifugas.\",\"publisher\":{\"@id\":\"https:\\\/\\\/antderground.com\\\/en\\\/#\\\/schema\\\/person\\\/0e322c505e84fe72c65e2f6d08f96b81\"},\"alternateName\":\"Antderground\",\"potentialAction\":[{\"@type\":\"SearchAction\",\"target\":{\"@type\":\"EntryPoint\",\"urlTemplate\":\"https:\\\/\\\/antderground.com\\\/en\\\/?s={search_term_string}\"},\"query-input\":{\"@type\":\"PropertyValueSpecification\",\"valueRequired\":true,\"valueName\":\"search_term_string\"}}],\"inLanguage\":\"en-US\"},{\"@type\":[\"Person\",\"Organization\"],\"@id\":\"https:\\\/\\\/antderground.com\\\/en\\\/#\\\/schema\\\/person\\\/0e322c505e84fe72c65e2f6d08f96b81\",\"name\":\"Eric de Antderground\",\"image\":{\"@type\":\"ImageObject\",\"inLanguage\":\"en-US\",\"@id\":\"https:\\\/\\\/secure.gravatar.com\\\/avatar\\\/c49a1b9f79216d1498cb73c1e85cd47f4465dda35f2a94c03790d491bd4423c3?s=96&d=mm&r=g\",\"url\":\"https:\\\/\\\/secure.gravatar.com\\\/avatar\\\/c49a1b9f79216d1498cb73c1e85cd47f4465dda35f2a94c03790d491bd4423c3?s=96&d=mm&r=g\",\"contentUrl\":\"https:\\\/\\\/secure.gravatar.com\\\/avatar\\\/c49a1b9f79216d1498cb73c1e85cd47f4465dda35f2a94c03790d491bd4423c3?s=96&d=mm&r=g\",\"caption\":\"Eric de Antderground\"},\"logo\":{\"@id\":\"https:\\\/\\\/secure.gravatar.com\\\/avatar\\\/c49a1b9f79216d1498cb73c1e85cd47f4465dda35f2a94c03790d491bd4423c3?s=96&d=mm&r=g\"},\"description\":\"Eric es el especialista y fundador de Antderground, con una amplia trayectoria en artr\u00f3podos y enfocado en la mirmecolog\u00eda y el dise\u00f1o de hormigueros artificiales. Su enfoque combina la innovaci\u00f3n t\u00e9cnica con el respeto por la biolog\u00eda de las hormigas, is\u00f3podos y otros, desarrollando sistemas de nidos modulares 3D y acr\u00edlicos que son referentes para aficionados y profesionales en toda Europa. Su objetivo es facilitar la cr\u00eda de hormigas y otros artr\u00f3podos mediante soluciones seguras y divulgaci\u00f3n de calidad.\",\"sameAs\":[\"https:\\\/\\\/antderground.com\\\/\",\"https:\\\/\\\/www.youtube.com\\\/channel\\\/UCio72z7TlbufkAthAJIJfPw\"]}]}<\/script>\n<!-- \/ Yoast SEO plugin. -->","yoast_head_json":{"title":"We are your anthill shop TIENDA ONLINE HORMIGAS","description":"We are creators of ant nests. On-line ant farm store. anthills of own manufacture for our clients.","robots":{"index":"index","follow":"follow","max-snippet":"max-snippet:-1","max-image-preview":"max-image-preview:large","max-video-preview":"max-video-preview:-1"},"canonical":"https:\/\/antderground.com\/en\/we-are-your-anthill-shop\/","og_locale":"en_US","og_type":"article","og_title":"We are your anthill shop TIENDA ONLINE HORMIGAS","og_description":"We are creators of ant nests. On-line ant farm store. anthills of own manufacture for our clients.","og_url":"https:\/\/antderground.com\/en\/we-are-your-anthill-shop\/","og_site_name":"ANTDERGROUND","article_modified_time":"2021-11-25T01:00:24+00:00","og_image":[{"width":1266,"height":674,"url":"https:\/\/antderground.com\/wp-content\/uploads\/2019\/05\/WhatsApp-Image-2019-05-07-at-7.25.58-PM.jpeg","type":"image\/jpeg"}],"twitter_card":"summary_large_image","twitter_misc":{"Est. reading time":"1 minute"},"schema":{"@context":"https:\/\/schema.org","@graph":[{"@type":"WebPage","@id":"https:\/\/antderground.com\/en\/we-are-your-anthill-shop\/","url":"https:\/\/antderground.com\/en\/we-are-your-anthill-shop\/","name":"We are your anthill shop TIENDA ONLINE HORMIGAS","isPartOf":{"@id":"https:\/\/antderground.com\/en\/#website"},"primaryImageOfPage":{"@id":"https:\/\/antderground.com\/en\/we-are-your-anthill-shop\/#primaryimage"},"image":{"@id":"https:\/\/antderground.com\/en\/we-are-your-anthill-shop\/#primaryimage"},"thumbnailUrl":"https:\/\/antderground.com\/wp-content\/uploads\/2019\/05\/WhatsApp-Image-2019-05-07-at-7.25.58-PM.jpeg","datePublished":"2020-03-19T17:30:02+00:00","dateModified":"2021-11-25T01:00:24+00:00","description":"We are creators of ant nests. On-line ant farm store. anthills of own manufacture for our clients.","breadcrumb":{"@id":"https:\/\/antderground.com\/en\/we-are-your-anthill-shop\/#breadcrumb"},"inLanguage":"en-US","potentialAction":[{"@type":"ReadAction","target":["https:\/\/antderground.com\/en\/we-are-your-anthill-shop\/"]}]},{"@type":"ImageObject","inLanguage":"en-US","@id":"https:\/\/antderground.com\/en\/we-are-your-anthill-shop\/#primaryimage","url":"https:\/\/antderground.com\/wp-content\/uploads\/2019\/05\/WhatsApp-Image-2019-05-07-at-7.25.58-PM.jpeg","contentUrl":"https:\/\/antderground.com\/wp-content\/uploads\/2019\/05\/WhatsApp-Image-2019-05-07-at-7.25.58-PM.jpeg","width":1266,"height":674,"caption":"somos tu tienda de hormigueros"},{"@type":"BreadcrumbList","@id":"https:\/\/antderground.com\/en\/we-are-your-anthill-shop\/#breadcrumb","itemListElement":[{"@type":"ListItem","position":1,"name":"Portada","item":"https:\/\/antderground.com\/en\/"},{"@type":"ListItem","position":2,"name":"We are your anthill shop"}]},{"@type":"WebSite","@id":"https:\/\/antderground.com\/en\/#website","url":"https:\/\/antderground.com\/en\/","name":"ANTDERGROUND","description":"Tu tienda de hormigas, gran variedad de hormigueros acr\u00edlicos,madera,arena,3D y mas.. Pide tus hormigas gratis con tu pedido, somos expertos en hormigueros antifugas.","publisher":{"@id":"https:\/\/antderground.com\/en\/#\/schema\/person\/0e322c505e84fe72c65e2f6d08f96b81"},"alternateName":"Antderground","potentialAction":[{"@type":"SearchAction","target":{"@type":"EntryPoint","urlTemplate":"https:\/\/antderground.com\/en\/?s={search_term_string}"},"query-input":{"@type":"PropertyValueSpecification","valueRequired":true,"valueName":"search_term_string"}}],"inLanguage":"en-US"},{"@type":["Person","Organization"],"@id":"https:\/\/antderground.com\/en\/#\/schema\/person\/0e322c505e84fe72c65e2f6d08f96b81","name":"Eric de Antderground","image":{"@type":"ImageObject","inLanguage":"en-US","@id":"https:\/\/secure.gravatar.com\/avatar\/c49a1b9f79216d1498cb73c1e85cd47f4465dda35f2a94c03790d491bd4423c3?s=96&d=mm&r=g","url":"https:\/\/secure.gravatar.com\/avatar\/c49a1b9f79216d1498cb73c1e85cd47f4465dda35f2a94c03790d491bd4423c3?s=96&d=mm&r=g","contentUrl":"https:\/\/secure.gravatar.com\/avatar\/c49a1b9f79216d1498cb73c1e85cd47f4465dda35f2a94c03790d491bd4423c3?s=96&d=mm&r=g","caption":"Eric de Antderground"},"logo":{"@id":"https:\/\/secure.gravatar.com\/avatar\/c49a1b9f79216d1498cb73c1e85cd47f4465dda35f2a94c03790d491bd4423c3?s=96&d=mm&r=g"},"description":"Eric es el especialista y fundador de Antderground, con una amplia trayectoria en artr\u00f3podos y enfocado en la mirmecolog\u00eda y el dise\u00f1o de hormigueros artificiales. Su enfoque combina la innovaci\u00f3n t\u00e9cnica con el respeto por la biolog\u00eda de las hormigas, is\u00f3podos y otros, desarrollando sistemas de nidos modulares 3D y acr\u00edlicos que son referentes para aficionados y profesionales en toda Europa. Su objetivo es facilitar la cr\u00eda de hormigas y otros artr\u00f3podos mediante soluciones seguras y divulgaci\u00f3n de calidad.","sameAs":["https:\/\/antderground.com\/","https:\/\/www.youtube.com\/channel\/UCio72z7TlbufkAthAJIJfPw"]}]}},"_links":{"self":[{"href":"https:\/\/antderground.com\/en\/wp-json\/wp\/v2\/pages\/16710","targetHints":{"allow":["GET"]}}],"collection":[{"href":"https:\/\/antderground.com\/en\/wp-json\/wp\/v2\/pages"}],"about":[{"href":"https:\/\/antderground.com\/en\/wp-json\/wp\/v2\/types\/page"}],"author":[{"embeddable":true,"href":"https:\/\/antderground.com\/en\/wp-json\/wp\/v2\/users\/1"}],"replies":[{"embeddable":true,"href":"https:\/\/antderground.com\/en\/wp-json\/wp\/v2\/comments?post=16710"}],"version-history":[{"count":0,"href":"https:\/\/antderground.com\/en\/wp-json\/wp\/v2\/pages\/16710\/revisions"}],"wp:featuredmedia":[{"embeddable":true,"href":"https:\/\/antderground.com\/en\/wp-json\/wp\/v2\/media\/16712"}],"wp:attachment":[{"href":"https:\/\/antderground.com\/en\/wp-json\/wp\/v2\/media?parent=16710"}],"curies":[{"name":"wp","href":"https:\/\/api.w.org\/{rel}","templated":true}]}}