{"id":17965,"date":"2021-09-19T22:31:24","date_gmt":"2021-09-19T20:31:24","guid":{"rendered":"https:\/\/www.antderground.com\/producto\/modular-anthill-20-x-20-with-mushroom-and-evaporation\/"},"modified":"2023-11-30T23:00:08","modified_gmt":"2023-11-30T22:00:08","slug":"modular-anthill-20-x-20-with-mushroom-and-evaporation","status":"publish","type":"product","link":"https:\/\/antderground.com\/en\/product\/modular-anthill-20-x-20-with-mushroom-and-evaporation\/","title":{"rendered":"Modular anthill 20 x 20 with mushroom and evaporation"},"content":{"rendered":"<p>Modular acrylic anthill, size 20&#215;20 with mushroom and evaporation system.<\/p>\n<p>A professional modular ant nest for all levels.<\/p>\n<p>It has a humidity system by mushroom and by evaporation, which offers us very varied humidity ranges within the same anthill.<\/p>\n<p>This ant nest can be used for half, by turning the revolving gate that divides it, thus not having to wait for the ant colony to be immense when we add a module.<\/p>\n<p>Designed for species that require humidity.<\/p>\n<p>Anthill for long duration since the capacity is equal to 4 modules of 10 x 10.<\/p>\n<p>Fully compatible with any anthill, foraging box from our Antderground store.<\/p>\n","protected":false},"excerpt":{"rendered":"<p>Modular acrylic anthill, size 20&#215;20 with mushroom and evaporation system. A professional modular ant nest for all levels. It has<\/p>\n","protected":false},"featured_media":14822,"template":"","meta":[],"product_brand":[],"product_cat":[207,370,371],"product_tag":[],"class_list":{"0":"post-17965","1":"product","2":"type-product","3":"status-publish","4":"has-post-thumbnail","6":"product_cat-ant-nests","7":"product_cat-modular-anthills","8":"product_cat-novelty","10":"first","11":"instock","12":"shipping-taxable","13":"purchasable","14":"product-type-simple"},"yoast_head":"<!-- This site is optimized with the Yoast SEO plugin v27.4 - https:\/\/yoast.com\/product\/yoast-seo-wordpress\/ -->\n<title>Modular anthill 20 x 20 with mushroom and evaporation - ANTDERGROUND<\/title>\n<meta name=\"description\" content=\"Professional modular ant nest, size 20x20, with mushroom and evaporation. A modular anthill for all levels ;-)\" \/>\n<meta name=\"robots\" content=\"index, follow, max-snippet:-1, max-image-preview:large, max-video-preview:-1\" \/>\n<link rel=\"canonical\" href=\"https:\/\/antderground.com\/en\/product\/modular-anthill-20-x-20-with-mushroom-and-evaporation\/\" \/>\n<meta property=\"og:locale\" content=\"en_US\" \/>\n<meta property=\"og:type\" content=\"article\" \/>\n<meta property=\"og:title\" content=\"Modular anthill 20 x 20 with mushroom and evaporation - ANTDERGROUND\" \/>\n<meta property=\"og:description\" content=\"Professional modular ant nest, size 20x20, with mushroom and evaporation. A modular anthill for all levels ;-)\" \/>\n<meta property=\"og:url\" content=\"https:\/\/antderground.com\/en\/product\/modular-anthill-20-x-20-with-mushroom-and-evaporation\/\" \/>\n<meta property=\"og:site_name\" content=\"ANTDERGROUND\" \/>\n<meta property=\"article:modified_time\" content=\"2023-11-30T22:00:08+00:00\" \/>\n<meta property=\"og:image\" content=\"https:\/\/antderground.com\/wp-content\/uploads\/2021\/09\/hormiguero-modular-20-x-20-seta-y-evaporacion.jpg\" \/>\n\t<meta property=\"og:image:width\" content=\"591\" \/>\n\t<meta property=\"og:image:height\" content=\"601\" \/>\n\t<meta property=\"og:image:type\" content=\"image\/jpeg\" \/>\n<meta name=\"twitter:card\" content=\"summary_large_image\" \/>\n<meta name=\"twitter:label1\" content=\"Est. reading time\" \/>\n\t<meta name=\"twitter:data1\" content=\"1 minute\" \/>\n<script type=\"application\/ld+json\" class=\"yoast-schema-graph\">{\"@context\":\"https:\\\/\\\/schema.org\",\"@graph\":[{\"@type\":\"WebPage\",\"@id\":\"https:\\\/\\\/antderground.com\\\/en\\\/product\\\/modular-anthill-20-x-20-with-mushroom-and-evaporation\\\/\",\"url\":\"https:\\\/\\\/antderground.com\\\/en\\\/product\\\/modular-anthill-20-x-20-with-mushroom-and-evaporation\\\/\",\"name\":\"Modular anthill 20 x 20 with mushroom and evaporation - ANTDERGROUND\",\"isPartOf\":{\"@id\":\"https:\\\/\\\/antderground.com\\\/en\\\/#website\"},\"primaryImageOfPage\":{\"@id\":\"https:\\\/\\\/antderground.com\\\/en\\\/product\\\/modular-anthill-20-x-20-with-mushroom-and-evaporation\\\/#primaryimage\"},\"image\":{\"@id\":\"https:\\\/\\\/antderground.com\\\/en\\\/product\\\/modular-anthill-20-x-20-with-mushroom-and-evaporation\\\/#primaryimage\"},\"thumbnailUrl\":\"https:\\\/\\\/antderground.com\\\/wp-content\\\/uploads\\\/2021\\\/09\\\/hormiguero-modular-20-x-20-seta-y-evaporacion.jpg\",\"datePublished\":\"2021-09-19T20:31:24+00:00\",\"dateModified\":\"2023-11-30T22:00:08+00:00\",\"description\":\"Professional modular ant nest, size 20x20, with mushroom and evaporation. A modular anthill for all levels ;-)\",\"breadcrumb\":{\"@id\":\"https:\\\/\\\/antderground.com\\\/en\\\/product\\\/modular-anthill-20-x-20-with-mushroom-and-evaporation\\\/#breadcrumb\"},\"inLanguage\":\"en-US\",\"potentialAction\":[{\"@type\":\"ReadAction\",\"target\":[\"https:\\\/\\\/antderground.com\\\/en\\\/product\\\/modular-anthill-20-x-20-with-mushroom-and-evaporation\\\/\"]}]},{\"@type\":\"ImageObject\",\"inLanguage\":\"en-US\",\"@id\":\"https:\\\/\\\/antderground.com\\\/en\\\/product\\\/modular-anthill-20-x-20-with-mushroom-and-evaporation\\\/#primaryimage\",\"url\":\"https:\\\/\\\/antderground.com\\\/wp-content\\\/uploads\\\/2021\\\/09\\\/hormiguero-modular-20-x-20-seta-y-evaporacion.jpg\",\"contentUrl\":\"https:\\\/\\\/antderground.com\\\/wp-content\\\/uploads\\\/2021\\\/09\\\/hormiguero-modular-20-x-20-seta-y-evaporacion.jpg\",\"width\":591,\"height\":601,\"caption\":\"Modular ant nest 20 x 20\"},{\"@type\":\"BreadcrumbList\",\"@id\":\"https:\\\/\\\/antderground.com\\\/en\\\/product\\\/modular-anthill-20-x-20-with-mushroom-and-evaporation\\\/#breadcrumb\",\"itemListElement\":[{\"@type\":\"ListItem\",\"position\":1,\"name\":\"Portada\",\"item\":\"https:\\\/\\\/antderground.com\\\/en\\\/\"},{\"@type\":\"ListItem\",\"position\":2,\"name\":\"Products\",\"item\":\"https:\\\/\\\/antderground.com\\\/en\\\/myrmecology-store\\\/\"},{\"@type\":\"ListItem\",\"position\":3,\"name\":\"Modular anthill 20 x 20 with mushroom and evaporation\"}]},{\"@type\":\"WebSite\",\"@id\":\"https:\\\/\\\/antderground.com\\\/en\\\/#website\",\"url\":\"https:\\\/\\\/antderground.com\\\/en\\\/\",\"name\":\"ANTDERGROUND\",\"description\":\"Tu tienda de hormigas, gran variedad de hormigueros acr\u00edlicos,madera,arena,3D y mas.. Pide tus hormigas gratis con tu pedido, somos expertos en hormigueros antifugas.\",\"publisher\":{\"@id\":\"https:\\\/\\\/antderground.com\\\/en\\\/#\\\/schema\\\/person\\\/0e322c505e84fe72c65e2f6d08f96b81\"},\"alternateName\":\"Antderground\",\"potentialAction\":[{\"@type\":\"SearchAction\",\"target\":{\"@type\":\"EntryPoint\",\"urlTemplate\":\"https:\\\/\\\/antderground.com\\\/en\\\/?s={search_term_string}\"},\"query-input\":{\"@type\":\"PropertyValueSpecification\",\"valueRequired\":true,\"valueName\":\"search_term_string\"}}],\"inLanguage\":\"en-US\"},{\"@type\":[\"Person\",\"Organization\"],\"@id\":\"https:\\\/\\\/antderground.com\\\/en\\\/#\\\/schema\\\/person\\\/0e322c505e84fe72c65e2f6d08f96b81\",\"name\":\"Eric de Antderground\",\"image\":{\"@type\":\"ImageObject\",\"inLanguage\":\"en-US\",\"@id\":\"https:\\\/\\\/secure.gravatar.com\\\/avatar\\\/c49a1b9f79216d1498cb73c1e85cd47f4465dda35f2a94c03790d491bd4423c3?s=96&d=mm&r=g\",\"url\":\"https:\\\/\\\/secure.gravatar.com\\\/avatar\\\/c49a1b9f79216d1498cb73c1e85cd47f4465dda35f2a94c03790d491bd4423c3?s=96&d=mm&r=g\",\"contentUrl\":\"https:\\\/\\\/secure.gravatar.com\\\/avatar\\\/c49a1b9f79216d1498cb73c1e85cd47f4465dda35f2a94c03790d491bd4423c3?s=96&d=mm&r=g\",\"caption\":\"Eric de Antderground\"},\"logo\":{\"@id\":\"https:\\\/\\\/secure.gravatar.com\\\/avatar\\\/c49a1b9f79216d1498cb73c1e85cd47f4465dda35f2a94c03790d491bd4423c3?s=96&d=mm&r=g\"},\"description\":\"Eric es el especialista y fundador de Antderground, con una amplia trayectoria en artr\u00f3podos y enfocado en la mirmecolog\u00eda y el dise\u00f1o de hormigueros artificiales. Su enfoque combina la innovaci\u00f3n t\u00e9cnica con el respeto por la biolog\u00eda de las hormigas, is\u00f3podos y otros, desarrollando sistemas de nidos modulares 3D y acr\u00edlicos que son referentes para aficionados y profesionales en toda Europa. Su objetivo es facilitar la cr\u00eda de hormigas y otros artr\u00f3podos mediante soluciones seguras y divulgaci\u00f3n de calidad.\",\"sameAs\":[\"https:\\\/\\\/antderground.com\\\/\",\"https:\\\/\\\/www.youtube.com\\\/channel\\\/UCio72z7TlbufkAthAJIJfPw\"]}]}<\/script>\n<!-- \/ Yoast SEO plugin. -->","yoast_head_json":{"title":"Modular anthill 20 x 20 with mushroom and evaporation - ANTDERGROUND","description":"Professional modular ant nest, size 20x20, with mushroom and evaporation. A modular anthill for all levels ;-)","robots":{"index":"index","follow":"follow","max-snippet":"max-snippet:-1","max-image-preview":"max-image-preview:large","max-video-preview":"max-video-preview:-1"},"canonical":"https:\/\/antderground.com\/en\/product\/modular-anthill-20-x-20-with-mushroom-and-evaporation\/","og_locale":"en_US","og_type":"article","og_title":"Modular anthill 20 x 20 with mushroom and evaporation - ANTDERGROUND","og_description":"Professional modular ant nest, size 20x20, with mushroom and evaporation. A modular anthill for all levels ;-)","og_url":"https:\/\/antderground.com\/en\/product\/modular-anthill-20-x-20-with-mushroom-and-evaporation\/","og_site_name":"ANTDERGROUND","article_modified_time":"2023-11-30T22:00:08+00:00","og_image":[{"width":591,"height":601,"url":"https:\/\/antderground.com\/wp-content\/uploads\/2021\/09\/hormiguero-modular-20-x-20-seta-y-evaporacion.jpg","type":"image\/jpeg"}],"twitter_card":"summary_large_image","twitter_misc":{"Est. reading time":"1 minute"},"schema":{"@context":"https:\/\/schema.org","@graph":[{"@type":"WebPage","@id":"https:\/\/antderground.com\/en\/product\/modular-anthill-20-x-20-with-mushroom-and-evaporation\/","url":"https:\/\/antderground.com\/en\/product\/modular-anthill-20-x-20-with-mushroom-and-evaporation\/","name":"Modular anthill 20 x 20 with mushroom and evaporation - ANTDERGROUND","isPartOf":{"@id":"https:\/\/antderground.com\/en\/#website"},"primaryImageOfPage":{"@id":"https:\/\/antderground.com\/en\/product\/modular-anthill-20-x-20-with-mushroom-and-evaporation\/#primaryimage"},"image":{"@id":"https:\/\/antderground.com\/en\/product\/modular-anthill-20-x-20-with-mushroom-and-evaporation\/#primaryimage"},"thumbnailUrl":"https:\/\/antderground.com\/wp-content\/uploads\/2021\/09\/hormiguero-modular-20-x-20-seta-y-evaporacion.jpg","datePublished":"2021-09-19T20:31:24+00:00","dateModified":"2023-11-30T22:00:08+00:00","description":"Professional modular ant nest, size 20x20, with mushroom and evaporation. A modular anthill for all levels ;-)","breadcrumb":{"@id":"https:\/\/antderground.com\/en\/product\/modular-anthill-20-x-20-with-mushroom-and-evaporation\/#breadcrumb"},"inLanguage":"en-US","potentialAction":[{"@type":"ReadAction","target":["https:\/\/antderground.com\/en\/product\/modular-anthill-20-x-20-with-mushroom-and-evaporation\/"]}]},{"@type":"ImageObject","inLanguage":"en-US","@id":"https:\/\/antderground.com\/en\/product\/modular-anthill-20-x-20-with-mushroom-and-evaporation\/#primaryimage","url":"https:\/\/antderground.com\/wp-content\/uploads\/2021\/09\/hormiguero-modular-20-x-20-seta-y-evaporacion.jpg","contentUrl":"https:\/\/antderground.com\/wp-content\/uploads\/2021\/09\/hormiguero-modular-20-x-20-seta-y-evaporacion.jpg","width":591,"height":601,"caption":"Modular ant nest 20 x 20"},{"@type":"BreadcrumbList","@id":"https:\/\/antderground.com\/en\/product\/modular-anthill-20-x-20-with-mushroom-and-evaporation\/#breadcrumb","itemListElement":[{"@type":"ListItem","position":1,"name":"Portada","item":"https:\/\/antderground.com\/en\/"},{"@type":"ListItem","position":2,"name":"Products","item":"https:\/\/antderground.com\/en\/myrmecology-store\/"},{"@type":"ListItem","position":3,"name":"Modular anthill 20 x 20 with mushroom and evaporation"}]},{"@type":"WebSite","@id":"https:\/\/antderground.com\/en\/#website","url":"https:\/\/antderground.com\/en\/","name":"ANTDERGROUND","description":"Tu tienda de hormigas, gran variedad de hormigueros acr\u00edlicos,madera,arena,3D y mas.. Pide tus hormigas gratis con tu pedido, somos expertos en hormigueros antifugas.","publisher":{"@id":"https:\/\/antderground.com\/en\/#\/schema\/person\/0e322c505e84fe72c65e2f6d08f96b81"},"alternateName":"Antderground","potentialAction":[{"@type":"SearchAction","target":{"@type":"EntryPoint","urlTemplate":"https:\/\/antderground.com\/en\/?s={search_term_string}"},"query-input":{"@type":"PropertyValueSpecification","valueRequired":true,"valueName":"search_term_string"}}],"inLanguage":"en-US"},{"@type":["Person","Organization"],"@id":"https:\/\/antderground.com\/en\/#\/schema\/person\/0e322c505e84fe72c65e2f6d08f96b81","name":"Eric de Antderground","image":{"@type":"ImageObject","inLanguage":"en-US","@id":"https:\/\/secure.gravatar.com\/avatar\/c49a1b9f79216d1498cb73c1e85cd47f4465dda35f2a94c03790d491bd4423c3?s=96&d=mm&r=g","url":"https:\/\/secure.gravatar.com\/avatar\/c49a1b9f79216d1498cb73c1e85cd47f4465dda35f2a94c03790d491bd4423c3?s=96&d=mm&r=g","contentUrl":"https:\/\/secure.gravatar.com\/avatar\/c49a1b9f79216d1498cb73c1e85cd47f4465dda35f2a94c03790d491bd4423c3?s=96&d=mm&r=g","caption":"Eric de Antderground"},"logo":{"@id":"https:\/\/secure.gravatar.com\/avatar\/c49a1b9f79216d1498cb73c1e85cd47f4465dda35f2a94c03790d491bd4423c3?s=96&d=mm&r=g"},"description":"Eric es el especialista y fundador de Antderground, con una amplia trayectoria en artr\u00f3podos y enfocado en la mirmecolog\u00eda y el dise\u00f1o de hormigueros artificiales. Su enfoque combina la innovaci\u00f3n t\u00e9cnica con el respeto por la biolog\u00eda de las hormigas, is\u00f3podos y otros, desarrollando sistemas de nidos modulares 3D y acr\u00edlicos que son referentes para aficionados y profesionales en toda Europa. Su objetivo es facilitar la cr\u00eda de hormigas y otros artr\u00f3podos mediante soluciones seguras y divulgaci\u00f3n de calidad.","sameAs":["https:\/\/antderground.com\/","https:\/\/www.youtube.com\/channel\/UCio72z7TlbufkAthAJIJfPw"]}]}},"_links":{"self":[{"href":"https:\/\/antderground.com\/en\/wp-json\/wp\/v2\/product\/17965","targetHints":{"allow":["GET"]}}],"collection":[{"href":"https:\/\/antderground.com\/en\/wp-json\/wp\/v2\/product"}],"about":[{"href":"https:\/\/antderground.com\/en\/wp-json\/wp\/v2\/types\/product"}],"version-history":[{"count":0,"href":"https:\/\/antderground.com\/en\/wp-json\/wp\/v2\/product\/17965\/revisions"}],"wp:featuredmedia":[{"embeddable":true,"href":"https:\/\/antderground.com\/en\/wp-json\/wp\/v2\/media\/14822"}],"wp:attachment":[{"href":"https:\/\/antderground.com\/en\/wp-json\/wp\/v2\/media?parent=17965"}],"wp:term":[{"taxonomy":"product_brand","embeddable":true,"href":"https:\/\/antderground.com\/en\/wp-json\/wp\/v2\/product_brand?post=17965"},{"taxonomy":"product_cat","embeddable":true,"href":"https:\/\/antderground.com\/en\/wp-json\/wp\/v2\/product_cat?post=17965"},{"taxonomy":"product_tag","embeddable":true,"href":"https:\/\/antderground.com\/en\/wp-json\/wp\/v2\/product_tag?post=17965"}],"curies":[{"name":"wp","href":"https:\/\/api.w.org\/{rel}","templated":true}]}}