{"id":20747,"date":"2022-09-02T21:43:28","date_gmt":"2022-09-02T19:43:28","guid":{"rendered":"https:\/\/www.antderground.com\/producto\/3d-modular-anthill-size-10x10-with-upper-deposit\/"},"modified":"2023-11-30T23:00:08","modified_gmt":"2023-11-30T22:00:08","slug":"3d-modular-anthill-size-10x10-with-upper-deposit","status":"publish","type":"product","link":"https:\/\/antderground.com\/en\/product\/3d-modular-anthill-size-10x10-with-upper-deposit\/","title":{"rendered":"3D modular anthill (size 10&#215;10) with upper deposit"},"content":{"rendered":"","protected":false},"excerpt":{"rendered":"<p><span style=\"color: #008000;\"><strong>The delivery time is approximately 3 days.<br \/>\n<\/strong><strong>&#8212;&#8212;&#8212;&#8212;&#8212;&#8212;&#8212;&#8212;&#8212;&#8212;&#8212;-<\/strong><\/span><br \/>\n3D modular anthill with a deposit on top. Allows connection and expansion with more anthills or foraging boxes. The galleries and interior chambers have different heights.<\/p>\n<p><strong>Characteristics of the 3D modular anthill:<br \/>\n<\/strong>Size: 10cm x 10cm.<br \/>\nTank: 35 ml (new easy connection system).<br \/>\nChambers\/gallery: Different heights.<br \/>\nColor: White.<br \/>\nLid\/cover: included Red color.<br \/>\nModular: Yes<strong><br \/>\n<\/strong><\/p>\n","protected":false},"featured_media":31045,"template":"","meta":[],"product_brand":[],"product_cat":[207,432],"product_tag":[],"class_list":{"0":"post-20747","1":"product","2":"type-product","3":"status-publish","4":"has-post-thumbnail","6":"product_cat-ant-nests","7":"product_cat-3d-ant-nests","9":"first","10":"instock","11":"shipping-taxable","12":"purchasable","13":"product-type-simple"},"yoast_head":"<!-- This site is optimized with the Yoast SEO plugin v27.3 - https:\/\/yoast.com\/product\/yoast-seo-wordpress\/ -->\n<title>3D modular anthill (size 10x10) with upper deposit<\/title>\n<meta name=\"description\" content=\"New 3D modular anthill, size 10x10 with a deposit in the upper part, an ideal anthill for all species of ants.\" \/>\n<meta name=\"robots\" content=\"index, follow, max-snippet:-1, max-image-preview:large, max-video-preview:-1\" \/>\n<link rel=\"canonical\" href=\"https:\/\/antderground.com\/en\/product\/3d-modular-anthill-size-10x10-with-upper-deposit\/\" \/>\n<meta property=\"og:locale\" content=\"en_US\" \/>\n<meta property=\"og:type\" content=\"article\" \/>\n<meta property=\"og:title\" content=\"3D modular anthill (size 10x10) with upper deposit\" \/>\n<meta property=\"og:description\" content=\"New 3D modular anthill, size 10x10 with a deposit in the upper part, an ideal anthill for all species of ants.\" \/>\n<meta property=\"og:url\" content=\"https:\/\/antderground.com\/en\/product\/3d-modular-anthill-size-10x10-with-upper-deposit\/\" \/>\n<meta property=\"og:site_name\" content=\"ANTDERGROUND\" \/>\n<meta property=\"article:modified_time\" content=\"2023-11-30T22:00:08+00:00\" \/>\n<meta property=\"og:image\" content=\"https:\/\/antderground.com\/wp-content\/uploads\/2022\/09\/WhatsApp-Image-2022-09-02-at-11.56.07.jpeg\" \/>\n\t<meta property=\"og:image:width\" content=\"1600\" \/>\n\t<meta property=\"og:image:height\" content=\"1600\" \/>\n\t<meta property=\"og:image:type\" content=\"image\/jpeg\" \/>\n<meta name=\"twitter:card\" content=\"summary_large_image\" \/>\n<script type=\"application\/ld+json\" class=\"yoast-schema-graph\">{\"@context\":\"https:\\\/\\\/schema.org\",\"@graph\":[{\"@type\":\"WebPage\",\"@id\":\"https:\\\/\\\/antderground.com\\\/en\\\/product\\\/3d-modular-anthill-size-10x10-with-upper-deposit\\\/\",\"url\":\"https:\\\/\\\/antderground.com\\\/en\\\/product\\\/3d-modular-anthill-size-10x10-with-upper-deposit\\\/\",\"name\":\"3D modular anthill (size 10x10) with upper deposit\",\"isPartOf\":{\"@id\":\"https:\\\/\\\/antderground.com\\\/en\\\/#website\"},\"primaryImageOfPage\":{\"@id\":\"https:\\\/\\\/antderground.com\\\/en\\\/product\\\/3d-modular-anthill-size-10x10-with-upper-deposit\\\/#primaryimage\"},\"image\":{\"@id\":\"https:\\\/\\\/antderground.com\\\/en\\\/product\\\/3d-modular-anthill-size-10x10-with-upper-deposit\\\/#primaryimage\"},\"thumbnailUrl\":\"https:\\\/\\\/antderground.com\\\/wp-content\\\/uploads\\\/2022\\\/09\\\/Imagen-de-WhatsApp-2023-11-19-a-las-19.50.53_1e71e0cd-PhotoRoom.png-PhotoRoom-1.png\",\"datePublished\":\"2022-09-02T19:43:28+00:00\",\"dateModified\":\"2023-11-30T22:00:08+00:00\",\"description\":\"New 3D modular anthill, size 10x10 with a deposit in the upper part, an ideal anthill for all species of ants.\",\"breadcrumb\":{\"@id\":\"https:\\\/\\\/antderground.com\\\/en\\\/product\\\/3d-modular-anthill-size-10x10-with-upper-deposit\\\/#breadcrumb\"},\"inLanguage\":\"en-US\",\"potentialAction\":[{\"@type\":\"ReadAction\",\"target\":[\"https:\\\/\\\/antderground.com\\\/en\\\/product\\\/3d-modular-anthill-size-10x10-with-upper-deposit\\\/\"]}]},{\"@type\":\"ImageObject\",\"inLanguage\":\"en-US\",\"@id\":\"https:\\\/\\\/antderground.com\\\/en\\\/product\\\/3d-modular-anthill-size-10x10-with-upper-deposit\\\/#primaryimage\",\"url\":\"https:\\\/\\\/antderground.com\\\/wp-content\\\/uploads\\\/2022\\\/09\\\/Imagen-de-WhatsApp-2023-11-19-a-las-19.50.53_1e71e0cd-PhotoRoom.png-PhotoRoom-1.png\",\"contentUrl\":\"https:\\\/\\\/antderground.com\\\/wp-content\\\/uploads\\\/2022\\\/09\\\/Imagen-de-WhatsApp-2023-11-19-a-las-19.50.53_1e71e0cd-PhotoRoom.png-PhotoRoom-1.png\",\"width\":1280,\"height\":1280},{\"@type\":\"BreadcrumbList\",\"@id\":\"https:\\\/\\\/antderground.com\\\/en\\\/product\\\/3d-modular-anthill-size-10x10-with-upper-deposit\\\/#breadcrumb\",\"itemListElement\":[{\"@type\":\"ListItem\",\"position\":1,\"name\":\"Portada\",\"item\":\"https:\\\/\\\/antderground.com\\\/en\\\/\"},{\"@type\":\"ListItem\",\"position\":2,\"name\":\"Products\",\"item\":\"https:\\\/\\\/antderground.com\\\/en\\\/myrmecology-store\\\/\"},{\"@type\":\"ListItem\",\"position\":3,\"name\":\"3D modular anthill (size 10&#215;10) with upper deposit\"}]},{\"@type\":\"WebSite\",\"@id\":\"https:\\\/\\\/antderground.com\\\/en\\\/#website\",\"url\":\"https:\\\/\\\/antderground.com\\\/en\\\/\",\"name\":\"ANTDERGROUND\",\"description\":\"Tu tienda de hormigas, gran variedad de hormigueros acr\u00edlicos,madera,arena,3D y mas.. Pide tus hormigas gratis con tu pedido, somos expertos en hormigueros antifugas.\",\"publisher\":{\"@id\":\"https:\\\/\\\/antderground.com\\\/en\\\/#\\\/schema\\\/person\\\/0e322c505e84fe72c65e2f6d08f96b81\"},\"alternateName\":\"Antderground\",\"potentialAction\":[{\"@type\":\"SearchAction\",\"target\":{\"@type\":\"EntryPoint\",\"urlTemplate\":\"https:\\\/\\\/antderground.com\\\/en\\\/?s={search_term_string}\"},\"query-input\":{\"@type\":\"PropertyValueSpecification\",\"valueRequired\":true,\"valueName\":\"search_term_string\"}}],\"inLanguage\":\"en-US\"},{\"@type\":[\"Person\",\"Organization\"],\"@id\":\"https:\\\/\\\/antderground.com\\\/en\\\/#\\\/schema\\\/person\\\/0e322c505e84fe72c65e2f6d08f96b81\",\"name\":\"Eric de Antderground\",\"image\":{\"@type\":\"ImageObject\",\"inLanguage\":\"en-US\",\"@id\":\"https:\\\/\\\/secure.gravatar.com\\\/avatar\\\/c49a1b9f79216d1498cb73c1e85cd47f4465dda35f2a94c03790d491bd4423c3?s=96&d=mm&r=g\",\"url\":\"https:\\\/\\\/secure.gravatar.com\\\/avatar\\\/c49a1b9f79216d1498cb73c1e85cd47f4465dda35f2a94c03790d491bd4423c3?s=96&d=mm&r=g\",\"contentUrl\":\"https:\\\/\\\/secure.gravatar.com\\\/avatar\\\/c49a1b9f79216d1498cb73c1e85cd47f4465dda35f2a94c03790d491bd4423c3?s=96&d=mm&r=g\",\"caption\":\"Eric de Antderground\"},\"logo\":{\"@id\":\"https:\\\/\\\/secure.gravatar.com\\\/avatar\\\/c49a1b9f79216d1498cb73c1e85cd47f4465dda35f2a94c03790d491bd4423c3?s=96&d=mm&r=g\"},\"description\":\"Eric es el especialista y fundador de Antderground, con una amplia trayectoria en artr\u00f3podos y enfocado en la mirmecolog\u00eda y el dise\u00f1o de hormigueros artificiales. Su enfoque combina la innovaci\u00f3n t\u00e9cnica con el respeto por la biolog\u00eda de las hormigas, is\u00f3podos y otros, desarrollando sistemas de nidos modulares 3D y acr\u00edlicos que son referentes para aficionados y profesionales en toda Europa. Su objetivo es facilitar la cr\u00eda de hormigas y otros artr\u00f3podos mediante soluciones seguras y divulgaci\u00f3n de calidad.\",\"sameAs\":[\"https:\\\/\\\/antderground.com\\\/\",\"https:\\\/\\\/www.youtube.com\\\/channel\\\/UCio72z7TlbufkAthAJIJfPw\"]}]}<\/script>\n<!-- \/ Yoast SEO plugin. -->","yoast_head_json":{"title":"3D modular anthill (size 10x10) with upper deposit","description":"New 3D modular anthill, size 10x10 with a deposit in the upper part, an ideal anthill for all species of ants.","robots":{"index":"index","follow":"follow","max-snippet":"max-snippet:-1","max-image-preview":"max-image-preview:large","max-video-preview":"max-video-preview:-1"},"canonical":"https:\/\/antderground.com\/en\/product\/3d-modular-anthill-size-10x10-with-upper-deposit\/","og_locale":"en_US","og_type":"article","og_title":"3D modular anthill (size 10x10) with upper deposit","og_description":"New 3D modular anthill, size 10x10 with a deposit in the upper part, an ideal anthill for all species of ants.","og_url":"https:\/\/antderground.com\/en\/product\/3d-modular-anthill-size-10x10-with-upper-deposit\/","og_site_name":"ANTDERGROUND","article_modified_time":"2023-11-30T22:00:08+00:00","og_image":[{"width":1600,"height":1600,"url":"https:\/\/antderground.com\/wp-content\/uploads\/2022\/09\/WhatsApp-Image-2022-09-02-at-11.56.07.jpeg","type":"image\/jpeg"}],"twitter_card":"summary_large_image","schema":{"@context":"https:\/\/schema.org","@graph":[{"@type":"WebPage","@id":"https:\/\/antderground.com\/en\/product\/3d-modular-anthill-size-10x10-with-upper-deposit\/","url":"https:\/\/antderground.com\/en\/product\/3d-modular-anthill-size-10x10-with-upper-deposit\/","name":"3D modular anthill (size 10x10) with upper deposit","isPartOf":{"@id":"https:\/\/antderground.com\/en\/#website"},"primaryImageOfPage":{"@id":"https:\/\/antderground.com\/en\/product\/3d-modular-anthill-size-10x10-with-upper-deposit\/#primaryimage"},"image":{"@id":"https:\/\/antderground.com\/en\/product\/3d-modular-anthill-size-10x10-with-upper-deposit\/#primaryimage"},"thumbnailUrl":"https:\/\/antderground.com\/wp-content\/uploads\/2022\/09\/Imagen-de-WhatsApp-2023-11-19-a-las-19.50.53_1e71e0cd-PhotoRoom.png-PhotoRoom-1.png","datePublished":"2022-09-02T19:43:28+00:00","dateModified":"2023-11-30T22:00:08+00:00","description":"New 3D modular anthill, size 10x10 with a deposit in the upper part, an ideal anthill for all species of ants.","breadcrumb":{"@id":"https:\/\/antderground.com\/en\/product\/3d-modular-anthill-size-10x10-with-upper-deposit\/#breadcrumb"},"inLanguage":"en-US","potentialAction":[{"@type":"ReadAction","target":["https:\/\/antderground.com\/en\/product\/3d-modular-anthill-size-10x10-with-upper-deposit\/"]}]},{"@type":"ImageObject","inLanguage":"en-US","@id":"https:\/\/antderground.com\/en\/product\/3d-modular-anthill-size-10x10-with-upper-deposit\/#primaryimage","url":"https:\/\/antderground.com\/wp-content\/uploads\/2022\/09\/Imagen-de-WhatsApp-2023-11-19-a-las-19.50.53_1e71e0cd-PhotoRoom.png-PhotoRoom-1.png","contentUrl":"https:\/\/antderground.com\/wp-content\/uploads\/2022\/09\/Imagen-de-WhatsApp-2023-11-19-a-las-19.50.53_1e71e0cd-PhotoRoom.png-PhotoRoom-1.png","width":1280,"height":1280},{"@type":"BreadcrumbList","@id":"https:\/\/antderground.com\/en\/product\/3d-modular-anthill-size-10x10-with-upper-deposit\/#breadcrumb","itemListElement":[{"@type":"ListItem","position":1,"name":"Portada","item":"https:\/\/antderground.com\/en\/"},{"@type":"ListItem","position":2,"name":"Products","item":"https:\/\/antderground.com\/en\/myrmecology-store\/"},{"@type":"ListItem","position":3,"name":"3D modular anthill (size 10&#215;10) with upper deposit"}]},{"@type":"WebSite","@id":"https:\/\/antderground.com\/en\/#website","url":"https:\/\/antderground.com\/en\/","name":"ANTDERGROUND","description":"Tu tienda de hormigas, gran variedad de hormigueros acr\u00edlicos,madera,arena,3D y mas.. Pide tus hormigas gratis con tu pedido, somos expertos en hormigueros antifugas.","publisher":{"@id":"https:\/\/antderground.com\/en\/#\/schema\/person\/0e322c505e84fe72c65e2f6d08f96b81"},"alternateName":"Antderground","potentialAction":[{"@type":"SearchAction","target":{"@type":"EntryPoint","urlTemplate":"https:\/\/antderground.com\/en\/?s={search_term_string}"},"query-input":{"@type":"PropertyValueSpecification","valueRequired":true,"valueName":"search_term_string"}}],"inLanguage":"en-US"},{"@type":["Person","Organization"],"@id":"https:\/\/antderground.com\/en\/#\/schema\/person\/0e322c505e84fe72c65e2f6d08f96b81","name":"Eric de Antderground","image":{"@type":"ImageObject","inLanguage":"en-US","@id":"https:\/\/secure.gravatar.com\/avatar\/c49a1b9f79216d1498cb73c1e85cd47f4465dda35f2a94c03790d491bd4423c3?s=96&d=mm&r=g","url":"https:\/\/secure.gravatar.com\/avatar\/c49a1b9f79216d1498cb73c1e85cd47f4465dda35f2a94c03790d491bd4423c3?s=96&d=mm&r=g","contentUrl":"https:\/\/secure.gravatar.com\/avatar\/c49a1b9f79216d1498cb73c1e85cd47f4465dda35f2a94c03790d491bd4423c3?s=96&d=mm&r=g","caption":"Eric de Antderground"},"logo":{"@id":"https:\/\/secure.gravatar.com\/avatar\/c49a1b9f79216d1498cb73c1e85cd47f4465dda35f2a94c03790d491bd4423c3?s=96&d=mm&r=g"},"description":"Eric es el especialista y fundador de Antderground, con una amplia trayectoria en artr\u00f3podos y enfocado en la mirmecolog\u00eda y el dise\u00f1o de hormigueros artificiales. Su enfoque combina la innovaci\u00f3n t\u00e9cnica con el respeto por la biolog\u00eda de las hormigas, is\u00f3podos y otros, desarrollando sistemas de nidos modulares 3D y acr\u00edlicos que son referentes para aficionados y profesionales en toda Europa. Su objetivo es facilitar la cr\u00eda de hormigas y otros artr\u00f3podos mediante soluciones seguras y divulgaci\u00f3n de calidad.","sameAs":["https:\/\/antderground.com\/","https:\/\/www.youtube.com\/channel\/UCio72z7TlbufkAthAJIJfPw"]}]}},"_links":{"self":[{"href":"https:\/\/antderground.com\/en\/wp-json\/wp\/v2\/product\/20747","targetHints":{"allow":["GET"]}}],"collection":[{"href":"https:\/\/antderground.com\/en\/wp-json\/wp\/v2\/product"}],"about":[{"href":"https:\/\/antderground.com\/en\/wp-json\/wp\/v2\/types\/product"}],"version-history":[{"count":0,"href":"https:\/\/antderground.com\/en\/wp-json\/wp\/v2\/product\/20747\/revisions"}],"wp:featuredmedia":[{"embeddable":true,"href":"https:\/\/antderground.com\/en\/wp-json\/wp\/v2\/media\/31045"}],"wp:attachment":[{"href":"https:\/\/antderground.com\/en\/wp-json\/wp\/v2\/media?parent=20747"}],"wp:term":[{"taxonomy":"product_brand","embeddable":true,"href":"https:\/\/antderground.com\/en\/wp-json\/wp\/v2\/product_brand?post=20747"},{"taxonomy":"product_cat","embeddable":true,"href":"https:\/\/antderground.com\/en\/wp-json\/wp\/v2\/product_cat?post=20747"},{"taxonomy":"product_tag","embeddable":true,"href":"https:\/\/antderground.com\/en\/wp-json\/wp\/v2\/product_tag?post=20747"}],"curies":[{"name":"wp","href":"https:\/\/api.w.org\/{rel}","templated":true}]}}