{"id":20965,"date":"2022-10-05T22:47:30","date_gmt":"2022-10-05T20:47:30","guid":{"rendered":"https:\/\/www.antderground.com\/producto\/antdertube-anthill-tube-10x2-5\/"},"modified":"2024-12-02T10:34:20","modified_gmt":"2024-12-02T09:34:20","slug":"antdertube-anthill-tube-10x2-5","status":"publish","type":"product","link":"https:\/\/antderground.com\/en\/product\/antdertube-anthill-tube-10x2-5\/","title":{"rendered":"AntderTube (Anthill tube) 10&#215;2,5"},"content":{"rendered":"<p>Discover our new tube anthill with vertical deposit (AntderTube), a design designed for the comfort of ants and the ease of all users.<\/p>\n<p>As shown in the upper part, the 3d tube version anthill consists of a size of 10 cm long by 2.5 cm wide with an interior with different levels to offer more realism. Includes red lid preventing light from interfering with the development of the ant colony. (Example: causing stress)<\/p>\n<p>In the front part it has an ideal cap to facilitate the feeding of our queen ant or ants in general during their stay.<\/p>\n<h2>Merge a tube and an anthill?<\/h2>\n<p>Easy! Merging these two concepts we can offer more security and comfort for the different species of ants, also for the convenience of the user since this merger avoids having to move the ants from one place to another and it is easier to feed the ants.<\/p>\n<h3>With vertical drinker!!<\/h3>\n<p>With our vertical deposit system you guarantee that our ants can take advantage of every last drop.<\/p>\n<p>There are horizontal versions but the main disadvantage of horizontal tanks is that there comes a point where the liquid is no longer used.<\/p>\n<h4>Why a cap in the front?<\/h4>\n<p>The cap material allows Antnectar to be administered without having to withdraw it (using a syringe with a needle).<\/p>\n","protected":false},"excerpt":{"rendered":"<p>Bye Bye tubes with cotton!! The new AntderTube system created by Antderground is the perfect fusion between a 3d anthill and a tube, ideal for keeping our ants well cared for.<\/p>\n<p><strong>Characteristics of the tube anthill:<\/strong><br \/>\nSize: 10cm x 2.5cm<br \/>\nTank: 10 ml (new easy connection system).<br \/>\nChambers\/gallery: Different heights.<br \/>\nColor: White<br \/>\nLid: included Red color.<br \/>\nCap: yes<\/p>\n<p>Discover more features below<\/p>\n","protected":false},"featured_media":37487,"template":"","meta":[],"product_brand":[],"product_cat":[218,207,432],"product_tag":[],"class_list":{"0":"post-20965","1":"product","2":"type-product","3":"status-publish","4":"has-post-thumbnail","6":"product_cat-test-tubes","7":"product_cat-ant-nests","8":"product_cat-3d-ant-nests","10":"first","11":"instock","12":"shipping-taxable","13":"purchasable","14":"product-type-simple"},"yoast_head":"<!-- This site is optimized with the Yoast SEO plugin v27.3 - https:\/\/yoast.com\/product\/yoast-seo-wordpress\/ -->\n<title>AntderTube (Anthill tube) 10x2,5 - ANTDERGROUND<\/title>\n<meta name=\"description\" content=\"The AntderTube is the perfect fusion between a 3d anthill and a tube, ideal for keeping our ants well cared for.\" \/>\n<meta name=\"robots\" content=\"index, follow, max-snippet:-1, max-image-preview:large, max-video-preview:-1\" \/>\n<link rel=\"canonical\" href=\"https:\/\/antderground.com\/en\/product\/antdertube-anthill-tube-10x2-5\/\" \/>\n<meta property=\"og:locale\" content=\"en_US\" \/>\n<meta property=\"og:type\" content=\"article\" \/>\n<meta property=\"og:title\" content=\"AntderTube (Anthill tube) 10x2,5 - ANTDERGROUND\" \/>\n<meta property=\"og:description\" content=\"The AntderTube is the perfect fusion between a 3d anthill and a tube, ideal for keeping our ants well cared for.\" \/>\n<meta property=\"og:url\" content=\"https:\/\/antderground.com\/en\/product\/antdertube-anthill-tube-10x2-5\/\" \/>\n<meta property=\"og:site_name\" content=\"ANTDERGROUND\" \/>\n<meta property=\"article:modified_time\" content=\"2024-12-02T09:34:20+00:00\" \/>\n<meta property=\"og:image\" content=\"https:\/\/antderground.com\/wp-content\/uploads\/2022\/10\/WhatsApp-Image-2022-10-05-at-14.45.46-min.jpeg\" \/>\n\t<meta property=\"og:image:width\" content=\"1600\" \/>\n\t<meta property=\"og:image:height\" content=\"1600\" \/>\n\t<meta property=\"og:image:type\" content=\"image\/jpeg\" \/>\n<meta name=\"twitter:card\" content=\"summary_large_image\" \/>\n<meta name=\"twitter:label1\" content=\"Est. reading time\" \/>\n\t<meta name=\"twitter:data1\" content=\"1 minute\" \/>\n<script type=\"application\/ld+json\" class=\"yoast-schema-graph\">{\"@context\":\"https:\\\/\\\/schema.org\",\"@graph\":[{\"@type\":\"WebPage\",\"@id\":\"https:\\\/\\\/antderground.com\\\/en\\\/product\\\/antdertube-anthill-tube-10x2-5\\\/\",\"url\":\"https:\\\/\\\/antderground.com\\\/en\\\/product\\\/antdertube-anthill-tube-10x2-5\\\/\",\"name\":\"AntderTube (Anthill tube) 10x2,5 - ANTDERGROUND\",\"isPartOf\":{\"@id\":\"https:\\\/\\\/antderground.com\\\/en\\\/#website\"},\"primaryImageOfPage\":{\"@id\":\"https:\\\/\\\/antderground.com\\\/en\\\/product\\\/antdertube-anthill-tube-10x2-5\\\/#primaryimage\"},\"image\":{\"@id\":\"https:\\\/\\\/antderground.com\\\/en\\\/product\\\/antdertube-anthill-tube-10x2-5\\\/#primaryimage\"},\"thumbnailUrl\":\"https:\\\/\\\/antderground.com\\\/wp-content\\\/uploads\\\/2022\\\/10\\\/AntderTube-principal-bo.png\",\"datePublished\":\"2022-10-05T20:47:30+00:00\",\"dateModified\":\"2024-12-02T09:34:20+00:00\",\"description\":\"The AntderTube is the perfect fusion between a 3d anthill and a tube, ideal for keeping our ants well cared for.\",\"breadcrumb\":{\"@id\":\"https:\\\/\\\/antderground.com\\\/en\\\/product\\\/antdertube-anthill-tube-10x2-5\\\/#breadcrumb\"},\"inLanguage\":\"en-US\",\"potentialAction\":[{\"@type\":\"ReadAction\",\"target\":[\"https:\\\/\\\/antderground.com\\\/en\\\/product\\\/antdertube-anthill-tube-10x2-5\\\/\"]}]},{\"@type\":\"ImageObject\",\"inLanguage\":\"en-US\",\"@id\":\"https:\\\/\\\/antderground.com\\\/en\\\/product\\\/antdertube-anthill-tube-10x2-5\\\/#primaryimage\",\"url\":\"https:\\\/\\\/antderground.com\\\/wp-content\\\/uploads\\\/2022\\\/10\\\/AntderTube-principal-bo.png\",\"contentUrl\":\"https:\\\/\\\/antderground.com\\\/wp-content\\\/uploads\\\/2022\\\/10\\\/AntderTube-principal-bo.png\",\"width\":1280,\"height\":1280,\"caption\":\"antdertube hormiguero\"},{\"@type\":\"BreadcrumbList\",\"@id\":\"https:\\\/\\\/antderground.com\\\/en\\\/product\\\/antdertube-anthill-tube-10x2-5\\\/#breadcrumb\",\"itemListElement\":[{\"@type\":\"ListItem\",\"position\":1,\"name\":\"Portada\",\"item\":\"https:\\\/\\\/antderground.com\\\/en\\\/\"},{\"@type\":\"ListItem\",\"position\":2,\"name\":\"Products\",\"item\":\"https:\\\/\\\/antderground.com\\\/en\\\/myrmecology-store\\\/\"},{\"@type\":\"ListItem\",\"position\":3,\"name\":\"AntderTube (Anthill tube) 10&#215;2,5\"}]},{\"@type\":\"WebSite\",\"@id\":\"https:\\\/\\\/antderground.com\\\/en\\\/#website\",\"url\":\"https:\\\/\\\/antderground.com\\\/en\\\/\",\"name\":\"ANTDERGROUND\",\"description\":\"Tu tienda de hormigas, gran variedad de hormigueros acr\u00edlicos,madera,arena,3D y mas.. Pide tus hormigas gratis con tu pedido, somos expertos en hormigueros antifugas.\",\"publisher\":{\"@id\":\"https:\\\/\\\/antderground.com\\\/en\\\/#\\\/schema\\\/person\\\/0e322c505e84fe72c65e2f6d08f96b81\"},\"alternateName\":\"Antderground\",\"potentialAction\":[{\"@type\":\"SearchAction\",\"target\":{\"@type\":\"EntryPoint\",\"urlTemplate\":\"https:\\\/\\\/antderground.com\\\/en\\\/?s={search_term_string}\"},\"query-input\":{\"@type\":\"PropertyValueSpecification\",\"valueRequired\":true,\"valueName\":\"search_term_string\"}}],\"inLanguage\":\"en-US\"},{\"@type\":[\"Person\",\"Organization\"],\"@id\":\"https:\\\/\\\/antderground.com\\\/en\\\/#\\\/schema\\\/person\\\/0e322c505e84fe72c65e2f6d08f96b81\",\"name\":\"Eric de Antderground\",\"image\":{\"@type\":\"ImageObject\",\"inLanguage\":\"en-US\",\"@id\":\"https:\\\/\\\/secure.gravatar.com\\\/avatar\\\/c49a1b9f79216d1498cb73c1e85cd47f4465dda35f2a94c03790d491bd4423c3?s=96&d=mm&r=g\",\"url\":\"https:\\\/\\\/secure.gravatar.com\\\/avatar\\\/c49a1b9f79216d1498cb73c1e85cd47f4465dda35f2a94c03790d491bd4423c3?s=96&d=mm&r=g\",\"contentUrl\":\"https:\\\/\\\/secure.gravatar.com\\\/avatar\\\/c49a1b9f79216d1498cb73c1e85cd47f4465dda35f2a94c03790d491bd4423c3?s=96&d=mm&r=g\",\"caption\":\"Eric de Antderground\"},\"logo\":{\"@id\":\"https:\\\/\\\/secure.gravatar.com\\\/avatar\\\/c49a1b9f79216d1498cb73c1e85cd47f4465dda35f2a94c03790d491bd4423c3?s=96&d=mm&r=g\"},\"description\":\"Eric es el especialista y fundador de Antderground, con una amplia trayectoria en artr\u00f3podos y enfocado en la mirmecolog\u00eda y el dise\u00f1o de hormigueros artificiales. Su enfoque combina la innovaci\u00f3n t\u00e9cnica con el respeto por la biolog\u00eda de las hormigas, is\u00f3podos y otros, desarrollando sistemas de nidos modulares 3D y acr\u00edlicos que son referentes para aficionados y profesionales en toda Europa. Su objetivo es facilitar la cr\u00eda de hormigas y otros artr\u00f3podos mediante soluciones seguras y divulgaci\u00f3n de calidad.\",\"sameAs\":[\"https:\\\/\\\/antderground.com\\\/\",\"https:\\\/\\\/www.youtube.com\\\/channel\\\/UCio72z7TlbufkAthAJIJfPw\"]}]}<\/script>\n<!-- \/ Yoast SEO plugin. -->","yoast_head_json":{"title":"AntderTube (Anthill tube) 10x2,5 - ANTDERGROUND","description":"The AntderTube is the perfect fusion between a 3d anthill and a tube, ideal for keeping our ants well cared for.","robots":{"index":"index","follow":"follow","max-snippet":"max-snippet:-1","max-image-preview":"max-image-preview:large","max-video-preview":"max-video-preview:-1"},"canonical":"https:\/\/antderground.com\/en\/product\/antdertube-anthill-tube-10x2-5\/","og_locale":"en_US","og_type":"article","og_title":"AntderTube (Anthill tube) 10x2,5 - ANTDERGROUND","og_description":"The AntderTube is the perfect fusion between a 3d anthill and a tube, ideal for keeping our ants well cared for.","og_url":"https:\/\/antderground.com\/en\/product\/antdertube-anthill-tube-10x2-5\/","og_site_name":"ANTDERGROUND","article_modified_time":"2024-12-02T09:34:20+00:00","og_image":[{"width":1600,"height":1600,"url":"https:\/\/antderground.com\/wp-content\/uploads\/2022\/10\/WhatsApp-Image-2022-10-05-at-14.45.46-min.jpeg","type":"image\/jpeg"}],"twitter_card":"summary_large_image","twitter_misc":{"Est. reading time":"1 minute"},"schema":{"@context":"https:\/\/schema.org","@graph":[{"@type":"WebPage","@id":"https:\/\/antderground.com\/en\/product\/antdertube-anthill-tube-10x2-5\/","url":"https:\/\/antderground.com\/en\/product\/antdertube-anthill-tube-10x2-5\/","name":"AntderTube (Anthill tube) 10x2,5 - ANTDERGROUND","isPartOf":{"@id":"https:\/\/antderground.com\/en\/#website"},"primaryImageOfPage":{"@id":"https:\/\/antderground.com\/en\/product\/antdertube-anthill-tube-10x2-5\/#primaryimage"},"image":{"@id":"https:\/\/antderground.com\/en\/product\/antdertube-anthill-tube-10x2-5\/#primaryimage"},"thumbnailUrl":"https:\/\/antderground.com\/wp-content\/uploads\/2022\/10\/AntderTube-principal-bo.png","datePublished":"2022-10-05T20:47:30+00:00","dateModified":"2024-12-02T09:34:20+00:00","description":"The AntderTube is the perfect fusion between a 3d anthill and a tube, ideal for keeping our ants well cared for.","breadcrumb":{"@id":"https:\/\/antderground.com\/en\/product\/antdertube-anthill-tube-10x2-5\/#breadcrumb"},"inLanguage":"en-US","potentialAction":[{"@type":"ReadAction","target":["https:\/\/antderground.com\/en\/product\/antdertube-anthill-tube-10x2-5\/"]}]},{"@type":"ImageObject","inLanguage":"en-US","@id":"https:\/\/antderground.com\/en\/product\/antdertube-anthill-tube-10x2-5\/#primaryimage","url":"https:\/\/antderground.com\/wp-content\/uploads\/2022\/10\/AntderTube-principal-bo.png","contentUrl":"https:\/\/antderground.com\/wp-content\/uploads\/2022\/10\/AntderTube-principal-bo.png","width":1280,"height":1280,"caption":"antdertube hormiguero"},{"@type":"BreadcrumbList","@id":"https:\/\/antderground.com\/en\/product\/antdertube-anthill-tube-10x2-5\/#breadcrumb","itemListElement":[{"@type":"ListItem","position":1,"name":"Portada","item":"https:\/\/antderground.com\/en\/"},{"@type":"ListItem","position":2,"name":"Products","item":"https:\/\/antderground.com\/en\/myrmecology-store\/"},{"@type":"ListItem","position":3,"name":"AntderTube (Anthill tube) 10&#215;2,5"}]},{"@type":"WebSite","@id":"https:\/\/antderground.com\/en\/#website","url":"https:\/\/antderground.com\/en\/","name":"ANTDERGROUND","description":"Tu tienda de hormigas, gran variedad de hormigueros acr\u00edlicos,madera,arena,3D y mas.. Pide tus hormigas gratis con tu pedido, somos expertos en hormigueros antifugas.","publisher":{"@id":"https:\/\/antderground.com\/en\/#\/schema\/person\/0e322c505e84fe72c65e2f6d08f96b81"},"alternateName":"Antderground","potentialAction":[{"@type":"SearchAction","target":{"@type":"EntryPoint","urlTemplate":"https:\/\/antderground.com\/en\/?s={search_term_string}"},"query-input":{"@type":"PropertyValueSpecification","valueRequired":true,"valueName":"search_term_string"}}],"inLanguage":"en-US"},{"@type":["Person","Organization"],"@id":"https:\/\/antderground.com\/en\/#\/schema\/person\/0e322c505e84fe72c65e2f6d08f96b81","name":"Eric de Antderground","image":{"@type":"ImageObject","inLanguage":"en-US","@id":"https:\/\/secure.gravatar.com\/avatar\/c49a1b9f79216d1498cb73c1e85cd47f4465dda35f2a94c03790d491bd4423c3?s=96&d=mm&r=g","url":"https:\/\/secure.gravatar.com\/avatar\/c49a1b9f79216d1498cb73c1e85cd47f4465dda35f2a94c03790d491bd4423c3?s=96&d=mm&r=g","contentUrl":"https:\/\/secure.gravatar.com\/avatar\/c49a1b9f79216d1498cb73c1e85cd47f4465dda35f2a94c03790d491bd4423c3?s=96&d=mm&r=g","caption":"Eric de Antderground"},"logo":{"@id":"https:\/\/secure.gravatar.com\/avatar\/c49a1b9f79216d1498cb73c1e85cd47f4465dda35f2a94c03790d491bd4423c3?s=96&d=mm&r=g"},"description":"Eric es el especialista y fundador de Antderground, con una amplia trayectoria en artr\u00f3podos y enfocado en la mirmecolog\u00eda y el dise\u00f1o de hormigueros artificiales. Su enfoque combina la innovaci\u00f3n t\u00e9cnica con el respeto por la biolog\u00eda de las hormigas, is\u00f3podos y otros, desarrollando sistemas de nidos modulares 3D y acr\u00edlicos que son referentes para aficionados y profesionales en toda Europa. Su objetivo es facilitar la cr\u00eda de hormigas y otros artr\u00f3podos mediante soluciones seguras y divulgaci\u00f3n de calidad.","sameAs":["https:\/\/antderground.com\/","https:\/\/www.youtube.com\/channel\/UCio72z7TlbufkAthAJIJfPw"]}]}},"_links":{"self":[{"href":"https:\/\/antderground.com\/en\/wp-json\/wp\/v2\/product\/20965","targetHints":{"allow":["GET"]}}],"collection":[{"href":"https:\/\/antderground.com\/en\/wp-json\/wp\/v2\/product"}],"about":[{"href":"https:\/\/antderground.com\/en\/wp-json\/wp\/v2\/types\/product"}],"version-history":[{"count":0,"href":"https:\/\/antderground.com\/en\/wp-json\/wp\/v2\/product\/20965\/revisions"}],"wp:featuredmedia":[{"embeddable":true,"href":"https:\/\/antderground.com\/en\/wp-json\/wp\/v2\/media\/37487"}],"wp:attachment":[{"href":"https:\/\/antderground.com\/en\/wp-json\/wp\/v2\/media?parent=20965"}],"wp:term":[{"taxonomy":"product_brand","embeddable":true,"href":"https:\/\/antderground.com\/en\/wp-json\/wp\/v2\/product_brand?post=20965"},{"taxonomy":"product_cat","embeddable":true,"href":"https:\/\/antderground.com\/en\/wp-json\/wp\/v2\/product_cat?post=20965"},{"taxonomy":"product_tag","embeddable":true,"href":"https:\/\/antderground.com\/en\/wp-json\/wp\/v2\/product_tag?post=20965"}],"curies":[{"name":"wp","href":"https:\/\/api.w.org\/{rel}","templated":true}]}}