{"id":27739,"date":"2023-04-10T23:21:19","date_gmt":"2023-04-10T21:21:19","guid":{"rendered":"https:\/\/www.antderground.com\/producto\/camponotus-ligniperdus\/"},"modified":"2025-10-11T17:48:51","modified_gmt":"2025-10-11T15:48:51","slug":"camponotus-ligniperdus","status":"publish","type":"product","link":"https:\/\/antderground.com\/en\/product\/camponotus-ligniperdus\/","title":{"rendered":"Camponotus ligniperdus (Queen)"},"content":{"rendered":"<p><strong>Scientific name:<\/strong> Camponotus ligniperdus<\/p>\n<p><strong>Taxonomic classification:<\/strong><\/p>\n<ul>\n<li>Kingdom: Animalia<\/li>\n<li>Phylum: Arthropoda<\/li>\n<li>Class: Insecta<\/li>\n<li>Order: Hymenoptera<\/li>\n<li>Family: Formicidae<\/li>\n<li>Genus: Camponotus<\/li>\n<li>Species: C. ligniperdus<\/li>\n<\/ul>\n<p><strong>Geographic distribution:<\/strong> The ant Camponotus ligniperdus is found in Europe, Asia, and North America.<\/p>\n<p><strong>Physical characteristics:<\/strong><\/p>\n<ul>\n<li>Size: Workers measure from 6 to 13 mm in length, while queens measure from 14 to 16 mm in length.<\/li>\n<li>Color: Generally black, with lighter legs and antennae. Sometimes they have brown tones on their bodies.<\/li>\n<li>Large and powerful mandibles used for biting and cutting plant material.<\/li>\n<\/ul>\n<p><strong>Behavior:<\/strong><\/p>\n<ul>\n<li>They are mainly herbivorous but also feed on small insects and other arthropods.<\/li>\n<li>Workers are polymorphic, meaning they can vary in size and function within the colony.<\/li>\n<li>They form relatively large colonies, which can contain up to several thousand workers.<\/li>\n<\/ul>\n<p>Conservation status: The ant Camponotus ligniperdus is not present on any lists of endangered species.<\/p>\n<p><strong>Additional notes:<\/strong> The ant Camponotus ligniperdus is a common species in forests and wooded areas in Europe, Asia, and North America. These ants can play an important role in ecosystem ecology, contributing to seed dispersal, creating microhabitats, and regulating the population of herbivores and other arthropods. Additionally, it is known that some species of ants in the genus Camponotus establish symbiotic relationships with certain plants, providing them with protection against herbivores and pathogens in exchange for a food source.<\/p>\n","protected":false},"excerpt":{"rendered":"<p>Scientific name: Camponotus ligniperdus Taxonomic classification: Kingdom: Animalia Phylum: Arthropoda Class: Insecta Order: Hymenoptera Family: Formicidae Genus: Camponotus Species: C.<\/p>\n","protected":false},"featured_media":27723,"template":"","meta":[],"product_brand":[],"product_cat":[206,500],"product_tag":[],"class_list":{"0":"post-27739","1":"product","2":"type-product","3":"status-publish","4":"has-post-thumbnail","6":"product_cat-ants","7":"product_cat-european-ants","9":"first","10":"instock","11":"shipping-taxable","12":"purchasable","13":"product-type-variable"},"yoast_head":"<!-- This site is optimized with the Yoast SEO plugin v27.3 - https:\/\/yoast.com\/product\/yoast-seo-wordpress\/ -->\n<title>Camponotus ligniperdus (Queen) (Queen) - ANTDERGROUND<\/title>\n<meta name=\"description\" content=\"Discover the giant ant Camponotus ligniperdus, an amazing autochthonous ant species known as the carpenter ant or the largest ant!\" \/>\n<meta name=\"robots\" content=\"index, follow, max-snippet:-1, max-image-preview:large, max-video-preview:-1\" \/>\n<link rel=\"canonical\" href=\"https:\/\/antderground.com\/en\/product\/camponotus-ligniperdus\/\" \/>\n<meta property=\"og:locale\" content=\"en_US\" \/>\n<meta property=\"og:type\" content=\"article\" \/>\n<meta property=\"og:title\" content=\"Camponotus ligniperdus (Queen) (Queen) - ANTDERGROUND\" \/>\n<meta property=\"og:description\" content=\"Discover the giant ant Camponotus ligniperdus, an amazing autochthonous ant species known as the carpenter ant or the largest ant!\" \/>\n<meta property=\"og:url\" content=\"https:\/\/antderground.com\/en\/product\/camponotus-ligniperdus\/\" \/>\n<meta property=\"og:site_name\" content=\"ANTDERGROUND\" \/>\n<meta property=\"article:modified_time\" content=\"2025-10-11T15:48:51+00:00\" \/>\n<meta property=\"og:image\" content=\"https:\/\/antderground.com\/wp-content\/uploads\/2023\/04\/Imagen-de-WhatsApp-2023-04-09-a-las-15.50.38.jpg\" \/>\n\t<meta property=\"og:image:width\" content=\"1417\" \/>\n\t<meta property=\"og:image:height\" content=\"1417\" \/>\n\t<meta property=\"og:image:type\" content=\"image\/jpeg\" \/>\n<meta name=\"twitter:card\" content=\"summary_large_image\" \/>\n<meta name=\"twitter:label1\" content=\"Est. reading time\" \/>\n\t<meta name=\"twitter:data1\" content=\"1 minute\" \/>\n<script type=\"application\/ld+json\" class=\"yoast-schema-graph\">{\"@context\":\"https:\\\/\\\/schema.org\",\"@graph\":[{\"@type\":\"WebPage\",\"@id\":\"https:\\\/\\\/antderground.com\\\/en\\\/product\\\/camponotus-ligniperdus\\\/\",\"url\":\"https:\\\/\\\/antderground.com\\\/en\\\/product\\\/camponotus-ligniperdus\\\/\",\"name\":\"Camponotus ligniperdus (Queen) (Queen) - ANTDERGROUND\",\"isPartOf\":{\"@id\":\"https:\\\/\\\/antderground.com\\\/en\\\/#website\"},\"primaryImageOfPage\":{\"@id\":\"https:\\\/\\\/antderground.com\\\/en\\\/product\\\/camponotus-ligniperdus\\\/#primaryimage\"},\"image\":{\"@id\":\"https:\\\/\\\/antderground.com\\\/en\\\/product\\\/camponotus-ligniperdus\\\/#primaryimage\"},\"thumbnailUrl\":\"https:\\\/\\\/antderground.com\\\/wp-content\\\/uploads\\\/2023\\\/04\\\/Imagen-de-WhatsApp-2023-04-09-a-las-15.50.38.jpg\",\"datePublished\":\"2023-04-10T21:21:19+00:00\",\"dateModified\":\"2025-10-11T15:48:51+00:00\",\"description\":\"Discover the giant ant Camponotus ligniperdus, an amazing autochthonous ant species known as the carpenter ant or the largest ant!\",\"breadcrumb\":{\"@id\":\"https:\\\/\\\/antderground.com\\\/en\\\/product\\\/camponotus-ligniperdus\\\/#breadcrumb\"},\"inLanguage\":\"en-US\",\"potentialAction\":[{\"@type\":\"ReadAction\",\"target\":[\"https:\\\/\\\/antderground.com\\\/en\\\/product\\\/camponotus-ligniperdus\\\/\"]}]},{\"@type\":\"ImageObject\",\"inLanguage\":\"en-US\",\"@id\":\"https:\\\/\\\/antderground.com\\\/en\\\/product\\\/camponotus-ligniperdus\\\/#primaryimage\",\"url\":\"https:\\\/\\\/antderground.com\\\/wp-content\\\/uploads\\\/2023\\\/04\\\/Imagen-de-WhatsApp-2023-04-09-a-las-15.50.38.jpg\",\"contentUrl\":\"https:\\\/\\\/antderground.com\\\/wp-content\\\/uploads\\\/2023\\\/04\\\/Imagen-de-WhatsApp-2023-04-09-a-las-15.50.38.jpg\",\"width\":1417,\"height\":1417},{\"@type\":\"BreadcrumbList\",\"@id\":\"https:\\\/\\\/antderground.com\\\/en\\\/product\\\/camponotus-ligniperdus\\\/#breadcrumb\",\"itemListElement\":[{\"@type\":\"ListItem\",\"position\":1,\"name\":\"Portada\",\"item\":\"https:\\\/\\\/antderground.com\\\/en\\\/\"},{\"@type\":\"ListItem\",\"position\":2,\"name\":\"Products\",\"item\":\"https:\\\/\\\/antderground.com\\\/en\\\/myrmecology-store\\\/\"},{\"@type\":\"ListItem\",\"position\":3,\"name\":\"Camponotus ligniperdus (Queen)\"}]},{\"@type\":\"WebSite\",\"@id\":\"https:\\\/\\\/antderground.com\\\/en\\\/#website\",\"url\":\"https:\\\/\\\/antderground.com\\\/en\\\/\",\"name\":\"ANTDERGROUND\",\"description\":\"Tu tienda de hormigas, gran variedad de hormigueros acr\u00edlicos,madera,arena,3D y mas.. Pide tus hormigas gratis con tu pedido, somos expertos en hormigueros antifugas.\",\"publisher\":{\"@id\":\"https:\\\/\\\/antderground.com\\\/en\\\/#\\\/schema\\\/person\\\/0e322c505e84fe72c65e2f6d08f96b81\"},\"alternateName\":\"Antderground\",\"potentialAction\":[{\"@type\":\"SearchAction\",\"target\":{\"@type\":\"EntryPoint\",\"urlTemplate\":\"https:\\\/\\\/antderground.com\\\/en\\\/?s={search_term_string}\"},\"query-input\":{\"@type\":\"PropertyValueSpecification\",\"valueRequired\":true,\"valueName\":\"search_term_string\"}}],\"inLanguage\":\"en-US\"},{\"@type\":[\"Person\",\"Organization\"],\"@id\":\"https:\\\/\\\/antderground.com\\\/en\\\/#\\\/schema\\\/person\\\/0e322c505e84fe72c65e2f6d08f96b81\",\"name\":\"Eric de Antderground\",\"image\":{\"@type\":\"ImageObject\",\"inLanguage\":\"en-US\",\"@id\":\"https:\\\/\\\/secure.gravatar.com\\\/avatar\\\/c49a1b9f79216d1498cb73c1e85cd47f4465dda35f2a94c03790d491bd4423c3?s=96&d=mm&r=g\",\"url\":\"https:\\\/\\\/secure.gravatar.com\\\/avatar\\\/c49a1b9f79216d1498cb73c1e85cd47f4465dda35f2a94c03790d491bd4423c3?s=96&d=mm&r=g\",\"contentUrl\":\"https:\\\/\\\/secure.gravatar.com\\\/avatar\\\/c49a1b9f79216d1498cb73c1e85cd47f4465dda35f2a94c03790d491bd4423c3?s=96&d=mm&r=g\",\"caption\":\"Eric de Antderground\"},\"logo\":{\"@id\":\"https:\\\/\\\/secure.gravatar.com\\\/avatar\\\/c49a1b9f79216d1498cb73c1e85cd47f4465dda35f2a94c03790d491bd4423c3?s=96&d=mm&r=g\"},\"description\":\"Eric es el especialista y fundador de Antderground, con una amplia trayectoria en artr\u00f3podos y enfocado en la mirmecolog\u00eda y el dise\u00f1o de hormigueros artificiales. Su enfoque combina la innovaci\u00f3n t\u00e9cnica con el respeto por la biolog\u00eda de las hormigas, is\u00f3podos y otros, desarrollando sistemas de nidos modulares 3D y acr\u00edlicos que son referentes para aficionados y profesionales en toda Europa. Su objetivo es facilitar la cr\u00eda de hormigas y otros artr\u00f3podos mediante soluciones seguras y divulgaci\u00f3n de calidad.\",\"sameAs\":[\"https:\\\/\\\/antderground.com\\\/\",\"https:\\\/\\\/www.youtube.com\\\/channel\\\/UCio72z7TlbufkAthAJIJfPw\"]}]}<\/script>\n<!-- \/ Yoast SEO plugin. -->","yoast_head_json":{"title":"Camponotus ligniperdus (Queen) (Queen) - ANTDERGROUND","description":"Discover the giant ant Camponotus ligniperdus, an amazing autochthonous ant species known as the carpenter ant or the largest ant!","robots":{"index":"index","follow":"follow","max-snippet":"max-snippet:-1","max-image-preview":"max-image-preview:large","max-video-preview":"max-video-preview:-1"},"canonical":"https:\/\/antderground.com\/en\/product\/camponotus-ligniperdus\/","og_locale":"en_US","og_type":"article","og_title":"Camponotus ligniperdus (Queen) (Queen) - ANTDERGROUND","og_description":"Discover the giant ant Camponotus ligniperdus, an amazing autochthonous ant species known as the carpenter ant or the largest ant!","og_url":"https:\/\/antderground.com\/en\/product\/camponotus-ligniperdus\/","og_site_name":"ANTDERGROUND","article_modified_time":"2025-10-11T15:48:51+00:00","og_image":[{"width":1417,"height":1417,"url":"https:\/\/antderground.com\/wp-content\/uploads\/2023\/04\/Imagen-de-WhatsApp-2023-04-09-a-las-15.50.38.jpg","type":"image\/jpeg"}],"twitter_card":"summary_large_image","twitter_misc":{"Est. reading time":"1 minute"},"schema":{"@context":"https:\/\/schema.org","@graph":[{"@type":"WebPage","@id":"https:\/\/antderground.com\/en\/product\/camponotus-ligniperdus\/","url":"https:\/\/antderground.com\/en\/product\/camponotus-ligniperdus\/","name":"Camponotus ligniperdus (Queen) (Queen) - ANTDERGROUND","isPartOf":{"@id":"https:\/\/antderground.com\/en\/#website"},"primaryImageOfPage":{"@id":"https:\/\/antderground.com\/en\/product\/camponotus-ligniperdus\/#primaryimage"},"image":{"@id":"https:\/\/antderground.com\/en\/product\/camponotus-ligniperdus\/#primaryimage"},"thumbnailUrl":"https:\/\/antderground.com\/wp-content\/uploads\/2023\/04\/Imagen-de-WhatsApp-2023-04-09-a-las-15.50.38.jpg","datePublished":"2023-04-10T21:21:19+00:00","dateModified":"2025-10-11T15:48:51+00:00","description":"Discover the giant ant Camponotus ligniperdus, an amazing autochthonous ant species known as the carpenter ant or the largest ant!","breadcrumb":{"@id":"https:\/\/antderground.com\/en\/product\/camponotus-ligniperdus\/#breadcrumb"},"inLanguage":"en-US","potentialAction":[{"@type":"ReadAction","target":["https:\/\/antderground.com\/en\/product\/camponotus-ligniperdus\/"]}]},{"@type":"ImageObject","inLanguage":"en-US","@id":"https:\/\/antderground.com\/en\/product\/camponotus-ligniperdus\/#primaryimage","url":"https:\/\/antderground.com\/wp-content\/uploads\/2023\/04\/Imagen-de-WhatsApp-2023-04-09-a-las-15.50.38.jpg","contentUrl":"https:\/\/antderground.com\/wp-content\/uploads\/2023\/04\/Imagen-de-WhatsApp-2023-04-09-a-las-15.50.38.jpg","width":1417,"height":1417},{"@type":"BreadcrumbList","@id":"https:\/\/antderground.com\/en\/product\/camponotus-ligniperdus\/#breadcrumb","itemListElement":[{"@type":"ListItem","position":1,"name":"Portada","item":"https:\/\/antderground.com\/en\/"},{"@type":"ListItem","position":2,"name":"Products","item":"https:\/\/antderground.com\/en\/myrmecology-store\/"},{"@type":"ListItem","position":3,"name":"Camponotus ligniperdus (Queen)"}]},{"@type":"WebSite","@id":"https:\/\/antderground.com\/en\/#website","url":"https:\/\/antderground.com\/en\/","name":"ANTDERGROUND","description":"Tu tienda de hormigas, gran variedad de hormigueros acr\u00edlicos,madera,arena,3D y mas.. Pide tus hormigas gratis con tu pedido, somos expertos en hormigueros antifugas.","publisher":{"@id":"https:\/\/antderground.com\/en\/#\/schema\/person\/0e322c505e84fe72c65e2f6d08f96b81"},"alternateName":"Antderground","potentialAction":[{"@type":"SearchAction","target":{"@type":"EntryPoint","urlTemplate":"https:\/\/antderground.com\/en\/?s={search_term_string}"},"query-input":{"@type":"PropertyValueSpecification","valueRequired":true,"valueName":"search_term_string"}}],"inLanguage":"en-US"},{"@type":["Person","Organization"],"@id":"https:\/\/antderground.com\/en\/#\/schema\/person\/0e322c505e84fe72c65e2f6d08f96b81","name":"Eric de Antderground","image":{"@type":"ImageObject","inLanguage":"en-US","@id":"https:\/\/secure.gravatar.com\/avatar\/c49a1b9f79216d1498cb73c1e85cd47f4465dda35f2a94c03790d491bd4423c3?s=96&d=mm&r=g","url":"https:\/\/secure.gravatar.com\/avatar\/c49a1b9f79216d1498cb73c1e85cd47f4465dda35f2a94c03790d491bd4423c3?s=96&d=mm&r=g","contentUrl":"https:\/\/secure.gravatar.com\/avatar\/c49a1b9f79216d1498cb73c1e85cd47f4465dda35f2a94c03790d491bd4423c3?s=96&d=mm&r=g","caption":"Eric de Antderground"},"logo":{"@id":"https:\/\/secure.gravatar.com\/avatar\/c49a1b9f79216d1498cb73c1e85cd47f4465dda35f2a94c03790d491bd4423c3?s=96&d=mm&r=g"},"description":"Eric es el especialista y fundador de Antderground, con una amplia trayectoria en artr\u00f3podos y enfocado en la mirmecolog\u00eda y el dise\u00f1o de hormigueros artificiales. Su enfoque combina la innovaci\u00f3n t\u00e9cnica con el respeto por la biolog\u00eda de las hormigas, is\u00f3podos y otros, desarrollando sistemas de nidos modulares 3D y acr\u00edlicos que son referentes para aficionados y profesionales en toda Europa. Su objetivo es facilitar la cr\u00eda de hormigas y otros artr\u00f3podos mediante soluciones seguras y divulgaci\u00f3n de calidad.","sameAs":["https:\/\/antderground.com\/","https:\/\/www.youtube.com\/channel\/UCio72z7TlbufkAthAJIJfPw"]}]}},"_links":{"self":[{"href":"https:\/\/antderground.com\/en\/wp-json\/wp\/v2\/product\/27739","targetHints":{"allow":["GET"]}}],"collection":[{"href":"https:\/\/antderground.com\/en\/wp-json\/wp\/v2\/product"}],"about":[{"href":"https:\/\/antderground.com\/en\/wp-json\/wp\/v2\/types\/product"}],"version-history":[{"count":0,"href":"https:\/\/antderground.com\/en\/wp-json\/wp\/v2\/product\/27739\/revisions"}],"wp:featuredmedia":[{"embeddable":true,"href":"https:\/\/antderground.com\/en\/wp-json\/wp\/v2\/media\/27723"}],"wp:attachment":[{"href":"https:\/\/antderground.com\/en\/wp-json\/wp\/v2\/media?parent=27739"}],"wp:term":[{"taxonomy":"product_brand","embeddable":true,"href":"https:\/\/antderground.com\/en\/wp-json\/wp\/v2\/product_brand?post=27739"},{"taxonomy":"product_cat","embeddable":true,"href":"https:\/\/antderground.com\/en\/wp-json\/wp\/v2\/product_cat?post=27739"},{"taxonomy":"product_tag","embeddable":true,"href":"https:\/\/antderground.com\/en\/wp-json\/wp\/v2\/product_tag?post=27739"}],"curies":[{"name":"wp","href":"https:\/\/api.w.org\/{rel}","templated":true}]}}