{"id":27895,"date":"2023-04-14T16:22:54","date_gmt":"2023-04-14T14:22:54","guid":{"rendered":"https:\/\/www.antderground.com\/producto\/stick-insect-medauroidea-extradentata\/"},"modified":"2025-06-16T13:31:40","modified_gmt":"2025-06-16T11:31:40","slug":"stick-insect-medauroidea-extradentata","status":"publish","type":"product","link":"https:\/\/antderground.com\/en\/product\/stick-insect-medauroidea-extradentata\/","title":{"rendered":"Stick insect (Medauroidea extradentata)"},"content":{"rendered":"<p><strong>Common name:<\/strong> Stick insect<\/p>\n<p><strong>Scientific name:<\/strong> Medauroidea extradentata<\/p>\n<p><strong>Taxonomic classification:<\/strong><\/p>\n<p>Kingdom: Animalia<br \/>\nPhylum: Arthropoda<br \/>\nClass: Insecta<br \/>\nOrder: Phasmatodea<br \/>\nFamily: Phasmatidae<br \/>\nGenus: Medauroidea<br \/>\nSpecies: M. extradentata<\/p>\n<p><strong>Physical description:<\/strong><\/p>\n<p>The stick insect is a long, thin insect that can measure up to 10 cm in length. Its body resembles a dry branch or stem, allowing it to blend perfectly among plants and avoid predators. It has long and thin legs, filiform antennae, and large compound eyes. Its color can range from light brown to dark brown, depending on its environment.<\/p>\n<p><strong>Habitat and distribution:<\/strong><\/p>\n<p>The stick insect is found in tropical and subtropical regions of Central and South America, as well as some Caribbean islands. It prefers to live in forested areas, where it can camouflage among the plants and feed on them.<\/p>\n<p><strong>Behavior and diet:<\/strong><\/p>\n<p>The stick insect is mainly herbivorous and feeds on leaves and stems of various plants. It has nocturnal habits and is active at night. During the day, it remains motionless, camouflaged among plants to avoid being seen by predators.<\/p>\n<p><strong>Reproduction:<\/strong><\/p>\n<p>The female stick insect can lay between 100 and 1,000 eggs in a single clutch. The eggs are deposited in the soil and can take 3 to 6 months to hatch. Young insects resemble adults, but are smaller and light green in color.<\/p>\n<p><strong>Conservation status:<\/strong><\/p>\n<p>The stick insect is not considered endangered, although the destruction of its natural habitat and environmental pollution can affect its long-term survival.<\/p>\n<p><strong>Ecological importance:<\/strong><\/p>\n<p>The stick insect is important in the ecosystem as a food source for other animals, such as birds and reptiles. Additionally, its camouflage ability is a very effective evolutionary strategy to avoid being preyed upon by predators and is a fascinating example of adaptation to the environment.<\/p>\n","protected":false},"excerpt":{"rendered":"<p>Common name: Stick insect Scientific name: Medauroidea extradentata Taxonomic classification: Kingdom: Animalia Phylum: Arthropoda Class: Insecta Order: Phasmatodea Family: Phasmatidae<\/p>\n","protected":false},"featured_media":27890,"template":"","meta":[],"product_brand":[],"product_cat":[479,480],"product_tag":[],"class_list":{"0":"post-27895","1":"product","2":"type-product","3":"status-publish","4":"has-post-thumbnail","6":"product_cat-arthropods","7":"product_cat-fasmids-en","9":"first","10":"outofstock","11":"shipping-taxable","12":"purchasable","13":"product-type-variable"},"yoast_head":"<!-- This site is optimized with the Yoast SEO plugin v27.3 - https:\/\/yoast.com\/product\/yoast-seo-wordpress\/ -->\n<title>Stick insect (Medauroidea extradentata) - ANTDERGROUND<\/title>\n<meta name=\"description\" content=\"Discover this stick insect (Medauroidea extradentata), a curious insect with great camouflage abilities. Your insect and ant store!\" \/>\n<meta name=\"robots\" content=\"index, follow, max-snippet:-1, max-image-preview:large, max-video-preview:-1\" \/>\n<link rel=\"canonical\" href=\"https:\/\/antderground.com\/en\/product\/stick-insect-medauroidea-extradentata\/\" \/>\n<meta property=\"og:locale\" content=\"en_US\" \/>\n<meta property=\"og:type\" content=\"article\" \/>\n<meta property=\"og:title\" content=\"Stick insect (Medauroidea extradentata) - ANTDERGROUND\" \/>\n<meta property=\"og:description\" content=\"Discover this stick insect (Medauroidea extradentata), a curious insect with great camouflage abilities. Your insect and ant store!\" \/>\n<meta property=\"og:url\" content=\"https:\/\/antderground.com\/en\/product\/stick-insect-medauroidea-extradentata\/\" \/>\n<meta property=\"og:site_name\" content=\"ANTDERGROUND\" \/>\n<meta property=\"article:modified_time\" content=\"2025-06-16T11:31:40+00:00\" \/>\n<meta property=\"og:image\" content=\"https:\/\/antderground.com\/wp-content\/uploads\/2023\/04\/Insecto-palo-Medauroidea-extradentata.png\" \/>\n\t<meta property=\"og:image:width\" content=\"1032\" \/>\n\t<meta property=\"og:image:height\" content=\"882\" \/>\n\t<meta property=\"og:image:type\" content=\"image\/png\" \/>\n<meta name=\"twitter:card\" content=\"summary_large_image\" \/>\n<meta name=\"twitter:label1\" content=\"Est. reading time\" \/>\n\t<meta name=\"twitter:data1\" content=\"1 minute\" \/>\n<script type=\"application\/ld+json\" class=\"yoast-schema-graph\">{\"@context\":\"https:\\\/\\\/schema.org\",\"@graph\":[{\"@type\":\"WebPage\",\"@id\":\"https:\\\/\\\/antderground.com\\\/en\\\/product\\\/stick-insect-medauroidea-extradentata\\\/\",\"url\":\"https:\\\/\\\/antderground.com\\\/en\\\/product\\\/stick-insect-medauroidea-extradentata\\\/\",\"name\":\"Stick insect (Medauroidea extradentata) - ANTDERGROUND\",\"isPartOf\":{\"@id\":\"https:\\\/\\\/antderground.com\\\/en\\\/#website\"},\"primaryImageOfPage\":{\"@id\":\"https:\\\/\\\/antderground.com\\\/en\\\/product\\\/stick-insect-medauroidea-extradentata\\\/#primaryimage\"},\"image\":{\"@id\":\"https:\\\/\\\/antderground.com\\\/en\\\/product\\\/stick-insect-medauroidea-extradentata\\\/#primaryimage\"},\"thumbnailUrl\":\"https:\\\/\\\/antderground.com\\\/wp-content\\\/uploads\\\/2023\\\/04\\\/Insecto-palo-Medauroidea-extradentata.png\",\"datePublished\":\"2023-04-14T14:22:54+00:00\",\"dateModified\":\"2025-06-16T11:31:40+00:00\",\"description\":\"Discover this stick insect (Medauroidea extradentata), a curious insect with great camouflage abilities. Your insect and ant store!\",\"breadcrumb\":{\"@id\":\"https:\\\/\\\/antderground.com\\\/en\\\/product\\\/stick-insect-medauroidea-extradentata\\\/#breadcrumb\"},\"inLanguage\":\"en-US\",\"potentialAction\":[{\"@type\":\"ReadAction\",\"target\":[\"https:\\\/\\\/antderground.com\\\/en\\\/product\\\/stick-insect-medauroidea-extradentata\\\/\"]}]},{\"@type\":\"ImageObject\",\"inLanguage\":\"en-US\",\"@id\":\"https:\\\/\\\/antderground.com\\\/en\\\/product\\\/stick-insect-medauroidea-extradentata\\\/#primaryimage\",\"url\":\"https:\\\/\\\/antderground.com\\\/wp-content\\\/uploads\\\/2023\\\/04\\\/Insecto-palo-Medauroidea-extradentata.png\",\"contentUrl\":\"https:\\\/\\\/antderground.com\\\/wp-content\\\/uploads\\\/2023\\\/04\\\/Insecto-palo-Medauroidea-extradentata.png\",\"width\":1032,\"height\":882},{\"@type\":\"BreadcrumbList\",\"@id\":\"https:\\\/\\\/antderground.com\\\/en\\\/product\\\/stick-insect-medauroidea-extradentata\\\/#breadcrumb\",\"itemListElement\":[{\"@type\":\"ListItem\",\"position\":1,\"name\":\"Portada\",\"item\":\"https:\\\/\\\/antderground.com\\\/en\\\/\"},{\"@type\":\"ListItem\",\"position\":2,\"name\":\"Products\",\"item\":\"https:\\\/\\\/antderground.com\\\/en\\\/myrmecology-store\\\/\"},{\"@type\":\"ListItem\",\"position\":3,\"name\":\"Stick insect (Medauroidea extradentata)\"}]},{\"@type\":\"WebSite\",\"@id\":\"https:\\\/\\\/antderground.com\\\/en\\\/#website\",\"url\":\"https:\\\/\\\/antderground.com\\\/en\\\/\",\"name\":\"ANTDERGROUND\",\"description\":\"Tu tienda de hormigas, gran variedad de hormigueros acr\u00edlicos,madera,arena,3D y mas.. Pide tus hormigas gratis con tu pedido, somos expertos en hormigueros antifugas.\",\"publisher\":{\"@id\":\"https:\\\/\\\/antderground.com\\\/en\\\/#\\\/schema\\\/person\\\/0e322c505e84fe72c65e2f6d08f96b81\"},\"alternateName\":\"Antderground\",\"potentialAction\":[{\"@type\":\"SearchAction\",\"target\":{\"@type\":\"EntryPoint\",\"urlTemplate\":\"https:\\\/\\\/antderground.com\\\/en\\\/?s={search_term_string}\"},\"query-input\":{\"@type\":\"PropertyValueSpecification\",\"valueRequired\":true,\"valueName\":\"search_term_string\"}}],\"inLanguage\":\"en-US\"},{\"@type\":[\"Person\",\"Organization\"],\"@id\":\"https:\\\/\\\/antderground.com\\\/en\\\/#\\\/schema\\\/person\\\/0e322c505e84fe72c65e2f6d08f96b81\",\"name\":\"Eric de Antderground\",\"image\":{\"@type\":\"ImageObject\",\"inLanguage\":\"en-US\",\"@id\":\"https:\\\/\\\/secure.gravatar.com\\\/avatar\\\/c49a1b9f79216d1498cb73c1e85cd47f4465dda35f2a94c03790d491bd4423c3?s=96&d=mm&r=g\",\"url\":\"https:\\\/\\\/secure.gravatar.com\\\/avatar\\\/c49a1b9f79216d1498cb73c1e85cd47f4465dda35f2a94c03790d491bd4423c3?s=96&d=mm&r=g\",\"contentUrl\":\"https:\\\/\\\/secure.gravatar.com\\\/avatar\\\/c49a1b9f79216d1498cb73c1e85cd47f4465dda35f2a94c03790d491bd4423c3?s=96&d=mm&r=g\",\"caption\":\"Eric de Antderground\"},\"logo\":{\"@id\":\"https:\\\/\\\/secure.gravatar.com\\\/avatar\\\/c49a1b9f79216d1498cb73c1e85cd47f4465dda35f2a94c03790d491bd4423c3?s=96&d=mm&r=g\"},\"description\":\"Eric es el especialista y fundador de Antderground, con una amplia trayectoria en artr\u00f3podos y enfocado en la mirmecolog\u00eda y el dise\u00f1o de hormigueros artificiales. Su enfoque combina la innovaci\u00f3n t\u00e9cnica con el respeto por la biolog\u00eda de las hormigas, is\u00f3podos y otros, desarrollando sistemas de nidos modulares 3D y acr\u00edlicos que son referentes para aficionados y profesionales en toda Europa. Su objetivo es facilitar la cr\u00eda de hormigas y otros artr\u00f3podos mediante soluciones seguras y divulgaci\u00f3n de calidad.\",\"sameAs\":[\"https:\\\/\\\/antderground.com\\\/\",\"https:\\\/\\\/www.youtube.com\\\/channel\\\/UCio72z7TlbufkAthAJIJfPw\"]}]}<\/script>\n<!-- \/ Yoast SEO plugin. -->","yoast_head_json":{"title":"Stick insect (Medauroidea extradentata) - ANTDERGROUND","description":"Discover this stick insect (Medauroidea extradentata), a curious insect with great camouflage abilities. Your insect and ant store!","robots":{"index":"index","follow":"follow","max-snippet":"max-snippet:-1","max-image-preview":"max-image-preview:large","max-video-preview":"max-video-preview:-1"},"canonical":"https:\/\/antderground.com\/en\/product\/stick-insect-medauroidea-extradentata\/","og_locale":"en_US","og_type":"article","og_title":"Stick insect (Medauroidea extradentata) - ANTDERGROUND","og_description":"Discover this stick insect (Medauroidea extradentata), a curious insect with great camouflage abilities. Your insect and ant store!","og_url":"https:\/\/antderground.com\/en\/product\/stick-insect-medauroidea-extradentata\/","og_site_name":"ANTDERGROUND","article_modified_time":"2025-06-16T11:31:40+00:00","og_image":[{"width":1032,"height":882,"url":"https:\/\/antderground.com\/wp-content\/uploads\/2023\/04\/Insecto-palo-Medauroidea-extradentata.png","type":"image\/png"}],"twitter_card":"summary_large_image","twitter_misc":{"Est. reading time":"1 minute"},"schema":{"@context":"https:\/\/schema.org","@graph":[{"@type":"WebPage","@id":"https:\/\/antderground.com\/en\/product\/stick-insect-medauroidea-extradentata\/","url":"https:\/\/antderground.com\/en\/product\/stick-insect-medauroidea-extradentata\/","name":"Stick insect (Medauroidea extradentata) - ANTDERGROUND","isPartOf":{"@id":"https:\/\/antderground.com\/en\/#website"},"primaryImageOfPage":{"@id":"https:\/\/antderground.com\/en\/product\/stick-insect-medauroidea-extradentata\/#primaryimage"},"image":{"@id":"https:\/\/antderground.com\/en\/product\/stick-insect-medauroidea-extradentata\/#primaryimage"},"thumbnailUrl":"https:\/\/antderground.com\/wp-content\/uploads\/2023\/04\/Insecto-palo-Medauroidea-extradentata.png","datePublished":"2023-04-14T14:22:54+00:00","dateModified":"2025-06-16T11:31:40+00:00","description":"Discover this stick insect (Medauroidea extradentata), a curious insect with great camouflage abilities. Your insect and ant store!","breadcrumb":{"@id":"https:\/\/antderground.com\/en\/product\/stick-insect-medauroidea-extradentata\/#breadcrumb"},"inLanguage":"en-US","potentialAction":[{"@type":"ReadAction","target":["https:\/\/antderground.com\/en\/product\/stick-insect-medauroidea-extradentata\/"]}]},{"@type":"ImageObject","inLanguage":"en-US","@id":"https:\/\/antderground.com\/en\/product\/stick-insect-medauroidea-extradentata\/#primaryimage","url":"https:\/\/antderground.com\/wp-content\/uploads\/2023\/04\/Insecto-palo-Medauroidea-extradentata.png","contentUrl":"https:\/\/antderground.com\/wp-content\/uploads\/2023\/04\/Insecto-palo-Medauroidea-extradentata.png","width":1032,"height":882},{"@type":"BreadcrumbList","@id":"https:\/\/antderground.com\/en\/product\/stick-insect-medauroidea-extradentata\/#breadcrumb","itemListElement":[{"@type":"ListItem","position":1,"name":"Portada","item":"https:\/\/antderground.com\/en\/"},{"@type":"ListItem","position":2,"name":"Products","item":"https:\/\/antderground.com\/en\/myrmecology-store\/"},{"@type":"ListItem","position":3,"name":"Stick insect (Medauroidea extradentata)"}]},{"@type":"WebSite","@id":"https:\/\/antderground.com\/en\/#website","url":"https:\/\/antderground.com\/en\/","name":"ANTDERGROUND","description":"Tu tienda de hormigas, gran variedad de hormigueros acr\u00edlicos,madera,arena,3D y mas.. Pide tus hormigas gratis con tu pedido, somos expertos en hormigueros antifugas.","publisher":{"@id":"https:\/\/antderground.com\/en\/#\/schema\/person\/0e322c505e84fe72c65e2f6d08f96b81"},"alternateName":"Antderground","potentialAction":[{"@type":"SearchAction","target":{"@type":"EntryPoint","urlTemplate":"https:\/\/antderground.com\/en\/?s={search_term_string}"},"query-input":{"@type":"PropertyValueSpecification","valueRequired":true,"valueName":"search_term_string"}}],"inLanguage":"en-US"},{"@type":["Person","Organization"],"@id":"https:\/\/antderground.com\/en\/#\/schema\/person\/0e322c505e84fe72c65e2f6d08f96b81","name":"Eric de Antderground","image":{"@type":"ImageObject","inLanguage":"en-US","@id":"https:\/\/secure.gravatar.com\/avatar\/c49a1b9f79216d1498cb73c1e85cd47f4465dda35f2a94c03790d491bd4423c3?s=96&d=mm&r=g","url":"https:\/\/secure.gravatar.com\/avatar\/c49a1b9f79216d1498cb73c1e85cd47f4465dda35f2a94c03790d491bd4423c3?s=96&d=mm&r=g","contentUrl":"https:\/\/secure.gravatar.com\/avatar\/c49a1b9f79216d1498cb73c1e85cd47f4465dda35f2a94c03790d491bd4423c3?s=96&d=mm&r=g","caption":"Eric de Antderground"},"logo":{"@id":"https:\/\/secure.gravatar.com\/avatar\/c49a1b9f79216d1498cb73c1e85cd47f4465dda35f2a94c03790d491bd4423c3?s=96&d=mm&r=g"},"description":"Eric es el especialista y fundador de Antderground, con una amplia trayectoria en artr\u00f3podos y enfocado en la mirmecolog\u00eda y el dise\u00f1o de hormigueros artificiales. Su enfoque combina la innovaci\u00f3n t\u00e9cnica con el respeto por la biolog\u00eda de las hormigas, is\u00f3podos y otros, desarrollando sistemas de nidos modulares 3D y acr\u00edlicos que son referentes para aficionados y profesionales en toda Europa. Su objetivo es facilitar la cr\u00eda de hormigas y otros artr\u00f3podos mediante soluciones seguras y divulgaci\u00f3n de calidad.","sameAs":["https:\/\/antderground.com\/","https:\/\/www.youtube.com\/channel\/UCio72z7TlbufkAthAJIJfPw"]}]}},"_links":{"self":[{"href":"https:\/\/antderground.com\/en\/wp-json\/wp\/v2\/product\/27895","targetHints":{"allow":["GET"]}}],"collection":[{"href":"https:\/\/antderground.com\/en\/wp-json\/wp\/v2\/product"}],"about":[{"href":"https:\/\/antderground.com\/en\/wp-json\/wp\/v2\/types\/product"}],"version-history":[{"count":0,"href":"https:\/\/antderground.com\/en\/wp-json\/wp\/v2\/product\/27895\/revisions"}],"wp:featuredmedia":[{"embeddable":true,"href":"https:\/\/antderground.com\/en\/wp-json\/wp\/v2\/media\/27890"}],"wp:attachment":[{"href":"https:\/\/antderground.com\/en\/wp-json\/wp\/v2\/media?parent=27895"}],"wp:term":[{"taxonomy":"product_brand","embeddable":true,"href":"https:\/\/antderground.com\/en\/wp-json\/wp\/v2\/product_brand?post=27895"},{"taxonomy":"product_cat","embeddable":true,"href":"https:\/\/antderground.com\/en\/wp-json\/wp\/v2\/product_cat?post=27895"},{"taxonomy":"product_tag","embeddable":true,"href":"https:\/\/antderground.com\/en\/wp-json\/wp\/v2\/product_tag?post=27895"}],"curies":[{"name":"wp","href":"https:\/\/api.w.org\/{rel}","templated":true}]}}