{"id":29374,"date":"2023-07-12T01:09:42","date_gmt":"2023-07-11T23:09:42","guid":{"rendered":"https:\/\/www.antderground.com\/producto\/ant-colony-starter-kit-with-ant\/"},"modified":"2023-07-12T01:09:42","modified_gmt":"2023-07-11T23:09:42","slug":"ant-colony-starter-kit-with-ant","status":"publish","type":"product","link":"https:\/\/antderground.com\/en\/product\/ant-colony-starter-kit-with-ant\/","title":{"rendered":"Ant colony starter kit + Queen Camponotus japonicus with workers"},"content":{"rendered":"","protected":false},"excerpt":{"rendered":"<p>This colony starter kit with queen ant and worker ants is one of the best options to start with.<\/p>\n<p><strong>Includes:<\/strong><br \/>\n&#8211; Anthill + Foraging box + Connector.<br \/>\n&#8211; Queen ant Camponotus japonicus with 1 &#8211; 5 worker ants.<\/p>\n<p><strong>Kit features:<\/strong><\/p>\n<p><strong>3D ant nest:<\/strong><br \/>\nSize: 7cm x 4.5cm.<br \/>\nDeposit: 20 ml.<br \/>\nColor: White .<br \/>\nRed cap: yes.<\/p>\n<p><strong>3D Foraging Box:<\/strong><br \/>\nSize: 5cm x 5cm.<br \/>\nColor: White<br \/>\nVentilation: Yes, top cover.<br \/>\nConnections: 2<\/p>\n<p><strong>Connector:<\/strong><br \/>\nColor: White<br \/>\nConnection: horizontal.<\/p>\n","protected":false},"featured_media":29352,"template":"","meta":[],"product_brand":[],"product_cat":[207,432,372,449],"product_tag":[],"class_list":{"0":"post-29374","1":"product","2":"type-product","3":"status-publish","4":"has-post-thumbnail","6":"product_cat-ant-nests","7":"product_cat-3d-ant-nests","8":"product_cat-ants-nests-kits","9":"product_cat-offers","11":"first","12":"outofstock","13":"sale","14":"shipping-taxable","15":"purchasable","16":"product-type-simple"},"yoast_head":"<!-- This site is optimized with the Yoast SEO plugin v27.3 - https:\/\/yoast.com\/product\/yoast-seo-wordpress\/ -->\n<title>Ant colony starter kit + Queen Camponotus japonicus with workers<\/title>\n<meta name=\"description\" content=\"Ant colony starter kit with Queen camponotus japonicus and 1 to 5 worker ants. An ideal pack to start with your colony of ants. formicarium\" \/>\n<meta name=\"robots\" content=\"index, follow, max-snippet:-1, max-image-preview:large, max-video-preview:-1\" \/>\n<link rel=\"canonical\" href=\"https:\/\/antderground.com\/en\/product\/ant-colony-starter-kit-with-ant\/\" \/>\n<meta property=\"og:locale\" content=\"en_US\" \/>\n<meta property=\"og:type\" content=\"article\" \/>\n<meta property=\"og:title\" content=\"Ant colony starter kit + Queen Camponotus japonicus with workers\" \/>\n<meta property=\"og:description\" content=\"Ant colony starter kit with Queen camponotus japonicus and 1 to 5 worker ants. An ideal pack to start with your colony of ants. formicarium\" \/>\n<meta property=\"og:url\" content=\"https:\/\/antderground.com\/en\/product\/ant-colony-starter-kit-with-ant\/\" \/>\n<meta property=\"og:site_name\" content=\"ANTDERGROUND\" \/>\n<meta property=\"og:image\" content=\"https:\/\/antderground.com\/wp-content\/uploads\/2023\/07\/Kit-inici-colonia-3d-amb-reina-japonicus.png\" \/>\n\t<meta property=\"og:image:width\" content=\"1280\" \/>\n\t<meta property=\"og:image:height\" content=\"1280\" \/>\n\t<meta property=\"og:image:type\" content=\"image\/png\" \/>\n<meta name=\"twitter:card\" content=\"summary_large_image\" \/>\n<script type=\"application\/ld+json\" class=\"yoast-schema-graph\">{\"@context\":\"https:\\\/\\\/schema.org\",\"@graph\":[{\"@type\":\"WebPage\",\"@id\":\"https:\\\/\\\/antderground.com\\\/en\\\/product\\\/ant-colony-starter-kit-with-ant\\\/\",\"url\":\"https:\\\/\\\/antderground.com\\\/en\\\/product\\\/ant-colony-starter-kit-with-ant\\\/\",\"name\":\"Ant colony starter kit + Queen Camponotus japonicus with workers\",\"isPartOf\":{\"@id\":\"https:\\\/\\\/antderground.com\\\/en\\\/#website\"},\"primaryImageOfPage\":{\"@id\":\"https:\\\/\\\/antderground.com\\\/en\\\/product\\\/ant-colony-starter-kit-with-ant\\\/#primaryimage\"},\"image\":{\"@id\":\"https:\\\/\\\/antderground.com\\\/en\\\/product\\\/ant-colony-starter-kit-with-ant\\\/#primaryimage\"},\"thumbnailUrl\":\"https:\\\/\\\/antderground.com\\\/wp-content\\\/uploads\\\/2023\\\/07\\\/Kit-inici-colonia-3d-amb-reina-japonicus.png\",\"datePublished\":\"2023-07-11T23:09:42+00:00\",\"description\":\"Ant colony starter kit with Queen camponotus japonicus and 1 to 5 worker ants. An ideal pack to start with your colony of ants. formicarium\",\"breadcrumb\":{\"@id\":\"https:\\\/\\\/antderground.com\\\/en\\\/product\\\/ant-colony-starter-kit-with-ant\\\/#breadcrumb\"},\"inLanguage\":\"en-US\",\"potentialAction\":[{\"@type\":\"ReadAction\",\"target\":[\"https:\\\/\\\/antderground.com\\\/en\\\/product\\\/ant-colony-starter-kit-with-ant\\\/\"]}]},{\"@type\":\"ImageObject\",\"inLanguage\":\"en-US\",\"@id\":\"https:\\\/\\\/antderground.com\\\/en\\\/product\\\/ant-colony-starter-kit-with-ant\\\/#primaryimage\",\"url\":\"https:\\\/\\\/antderground.com\\\/wp-content\\\/uploads\\\/2023\\\/07\\\/Kit-inici-colonia-3d-amb-reina-japonicus.png\",\"contentUrl\":\"https:\\\/\\\/antderground.com\\\/wp-content\\\/uploads\\\/2023\\\/07\\\/Kit-inici-colonia-3d-amb-reina-japonicus.png\",\"width\":1280,\"height\":1280,\"caption\":\"antfarm 3D\"},{\"@type\":\"BreadcrumbList\",\"@id\":\"https:\\\/\\\/antderground.com\\\/en\\\/product\\\/ant-colony-starter-kit-with-ant\\\/#breadcrumb\",\"itemListElement\":[{\"@type\":\"ListItem\",\"position\":1,\"name\":\"Portada\",\"item\":\"https:\\\/\\\/antderground.com\\\/en\\\/\"},{\"@type\":\"ListItem\",\"position\":2,\"name\":\"Products\",\"item\":\"https:\\\/\\\/antderground.com\\\/en\\\/myrmecology-store\\\/\"},{\"@type\":\"ListItem\",\"position\":3,\"name\":\"Ant colony starter kit + Queen Camponotus japonicus with workers\"}]},{\"@type\":\"WebSite\",\"@id\":\"https:\\\/\\\/antderground.com\\\/en\\\/#website\",\"url\":\"https:\\\/\\\/antderground.com\\\/en\\\/\",\"name\":\"ANTDERGROUND\",\"description\":\"Tu tienda de hormigas, gran variedad de hormigueros acr\u00edlicos,madera,arena,3D y mas.. Pide tus hormigas gratis con tu pedido, somos expertos en hormigueros antifugas.\",\"publisher\":{\"@id\":\"https:\\\/\\\/antderground.com\\\/en\\\/#\\\/schema\\\/person\\\/0e322c505e84fe72c65e2f6d08f96b81\"},\"alternateName\":\"Antderground\",\"potentialAction\":[{\"@type\":\"SearchAction\",\"target\":{\"@type\":\"EntryPoint\",\"urlTemplate\":\"https:\\\/\\\/antderground.com\\\/en\\\/?s={search_term_string}\"},\"query-input\":{\"@type\":\"PropertyValueSpecification\",\"valueRequired\":true,\"valueName\":\"search_term_string\"}}],\"inLanguage\":\"en-US\"},{\"@type\":[\"Person\",\"Organization\"],\"@id\":\"https:\\\/\\\/antderground.com\\\/en\\\/#\\\/schema\\\/person\\\/0e322c505e84fe72c65e2f6d08f96b81\",\"name\":\"Eric de Antderground\",\"image\":{\"@type\":\"ImageObject\",\"inLanguage\":\"en-US\",\"@id\":\"https:\\\/\\\/secure.gravatar.com\\\/avatar\\\/c49a1b9f79216d1498cb73c1e85cd47f4465dda35f2a94c03790d491bd4423c3?s=96&d=mm&r=g\",\"url\":\"https:\\\/\\\/secure.gravatar.com\\\/avatar\\\/c49a1b9f79216d1498cb73c1e85cd47f4465dda35f2a94c03790d491bd4423c3?s=96&d=mm&r=g\",\"contentUrl\":\"https:\\\/\\\/secure.gravatar.com\\\/avatar\\\/c49a1b9f79216d1498cb73c1e85cd47f4465dda35f2a94c03790d491bd4423c3?s=96&d=mm&r=g\",\"caption\":\"Eric de Antderground\"},\"logo\":{\"@id\":\"https:\\\/\\\/secure.gravatar.com\\\/avatar\\\/c49a1b9f79216d1498cb73c1e85cd47f4465dda35f2a94c03790d491bd4423c3?s=96&d=mm&r=g\"},\"description\":\"Eric es el especialista y fundador de Antderground, con una amplia trayectoria en artr\u00f3podos y enfocado en la mirmecolog\u00eda y el dise\u00f1o de hormigueros artificiales. Su enfoque combina la innovaci\u00f3n t\u00e9cnica con el respeto por la biolog\u00eda de las hormigas, is\u00f3podos y otros, desarrollando sistemas de nidos modulares 3D y acr\u00edlicos que son referentes para aficionados y profesionales en toda Europa. Su objetivo es facilitar la cr\u00eda de hormigas y otros artr\u00f3podos mediante soluciones seguras y divulgaci\u00f3n de calidad.\",\"sameAs\":[\"https:\\\/\\\/antderground.com\\\/\",\"https:\\\/\\\/www.youtube.com\\\/channel\\\/UCio72z7TlbufkAthAJIJfPw\"]}]}<\/script>\n<!-- \/ Yoast SEO plugin. -->","yoast_head_json":{"title":"Ant colony starter kit + Queen Camponotus japonicus with workers","description":"Ant colony starter kit with Queen camponotus japonicus and 1 to 5 worker ants. An ideal pack to start with your colony of ants. formicarium","robots":{"index":"index","follow":"follow","max-snippet":"max-snippet:-1","max-image-preview":"max-image-preview:large","max-video-preview":"max-video-preview:-1"},"canonical":"https:\/\/antderground.com\/en\/product\/ant-colony-starter-kit-with-ant\/","og_locale":"en_US","og_type":"article","og_title":"Ant colony starter kit + Queen Camponotus japonicus with workers","og_description":"Ant colony starter kit with Queen camponotus japonicus and 1 to 5 worker ants. An ideal pack to start with your colony of ants. formicarium","og_url":"https:\/\/antderground.com\/en\/product\/ant-colony-starter-kit-with-ant\/","og_site_name":"ANTDERGROUND","og_image":[{"width":1280,"height":1280,"url":"https:\/\/antderground.com\/wp-content\/uploads\/2023\/07\/Kit-inici-colonia-3d-amb-reina-japonicus.png","type":"image\/png"}],"twitter_card":"summary_large_image","schema":{"@context":"https:\/\/schema.org","@graph":[{"@type":"WebPage","@id":"https:\/\/antderground.com\/en\/product\/ant-colony-starter-kit-with-ant\/","url":"https:\/\/antderground.com\/en\/product\/ant-colony-starter-kit-with-ant\/","name":"Ant colony starter kit + Queen Camponotus japonicus with workers","isPartOf":{"@id":"https:\/\/antderground.com\/en\/#website"},"primaryImageOfPage":{"@id":"https:\/\/antderground.com\/en\/product\/ant-colony-starter-kit-with-ant\/#primaryimage"},"image":{"@id":"https:\/\/antderground.com\/en\/product\/ant-colony-starter-kit-with-ant\/#primaryimage"},"thumbnailUrl":"https:\/\/antderground.com\/wp-content\/uploads\/2023\/07\/Kit-inici-colonia-3d-amb-reina-japonicus.png","datePublished":"2023-07-11T23:09:42+00:00","description":"Ant colony starter kit with Queen camponotus japonicus and 1 to 5 worker ants. An ideal pack to start with your colony of ants. formicarium","breadcrumb":{"@id":"https:\/\/antderground.com\/en\/product\/ant-colony-starter-kit-with-ant\/#breadcrumb"},"inLanguage":"en-US","potentialAction":[{"@type":"ReadAction","target":["https:\/\/antderground.com\/en\/product\/ant-colony-starter-kit-with-ant\/"]}]},{"@type":"ImageObject","inLanguage":"en-US","@id":"https:\/\/antderground.com\/en\/product\/ant-colony-starter-kit-with-ant\/#primaryimage","url":"https:\/\/antderground.com\/wp-content\/uploads\/2023\/07\/Kit-inici-colonia-3d-amb-reina-japonicus.png","contentUrl":"https:\/\/antderground.com\/wp-content\/uploads\/2023\/07\/Kit-inici-colonia-3d-amb-reina-japonicus.png","width":1280,"height":1280,"caption":"antfarm 3D"},{"@type":"BreadcrumbList","@id":"https:\/\/antderground.com\/en\/product\/ant-colony-starter-kit-with-ant\/#breadcrumb","itemListElement":[{"@type":"ListItem","position":1,"name":"Portada","item":"https:\/\/antderground.com\/en\/"},{"@type":"ListItem","position":2,"name":"Products","item":"https:\/\/antderground.com\/en\/myrmecology-store\/"},{"@type":"ListItem","position":3,"name":"Ant colony starter kit + Queen Camponotus japonicus with workers"}]},{"@type":"WebSite","@id":"https:\/\/antderground.com\/en\/#website","url":"https:\/\/antderground.com\/en\/","name":"ANTDERGROUND","description":"Tu tienda de hormigas, gran variedad de hormigueros acr\u00edlicos,madera,arena,3D y mas.. Pide tus hormigas gratis con tu pedido, somos expertos en hormigueros antifugas.","publisher":{"@id":"https:\/\/antderground.com\/en\/#\/schema\/person\/0e322c505e84fe72c65e2f6d08f96b81"},"alternateName":"Antderground","potentialAction":[{"@type":"SearchAction","target":{"@type":"EntryPoint","urlTemplate":"https:\/\/antderground.com\/en\/?s={search_term_string}"},"query-input":{"@type":"PropertyValueSpecification","valueRequired":true,"valueName":"search_term_string"}}],"inLanguage":"en-US"},{"@type":["Person","Organization"],"@id":"https:\/\/antderground.com\/en\/#\/schema\/person\/0e322c505e84fe72c65e2f6d08f96b81","name":"Eric de Antderground","image":{"@type":"ImageObject","inLanguage":"en-US","@id":"https:\/\/secure.gravatar.com\/avatar\/c49a1b9f79216d1498cb73c1e85cd47f4465dda35f2a94c03790d491bd4423c3?s=96&d=mm&r=g","url":"https:\/\/secure.gravatar.com\/avatar\/c49a1b9f79216d1498cb73c1e85cd47f4465dda35f2a94c03790d491bd4423c3?s=96&d=mm&r=g","contentUrl":"https:\/\/secure.gravatar.com\/avatar\/c49a1b9f79216d1498cb73c1e85cd47f4465dda35f2a94c03790d491bd4423c3?s=96&d=mm&r=g","caption":"Eric de Antderground"},"logo":{"@id":"https:\/\/secure.gravatar.com\/avatar\/c49a1b9f79216d1498cb73c1e85cd47f4465dda35f2a94c03790d491bd4423c3?s=96&d=mm&r=g"},"description":"Eric es el especialista y fundador de Antderground, con una amplia trayectoria en artr\u00f3podos y enfocado en la mirmecolog\u00eda y el dise\u00f1o de hormigueros artificiales. Su enfoque combina la innovaci\u00f3n t\u00e9cnica con el respeto por la biolog\u00eda de las hormigas, is\u00f3podos y otros, desarrollando sistemas de nidos modulares 3D y acr\u00edlicos que son referentes para aficionados y profesionales en toda Europa. Su objetivo es facilitar la cr\u00eda de hormigas y otros artr\u00f3podos mediante soluciones seguras y divulgaci\u00f3n de calidad.","sameAs":["https:\/\/antderground.com\/","https:\/\/www.youtube.com\/channel\/UCio72z7TlbufkAthAJIJfPw"]}]}},"_links":{"self":[{"href":"https:\/\/antderground.com\/en\/wp-json\/wp\/v2\/product\/29374","targetHints":{"allow":["GET"]}}],"collection":[{"href":"https:\/\/antderground.com\/en\/wp-json\/wp\/v2\/product"}],"about":[{"href":"https:\/\/antderground.com\/en\/wp-json\/wp\/v2\/types\/product"}],"version-history":[{"count":0,"href":"https:\/\/antderground.com\/en\/wp-json\/wp\/v2\/product\/29374\/revisions"}],"wp:featuredmedia":[{"embeddable":true,"href":"https:\/\/antderground.com\/en\/wp-json\/wp\/v2\/media\/29352"}],"wp:attachment":[{"href":"https:\/\/antderground.com\/en\/wp-json\/wp\/v2\/media?parent=29374"}],"wp:term":[{"taxonomy":"product_brand","embeddable":true,"href":"https:\/\/antderground.com\/en\/wp-json\/wp\/v2\/product_brand?post=29374"},{"taxonomy":"product_cat","embeddable":true,"href":"https:\/\/antderground.com\/en\/wp-json\/wp\/v2\/product_cat?post=29374"},{"taxonomy":"product_tag","embeddable":true,"href":"https:\/\/antderground.com\/en\/wp-json\/wp\/v2\/product_tag?post=29374"}],"curies":[{"name":"wp","href":"https:\/\/api.w.org\/{rel}","templated":true}]}}