{"id":29476,"date":"2023-07-17T12:31:14","date_gmt":"2023-07-17T10:31:14","guid":{"rendered":"https:\/\/www.antderground.com\/producto\/honey-larvae-waxworms-galleria-mellonella\/"},"modified":"2024-02-24T19:39:18","modified_gmt":"2024-02-24T18:39:18","slug":"honey-larvae-waxworms-galleria-mellonella","status":"publish","type":"product","link":"https:\/\/antderground.com\/en\/product\/honey-larvae-waxworms-galleria-mellonella\/","title":{"rendered":"Honey Larvae \/ Waxworms (Galleria Mellonella)"},"content":{"rendered":"<p><strong>Scientific name:<\/strong> Galleria mellonella<\/p>\n<p><strong>Taxonomic classification:<\/strong> Kingdom Animalia, Phylum Arthropoda, Class Insecta, Order Lepidoptera, Family Pyralidae, Genus Galleria.<\/p>\n<p><strong>Geographic distribution:<\/strong> The Wax Moth (Galleria mellonella) is native to Europe but has been introduced to many other parts of the world, including North and South America, Asia, and Oceania.<\/p>\n<p><strong>Physical characteristics:<\/strong> The Wax Moth larvae measure approximately 2.5 to 4 cm in length. They have a yellowish-white body with a black head. The body is segmented with legs and hairs on each segment.<\/p>\n<p><strong>Behavior:<\/strong> Wax Moth larvae feed on materials such as beeswax and other bee products, including pollen, honey, and bee larvae.<\/p>\n<p><strong>Conservation status:<\/strong> There is no specific information available on the conservation status of Galleria mellonella as it is not a species of particular conservation concern.<\/p>\n<p><strong>Additional notes:<\/strong> Wax Moth larvae are used in the animal feed industry as a source of protein for reptiles, birds, and other animals. They are also widely used in scientific research, especially in the fields of immunology and genetics, due to their immune system and ease of laboratory rearing.<\/p>\n","protected":false},"excerpt":{"rendered":"<p>Live food, ideal for ants, the honey worm (Galleria Mellonella) is a widely used food for insects, reptiles and amphibians. It is also a live food widely used in the world of fishing.<\/p>\n","protected":false},"featured_media":29459,"template":"","meta":[],"product_brand":[],"product_cat":[201,663],"product_tag":[],"class_list":{"0":"post-29476","1":"product","2":"type-product","3":"status-publish","4":"has-post-thumbnail","6":"product_cat-food-for-ants","7":"product_cat-live-food","9":"first","10":"outofstock","11":"shipping-taxable","12":"purchasable","13":"product-type-variable"},"yoast_head":"<!-- This site is optimized with the Yoast SEO plugin v27.4 - https:\/\/yoast.com\/product\/yoast-seo-wordpress\/ -->\n<title>Honey Larvae \/ Waxworms (Galleria Mellonella) - ANTDERGROUND<\/title>\n<meta name=\"description\" content=\"Live food, honey worm (Galleria Mellonella) an ideal food for reptiles, amphibians and insects. An ideal food for ants.\" \/>\n<meta name=\"robots\" content=\"index, follow, max-snippet:-1, max-image-preview:large, max-video-preview:-1\" \/>\n<link rel=\"canonical\" href=\"https:\/\/antderground.com\/en\/product\/honey-larvae-waxworms-galleria-mellonella\/\" \/>\n<meta property=\"og:locale\" content=\"en_US\" \/>\n<meta property=\"og:type\" content=\"article\" \/>\n<meta property=\"og:title\" content=\"Honey Larvae \/ Waxworms (Galleria Mellonella) - ANTDERGROUND\" \/>\n<meta property=\"og:description\" content=\"Live food, honey worm (Galleria Mellonella) an ideal food for reptiles, amphibians and insects. An ideal food for ants.\" \/>\n<meta property=\"og:url\" content=\"https:\/\/antderground.com\/en\/product\/honey-larvae-waxworms-galleria-mellonella\/\" \/>\n<meta property=\"og:site_name\" content=\"ANTDERGROUND\" \/>\n<meta property=\"article:modified_time\" content=\"2024-02-24T18:39:18+00:00\" \/>\n<meta property=\"og:image\" content=\"https:\/\/antderground.com\/wp-content\/uploads\/2023\/07\/gusano-de-la-miel-Galleria-Mellonella.jpg\" \/>\n\t<meta property=\"og:image:width\" content=\"1417\" \/>\n\t<meta property=\"og:image:height\" content=\"1417\" \/>\n\t<meta property=\"og:image:type\" content=\"image\/jpeg\" \/>\n<meta name=\"twitter:card\" content=\"summary_large_image\" \/>\n<meta name=\"twitter:label1\" content=\"Est. reading time\" \/>\n\t<meta name=\"twitter:data1\" content=\"1 minute\" \/>\n<script type=\"application\/ld+json\" class=\"yoast-schema-graph\">{\"@context\":\"https:\\\/\\\/schema.org\",\"@graph\":[{\"@type\":\"WebPage\",\"@id\":\"https:\\\/\\\/antderground.com\\\/en\\\/product\\\/honey-larvae-waxworms-galleria-mellonella\\\/\",\"url\":\"https:\\\/\\\/antderground.com\\\/en\\\/product\\\/honey-larvae-waxworms-galleria-mellonella\\\/\",\"name\":\"Honey Larvae \\\/ Waxworms (Galleria Mellonella) - ANTDERGROUND\",\"isPartOf\":{\"@id\":\"https:\\\/\\\/antderground.com\\\/en\\\/#website\"},\"primaryImageOfPage\":{\"@id\":\"https:\\\/\\\/antderground.com\\\/en\\\/product\\\/honey-larvae-waxworms-galleria-mellonella\\\/#primaryimage\"},\"image\":{\"@id\":\"https:\\\/\\\/antderground.com\\\/en\\\/product\\\/honey-larvae-waxworms-galleria-mellonella\\\/#primaryimage\"},\"thumbnailUrl\":\"https:\\\/\\\/antderground.com\\\/wp-content\\\/uploads\\\/2023\\\/07\\\/gusano-de-la-miel-Galleria-Mellonella.jpg\",\"datePublished\":\"2023-07-17T10:31:14+00:00\",\"dateModified\":\"2024-02-24T18:39:18+00:00\",\"description\":\"Live food, honey worm (Galleria Mellonella) an ideal food for reptiles, amphibians and insects. An ideal food for ants.\",\"breadcrumb\":{\"@id\":\"https:\\\/\\\/antderground.com\\\/en\\\/product\\\/honey-larvae-waxworms-galleria-mellonella\\\/#breadcrumb\"},\"inLanguage\":\"en-US\",\"potentialAction\":[{\"@type\":\"ReadAction\",\"target\":[\"https:\\\/\\\/antderground.com\\\/en\\\/product\\\/honey-larvae-waxworms-galleria-mellonella\\\/\"]}]},{\"@type\":\"ImageObject\",\"inLanguage\":\"en-US\",\"@id\":\"https:\\\/\\\/antderground.com\\\/en\\\/product\\\/honey-larvae-waxworms-galleria-mellonella\\\/#primaryimage\",\"url\":\"https:\\\/\\\/antderground.com\\\/wp-content\\\/uploads\\\/2023\\\/07\\\/gusano-de-la-miel-Galleria-Mellonella.jpg\",\"contentUrl\":\"https:\\\/\\\/antderground.com\\\/wp-content\\\/uploads\\\/2023\\\/07\\\/gusano-de-la-miel-Galleria-Mellonella.jpg\",\"width\":1417,\"height\":1417,\"caption\":\"Honey Larvae \\\/ Waxworms (Galleria Mellonella)\"},{\"@type\":\"BreadcrumbList\",\"@id\":\"https:\\\/\\\/antderground.com\\\/en\\\/product\\\/honey-larvae-waxworms-galleria-mellonella\\\/#breadcrumb\",\"itemListElement\":[{\"@type\":\"ListItem\",\"position\":1,\"name\":\"Portada\",\"item\":\"https:\\\/\\\/antderground.com\\\/en\\\/\"},{\"@type\":\"ListItem\",\"position\":2,\"name\":\"Products\",\"item\":\"https:\\\/\\\/antderground.com\\\/en\\\/myrmecology-store\\\/\"},{\"@type\":\"ListItem\",\"position\":3,\"name\":\"Honey Larvae \\\/ Waxworms (Galleria Mellonella)\"}]},{\"@type\":\"WebSite\",\"@id\":\"https:\\\/\\\/antderground.com\\\/en\\\/#website\",\"url\":\"https:\\\/\\\/antderground.com\\\/en\\\/\",\"name\":\"ANTDERGROUND\",\"description\":\"Tu tienda de hormigas, gran variedad de hormigueros acr\u00edlicos,madera,arena,3D y mas.. Pide tus hormigas gratis con tu pedido, somos expertos en hormigueros antifugas.\",\"publisher\":{\"@id\":\"https:\\\/\\\/antderground.com\\\/en\\\/#\\\/schema\\\/person\\\/0e322c505e84fe72c65e2f6d08f96b81\"},\"alternateName\":\"Antderground\",\"potentialAction\":[{\"@type\":\"SearchAction\",\"target\":{\"@type\":\"EntryPoint\",\"urlTemplate\":\"https:\\\/\\\/antderground.com\\\/en\\\/?s={search_term_string}\"},\"query-input\":{\"@type\":\"PropertyValueSpecification\",\"valueRequired\":true,\"valueName\":\"search_term_string\"}}],\"inLanguage\":\"en-US\"},{\"@type\":[\"Person\",\"Organization\"],\"@id\":\"https:\\\/\\\/antderground.com\\\/en\\\/#\\\/schema\\\/person\\\/0e322c505e84fe72c65e2f6d08f96b81\",\"name\":\"Eric de Antderground\",\"image\":{\"@type\":\"ImageObject\",\"inLanguage\":\"en-US\",\"@id\":\"https:\\\/\\\/secure.gravatar.com\\\/avatar\\\/c49a1b9f79216d1498cb73c1e85cd47f4465dda35f2a94c03790d491bd4423c3?s=96&d=mm&r=g\",\"url\":\"https:\\\/\\\/secure.gravatar.com\\\/avatar\\\/c49a1b9f79216d1498cb73c1e85cd47f4465dda35f2a94c03790d491bd4423c3?s=96&d=mm&r=g\",\"contentUrl\":\"https:\\\/\\\/secure.gravatar.com\\\/avatar\\\/c49a1b9f79216d1498cb73c1e85cd47f4465dda35f2a94c03790d491bd4423c3?s=96&d=mm&r=g\",\"caption\":\"Eric de Antderground\"},\"logo\":{\"@id\":\"https:\\\/\\\/secure.gravatar.com\\\/avatar\\\/c49a1b9f79216d1498cb73c1e85cd47f4465dda35f2a94c03790d491bd4423c3?s=96&d=mm&r=g\"},\"description\":\"Eric es el especialista y fundador de Antderground, con una amplia trayectoria en artr\u00f3podos y enfocado en la mirmecolog\u00eda y el dise\u00f1o de hormigueros artificiales. Su enfoque combina la innovaci\u00f3n t\u00e9cnica con el respeto por la biolog\u00eda de las hormigas, is\u00f3podos y otros, desarrollando sistemas de nidos modulares 3D y acr\u00edlicos que son referentes para aficionados y profesionales en toda Europa. Su objetivo es facilitar la cr\u00eda de hormigas y otros artr\u00f3podos mediante soluciones seguras y divulgaci\u00f3n de calidad.\",\"sameAs\":[\"https:\\\/\\\/antderground.com\\\/\",\"https:\\\/\\\/www.youtube.com\\\/channel\\\/UCio72z7TlbufkAthAJIJfPw\"]}]}<\/script>\n<!-- \/ Yoast SEO plugin. -->","yoast_head_json":{"title":"Honey Larvae \/ Waxworms (Galleria Mellonella) - ANTDERGROUND","description":"Live food, honey worm (Galleria Mellonella) an ideal food for reptiles, amphibians and insects. An ideal food for ants.","robots":{"index":"index","follow":"follow","max-snippet":"max-snippet:-1","max-image-preview":"max-image-preview:large","max-video-preview":"max-video-preview:-1"},"canonical":"https:\/\/antderground.com\/en\/product\/honey-larvae-waxworms-galleria-mellonella\/","og_locale":"en_US","og_type":"article","og_title":"Honey Larvae \/ Waxworms (Galleria Mellonella) - ANTDERGROUND","og_description":"Live food, honey worm (Galleria Mellonella) an ideal food for reptiles, amphibians and insects. An ideal food for ants.","og_url":"https:\/\/antderground.com\/en\/product\/honey-larvae-waxworms-galleria-mellonella\/","og_site_name":"ANTDERGROUND","article_modified_time":"2024-02-24T18:39:18+00:00","og_image":[{"width":1417,"height":1417,"url":"https:\/\/antderground.com\/wp-content\/uploads\/2023\/07\/gusano-de-la-miel-Galleria-Mellonella.jpg","type":"image\/jpeg"}],"twitter_card":"summary_large_image","twitter_misc":{"Est. reading time":"1 minute"},"schema":{"@context":"https:\/\/schema.org","@graph":[{"@type":"WebPage","@id":"https:\/\/antderground.com\/en\/product\/honey-larvae-waxworms-galleria-mellonella\/","url":"https:\/\/antderground.com\/en\/product\/honey-larvae-waxworms-galleria-mellonella\/","name":"Honey Larvae \/ Waxworms (Galleria Mellonella) - ANTDERGROUND","isPartOf":{"@id":"https:\/\/antderground.com\/en\/#website"},"primaryImageOfPage":{"@id":"https:\/\/antderground.com\/en\/product\/honey-larvae-waxworms-galleria-mellonella\/#primaryimage"},"image":{"@id":"https:\/\/antderground.com\/en\/product\/honey-larvae-waxworms-galleria-mellonella\/#primaryimage"},"thumbnailUrl":"https:\/\/antderground.com\/wp-content\/uploads\/2023\/07\/gusano-de-la-miel-Galleria-Mellonella.jpg","datePublished":"2023-07-17T10:31:14+00:00","dateModified":"2024-02-24T18:39:18+00:00","description":"Live food, honey worm (Galleria Mellonella) an ideal food for reptiles, amphibians and insects. An ideal food for ants.","breadcrumb":{"@id":"https:\/\/antderground.com\/en\/product\/honey-larvae-waxworms-galleria-mellonella\/#breadcrumb"},"inLanguage":"en-US","potentialAction":[{"@type":"ReadAction","target":["https:\/\/antderground.com\/en\/product\/honey-larvae-waxworms-galleria-mellonella\/"]}]},{"@type":"ImageObject","inLanguage":"en-US","@id":"https:\/\/antderground.com\/en\/product\/honey-larvae-waxworms-galleria-mellonella\/#primaryimage","url":"https:\/\/antderground.com\/wp-content\/uploads\/2023\/07\/gusano-de-la-miel-Galleria-Mellonella.jpg","contentUrl":"https:\/\/antderground.com\/wp-content\/uploads\/2023\/07\/gusano-de-la-miel-Galleria-Mellonella.jpg","width":1417,"height":1417,"caption":"Honey Larvae \/ Waxworms (Galleria Mellonella)"},{"@type":"BreadcrumbList","@id":"https:\/\/antderground.com\/en\/product\/honey-larvae-waxworms-galleria-mellonella\/#breadcrumb","itemListElement":[{"@type":"ListItem","position":1,"name":"Portada","item":"https:\/\/antderground.com\/en\/"},{"@type":"ListItem","position":2,"name":"Products","item":"https:\/\/antderground.com\/en\/myrmecology-store\/"},{"@type":"ListItem","position":3,"name":"Honey Larvae \/ Waxworms (Galleria Mellonella)"}]},{"@type":"WebSite","@id":"https:\/\/antderground.com\/en\/#website","url":"https:\/\/antderground.com\/en\/","name":"ANTDERGROUND","description":"Tu tienda de hormigas, gran variedad de hormigueros acr\u00edlicos,madera,arena,3D y mas.. Pide tus hormigas gratis con tu pedido, somos expertos en hormigueros antifugas.","publisher":{"@id":"https:\/\/antderground.com\/en\/#\/schema\/person\/0e322c505e84fe72c65e2f6d08f96b81"},"alternateName":"Antderground","potentialAction":[{"@type":"SearchAction","target":{"@type":"EntryPoint","urlTemplate":"https:\/\/antderground.com\/en\/?s={search_term_string}"},"query-input":{"@type":"PropertyValueSpecification","valueRequired":true,"valueName":"search_term_string"}}],"inLanguage":"en-US"},{"@type":["Person","Organization"],"@id":"https:\/\/antderground.com\/en\/#\/schema\/person\/0e322c505e84fe72c65e2f6d08f96b81","name":"Eric de Antderground","image":{"@type":"ImageObject","inLanguage":"en-US","@id":"https:\/\/secure.gravatar.com\/avatar\/c49a1b9f79216d1498cb73c1e85cd47f4465dda35f2a94c03790d491bd4423c3?s=96&d=mm&r=g","url":"https:\/\/secure.gravatar.com\/avatar\/c49a1b9f79216d1498cb73c1e85cd47f4465dda35f2a94c03790d491bd4423c3?s=96&d=mm&r=g","contentUrl":"https:\/\/secure.gravatar.com\/avatar\/c49a1b9f79216d1498cb73c1e85cd47f4465dda35f2a94c03790d491bd4423c3?s=96&d=mm&r=g","caption":"Eric de Antderground"},"logo":{"@id":"https:\/\/secure.gravatar.com\/avatar\/c49a1b9f79216d1498cb73c1e85cd47f4465dda35f2a94c03790d491bd4423c3?s=96&d=mm&r=g"},"description":"Eric es el especialista y fundador de Antderground, con una amplia trayectoria en artr\u00f3podos y enfocado en la mirmecolog\u00eda y el dise\u00f1o de hormigueros artificiales. Su enfoque combina la innovaci\u00f3n t\u00e9cnica con el respeto por la biolog\u00eda de las hormigas, is\u00f3podos y otros, desarrollando sistemas de nidos modulares 3D y acr\u00edlicos que son referentes para aficionados y profesionales en toda Europa. Su objetivo es facilitar la cr\u00eda de hormigas y otros artr\u00f3podos mediante soluciones seguras y divulgaci\u00f3n de calidad.","sameAs":["https:\/\/antderground.com\/","https:\/\/www.youtube.com\/channel\/UCio72z7TlbufkAthAJIJfPw"]}]}},"_links":{"self":[{"href":"https:\/\/antderground.com\/en\/wp-json\/wp\/v2\/product\/29476","targetHints":{"allow":["GET"]}}],"collection":[{"href":"https:\/\/antderground.com\/en\/wp-json\/wp\/v2\/product"}],"about":[{"href":"https:\/\/antderground.com\/en\/wp-json\/wp\/v2\/types\/product"}],"version-history":[{"count":0,"href":"https:\/\/antderground.com\/en\/wp-json\/wp\/v2\/product\/29476\/revisions"}],"wp:featuredmedia":[{"embeddable":true,"href":"https:\/\/antderground.com\/en\/wp-json\/wp\/v2\/media\/29459"}],"wp:attachment":[{"href":"https:\/\/antderground.com\/en\/wp-json\/wp\/v2\/media?parent=29476"}],"wp:term":[{"taxonomy":"product_brand","embeddable":true,"href":"https:\/\/antderground.com\/en\/wp-json\/wp\/v2\/product_brand?post=29476"},{"taxonomy":"product_cat","embeddable":true,"href":"https:\/\/antderground.com\/en\/wp-json\/wp\/v2\/product_cat?post=29476"},{"taxonomy":"product_tag","embeddable":true,"href":"https:\/\/antderground.com\/en\/wp-json\/wp\/v2\/product_tag?post=29476"}],"curies":[{"name":"wp","href":"https:\/\/api.w.org\/{rel}","templated":true}]}}