{"id":30308,"date":"2023-09-26T21:32:13","date_gmt":"2023-09-26T19:32:13","guid":{"rendered":"https:\/\/www.antderground.com\/producto\/formicarium-kit-for-leafcutter-ants\/"},"modified":"2024-03-31T23:03:33","modified_gmt":"2024-03-31T21:03:33","slug":"formicarium-kit-for-leafcutter-ants","status":"publish","type":"product","link":"https:\/\/antderground.com\/en\/product\/formicarium-kit-for-leafcutter-ants\/","title":{"rendered":"Formicarium Kit for Leafcutter Ants"},"content":{"rendered":"<p><strong>Are you starting with leafcutter ants?<\/strong><br \/>\nRemember that it is a curious species and requires a lot of care, for this reason Antderground has made its own kit. An ideal kit to start!!<\/p>\n<p><strong>Important points:<\/strong><\/p>\n<ul>\n<li>Ideal for supplying moisture to the fungus during the first months of life, just when it needs a push to get ahead and grow in the ideal conditions until it itself generates the necessary moisture.<\/li>\n<li>Humidity from below.<\/li>\n<li>Physically separated from the fungus area with micro-perforated stainless steel grid, so as not to have to disturb the ants to supply humidity and to avoid damaging the fungus due to handling.<\/li>\n<\/ul>\n<h2>For leafcutter ant species.<\/h2>\n<p>Yeah! As the title itself describes, this kit or pack is designed to start and have an anthill or artificial nest exclusively for these species of ants and other varieties of ants that depend on space to perform certain actions.<\/p>\n<p><strong>Examples of these ant species:<\/strong><\/p>\n<p>Atta.<br \/>\nAcromyrmex.<br \/>\nLeaf cutters in general (Leafcutter ant).<\/p>\n<p>&nbsp;<\/p>\n<h3>Modules for the ant environment.<\/h3>\n<p><strong>What are modules?<\/strong><br \/>\nThe modules are spaces large enough for certain species of ants to initiate and have adequate movement. You could basically say that they are foraging boxes but designed for a special species of ants.<\/p>\n<p><strong>This kit has 3 modules:<\/strong><\/p>\n<ul>\n<li>1 Module for the mushroom is one of the most important parts of this kit with a size of 10 x 10 (cm).<\/li>\n<li>1 Module for foraging area where the ants will have their perfect area with a size of 10 x 8 (cm).<\/li>\n<li>1 Cleaning\/waste module, this module is where these ant species move waste among other tasks, with a size of 10 x 8 (cm).<\/li>\n<\/ul>\n","protected":false},"excerpt":{"rendered":"<p>Starter Set for <strong>Leafcutter ants<\/strong> (Formicarium). A perfect kit to create an ideal environment for these ant species.<\/p>\n<p><strong>Features:<\/strong><\/p>\n<ul>\n<li>1 Module for fungus of 10 x 10 (cm).<\/li>\n<li>1 Module for foraging area of 10 x 8 (cm).<\/li>\n<li>1 Module for cleaning\/waste of 10 x 8 (cm).<\/li>\n<li>2 Acrylic tubes with a diameter of 3 cm.<\/li>\n<li>4 Connectors for acrylic tubes.<\/li>\n<li>Adjustable ventilation caps in the different modules.<\/li>\n<li>20 ml ant drinker (AntiClick version)<\/li>\n<\/ul>\n<p><strong>Important:<\/strong><\/p>\n<p>&#8211; Assembly time is approximately 3 minutes.<br \/>\n&#8211; Delivery may take between 3 days.<br \/>\n&#8211; Ants are not included.<\/p>\n","protected":false},"featured_media":33380,"template":"","meta":[],"product_brand":[],"product_cat":[203,207,372],"product_tag":[],"class_list":{"0":"post-30308","1":"product","2":"type-product","3":"status-publish","4":"has-post-thumbnail","6":"product_cat-foraging-box","7":"product_cat-ant-nests","8":"product_cat-ants-nests-kits","10":"first","11":"instock","12":"sale","13":"shipping-taxable","14":"purchasable","15":"product-type-simple"},"yoast_head":"<!-- This site is optimized with the Yoast SEO plugin v27.3 - https:\/\/yoast.com\/product\/yoast-seo-wordpress\/ -->\n<title>Formicarium Kit for Leafcutter Ants<\/title>\n<meta name=\"description\" content=\"New Ant Farm Kit for Leafcutter Ants, a comprehensive kit with the perfect structure for these ant species. (Leafcutter ant)\" \/>\n<meta name=\"robots\" content=\"index, follow, max-snippet:-1, max-image-preview:large, max-video-preview:-1\" \/>\n<link rel=\"canonical\" href=\"https:\/\/antderground.com\/en\/product\/formicarium-kit-for-leafcutter-ants\/\" \/>\n<meta property=\"og:locale\" content=\"en_US\" \/>\n<meta property=\"og:type\" content=\"article\" \/>\n<meta property=\"og:title\" content=\"Formicarium Kit for Leafcutter Ants\" \/>\n<meta property=\"og:description\" content=\"New Ant Farm Kit for Leafcutter Ants, a comprehensive kit with the perfect structure for these ant species. (Leafcutter ant)\" \/>\n<meta property=\"og:url\" content=\"https:\/\/antderground.com\/en\/product\/formicarium-kit-for-leafcutter-ants\/\" \/>\n<meta property=\"og:site_name\" content=\"ANTDERGROUND\" \/>\n<meta property=\"article:modified_time\" content=\"2024-03-31T21:03:33+00:00\" \/>\n<meta property=\"og:image\" content=\"https:\/\/antderground.com\/wp-content\/uploads\/2023\/09\/Kit-hormiguero-para-cortadoras-de-hojas.jpg\" \/>\n\t<meta property=\"og:image:width\" content=\"1600\" \/>\n\t<meta property=\"og:image:height\" content=\"1553\" \/>\n\t<meta property=\"og:image:type\" content=\"image\/jpeg\" \/>\n<meta name=\"twitter:card\" content=\"summary_large_image\" \/>\n<meta name=\"twitter:label1\" content=\"Est. reading time\" \/>\n\t<meta name=\"twitter:data1\" content=\"1 minute\" \/>\n<script type=\"application\/ld+json\" class=\"yoast-schema-graph\">{\"@context\":\"https:\\\/\\\/schema.org\",\"@graph\":[{\"@type\":\"WebPage\",\"@id\":\"https:\\\/\\\/antderground.com\\\/en\\\/product\\\/formicarium-kit-for-leafcutter-ants\\\/\",\"url\":\"https:\\\/\\\/antderground.com\\\/en\\\/product\\\/formicarium-kit-for-leafcutter-ants\\\/\",\"name\":\"Formicarium Kit for Leafcutter Ants\",\"isPartOf\":{\"@id\":\"https:\\\/\\\/antderground.com\\\/en\\\/#website\"},\"primaryImageOfPage\":{\"@id\":\"https:\\\/\\\/antderground.com\\\/en\\\/product\\\/formicarium-kit-for-leafcutter-ants\\\/#primaryimage\"},\"image\":{\"@id\":\"https:\\\/\\\/antderground.com\\\/en\\\/product\\\/formicarium-kit-for-leafcutter-ants\\\/#primaryimage\"},\"thumbnailUrl\":\"https:\\\/\\\/antderground.com\\\/wp-content\\\/uploads\\\/2023\\\/09\\\/Kit-hormiguero-para-cortadoras-de-hojas.jpg\",\"datePublished\":\"2023-09-26T19:32:13+00:00\",\"dateModified\":\"2024-03-31T21:03:33+00:00\",\"description\":\"New Ant Farm Kit for Leafcutter Ants, a comprehensive kit with the perfect structure for these ant species. (Leafcutter ant)\",\"breadcrumb\":{\"@id\":\"https:\\\/\\\/antderground.com\\\/en\\\/product\\\/formicarium-kit-for-leafcutter-ants\\\/#breadcrumb\"},\"inLanguage\":\"en-US\",\"potentialAction\":[{\"@type\":\"ReadAction\",\"target\":[\"https:\\\/\\\/antderground.com\\\/en\\\/product\\\/formicarium-kit-for-leafcutter-ants\\\/\"]}]},{\"@type\":\"ImageObject\",\"inLanguage\":\"en-US\",\"@id\":\"https:\\\/\\\/antderground.com\\\/en\\\/product\\\/formicarium-kit-for-leafcutter-ants\\\/#primaryimage\",\"url\":\"https:\\\/\\\/antderground.com\\\/wp-content\\\/uploads\\\/2023\\\/09\\\/Kit-hormiguero-para-cortadoras-de-hojas.jpg\",\"contentUrl\":\"https:\\\/\\\/antderground.com\\\/wp-content\\\/uploads\\\/2023\\\/09\\\/Kit-hormiguero-para-cortadoras-de-hojas.jpg\",\"width\":1600,\"height\":1553,\"caption\":\"Anthill kit for leaf cutters\"},{\"@type\":\"BreadcrumbList\",\"@id\":\"https:\\\/\\\/antderground.com\\\/en\\\/product\\\/formicarium-kit-for-leafcutter-ants\\\/#breadcrumb\",\"itemListElement\":[{\"@type\":\"ListItem\",\"position\":1,\"name\":\"Portada\",\"item\":\"https:\\\/\\\/antderground.com\\\/en\\\/\"},{\"@type\":\"ListItem\",\"position\":2,\"name\":\"Products\",\"item\":\"https:\\\/\\\/antderground.com\\\/en\\\/myrmecology-store\\\/\"},{\"@type\":\"ListItem\",\"position\":3,\"name\":\"Formicarium Kit for Leafcutter Ants\"}]},{\"@type\":\"WebSite\",\"@id\":\"https:\\\/\\\/antderground.com\\\/en\\\/#website\",\"url\":\"https:\\\/\\\/antderground.com\\\/en\\\/\",\"name\":\"ANTDERGROUND\",\"description\":\"Tu tienda de hormigas, gran variedad de hormigueros acr\u00edlicos,madera,arena,3D y mas.. Pide tus hormigas gratis con tu pedido, somos expertos en hormigueros antifugas.\",\"publisher\":{\"@id\":\"https:\\\/\\\/antderground.com\\\/en\\\/#\\\/schema\\\/person\\\/0e322c505e84fe72c65e2f6d08f96b81\"},\"alternateName\":\"Antderground\",\"potentialAction\":[{\"@type\":\"SearchAction\",\"target\":{\"@type\":\"EntryPoint\",\"urlTemplate\":\"https:\\\/\\\/antderground.com\\\/en\\\/?s={search_term_string}\"},\"query-input\":{\"@type\":\"PropertyValueSpecification\",\"valueRequired\":true,\"valueName\":\"search_term_string\"}}],\"inLanguage\":\"en-US\"},{\"@type\":[\"Person\",\"Organization\"],\"@id\":\"https:\\\/\\\/antderground.com\\\/en\\\/#\\\/schema\\\/person\\\/0e322c505e84fe72c65e2f6d08f96b81\",\"name\":\"Eric de Antderground\",\"image\":{\"@type\":\"ImageObject\",\"inLanguage\":\"en-US\",\"@id\":\"https:\\\/\\\/secure.gravatar.com\\\/avatar\\\/c49a1b9f79216d1498cb73c1e85cd47f4465dda35f2a94c03790d491bd4423c3?s=96&d=mm&r=g\",\"url\":\"https:\\\/\\\/secure.gravatar.com\\\/avatar\\\/c49a1b9f79216d1498cb73c1e85cd47f4465dda35f2a94c03790d491bd4423c3?s=96&d=mm&r=g\",\"contentUrl\":\"https:\\\/\\\/secure.gravatar.com\\\/avatar\\\/c49a1b9f79216d1498cb73c1e85cd47f4465dda35f2a94c03790d491bd4423c3?s=96&d=mm&r=g\",\"caption\":\"Eric de Antderground\"},\"logo\":{\"@id\":\"https:\\\/\\\/secure.gravatar.com\\\/avatar\\\/c49a1b9f79216d1498cb73c1e85cd47f4465dda35f2a94c03790d491bd4423c3?s=96&d=mm&r=g\"},\"description\":\"Eric es el especialista y fundador de Antderground, con una amplia trayectoria en artr\u00f3podos y enfocado en la mirmecolog\u00eda y el dise\u00f1o de hormigueros artificiales. Su enfoque combina la innovaci\u00f3n t\u00e9cnica con el respeto por la biolog\u00eda de las hormigas, is\u00f3podos y otros, desarrollando sistemas de nidos modulares 3D y acr\u00edlicos que son referentes para aficionados y profesionales en toda Europa. Su objetivo es facilitar la cr\u00eda de hormigas y otros artr\u00f3podos mediante soluciones seguras y divulgaci\u00f3n de calidad.\",\"sameAs\":[\"https:\\\/\\\/antderground.com\\\/\",\"https:\\\/\\\/www.youtube.com\\\/channel\\\/UCio72z7TlbufkAthAJIJfPw\"]}]}<\/script>\n<!-- \/ Yoast SEO plugin. -->","yoast_head_json":{"title":"Formicarium Kit for Leafcutter Ants","description":"New Ant Farm Kit for Leafcutter Ants, a comprehensive kit with the perfect structure for these ant species. (Leafcutter ant)","robots":{"index":"index","follow":"follow","max-snippet":"max-snippet:-1","max-image-preview":"max-image-preview:large","max-video-preview":"max-video-preview:-1"},"canonical":"https:\/\/antderground.com\/en\/product\/formicarium-kit-for-leafcutter-ants\/","og_locale":"en_US","og_type":"article","og_title":"Formicarium Kit for Leafcutter Ants","og_description":"New Ant Farm Kit for Leafcutter Ants, a comprehensive kit with the perfect structure for these ant species. (Leafcutter ant)","og_url":"https:\/\/antderground.com\/en\/product\/formicarium-kit-for-leafcutter-ants\/","og_site_name":"ANTDERGROUND","article_modified_time":"2024-03-31T21:03:33+00:00","og_image":[{"width":1600,"height":1553,"url":"https:\/\/antderground.com\/wp-content\/uploads\/2023\/09\/Kit-hormiguero-para-cortadoras-de-hojas.jpg","type":"image\/jpeg"}],"twitter_card":"summary_large_image","twitter_misc":{"Est. reading time":"1 minute"},"schema":{"@context":"https:\/\/schema.org","@graph":[{"@type":"WebPage","@id":"https:\/\/antderground.com\/en\/product\/formicarium-kit-for-leafcutter-ants\/","url":"https:\/\/antderground.com\/en\/product\/formicarium-kit-for-leafcutter-ants\/","name":"Formicarium Kit for Leafcutter Ants","isPartOf":{"@id":"https:\/\/antderground.com\/en\/#website"},"primaryImageOfPage":{"@id":"https:\/\/antderground.com\/en\/product\/formicarium-kit-for-leafcutter-ants\/#primaryimage"},"image":{"@id":"https:\/\/antderground.com\/en\/product\/formicarium-kit-for-leafcutter-ants\/#primaryimage"},"thumbnailUrl":"https:\/\/antderground.com\/wp-content\/uploads\/2023\/09\/Kit-hormiguero-para-cortadoras-de-hojas.jpg","datePublished":"2023-09-26T19:32:13+00:00","dateModified":"2024-03-31T21:03:33+00:00","description":"New Ant Farm Kit for Leafcutter Ants, a comprehensive kit with the perfect structure for these ant species. (Leafcutter ant)","breadcrumb":{"@id":"https:\/\/antderground.com\/en\/product\/formicarium-kit-for-leafcutter-ants\/#breadcrumb"},"inLanguage":"en-US","potentialAction":[{"@type":"ReadAction","target":["https:\/\/antderground.com\/en\/product\/formicarium-kit-for-leafcutter-ants\/"]}]},{"@type":"ImageObject","inLanguage":"en-US","@id":"https:\/\/antderground.com\/en\/product\/formicarium-kit-for-leafcutter-ants\/#primaryimage","url":"https:\/\/antderground.com\/wp-content\/uploads\/2023\/09\/Kit-hormiguero-para-cortadoras-de-hojas.jpg","contentUrl":"https:\/\/antderground.com\/wp-content\/uploads\/2023\/09\/Kit-hormiguero-para-cortadoras-de-hojas.jpg","width":1600,"height":1553,"caption":"Anthill kit for leaf cutters"},{"@type":"BreadcrumbList","@id":"https:\/\/antderground.com\/en\/product\/formicarium-kit-for-leafcutter-ants\/#breadcrumb","itemListElement":[{"@type":"ListItem","position":1,"name":"Portada","item":"https:\/\/antderground.com\/en\/"},{"@type":"ListItem","position":2,"name":"Products","item":"https:\/\/antderground.com\/en\/myrmecology-store\/"},{"@type":"ListItem","position":3,"name":"Formicarium Kit for Leafcutter Ants"}]},{"@type":"WebSite","@id":"https:\/\/antderground.com\/en\/#website","url":"https:\/\/antderground.com\/en\/","name":"ANTDERGROUND","description":"Tu tienda de hormigas, gran variedad de hormigueros acr\u00edlicos,madera,arena,3D y mas.. Pide tus hormigas gratis con tu pedido, somos expertos en hormigueros antifugas.","publisher":{"@id":"https:\/\/antderground.com\/en\/#\/schema\/person\/0e322c505e84fe72c65e2f6d08f96b81"},"alternateName":"Antderground","potentialAction":[{"@type":"SearchAction","target":{"@type":"EntryPoint","urlTemplate":"https:\/\/antderground.com\/en\/?s={search_term_string}"},"query-input":{"@type":"PropertyValueSpecification","valueRequired":true,"valueName":"search_term_string"}}],"inLanguage":"en-US"},{"@type":["Person","Organization"],"@id":"https:\/\/antderground.com\/en\/#\/schema\/person\/0e322c505e84fe72c65e2f6d08f96b81","name":"Eric de Antderground","image":{"@type":"ImageObject","inLanguage":"en-US","@id":"https:\/\/secure.gravatar.com\/avatar\/c49a1b9f79216d1498cb73c1e85cd47f4465dda35f2a94c03790d491bd4423c3?s=96&d=mm&r=g","url":"https:\/\/secure.gravatar.com\/avatar\/c49a1b9f79216d1498cb73c1e85cd47f4465dda35f2a94c03790d491bd4423c3?s=96&d=mm&r=g","contentUrl":"https:\/\/secure.gravatar.com\/avatar\/c49a1b9f79216d1498cb73c1e85cd47f4465dda35f2a94c03790d491bd4423c3?s=96&d=mm&r=g","caption":"Eric de Antderground"},"logo":{"@id":"https:\/\/secure.gravatar.com\/avatar\/c49a1b9f79216d1498cb73c1e85cd47f4465dda35f2a94c03790d491bd4423c3?s=96&d=mm&r=g"},"description":"Eric es el especialista y fundador de Antderground, con una amplia trayectoria en artr\u00f3podos y enfocado en la mirmecolog\u00eda y el dise\u00f1o de hormigueros artificiales. Su enfoque combina la innovaci\u00f3n t\u00e9cnica con el respeto por la biolog\u00eda de las hormigas, is\u00f3podos y otros, desarrollando sistemas de nidos modulares 3D y acr\u00edlicos que son referentes para aficionados y profesionales en toda Europa. Su objetivo es facilitar la cr\u00eda de hormigas y otros artr\u00f3podos mediante soluciones seguras y divulgaci\u00f3n de calidad.","sameAs":["https:\/\/antderground.com\/","https:\/\/www.youtube.com\/channel\/UCio72z7TlbufkAthAJIJfPw"]}]}},"_links":{"self":[{"href":"https:\/\/antderground.com\/en\/wp-json\/wp\/v2\/product\/30308","targetHints":{"allow":["GET"]}}],"collection":[{"href":"https:\/\/antderground.com\/en\/wp-json\/wp\/v2\/product"}],"about":[{"href":"https:\/\/antderground.com\/en\/wp-json\/wp\/v2\/types\/product"}],"version-history":[{"count":0,"href":"https:\/\/antderground.com\/en\/wp-json\/wp\/v2\/product\/30308\/revisions"}],"wp:featuredmedia":[{"embeddable":true,"href":"https:\/\/antderground.com\/en\/wp-json\/wp\/v2\/media\/33380"}],"wp:attachment":[{"href":"https:\/\/antderground.com\/en\/wp-json\/wp\/v2\/media?parent=30308"}],"wp:term":[{"taxonomy":"product_brand","embeddable":true,"href":"https:\/\/antderground.com\/en\/wp-json\/wp\/v2\/product_brand?post=30308"},{"taxonomy":"product_cat","embeddable":true,"href":"https:\/\/antderground.com\/en\/wp-json\/wp\/v2\/product_cat?post=30308"},{"taxonomy":"product_tag","embeddable":true,"href":"https:\/\/antderground.com\/en\/wp-json\/wp\/v2\/product_tag?post=30308"}],"curies":[{"name":"wp","href":"https:\/\/api.w.org\/{rel}","templated":true}]}}