{"id":30457,"date":"2023-10-10T12:08:30","date_gmt":"2023-10-10T10:08:30","guid":{"rendered":"https:\/\/www.antderground.com\/producto\/create-your-ant-nest-ytong\/"},"modified":"2023-11-30T23:00:06","modified_gmt":"2023-11-30T22:00:06","slug":"create-your-ant-nest-ytong","status":"publish","type":"product","link":"https:\/\/antderground.com\/en\/product\/create-your-ant-nest-ytong\/","title":{"rendered":"Create your ant nest (ytong)"},"content":{"rendered":"<h2>Are you thinking about creating your ant nest?<\/h2>\n<p>Yes? Great! This ant nest is designed for you to create your own galleries.<\/p>\n<h3>Advantages of Creating Your Ant Nest (Ytong) with Your Style!<\/h3>\n<ul>\n<li>Customized design<\/li>\n<li>Replacement parts available in case of errors<\/li>\n<li>Easy to carve (ytong material)<\/li>\n<li>Two connections (you can use connectors or create custom connections).<\/li>\n<\/ul>\n<h4>Are replacement parts available for all the components of the ant nest?<\/h4>\n<p>Yes! There are replacement parts for the structure and ytong!<\/p>\n<h5>Can it be connected to other ant nests or foraging areas?<\/h5>\n<p>Yes! It can be connected to all our Antderground products using connectors. If you want to connect it to unofficial versions, you will need to come up with other inventions. By the way, Antderground now offers tube connectors that you can find in the connectors section of our store to provide you with more connection options.<\/p>\n<p>It comes with a sponge if you want to use it as a humidity system.<\/p>\n<p><strong>**Important:<\/strong> It&#8217;s not a toy! Adult supervision is important at all times. It may contain small parts like screws and other materials!**<\/p>\n","protected":false},"excerpt":{"rendered":"<p>Your Ant Nest! Your Design! Create your own galleries with this fantastic ytong ant nest, easy to carve and shape according to your preferences. Ytong replacements are also available for when you no longer like the design or make any mistakes.<\/p>\n<p><strong>Features:<\/strong><br \/>\n<strong>Interior:<\/strong> 8&#215;8 cm (nest)<br \/>\n<strong>Exterior:<\/strong> 10&#215;8 cm<br \/>\n<strong>Connections:<\/strong> 2<br \/>\n<strong>Material:<\/strong> PLA (3D) \/ Ytong<br \/>\n<strong>Color:<\/strong> Green \/ Ytong (Gray)<br \/>\n<strong>Red Lid:<\/strong> Yes (red color)<\/p>\n","protected":false},"featured_media":30451,"template":"","meta":[],"product_brand":[],"product_cat":[207,554],"product_tag":[],"class_list":{"0":"post-30457","1":"product","2":"type-product","3":"status-publish","4":"has-post-thumbnail","6":"product_cat-ant-nests","7":"product_cat-ytong-nests","9":"first","10":"instock","11":"shipping-taxable","12":"purchasable","13":"product-type-simple"},"yoast_head":"<!-- This site is optimized with the Yoast SEO plugin v27.4 - https:\/\/yoast.com\/product\/yoast-seo-wordpress\/ -->\n<title>Create your ant nest (ytong) - ANTDERGROUND<\/title>\n<meta name=\"description\" content=\"Your Ant Nest! Your Design! Customize the galleries of your ytong ant nest! Personalized and Professional Ant Nests! Your homemade ant nest by Antderground.\" \/>\n<meta name=\"robots\" content=\"index, follow, max-snippet:-1, max-image-preview:large, max-video-preview:-1\" \/>\n<link rel=\"canonical\" href=\"https:\/\/antderground.com\/en\/product\/create-your-ant-nest-ytong\/\" \/>\n<meta property=\"og:locale\" content=\"en_US\" \/>\n<meta property=\"og:type\" content=\"article\" \/>\n<meta property=\"og:title\" content=\"Create your ant nest (ytong) - ANTDERGROUND\" \/>\n<meta property=\"og:description\" content=\"Your Ant Nest! Your Design! Customize the galleries of your ytong ant nest! Personalized and Professional Ant Nests! Your homemade ant nest by Antderground.\" \/>\n<meta property=\"og:url\" content=\"https:\/\/antderground.com\/en\/product\/create-your-ant-nest-ytong\/\" \/>\n<meta property=\"og:site_name\" content=\"ANTDERGROUND\" \/>\n<meta property=\"article:modified_time\" content=\"2023-11-30T22:00:06+00:00\" \/>\n<meta property=\"og:image\" content=\"https:\/\/antderground.com\/wp-content\/uploads\/2023\/10\/crea-tu-hormiguero-ytong.png\" \/>\n\t<meta property=\"og:image:width\" content=\"540\" \/>\n\t<meta property=\"og:image:height\" content=\"540\" \/>\n\t<meta property=\"og:image:type\" content=\"image\/png\" \/>\n<meta name=\"twitter:card\" content=\"summary_large_image\" \/>\n<meta name=\"twitter:label1\" content=\"Est. reading time\" \/>\n\t<meta name=\"twitter:data1\" content=\"1 minute\" \/>\n<script type=\"application\/ld+json\" class=\"yoast-schema-graph\">{\"@context\":\"https:\\\/\\\/schema.org\",\"@graph\":[{\"@type\":\"WebPage\",\"@id\":\"https:\\\/\\\/antderground.com\\\/en\\\/product\\\/create-your-ant-nest-ytong\\\/\",\"url\":\"https:\\\/\\\/antderground.com\\\/en\\\/product\\\/create-your-ant-nest-ytong\\\/\",\"name\":\"Create your ant nest (ytong) - ANTDERGROUND\",\"isPartOf\":{\"@id\":\"https:\\\/\\\/antderground.com\\\/en\\\/#website\"},\"primaryImageOfPage\":{\"@id\":\"https:\\\/\\\/antderground.com\\\/en\\\/product\\\/create-your-ant-nest-ytong\\\/#primaryimage\"},\"image\":{\"@id\":\"https:\\\/\\\/antderground.com\\\/en\\\/product\\\/create-your-ant-nest-ytong\\\/#primaryimage\"},\"thumbnailUrl\":\"https:\\\/\\\/antderground.com\\\/wp-content\\\/uploads\\\/2023\\\/10\\\/crea-tu-hormiguero-ytong.png\",\"datePublished\":\"2023-10-10T10:08:30+00:00\",\"dateModified\":\"2023-11-30T22:00:06+00:00\",\"description\":\"Your Ant Nest! Your Design! Customize the galleries of your ytong ant nest! Personalized and Professional Ant Nests! Your homemade ant nest by Antderground.\",\"breadcrumb\":{\"@id\":\"https:\\\/\\\/antderground.com\\\/en\\\/product\\\/create-your-ant-nest-ytong\\\/#breadcrumb\"},\"inLanguage\":\"en-US\",\"potentialAction\":[{\"@type\":\"ReadAction\",\"target\":[\"https:\\\/\\\/antderground.com\\\/en\\\/product\\\/create-your-ant-nest-ytong\\\/\"]}]},{\"@type\":\"ImageObject\",\"inLanguage\":\"en-US\",\"@id\":\"https:\\\/\\\/antderground.com\\\/en\\\/product\\\/create-your-ant-nest-ytong\\\/#primaryimage\",\"url\":\"https:\\\/\\\/antderground.com\\\/wp-content\\\/uploads\\\/2023\\\/10\\\/crea-tu-hormiguero-ytong.png\",\"contentUrl\":\"https:\\\/\\\/antderground.com\\\/wp-content\\\/uploads\\\/2023\\\/10\\\/crea-tu-hormiguero-ytong.png\",\"width\":540,\"height\":540},{\"@type\":\"BreadcrumbList\",\"@id\":\"https:\\\/\\\/antderground.com\\\/en\\\/product\\\/create-your-ant-nest-ytong\\\/#breadcrumb\",\"itemListElement\":[{\"@type\":\"ListItem\",\"position\":1,\"name\":\"Portada\",\"item\":\"https:\\\/\\\/antderground.com\\\/en\\\/\"},{\"@type\":\"ListItem\",\"position\":2,\"name\":\"Products\",\"item\":\"https:\\\/\\\/antderground.com\\\/en\\\/myrmecology-store\\\/\"},{\"@type\":\"ListItem\",\"position\":3,\"name\":\"Create your ant nest (ytong)\"}]},{\"@type\":\"WebSite\",\"@id\":\"https:\\\/\\\/antderground.com\\\/en\\\/#website\",\"url\":\"https:\\\/\\\/antderground.com\\\/en\\\/\",\"name\":\"ANTDERGROUND\",\"description\":\"Tu tienda de hormigas, gran variedad de hormigueros acr\u00edlicos,madera,arena,3D y mas.. Pide tus hormigas gratis con tu pedido, somos expertos en hormigueros antifugas.\",\"publisher\":{\"@id\":\"https:\\\/\\\/antderground.com\\\/en\\\/#\\\/schema\\\/person\\\/0e322c505e84fe72c65e2f6d08f96b81\"},\"alternateName\":\"Antderground\",\"potentialAction\":[{\"@type\":\"SearchAction\",\"target\":{\"@type\":\"EntryPoint\",\"urlTemplate\":\"https:\\\/\\\/antderground.com\\\/en\\\/?s={search_term_string}\"},\"query-input\":{\"@type\":\"PropertyValueSpecification\",\"valueRequired\":true,\"valueName\":\"search_term_string\"}}],\"inLanguage\":\"en-US\"},{\"@type\":[\"Person\",\"Organization\"],\"@id\":\"https:\\\/\\\/antderground.com\\\/en\\\/#\\\/schema\\\/person\\\/0e322c505e84fe72c65e2f6d08f96b81\",\"name\":\"Eric de Antderground\",\"image\":{\"@type\":\"ImageObject\",\"inLanguage\":\"en-US\",\"@id\":\"https:\\\/\\\/secure.gravatar.com\\\/avatar\\\/c49a1b9f79216d1498cb73c1e85cd47f4465dda35f2a94c03790d491bd4423c3?s=96&d=mm&r=g\",\"url\":\"https:\\\/\\\/secure.gravatar.com\\\/avatar\\\/c49a1b9f79216d1498cb73c1e85cd47f4465dda35f2a94c03790d491bd4423c3?s=96&d=mm&r=g\",\"contentUrl\":\"https:\\\/\\\/secure.gravatar.com\\\/avatar\\\/c49a1b9f79216d1498cb73c1e85cd47f4465dda35f2a94c03790d491bd4423c3?s=96&d=mm&r=g\",\"caption\":\"Eric de Antderground\"},\"logo\":{\"@id\":\"https:\\\/\\\/secure.gravatar.com\\\/avatar\\\/c49a1b9f79216d1498cb73c1e85cd47f4465dda35f2a94c03790d491bd4423c3?s=96&d=mm&r=g\"},\"description\":\"Eric es el especialista y fundador de Antderground, con una amplia trayectoria en artr\u00f3podos y enfocado en la mirmecolog\u00eda y el dise\u00f1o de hormigueros artificiales. Su enfoque combina la innovaci\u00f3n t\u00e9cnica con el respeto por la biolog\u00eda de las hormigas, is\u00f3podos y otros, desarrollando sistemas de nidos modulares 3D y acr\u00edlicos que son referentes para aficionados y profesionales en toda Europa. Su objetivo es facilitar la cr\u00eda de hormigas y otros artr\u00f3podos mediante soluciones seguras y divulgaci\u00f3n de calidad.\",\"sameAs\":[\"https:\\\/\\\/antderground.com\\\/\",\"https:\\\/\\\/www.youtube.com\\\/channel\\\/UCio72z7TlbufkAthAJIJfPw\"]}]}<\/script>\n<!-- \/ Yoast SEO plugin. -->","yoast_head_json":{"title":"Create your ant nest (ytong) - ANTDERGROUND","description":"Your Ant Nest! Your Design! Customize the galleries of your ytong ant nest! Personalized and Professional Ant Nests! Your homemade ant nest by Antderground.","robots":{"index":"index","follow":"follow","max-snippet":"max-snippet:-1","max-image-preview":"max-image-preview:large","max-video-preview":"max-video-preview:-1"},"canonical":"https:\/\/antderground.com\/en\/product\/create-your-ant-nest-ytong\/","og_locale":"en_US","og_type":"article","og_title":"Create your ant nest (ytong) - ANTDERGROUND","og_description":"Your Ant Nest! Your Design! Customize the galleries of your ytong ant nest! Personalized and Professional Ant Nests! Your homemade ant nest by Antderground.","og_url":"https:\/\/antderground.com\/en\/product\/create-your-ant-nest-ytong\/","og_site_name":"ANTDERGROUND","article_modified_time":"2023-11-30T22:00:06+00:00","og_image":[{"width":540,"height":540,"url":"https:\/\/antderground.com\/wp-content\/uploads\/2023\/10\/crea-tu-hormiguero-ytong.png","type":"image\/png"}],"twitter_card":"summary_large_image","twitter_misc":{"Est. reading time":"1 minute"},"schema":{"@context":"https:\/\/schema.org","@graph":[{"@type":"WebPage","@id":"https:\/\/antderground.com\/en\/product\/create-your-ant-nest-ytong\/","url":"https:\/\/antderground.com\/en\/product\/create-your-ant-nest-ytong\/","name":"Create your ant nest (ytong) - ANTDERGROUND","isPartOf":{"@id":"https:\/\/antderground.com\/en\/#website"},"primaryImageOfPage":{"@id":"https:\/\/antderground.com\/en\/product\/create-your-ant-nest-ytong\/#primaryimage"},"image":{"@id":"https:\/\/antderground.com\/en\/product\/create-your-ant-nest-ytong\/#primaryimage"},"thumbnailUrl":"https:\/\/antderground.com\/wp-content\/uploads\/2023\/10\/crea-tu-hormiguero-ytong.png","datePublished":"2023-10-10T10:08:30+00:00","dateModified":"2023-11-30T22:00:06+00:00","description":"Your Ant Nest! Your Design! Customize the galleries of your ytong ant nest! Personalized and Professional Ant Nests! Your homemade ant nest by Antderground.","breadcrumb":{"@id":"https:\/\/antderground.com\/en\/product\/create-your-ant-nest-ytong\/#breadcrumb"},"inLanguage":"en-US","potentialAction":[{"@type":"ReadAction","target":["https:\/\/antderground.com\/en\/product\/create-your-ant-nest-ytong\/"]}]},{"@type":"ImageObject","inLanguage":"en-US","@id":"https:\/\/antderground.com\/en\/product\/create-your-ant-nest-ytong\/#primaryimage","url":"https:\/\/antderground.com\/wp-content\/uploads\/2023\/10\/crea-tu-hormiguero-ytong.png","contentUrl":"https:\/\/antderground.com\/wp-content\/uploads\/2023\/10\/crea-tu-hormiguero-ytong.png","width":540,"height":540},{"@type":"BreadcrumbList","@id":"https:\/\/antderground.com\/en\/product\/create-your-ant-nest-ytong\/#breadcrumb","itemListElement":[{"@type":"ListItem","position":1,"name":"Portada","item":"https:\/\/antderground.com\/en\/"},{"@type":"ListItem","position":2,"name":"Products","item":"https:\/\/antderground.com\/en\/myrmecology-store\/"},{"@type":"ListItem","position":3,"name":"Create your ant nest (ytong)"}]},{"@type":"WebSite","@id":"https:\/\/antderground.com\/en\/#website","url":"https:\/\/antderground.com\/en\/","name":"ANTDERGROUND","description":"Tu tienda de hormigas, gran variedad de hormigueros acr\u00edlicos,madera,arena,3D y mas.. Pide tus hormigas gratis con tu pedido, somos expertos en hormigueros antifugas.","publisher":{"@id":"https:\/\/antderground.com\/en\/#\/schema\/person\/0e322c505e84fe72c65e2f6d08f96b81"},"alternateName":"Antderground","potentialAction":[{"@type":"SearchAction","target":{"@type":"EntryPoint","urlTemplate":"https:\/\/antderground.com\/en\/?s={search_term_string}"},"query-input":{"@type":"PropertyValueSpecification","valueRequired":true,"valueName":"search_term_string"}}],"inLanguage":"en-US"},{"@type":["Person","Organization"],"@id":"https:\/\/antderground.com\/en\/#\/schema\/person\/0e322c505e84fe72c65e2f6d08f96b81","name":"Eric de Antderground","image":{"@type":"ImageObject","inLanguage":"en-US","@id":"https:\/\/secure.gravatar.com\/avatar\/c49a1b9f79216d1498cb73c1e85cd47f4465dda35f2a94c03790d491bd4423c3?s=96&d=mm&r=g","url":"https:\/\/secure.gravatar.com\/avatar\/c49a1b9f79216d1498cb73c1e85cd47f4465dda35f2a94c03790d491bd4423c3?s=96&d=mm&r=g","contentUrl":"https:\/\/secure.gravatar.com\/avatar\/c49a1b9f79216d1498cb73c1e85cd47f4465dda35f2a94c03790d491bd4423c3?s=96&d=mm&r=g","caption":"Eric de Antderground"},"logo":{"@id":"https:\/\/secure.gravatar.com\/avatar\/c49a1b9f79216d1498cb73c1e85cd47f4465dda35f2a94c03790d491bd4423c3?s=96&d=mm&r=g"},"description":"Eric es el especialista y fundador de Antderground, con una amplia trayectoria en artr\u00f3podos y enfocado en la mirmecolog\u00eda y el dise\u00f1o de hormigueros artificiales. Su enfoque combina la innovaci\u00f3n t\u00e9cnica con el respeto por la biolog\u00eda de las hormigas, is\u00f3podos y otros, desarrollando sistemas de nidos modulares 3D y acr\u00edlicos que son referentes para aficionados y profesionales en toda Europa. Su objetivo es facilitar la cr\u00eda de hormigas y otros artr\u00f3podos mediante soluciones seguras y divulgaci\u00f3n de calidad.","sameAs":["https:\/\/antderground.com\/","https:\/\/www.youtube.com\/channel\/UCio72z7TlbufkAthAJIJfPw"]}]}},"_links":{"self":[{"href":"https:\/\/antderground.com\/en\/wp-json\/wp\/v2\/product\/30457","targetHints":{"allow":["GET"]}}],"collection":[{"href":"https:\/\/antderground.com\/en\/wp-json\/wp\/v2\/product"}],"about":[{"href":"https:\/\/antderground.com\/en\/wp-json\/wp\/v2\/types\/product"}],"version-history":[{"count":0,"href":"https:\/\/antderground.com\/en\/wp-json\/wp\/v2\/product\/30457\/revisions"}],"wp:featuredmedia":[{"embeddable":true,"href":"https:\/\/antderground.com\/en\/wp-json\/wp\/v2\/media\/30451"}],"wp:attachment":[{"href":"https:\/\/antderground.com\/en\/wp-json\/wp\/v2\/media?parent=30457"}],"wp:term":[{"taxonomy":"product_brand","embeddable":true,"href":"https:\/\/antderground.com\/en\/wp-json\/wp\/v2\/product_brand?post=30457"},{"taxonomy":"product_cat","embeddable":true,"href":"https:\/\/antderground.com\/en\/wp-json\/wp\/v2\/product_cat?post=30457"},{"taxonomy":"product_tag","embeddable":true,"href":"https:\/\/antderground.com\/en\/wp-json\/wp\/v2\/product_tag?post=30457"}],"curies":[{"name":"wp","href":"https:\/\/api.w.org\/{rel}","templated":true}]}}