{"id":31075,"date":"2023-11-21T18:30:33","date_gmt":"2023-11-21T17:30:33","guid":{"rendered":"https:\/\/www.antderground.com\/producto\/3d-modular-kit-v1-small\/"},"modified":"2023-11-21T18:30:33","modified_gmt":"2023-11-21T17:30:33","slug":"3d-modular-kit-v1-small","status":"publish","type":"product","link":"https:\/\/antderground.com\/en\/product\/3d-modular-kit-v1-small\/","title":{"rendered":"3D Modular Kit (v1) (Small)"},"content":{"rendered":"<p><strong>3D Modular Ant Farm (All-in-One):<br \/>\n<\/strong>Capacity: 20 ml<br \/>\nColor: White \/ Yellow<br \/>\nLid: Included, Red color.<br \/>\nModular: Yes<br \/>\nInternal doors: 4<br \/>\nExternal doors: 4<\/p>\n<p class=\"product_title entry-title wd-entities-title\"><strong>Foraging box:<br \/>\n<\/strong>Color: White.<br \/>\nSize: 10&#215;10 (cm)<br \/>\nStructure: structure created in 3D \/ methacrylate.<br \/>\nVentilation: Yes.<br \/>\nModular: Yes<br \/>\nInputs\/Connections: 4<strong><br \/>\n<\/strong><\/p>\n<p>&nbsp;<\/p>\n","protected":false},"excerpt":{"rendered":"<p>Discover this 3D modular kit (v1) made up of a: 3D modular anthill (all in one) size 10&#215;10 + 10&#215;10 modular foraging box. A perfect ant nest kit to have your ant colony.<\/p>\n<p><strong>Kit Information:<\/strong><br \/>\n1- Modular 3D Ant Nest (all in one) (10&#215;10).<br \/>\n1- Red cover for the ant nest.<br \/>\n1- Modular foraging box (10&#215;10).<br \/>\n1- Modular connector.<\/p>\n","protected":false},"featured_media":31064,"template":"","meta":[],"product_brand":[],"product_cat":[207,372],"product_tag":[],"class_list":{"0":"post-31075","1":"product","2":"type-product","3":"status-publish","4":"has-post-thumbnail","6":"product_cat-ant-nests","7":"product_cat-ants-nests-kits","9":"first","10":"instock","11":"sale","12":"shipping-taxable","13":"purchasable","14":"product-type-simple"},"yoast_head":"<!-- This site is optimized with the Yoast SEO plugin v27.4 - https:\/\/yoast.com\/product\/yoast-seo-wordpress\/ -->\n<title>Modular 3D Ant Nest Kit + Foraging Box (v1) (Small) - ANTDERGROUND<\/title>\n<meta name=\"description\" content=\"This modular kit (v1) includes a 3D modular anthill (all in one) version of size (10x10) + Modular foraging box of size (10x10). Ideal for your ants!\" \/>\n<meta name=\"robots\" content=\"index, follow, max-snippet:-1, max-image-preview:large, max-video-preview:-1\" \/>\n<link rel=\"canonical\" href=\"https:\/\/antderground.com\/en\/product\/3d-modular-kit-v1-small\/\" \/>\n<meta property=\"og:locale\" content=\"en_US\" \/>\n<meta property=\"og:type\" content=\"article\" \/>\n<meta property=\"og:title\" content=\"Modular 3D Ant Nest Kit + Foraging Box (v1) (Small) - ANTDERGROUND\" \/>\n<meta property=\"og:description\" content=\"This modular kit (v1) includes a 3D modular anthill (all in one) version of size (10x10) + Modular foraging box of size (10x10). Ideal for your ants!\" \/>\n<meta property=\"og:url\" content=\"https:\/\/antderground.com\/en\/product\/3d-modular-kit-v1-small\/\" \/>\n<meta property=\"og:site_name\" content=\"ANTDERGROUND\" \/>\n<meta property=\"og:image\" content=\"https:\/\/antderground.com\/wp-content\/uploads\/2023\/11\/pack10x10-hormiguero-3d-nuevo.jpg\" \/>\n\t<meta property=\"og:image:width\" content=\"1280\" \/>\n\t<meta property=\"og:image:height\" content=\"1280\" \/>\n\t<meta property=\"og:image:type\" content=\"image\/jpeg\" \/>\n<meta name=\"twitter:card\" content=\"summary_large_image\" \/>\n<script type=\"application\/ld+json\" class=\"yoast-schema-graph\">{\"@context\":\"https:\\\/\\\/schema.org\",\"@graph\":[{\"@type\":\"WebPage\",\"@id\":\"https:\\\/\\\/antderground.com\\\/en\\\/product\\\/3d-modular-kit-v1-small\\\/\",\"url\":\"https:\\\/\\\/antderground.com\\\/en\\\/product\\\/3d-modular-kit-v1-small\\\/\",\"name\":\"Modular 3D Ant Nest Kit + Foraging Box (v1) (Small) - ANTDERGROUND\",\"isPartOf\":{\"@id\":\"https:\\\/\\\/antderground.com\\\/en\\\/#website\"},\"primaryImageOfPage\":{\"@id\":\"https:\\\/\\\/antderground.com\\\/en\\\/product\\\/3d-modular-kit-v1-small\\\/#primaryimage\"},\"image\":{\"@id\":\"https:\\\/\\\/antderground.com\\\/en\\\/product\\\/3d-modular-kit-v1-small\\\/#primaryimage\"},\"thumbnailUrl\":\"https:\\\/\\\/antderground.com\\\/wp-content\\\/uploads\\\/2023\\\/11\\\/pack10x10-hormiguero-3d-nuevo.jpg\",\"datePublished\":\"2023-11-21T17:30:33+00:00\",\"description\":\"This modular kit (v1) includes a 3D modular anthill (all in one) version of size (10x10) + Modular foraging box of size (10x10). Ideal for your ants!\",\"breadcrumb\":{\"@id\":\"https:\\\/\\\/antderground.com\\\/en\\\/product\\\/3d-modular-kit-v1-small\\\/#breadcrumb\"},\"inLanguage\":\"en-US\",\"potentialAction\":[{\"@type\":\"ReadAction\",\"target\":[\"https:\\\/\\\/antderground.com\\\/en\\\/product\\\/3d-modular-kit-v1-small\\\/\"]}]},{\"@type\":\"ImageObject\",\"inLanguage\":\"en-US\",\"@id\":\"https:\\\/\\\/antderground.com\\\/en\\\/product\\\/3d-modular-kit-v1-small\\\/#primaryimage\",\"url\":\"https:\\\/\\\/antderground.com\\\/wp-content\\\/uploads\\\/2023\\\/11\\\/pack10x10-hormiguero-3d-nuevo.jpg\",\"contentUrl\":\"https:\\\/\\\/antderground.com\\\/wp-content\\\/uploads\\\/2023\\\/11\\\/pack10x10-hormiguero-3d-nuevo.jpg\",\"width\":1280,\"height\":1280,\"caption\":\"new 3d modular kit (anthill + foraging box)\"},{\"@type\":\"BreadcrumbList\",\"@id\":\"https:\\\/\\\/antderground.com\\\/en\\\/product\\\/3d-modular-kit-v1-small\\\/#breadcrumb\",\"itemListElement\":[{\"@type\":\"ListItem\",\"position\":1,\"name\":\"Portada\",\"item\":\"https:\\\/\\\/antderground.com\\\/en\\\/\"},{\"@type\":\"ListItem\",\"position\":2,\"name\":\"Products\",\"item\":\"https:\\\/\\\/antderground.com\\\/en\\\/myrmecology-store\\\/\"},{\"@type\":\"ListItem\",\"position\":3,\"name\":\"3D Modular Kit (v1) (Small)\"}]},{\"@type\":\"WebSite\",\"@id\":\"https:\\\/\\\/antderground.com\\\/en\\\/#website\",\"url\":\"https:\\\/\\\/antderground.com\\\/en\\\/\",\"name\":\"ANTDERGROUND\",\"description\":\"Tu tienda de hormigas, gran variedad de hormigueros acr\u00edlicos,madera,arena,3D y mas.. Pide tus hormigas gratis con tu pedido, somos expertos en hormigueros antifugas.\",\"publisher\":{\"@id\":\"https:\\\/\\\/antderground.com\\\/en\\\/#\\\/schema\\\/person\\\/0e322c505e84fe72c65e2f6d08f96b81\"},\"alternateName\":\"Antderground\",\"potentialAction\":[{\"@type\":\"SearchAction\",\"target\":{\"@type\":\"EntryPoint\",\"urlTemplate\":\"https:\\\/\\\/antderground.com\\\/en\\\/?s={search_term_string}\"},\"query-input\":{\"@type\":\"PropertyValueSpecification\",\"valueRequired\":true,\"valueName\":\"search_term_string\"}}],\"inLanguage\":\"en-US\"},{\"@type\":[\"Person\",\"Organization\"],\"@id\":\"https:\\\/\\\/antderground.com\\\/en\\\/#\\\/schema\\\/person\\\/0e322c505e84fe72c65e2f6d08f96b81\",\"name\":\"Eric de Antderground\",\"image\":{\"@type\":\"ImageObject\",\"inLanguage\":\"en-US\",\"@id\":\"https:\\\/\\\/secure.gravatar.com\\\/avatar\\\/c49a1b9f79216d1498cb73c1e85cd47f4465dda35f2a94c03790d491bd4423c3?s=96&d=mm&r=g\",\"url\":\"https:\\\/\\\/secure.gravatar.com\\\/avatar\\\/c49a1b9f79216d1498cb73c1e85cd47f4465dda35f2a94c03790d491bd4423c3?s=96&d=mm&r=g\",\"contentUrl\":\"https:\\\/\\\/secure.gravatar.com\\\/avatar\\\/c49a1b9f79216d1498cb73c1e85cd47f4465dda35f2a94c03790d491bd4423c3?s=96&d=mm&r=g\",\"caption\":\"Eric de Antderground\"},\"logo\":{\"@id\":\"https:\\\/\\\/secure.gravatar.com\\\/avatar\\\/c49a1b9f79216d1498cb73c1e85cd47f4465dda35f2a94c03790d491bd4423c3?s=96&d=mm&r=g\"},\"description\":\"Eric es el especialista y fundador de Antderground, con una amplia trayectoria en artr\u00f3podos y enfocado en la mirmecolog\u00eda y el dise\u00f1o de hormigueros artificiales. Su enfoque combina la innovaci\u00f3n t\u00e9cnica con el respeto por la biolog\u00eda de las hormigas, is\u00f3podos y otros, desarrollando sistemas de nidos modulares 3D y acr\u00edlicos que son referentes para aficionados y profesionales en toda Europa. Su objetivo es facilitar la cr\u00eda de hormigas y otros artr\u00f3podos mediante soluciones seguras y divulgaci\u00f3n de calidad.\",\"sameAs\":[\"https:\\\/\\\/antderground.com\\\/\",\"https:\\\/\\\/www.youtube.com\\\/channel\\\/UCio72z7TlbufkAthAJIJfPw\"]}]}<\/script>\n<!-- \/ Yoast SEO plugin. -->","yoast_head_json":{"title":"Modular 3D Ant Nest Kit + Foraging Box (v1) (Small) - ANTDERGROUND","description":"This modular kit (v1) includes a 3D modular anthill (all in one) version of size (10x10) + Modular foraging box of size (10x10). Ideal for your ants!","robots":{"index":"index","follow":"follow","max-snippet":"max-snippet:-1","max-image-preview":"max-image-preview:large","max-video-preview":"max-video-preview:-1"},"canonical":"https:\/\/antderground.com\/en\/product\/3d-modular-kit-v1-small\/","og_locale":"en_US","og_type":"article","og_title":"Modular 3D Ant Nest Kit + Foraging Box (v1) (Small) - ANTDERGROUND","og_description":"This modular kit (v1) includes a 3D modular anthill (all in one) version of size (10x10) + Modular foraging box of size (10x10). Ideal for your ants!","og_url":"https:\/\/antderground.com\/en\/product\/3d-modular-kit-v1-small\/","og_site_name":"ANTDERGROUND","og_image":[{"width":1280,"height":1280,"url":"https:\/\/antderground.com\/wp-content\/uploads\/2023\/11\/pack10x10-hormiguero-3d-nuevo.jpg","type":"image\/jpeg"}],"twitter_card":"summary_large_image","schema":{"@context":"https:\/\/schema.org","@graph":[{"@type":"WebPage","@id":"https:\/\/antderground.com\/en\/product\/3d-modular-kit-v1-small\/","url":"https:\/\/antderground.com\/en\/product\/3d-modular-kit-v1-small\/","name":"Modular 3D Ant Nest Kit + Foraging Box (v1) (Small) - ANTDERGROUND","isPartOf":{"@id":"https:\/\/antderground.com\/en\/#website"},"primaryImageOfPage":{"@id":"https:\/\/antderground.com\/en\/product\/3d-modular-kit-v1-small\/#primaryimage"},"image":{"@id":"https:\/\/antderground.com\/en\/product\/3d-modular-kit-v1-small\/#primaryimage"},"thumbnailUrl":"https:\/\/antderground.com\/wp-content\/uploads\/2023\/11\/pack10x10-hormiguero-3d-nuevo.jpg","datePublished":"2023-11-21T17:30:33+00:00","description":"This modular kit (v1) includes a 3D modular anthill (all in one) version of size (10x10) + Modular foraging box of size (10x10). Ideal for your ants!","breadcrumb":{"@id":"https:\/\/antderground.com\/en\/product\/3d-modular-kit-v1-small\/#breadcrumb"},"inLanguage":"en-US","potentialAction":[{"@type":"ReadAction","target":["https:\/\/antderground.com\/en\/product\/3d-modular-kit-v1-small\/"]}]},{"@type":"ImageObject","inLanguage":"en-US","@id":"https:\/\/antderground.com\/en\/product\/3d-modular-kit-v1-small\/#primaryimage","url":"https:\/\/antderground.com\/wp-content\/uploads\/2023\/11\/pack10x10-hormiguero-3d-nuevo.jpg","contentUrl":"https:\/\/antderground.com\/wp-content\/uploads\/2023\/11\/pack10x10-hormiguero-3d-nuevo.jpg","width":1280,"height":1280,"caption":"new 3d modular kit (anthill + foraging box)"},{"@type":"BreadcrumbList","@id":"https:\/\/antderground.com\/en\/product\/3d-modular-kit-v1-small\/#breadcrumb","itemListElement":[{"@type":"ListItem","position":1,"name":"Portada","item":"https:\/\/antderground.com\/en\/"},{"@type":"ListItem","position":2,"name":"Products","item":"https:\/\/antderground.com\/en\/myrmecology-store\/"},{"@type":"ListItem","position":3,"name":"3D Modular Kit (v1) (Small)"}]},{"@type":"WebSite","@id":"https:\/\/antderground.com\/en\/#website","url":"https:\/\/antderground.com\/en\/","name":"ANTDERGROUND","description":"Tu tienda de hormigas, gran variedad de hormigueros acr\u00edlicos,madera,arena,3D y mas.. Pide tus hormigas gratis con tu pedido, somos expertos en hormigueros antifugas.","publisher":{"@id":"https:\/\/antderground.com\/en\/#\/schema\/person\/0e322c505e84fe72c65e2f6d08f96b81"},"alternateName":"Antderground","potentialAction":[{"@type":"SearchAction","target":{"@type":"EntryPoint","urlTemplate":"https:\/\/antderground.com\/en\/?s={search_term_string}"},"query-input":{"@type":"PropertyValueSpecification","valueRequired":true,"valueName":"search_term_string"}}],"inLanguage":"en-US"},{"@type":["Person","Organization"],"@id":"https:\/\/antderground.com\/en\/#\/schema\/person\/0e322c505e84fe72c65e2f6d08f96b81","name":"Eric de Antderground","image":{"@type":"ImageObject","inLanguage":"en-US","@id":"https:\/\/secure.gravatar.com\/avatar\/c49a1b9f79216d1498cb73c1e85cd47f4465dda35f2a94c03790d491bd4423c3?s=96&d=mm&r=g","url":"https:\/\/secure.gravatar.com\/avatar\/c49a1b9f79216d1498cb73c1e85cd47f4465dda35f2a94c03790d491bd4423c3?s=96&d=mm&r=g","contentUrl":"https:\/\/secure.gravatar.com\/avatar\/c49a1b9f79216d1498cb73c1e85cd47f4465dda35f2a94c03790d491bd4423c3?s=96&d=mm&r=g","caption":"Eric de Antderground"},"logo":{"@id":"https:\/\/secure.gravatar.com\/avatar\/c49a1b9f79216d1498cb73c1e85cd47f4465dda35f2a94c03790d491bd4423c3?s=96&d=mm&r=g"},"description":"Eric es el especialista y fundador de Antderground, con una amplia trayectoria en artr\u00f3podos y enfocado en la mirmecolog\u00eda y el dise\u00f1o de hormigueros artificiales. Su enfoque combina la innovaci\u00f3n t\u00e9cnica con el respeto por la biolog\u00eda de las hormigas, is\u00f3podos y otros, desarrollando sistemas de nidos modulares 3D y acr\u00edlicos que son referentes para aficionados y profesionales en toda Europa. Su objetivo es facilitar la cr\u00eda de hormigas y otros artr\u00f3podos mediante soluciones seguras y divulgaci\u00f3n de calidad.","sameAs":["https:\/\/antderground.com\/","https:\/\/www.youtube.com\/channel\/UCio72z7TlbufkAthAJIJfPw"]}]}},"_links":{"self":[{"href":"https:\/\/antderground.com\/en\/wp-json\/wp\/v2\/product\/31075","targetHints":{"allow":["GET"]}}],"collection":[{"href":"https:\/\/antderground.com\/en\/wp-json\/wp\/v2\/product"}],"about":[{"href":"https:\/\/antderground.com\/en\/wp-json\/wp\/v2\/types\/product"}],"version-history":[{"count":0,"href":"https:\/\/antderground.com\/en\/wp-json\/wp\/v2\/product\/31075\/revisions"}],"wp:featuredmedia":[{"embeddable":true,"href":"https:\/\/antderground.com\/en\/wp-json\/wp\/v2\/media\/31064"}],"wp:attachment":[{"href":"https:\/\/antderground.com\/en\/wp-json\/wp\/v2\/media?parent=31075"}],"wp:term":[{"taxonomy":"product_brand","embeddable":true,"href":"https:\/\/antderground.com\/en\/wp-json\/wp\/v2\/product_brand?post=31075"},{"taxonomy":"product_cat","embeddable":true,"href":"https:\/\/antderground.com\/en\/wp-json\/wp\/v2\/product_cat?post=31075"},{"taxonomy":"product_tag","embeddable":true,"href":"https:\/\/antderground.com\/en\/wp-json\/wp\/v2\/product_tag?post=31075"}],"curies":[{"name":"wp","href":"https:\/\/api.w.org\/{rel}","templated":true}]}}