{"id":32226,"date":"2024-01-12T11:49:25","date_gmt":"2024-01-12T10:49:25","guid":{"rendered":"https:\/\/www.antderground.com\/producto\/trichorhina-tomentosa\/"},"modified":"2024-01-12T11:49:25","modified_gmt":"2024-01-12T10:49:25","slug":"trichorhina-tomentosa","status":"publish","type":"product","link":"https:\/\/antderground.com\/en\/product\/trichorhina-tomentosa\/","title":{"rendered":"Trichorhina tomentosa"},"content":{"rendered":"<p>Technical information on Trichorhina tomentosa.<\/p>\n<p>&nbsp;<\/p>\n<p><strong>Scientific Name:<\/strong><\/p>\n<ul>\n<li>Trichorhina tomentosa<\/li>\n<\/ul>\n<p><strong>Common Names:<\/strong><\/p>\n<ul>\n<li>Pill bug<\/li>\n<li>Bicho bolita<\/li>\n<li>White woodlouse<\/li>\n<li>Moisture bug<\/li>\n<\/ul>\n<p><strong>Classification:<\/strong><\/p>\n<ul>\n<li>Kingdom: Animalia<\/li>\n<li>Phylum: Arthropoda<\/li>\n<li>Subphylum: Crustacea<\/li>\n<li>Class: Malacostraca<\/li>\n<li>Order: Isopoda<\/li>\n<li>Family: Trichoniscidae<\/li>\n<li>Genus: Trichorhina<\/li>\n<\/ul>\n<p><strong>Distribution:<\/strong> Originally from North America, it is widely distributed worldwide, especially in moist environments such as organic soils and dark places.<\/p>\n<p><strong>Morphological Description:<\/strong><\/p>\n<ul>\n<li>Size: Adults are approximately 5-8 mm long.<\/li>\n<li>Body: Oval, segmented into several sections, with a resilient exoskeleton.<\/li>\n<li>Color: Usually varies between brown and gray, although some individuals may have a white or light gray tint.<\/li>\n<li>Antennae: Short.<\/li>\n<\/ul>\n<p><strong>Biology and Behavior:<\/strong><\/p>\n<ul>\n<li>Environment: Prefers moist habitats, commonly found in areas with decomposing organic material.<\/li>\n<li>Diet: Detritivore, feeds on decomposing organic material such as plant debris and leaves.<\/li>\n<li>Reproduction: Simple reproductive cycle; females carry eggs in a ventral pouch until they hatch.<\/li>\n<\/ul>\n<p><strong>Utility in the Breeding of Other Animals:<\/strong><\/p>\n<ul>\n<li>Feeding: Ideal as food for other insects and reptiles in captivity due to its natural and nutrient-rich diet.<\/li>\n<li>Maintenance: Easy to care for in controlled environments due to its adaptability to humidity conditions and detritivorous nature.<\/li>\n<\/ul>\n<p><strong>Significance in Research:<\/strong> Used as a model organism in scientific studies, especially in research on animal behavior, ecology, and physiology.<\/p>\n","protected":false},"excerpt":{"rendered":"<p>Discover Trichorhina tomentosa (dwarf mealybug), a live food for small animals such as reptiles or microfauna in bioactive terrariums. It is a food very rich in calcium. Also for ants and insects in general.<\/p>\n<p>* The value (ml) is the total of the tub with the cochineal + substrate.<\/p>\n","protected":false},"featured_media":32154,"template":"","meta":[],"product_brand":[],"product_cat":[201,663,479,485,735],"product_tag":[],"class_list":{"0":"post-32226","1":"product","2":"type-product","3":"status-publish","4":"has-post-thumbnail","6":"product_cat-food-for-ants","7":"product_cat-live-food","8":"product_cat-arthropods","9":"product_cat-isopods","10":"product_cat-trichorhina","12":"first","13":"outofstock","14":"shipping-taxable","15":"purchasable","16":"product-type-variable"},"yoast_head":"<!-- This site is optimized with the Yoast SEO plugin v27.3 - https:\/\/yoast.com\/product\/yoast-seo-wordpress\/ -->\n<title>Trichorhina tomentosa | Ant Food| Insects| Reptiles - ANTDERGROUND<\/title>\n<meta name=\"description\" content=\"Discover Trichorhina tomentosa, an isopod used as live food for insects, ants and small reptiles. Everything for your ants and insects.\" \/>\n<meta name=\"robots\" content=\"index, follow, max-snippet:-1, max-image-preview:large, max-video-preview:-1\" \/>\n<link rel=\"canonical\" href=\"https:\/\/antderground.com\/en\/product\/trichorhina-tomentosa\/\" \/>\n<meta property=\"og:locale\" content=\"en_US\" \/>\n<meta property=\"og:type\" content=\"article\" \/>\n<meta property=\"og:title\" content=\"Trichorhina tomentosa | Ant Food| Insects| Reptiles - ANTDERGROUND\" \/>\n<meta property=\"og:description\" content=\"Discover Trichorhina tomentosa, an isopod used as live food for insects, ants and small reptiles. Everything for your ants and insects.\" \/>\n<meta property=\"og:url\" content=\"https:\/\/antderground.com\/en\/product\/trichorhina-tomentosa\/\" \/>\n<meta property=\"og:site_name\" content=\"ANTDERGROUND\" \/>\n<meta property=\"og:image\" content=\"https:\/\/antderground.com\/wp-content\/uploads\/2024\/01\/Imagen-de-WhatsApp-2024-01-11-a-las-14.03.29_9c802f2d.jpg\" \/>\n\t<meta property=\"og:image:width\" content=\"1417\" \/>\n\t<meta property=\"og:image:height\" content=\"1417\" \/>\n\t<meta property=\"og:image:type\" content=\"image\/jpeg\" \/>\n<meta name=\"twitter:card\" content=\"summary_large_image\" \/>\n<meta name=\"twitter:label1\" content=\"Est. reading time\" \/>\n\t<meta name=\"twitter:data1\" content=\"1 minute\" \/>\n<script type=\"application\/ld+json\" class=\"yoast-schema-graph\">{\"@context\":\"https:\\\/\\\/schema.org\",\"@graph\":[{\"@type\":\"WebPage\",\"@id\":\"https:\\\/\\\/antderground.com\\\/en\\\/product\\\/trichorhina-tomentosa\\\/\",\"url\":\"https:\\\/\\\/antderground.com\\\/en\\\/product\\\/trichorhina-tomentosa\\\/\",\"name\":\"Trichorhina tomentosa | Ant Food| Insects| Reptiles - ANTDERGROUND\",\"isPartOf\":{\"@id\":\"https:\\\/\\\/antderground.com\\\/en\\\/#website\"},\"primaryImageOfPage\":{\"@id\":\"https:\\\/\\\/antderground.com\\\/en\\\/product\\\/trichorhina-tomentosa\\\/#primaryimage\"},\"image\":{\"@id\":\"https:\\\/\\\/antderground.com\\\/en\\\/product\\\/trichorhina-tomentosa\\\/#primaryimage\"},\"thumbnailUrl\":\"https:\\\/\\\/antderground.com\\\/wp-content\\\/uploads\\\/2024\\\/01\\\/Imagen-de-WhatsApp-2024-01-11-a-las-14.03.29_9c802f2d.jpg\",\"datePublished\":\"2024-01-12T10:49:25+00:00\",\"description\":\"Discover Trichorhina tomentosa, an isopod used as live food for insects, ants and small reptiles. Everything for your ants and insects.\",\"breadcrumb\":{\"@id\":\"https:\\\/\\\/antderground.com\\\/en\\\/product\\\/trichorhina-tomentosa\\\/#breadcrumb\"},\"inLanguage\":\"en-US\",\"potentialAction\":[{\"@type\":\"ReadAction\",\"target\":[\"https:\\\/\\\/antderground.com\\\/en\\\/product\\\/trichorhina-tomentosa\\\/\"]}]},{\"@type\":\"ImageObject\",\"inLanguage\":\"en-US\",\"@id\":\"https:\\\/\\\/antderground.com\\\/en\\\/product\\\/trichorhina-tomentosa\\\/#primaryimage\",\"url\":\"https:\\\/\\\/antderground.com\\\/wp-content\\\/uploads\\\/2024\\\/01\\\/Imagen-de-WhatsApp-2024-01-11-a-las-14.03.29_9c802f2d.jpg\",\"contentUrl\":\"https:\\\/\\\/antderground.com\\\/wp-content\\\/uploads\\\/2024\\\/01\\\/Imagen-de-WhatsApp-2024-01-11-a-las-14.03.29_9c802f2d.jpg\",\"width\":1417,\"height\":1417,\"caption\":\"Trichorhina tomentosa\"},{\"@type\":\"BreadcrumbList\",\"@id\":\"https:\\\/\\\/antderground.com\\\/en\\\/product\\\/trichorhina-tomentosa\\\/#breadcrumb\",\"itemListElement\":[{\"@type\":\"ListItem\",\"position\":1,\"name\":\"Portada\",\"item\":\"https:\\\/\\\/antderground.com\\\/en\\\/\"},{\"@type\":\"ListItem\",\"position\":2,\"name\":\"Products\",\"item\":\"https:\\\/\\\/antderground.com\\\/en\\\/myrmecology-store\\\/\"},{\"@type\":\"ListItem\",\"position\":3,\"name\":\"Trichorhina tomentosa\"}]},{\"@type\":\"WebSite\",\"@id\":\"https:\\\/\\\/antderground.com\\\/en\\\/#website\",\"url\":\"https:\\\/\\\/antderground.com\\\/en\\\/\",\"name\":\"ANTDERGROUND\",\"description\":\"Tu tienda de hormigas, gran variedad de hormigueros acr\u00edlicos,madera,arena,3D y mas.. Pide tus hormigas gratis con tu pedido, somos expertos en hormigueros antifugas.\",\"publisher\":{\"@id\":\"https:\\\/\\\/antderground.com\\\/en\\\/#\\\/schema\\\/person\\\/0e322c505e84fe72c65e2f6d08f96b81\"},\"alternateName\":\"Antderground\",\"potentialAction\":[{\"@type\":\"SearchAction\",\"target\":{\"@type\":\"EntryPoint\",\"urlTemplate\":\"https:\\\/\\\/antderground.com\\\/en\\\/?s={search_term_string}\"},\"query-input\":{\"@type\":\"PropertyValueSpecification\",\"valueRequired\":true,\"valueName\":\"search_term_string\"}}],\"inLanguage\":\"en-US\"},{\"@type\":[\"Person\",\"Organization\"],\"@id\":\"https:\\\/\\\/antderground.com\\\/en\\\/#\\\/schema\\\/person\\\/0e322c505e84fe72c65e2f6d08f96b81\",\"name\":\"Eric de Antderground\",\"image\":{\"@type\":\"ImageObject\",\"inLanguage\":\"en-US\",\"@id\":\"https:\\\/\\\/secure.gravatar.com\\\/avatar\\\/c49a1b9f79216d1498cb73c1e85cd47f4465dda35f2a94c03790d491bd4423c3?s=96&d=mm&r=g\",\"url\":\"https:\\\/\\\/secure.gravatar.com\\\/avatar\\\/c49a1b9f79216d1498cb73c1e85cd47f4465dda35f2a94c03790d491bd4423c3?s=96&d=mm&r=g\",\"contentUrl\":\"https:\\\/\\\/secure.gravatar.com\\\/avatar\\\/c49a1b9f79216d1498cb73c1e85cd47f4465dda35f2a94c03790d491bd4423c3?s=96&d=mm&r=g\",\"caption\":\"Eric de Antderground\"},\"logo\":{\"@id\":\"https:\\\/\\\/secure.gravatar.com\\\/avatar\\\/c49a1b9f79216d1498cb73c1e85cd47f4465dda35f2a94c03790d491bd4423c3?s=96&d=mm&r=g\"},\"description\":\"Eric es el especialista y fundador de Antderground, con una amplia trayectoria en artr\u00f3podos y enfocado en la mirmecolog\u00eda y el dise\u00f1o de hormigueros artificiales. Su enfoque combina la innovaci\u00f3n t\u00e9cnica con el respeto por la biolog\u00eda de las hormigas, is\u00f3podos y otros, desarrollando sistemas de nidos modulares 3D y acr\u00edlicos que son referentes para aficionados y profesionales en toda Europa. Su objetivo es facilitar la cr\u00eda de hormigas y otros artr\u00f3podos mediante soluciones seguras y divulgaci\u00f3n de calidad.\",\"sameAs\":[\"https:\\\/\\\/antderground.com\\\/\",\"https:\\\/\\\/www.youtube.com\\\/channel\\\/UCio72z7TlbufkAthAJIJfPw\"]}]}<\/script>\n<!-- \/ Yoast SEO plugin. -->","yoast_head_json":{"title":"Trichorhina tomentosa | Ant Food| Insects| Reptiles - ANTDERGROUND","description":"Discover Trichorhina tomentosa, an isopod used as live food for insects, ants and small reptiles. Everything for your ants and insects.","robots":{"index":"index","follow":"follow","max-snippet":"max-snippet:-1","max-image-preview":"max-image-preview:large","max-video-preview":"max-video-preview:-1"},"canonical":"https:\/\/antderground.com\/en\/product\/trichorhina-tomentosa\/","og_locale":"en_US","og_type":"article","og_title":"Trichorhina tomentosa | Ant Food| Insects| Reptiles - ANTDERGROUND","og_description":"Discover Trichorhina tomentosa, an isopod used as live food for insects, ants and small reptiles. Everything for your ants and insects.","og_url":"https:\/\/antderground.com\/en\/product\/trichorhina-tomentosa\/","og_site_name":"ANTDERGROUND","og_image":[{"width":1417,"height":1417,"url":"https:\/\/antderground.com\/wp-content\/uploads\/2024\/01\/Imagen-de-WhatsApp-2024-01-11-a-las-14.03.29_9c802f2d.jpg","type":"image\/jpeg"}],"twitter_card":"summary_large_image","twitter_misc":{"Est. reading time":"1 minute"},"schema":{"@context":"https:\/\/schema.org","@graph":[{"@type":"WebPage","@id":"https:\/\/antderground.com\/en\/product\/trichorhina-tomentosa\/","url":"https:\/\/antderground.com\/en\/product\/trichorhina-tomentosa\/","name":"Trichorhina tomentosa | Ant Food| Insects| Reptiles - ANTDERGROUND","isPartOf":{"@id":"https:\/\/antderground.com\/en\/#website"},"primaryImageOfPage":{"@id":"https:\/\/antderground.com\/en\/product\/trichorhina-tomentosa\/#primaryimage"},"image":{"@id":"https:\/\/antderground.com\/en\/product\/trichorhina-tomentosa\/#primaryimage"},"thumbnailUrl":"https:\/\/antderground.com\/wp-content\/uploads\/2024\/01\/Imagen-de-WhatsApp-2024-01-11-a-las-14.03.29_9c802f2d.jpg","datePublished":"2024-01-12T10:49:25+00:00","description":"Discover Trichorhina tomentosa, an isopod used as live food for insects, ants and small reptiles. Everything for your ants and insects.","breadcrumb":{"@id":"https:\/\/antderground.com\/en\/product\/trichorhina-tomentosa\/#breadcrumb"},"inLanguage":"en-US","potentialAction":[{"@type":"ReadAction","target":["https:\/\/antderground.com\/en\/product\/trichorhina-tomentosa\/"]}]},{"@type":"ImageObject","inLanguage":"en-US","@id":"https:\/\/antderground.com\/en\/product\/trichorhina-tomentosa\/#primaryimage","url":"https:\/\/antderground.com\/wp-content\/uploads\/2024\/01\/Imagen-de-WhatsApp-2024-01-11-a-las-14.03.29_9c802f2d.jpg","contentUrl":"https:\/\/antderground.com\/wp-content\/uploads\/2024\/01\/Imagen-de-WhatsApp-2024-01-11-a-las-14.03.29_9c802f2d.jpg","width":1417,"height":1417,"caption":"Trichorhina tomentosa"},{"@type":"BreadcrumbList","@id":"https:\/\/antderground.com\/en\/product\/trichorhina-tomentosa\/#breadcrumb","itemListElement":[{"@type":"ListItem","position":1,"name":"Portada","item":"https:\/\/antderground.com\/en\/"},{"@type":"ListItem","position":2,"name":"Products","item":"https:\/\/antderground.com\/en\/myrmecology-store\/"},{"@type":"ListItem","position":3,"name":"Trichorhina tomentosa"}]},{"@type":"WebSite","@id":"https:\/\/antderground.com\/en\/#website","url":"https:\/\/antderground.com\/en\/","name":"ANTDERGROUND","description":"Tu tienda de hormigas, gran variedad de hormigueros acr\u00edlicos,madera,arena,3D y mas.. Pide tus hormigas gratis con tu pedido, somos expertos en hormigueros antifugas.","publisher":{"@id":"https:\/\/antderground.com\/en\/#\/schema\/person\/0e322c505e84fe72c65e2f6d08f96b81"},"alternateName":"Antderground","potentialAction":[{"@type":"SearchAction","target":{"@type":"EntryPoint","urlTemplate":"https:\/\/antderground.com\/en\/?s={search_term_string}"},"query-input":{"@type":"PropertyValueSpecification","valueRequired":true,"valueName":"search_term_string"}}],"inLanguage":"en-US"},{"@type":["Person","Organization"],"@id":"https:\/\/antderground.com\/en\/#\/schema\/person\/0e322c505e84fe72c65e2f6d08f96b81","name":"Eric de Antderground","image":{"@type":"ImageObject","inLanguage":"en-US","@id":"https:\/\/secure.gravatar.com\/avatar\/c49a1b9f79216d1498cb73c1e85cd47f4465dda35f2a94c03790d491bd4423c3?s=96&d=mm&r=g","url":"https:\/\/secure.gravatar.com\/avatar\/c49a1b9f79216d1498cb73c1e85cd47f4465dda35f2a94c03790d491bd4423c3?s=96&d=mm&r=g","contentUrl":"https:\/\/secure.gravatar.com\/avatar\/c49a1b9f79216d1498cb73c1e85cd47f4465dda35f2a94c03790d491bd4423c3?s=96&d=mm&r=g","caption":"Eric de Antderground"},"logo":{"@id":"https:\/\/secure.gravatar.com\/avatar\/c49a1b9f79216d1498cb73c1e85cd47f4465dda35f2a94c03790d491bd4423c3?s=96&d=mm&r=g"},"description":"Eric es el especialista y fundador de Antderground, con una amplia trayectoria en artr\u00f3podos y enfocado en la mirmecolog\u00eda y el dise\u00f1o de hormigueros artificiales. Su enfoque combina la innovaci\u00f3n t\u00e9cnica con el respeto por la biolog\u00eda de las hormigas, is\u00f3podos y otros, desarrollando sistemas de nidos modulares 3D y acr\u00edlicos que son referentes para aficionados y profesionales en toda Europa. Su objetivo es facilitar la cr\u00eda de hormigas y otros artr\u00f3podos mediante soluciones seguras y divulgaci\u00f3n de calidad.","sameAs":["https:\/\/antderground.com\/","https:\/\/www.youtube.com\/channel\/UCio72z7TlbufkAthAJIJfPw"]}]}},"_links":{"self":[{"href":"https:\/\/antderground.com\/en\/wp-json\/wp\/v2\/product\/32226","targetHints":{"allow":["GET"]}}],"collection":[{"href":"https:\/\/antderground.com\/en\/wp-json\/wp\/v2\/product"}],"about":[{"href":"https:\/\/antderground.com\/en\/wp-json\/wp\/v2\/types\/product"}],"version-history":[{"count":0,"href":"https:\/\/antderground.com\/en\/wp-json\/wp\/v2\/product\/32226\/revisions"}],"wp:featuredmedia":[{"embeddable":true,"href":"https:\/\/antderground.com\/en\/wp-json\/wp\/v2\/media\/32154"}],"wp:attachment":[{"href":"https:\/\/antderground.com\/en\/wp-json\/wp\/v2\/media?parent=32226"}],"wp:term":[{"taxonomy":"product_brand","embeddable":true,"href":"https:\/\/antderground.com\/en\/wp-json\/wp\/v2\/product_brand?post=32226"},{"taxonomy":"product_cat","embeddable":true,"href":"https:\/\/antderground.com\/en\/wp-json\/wp\/v2\/product_cat?post=32226"},{"taxonomy":"product_tag","embeddable":true,"href":"https:\/\/antderground.com\/en\/wp-json\/wp\/v2\/product_tag?post=32226"}],"curies":[{"name":"wp","href":"https:\/\/api.w.org\/{rel}","templated":true}]}}