{"id":32479,"date":"2024-02-01T15:32:00","date_gmt":"2024-02-01T14:32:00","guid":{"rendered":"https:\/\/www.antderground.com\/producto\/acromyrmex-lundii\/"},"modified":"2025-02-06T15:03:49","modified_gmt":"2025-02-06T14:03:49","slug":"acromyrmex-lundii","status":"publish","type":"product","link":"https:\/\/antderground.com\/en\/product\/acromyrmex-lundii\/","title":{"rendered":"Acromyrmex lundii"},"content":{"rendered":"<h2>Technical details of the ant Acromyrmex lundii<\/h2>\n<p><strong>Scientific name:<\/strong> Acromyrmex lundii<br \/>\n<strong>Common name:<\/strong> Leaf-cutter ant<\/p>\n<p><strong>Taxonomic classification:<\/strong><\/p>\n<ul>\n<li>Kingdom: Animalia<\/li>\n<li>Phylum: Arthropoda<\/li>\n<li>Class: Insecta<\/li>\n<li>Order: Hymenoptera<\/li>\n<li>Family: Formicidae<\/li>\n<li>Genus: Acromyrmex<\/li>\n<li>Species: A. lundii<\/li>\n<\/ul>\n<p><strong>Geographical distribution:<\/strong> It is mainly found in regions of South America, including parts of Argentina, Brazil, Paraguay, and Uruguay.<\/p>\n<p><strong>Physical description:<\/strong><\/p>\n<ul>\n<li>Size: Workers measure around 5 to 8 millimeters long, while queens can reach up to 15 millimeters.<\/li>\n<li>Color: Workers are generally black, while queens may have lighter tones on their abdomen.<\/li>\n<\/ul>\n<p><strong>Biology:<\/strong><\/p>\n<ul>\n<li>Colony type: Acromyrmex lundii forms highly organized and complex colonies.<\/li>\n<li>Feeding: They are known as leaf-cutter ants due to their habit of cutting pieces of leaves, which they then use to cultivate fungi in their nests, which constitute their main source of food.<\/li>\n<li>Life cycle: The colony is composed of workers, males, and one or more queens. Queens are responsible for laying eggs, which are then cared for and fed by the workers until they become new adult ants.<\/li>\n<li>Behavior: They are highly social and cooperative, working together to perform various tasks within the nest, such as leaf collection, caring for the brood, and defending the territory.<\/li>\n<\/ul>\n<p><strong>Ecological importance:<\/strong> A. lundii plays an important role in the ecosystems where it lives, contributing to the decomposition of organic matter and serving as a food source for other organisms.<\/p>\n","protected":false},"excerpt":{"rendered":"<p>Discover the exotic ant Acromyrmex lundii! Renowned for its ingenious fungus agriculture, this species offers you the chance to witness how it creates a unique habitat and transforms your space into a captivating ecosystem! \ud83c\udf43\ud83d\udc1c<\/p>\n<p><strong>Important:<\/strong> The image is indicative, each fungus is different in shape and size.<\/p>\n","protected":false},"featured_media":32464,"template":"","meta":[],"product_brand":[],"product_cat":[206,475],"product_tag":[],"class_list":{"0":"post-32479","1":"product","2":"type-product","3":"status-publish","4":"has-post-thumbnail","6":"product_cat-ants","7":"product_cat-exotic-ants","9":"first","10":"outofstock","11":"shipping-taxable","12":"purchasable","13":"product-type-variable"},"yoast_head":"<!-- This site is optimized with the Yoast SEO plugin v27.3 - https:\/\/yoast.com\/product\/yoast-seo-wordpress\/ -->\n<title>Acromyrmex lundii | Exotic leafcutter ants - ANTDERGROUND<\/title>\n<meta name=\"description\" content=\"Discover the exotic ant Acromyrmex lundii known for being a leaf-cutter ant. Create your own ant colony with its fungus!! ;-)\" \/>\n<meta name=\"robots\" content=\"index, follow, max-snippet:-1, max-image-preview:large, max-video-preview:-1\" \/>\n<link rel=\"canonical\" href=\"https:\/\/antderground.com\/en\/product\/acromyrmex-lundii\/\" \/>\n<meta property=\"og:locale\" content=\"en_US\" \/>\n<meta property=\"og:type\" content=\"article\" \/>\n<meta property=\"og:title\" content=\"Acromyrmex lundii | Exotic leafcutter ants - ANTDERGROUND\" \/>\n<meta property=\"og:description\" content=\"Discover the exotic ant Acromyrmex lundii known for being a leaf-cutter ant. Create your own ant colony with its fungus!! ;-)\" \/>\n<meta property=\"og:url\" content=\"https:\/\/antderground.com\/en\/product\/acromyrmex-lundii\/\" \/>\n<meta property=\"og:site_name\" content=\"ANTDERGROUND\" \/>\n<meta property=\"article:modified_time\" content=\"2025-02-06T14:03:49+00:00\" \/>\n<meta property=\"og:image\" content=\"https:\/\/antderground.com\/wp-content\/uploads\/2024\/02\/Imagen-de-WhatsApp-2024-02-01-a-las-10.30.40_968c9a4d.jpg\" \/>\n\t<meta property=\"og:image:width\" content=\"1417\" \/>\n\t<meta property=\"og:image:height\" content=\"1417\" \/>\n\t<meta property=\"og:image:type\" content=\"image\/jpeg\" \/>\n<meta name=\"twitter:card\" content=\"summary_large_image\" \/>\n<meta name=\"twitter:label1\" content=\"Est. reading time\" \/>\n\t<meta name=\"twitter:data1\" content=\"1 minute\" \/>\n<script type=\"application\/ld+json\" class=\"yoast-schema-graph\">{\"@context\":\"https:\\\/\\\/schema.org\",\"@graph\":[{\"@type\":\"WebPage\",\"@id\":\"https:\\\/\\\/antderground.com\\\/en\\\/product\\\/acromyrmex-lundii\\\/\",\"url\":\"https:\\\/\\\/antderground.com\\\/en\\\/product\\\/acromyrmex-lundii\\\/\",\"name\":\"Acromyrmex lundii | Exotic leafcutter ants - ANTDERGROUND\",\"isPartOf\":{\"@id\":\"https:\\\/\\\/antderground.com\\\/en\\\/#website\"},\"primaryImageOfPage\":{\"@id\":\"https:\\\/\\\/antderground.com\\\/en\\\/product\\\/acromyrmex-lundii\\\/#primaryimage\"},\"image\":{\"@id\":\"https:\\\/\\\/antderground.com\\\/en\\\/product\\\/acromyrmex-lundii\\\/#primaryimage\"},\"thumbnailUrl\":\"https:\\\/\\\/antderground.com\\\/wp-content\\\/uploads\\\/2024\\\/02\\\/Imagen-de-WhatsApp-2024-02-01-a-las-10.30.40_968c9a4d.jpg\",\"datePublished\":\"2024-02-01T14:32:00+00:00\",\"dateModified\":\"2025-02-06T14:03:49+00:00\",\"description\":\"Discover the exotic ant Acromyrmex lundii known for being a leaf-cutter ant. Create your own ant colony with its fungus!! ;-)\",\"breadcrumb\":{\"@id\":\"https:\\\/\\\/antderground.com\\\/en\\\/product\\\/acromyrmex-lundii\\\/#breadcrumb\"},\"inLanguage\":\"en-US\",\"potentialAction\":[{\"@type\":\"ReadAction\",\"target\":[\"https:\\\/\\\/antderground.com\\\/en\\\/product\\\/acromyrmex-lundii\\\/\"]}]},{\"@type\":\"ImageObject\",\"inLanguage\":\"en-US\",\"@id\":\"https:\\\/\\\/antderground.com\\\/en\\\/product\\\/acromyrmex-lundii\\\/#primaryimage\",\"url\":\"https:\\\/\\\/antderground.com\\\/wp-content\\\/uploads\\\/2024\\\/02\\\/Imagen-de-WhatsApp-2024-02-01-a-las-10.30.40_968c9a4d.jpg\",\"contentUrl\":\"https:\\\/\\\/antderground.com\\\/wp-content\\\/uploads\\\/2024\\\/02\\\/Imagen-de-WhatsApp-2024-02-01-a-las-10.30.40_968c9a4d.jpg\",\"width\":1417,\"height\":1417,\"caption\":\"Acromyrmex lundii\"},{\"@type\":\"BreadcrumbList\",\"@id\":\"https:\\\/\\\/antderground.com\\\/en\\\/product\\\/acromyrmex-lundii\\\/#breadcrumb\",\"itemListElement\":[{\"@type\":\"ListItem\",\"position\":1,\"name\":\"Portada\",\"item\":\"https:\\\/\\\/antderground.com\\\/en\\\/\"},{\"@type\":\"ListItem\",\"position\":2,\"name\":\"Products\",\"item\":\"https:\\\/\\\/antderground.com\\\/en\\\/myrmecology-store\\\/\"},{\"@type\":\"ListItem\",\"position\":3,\"name\":\"Acromyrmex lundii\"}]},{\"@type\":\"WebSite\",\"@id\":\"https:\\\/\\\/antderground.com\\\/en\\\/#website\",\"url\":\"https:\\\/\\\/antderground.com\\\/en\\\/\",\"name\":\"ANTDERGROUND\",\"description\":\"Tu tienda de hormigas, gran variedad de hormigueros acr\u00edlicos,madera,arena,3D y mas.. Pide tus hormigas gratis con tu pedido, somos expertos en hormigueros antifugas.\",\"publisher\":{\"@id\":\"https:\\\/\\\/antderground.com\\\/en\\\/#\\\/schema\\\/person\\\/0e322c505e84fe72c65e2f6d08f96b81\"},\"alternateName\":\"Antderground\",\"potentialAction\":[{\"@type\":\"SearchAction\",\"target\":{\"@type\":\"EntryPoint\",\"urlTemplate\":\"https:\\\/\\\/antderground.com\\\/en\\\/?s={search_term_string}\"},\"query-input\":{\"@type\":\"PropertyValueSpecification\",\"valueRequired\":true,\"valueName\":\"search_term_string\"}}],\"inLanguage\":\"en-US\"},{\"@type\":[\"Person\",\"Organization\"],\"@id\":\"https:\\\/\\\/antderground.com\\\/en\\\/#\\\/schema\\\/person\\\/0e322c505e84fe72c65e2f6d08f96b81\",\"name\":\"Eric de Antderground\",\"image\":{\"@type\":\"ImageObject\",\"inLanguage\":\"en-US\",\"@id\":\"https:\\\/\\\/secure.gravatar.com\\\/avatar\\\/c49a1b9f79216d1498cb73c1e85cd47f4465dda35f2a94c03790d491bd4423c3?s=96&d=mm&r=g\",\"url\":\"https:\\\/\\\/secure.gravatar.com\\\/avatar\\\/c49a1b9f79216d1498cb73c1e85cd47f4465dda35f2a94c03790d491bd4423c3?s=96&d=mm&r=g\",\"contentUrl\":\"https:\\\/\\\/secure.gravatar.com\\\/avatar\\\/c49a1b9f79216d1498cb73c1e85cd47f4465dda35f2a94c03790d491bd4423c3?s=96&d=mm&r=g\",\"caption\":\"Eric de Antderground\"},\"logo\":{\"@id\":\"https:\\\/\\\/secure.gravatar.com\\\/avatar\\\/c49a1b9f79216d1498cb73c1e85cd47f4465dda35f2a94c03790d491bd4423c3?s=96&d=mm&r=g\"},\"description\":\"Eric es el especialista y fundador de Antderground, con una amplia trayectoria en artr\u00f3podos y enfocado en la mirmecolog\u00eda y el dise\u00f1o de hormigueros artificiales. Su enfoque combina la innovaci\u00f3n t\u00e9cnica con el respeto por la biolog\u00eda de las hormigas, is\u00f3podos y otros, desarrollando sistemas de nidos modulares 3D y acr\u00edlicos que son referentes para aficionados y profesionales en toda Europa. Su objetivo es facilitar la cr\u00eda de hormigas y otros artr\u00f3podos mediante soluciones seguras y divulgaci\u00f3n de calidad.\",\"sameAs\":[\"https:\\\/\\\/antderground.com\\\/\",\"https:\\\/\\\/www.youtube.com\\\/channel\\\/UCio72z7TlbufkAthAJIJfPw\"]}]}<\/script>\n<!-- \/ Yoast SEO plugin. -->","yoast_head_json":{"title":"Acromyrmex lundii | Exotic leafcutter ants - ANTDERGROUND","description":"Discover the exotic ant Acromyrmex lundii known for being a leaf-cutter ant. Create your own ant colony with its fungus!! ;-)","robots":{"index":"index","follow":"follow","max-snippet":"max-snippet:-1","max-image-preview":"max-image-preview:large","max-video-preview":"max-video-preview:-1"},"canonical":"https:\/\/antderground.com\/en\/product\/acromyrmex-lundii\/","og_locale":"en_US","og_type":"article","og_title":"Acromyrmex lundii | Exotic leafcutter ants - ANTDERGROUND","og_description":"Discover the exotic ant Acromyrmex lundii known for being a leaf-cutter ant. Create your own ant colony with its fungus!! ;-)","og_url":"https:\/\/antderground.com\/en\/product\/acromyrmex-lundii\/","og_site_name":"ANTDERGROUND","article_modified_time":"2025-02-06T14:03:49+00:00","og_image":[{"width":1417,"height":1417,"url":"https:\/\/antderground.com\/wp-content\/uploads\/2024\/02\/Imagen-de-WhatsApp-2024-02-01-a-las-10.30.40_968c9a4d.jpg","type":"image\/jpeg"}],"twitter_card":"summary_large_image","twitter_misc":{"Est. reading time":"1 minute"},"schema":{"@context":"https:\/\/schema.org","@graph":[{"@type":"WebPage","@id":"https:\/\/antderground.com\/en\/product\/acromyrmex-lundii\/","url":"https:\/\/antderground.com\/en\/product\/acromyrmex-lundii\/","name":"Acromyrmex lundii | Exotic leafcutter ants - ANTDERGROUND","isPartOf":{"@id":"https:\/\/antderground.com\/en\/#website"},"primaryImageOfPage":{"@id":"https:\/\/antderground.com\/en\/product\/acromyrmex-lundii\/#primaryimage"},"image":{"@id":"https:\/\/antderground.com\/en\/product\/acromyrmex-lundii\/#primaryimage"},"thumbnailUrl":"https:\/\/antderground.com\/wp-content\/uploads\/2024\/02\/Imagen-de-WhatsApp-2024-02-01-a-las-10.30.40_968c9a4d.jpg","datePublished":"2024-02-01T14:32:00+00:00","dateModified":"2025-02-06T14:03:49+00:00","description":"Discover the exotic ant Acromyrmex lundii known for being a leaf-cutter ant. Create your own ant colony with its fungus!! ;-)","breadcrumb":{"@id":"https:\/\/antderground.com\/en\/product\/acromyrmex-lundii\/#breadcrumb"},"inLanguage":"en-US","potentialAction":[{"@type":"ReadAction","target":["https:\/\/antderground.com\/en\/product\/acromyrmex-lundii\/"]}]},{"@type":"ImageObject","inLanguage":"en-US","@id":"https:\/\/antderground.com\/en\/product\/acromyrmex-lundii\/#primaryimage","url":"https:\/\/antderground.com\/wp-content\/uploads\/2024\/02\/Imagen-de-WhatsApp-2024-02-01-a-las-10.30.40_968c9a4d.jpg","contentUrl":"https:\/\/antderground.com\/wp-content\/uploads\/2024\/02\/Imagen-de-WhatsApp-2024-02-01-a-las-10.30.40_968c9a4d.jpg","width":1417,"height":1417,"caption":"Acromyrmex lundii"},{"@type":"BreadcrumbList","@id":"https:\/\/antderground.com\/en\/product\/acromyrmex-lundii\/#breadcrumb","itemListElement":[{"@type":"ListItem","position":1,"name":"Portada","item":"https:\/\/antderground.com\/en\/"},{"@type":"ListItem","position":2,"name":"Products","item":"https:\/\/antderground.com\/en\/myrmecology-store\/"},{"@type":"ListItem","position":3,"name":"Acromyrmex lundii"}]},{"@type":"WebSite","@id":"https:\/\/antderground.com\/en\/#website","url":"https:\/\/antderground.com\/en\/","name":"ANTDERGROUND","description":"Tu tienda de hormigas, gran variedad de hormigueros acr\u00edlicos,madera,arena,3D y mas.. Pide tus hormigas gratis con tu pedido, somos expertos en hormigueros antifugas.","publisher":{"@id":"https:\/\/antderground.com\/en\/#\/schema\/person\/0e322c505e84fe72c65e2f6d08f96b81"},"alternateName":"Antderground","potentialAction":[{"@type":"SearchAction","target":{"@type":"EntryPoint","urlTemplate":"https:\/\/antderground.com\/en\/?s={search_term_string}"},"query-input":{"@type":"PropertyValueSpecification","valueRequired":true,"valueName":"search_term_string"}}],"inLanguage":"en-US"},{"@type":["Person","Organization"],"@id":"https:\/\/antderground.com\/en\/#\/schema\/person\/0e322c505e84fe72c65e2f6d08f96b81","name":"Eric de Antderground","image":{"@type":"ImageObject","inLanguage":"en-US","@id":"https:\/\/secure.gravatar.com\/avatar\/c49a1b9f79216d1498cb73c1e85cd47f4465dda35f2a94c03790d491bd4423c3?s=96&d=mm&r=g","url":"https:\/\/secure.gravatar.com\/avatar\/c49a1b9f79216d1498cb73c1e85cd47f4465dda35f2a94c03790d491bd4423c3?s=96&d=mm&r=g","contentUrl":"https:\/\/secure.gravatar.com\/avatar\/c49a1b9f79216d1498cb73c1e85cd47f4465dda35f2a94c03790d491bd4423c3?s=96&d=mm&r=g","caption":"Eric de Antderground"},"logo":{"@id":"https:\/\/secure.gravatar.com\/avatar\/c49a1b9f79216d1498cb73c1e85cd47f4465dda35f2a94c03790d491bd4423c3?s=96&d=mm&r=g"},"description":"Eric es el especialista y fundador de Antderground, con una amplia trayectoria en artr\u00f3podos y enfocado en la mirmecolog\u00eda y el dise\u00f1o de hormigueros artificiales. Su enfoque combina la innovaci\u00f3n t\u00e9cnica con el respeto por la biolog\u00eda de las hormigas, is\u00f3podos y otros, desarrollando sistemas de nidos modulares 3D y acr\u00edlicos que son referentes para aficionados y profesionales en toda Europa. Su objetivo es facilitar la cr\u00eda de hormigas y otros artr\u00f3podos mediante soluciones seguras y divulgaci\u00f3n de calidad.","sameAs":["https:\/\/antderground.com\/","https:\/\/www.youtube.com\/channel\/UCio72z7TlbufkAthAJIJfPw"]}]}},"_links":{"self":[{"href":"https:\/\/antderground.com\/en\/wp-json\/wp\/v2\/product\/32479","targetHints":{"allow":["GET"]}}],"collection":[{"href":"https:\/\/antderground.com\/en\/wp-json\/wp\/v2\/product"}],"about":[{"href":"https:\/\/antderground.com\/en\/wp-json\/wp\/v2\/types\/product"}],"version-history":[{"count":0,"href":"https:\/\/antderground.com\/en\/wp-json\/wp\/v2\/product\/32479\/revisions"}],"wp:featuredmedia":[{"embeddable":true,"href":"https:\/\/antderground.com\/en\/wp-json\/wp\/v2\/media\/32464"}],"wp:attachment":[{"href":"https:\/\/antderground.com\/en\/wp-json\/wp\/v2\/media?parent=32479"}],"wp:term":[{"taxonomy":"product_brand","embeddable":true,"href":"https:\/\/antderground.com\/en\/wp-json\/wp\/v2\/product_brand?post=32479"},{"taxonomy":"product_cat","embeddable":true,"href":"https:\/\/antderground.com\/en\/wp-json\/wp\/v2\/product_cat?post=32479"},{"taxonomy":"product_tag","embeddable":true,"href":"https:\/\/antderground.com\/en\/wp-json\/wp\/v2\/product_tag?post=32479"}],"curies":[{"name":"wp","href":"https:\/\/api.w.org\/{rel}","templated":true}]}}