{"id":32768,"date":"2024-02-14T16:29:06","date_gmt":"2024-02-14T15:29:06","guid":{"rendered":"https:\/\/www.antderground.com\/producto\/hymenopus-coronatus\/"},"modified":"2025-01-08T02:40:13","modified_gmt":"2025-01-08T01:40:13","slug":"hymenopus-coronatus","status":"publish","type":"product","link":"https:\/\/antderground.com\/en\/product\/hymenopus-coronatus\/","title":{"rendered":"Hymenopus coronatus"},"content":{"rendered":"<p>The <strong>orchid mantis<\/strong> (<em>Hymenopus coronatus<\/em>) is a fascinating species of insect that belongs to the order Mantodea. Its common name, &#8220;orchid mantis&#8221;, is due to its surprising ability to blend in with orchid flowers, allowing it to stalk its prey effectively.<\/p>\n<h2>Technical data sheet on the orchid mantis (Hymenopus coronatus)<\/h2>\n<p><strong>Scientific Name:<\/strong> Hymenopus coronatus<\/p>\n<p><strong>Common Name:<\/strong> Orchid Mantis<\/p>\n<p><strong>Taxonomic Classification:<\/strong><\/p>\n<p>Kingdom: Animalia<br \/>\nPhylum: Arthropoda<br \/>\nClass: Insecta<br \/>\nOrder: Mantodea<br \/>\nFamily: Hymenopodidae<br \/>\nGenus: Hymenopus<br \/>\nSpecies: H. coronatus<\/p>\n<p><strong>Geographical Distribution:<\/strong> Native to tropical regions of Southeast Asia, including countries such as Malaysia, Indonesia, and Thailand.<\/p>\n<p><strong>Physical Description:<\/strong><\/p>\n<p>The orchid mantis exhibits extraordinary mimicry, with a body resembling the petals and sepals of orchids.<\/p>\n<p>Its coloration can vary from soft pink to white and purple, allowing it to blend perfectly among flowers.<\/p>\n<p>It has long, slender forelegs adapted for catching prey.<\/p>\n<p><strong>Behavior and Feeding:<\/strong><\/p>\n<p>Orchid mantises are voracious predators feeding primarily on other insects.<\/p>\n<p>They use their floral mimicry to ambush prey, remaining motionless until an insect comes close enough to be captured with their forelegs.<\/p>\n<p><strong>Reproduction:<\/strong><\/p>\n<p>Reproduction follows the general mantis pattern, with the female depositing eggs in an ootheca that she protects until the nymphs hatch.<\/p>\n<p><strong>Habitat and Ecology:<\/strong><\/p>\n<p>Inhabits tropical and subtropical areas, particularly humid forests and tropical jungles.<\/p>\n<p>Prefers environments with abundant vegetation where it can easily camouflage among flowers.<\/p>\n","protected":false},"excerpt":{"rendered":"<p>The <strong>orchid mantis<\/strong> is an astonishing example of adaptation and camouflage in the animal kingdom, and its ability to mimic flowers is a fascinating showcase of the diversity and complexity of nature.<\/p>\n<p><strong>Price by unit.<\/strong><\/p>\n","protected":false},"featured_media":32751,"template":"","meta":[],"product_brand":[],"product_cat":[479,577],"product_tag":[569],"class_list":{"0":"post-32768","1":"product","2":"type-product","3":"status-publish","4":"has-post-thumbnail","6":"product_cat-arthropods","7":"product_cat-mantodea-en","8":"product_tag-mantis-en","10":"first","11":"outofstock","12":"shipping-taxable","13":"purchasable","14":"product-type-variable"},"yoast_head":"<!-- This site is optimized with the Yoast SEO plugin v27.4 - https:\/\/yoast.com\/product\/yoast-seo-wordpress\/ -->\n<title>Hymenopus coronatus (Orchid mantis) | Mantodea - ANTDERGROUND<\/title>\n<meta name=\"description\" content=\"Discover the orchid mantis (Hymenopus coronatus) is a fascinating species of insect that belongs to the order Mantodea. Your Mantis and insect store!\" \/>\n<meta name=\"robots\" content=\"index, follow, max-snippet:-1, max-image-preview:large, max-video-preview:-1\" \/>\n<link rel=\"canonical\" href=\"https:\/\/antderground.com\/en\/product\/hymenopus-coronatus\/\" \/>\n<meta property=\"og:locale\" content=\"en_US\" \/>\n<meta property=\"og:type\" content=\"article\" \/>\n<meta property=\"og:title\" content=\"Hymenopus coronatus (Orchid mantis) | Mantodea - ANTDERGROUND\" \/>\n<meta property=\"og:description\" content=\"Discover the orchid mantis (Hymenopus coronatus) is a fascinating species of insect that belongs to the order Mantodea. Your Mantis and insect store!\" \/>\n<meta property=\"og:url\" content=\"https:\/\/antderground.com\/en\/product\/hymenopus-coronatus\/\" \/>\n<meta property=\"og:site_name\" content=\"ANTDERGROUND\" \/>\n<meta property=\"article:modified_time\" content=\"2025-01-08T01:40:13+00:00\" \/>\n<meta property=\"og:image\" content=\"https:\/\/antderground.com\/wp-content\/uploads\/2024\/02\/Hymenopus-coronatus-mantis-orquidea.jpg\" \/>\n\t<meta property=\"og:image:width\" content=\"1126\" \/>\n\t<meta property=\"og:image:height\" content=\"1126\" \/>\n\t<meta property=\"og:image:type\" content=\"image\/jpeg\" \/>\n<meta name=\"twitter:card\" content=\"summary_large_image\" \/>\n<meta name=\"twitter:label1\" content=\"Est. reading time\" \/>\n\t<meta name=\"twitter:data1\" content=\"1 minute\" \/>\n<script type=\"application\/ld+json\" class=\"yoast-schema-graph\">{\"@context\":\"https:\\\/\\\/schema.org\",\"@graph\":[{\"@type\":\"WebPage\",\"@id\":\"https:\\\/\\\/antderground.com\\\/en\\\/product\\\/hymenopus-coronatus\\\/\",\"url\":\"https:\\\/\\\/antderground.com\\\/en\\\/product\\\/hymenopus-coronatus\\\/\",\"name\":\"Hymenopus coronatus (Orchid mantis) | Mantodea - ANTDERGROUND\",\"isPartOf\":{\"@id\":\"https:\\\/\\\/antderground.com\\\/en\\\/#website\"},\"primaryImageOfPage\":{\"@id\":\"https:\\\/\\\/antderground.com\\\/en\\\/product\\\/hymenopus-coronatus\\\/#primaryimage\"},\"image\":{\"@id\":\"https:\\\/\\\/antderground.com\\\/en\\\/product\\\/hymenopus-coronatus\\\/#primaryimage\"},\"thumbnailUrl\":\"https:\\\/\\\/antderground.com\\\/wp-content\\\/uploads\\\/2024\\\/02\\\/Hymenopus-coronatus-mantis-orquidea.jpg\",\"datePublished\":\"2024-02-14T15:29:06+00:00\",\"dateModified\":\"2025-01-08T01:40:13+00:00\",\"description\":\"Discover the orchid mantis (Hymenopus coronatus) is a fascinating species of insect that belongs to the order Mantodea. Your Mantis and insect store!\",\"breadcrumb\":{\"@id\":\"https:\\\/\\\/antderground.com\\\/en\\\/product\\\/hymenopus-coronatus\\\/#breadcrumb\"},\"inLanguage\":\"en-US\",\"potentialAction\":[{\"@type\":\"ReadAction\",\"target\":[\"https:\\\/\\\/antderground.com\\\/en\\\/product\\\/hymenopus-coronatus\\\/\"]}]},{\"@type\":\"ImageObject\",\"inLanguage\":\"en-US\",\"@id\":\"https:\\\/\\\/antderground.com\\\/en\\\/product\\\/hymenopus-coronatus\\\/#primaryimage\",\"url\":\"https:\\\/\\\/antderground.com\\\/wp-content\\\/uploads\\\/2024\\\/02\\\/Hymenopus-coronatus-mantis-orquidea.jpg\",\"contentUrl\":\"https:\\\/\\\/antderground.com\\\/wp-content\\\/uploads\\\/2024\\\/02\\\/Hymenopus-coronatus-mantis-orquidea.jpg\",\"width\":1126,\"height\":1126,\"caption\":\"Hymenopus-coronatus-orchid mantis\"},{\"@type\":\"BreadcrumbList\",\"@id\":\"https:\\\/\\\/antderground.com\\\/en\\\/product\\\/hymenopus-coronatus\\\/#breadcrumb\",\"itemListElement\":[{\"@type\":\"ListItem\",\"position\":1,\"name\":\"Portada\",\"item\":\"https:\\\/\\\/antderground.com\\\/en\\\/\"},{\"@type\":\"ListItem\",\"position\":2,\"name\":\"Products\",\"item\":\"https:\\\/\\\/antderground.com\\\/en\\\/myrmecology-store\\\/\"},{\"@type\":\"ListItem\",\"position\":3,\"name\":\"Hymenopus coronatus\"}]},{\"@type\":\"WebSite\",\"@id\":\"https:\\\/\\\/antderground.com\\\/en\\\/#website\",\"url\":\"https:\\\/\\\/antderground.com\\\/en\\\/\",\"name\":\"ANTDERGROUND\",\"description\":\"Tu tienda de hormigas, gran variedad de hormigueros acr\u00edlicos,madera,arena,3D y mas.. Pide tus hormigas gratis con tu pedido, somos expertos en hormigueros antifugas.\",\"publisher\":{\"@id\":\"https:\\\/\\\/antderground.com\\\/en\\\/#\\\/schema\\\/person\\\/0e322c505e84fe72c65e2f6d08f96b81\"},\"alternateName\":\"Antderground\",\"potentialAction\":[{\"@type\":\"SearchAction\",\"target\":{\"@type\":\"EntryPoint\",\"urlTemplate\":\"https:\\\/\\\/antderground.com\\\/en\\\/?s={search_term_string}\"},\"query-input\":{\"@type\":\"PropertyValueSpecification\",\"valueRequired\":true,\"valueName\":\"search_term_string\"}}],\"inLanguage\":\"en-US\"},{\"@type\":[\"Person\",\"Organization\"],\"@id\":\"https:\\\/\\\/antderground.com\\\/en\\\/#\\\/schema\\\/person\\\/0e322c505e84fe72c65e2f6d08f96b81\",\"name\":\"Eric de Antderground\",\"image\":{\"@type\":\"ImageObject\",\"inLanguage\":\"en-US\",\"@id\":\"https:\\\/\\\/secure.gravatar.com\\\/avatar\\\/c49a1b9f79216d1498cb73c1e85cd47f4465dda35f2a94c03790d491bd4423c3?s=96&d=mm&r=g\",\"url\":\"https:\\\/\\\/secure.gravatar.com\\\/avatar\\\/c49a1b9f79216d1498cb73c1e85cd47f4465dda35f2a94c03790d491bd4423c3?s=96&d=mm&r=g\",\"contentUrl\":\"https:\\\/\\\/secure.gravatar.com\\\/avatar\\\/c49a1b9f79216d1498cb73c1e85cd47f4465dda35f2a94c03790d491bd4423c3?s=96&d=mm&r=g\",\"caption\":\"Eric de Antderground\"},\"logo\":{\"@id\":\"https:\\\/\\\/secure.gravatar.com\\\/avatar\\\/c49a1b9f79216d1498cb73c1e85cd47f4465dda35f2a94c03790d491bd4423c3?s=96&d=mm&r=g\"},\"description\":\"Eric es el especialista y fundador de Antderground, con una amplia trayectoria en artr\u00f3podos y enfocado en la mirmecolog\u00eda y el dise\u00f1o de hormigueros artificiales. Su enfoque combina la innovaci\u00f3n t\u00e9cnica con el respeto por la biolog\u00eda de las hormigas, is\u00f3podos y otros, desarrollando sistemas de nidos modulares 3D y acr\u00edlicos que son referentes para aficionados y profesionales en toda Europa. Su objetivo es facilitar la cr\u00eda de hormigas y otros artr\u00f3podos mediante soluciones seguras y divulgaci\u00f3n de calidad.\",\"sameAs\":[\"https:\\\/\\\/antderground.com\\\/\",\"https:\\\/\\\/www.youtube.com\\\/channel\\\/UCio72z7TlbufkAthAJIJfPw\"]}]}<\/script>\n<!-- \/ Yoast SEO plugin. -->","yoast_head_json":{"title":"Hymenopus coronatus (Orchid mantis) | Mantodea - ANTDERGROUND","description":"Discover the orchid mantis (Hymenopus coronatus) is a fascinating species of insect that belongs to the order Mantodea. Your Mantis and insect store!","robots":{"index":"index","follow":"follow","max-snippet":"max-snippet:-1","max-image-preview":"max-image-preview:large","max-video-preview":"max-video-preview:-1"},"canonical":"https:\/\/antderground.com\/en\/product\/hymenopus-coronatus\/","og_locale":"en_US","og_type":"article","og_title":"Hymenopus coronatus (Orchid mantis) | Mantodea - ANTDERGROUND","og_description":"Discover the orchid mantis (Hymenopus coronatus) is a fascinating species of insect that belongs to the order Mantodea. Your Mantis and insect store!","og_url":"https:\/\/antderground.com\/en\/product\/hymenopus-coronatus\/","og_site_name":"ANTDERGROUND","article_modified_time":"2025-01-08T01:40:13+00:00","og_image":[{"width":1126,"height":1126,"url":"https:\/\/antderground.com\/wp-content\/uploads\/2024\/02\/Hymenopus-coronatus-mantis-orquidea.jpg","type":"image\/jpeg"}],"twitter_card":"summary_large_image","twitter_misc":{"Est. reading time":"1 minute"},"schema":{"@context":"https:\/\/schema.org","@graph":[{"@type":"WebPage","@id":"https:\/\/antderground.com\/en\/product\/hymenopus-coronatus\/","url":"https:\/\/antderground.com\/en\/product\/hymenopus-coronatus\/","name":"Hymenopus coronatus (Orchid mantis) | Mantodea - ANTDERGROUND","isPartOf":{"@id":"https:\/\/antderground.com\/en\/#website"},"primaryImageOfPage":{"@id":"https:\/\/antderground.com\/en\/product\/hymenopus-coronatus\/#primaryimage"},"image":{"@id":"https:\/\/antderground.com\/en\/product\/hymenopus-coronatus\/#primaryimage"},"thumbnailUrl":"https:\/\/antderground.com\/wp-content\/uploads\/2024\/02\/Hymenopus-coronatus-mantis-orquidea.jpg","datePublished":"2024-02-14T15:29:06+00:00","dateModified":"2025-01-08T01:40:13+00:00","description":"Discover the orchid mantis (Hymenopus coronatus) is a fascinating species of insect that belongs to the order Mantodea. Your Mantis and insect store!","breadcrumb":{"@id":"https:\/\/antderground.com\/en\/product\/hymenopus-coronatus\/#breadcrumb"},"inLanguage":"en-US","potentialAction":[{"@type":"ReadAction","target":["https:\/\/antderground.com\/en\/product\/hymenopus-coronatus\/"]}]},{"@type":"ImageObject","inLanguage":"en-US","@id":"https:\/\/antderground.com\/en\/product\/hymenopus-coronatus\/#primaryimage","url":"https:\/\/antderground.com\/wp-content\/uploads\/2024\/02\/Hymenopus-coronatus-mantis-orquidea.jpg","contentUrl":"https:\/\/antderground.com\/wp-content\/uploads\/2024\/02\/Hymenopus-coronatus-mantis-orquidea.jpg","width":1126,"height":1126,"caption":"Hymenopus-coronatus-orchid mantis"},{"@type":"BreadcrumbList","@id":"https:\/\/antderground.com\/en\/product\/hymenopus-coronatus\/#breadcrumb","itemListElement":[{"@type":"ListItem","position":1,"name":"Portada","item":"https:\/\/antderground.com\/en\/"},{"@type":"ListItem","position":2,"name":"Products","item":"https:\/\/antderground.com\/en\/myrmecology-store\/"},{"@type":"ListItem","position":3,"name":"Hymenopus coronatus"}]},{"@type":"WebSite","@id":"https:\/\/antderground.com\/en\/#website","url":"https:\/\/antderground.com\/en\/","name":"ANTDERGROUND","description":"Tu tienda de hormigas, gran variedad de hormigueros acr\u00edlicos,madera,arena,3D y mas.. Pide tus hormigas gratis con tu pedido, somos expertos en hormigueros antifugas.","publisher":{"@id":"https:\/\/antderground.com\/en\/#\/schema\/person\/0e322c505e84fe72c65e2f6d08f96b81"},"alternateName":"Antderground","potentialAction":[{"@type":"SearchAction","target":{"@type":"EntryPoint","urlTemplate":"https:\/\/antderground.com\/en\/?s={search_term_string}"},"query-input":{"@type":"PropertyValueSpecification","valueRequired":true,"valueName":"search_term_string"}}],"inLanguage":"en-US"},{"@type":["Person","Organization"],"@id":"https:\/\/antderground.com\/en\/#\/schema\/person\/0e322c505e84fe72c65e2f6d08f96b81","name":"Eric de Antderground","image":{"@type":"ImageObject","inLanguage":"en-US","@id":"https:\/\/secure.gravatar.com\/avatar\/c49a1b9f79216d1498cb73c1e85cd47f4465dda35f2a94c03790d491bd4423c3?s=96&d=mm&r=g","url":"https:\/\/secure.gravatar.com\/avatar\/c49a1b9f79216d1498cb73c1e85cd47f4465dda35f2a94c03790d491bd4423c3?s=96&d=mm&r=g","contentUrl":"https:\/\/secure.gravatar.com\/avatar\/c49a1b9f79216d1498cb73c1e85cd47f4465dda35f2a94c03790d491bd4423c3?s=96&d=mm&r=g","caption":"Eric de Antderground"},"logo":{"@id":"https:\/\/secure.gravatar.com\/avatar\/c49a1b9f79216d1498cb73c1e85cd47f4465dda35f2a94c03790d491bd4423c3?s=96&d=mm&r=g"},"description":"Eric es el especialista y fundador de Antderground, con una amplia trayectoria en artr\u00f3podos y enfocado en la mirmecolog\u00eda y el dise\u00f1o de hormigueros artificiales. Su enfoque combina la innovaci\u00f3n t\u00e9cnica con el respeto por la biolog\u00eda de las hormigas, is\u00f3podos y otros, desarrollando sistemas de nidos modulares 3D y acr\u00edlicos que son referentes para aficionados y profesionales en toda Europa. Su objetivo es facilitar la cr\u00eda de hormigas y otros artr\u00f3podos mediante soluciones seguras y divulgaci\u00f3n de calidad.","sameAs":["https:\/\/antderground.com\/","https:\/\/www.youtube.com\/channel\/UCio72z7TlbufkAthAJIJfPw"]}]}},"_links":{"self":[{"href":"https:\/\/antderground.com\/en\/wp-json\/wp\/v2\/product\/32768","targetHints":{"allow":["GET"]}}],"collection":[{"href":"https:\/\/antderground.com\/en\/wp-json\/wp\/v2\/product"}],"about":[{"href":"https:\/\/antderground.com\/en\/wp-json\/wp\/v2\/types\/product"}],"version-history":[{"count":0,"href":"https:\/\/antderground.com\/en\/wp-json\/wp\/v2\/product\/32768\/revisions"}],"wp:featuredmedia":[{"embeddable":true,"href":"https:\/\/antderground.com\/en\/wp-json\/wp\/v2\/media\/32751"}],"wp:attachment":[{"href":"https:\/\/antderground.com\/en\/wp-json\/wp\/v2\/media?parent=32768"}],"wp:term":[{"taxonomy":"product_brand","embeddable":true,"href":"https:\/\/antderground.com\/en\/wp-json\/wp\/v2\/product_brand?post=32768"},{"taxonomy":"product_cat","embeddable":true,"href":"https:\/\/antderground.com\/en\/wp-json\/wp\/v2\/product_cat?post=32768"},{"taxonomy":"product_tag","embeddable":true,"href":"https:\/\/antderground.com\/en\/wp-json\/wp\/v2\/product_tag?post=32768"}],"curies":[{"name":"wp","href":"https:\/\/api.w.org\/{rel}","templated":true}]}}