{"id":34228,"date":"2024-05-14T19:59:55","date_gmt":"2024-05-14T17:59:55","guid":{"rendered":"https:\/\/www.antderground.com\/producto\/camponotus-ca02\/"},"modified":"2024-05-16T21:08:07","modified_gmt":"2024-05-16T19:08:07","slug":"camponotus-ca02","status":"publish","type":"product","link":"https:\/\/antderground.com\/en\/product\/camponotus-ca02\/","title":{"rendered":"Camponotus Ca02"},"content":{"rendered":"<p>Scientific Name: Camponotus CA02<\/p>\n<p>Description: The majestic Camponotus CA02, known as the &#8220;California Ant&#8221;, emerges as an imposing species within the Camponotus genus. Originating from the extensive territories of California, this ant is distinguished by its impressive size and dominant presence in the region&#8217;s forested habitat.<\/p>\n<p>Morphology: The morphological characteristics of Camponotus CA02 are remarkable. It possesses a segmented body, where a prominent head stands out for its elegant antennas and powerful jaws. The workers, some of the largest compared to other species, stand out for their imposing presence in the ant landscape.<\/p>\n<p>Color: The color of Camponotus CA02 may vary, but generally, they are of dark tones, such as black, brown, or reddish, depending on the caste and region.<\/p>\n<p>Habitat and Accommodation: These ants require a spacious habitat for their well-being. The use of a modular 3D ant nest is recommended to create a suitable environment. The substrate should be appropriate to allow for the excavation of galleries and maintain the necessary humidity for the ants.<\/p>\n<p>Feeding: They are omnivorous and feed on a variety of foods, including dead insects, fruits, nectar, and honey. Additionally, it is important to ensure they have access to fresh water in a container within the ant nest.<\/p>\n<p>Temperature and Light: For their well-being, it is essential to maintain the temperature of the ant nest between 20-25\u00b0C and avoid direct exposure to sunlight.<\/p>\n<p>Observation and Care: Regular observation of Camponotus CA02 is essential to detect any health problems or abnormal behavior. Additionally, periodic cleaning of the ant nest should be carried out to maintain a hygienic environment.<\/p>\n","protected":false},"excerpt":{"rendered":"<p>Discover the fascinating ant Camponotus CA02! With their imposing size and elegant morphology, these ants captivate with their presence. Ideal for observing inside your anthill or terrarium<\/p>\n","protected":false},"featured_media":34219,"template":"","meta":[],"product_brand":[],"product_cat":[206,475],"product_tag":[],"class_list":{"0":"post-34228","1":"product","2":"type-product","3":"status-publish","4":"has-post-thumbnail","6":"product_cat-ants","7":"product_cat-exotic-ants","9":"first","10":"outofstock","11":"shipping-taxable","12":"purchasable","13":"product-type-variable"},"yoast_head":"<!-- This site is optimized with the Yoast SEO plugin v27.4 - https:\/\/yoast.com\/product\/yoast-seo-wordpress\/ -->\n<title>Camponotus Ca02 | Queen ant - ANTDERGROUND<\/title>\n<meta name=\"description\" content=\"Discover the new variety of queen ant Camponotus Ca02, a surprising exotic ant, ideal for your 3D modular anthill. Buy your ant\" \/>\n<meta name=\"robots\" content=\"index, follow, max-snippet:-1, max-image-preview:large, max-video-preview:-1\" \/>\n<link rel=\"canonical\" href=\"https:\/\/antderground.com\/en\/product\/camponotus-ca02\/\" \/>\n<meta property=\"og:locale\" content=\"en_US\" \/>\n<meta property=\"og:type\" content=\"article\" \/>\n<meta property=\"og:title\" content=\"Camponotus Ca02 | Queen ant - ANTDERGROUND\" \/>\n<meta property=\"og:description\" content=\"Discover the new variety of queen ant Camponotus Ca02, a surprising exotic ant, ideal for your 3D modular anthill. Buy your ant\" \/>\n<meta property=\"og:url\" content=\"https:\/\/antderground.com\/en\/product\/camponotus-ca02\/\" \/>\n<meta property=\"og:site_name\" content=\"ANTDERGROUND\" \/>\n<meta property=\"article:modified_time\" content=\"2024-05-16T19:08:07+00:00\" \/>\n<meta property=\"og:image\" content=\"https:\/\/antderground.com\/wp-content\/uploads\/2024\/05\/Camponotus-Ca02.jpg\" \/>\n\t<meta property=\"og:image:width\" content=\"1417\" \/>\n\t<meta property=\"og:image:height\" content=\"1417\" \/>\n\t<meta property=\"og:image:type\" content=\"image\/jpeg\" \/>\n<meta name=\"twitter:card\" content=\"summary_large_image\" \/>\n<meta name=\"twitter:label1\" content=\"Est. reading time\" \/>\n\t<meta name=\"twitter:data1\" content=\"1 minute\" \/>\n<script type=\"application\/ld+json\" class=\"yoast-schema-graph\">{\"@context\":\"https:\\\/\\\/schema.org\",\"@graph\":[{\"@type\":\"WebPage\",\"@id\":\"https:\\\/\\\/antderground.com\\\/en\\\/product\\\/camponotus-ca02\\\/\",\"url\":\"https:\\\/\\\/antderground.com\\\/en\\\/product\\\/camponotus-ca02\\\/\",\"name\":\"Camponotus Ca02 | Queen ant - ANTDERGROUND\",\"isPartOf\":{\"@id\":\"https:\\\/\\\/antderground.com\\\/en\\\/#website\"},\"primaryImageOfPage\":{\"@id\":\"https:\\\/\\\/antderground.com\\\/en\\\/product\\\/camponotus-ca02\\\/#primaryimage\"},\"image\":{\"@id\":\"https:\\\/\\\/antderground.com\\\/en\\\/product\\\/camponotus-ca02\\\/#primaryimage\"},\"thumbnailUrl\":\"https:\\\/\\\/antderground.com\\\/wp-content\\\/uploads\\\/2024\\\/05\\\/Camponotus-Ca02.jpg\",\"datePublished\":\"2024-05-14T17:59:55+00:00\",\"dateModified\":\"2024-05-16T19:08:07+00:00\",\"description\":\"Discover the new variety of queen ant Camponotus Ca02, a surprising exotic ant, ideal for your 3D modular anthill. Buy your ant\",\"breadcrumb\":{\"@id\":\"https:\\\/\\\/antderground.com\\\/en\\\/product\\\/camponotus-ca02\\\/#breadcrumb\"},\"inLanguage\":\"en-US\",\"potentialAction\":[{\"@type\":\"ReadAction\",\"target\":[\"https:\\\/\\\/antderground.com\\\/en\\\/product\\\/camponotus-ca02\\\/\"]}]},{\"@type\":\"ImageObject\",\"inLanguage\":\"en-US\",\"@id\":\"https:\\\/\\\/antderground.com\\\/en\\\/product\\\/camponotus-ca02\\\/#primaryimage\",\"url\":\"https:\\\/\\\/antderground.com\\\/wp-content\\\/uploads\\\/2024\\\/05\\\/Camponotus-Ca02.jpg\",\"contentUrl\":\"https:\\\/\\\/antderground.com\\\/wp-content\\\/uploads\\\/2024\\\/05\\\/Camponotus-Ca02.jpg\",\"width\":1417,\"height\":1417,\"caption\":\"Camponotus Ca02\"},{\"@type\":\"BreadcrumbList\",\"@id\":\"https:\\\/\\\/antderground.com\\\/en\\\/product\\\/camponotus-ca02\\\/#breadcrumb\",\"itemListElement\":[{\"@type\":\"ListItem\",\"position\":1,\"name\":\"Portada\",\"item\":\"https:\\\/\\\/antderground.com\\\/en\\\/\"},{\"@type\":\"ListItem\",\"position\":2,\"name\":\"Products\",\"item\":\"https:\\\/\\\/antderground.com\\\/en\\\/myrmecology-store\\\/\"},{\"@type\":\"ListItem\",\"position\":3,\"name\":\"Camponotus Ca02\"}]},{\"@type\":\"WebSite\",\"@id\":\"https:\\\/\\\/antderground.com\\\/en\\\/#website\",\"url\":\"https:\\\/\\\/antderground.com\\\/en\\\/\",\"name\":\"ANTDERGROUND\",\"description\":\"Tu tienda de hormigas, gran variedad de hormigueros acr\u00edlicos,madera,arena,3D y mas.. Pide tus hormigas gratis con tu pedido, somos expertos en hormigueros antifugas.\",\"publisher\":{\"@id\":\"https:\\\/\\\/antderground.com\\\/en\\\/#\\\/schema\\\/person\\\/0e322c505e84fe72c65e2f6d08f96b81\"},\"alternateName\":\"Antderground\",\"potentialAction\":[{\"@type\":\"SearchAction\",\"target\":{\"@type\":\"EntryPoint\",\"urlTemplate\":\"https:\\\/\\\/antderground.com\\\/en\\\/?s={search_term_string}\"},\"query-input\":{\"@type\":\"PropertyValueSpecification\",\"valueRequired\":true,\"valueName\":\"search_term_string\"}}],\"inLanguage\":\"en-US\"},{\"@type\":[\"Person\",\"Organization\"],\"@id\":\"https:\\\/\\\/antderground.com\\\/en\\\/#\\\/schema\\\/person\\\/0e322c505e84fe72c65e2f6d08f96b81\",\"name\":\"Eric de Antderground\",\"image\":{\"@type\":\"ImageObject\",\"inLanguage\":\"en-US\",\"@id\":\"https:\\\/\\\/secure.gravatar.com\\\/avatar\\\/c49a1b9f79216d1498cb73c1e85cd47f4465dda35f2a94c03790d491bd4423c3?s=96&d=mm&r=g\",\"url\":\"https:\\\/\\\/secure.gravatar.com\\\/avatar\\\/c49a1b9f79216d1498cb73c1e85cd47f4465dda35f2a94c03790d491bd4423c3?s=96&d=mm&r=g\",\"contentUrl\":\"https:\\\/\\\/secure.gravatar.com\\\/avatar\\\/c49a1b9f79216d1498cb73c1e85cd47f4465dda35f2a94c03790d491bd4423c3?s=96&d=mm&r=g\",\"caption\":\"Eric de Antderground\"},\"logo\":{\"@id\":\"https:\\\/\\\/secure.gravatar.com\\\/avatar\\\/c49a1b9f79216d1498cb73c1e85cd47f4465dda35f2a94c03790d491bd4423c3?s=96&d=mm&r=g\"},\"description\":\"Eric es el especialista y fundador de Antderground, con una amplia trayectoria en artr\u00f3podos y enfocado en la mirmecolog\u00eda y el dise\u00f1o de hormigueros artificiales. Su enfoque combina la innovaci\u00f3n t\u00e9cnica con el respeto por la biolog\u00eda de las hormigas, is\u00f3podos y otros, desarrollando sistemas de nidos modulares 3D y acr\u00edlicos que son referentes para aficionados y profesionales en toda Europa. Su objetivo es facilitar la cr\u00eda de hormigas y otros artr\u00f3podos mediante soluciones seguras y divulgaci\u00f3n de calidad.\",\"sameAs\":[\"https:\\\/\\\/antderground.com\\\/\",\"https:\\\/\\\/www.youtube.com\\\/channel\\\/UCio72z7TlbufkAthAJIJfPw\"]}]}<\/script>\n<!-- \/ Yoast SEO plugin. -->","yoast_head_json":{"title":"Camponotus Ca02 | Queen ant - ANTDERGROUND","description":"Discover the new variety of queen ant Camponotus Ca02, a surprising exotic ant, ideal for your 3D modular anthill. Buy your ant","robots":{"index":"index","follow":"follow","max-snippet":"max-snippet:-1","max-image-preview":"max-image-preview:large","max-video-preview":"max-video-preview:-1"},"canonical":"https:\/\/antderground.com\/en\/product\/camponotus-ca02\/","og_locale":"en_US","og_type":"article","og_title":"Camponotus Ca02 | Queen ant - ANTDERGROUND","og_description":"Discover the new variety of queen ant Camponotus Ca02, a surprising exotic ant, ideal for your 3D modular anthill. Buy your ant","og_url":"https:\/\/antderground.com\/en\/product\/camponotus-ca02\/","og_site_name":"ANTDERGROUND","article_modified_time":"2024-05-16T19:08:07+00:00","og_image":[{"width":1417,"height":1417,"url":"https:\/\/antderground.com\/wp-content\/uploads\/2024\/05\/Camponotus-Ca02.jpg","type":"image\/jpeg"}],"twitter_card":"summary_large_image","twitter_misc":{"Est. reading time":"1 minute"},"schema":{"@context":"https:\/\/schema.org","@graph":[{"@type":"WebPage","@id":"https:\/\/antderground.com\/en\/product\/camponotus-ca02\/","url":"https:\/\/antderground.com\/en\/product\/camponotus-ca02\/","name":"Camponotus Ca02 | Queen ant - ANTDERGROUND","isPartOf":{"@id":"https:\/\/antderground.com\/en\/#website"},"primaryImageOfPage":{"@id":"https:\/\/antderground.com\/en\/product\/camponotus-ca02\/#primaryimage"},"image":{"@id":"https:\/\/antderground.com\/en\/product\/camponotus-ca02\/#primaryimage"},"thumbnailUrl":"https:\/\/antderground.com\/wp-content\/uploads\/2024\/05\/Camponotus-Ca02.jpg","datePublished":"2024-05-14T17:59:55+00:00","dateModified":"2024-05-16T19:08:07+00:00","description":"Discover the new variety of queen ant Camponotus Ca02, a surprising exotic ant, ideal for your 3D modular anthill. Buy your ant","breadcrumb":{"@id":"https:\/\/antderground.com\/en\/product\/camponotus-ca02\/#breadcrumb"},"inLanguage":"en-US","potentialAction":[{"@type":"ReadAction","target":["https:\/\/antderground.com\/en\/product\/camponotus-ca02\/"]}]},{"@type":"ImageObject","inLanguage":"en-US","@id":"https:\/\/antderground.com\/en\/product\/camponotus-ca02\/#primaryimage","url":"https:\/\/antderground.com\/wp-content\/uploads\/2024\/05\/Camponotus-Ca02.jpg","contentUrl":"https:\/\/antderground.com\/wp-content\/uploads\/2024\/05\/Camponotus-Ca02.jpg","width":1417,"height":1417,"caption":"Camponotus Ca02"},{"@type":"BreadcrumbList","@id":"https:\/\/antderground.com\/en\/product\/camponotus-ca02\/#breadcrumb","itemListElement":[{"@type":"ListItem","position":1,"name":"Portada","item":"https:\/\/antderground.com\/en\/"},{"@type":"ListItem","position":2,"name":"Products","item":"https:\/\/antderground.com\/en\/myrmecology-store\/"},{"@type":"ListItem","position":3,"name":"Camponotus Ca02"}]},{"@type":"WebSite","@id":"https:\/\/antderground.com\/en\/#website","url":"https:\/\/antderground.com\/en\/","name":"ANTDERGROUND","description":"Tu tienda de hormigas, gran variedad de hormigueros acr\u00edlicos,madera,arena,3D y mas.. Pide tus hormigas gratis con tu pedido, somos expertos en hormigueros antifugas.","publisher":{"@id":"https:\/\/antderground.com\/en\/#\/schema\/person\/0e322c505e84fe72c65e2f6d08f96b81"},"alternateName":"Antderground","potentialAction":[{"@type":"SearchAction","target":{"@type":"EntryPoint","urlTemplate":"https:\/\/antderground.com\/en\/?s={search_term_string}"},"query-input":{"@type":"PropertyValueSpecification","valueRequired":true,"valueName":"search_term_string"}}],"inLanguage":"en-US"},{"@type":["Person","Organization"],"@id":"https:\/\/antderground.com\/en\/#\/schema\/person\/0e322c505e84fe72c65e2f6d08f96b81","name":"Eric de Antderground","image":{"@type":"ImageObject","inLanguage":"en-US","@id":"https:\/\/secure.gravatar.com\/avatar\/c49a1b9f79216d1498cb73c1e85cd47f4465dda35f2a94c03790d491bd4423c3?s=96&d=mm&r=g","url":"https:\/\/secure.gravatar.com\/avatar\/c49a1b9f79216d1498cb73c1e85cd47f4465dda35f2a94c03790d491bd4423c3?s=96&d=mm&r=g","contentUrl":"https:\/\/secure.gravatar.com\/avatar\/c49a1b9f79216d1498cb73c1e85cd47f4465dda35f2a94c03790d491bd4423c3?s=96&d=mm&r=g","caption":"Eric de Antderground"},"logo":{"@id":"https:\/\/secure.gravatar.com\/avatar\/c49a1b9f79216d1498cb73c1e85cd47f4465dda35f2a94c03790d491bd4423c3?s=96&d=mm&r=g"},"description":"Eric es el especialista y fundador de Antderground, con una amplia trayectoria en artr\u00f3podos y enfocado en la mirmecolog\u00eda y el dise\u00f1o de hormigueros artificiales. Su enfoque combina la innovaci\u00f3n t\u00e9cnica con el respeto por la biolog\u00eda de las hormigas, is\u00f3podos y otros, desarrollando sistemas de nidos modulares 3D y acr\u00edlicos que son referentes para aficionados y profesionales en toda Europa. Su objetivo es facilitar la cr\u00eda de hormigas y otros artr\u00f3podos mediante soluciones seguras y divulgaci\u00f3n de calidad.","sameAs":["https:\/\/antderground.com\/","https:\/\/www.youtube.com\/channel\/UCio72z7TlbufkAthAJIJfPw"]}]}},"_links":{"self":[{"href":"https:\/\/antderground.com\/en\/wp-json\/wp\/v2\/product\/34228","targetHints":{"allow":["GET"]}}],"collection":[{"href":"https:\/\/antderground.com\/en\/wp-json\/wp\/v2\/product"}],"about":[{"href":"https:\/\/antderground.com\/en\/wp-json\/wp\/v2\/types\/product"}],"version-history":[{"count":0,"href":"https:\/\/antderground.com\/en\/wp-json\/wp\/v2\/product\/34228\/revisions"}],"wp:featuredmedia":[{"embeddable":true,"href":"https:\/\/antderground.com\/en\/wp-json\/wp\/v2\/media\/34219"}],"wp:attachment":[{"href":"https:\/\/antderground.com\/en\/wp-json\/wp\/v2\/media?parent=34228"}],"wp:term":[{"taxonomy":"product_brand","embeddable":true,"href":"https:\/\/antderground.com\/en\/wp-json\/wp\/v2\/product_brand?post=34228"},{"taxonomy":"product_cat","embeddable":true,"href":"https:\/\/antderground.com\/en\/wp-json\/wp\/v2\/product_cat?post=34228"},{"taxonomy":"product_tag","embeddable":true,"href":"https:\/\/antderground.com\/en\/wp-json\/wp\/v2\/product_tag?post=34228"}],"curies":[{"name":"wp","href":"https:\/\/api.w.org\/{rel}","templated":true}]}}