{"id":35152,"date":"2024-07-09T11:23:18","date_gmt":"2024-07-09T09:23:18","guid":{"rendered":"https:\/\/www.antderground.com\/producto\/braplast-18-5-x-12-5-x-7-5-cm\/"},"modified":"2024-07-09T11:23:18","modified_gmt":"2024-07-09T09:23:18","slug":"braplast-18-5-x-12-5-x-7-5-cm","status":"publish","type":"product","link":"https:\/\/antderground.com\/en\/product\/braplast-18-5-x-12-5-x-7-5-cm\/","title":{"rendered":"BraPlast 18.5 x 12.5 x 7.5 cm"},"content":{"rendered":"<h3>Technical Description of the BraPlast Plastic Terrarium<\/h3>\n<ul>\n<li><strong>Dimensions<\/strong>: 18.5 x 12.5 x 7.5 cm<\/li>\n<li><strong>Capacity<\/strong>: 1.3 liters<\/li>\n<li><strong>Material<\/strong>: High-resistance transparent plastic<\/li>\n<li><strong>Features<\/strong>:\n<ul>\n<li><strong>Transparency<\/strong>: Offers excellent visibility for observing arthropods.<\/li>\n<li><strong>Ease of Cleaning<\/strong>: Smooth and accessible surface for easy maintenance and hygiene.<\/li>\n<li><strong>Durability<\/strong>: Robust construction ensures durability and safety for the inhabitants.<\/li>\n<li><strong>Portability<\/strong>: Compact size and lightweight, ideal for easy transportation.<\/li>\n<\/ul>\n<\/li>\n<\/ul>\n<p><strong>Ideal Use<\/strong>: Specifically designed to house and transport arthropods, providing a safe and suitable environment for these small creatures.<\/p>\n","protected":false},"excerpt":{"rendered":"<p>The BraPlast plastic terrarium or box is an excellent option for arthropod hobbyists. With dimensions of 18.5 x 12.5 x 7.5 cm, this transparent container offers a capacity of 1.3 liters, ideal for housing various species of arthropods.<\/p>\n<p>Its durable design and easy-to-clean material ensure durability and easy maintenance. In addition, its compact and lightweight size makes it easy to transport, allowing you to take your little insects wherever you want with comfort and safety.<\/p>\n","protected":false},"featured_media":35133,"template":"","meta":[],"product_brand":[],"product_cat":[425],"product_tag":[],"class_list":{"0":"post-35152","1":"product","2":"type-product","3":"status-publish","4":"has-post-thumbnail","6":"product_cat-terrariums-en","8":"first","9":"outofstock","10":"shipping-taxable","11":"purchasable","12":"product-type-simple"},"yoast_head":"<!-- This site is optimized with the Yoast SEO plugin v27.5 - https:\/\/yoast.com\/product\/yoast-seo-wordpress\/ -->\n<title>BraPlast 18.5 x 12.5 x 7.5 cm | Plastic terrariums - ANTDERGROUND<\/title>\n<meta name=\"description\" content=\"BraPlast plastic box or terrarium measuring 18.5 x 12.5 x 7.5 cm, 1.3L capacity, transparent, easy to clean, resistant and portable, ideal for arthropods.\" \/>\n<meta name=\"robots\" content=\"index, follow, max-snippet:-1, max-image-preview:large, max-video-preview:-1\" \/>\n<link rel=\"canonical\" href=\"https:\/\/antderground.com\/en\/product\/braplast-18-5-x-12-5-x-7-5-cm\/\" \/>\n<meta property=\"og:locale\" content=\"en_US\" \/>\n<meta property=\"og:type\" content=\"article\" \/>\n<meta property=\"og:title\" content=\"BraPlast 18.5 x 12.5 x 7.5 cm | Plastic terrariums - ANTDERGROUND\" \/>\n<meta property=\"og:description\" content=\"BraPlast plastic box or terrarium measuring 18.5 x 12.5 x 7.5 cm, 1.3L capacity, transparent, easy to clean, resistant and portable, ideal for arthropods.\" \/>\n<meta property=\"og:url\" content=\"https:\/\/antderground.com\/en\/product\/braplast-18-5-x-12-5-x-7-5-cm\/\" \/>\n<meta property=\"og:site_name\" content=\"ANTDERGROUND\" \/>\n<meta property=\"og:image\" content=\"https:\/\/antderground.com\/wp-content\/uploads\/2024\/07\/BraPlast-18.5-x-12.5-x-7.5-cm-Transparente.jpg\" \/>\n\t<meta property=\"og:image:width\" content=\"1600\" \/>\n\t<meta property=\"og:image:height\" content=\"1600\" \/>\n\t<meta property=\"og:image:type\" content=\"image\/jpeg\" \/>\n<meta name=\"twitter:card\" content=\"summary_large_image\" \/>\n<script type=\"application\/ld+json\" class=\"yoast-schema-graph\">{\"@context\":\"https:\\\/\\\/schema.org\",\"@graph\":[{\"@type\":\"WebPage\",\"@id\":\"https:\\\/\\\/antderground.com\\\/en\\\/product\\\/braplast-18-5-x-12-5-x-7-5-cm\\\/\",\"url\":\"https:\\\/\\\/antderground.com\\\/en\\\/product\\\/braplast-18-5-x-12-5-x-7-5-cm\\\/\",\"name\":\"BraPlast 18.5 x 12.5 x 7.5 cm | Plastic terrariums - ANTDERGROUND\",\"isPartOf\":{\"@id\":\"https:\\\/\\\/antderground.com\\\/en\\\/#website\"},\"primaryImageOfPage\":{\"@id\":\"https:\\\/\\\/antderground.com\\\/en\\\/product\\\/braplast-18-5-x-12-5-x-7-5-cm\\\/#primaryimage\"},\"image\":{\"@id\":\"https:\\\/\\\/antderground.com\\\/en\\\/product\\\/braplast-18-5-x-12-5-x-7-5-cm\\\/#primaryimage\"},\"thumbnailUrl\":\"https:\\\/\\\/antderground.com\\\/wp-content\\\/uploads\\\/2024\\\/07\\\/BraPlast-18.5-x-12.5-x-7.5-cm-Transparente.jpg\",\"datePublished\":\"2024-07-09T09:23:18+00:00\",\"description\":\"BraPlast plastic box or terrarium measuring 18.5 x 12.5 x 7.5 cm, 1.3L capacity, transparent, easy to clean, resistant and portable, ideal for arthropods.\",\"breadcrumb\":{\"@id\":\"https:\\\/\\\/antderground.com\\\/en\\\/product\\\/braplast-18-5-x-12-5-x-7-5-cm\\\/#breadcrumb\"},\"inLanguage\":\"en-US\",\"potentialAction\":[{\"@type\":\"ReadAction\",\"target\":[\"https:\\\/\\\/antderground.com\\\/en\\\/product\\\/braplast-18-5-x-12-5-x-7-5-cm\\\/\"]}]},{\"@type\":\"ImageObject\",\"inLanguage\":\"en-US\",\"@id\":\"https:\\\/\\\/antderground.com\\\/en\\\/product\\\/braplast-18-5-x-12-5-x-7-5-cm\\\/#primaryimage\",\"url\":\"https:\\\/\\\/antderground.com\\\/wp-content\\\/uploads\\\/2024\\\/07\\\/BraPlast-18.5-x-12.5-x-7.5-cm-Transparente.jpg\",\"contentUrl\":\"https:\\\/\\\/antderground.com\\\/wp-content\\\/uploads\\\/2024\\\/07\\\/BraPlast-18.5-x-12.5-x-7.5-cm-Transparente.jpg\",\"width\":1600,\"height\":1600},{\"@type\":\"BreadcrumbList\",\"@id\":\"https:\\\/\\\/antderground.com\\\/en\\\/product\\\/braplast-18-5-x-12-5-x-7-5-cm\\\/#breadcrumb\",\"itemListElement\":[{\"@type\":\"ListItem\",\"position\":1,\"name\":\"Portada\",\"item\":\"https:\\\/\\\/antderground.com\\\/en\\\/\"},{\"@type\":\"ListItem\",\"position\":2,\"name\":\"Products\",\"item\":\"https:\\\/\\\/antderground.com\\\/en\\\/myrmecology-store\\\/\"},{\"@type\":\"ListItem\",\"position\":3,\"name\":\"BraPlast 18.5 x 12.5 x 7.5 cm\"}]},{\"@type\":\"WebSite\",\"@id\":\"https:\\\/\\\/antderground.com\\\/en\\\/#website\",\"url\":\"https:\\\/\\\/antderground.com\\\/en\\\/\",\"name\":\"ANTDERGROUND\",\"description\":\"Tu tienda de hormigas, gran variedad de hormigueros acr\u00edlicos,madera,arena,3D y mas.. Pide tus hormigas gratis con tu pedido, somos expertos en hormigueros antifugas.\",\"publisher\":{\"@id\":\"https:\\\/\\\/antderground.com\\\/en\\\/#\\\/schema\\\/person\\\/0e322c505e84fe72c65e2f6d08f96b81\"},\"alternateName\":\"Antderground\",\"potentialAction\":[{\"@type\":\"SearchAction\",\"target\":{\"@type\":\"EntryPoint\",\"urlTemplate\":\"https:\\\/\\\/antderground.com\\\/en\\\/?s={search_term_string}\"},\"query-input\":{\"@type\":\"PropertyValueSpecification\",\"valueRequired\":true,\"valueName\":\"search_term_string\"}}],\"inLanguage\":\"en-US\"},{\"@type\":[\"Person\",\"Organization\"],\"@id\":\"https:\\\/\\\/antderground.com\\\/en\\\/#\\\/schema\\\/person\\\/0e322c505e84fe72c65e2f6d08f96b81\",\"name\":\"Eric de Antderground\",\"image\":{\"@type\":\"ImageObject\",\"inLanguage\":\"en-US\",\"@id\":\"https:\\\/\\\/secure.gravatar.com\\\/avatar\\\/c49a1b9f79216d1498cb73c1e85cd47f4465dda35f2a94c03790d491bd4423c3?s=96&d=mm&r=g\",\"url\":\"https:\\\/\\\/secure.gravatar.com\\\/avatar\\\/c49a1b9f79216d1498cb73c1e85cd47f4465dda35f2a94c03790d491bd4423c3?s=96&d=mm&r=g\",\"contentUrl\":\"https:\\\/\\\/secure.gravatar.com\\\/avatar\\\/c49a1b9f79216d1498cb73c1e85cd47f4465dda35f2a94c03790d491bd4423c3?s=96&d=mm&r=g\",\"caption\":\"Eric de Antderground\"},\"logo\":{\"@id\":\"https:\\\/\\\/secure.gravatar.com\\\/avatar\\\/c49a1b9f79216d1498cb73c1e85cd47f4465dda35f2a94c03790d491bd4423c3?s=96&d=mm&r=g\"},\"description\":\"Eric es el especialista y fundador de Antderground, con una amplia trayectoria en artr\u00f3podos y enfocado en la mirmecolog\u00eda y el dise\u00f1o de hormigueros artificiales. Su enfoque combina la innovaci\u00f3n t\u00e9cnica con el respeto por la biolog\u00eda de las hormigas, is\u00f3podos y otros, desarrollando sistemas de nidos modulares 3D y acr\u00edlicos que son referentes para aficionados y profesionales en toda Europa. Su objetivo es facilitar la cr\u00eda de hormigas y otros artr\u00f3podos mediante soluciones seguras y divulgaci\u00f3n de calidad.\",\"sameAs\":[\"https:\\\/\\\/antderground.com\\\/\",\"https:\\\/\\\/www.youtube.com\\\/channel\\\/UCio72z7TlbufkAthAJIJfPw\"]}]}<\/script>\n<!-- \/ Yoast SEO plugin. -->","yoast_head_json":{"title":"BraPlast 18.5 x 12.5 x 7.5 cm | Plastic terrariums - ANTDERGROUND","description":"BraPlast plastic box or terrarium measuring 18.5 x 12.5 x 7.5 cm, 1.3L capacity, transparent, easy to clean, resistant and portable, ideal for arthropods.","robots":{"index":"index","follow":"follow","max-snippet":"max-snippet:-1","max-image-preview":"max-image-preview:large","max-video-preview":"max-video-preview:-1"},"canonical":"https:\/\/antderground.com\/en\/product\/braplast-18-5-x-12-5-x-7-5-cm\/","og_locale":"en_US","og_type":"article","og_title":"BraPlast 18.5 x 12.5 x 7.5 cm | Plastic terrariums - ANTDERGROUND","og_description":"BraPlast plastic box or terrarium measuring 18.5 x 12.5 x 7.5 cm, 1.3L capacity, transparent, easy to clean, resistant and portable, ideal for arthropods.","og_url":"https:\/\/antderground.com\/en\/product\/braplast-18-5-x-12-5-x-7-5-cm\/","og_site_name":"ANTDERGROUND","og_image":[{"width":1600,"height":1600,"url":"https:\/\/antderground.com\/wp-content\/uploads\/2024\/07\/BraPlast-18.5-x-12.5-x-7.5-cm-Transparente.jpg","type":"image\/jpeg"}],"twitter_card":"summary_large_image","schema":{"@context":"https:\/\/schema.org","@graph":[{"@type":"WebPage","@id":"https:\/\/antderground.com\/en\/product\/braplast-18-5-x-12-5-x-7-5-cm\/","url":"https:\/\/antderground.com\/en\/product\/braplast-18-5-x-12-5-x-7-5-cm\/","name":"BraPlast 18.5 x 12.5 x 7.5 cm | Plastic terrariums - ANTDERGROUND","isPartOf":{"@id":"https:\/\/antderground.com\/en\/#website"},"primaryImageOfPage":{"@id":"https:\/\/antderground.com\/en\/product\/braplast-18-5-x-12-5-x-7-5-cm\/#primaryimage"},"image":{"@id":"https:\/\/antderground.com\/en\/product\/braplast-18-5-x-12-5-x-7-5-cm\/#primaryimage"},"thumbnailUrl":"https:\/\/antderground.com\/wp-content\/uploads\/2024\/07\/BraPlast-18.5-x-12.5-x-7.5-cm-Transparente.jpg","datePublished":"2024-07-09T09:23:18+00:00","description":"BraPlast plastic box or terrarium measuring 18.5 x 12.5 x 7.5 cm, 1.3L capacity, transparent, easy to clean, resistant and portable, ideal for arthropods.","breadcrumb":{"@id":"https:\/\/antderground.com\/en\/product\/braplast-18-5-x-12-5-x-7-5-cm\/#breadcrumb"},"inLanguage":"en-US","potentialAction":[{"@type":"ReadAction","target":["https:\/\/antderground.com\/en\/product\/braplast-18-5-x-12-5-x-7-5-cm\/"]}]},{"@type":"ImageObject","inLanguage":"en-US","@id":"https:\/\/antderground.com\/en\/product\/braplast-18-5-x-12-5-x-7-5-cm\/#primaryimage","url":"https:\/\/antderground.com\/wp-content\/uploads\/2024\/07\/BraPlast-18.5-x-12.5-x-7.5-cm-Transparente.jpg","contentUrl":"https:\/\/antderground.com\/wp-content\/uploads\/2024\/07\/BraPlast-18.5-x-12.5-x-7.5-cm-Transparente.jpg","width":1600,"height":1600},{"@type":"BreadcrumbList","@id":"https:\/\/antderground.com\/en\/product\/braplast-18-5-x-12-5-x-7-5-cm\/#breadcrumb","itemListElement":[{"@type":"ListItem","position":1,"name":"Portada","item":"https:\/\/antderground.com\/en\/"},{"@type":"ListItem","position":2,"name":"Products","item":"https:\/\/antderground.com\/en\/myrmecology-store\/"},{"@type":"ListItem","position":3,"name":"BraPlast 18.5 x 12.5 x 7.5 cm"}]},{"@type":"WebSite","@id":"https:\/\/antderground.com\/en\/#website","url":"https:\/\/antderground.com\/en\/","name":"ANTDERGROUND","description":"Tu tienda de hormigas, gran variedad de hormigueros acr\u00edlicos,madera,arena,3D y mas.. Pide tus hormigas gratis con tu pedido, somos expertos en hormigueros antifugas.","publisher":{"@id":"https:\/\/antderground.com\/en\/#\/schema\/person\/0e322c505e84fe72c65e2f6d08f96b81"},"alternateName":"Antderground","potentialAction":[{"@type":"SearchAction","target":{"@type":"EntryPoint","urlTemplate":"https:\/\/antderground.com\/en\/?s={search_term_string}"},"query-input":{"@type":"PropertyValueSpecification","valueRequired":true,"valueName":"search_term_string"}}],"inLanguage":"en-US"},{"@type":["Person","Organization"],"@id":"https:\/\/antderground.com\/en\/#\/schema\/person\/0e322c505e84fe72c65e2f6d08f96b81","name":"Eric de Antderground","image":{"@type":"ImageObject","inLanguage":"en-US","@id":"https:\/\/secure.gravatar.com\/avatar\/c49a1b9f79216d1498cb73c1e85cd47f4465dda35f2a94c03790d491bd4423c3?s=96&d=mm&r=g","url":"https:\/\/secure.gravatar.com\/avatar\/c49a1b9f79216d1498cb73c1e85cd47f4465dda35f2a94c03790d491bd4423c3?s=96&d=mm&r=g","contentUrl":"https:\/\/secure.gravatar.com\/avatar\/c49a1b9f79216d1498cb73c1e85cd47f4465dda35f2a94c03790d491bd4423c3?s=96&d=mm&r=g","caption":"Eric de Antderground"},"logo":{"@id":"https:\/\/secure.gravatar.com\/avatar\/c49a1b9f79216d1498cb73c1e85cd47f4465dda35f2a94c03790d491bd4423c3?s=96&d=mm&r=g"},"description":"Eric es el especialista y fundador de Antderground, con una amplia trayectoria en artr\u00f3podos y enfocado en la mirmecolog\u00eda y el dise\u00f1o de hormigueros artificiales. Su enfoque combina la innovaci\u00f3n t\u00e9cnica con el respeto por la biolog\u00eda de las hormigas, is\u00f3podos y otros, desarrollando sistemas de nidos modulares 3D y acr\u00edlicos que son referentes para aficionados y profesionales en toda Europa. Su objetivo es facilitar la cr\u00eda de hormigas y otros artr\u00f3podos mediante soluciones seguras y divulgaci\u00f3n de calidad.","sameAs":["https:\/\/antderground.com\/","https:\/\/www.youtube.com\/channel\/UCio72z7TlbufkAthAJIJfPw"]}]}},"_links":{"self":[{"href":"https:\/\/antderground.com\/en\/wp-json\/wp\/v2\/product\/35152","targetHints":{"allow":["GET"]}}],"collection":[{"href":"https:\/\/antderground.com\/en\/wp-json\/wp\/v2\/product"}],"about":[{"href":"https:\/\/antderground.com\/en\/wp-json\/wp\/v2\/types\/product"}],"version-history":[{"count":0,"href":"https:\/\/antderground.com\/en\/wp-json\/wp\/v2\/product\/35152\/revisions"}],"wp:featuredmedia":[{"embeddable":true,"href":"https:\/\/antderground.com\/en\/wp-json\/wp\/v2\/media\/35133"}],"wp:attachment":[{"href":"https:\/\/antderground.com\/en\/wp-json\/wp\/v2\/media?parent=35152"}],"wp:term":[{"taxonomy":"product_brand","embeddable":true,"href":"https:\/\/antderground.com\/en\/wp-json\/wp\/v2\/product_brand?post=35152"},{"taxonomy":"product_cat","embeddable":true,"href":"https:\/\/antderground.com\/en\/wp-json\/wp\/v2\/product_cat?post=35152"},{"taxonomy":"product_tag","embeddable":true,"href":"https:\/\/antderground.com\/en\/wp-json\/wp\/v2\/product_tag?post=35152"}],"curies":[{"name":"wp","href":"https:\/\/api.w.org\/{rel}","templated":true}]}}