{"id":36218,"date":"2024-08-23T13:12:39","date_gmt":"2024-08-23T11:12:39","guid":{"rendered":"https:\/\/www.antderground.com\/producto\/armadillidium-peraccae\/"},"modified":"2025-12-15T14:41:44","modified_gmt":"2025-12-15T13:41:44","slug":"armadillidium-peraccae","status":"publish","type":"product","link":"https:\/\/antderground.com\/en\/product\/armadillidium-peraccae\/","title":{"rendered":"Armadillidium peraccae"},"content":{"rendered":"<p><strong>Technical Sheet: Isopod <em>Armadillidium peraccae<\/em><\/strong><\/p>\n<p><strong>Scientific Name:<\/strong> <em>Armadillidium peraccae<\/em><\/p>\n<p><strong>Family:<\/strong> Armadillidiidae<\/p>\n<p><strong>Order:<\/strong> Isopoda<\/p>\n<p><strong>Class:<\/strong> Malacostraca<\/p>\n<p><strong>Geographic Distribution:<\/strong><\/p>\n<ul>\n<li><strong>Main Region:<\/strong> Mediterranean<\/li>\n<li><strong>Habitat:<\/strong> Found in humid terrestrial environments, such as soil, leaf litter, and areas with high moisture.<\/li>\n<\/ul>\n<p><strong>Description:<\/strong><\/p>\n<ul>\n<li><strong>Size:<\/strong> Typically measures between 10 and 15 mm in length.<\/li>\n<li><strong>Coloration:<\/strong> Varies, but usually appears in shades of gray or brown, with some parts of the body possibly showing a whitish tint.<\/li>\n<li><strong>Body Structure:<\/strong> The body is flat and oval-shaped, with segmented armor that allows it to roll into a ball as a defense mechanism, similar to other isopods in the <em>Armadillidium<\/em> genus.<\/li>\n<\/ul>\n<p><strong>Behavior:<\/strong><\/p>\n<ul>\n<li><strong>Habits:<\/strong> Mainly nocturnal and with subterranean behavior, which helps it retain moisture and protect itself from predators.<\/li>\n<li><strong>Diet:<\/strong> Detritivore, feeding on decomposing organic matter such as dead leaves and plant debris.<\/li>\n<\/ul>\n<p><strong>Reproduction:<\/strong><\/p>\n<ul>\n<li><strong>Reproduction Method:<\/strong> Sexual.<\/li>\n<li><strong>Development:<\/strong> Oviparous; the female lays eggs, which are incubated in a ventral pouch (marsupium) until the young are ready to hatch.<\/li>\n<\/ul>\n<p><strong>Ecology:<\/strong><\/p>\n<ul>\n<li><strong>Role in the Ecosystem:<\/strong> Plays an important role in the decomposition of organic matter and in soil structure. Contributes to soil fertility and the regulation of microorganisms.<\/li>\n<\/ul>\n","protected":false},"excerpt":{"rendered":"<p>Discover Armadillidium peraccae! This fascinating Mediterranean isopod combines shades of grey, brown and white, with a unique ability to roll up into a ball. Perfect for terrestrial wildlife and terrarium enthusiasts. An exotic and useful touch for your ecosystem!<\/p>\n","protected":false},"featured_media":35945,"template":"","meta":[],"product_brand":[],"product_cat":[479,485,711],"product_tag":[],"class_list":{"0":"post-36218","1":"product","2":"type-product","3":"status-publish","4":"has-post-thumbnail","6":"product_cat-arthropods","7":"product_cat-isopods","8":"product_cat-armadillidium","10":"first","11":"outofstock","12":"shipping-taxable","13":"purchasable","14":"product-type-variable"},"yoast_head":"<!-- This site is optimized with the Yoast SEO plugin v27.3 - https:\/\/yoast.com\/product\/yoast-seo-wordpress\/ -->\n<title>Armadillidium peraccae | Buy your Isopods - ANTDERGROUND<\/title>\n<meta name=\"description\" content=\"Armadillidium peraccae isopod for terrariums: small grey and white, coiled arthropod, ideal for humid habitats, helps in decomposition.\" \/>\n<meta name=\"robots\" content=\"index, follow, max-snippet:-1, max-image-preview:large, max-video-preview:-1\" \/>\n<link rel=\"canonical\" href=\"https:\/\/antderground.com\/en\/product\/armadillidium-peraccae\/\" \/>\n<meta property=\"og:locale\" content=\"en_US\" \/>\n<meta property=\"og:type\" content=\"article\" \/>\n<meta property=\"og:title\" content=\"Armadillidium peraccae | Buy your Isopods - ANTDERGROUND\" \/>\n<meta property=\"og:description\" content=\"Armadillidium peraccae isopod for terrariums: small grey and white, coiled arthropod, ideal for humid habitats, helps in decomposition.\" \/>\n<meta property=\"og:url\" content=\"https:\/\/antderground.com\/en\/product\/armadillidium-peraccae\/\" \/>\n<meta property=\"og:site_name\" content=\"ANTDERGROUND\" \/>\n<meta property=\"article:modified_time\" content=\"2025-12-15T13:41:44+00:00\" \/>\n<meta property=\"og:image\" content=\"https:\/\/antderground.com\/wp-content\/uploads\/2024\/08\/armadillidium-peraccae.jpeg\" \/>\n\t<meta property=\"og:image:width\" content=\"1600\" \/>\n\t<meta property=\"og:image:height\" content=\"1600\" \/>\n\t<meta property=\"og:image:type\" content=\"image\/jpeg\" \/>\n<meta name=\"twitter:card\" content=\"summary_large_image\" \/>\n<meta name=\"twitter:label1\" content=\"Est. reading time\" \/>\n\t<meta name=\"twitter:data1\" content=\"1 minute\" \/>\n<script type=\"application\/ld+json\" class=\"yoast-schema-graph\">{\"@context\":\"https:\\\/\\\/schema.org\",\"@graph\":[{\"@type\":\"WebPage\",\"@id\":\"https:\\\/\\\/antderground.com\\\/en\\\/product\\\/armadillidium-peraccae\\\/\",\"url\":\"https:\\\/\\\/antderground.com\\\/en\\\/product\\\/armadillidium-peraccae\\\/\",\"name\":\"Armadillidium peraccae | Buy your Isopods - ANTDERGROUND\",\"isPartOf\":{\"@id\":\"https:\\\/\\\/antderground.com\\\/en\\\/#website\"},\"primaryImageOfPage\":{\"@id\":\"https:\\\/\\\/antderground.com\\\/en\\\/product\\\/armadillidium-peraccae\\\/#primaryimage\"},\"image\":{\"@id\":\"https:\\\/\\\/antderground.com\\\/en\\\/product\\\/armadillidium-peraccae\\\/#primaryimage\"},\"thumbnailUrl\":\"https:\\\/\\\/antderground.com\\\/wp-content\\\/uploads\\\/2024\\\/08\\\/armadillidium-peraccae.jpeg\",\"datePublished\":\"2024-08-23T11:12:39+00:00\",\"dateModified\":\"2025-12-15T13:41:44+00:00\",\"description\":\"Armadillidium peraccae isopod for terrariums: small grey and white, coiled arthropod, ideal for humid habitats, helps in decomposition.\",\"breadcrumb\":{\"@id\":\"https:\\\/\\\/antderground.com\\\/en\\\/product\\\/armadillidium-peraccae\\\/#breadcrumb\"},\"inLanguage\":\"en-US\",\"potentialAction\":[{\"@type\":\"ReadAction\",\"target\":[\"https:\\\/\\\/antderground.com\\\/en\\\/product\\\/armadillidium-peraccae\\\/\"]}]},{\"@type\":\"ImageObject\",\"inLanguage\":\"en-US\",\"@id\":\"https:\\\/\\\/antderground.com\\\/en\\\/product\\\/armadillidium-peraccae\\\/#primaryimage\",\"url\":\"https:\\\/\\\/antderground.com\\\/wp-content\\\/uploads\\\/2024\\\/08\\\/armadillidium-peraccae.jpeg\",\"contentUrl\":\"https:\\\/\\\/antderground.com\\\/wp-content\\\/uploads\\\/2024\\\/08\\\/armadillidium-peraccae.jpeg\",\"width\":1600,\"height\":1600,\"caption\":\"armadillidium peraccae\"},{\"@type\":\"BreadcrumbList\",\"@id\":\"https:\\\/\\\/antderground.com\\\/en\\\/product\\\/armadillidium-peraccae\\\/#breadcrumb\",\"itemListElement\":[{\"@type\":\"ListItem\",\"position\":1,\"name\":\"Portada\",\"item\":\"https:\\\/\\\/antderground.com\\\/en\\\/\"},{\"@type\":\"ListItem\",\"position\":2,\"name\":\"Products\",\"item\":\"https:\\\/\\\/antderground.com\\\/en\\\/myrmecology-store\\\/\"},{\"@type\":\"ListItem\",\"position\":3,\"name\":\"Armadillidium peraccae\"}]},{\"@type\":\"WebSite\",\"@id\":\"https:\\\/\\\/antderground.com\\\/en\\\/#website\",\"url\":\"https:\\\/\\\/antderground.com\\\/en\\\/\",\"name\":\"ANTDERGROUND\",\"description\":\"Tu tienda de hormigas, gran variedad de hormigueros acr\u00edlicos,madera,arena,3D y mas.. Pide tus hormigas gratis con tu pedido, somos expertos en hormigueros antifugas.\",\"publisher\":{\"@id\":\"https:\\\/\\\/antderground.com\\\/en\\\/#\\\/schema\\\/person\\\/0e322c505e84fe72c65e2f6d08f96b81\"},\"alternateName\":\"Antderground\",\"potentialAction\":[{\"@type\":\"SearchAction\",\"target\":{\"@type\":\"EntryPoint\",\"urlTemplate\":\"https:\\\/\\\/antderground.com\\\/en\\\/?s={search_term_string}\"},\"query-input\":{\"@type\":\"PropertyValueSpecification\",\"valueRequired\":true,\"valueName\":\"search_term_string\"}}],\"inLanguage\":\"en-US\"},{\"@type\":[\"Person\",\"Organization\"],\"@id\":\"https:\\\/\\\/antderground.com\\\/en\\\/#\\\/schema\\\/person\\\/0e322c505e84fe72c65e2f6d08f96b81\",\"name\":\"Eric de Antderground\",\"image\":{\"@type\":\"ImageObject\",\"inLanguage\":\"en-US\",\"@id\":\"https:\\\/\\\/secure.gravatar.com\\\/avatar\\\/c49a1b9f79216d1498cb73c1e85cd47f4465dda35f2a94c03790d491bd4423c3?s=96&d=mm&r=g\",\"url\":\"https:\\\/\\\/secure.gravatar.com\\\/avatar\\\/c49a1b9f79216d1498cb73c1e85cd47f4465dda35f2a94c03790d491bd4423c3?s=96&d=mm&r=g\",\"contentUrl\":\"https:\\\/\\\/secure.gravatar.com\\\/avatar\\\/c49a1b9f79216d1498cb73c1e85cd47f4465dda35f2a94c03790d491bd4423c3?s=96&d=mm&r=g\",\"caption\":\"Eric de Antderground\"},\"logo\":{\"@id\":\"https:\\\/\\\/secure.gravatar.com\\\/avatar\\\/c49a1b9f79216d1498cb73c1e85cd47f4465dda35f2a94c03790d491bd4423c3?s=96&d=mm&r=g\"},\"description\":\"Eric es el especialista y fundador de Antderground, con una amplia trayectoria en artr\u00f3podos y enfocado en la mirmecolog\u00eda y el dise\u00f1o de hormigueros artificiales. Su enfoque combina la innovaci\u00f3n t\u00e9cnica con el respeto por la biolog\u00eda de las hormigas, is\u00f3podos y otros, desarrollando sistemas de nidos modulares 3D y acr\u00edlicos que son referentes para aficionados y profesionales en toda Europa. Su objetivo es facilitar la cr\u00eda de hormigas y otros artr\u00f3podos mediante soluciones seguras y divulgaci\u00f3n de calidad.\",\"sameAs\":[\"https:\\\/\\\/antderground.com\\\/\",\"https:\\\/\\\/www.youtube.com\\\/channel\\\/UCio72z7TlbufkAthAJIJfPw\"]}]}<\/script>\n<!-- \/ Yoast SEO plugin. -->","yoast_head_json":{"title":"Armadillidium peraccae | Buy your Isopods - ANTDERGROUND","description":"Armadillidium peraccae isopod for terrariums: small grey and white, coiled arthropod, ideal for humid habitats, helps in decomposition.","robots":{"index":"index","follow":"follow","max-snippet":"max-snippet:-1","max-image-preview":"max-image-preview:large","max-video-preview":"max-video-preview:-1"},"canonical":"https:\/\/antderground.com\/en\/product\/armadillidium-peraccae\/","og_locale":"en_US","og_type":"article","og_title":"Armadillidium peraccae | Buy your Isopods - ANTDERGROUND","og_description":"Armadillidium peraccae isopod for terrariums: small grey and white, coiled arthropod, ideal for humid habitats, helps in decomposition.","og_url":"https:\/\/antderground.com\/en\/product\/armadillidium-peraccae\/","og_site_name":"ANTDERGROUND","article_modified_time":"2025-12-15T13:41:44+00:00","og_image":[{"width":1600,"height":1600,"url":"https:\/\/antderground.com\/wp-content\/uploads\/2024\/08\/armadillidium-peraccae.jpeg","type":"image\/jpeg"}],"twitter_card":"summary_large_image","twitter_misc":{"Est. reading time":"1 minute"},"schema":{"@context":"https:\/\/schema.org","@graph":[{"@type":"WebPage","@id":"https:\/\/antderground.com\/en\/product\/armadillidium-peraccae\/","url":"https:\/\/antderground.com\/en\/product\/armadillidium-peraccae\/","name":"Armadillidium peraccae | Buy your Isopods - ANTDERGROUND","isPartOf":{"@id":"https:\/\/antderground.com\/en\/#website"},"primaryImageOfPage":{"@id":"https:\/\/antderground.com\/en\/product\/armadillidium-peraccae\/#primaryimage"},"image":{"@id":"https:\/\/antderground.com\/en\/product\/armadillidium-peraccae\/#primaryimage"},"thumbnailUrl":"https:\/\/antderground.com\/wp-content\/uploads\/2024\/08\/armadillidium-peraccae.jpeg","datePublished":"2024-08-23T11:12:39+00:00","dateModified":"2025-12-15T13:41:44+00:00","description":"Armadillidium peraccae isopod for terrariums: small grey and white, coiled arthropod, ideal for humid habitats, helps in decomposition.","breadcrumb":{"@id":"https:\/\/antderground.com\/en\/product\/armadillidium-peraccae\/#breadcrumb"},"inLanguage":"en-US","potentialAction":[{"@type":"ReadAction","target":["https:\/\/antderground.com\/en\/product\/armadillidium-peraccae\/"]}]},{"@type":"ImageObject","inLanguage":"en-US","@id":"https:\/\/antderground.com\/en\/product\/armadillidium-peraccae\/#primaryimage","url":"https:\/\/antderground.com\/wp-content\/uploads\/2024\/08\/armadillidium-peraccae.jpeg","contentUrl":"https:\/\/antderground.com\/wp-content\/uploads\/2024\/08\/armadillidium-peraccae.jpeg","width":1600,"height":1600,"caption":"armadillidium peraccae"},{"@type":"BreadcrumbList","@id":"https:\/\/antderground.com\/en\/product\/armadillidium-peraccae\/#breadcrumb","itemListElement":[{"@type":"ListItem","position":1,"name":"Portada","item":"https:\/\/antderground.com\/en\/"},{"@type":"ListItem","position":2,"name":"Products","item":"https:\/\/antderground.com\/en\/myrmecology-store\/"},{"@type":"ListItem","position":3,"name":"Armadillidium peraccae"}]},{"@type":"WebSite","@id":"https:\/\/antderground.com\/en\/#website","url":"https:\/\/antderground.com\/en\/","name":"ANTDERGROUND","description":"Tu tienda de hormigas, gran variedad de hormigueros acr\u00edlicos,madera,arena,3D y mas.. Pide tus hormigas gratis con tu pedido, somos expertos en hormigueros antifugas.","publisher":{"@id":"https:\/\/antderground.com\/en\/#\/schema\/person\/0e322c505e84fe72c65e2f6d08f96b81"},"alternateName":"Antderground","potentialAction":[{"@type":"SearchAction","target":{"@type":"EntryPoint","urlTemplate":"https:\/\/antderground.com\/en\/?s={search_term_string}"},"query-input":{"@type":"PropertyValueSpecification","valueRequired":true,"valueName":"search_term_string"}}],"inLanguage":"en-US"},{"@type":["Person","Organization"],"@id":"https:\/\/antderground.com\/en\/#\/schema\/person\/0e322c505e84fe72c65e2f6d08f96b81","name":"Eric de Antderground","image":{"@type":"ImageObject","inLanguage":"en-US","@id":"https:\/\/secure.gravatar.com\/avatar\/c49a1b9f79216d1498cb73c1e85cd47f4465dda35f2a94c03790d491bd4423c3?s=96&d=mm&r=g","url":"https:\/\/secure.gravatar.com\/avatar\/c49a1b9f79216d1498cb73c1e85cd47f4465dda35f2a94c03790d491bd4423c3?s=96&d=mm&r=g","contentUrl":"https:\/\/secure.gravatar.com\/avatar\/c49a1b9f79216d1498cb73c1e85cd47f4465dda35f2a94c03790d491bd4423c3?s=96&d=mm&r=g","caption":"Eric de Antderground"},"logo":{"@id":"https:\/\/secure.gravatar.com\/avatar\/c49a1b9f79216d1498cb73c1e85cd47f4465dda35f2a94c03790d491bd4423c3?s=96&d=mm&r=g"},"description":"Eric es el especialista y fundador de Antderground, con una amplia trayectoria en artr\u00f3podos y enfocado en la mirmecolog\u00eda y el dise\u00f1o de hormigueros artificiales. Su enfoque combina la innovaci\u00f3n t\u00e9cnica con el respeto por la biolog\u00eda de las hormigas, is\u00f3podos y otros, desarrollando sistemas de nidos modulares 3D y acr\u00edlicos que son referentes para aficionados y profesionales en toda Europa. Su objetivo es facilitar la cr\u00eda de hormigas y otros artr\u00f3podos mediante soluciones seguras y divulgaci\u00f3n de calidad.","sameAs":["https:\/\/antderground.com\/","https:\/\/www.youtube.com\/channel\/UCio72z7TlbufkAthAJIJfPw"]}]}},"_links":{"self":[{"href":"https:\/\/antderground.com\/en\/wp-json\/wp\/v2\/product\/36218","targetHints":{"allow":["GET"]}}],"collection":[{"href":"https:\/\/antderground.com\/en\/wp-json\/wp\/v2\/product"}],"about":[{"href":"https:\/\/antderground.com\/en\/wp-json\/wp\/v2\/types\/product"}],"version-history":[{"count":0,"href":"https:\/\/antderground.com\/en\/wp-json\/wp\/v2\/product\/36218\/revisions"}],"wp:featuredmedia":[{"embeddable":true,"href":"https:\/\/antderground.com\/en\/wp-json\/wp\/v2\/media\/35945"}],"wp:attachment":[{"href":"https:\/\/antderground.com\/en\/wp-json\/wp\/v2\/media?parent=36218"}],"wp:term":[{"taxonomy":"product_brand","embeddable":true,"href":"https:\/\/antderground.com\/en\/wp-json\/wp\/v2\/product_brand?post=36218"},{"taxonomy":"product_cat","embeddable":true,"href":"https:\/\/antderground.com\/en\/wp-json\/wp\/v2\/product_cat?post=36218"},{"taxonomy":"product_tag","embeddable":true,"href":"https:\/\/antderground.com\/en\/wp-json\/wp\/v2\/product_tag?post=36218"}],"curies":[{"name":"wp","href":"https:\/\/api.w.org\/{rel}","templated":true}]}}