{"id":36244,"date":"2024-08-23T15:52:32","date_gmt":"2024-08-23T13:52:32","guid":{"rendered":"https:\/\/www.antderground.com\/producto\/armadillidium-vulgare\/"},"modified":"2025-07-06T12:41:17","modified_gmt":"2025-07-06T10:41:17","slug":"armadillidium-vulgare","status":"publish","type":"product","link":"https:\/\/antderground.com\/en\/product\/armadillidium-vulgare\/","title":{"rendered":"Armadillidium vulgare"},"content":{"rendered":"<h3><strong>Technical Sheet of the Isopod <em>Armadillidium vulgare<\/em><\/strong><\/h3>\n<p><strong>Scientific Name:<\/strong> <em>Armadillidium vulgare<\/em><\/p>\n<p><strong>Common Name:<\/strong> Pill bug, roly-poly, common woodlouse.<\/p>\n<p><strong>Classification:<\/strong><\/p>\n<ul>\n<li><strong>Kingdom:<\/strong> Animalia<\/li>\n<li><strong>Phylum:<\/strong> Arthropoda<\/li>\n<li><strong>Class:<\/strong> Malacostraca<\/li>\n<li><strong>Order:<\/strong> Isopoda<\/li>\n<li><strong>Family:<\/strong> Armadillidiidae<\/li>\n<li><strong>Genus:<\/strong> Armadillidium<\/li>\n<li><strong>Species:<\/strong> <em>A. vulgare<\/em><\/li>\n<\/ul>\n<p><strong>Distribution:<\/strong><\/p>\n<ul>\n<li><strong>Geographical Range:<\/strong> Native to the Mediterranean region, but has spread to many parts of the world, including North America, South America, and other temperate regions.<\/li>\n<\/ul>\n<p><strong>Habitat:<\/strong><\/p>\n<ul>\n<li>Prefers moist, shaded environments such as forests, gardens, and areas with leaf litter. It can also be found in urban areas, living under stones, logs, and in damp places.<\/li>\n<\/ul>\n<p><strong>Physical Characteristics:<\/strong><\/p>\n<ul>\n<li><strong>Size:<\/strong> Generally between 12 and 16 mm in length.<\/li>\n<li><strong>Shape:<\/strong> Oval and flattened dorsoventrally.<\/li>\n<li><strong>Color:<\/strong> Varies from gray to brown, and can have lighter or darker coloration patterns.<\/li>\n<li><strong>Exoskeleton:<\/strong> Hardened and segmented, allowing for flexibility and protection.<\/li>\n<\/ul>\n<p><strong>Behavior:<\/strong><\/p>\n<ul>\n<li><strong>Activity:<\/strong> Primarily nocturnal. It hides during the day and emerges at night to forage.<\/li>\n<li><strong>Mobility:<\/strong> Moves slowly and has the ability to roll into a ball to protect itself from predators and adverse conditions.<\/li>\n<\/ul>\n<p><strong>Diet:<\/strong><\/p>\n<ul>\n<li><strong>Feeding Habits:<\/strong> Detritivore. Feeds on decomposing organic matter, such as dead leaves, decaying wood, and plant debris. It may also consume fungi and small amounts of animal matter.<\/li>\n<\/ul>\n<p><strong>Reproduction:<\/strong><\/p>\n<ul>\n<li><strong>Reproduction Method:<\/strong> Oviparous. The female carries the eggs in a pouch called a marsupium, located on her abdomen.<\/li>\n<li><strong>Number of Eggs:<\/strong> Can lay between 20 and 40 eggs per brood.<\/li>\n<li><strong>Development:<\/strong> The eggs hatch into small juveniles that resemble adults in shape but are smaller and lack wings.<\/li>\n<\/ul>\n","protected":false},"excerpt":{"rendered":"<p>Decorate your terrarium with Armadillidium vulgare! This little pill bug, with its compact shape and ability to roll up, is perfect for keeping the soil clean by breaking down organic matter. It adds an interesting and useful touch to your miniature ecosystem!<\/p>\n","protected":false},"featured_media":35956,"template":"","meta":[],"product_brand":[],"product_cat":[479,485,711],"product_tag":[],"class_list":{"0":"post-36244","1":"product","2":"type-product","3":"status-publish","4":"has-post-thumbnail","6":"product_cat-arthropods","7":"product_cat-isopods","8":"product_cat-armadillidium","10":"first","11":"instock","12":"shipping-taxable","13":"purchasable","14":"product-type-variable"},"yoast_head":"<!-- This site is optimized with the Yoast SEO plugin v27.3 - https:\/\/yoast.com\/product\/yoast-seo-wordpress\/ -->\n<title>Armadillidium vulgare | Isopod shop | Arthropods - ANTDERGROUND<\/title>\n<meta name=\"description\" content=\"Add the Armadillidium vulgare siopod to your terrarium: a pellet bug that cleans the soil by decomposing organic matter and enriches your miniature ecosystem.\" \/>\n<meta name=\"robots\" content=\"index, follow, max-snippet:-1, max-image-preview:large, max-video-preview:-1\" \/>\n<link rel=\"canonical\" href=\"https:\/\/antderground.com\/en\/product\/armadillidium-vulgare\/\" \/>\n<meta property=\"og:locale\" content=\"en_US\" \/>\n<meta property=\"og:type\" content=\"article\" \/>\n<meta property=\"og:title\" content=\"Armadillidium vulgare | Isopod shop | Arthropods - ANTDERGROUND\" \/>\n<meta property=\"og:description\" content=\"Add the Armadillidium vulgare siopod to your terrarium: a pellet bug that cleans the soil by decomposing organic matter and enriches your miniature ecosystem.\" \/>\n<meta property=\"og:url\" content=\"https:\/\/antderground.com\/en\/product\/armadillidium-vulgare\/\" \/>\n<meta property=\"og:site_name\" content=\"ANTDERGROUND\" \/>\n<meta property=\"article:modified_time\" content=\"2025-07-06T10:41:17+00:00\" \/>\n<meta property=\"og:image\" content=\"https:\/\/antderground.com\/wp-content\/uploads\/2024\/08\/armadillidium-vulgare.jpeg\" \/>\n\t<meta property=\"og:image:width\" content=\"1600\" \/>\n\t<meta property=\"og:image:height\" content=\"1600\" \/>\n\t<meta property=\"og:image:type\" content=\"image\/jpeg\" \/>\n<meta name=\"twitter:card\" content=\"summary_large_image\" \/>\n<meta name=\"twitter:label1\" content=\"Est. reading time\" \/>\n\t<meta name=\"twitter:data1\" content=\"1 minute\" \/>\n<script type=\"application\/ld+json\" class=\"yoast-schema-graph\">{\"@context\":\"https:\\\/\\\/schema.org\",\"@graph\":[{\"@type\":\"WebPage\",\"@id\":\"https:\\\/\\\/antderground.com\\\/en\\\/product\\\/armadillidium-vulgare\\\/\",\"url\":\"https:\\\/\\\/antderground.com\\\/en\\\/product\\\/armadillidium-vulgare\\\/\",\"name\":\"Armadillidium vulgare | Isopod shop | Arthropods - ANTDERGROUND\",\"isPartOf\":{\"@id\":\"https:\\\/\\\/antderground.com\\\/en\\\/#website\"},\"primaryImageOfPage\":{\"@id\":\"https:\\\/\\\/antderground.com\\\/en\\\/product\\\/armadillidium-vulgare\\\/#primaryimage\"},\"image\":{\"@id\":\"https:\\\/\\\/antderground.com\\\/en\\\/product\\\/armadillidium-vulgare\\\/#primaryimage\"},\"thumbnailUrl\":\"https:\\\/\\\/antderground.com\\\/wp-content\\\/uploads\\\/2024\\\/08\\\/armadillidium-vulgare.jpeg\",\"datePublished\":\"2024-08-23T13:52:32+00:00\",\"dateModified\":\"2025-07-06T10:41:17+00:00\",\"description\":\"Add the Armadillidium vulgare siopod to your terrarium: a pellet bug that cleans the soil by decomposing organic matter and enriches your miniature ecosystem.\",\"breadcrumb\":{\"@id\":\"https:\\\/\\\/antderground.com\\\/en\\\/product\\\/armadillidium-vulgare\\\/#breadcrumb\"},\"inLanguage\":\"en-US\",\"potentialAction\":[{\"@type\":\"ReadAction\",\"target\":[\"https:\\\/\\\/antderground.com\\\/en\\\/product\\\/armadillidium-vulgare\\\/\"]}]},{\"@type\":\"ImageObject\",\"inLanguage\":\"en-US\",\"@id\":\"https:\\\/\\\/antderground.com\\\/en\\\/product\\\/armadillidium-vulgare\\\/#primaryimage\",\"url\":\"https:\\\/\\\/antderground.com\\\/wp-content\\\/uploads\\\/2024\\\/08\\\/armadillidium-vulgare.jpeg\",\"contentUrl\":\"https:\\\/\\\/antderground.com\\\/wp-content\\\/uploads\\\/2024\\\/08\\\/armadillidium-vulgare.jpeg\",\"width\":1600,\"height\":1600,\"caption\":\"isopod Armadillidium vulgare\"},{\"@type\":\"BreadcrumbList\",\"@id\":\"https:\\\/\\\/antderground.com\\\/en\\\/product\\\/armadillidium-vulgare\\\/#breadcrumb\",\"itemListElement\":[{\"@type\":\"ListItem\",\"position\":1,\"name\":\"Portada\",\"item\":\"https:\\\/\\\/antderground.com\\\/en\\\/\"},{\"@type\":\"ListItem\",\"position\":2,\"name\":\"Products\",\"item\":\"https:\\\/\\\/antderground.com\\\/en\\\/myrmecology-store\\\/\"},{\"@type\":\"ListItem\",\"position\":3,\"name\":\"Armadillidium vulgare\"}]},{\"@type\":\"WebSite\",\"@id\":\"https:\\\/\\\/antderground.com\\\/en\\\/#website\",\"url\":\"https:\\\/\\\/antderground.com\\\/en\\\/\",\"name\":\"ANTDERGROUND\",\"description\":\"Tu tienda de hormigas, gran variedad de hormigueros acr\u00edlicos,madera,arena,3D y mas.. Pide tus hormigas gratis con tu pedido, somos expertos en hormigueros antifugas.\",\"publisher\":{\"@id\":\"https:\\\/\\\/antderground.com\\\/en\\\/#\\\/schema\\\/person\\\/0e322c505e84fe72c65e2f6d08f96b81\"},\"alternateName\":\"Antderground\",\"potentialAction\":[{\"@type\":\"SearchAction\",\"target\":{\"@type\":\"EntryPoint\",\"urlTemplate\":\"https:\\\/\\\/antderground.com\\\/en\\\/?s={search_term_string}\"},\"query-input\":{\"@type\":\"PropertyValueSpecification\",\"valueRequired\":true,\"valueName\":\"search_term_string\"}}],\"inLanguage\":\"en-US\"},{\"@type\":[\"Person\",\"Organization\"],\"@id\":\"https:\\\/\\\/antderground.com\\\/en\\\/#\\\/schema\\\/person\\\/0e322c505e84fe72c65e2f6d08f96b81\",\"name\":\"Eric de Antderground\",\"image\":{\"@type\":\"ImageObject\",\"inLanguage\":\"en-US\",\"@id\":\"https:\\\/\\\/secure.gravatar.com\\\/avatar\\\/c49a1b9f79216d1498cb73c1e85cd47f4465dda35f2a94c03790d491bd4423c3?s=96&d=mm&r=g\",\"url\":\"https:\\\/\\\/secure.gravatar.com\\\/avatar\\\/c49a1b9f79216d1498cb73c1e85cd47f4465dda35f2a94c03790d491bd4423c3?s=96&d=mm&r=g\",\"contentUrl\":\"https:\\\/\\\/secure.gravatar.com\\\/avatar\\\/c49a1b9f79216d1498cb73c1e85cd47f4465dda35f2a94c03790d491bd4423c3?s=96&d=mm&r=g\",\"caption\":\"Eric de Antderground\"},\"logo\":{\"@id\":\"https:\\\/\\\/secure.gravatar.com\\\/avatar\\\/c49a1b9f79216d1498cb73c1e85cd47f4465dda35f2a94c03790d491bd4423c3?s=96&d=mm&r=g\"},\"description\":\"Eric es el especialista y fundador de Antderground, con una amplia trayectoria en artr\u00f3podos y enfocado en la mirmecolog\u00eda y el dise\u00f1o de hormigueros artificiales. Su enfoque combina la innovaci\u00f3n t\u00e9cnica con el respeto por la biolog\u00eda de las hormigas, is\u00f3podos y otros, desarrollando sistemas de nidos modulares 3D y acr\u00edlicos que son referentes para aficionados y profesionales en toda Europa. Su objetivo es facilitar la cr\u00eda de hormigas y otros artr\u00f3podos mediante soluciones seguras y divulgaci\u00f3n de calidad.\",\"sameAs\":[\"https:\\\/\\\/antderground.com\\\/\",\"https:\\\/\\\/www.youtube.com\\\/channel\\\/UCio72z7TlbufkAthAJIJfPw\"]}]}<\/script>\n<!-- \/ Yoast SEO plugin. -->","yoast_head_json":{"title":"Armadillidium vulgare | Isopod shop | Arthropods - ANTDERGROUND","description":"Add the Armadillidium vulgare siopod to your terrarium: a pellet bug that cleans the soil by decomposing organic matter and enriches your miniature ecosystem.","robots":{"index":"index","follow":"follow","max-snippet":"max-snippet:-1","max-image-preview":"max-image-preview:large","max-video-preview":"max-video-preview:-1"},"canonical":"https:\/\/antderground.com\/en\/product\/armadillidium-vulgare\/","og_locale":"en_US","og_type":"article","og_title":"Armadillidium vulgare | Isopod shop | Arthropods - ANTDERGROUND","og_description":"Add the Armadillidium vulgare siopod to your terrarium: a pellet bug that cleans the soil by decomposing organic matter and enriches your miniature ecosystem.","og_url":"https:\/\/antderground.com\/en\/product\/armadillidium-vulgare\/","og_site_name":"ANTDERGROUND","article_modified_time":"2025-07-06T10:41:17+00:00","og_image":[{"width":1600,"height":1600,"url":"https:\/\/antderground.com\/wp-content\/uploads\/2024\/08\/armadillidium-vulgare.jpeg","type":"image\/jpeg"}],"twitter_card":"summary_large_image","twitter_misc":{"Est. reading time":"1 minute"},"schema":{"@context":"https:\/\/schema.org","@graph":[{"@type":"WebPage","@id":"https:\/\/antderground.com\/en\/product\/armadillidium-vulgare\/","url":"https:\/\/antderground.com\/en\/product\/armadillidium-vulgare\/","name":"Armadillidium vulgare | Isopod shop | Arthropods - ANTDERGROUND","isPartOf":{"@id":"https:\/\/antderground.com\/en\/#website"},"primaryImageOfPage":{"@id":"https:\/\/antderground.com\/en\/product\/armadillidium-vulgare\/#primaryimage"},"image":{"@id":"https:\/\/antderground.com\/en\/product\/armadillidium-vulgare\/#primaryimage"},"thumbnailUrl":"https:\/\/antderground.com\/wp-content\/uploads\/2024\/08\/armadillidium-vulgare.jpeg","datePublished":"2024-08-23T13:52:32+00:00","dateModified":"2025-07-06T10:41:17+00:00","description":"Add the Armadillidium vulgare siopod to your terrarium: a pellet bug that cleans the soil by decomposing organic matter and enriches your miniature ecosystem.","breadcrumb":{"@id":"https:\/\/antderground.com\/en\/product\/armadillidium-vulgare\/#breadcrumb"},"inLanguage":"en-US","potentialAction":[{"@type":"ReadAction","target":["https:\/\/antderground.com\/en\/product\/armadillidium-vulgare\/"]}]},{"@type":"ImageObject","inLanguage":"en-US","@id":"https:\/\/antderground.com\/en\/product\/armadillidium-vulgare\/#primaryimage","url":"https:\/\/antderground.com\/wp-content\/uploads\/2024\/08\/armadillidium-vulgare.jpeg","contentUrl":"https:\/\/antderground.com\/wp-content\/uploads\/2024\/08\/armadillidium-vulgare.jpeg","width":1600,"height":1600,"caption":"isopod Armadillidium vulgare"},{"@type":"BreadcrumbList","@id":"https:\/\/antderground.com\/en\/product\/armadillidium-vulgare\/#breadcrumb","itemListElement":[{"@type":"ListItem","position":1,"name":"Portada","item":"https:\/\/antderground.com\/en\/"},{"@type":"ListItem","position":2,"name":"Products","item":"https:\/\/antderground.com\/en\/myrmecology-store\/"},{"@type":"ListItem","position":3,"name":"Armadillidium vulgare"}]},{"@type":"WebSite","@id":"https:\/\/antderground.com\/en\/#website","url":"https:\/\/antderground.com\/en\/","name":"ANTDERGROUND","description":"Tu tienda de hormigas, gran variedad de hormigueros acr\u00edlicos,madera,arena,3D y mas.. Pide tus hormigas gratis con tu pedido, somos expertos en hormigueros antifugas.","publisher":{"@id":"https:\/\/antderground.com\/en\/#\/schema\/person\/0e322c505e84fe72c65e2f6d08f96b81"},"alternateName":"Antderground","potentialAction":[{"@type":"SearchAction","target":{"@type":"EntryPoint","urlTemplate":"https:\/\/antderground.com\/en\/?s={search_term_string}"},"query-input":{"@type":"PropertyValueSpecification","valueRequired":true,"valueName":"search_term_string"}}],"inLanguage":"en-US"},{"@type":["Person","Organization"],"@id":"https:\/\/antderground.com\/en\/#\/schema\/person\/0e322c505e84fe72c65e2f6d08f96b81","name":"Eric de Antderground","image":{"@type":"ImageObject","inLanguage":"en-US","@id":"https:\/\/secure.gravatar.com\/avatar\/c49a1b9f79216d1498cb73c1e85cd47f4465dda35f2a94c03790d491bd4423c3?s=96&d=mm&r=g","url":"https:\/\/secure.gravatar.com\/avatar\/c49a1b9f79216d1498cb73c1e85cd47f4465dda35f2a94c03790d491bd4423c3?s=96&d=mm&r=g","contentUrl":"https:\/\/secure.gravatar.com\/avatar\/c49a1b9f79216d1498cb73c1e85cd47f4465dda35f2a94c03790d491bd4423c3?s=96&d=mm&r=g","caption":"Eric de Antderground"},"logo":{"@id":"https:\/\/secure.gravatar.com\/avatar\/c49a1b9f79216d1498cb73c1e85cd47f4465dda35f2a94c03790d491bd4423c3?s=96&d=mm&r=g"},"description":"Eric es el especialista y fundador de Antderground, con una amplia trayectoria en artr\u00f3podos y enfocado en la mirmecolog\u00eda y el dise\u00f1o de hormigueros artificiales. Su enfoque combina la innovaci\u00f3n t\u00e9cnica con el respeto por la biolog\u00eda de las hormigas, is\u00f3podos y otros, desarrollando sistemas de nidos modulares 3D y acr\u00edlicos que son referentes para aficionados y profesionales en toda Europa. Su objetivo es facilitar la cr\u00eda de hormigas y otros artr\u00f3podos mediante soluciones seguras y divulgaci\u00f3n de calidad.","sameAs":["https:\/\/antderground.com\/","https:\/\/www.youtube.com\/channel\/UCio72z7TlbufkAthAJIJfPw"]}]}},"_links":{"self":[{"href":"https:\/\/antderground.com\/en\/wp-json\/wp\/v2\/product\/36244","targetHints":{"allow":["GET"]}}],"collection":[{"href":"https:\/\/antderground.com\/en\/wp-json\/wp\/v2\/product"}],"about":[{"href":"https:\/\/antderground.com\/en\/wp-json\/wp\/v2\/types\/product"}],"version-history":[{"count":0,"href":"https:\/\/antderground.com\/en\/wp-json\/wp\/v2\/product\/36244\/revisions"}],"wp:featuredmedia":[{"embeddable":true,"href":"https:\/\/antderground.com\/en\/wp-json\/wp\/v2\/media\/35956"}],"wp:attachment":[{"href":"https:\/\/antderground.com\/en\/wp-json\/wp\/v2\/media?parent=36244"}],"wp:term":[{"taxonomy":"product_brand","embeddable":true,"href":"https:\/\/antderground.com\/en\/wp-json\/wp\/v2\/product_brand?post=36244"},{"taxonomy":"product_cat","embeddable":true,"href":"https:\/\/antderground.com\/en\/wp-json\/wp\/v2\/product_cat?post=36244"},{"taxonomy":"product_tag","embeddable":true,"href":"https:\/\/antderground.com\/en\/wp-json\/wp\/v2\/product_tag?post=36244"}],"curies":[{"name":"wp","href":"https:\/\/api.w.org\/{rel}","templated":true}]}}