{"id":36275,"date":"2024-08-26T19:37:56","date_gmt":"2024-08-26T17:37:56","guid":{"rendered":"https:\/\/www.antderground.com\/producto\/alder-cones-50gr\/"},"modified":"2025-09-12T11:02:24","modified_gmt":"2025-09-12T09:02:24","slug":"alder-cones-50gr","status":"publish","type":"product","link":"https:\/\/antderground.com\/en\/product\/alder-cones-50gr\/","title":{"rendered":"Alder cones 50gr"},"content":{"rendered":"<h3>Technical Data Sheet: <strong>Alder Cones<\/strong> (Alnus spp.)<\/h3>\n<h4><strong>Product Description<\/strong><\/h4>\n<ul>\n<li><strong>Common Name:<\/strong> Alder cones<\/li>\n<li><strong>Scientific Name:<\/strong> Alnus spp.<\/li>\n<li><strong>Family:<\/strong> Betulaceae<\/li>\n<li><strong>Part Used:<\/strong> Dried fruits (woody cones)<\/li>\n<li><strong>Origin:<\/strong> Temperate regions of the Northern Hemisphere (North America, Europe, Asia).<\/li>\n<li><strong>Shape:<\/strong> Small woody cones, 1 to 3 cm in length, dark brown or black in color.<\/li>\n<\/ul>\n<h4><strong>Physical Characteristics<\/strong><\/h4>\n<ul>\n<li><strong>Size:<\/strong> 1 &#8211; 3 cm<\/li>\n<li><strong>Color:<\/strong> Dark brown to black<\/li>\n<li><strong>Texture:<\/strong> Woody, hard, and rough<\/li>\n<li><strong>Durability:<\/strong> Long-lasting in aquatic environments.<\/li>\n<\/ul>\n<h4><strong>Properties<\/strong><\/h4>\n<ul>\n<li><strong>Astringent:<\/strong> Contains tannins that help reduce bacterial and fungal infections in aquatic animals.<\/li>\n<li><strong>Antiseptic:<\/strong> Natural properties that prevent infections in aquatic animals, contributing to a healthier environment.<\/li>\n<li><strong>Tannin Release:<\/strong> Produces tannins that acidify the water, mimicking the natural conditions of certain animals&#8217; habitats.<\/li>\n<\/ul>\n<h4><strong>Applications in the Animal World<\/strong><\/h4>\n<ol>\n<li><strong>Aquariums (tropical fish and other aquatic animals):<\/strong>\n<ul>\n<li><strong>Water Quality Improvement:<\/strong> Alder cones are particularly useful in aquariums, as they release tannins that help:\n<ul>\n<li>Lower the water&#8217;s pH, creating a more acidic environment.<\/li>\n<li>Recreate the conditions of blackwater rivers (common in South America, where fish like bettas and tetras live).<\/li>\n<li>Mimic natural environments, reducing stress in fish and other aquatic animals.<\/li>\n<\/ul>\n<\/li>\n<li><strong>Disease Prevention:<\/strong> The released tannins have antimicrobial properties that prevent bacterial and fungal infections in fish, shrimp, amphibians, and other aquatic animals.<\/li>\n<li><strong>Natural Stimulants:<\/strong> Improve the overall health of fish, promote fin regeneration, and reduce the risk of fungal infections.<\/li>\n<\/ul>\n<\/li>\n<li><strong>Terrariums and Paludariums (amphibians and aquatic reptiles):<\/strong>\n<ul>\n<li><strong>Habitat Improvement:<\/strong> Used in habitats for frogs, salamanders, and other amphibians, alder cones improve water quality and prevent skin and eye infections in these animals.<\/li>\n<li><strong>Simulation of Natural Environments:<\/strong> Create water conditions similar to swamps and humid forests where these animals naturally live.<\/li>\n<\/ul>\n<\/li>\n<\/ol>\n","protected":false},"excerpt":{"rendered":"<p>Alder cones are perfect for aquariums and terrariums, releasing tannins that improve water quality, reduce pH and prevent infections in fish and amphibians. They create a more natural, healthy and aesthetically appealing environment. Ideal for terrariums and tropical aquariums!<\/p>\n","protected":false},"featured_media":36031,"template":"","meta":[],"product_brand":[],"product_cat":[644],"product_tag":[],"class_list":{"0":"post-36275","1":"product","2":"type-product","3":"status-publish","4":"has-post-thumbnail","6":"product_cat-botanicals","8":"first","9":"instock","10":"shipping-taxable","11":"purchasable","12":"product-type-simple"},"yoast_head":"<!-- This site is optimized with the Yoast SEO plugin v27.4 - https:\/\/yoast.com\/product\/yoast-seo-wordpress\/ -->\n<title>Alder cones 50gr | Terrariums | Paludariums | Aquariums - ANTDERGROUND<\/title>\n<meta name=\"description\" content=\"Enhance aquariums and terrariums with alder cones. They reduce pH, prevent infections and create an ideal natural environment for fish, amphibians and reptiles.\" \/>\n<meta name=\"robots\" content=\"index, follow, max-snippet:-1, max-image-preview:large, max-video-preview:-1\" \/>\n<link rel=\"canonical\" href=\"https:\/\/antderground.com\/en\/product\/alder-cones-50gr\/\" \/>\n<meta property=\"og:locale\" content=\"en_US\" \/>\n<meta property=\"og:type\" content=\"article\" \/>\n<meta property=\"og:title\" content=\"Alder cones 50gr | Terrariums | Paludariums | Aquariums - ANTDERGROUND\" \/>\n<meta property=\"og:description\" content=\"Enhance aquariums and terrariums with alder cones. They reduce pH, prevent infections and create an ideal natural environment for fish, amphibians and reptiles.\" \/>\n<meta property=\"og:url\" content=\"https:\/\/antderground.com\/en\/product\/alder-cones-50gr\/\" \/>\n<meta property=\"og:site_name\" content=\"ANTDERGROUND\" \/>\n<meta property=\"article:modified_time\" content=\"2025-09-12T09:02:24+00:00\" \/>\n<meta property=\"og:image\" content=\"https:\/\/antderground.com\/wp-content\/uploads\/2024\/08\/pinas-de-aliso.jpg\" \/>\n\t<meta property=\"og:image:width\" content=\"2048\" \/>\n\t<meta property=\"og:image:height\" content=\"2048\" \/>\n\t<meta property=\"og:image:type\" content=\"image\/jpeg\" \/>\n<meta name=\"twitter:card\" content=\"summary_large_image\" \/>\n<meta name=\"twitter:label1\" content=\"Est. reading time\" \/>\n\t<meta name=\"twitter:data1\" content=\"1 minute\" \/>\n<script type=\"application\/ld+json\" class=\"yoast-schema-graph\">{\"@context\":\"https:\\\/\\\/schema.org\",\"@graph\":[{\"@type\":\"WebPage\",\"@id\":\"https:\\\/\\\/antderground.com\\\/en\\\/product\\\/alder-cones-50gr\\\/\",\"url\":\"https:\\\/\\\/antderground.com\\\/en\\\/product\\\/alder-cones-50gr\\\/\",\"name\":\"Alder cones 50gr | Terrariums | Paludariums | Aquariums - ANTDERGROUND\",\"isPartOf\":{\"@id\":\"https:\\\/\\\/antderground.com\\\/en\\\/#website\"},\"primaryImageOfPage\":{\"@id\":\"https:\\\/\\\/antderground.com\\\/en\\\/product\\\/alder-cones-50gr\\\/#primaryimage\"},\"image\":{\"@id\":\"https:\\\/\\\/antderground.com\\\/en\\\/product\\\/alder-cones-50gr\\\/#primaryimage\"},\"thumbnailUrl\":\"https:\\\/\\\/antderground.com\\\/wp-content\\\/uploads\\\/2024\\\/08\\\/pinas-de-aliso.jpg\",\"datePublished\":\"2024-08-26T17:37:56+00:00\",\"dateModified\":\"2025-09-12T09:02:24+00:00\",\"description\":\"Enhance aquariums and terrariums with alder cones. They reduce pH, prevent infections and create an ideal natural environment for fish, amphibians and reptiles.\",\"breadcrumb\":{\"@id\":\"https:\\\/\\\/antderground.com\\\/en\\\/product\\\/alder-cones-50gr\\\/#breadcrumb\"},\"inLanguage\":\"en-US\",\"potentialAction\":[{\"@type\":\"ReadAction\",\"target\":[\"https:\\\/\\\/antderground.com\\\/en\\\/product\\\/alder-cones-50gr\\\/\"]}]},{\"@type\":\"ImageObject\",\"inLanguage\":\"en-US\",\"@id\":\"https:\\\/\\\/antderground.com\\\/en\\\/product\\\/alder-cones-50gr\\\/#primaryimage\",\"url\":\"https:\\\/\\\/antderground.com\\\/wp-content\\\/uploads\\\/2024\\\/08\\\/pinas-de-aliso.jpg\",\"contentUrl\":\"https:\\\/\\\/antderground.com\\\/wp-content\\\/uploads\\\/2024\\\/08\\\/pinas-de-aliso.jpg\",\"width\":2048,\"height\":2048,\"caption\":\"Alder cones\"},{\"@type\":\"BreadcrumbList\",\"@id\":\"https:\\\/\\\/antderground.com\\\/en\\\/product\\\/alder-cones-50gr\\\/#breadcrumb\",\"itemListElement\":[{\"@type\":\"ListItem\",\"position\":1,\"name\":\"Portada\",\"item\":\"https:\\\/\\\/antderground.com\\\/en\\\/\"},{\"@type\":\"ListItem\",\"position\":2,\"name\":\"Products\",\"item\":\"https:\\\/\\\/antderground.com\\\/en\\\/myrmecology-store\\\/\"},{\"@type\":\"ListItem\",\"position\":3,\"name\":\"Alder cones 50gr\"}]},{\"@type\":\"WebSite\",\"@id\":\"https:\\\/\\\/antderground.com\\\/en\\\/#website\",\"url\":\"https:\\\/\\\/antderground.com\\\/en\\\/\",\"name\":\"ANTDERGROUND\",\"description\":\"Tu tienda de hormigas, gran variedad de hormigueros acr\u00edlicos,madera,arena,3D y mas.. Pide tus hormigas gratis con tu pedido, somos expertos en hormigueros antifugas.\",\"publisher\":{\"@id\":\"https:\\\/\\\/antderground.com\\\/en\\\/#\\\/schema\\\/person\\\/0e322c505e84fe72c65e2f6d08f96b81\"},\"alternateName\":\"Antderground\",\"potentialAction\":[{\"@type\":\"SearchAction\",\"target\":{\"@type\":\"EntryPoint\",\"urlTemplate\":\"https:\\\/\\\/antderground.com\\\/en\\\/?s={search_term_string}\"},\"query-input\":{\"@type\":\"PropertyValueSpecification\",\"valueRequired\":true,\"valueName\":\"search_term_string\"}}],\"inLanguage\":\"en-US\"},{\"@type\":[\"Person\",\"Organization\"],\"@id\":\"https:\\\/\\\/antderground.com\\\/en\\\/#\\\/schema\\\/person\\\/0e322c505e84fe72c65e2f6d08f96b81\",\"name\":\"Eric de Antderground\",\"image\":{\"@type\":\"ImageObject\",\"inLanguage\":\"en-US\",\"@id\":\"https:\\\/\\\/secure.gravatar.com\\\/avatar\\\/c49a1b9f79216d1498cb73c1e85cd47f4465dda35f2a94c03790d491bd4423c3?s=96&d=mm&r=g\",\"url\":\"https:\\\/\\\/secure.gravatar.com\\\/avatar\\\/c49a1b9f79216d1498cb73c1e85cd47f4465dda35f2a94c03790d491bd4423c3?s=96&d=mm&r=g\",\"contentUrl\":\"https:\\\/\\\/secure.gravatar.com\\\/avatar\\\/c49a1b9f79216d1498cb73c1e85cd47f4465dda35f2a94c03790d491bd4423c3?s=96&d=mm&r=g\",\"caption\":\"Eric de Antderground\"},\"logo\":{\"@id\":\"https:\\\/\\\/secure.gravatar.com\\\/avatar\\\/c49a1b9f79216d1498cb73c1e85cd47f4465dda35f2a94c03790d491bd4423c3?s=96&d=mm&r=g\"},\"description\":\"Eric es el especialista y fundador de Antderground, con una amplia trayectoria en artr\u00f3podos y enfocado en la mirmecolog\u00eda y el dise\u00f1o de hormigueros artificiales. Su enfoque combina la innovaci\u00f3n t\u00e9cnica con el respeto por la biolog\u00eda de las hormigas, is\u00f3podos y otros, desarrollando sistemas de nidos modulares 3D y acr\u00edlicos que son referentes para aficionados y profesionales en toda Europa. Su objetivo es facilitar la cr\u00eda de hormigas y otros artr\u00f3podos mediante soluciones seguras y divulgaci\u00f3n de calidad.\",\"sameAs\":[\"https:\\\/\\\/antderground.com\\\/\",\"https:\\\/\\\/www.youtube.com\\\/channel\\\/UCio72z7TlbufkAthAJIJfPw\"]}]}<\/script>\n<!-- \/ Yoast SEO plugin. -->","yoast_head_json":{"title":"Alder cones 50gr | Terrariums | Paludariums | Aquariums - ANTDERGROUND","description":"Enhance aquariums and terrariums with alder cones. They reduce pH, prevent infections and create an ideal natural environment for fish, amphibians and reptiles.","robots":{"index":"index","follow":"follow","max-snippet":"max-snippet:-1","max-image-preview":"max-image-preview:large","max-video-preview":"max-video-preview:-1"},"canonical":"https:\/\/antderground.com\/en\/product\/alder-cones-50gr\/","og_locale":"en_US","og_type":"article","og_title":"Alder cones 50gr | Terrariums | Paludariums | Aquariums - ANTDERGROUND","og_description":"Enhance aquariums and terrariums with alder cones. They reduce pH, prevent infections and create an ideal natural environment for fish, amphibians and reptiles.","og_url":"https:\/\/antderground.com\/en\/product\/alder-cones-50gr\/","og_site_name":"ANTDERGROUND","article_modified_time":"2025-09-12T09:02:24+00:00","og_image":[{"width":2048,"height":2048,"url":"https:\/\/antderground.com\/wp-content\/uploads\/2024\/08\/pinas-de-aliso.jpg","type":"image\/jpeg"}],"twitter_card":"summary_large_image","twitter_misc":{"Est. reading time":"1 minute"},"schema":{"@context":"https:\/\/schema.org","@graph":[{"@type":"WebPage","@id":"https:\/\/antderground.com\/en\/product\/alder-cones-50gr\/","url":"https:\/\/antderground.com\/en\/product\/alder-cones-50gr\/","name":"Alder cones 50gr | Terrariums | Paludariums | Aquariums - ANTDERGROUND","isPartOf":{"@id":"https:\/\/antderground.com\/en\/#website"},"primaryImageOfPage":{"@id":"https:\/\/antderground.com\/en\/product\/alder-cones-50gr\/#primaryimage"},"image":{"@id":"https:\/\/antderground.com\/en\/product\/alder-cones-50gr\/#primaryimage"},"thumbnailUrl":"https:\/\/antderground.com\/wp-content\/uploads\/2024\/08\/pinas-de-aliso.jpg","datePublished":"2024-08-26T17:37:56+00:00","dateModified":"2025-09-12T09:02:24+00:00","description":"Enhance aquariums and terrariums with alder cones. They reduce pH, prevent infections and create an ideal natural environment for fish, amphibians and reptiles.","breadcrumb":{"@id":"https:\/\/antderground.com\/en\/product\/alder-cones-50gr\/#breadcrumb"},"inLanguage":"en-US","potentialAction":[{"@type":"ReadAction","target":["https:\/\/antderground.com\/en\/product\/alder-cones-50gr\/"]}]},{"@type":"ImageObject","inLanguage":"en-US","@id":"https:\/\/antderground.com\/en\/product\/alder-cones-50gr\/#primaryimage","url":"https:\/\/antderground.com\/wp-content\/uploads\/2024\/08\/pinas-de-aliso.jpg","contentUrl":"https:\/\/antderground.com\/wp-content\/uploads\/2024\/08\/pinas-de-aliso.jpg","width":2048,"height":2048,"caption":"Alder cones"},{"@type":"BreadcrumbList","@id":"https:\/\/antderground.com\/en\/product\/alder-cones-50gr\/#breadcrumb","itemListElement":[{"@type":"ListItem","position":1,"name":"Portada","item":"https:\/\/antderground.com\/en\/"},{"@type":"ListItem","position":2,"name":"Products","item":"https:\/\/antderground.com\/en\/myrmecology-store\/"},{"@type":"ListItem","position":3,"name":"Alder cones 50gr"}]},{"@type":"WebSite","@id":"https:\/\/antderground.com\/en\/#website","url":"https:\/\/antderground.com\/en\/","name":"ANTDERGROUND","description":"Tu tienda de hormigas, gran variedad de hormigueros acr\u00edlicos,madera,arena,3D y mas.. Pide tus hormigas gratis con tu pedido, somos expertos en hormigueros antifugas.","publisher":{"@id":"https:\/\/antderground.com\/en\/#\/schema\/person\/0e322c505e84fe72c65e2f6d08f96b81"},"alternateName":"Antderground","potentialAction":[{"@type":"SearchAction","target":{"@type":"EntryPoint","urlTemplate":"https:\/\/antderground.com\/en\/?s={search_term_string}"},"query-input":{"@type":"PropertyValueSpecification","valueRequired":true,"valueName":"search_term_string"}}],"inLanguage":"en-US"},{"@type":["Person","Organization"],"@id":"https:\/\/antderground.com\/en\/#\/schema\/person\/0e322c505e84fe72c65e2f6d08f96b81","name":"Eric de Antderground","image":{"@type":"ImageObject","inLanguage":"en-US","@id":"https:\/\/secure.gravatar.com\/avatar\/c49a1b9f79216d1498cb73c1e85cd47f4465dda35f2a94c03790d491bd4423c3?s=96&d=mm&r=g","url":"https:\/\/secure.gravatar.com\/avatar\/c49a1b9f79216d1498cb73c1e85cd47f4465dda35f2a94c03790d491bd4423c3?s=96&d=mm&r=g","contentUrl":"https:\/\/secure.gravatar.com\/avatar\/c49a1b9f79216d1498cb73c1e85cd47f4465dda35f2a94c03790d491bd4423c3?s=96&d=mm&r=g","caption":"Eric de Antderground"},"logo":{"@id":"https:\/\/secure.gravatar.com\/avatar\/c49a1b9f79216d1498cb73c1e85cd47f4465dda35f2a94c03790d491bd4423c3?s=96&d=mm&r=g"},"description":"Eric es el especialista y fundador de Antderground, con una amplia trayectoria en artr\u00f3podos y enfocado en la mirmecolog\u00eda y el dise\u00f1o de hormigueros artificiales. Su enfoque combina la innovaci\u00f3n t\u00e9cnica con el respeto por la biolog\u00eda de las hormigas, is\u00f3podos y otros, desarrollando sistemas de nidos modulares 3D y acr\u00edlicos que son referentes para aficionados y profesionales en toda Europa. Su objetivo es facilitar la cr\u00eda de hormigas y otros artr\u00f3podos mediante soluciones seguras y divulgaci\u00f3n de calidad.","sameAs":["https:\/\/antderground.com\/","https:\/\/www.youtube.com\/channel\/UCio72z7TlbufkAthAJIJfPw"]}]}},"_links":{"self":[{"href":"https:\/\/antderground.com\/en\/wp-json\/wp\/v2\/product\/36275","targetHints":{"allow":["GET"]}}],"collection":[{"href":"https:\/\/antderground.com\/en\/wp-json\/wp\/v2\/product"}],"about":[{"href":"https:\/\/antderground.com\/en\/wp-json\/wp\/v2\/types\/product"}],"version-history":[{"count":0,"href":"https:\/\/antderground.com\/en\/wp-json\/wp\/v2\/product\/36275\/revisions"}],"wp:featuredmedia":[{"embeddable":true,"href":"https:\/\/antderground.com\/en\/wp-json\/wp\/v2\/media\/36031"}],"wp:attachment":[{"href":"https:\/\/antderground.com\/en\/wp-json\/wp\/v2\/media?parent=36275"}],"wp:term":[{"taxonomy":"product_brand","embeddable":true,"href":"https:\/\/antderground.com\/en\/wp-json\/wp\/v2\/product_brand?post=36275"},{"taxonomy":"product_cat","embeddable":true,"href":"https:\/\/antderground.com\/en\/wp-json\/wp\/v2\/product_cat?post=36275"},{"taxonomy":"product_tag","embeddable":true,"href":"https:\/\/antderground.com\/en\/wp-json\/wp\/v2\/product_tag?post=36275"}],"curies":[{"name":"wp","href":"https:\/\/api.w.org\/{rel}","templated":true}]}}