{"id":36361,"date":"2024-09-05T16:01:51","date_gmt":"2024-09-05T14:01:51","guid":{"rendered":"https:\/\/www.antderground.com\/producto\/merulanella-tricolor\/"},"modified":"2024-09-05T16:01:51","modified_gmt":"2024-09-05T14:01:51","slug":"merulanella-tricolor","status":"publish","type":"product","link":"https:\/\/antderground.com\/en\/product\/merulanella-tricolor\/","title":{"rendered":"Merulanella Tricolor"},"content":{"rendered":"<h2><strong>Technical Sheet: Isopod <em>Merulanella Tricolor<\/em><\/strong><\/h2>\n<h3>Taxonomy:<\/h3>\n<ul>\n<li><strong>Kingdom<\/strong>: Animalia<\/li>\n<li><strong>Phylum<\/strong>: Arthropoda<\/li>\n<li><strong>Class<\/strong>: Malacostraca<\/li>\n<li><strong>Order<\/strong>: Isopoda<\/li>\n<li><strong>Family<\/strong>: Trichoniscidae<\/li>\n<li><strong>Genus<\/strong>: Merulanella<\/li>\n<li><strong>Species<\/strong>: <em>Merulanella tricolor<\/em><\/li>\n<\/ul>\n<h3>Description:<\/h3>\n<ul>\n<li><strong>Size<\/strong>: Generally between 3 to 5 mm in length.<\/li>\n<li><strong>Coloration<\/strong>: As the name suggests, it has a distinctive tricolor pattern, consisting of shades of red, yellow, and black.<\/li>\n<li><strong>Body Shape<\/strong>: It has an oval, segmented body typical of terrestrial isopods, with a protective exoskeleton. Its antennae are relatively long and thin.<\/li>\n<li><strong>Color Pattern<\/strong>: The colors are arranged in bands or spots evenly distributed across the body, although the exact pattern may vary between individuals.<\/li>\n<\/ul>\n<h3>Distribution:<\/h3>\n<ul>\n<li><strong>Habitat<\/strong>: It is a terrestrial isopod found in tropical regions, particularly in areas with high humidity and dense vegetation. It is found in Southeast Asia, in places like Malaysia and Borneo.<\/li>\n<\/ul>\n<h3>Habits and behavior:<\/h3>\n<ul>\n<li><strong>Diet<\/strong>: It feeds mainly on decaying organic material, such as leaves, wood, and other plant debris.<\/li>\n<li><strong>Behavior<\/strong>: They are nocturnal, seeking shelter during the day under logs, stones, and leaf litter. They move slowly and are harmless to humans.<\/li>\n<\/ul>\n<h3>Reproduction:<\/h3>\n<ul>\n<li><strong>Reproduction<\/strong>: Like most isopods, <em>Merulanella tricolor<\/em> reproduces by laying eggs. The female carries the eggs in a special brood pouch under her body until the young are ready to emerge.<\/li>\n<\/ul>\n<h3>Ecological importance:<\/h3>\n<ul>\n<li><strong>Role in Ecosystem<\/strong>: It contributes to the decomposition of organic material, helping to recycle nutrients in the ecosystems where it lives.<\/li>\n<\/ul>\n","protected":false},"excerpt":{"rendered":"<p>Merulanella tricolor is an exotic isopod with vibrant red, yellow and black colors. Perfect for terrariums, this striking organism contributes to the balance of the ecosystem by breaking down organic matter, keeping its environment clean and healthy.<\/p>\n","protected":false},"featured_media":36319,"template":"","meta":[],"product_brand":[],"product_cat":[479,485,705],"product_tag":[],"class_list":{"0":"post-36361","1":"product","2":"type-product","3":"status-publish","4":"has-post-thumbnail","6":"product_cat-arthropods","7":"product_cat-isopods","8":"product_cat-ardentiella","10":"first","11":"outofstock","12":"shipping-taxable","13":"purchasable","14":"product-type-variable"},"yoast_head":"<!-- This site is optimized with the Yoast SEO plugin v27.3 - https:\/\/yoast.com\/product\/yoast-seo-wordpress\/ -->\n<title>Merulanella Tricolor | Exotic isopod - ANTDERGROUND<\/title>\n<meta name=\"description\" content=\"Merulanella tricolor, an exotic, brightly colored isopod, ideal for terrariums, helps decompose organic matter and keep the ecosystem clean.\" \/>\n<meta name=\"robots\" content=\"index, follow, max-snippet:-1, max-image-preview:large, max-video-preview:-1\" \/>\n<link rel=\"canonical\" href=\"https:\/\/antderground.com\/en\/product\/merulanella-tricolor\/\" \/>\n<meta property=\"og:locale\" content=\"en_US\" \/>\n<meta property=\"og:type\" content=\"article\" \/>\n<meta property=\"og:title\" content=\"Merulanella Tricolor | Exotic isopod - ANTDERGROUND\" \/>\n<meta property=\"og:description\" content=\"Merulanella tricolor, an exotic, brightly colored isopod, ideal for terrariums, helps decompose organic matter and keep the ecosystem clean.\" \/>\n<meta property=\"og:url\" content=\"https:\/\/antderground.com\/en\/product\/merulanella-tricolor\/\" \/>\n<meta property=\"og:site_name\" content=\"ANTDERGROUND\" \/>\n<meta property=\"og:image\" content=\"https:\/\/antderground.com\/wp-content\/uploads\/2024\/09\/merulanella-tricolor.jpg\" \/>\n\t<meta property=\"og:image:width\" content=\"2194\" \/>\n\t<meta property=\"og:image:height\" content=\"2194\" \/>\n\t<meta property=\"og:image:type\" content=\"image\/jpeg\" \/>\n<meta name=\"twitter:card\" content=\"summary_large_image\" \/>\n<meta name=\"twitter:label1\" content=\"Est. reading time\" \/>\n\t<meta name=\"twitter:data1\" content=\"1 minute\" \/>\n<script type=\"application\/ld+json\" class=\"yoast-schema-graph\">{\"@context\":\"https:\\\/\\\/schema.org\",\"@graph\":[{\"@type\":\"WebPage\",\"@id\":\"https:\\\/\\\/antderground.com\\\/en\\\/product\\\/merulanella-tricolor\\\/\",\"url\":\"https:\\\/\\\/antderground.com\\\/en\\\/product\\\/merulanella-tricolor\\\/\",\"name\":\"Merulanella Tricolor | Exotic isopod - ANTDERGROUND\",\"isPartOf\":{\"@id\":\"https:\\\/\\\/antderground.com\\\/en\\\/#website\"},\"primaryImageOfPage\":{\"@id\":\"https:\\\/\\\/antderground.com\\\/en\\\/product\\\/merulanella-tricolor\\\/#primaryimage\"},\"image\":{\"@id\":\"https:\\\/\\\/antderground.com\\\/en\\\/product\\\/merulanella-tricolor\\\/#primaryimage\"},\"thumbnailUrl\":\"https:\\\/\\\/antderground.com\\\/wp-content\\\/uploads\\\/2024\\\/09\\\/merulanella-tricolor.jpg\",\"datePublished\":\"2024-09-05T14:01:51+00:00\",\"description\":\"Merulanella tricolor, an exotic, brightly colored isopod, ideal for terrariums, helps decompose organic matter and keep the ecosystem clean.\",\"breadcrumb\":{\"@id\":\"https:\\\/\\\/antderground.com\\\/en\\\/product\\\/merulanella-tricolor\\\/#breadcrumb\"},\"inLanguage\":\"en-US\",\"potentialAction\":[{\"@type\":\"ReadAction\",\"target\":[\"https:\\\/\\\/antderground.com\\\/en\\\/product\\\/merulanella-tricolor\\\/\"]}]},{\"@type\":\"ImageObject\",\"inLanguage\":\"en-US\",\"@id\":\"https:\\\/\\\/antderground.com\\\/en\\\/product\\\/merulanella-tricolor\\\/#primaryimage\",\"url\":\"https:\\\/\\\/antderground.com\\\/wp-content\\\/uploads\\\/2024\\\/09\\\/merulanella-tricolor.jpg\",\"contentUrl\":\"https:\\\/\\\/antderground.com\\\/wp-content\\\/uploads\\\/2024\\\/09\\\/merulanella-tricolor.jpg\",\"width\":2194,\"height\":2194,\"caption\":\"merulanella tricolor\"},{\"@type\":\"BreadcrumbList\",\"@id\":\"https:\\\/\\\/antderground.com\\\/en\\\/product\\\/merulanella-tricolor\\\/#breadcrumb\",\"itemListElement\":[{\"@type\":\"ListItem\",\"position\":1,\"name\":\"Portada\",\"item\":\"https:\\\/\\\/antderground.com\\\/en\\\/\"},{\"@type\":\"ListItem\",\"position\":2,\"name\":\"Products\",\"item\":\"https:\\\/\\\/antderground.com\\\/en\\\/myrmecology-store\\\/\"},{\"@type\":\"ListItem\",\"position\":3,\"name\":\"Merulanella Tricolor\"}]},{\"@type\":\"WebSite\",\"@id\":\"https:\\\/\\\/antderground.com\\\/en\\\/#website\",\"url\":\"https:\\\/\\\/antderground.com\\\/en\\\/\",\"name\":\"ANTDERGROUND\",\"description\":\"Tu tienda de hormigas, gran variedad de hormigueros acr\u00edlicos,madera,arena,3D y mas.. Pide tus hormigas gratis con tu pedido, somos expertos en hormigueros antifugas.\",\"publisher\":{\"@id\":\"https:\\\/\\\/antderground.com\\\/en\\\/#\\\/schema\\\/person\\\/0e322c505e84fe72c65e2f6d08f96b81\"},\"alternateName\":\"Antderground\",\"potentialAction\":[{\"@type\":\"SearchAction\",\"target\":{\"@type\":\"EntryPoint\",\"urlTemplate\":\"https:\\\/\\\/antderground.com\\\/en\\\/?s={search_term_string}\"},\"query-input\":{\"@type\":\"PropertyValueSpecification\",\"valueRequired\":true,\"valueName\":\"search_term_string\"}}],\"inLanguage\":\"en-US\"},{\"@type\":[\"Person\",\"Organization\"],\"@id\":\"https:\\\/\\\/antderground.com\\\/en\\\/#\\\/schema\\\/person\\\/0e322c505e84fe72c65e2f6d08f96b81\",\"name\":\"Eric de Antderground\",\"image\":{\"@type\":\"ImageObject\",\"inLanguage\":\"en-US\",\"@id\":\"https:\\\/\\\/secure.gravatar.com\\\/avatar\\\/c49a1b9f79216d1498cb73c1e85cd47f4465dda35f2a94c03790d491bd4423c3?s=96&d=mm&r=g\",\"url\":\"https:\\\/\\\/secure.gravatar.com\\\/avatar\\\/c49a1b9f79216d1498cb73c1e85cd47f4465dda35f2a94c03790d491bd4423c3?s=96&d=mm&r=g\",\"contentUrl\":\"https:\\\/\\\/secure.gravatar.com\\\/avatar\\\/c49a1b9f79216d1498cb73c1e85cd47f4465dda35f2a94c03790d491bd4423c3?s=96&d=mm&r=g\",\"caption\":\"Eric de Antderground\"},\"logo\":{\"@id\":\"https:\\\/\\\/secure.gravatar.com\\\/avatar\\\/c49a1b9f79216d1498cb73c1e85cd47f4465dda35f2a94c03790d491bd4423c3?s=96&d=mm&r=g\"},\"description\":\"Eric es el especialista y fundador de Antderground, con una amplia trayectoria en artr\u00f3podos y enfocado en la mirmecolog\u00eda y el dise\u00f1o de hormigueros artificiales. Su enfoque combina la innovaci\u00f3n t\u00e9cnica con el respeto por la biolog\u00eda de las hormigas, is\u00f3podos y otros, desarrollando sistemas de nidos modulares 3D y acr\u00edlicos que son referentes para aficionados y profesionales en toda Europa. Su objetivo es facilitar la cr\u00eda de hormigas y otros artr\u00f3podos mediante soluciones seguras y divulgaci\u00f3n de calidad.\",\"sameAs\":[\"https:\\\/\\\/antderground.com\\\/\",\"https:\\\/\\\/www.youtube.com\\\/channel\\\/UCio72z7TlbufkAthAJIJfPw\"]}]}<\/script>\n<!-- \/ Yoast SEO plugin. -->","yoast_head_json":{"title":"Merulanella Tricolor | Exotic isopod - ANTDERGROUND","description":"Merulanella tricolor, an exotic, brightly colored isopod, ideal for terrariums, helps decompose organic matter and keep the ecosystem clean.","robots":{"index":"index","follow":"follow","max-snippet":"max-snippet:-1","max-image-preview":"max-image-preview:large","max-video-preview":"max-video-preview:-1"},"canonical":"https:\/\/antderground.com\/en\/product\/merulanella-tricolor\/","og_locale":"en_US","og_type":"article","og_title":"Merulanella Tricolor | Exotic isopod - ANTDERGROUND","og_description":"Merulanella tricolor, an exotic, brightly colored isopod, ideal for terrariums, helps decompose organic matter and keep the ecosystem clean.","og_url":"https:\/\/antderground.com\/en\/product\/merulanella-tricolor\/","og_site_name":"ANTDERGROUND","og_image":[{"width":2194,"height":2194,"url":"https:\/\/antderground.com\/wp-content\/uploads\/2024\/09\/merulanella-tricolor.jpg","type":"image\/jpeg"}],"twitter_card":"summary_large_image","twitter_misc":{"Est. reading time":"1 minute"},"schema":{"@context":"https:\/\/schema.org","@graph":[{"@type":"WebPage","@id":"https:\/\/antderground.com\/en\/product\/merulanella-tricolor\/","url":"https:\/\/antderground.com\/en\/product\/merulanella-tricolor\/","name":"Merulanella Tricolor | Exotic isopod - ANTDERGROUND","isPartOf":{"@id":"https:\/\/antderground.com\/en\/#website"},"primaryImageOfPage":{"@id":"https:\/\/antderground.com\/en\/product\/merulanella-tricolor\/#primaryimage"},"image":{"@id":"https:\/\/antderground.com\/en\/product\/merulanella-tricolor\/#primaryimage"},"thumbnailUrl":"https:\/\/antderground.com\/wp-content\/uploads\/2024\/09\/merulanella-tricolor.jpg","datePublished":"2024-09-05T14:01:51+00:00","description":"Merulanella tricolor, an exotic, brightly colored isopod, ideal for terrariums, helps decompose organic matter and keep the ecosystem clean.","breadcrumb":{"@id":"https:\/\/antderground.com\/en\/product\/merulanella-tricolor\/#breadcrumb"},"inLanguage":"en-US","potentialAction":[{"@type":"ReadAction","target":["https:\/\/antderground.com\/en\/product\/merulanella-tricolor\/"]}]},{"@type":"ImageObject","inLanguage":"en-US","@id":"https:\/\/antderground.com\/en\/product\/merulanella-tricolor\/#primaryimage","url":"https:\/\/antderground.com\/wp-content\/uploads\/2024\/09\/merulanella-tricolor.jpg","contentUrl":"https:\/\/antderground.com\/wp-content\/uploads\/2024\/09\/merulanella-tricolor.jpg","width":2194,"height":2194,"caption":"merulanella tricolor"},{"@type":"BreadcrumbList","@id":"https:\/\/antderground.com\/en\/product\/merulanella-tricolor\/#breadcrumb","itemListElement":[{"@type":"ListItem","position":1,"name":"Portada","item":"https:\/\/antderground.com\/en\/"},{"@type":"ListItem","position":2,"name":"Products","item":"https:\/\/antderground.com\/en\/myrmecology-store\/"},{"@type":"ListItem","position":3,"name":"Merulanella Tricolor"}]},{"@type":"WebSite","@id":"https:\/\/antderground.com\/en\/#website","url":"https:\/\/antderground.com\/en\/","name":"ANTDERGROUND","description":"Tu tienda de hormigas, gran variedad de hormigueros acr\u00edlicos,madera,arena,3D y mas.. Pide tus hormigas gratis con tu pedido, somos expertos en hormigueros antifugas.","publisher":{"@id":"https:\/\/antderground.com\/en\/#\/schema\/person\/0e322c505e84fe72c65e2f6d08f96b81"},"alternateName":"Antderground","potentialAction":[{"@type":"SearchAction","target":{"@type":"EntryPoint","urlTemplate":"https:\/\/antderground.com\/en\/?s={search_term_string}"},"query-input":{"@type":"PropertyValueSpecification","valueRequired":true,"valueName":"search_term_string"}}],"inLanguage":"en-US"},{"@type":["Person","Organization"],"@id":"https:\/\/antderground.com\/en\/#\/schema\/person\/0e322c505e84fe72c65e2f6d08f96b81","name":"Eric de Antderground","image":{"@type":"ImageObject","inLanguage":"en-US","@id":"https:\/\/secure.gravatar.com\/avatar\/c49a1b9f79216d1498cb73c1e85cd47f4465dda35f2a94c03790d491bd4423c3?s=96&d=mm&r=g","url":"https:\/\/secure.gravatar.com\/avatar\/c49a1b9f79216d1498cb73c1e85cd47f4465dda35f2a94c03790d491bd4423c3?s=96&d=mm&r=g","contentUrl":"https:\/\/secure.gravatar.com\/avatar\/c49a1b9f79216d1498cb73c1e85cd47f4465dda35f2a94c03790d491bd4423c3?s=96&d=mm&r=g","caption":"Eric de Antderground"},"logo":{"@id":"https:\/\/secure.gravatar.com\/avatar\/c49a1b9f79216d1498cb73c1e85cd47f4465dda35f2a94c03790d491bd4423c3?s=96&d=mm&r=g"},"description":"Eric es el especialista y fundador de Antderground, con una amplia trayectoria en artr\u00f3podos y enfocado en la mirmecolog\u00eda y el dise\u00f1o de hormigueros artificiales. Su enfoque combina la innovaci\u00f3n t\u00e9cnica con el respeto por la biolog\u00eda de las hormigas, is\u00f3podos y otros, desarrollando sistemas de nidos modulares 3D y acr\u00edlicos que son referentes para aficionados y profesionales en toda Europa. Su objetivo es facilitar la cr\u00eda de hormigas y otros artr\u00f3podos mediante soluciones seguras y divulgaci\u00f3n de calidad.","sameAs":["https:\/\/antderground.com\/","https:\/\/www.youtube.com\/channel\/UCio72z7TlbufkAthAJIJfPw"]}]}},"_links":{"self":[{"href":"https:\/\/antderground.com\/en\/wp-json\/wp\/v2\/product\/36361","targetHints":{"allow":["GET"]}}],"collection":[{"href":"https:\/\/antderground.com\/en\/wp-json\/wp\/v2\/product"}],"about":[{"href":"https:\/\/antderground.com\/en\/wp-json\/wp\/v2\/types\/product"}],"version-history":[{"count":0,"href":"https:\/\/antderground.com\/en\/wp-json\/wp\/v2\/product\/36361\/revisions"}],"wp:featuredmedia":[{"embeddable":true,"href":"https:\/\/antderground.com\/en\/wp-json\/wp\/v2\/media\/36319"}],"wp:attachment":[{"href":"https:\/\/antderground.com\/en\/wp-json\/wp\/v2\/media?parent=36361"}],"wp:term":[{"taxonomy":"product_brand","embeddable":true,"href":"https:\/\/antderground.com\/en\/wp-json\/wp\/v2\/product_brand?post=36361"},{"taxonomy":"product_cat","embeddable":true,"href":"https:\/\/antderground.com\/en\/wp-json\/wp\/v2\/product_cat?post=36361"},{"taxonomy":"product_tag","embeddable":true,"href":"https:\/\/antderground.com\/en\/wp-json\/wp\/v2\/product_tag?post=36361"}],"curies":[{"name":"wp","href":"https:\/\/api.w.org\/{rel}","templated":true}]}}