{"id":36556,"date":"2024-09-20T11:28:46","date_gmt":"2024-09-20T09:28:46","guid":{"rendered":"https:\/\/www.antderground.com\/producto\/vertical-ant-nest-t-with-substrate\/"},"modified":"2024-09-20T11:28:46","modified_gmt":"2024-09-20T09:28:46","slug":"vertical-ant-nest-t-with-substrate","status":"publish","type":"product","link":"https:\/\/antderground.com\/en\/product\/vertical-ant-nest-t-with-substrate\/","title":{"rendered":"Vertical Ant Nest T (with substrate)"},"content":{"rendered":"<h3>Vertical Ant Farm Format T: Fusion of Nest and Foraging<\/h3>\n<p><strong>General description:<\/strong><br \/>\nThe vertical ant farm in format T is an innovative solution that combines the nest and foraging zones into a single design. Both areas are connected by a hole that allows easy access for the ants between their two environments.<\/p>\n<p><strong>Nest zone:<\/strong><br \/>\nThe nest section measures 15&#215;15 cm and is made of natural substrate. It is ideal for ants to build their own tunnels, recreating an environment similar to what they find in nature.<\/p>\n<p><strong>Foraging zone:<\/strong><br \/>\nThe foraging space measures 6x18x8 cm. Here, ants can search for food, store resources, and explore safely.<\/p>\n<p><strong>Design advantages<\/strong><\/p>\n<ul>\n<li><strong>Space-saving with vertical format<\/strong><br \/>\nThis compact design is perfect for those looking to optimize space. Being vertical, the ant farm not only accommodates a growing colony of ants but also reduces the need for a large surface area, making it an ideal option for any setting, such as desks or shelves.<\/li>\n<li><strong>Direct observation of ants in both zones<\/strong><br \/>\nThanks to the vertical layout and transparent material, this ant farm facilitates observation in both the nest and foraging areas. Users can closely follow the activities of the ants, from tunnel construction in the substrate to their behavior in collecting and storing food, making it an educational and entertaining tool.<\/li>\n<li><strong>Natural environment for ant development<\/strong><br \/>\nThe nest zone is designed with substrate that allows ants to dig and create their own tunnels, recreating their natural habitat. This promotes the well-being of the colony and provides a more authentic experience for both the ants and observers, fostering instinctual and healthy behaviors within the colony.<\/li>\n<\/ul>\n","protected":false},"excerpt":{"rendered":"<p>Vertical ant nest in (T) format with nest area (15&#215;15 cm) with substrate and foraging area (6x18x8 cm), ideal for the observation and natural development of ants. It combines both areas through an access hole, allowing a practical and compact environment.<\/p>\n<p>Includes:<br \/>\n&#8211; Vertical Ant nest T<br \/>\n&#8211; Substrate.<br \/>\n&#8211; Pipette (for humidity).<\/p>\n","protected":false},"featured_media":36549,"template":"","meta":[],"product_brand":[],"product_cat":[207,432,210],"product_tag":[],"class_list":{"0":"post-36556","1":"product","2":"type-product","3":"status-publish","4":"has-post-thumbnail","6":"product_cat-ant-nests","7":"product_cat-3d-ant-nests","8":"product_cat-vertical-ant-nests","10":"first","11":"instock","12":"sale","13":"shipping-taxable","14":"purchasable","15":"product-type-simple"},"yoast_head":"<!-- This site is optimized with the Yoast SEO plugin v27.4 - https:\/\/yoast.com\/product\/yoast-seo-wordpress\/ -->\n<title>Vertical Ant Nest T (with substrate) | Formicarium - ANTDERGROUND<\/title>\n<meta name=\"description\" content=\"Vertical ant nest in T format with substrate and foraging. Compact design ideal for the growth and observation of ants. Buy your vertical anthill\" \/>\n<meta name=\"robots\" content=\"index, follow, max-snippet:-1, max-image-preview:large, max-video-preview:-1\" \/>\n<link rel=\"canonical\" href=\"https:\/\/antderground.com\/en\/product\/vertical-ant-nest-t-with-substrate\/\" \/>\n<meta property=\"og:locale\" content=\"en_US\" \/>\n<meta property=\"og:type\" content=\"article\" \/>\n<meta property=\"og:title\" content=\"Vertical Ant Nest T (with substrate) | Formicarium - ANTDERGROUND\" \/>\n<meta property=\"og:description\" content=\"Vertical ant nest in T format with substrate and foraging. Compact design ideal for the growth and observation of ants. Buy your vertical anthill\" \/>\n<meta property=\"og:url\" content=\"https:\/\/antderground.com\/en\/product\/vertical-ant-nest-t-with-substrate\/\" \/>\n<meta property=\"og:site_name\" content=\"ANTDERGROUND\" \/>\n<meta property=\"og:image\" content=\"https:\/\/antderground.com\/wp-content\/uploads\/2024\/09\/hormiguero-version-T.jpg\" \/>\n\t<meta property=\"og:image:width\" content=\"1600\" \/>\n\t<meta property=\"og:image:height\" content=\"1600\" \/>\n\t<meta property=\"og:image:type\" content=\"image\/jpeg\" \/>\n<meta name=\"twitter:card\" content=\"summary_large_image\" \/>\n<meta name=\"twitter:label1\" content=\"Est. reading time\" \/>\n\t<meta name=\"twitter:data1\" content=\"1 minute\" \/>\n<script type=\"application\/ld+json\" class=\"yoast-schema-graph\">{\"@context\":\"https:\\\/\\\/schema.org\",\"@graph\":[{\"@type\":\"WebPage\",\"@id\":\"https:\\\/\\\/antderground.com\\\/en\\\/product\\\/vertical-ant-nest-t-with-substrate\\\/\",\"url\":\"https:\\\/\\\/antderground.com\\\/en\\\/product\\\/vertical-ant-nest-t-with-substrate\\\/\",\"name\":\"Vertical Ant Nest T (with substrate) | Formicarium - ANTDERGROUND\",\"isPartOf\":{\"@id\":\"https:\\\/\\\/antderground.com\\\/en\\\/#website\"},\"primaryImageOfPage\":{\"@id\":\"https:\\\/\\\/antderground.com\\\/en\\\/product\\\/vertical-ant-nest-t-with-substrate\\\/#primaryimage\"},\"image\":{\"@id\":\"https:\\\/\\\/antderground.com\\\/en\\\/product\\\/vertical-ant-nest-t-with-substrate\\\/#primaryimage\"},\"thumbnailUrl\":\"https:\\\/\\\/antderground.com\\\/wp-content\\\/uploads\\\/2024\\\/09\\\/hormiguero-version-T.jpg\",\"datePublished\":\"2024-09-20T09:28:46+00:00\",\"description\":\"Vertical ant nest in T format with substrate and foraging. Compact design ideal for the growth and observation of ants. Buy your vertical anthill\",\"breadcrumb\":{\"@id\":\"https:\\\/\\\/antderground.com\\\/en\\\/product\\\/vertical-ant-nest-t-with-substrate\\\/#breadcrumb\"},\"inLanguage\":\"en-US\",\"potentialAction\":[{\"@type\":\"ReadAction\",\"target\":[\"https:\\\/\\\/antderground.com\\\/en\\\/product\\\/vertical-ant-nest-t-with-substrate\\\/\"]}]},{\"@type\":\"ImageObject\",\"inLanguage\":\"en-US\",\"@id\":\"https:\\\/\\\/antderground.com\\\/en\\\/product\\\/vertical-ant-nest-t-with-substrate\\\/#primaryimage\",\"url\":\"https:\\\/\\\/antderground.com\\\/wp-content\\\/uploads\\\/2024\\\/09\\\/hormiguero-version-T.jpg\",\"contentUrl\":\"https:\\\/\\\/antderground.com\\\/wp-content\\\/uploads\\\/2024\\\/09\\\/hormiguero-version-T.jpg\",\"width\":1600,\"height\":1600,\"caption\":\"Vertical Ant Nest T (with substrate)\"},{\"@type\":\"BreadcrumbList\",\"@id\":\"https:\\\/\\\/antderground.com\\\/en\\\/product\\\/vertical-ant-nest-t-with-substrate\\\/#breadcrumb\",\"itemListElement\":[{\"@type\":\"ListItem\",\"position\":1,\"name\":\"Portada\",\"item\":\"https:\\\/\\\/antderground.com\\\/en\\\/\"},{\"@type\":\"ListItem\",\"position\":2,\"name\":\"Products\",\"item\":\"https:\\\/\\\/antderground.com\\\/en\\\/myrmecology-store\\\/\"},{\"@type\":\"ListItem\",\"position\":3,\"name\":\"Vertical Ant Nest T (with substrate)\"}]},{\"@type\":\"WebSite\",\"@id\":\"https:\\\/\\\/antderground.com\\\/en\\\/#website\",\"url\":\"https:\\\/\\\/antderground.com\\\/en\\\/\",\"name\":\"ANTDERGROUND\",\"description\":\"Tu tienda de hormigas, gran variedad de hormigueros acr\u00edlicos,madera,arena,3D y mas.. Pide tus hormigas gratis con tu pedido, somos expertos en hormigueros antifugas.\",\"publisher\":{\"@id\":\"https:\\\/\\\/antderground.com\\\/en\\\/#\\\/schema\\\/person\\\/0e322c505e84fe72c65e2f6d08f96b81\"},\"alternateName\":\"Antderground\",\"potentialAction\":[{\"@type\":\"SearchAction\",\"target\":{\"@type\":\"EntryPoint\",\"urlTemplate\":\"https:\\\/\\\/antderground.com\\\/en\\\/?s={search_term_string}\"},\"query-input\":{\"@type\":\"PropertyValueSpecification\",\"valueRequired\":true,\"valueName\":\"search_term_string\"}}],\"inLanguage\":\"en-US\"},{\"@type\":[\"Person\",\"Organization\"],\"@id\":\"https:\\\/\\\/antderground.com\\\/en\\\/#\\\/schema\\\/person\\\/0e322c505e84fe72c65e2f6d08f96b81\",\"name\":\"Eric de Antderground\",\"image\":{\"@type\":\"ImageObject\",\"inLanguage\":\"en-US\",\"@id\":\"https:\\\/\\\/secure.gravatar.com\\\/avatar\\\/c49a1b9f79216d1498cb73c1e85cd47f4465dda35f2a94c03790d491bd4423c3?s=96&d=mm&r=g\",\"url\":\"https:\\\/\\\/secure.gravatar.com\\\/avatar\\\/c49a1b9f79216d1498cb73c1e85cd47f4465dda35f2a94c03790d491bd4423c3?s=96&d=mm&r=g\",\"contentUrl\":\"https:\\\/\\\/secure.gravatar.com\\\/avatar\\\/c49a1b9f79216d1498cb73c1e85cd47f4465dda35f2a94c03790d491bd4423c3?s=96&d=mm&r=g\",\"caption\":\"Eric de Antderground\"},\"logo\":{\"@id\":\"https:\\\/\\\/secure.gravatar.com\\\/avatar\\\/c49a1b9f79216d1498cb73c1e85cd47f4465dda35f2a94c03790d491bd4423c3?s=96&d=mm&r=g\"},\"description\":\"Eric es el especialista y fundador de Antderground, con una amplia trayectoria en artr\u00f3podos y enfocado en la mirmecolog\u00eda y el dise\u00f1o de hormigueros artificiales. Su enfoque combina la innovaci\u00f3n t\u00e9cnica con el respeto por la biolog\u00eda de las hormigas, is\u00f3podos y otros, desarrollando sistemas de nidos modulares 3D y acr\u00edlicos que son referentes para aficionados y profesionales en toda Europa. Su objetivo es facilitar la cr\u00eda de hormigas y otros artr\u00f3podos mediante soluciones seguras y divulgaci\u00f3n de calidad.\",\"sameAs\":[\"https:\\\/\\\/antderground.com\\\/\",\"https:\\\/\\\/www.youtube.com\\\/channel\\\/UCio72z7TlbufkAthAJIJfPw\"]}]}<\/script>\n<!-- \/ Yoast SEO plugin. -->","yoast_head_json":{"title":"Vertical Ant Nest T (with substrate) | Formicarium - ANTDERGROUND","description":"Vertical ant nest in T format with substrate and foraging. Compact design ideal for the growth and observation of ants. Buy your vertical anthill","robots":{"index":"index","follow":"follow","max-snippet":"max-snippet:-1","max-image-preview":"max-image-preview:large","max-video-preview":"max-video-preview:-1"},"canonical":"https:\/\/antderground.com\/en\/product\/vertical-ant-nest-t-with-substrate\/","og_locale":"en_US","og_type":"article","og_title":"Vertical Ant Nest T (with substrate) | Formicarium - ANTDERGROUND","og_description":"Vertical ant nest in T format with substrate and foraging. Compact design ideal for the growth and observation of ants. Buy your vertical anthill","og_url":"https:\/\/antderground.com\/en\/product\/vertical-ant-nest-t-with-substrate\/","og_site_name":"ANTDERGROUND","og_image":[{"width":1600,"height":1600,"url":"https:\/\/antderground.com\/wp-content\/uploads\/2024\/09\/hormiguero-version-T.jpg","type":"image\/jpeg"}],"twitter_card":"summary_large_image","twitter_misc":{"Est. reading time":"1 minute"},"schema":{"@context":"https:\/\/schema.org","@graph":[{"@type":"WebPage","@id":"https:\/\/antderground.com\/en\/product\/vertical-ant-nest-t-with-substrate\/","url":"https:\/\/antderground.com\/en\/product\/vertical-ant-nest-t-with-substrate\/","name":"Vertical Ant Nest T (with substrate) | Formicarium - ANTDERGROUND","isPartOf":{"@id":"https:\/\/antderground.com\/en\/#website"},"primaryImageOfPage":{"@id":"https:\/\/antderground.com\/en\/product\/vertical-ant-nest-t-with-substrate\/#primaryimage"},"image":{"@id":"https:\/\/antderground.com\/en\/product\/vertical-ant-nest-t-with-substrate\/#primaryimage"},"thumbnailUrl":"https:\/\/antderground.com\/wp-content\/uploads\/2024\/09\/hormiguero-version-T.jpg","datePublished":"2024-09-20T09:28:46+00:00","description":"Vertical ant nest in T format with substrate and foraging. Compact design ideal for the growth and observation of ants. Buy your vertical anthill","breadcrumb":{"@id":"https:\/\/antderground.com\/en\/product\/vertical-ant-nest-t-with-substrate\/#breadcrumb"},"inLanguage":"en-US","potentialAction":[{"@type":"ReadAction","target":["https:\/\/antderground.com\/en\/product\/vertical-ant-nest-t-with-substrate\/"]}]},{"@type":"ImageObject","inLanguage":"en-US","@id":"https:\/\/antderground.com\/en\/product\/vertical-ant-nest-t-with-substrate\/#primaryimage","url":"https:\/\/antderground.com\/wp-content\/uploads\/2024\/09\/hormiguero-version-T.jpg","contentUrl":"https:\/\/antderground.com\/wp-content\/uploads\/2024\/09\/hormiguero-version-T.jpg","width":1600,"height":1600,"caption":"Vertical Ant Nest T (with substrate)"},{"@type":"BreadcrumbList","@id":"https:\/\/antderground.com\/en\/product\/vertical-ant-nest-t-with-substrate\/#breadcrumb","itemListElement":[{"@type":"ListItem","position":1,"name":"Portada","item":"https:\/\/antderground.com\/en\/"},{"@type":"ListItem","position":2,"name":"Products","item":"https:\/\/antderground.com\/en\/myrmecology-store\/"},{"@type":"ListItem","position":3,"name":"Vertical Ant Nest T (with substrate)"}]},{"@type":"WebSite","@id":"https:\/\/antderground.com\/en\/#website","url":"https:\/\/antderground.com\/en\/","name":"ANTDERGROUND","description":"Tu tienda de hormigas, gran variedad de hormigueros acr\u00edlicos,madera,arena,3D y mas.. Pide tus hormigas gratis con tu pedido, somos expertos en hormigueros antifugas.","publisher":{"@id":"https:\/\/antderground.com\/en\/#\/schema\/person\/0e322c505e84fe72c65e2f6d08f96b81"},"alternateName":"Antderground","potentialAction":[{"@type":"SearchAction","target":{"@type":"EntryPoint","urlTemplate":"https:\/\/antderground.com\/en\/?s={search_term_string}"},"query-input":{"@type":"PropertyValueSpecification","valueRequired":true,"valueName":"search_term_string"}}],"inLanguage":"en-US"},{"@type":["Person","Organization"],"@id":"https:\/\/antderground.com\/en\/#\/schema\/person\/0e322c505e84fe72c65e2f6d08f96b81","name":"Eric de Antderground","image":{"@type":"ImageObject","inLanguage":"en-US","@id":"https:\/\/secure.gravatar.com\/avatar\/c49a1b9f79216d1498cb73c1e85cd47f4465dda35f2a94c03790d491bd4423c3?s=96&d=mm&r=g","url":"https:\/\/secure.gravatar.com\/avatar\/c49a1b9f79216d1498cb73c1e85cd47f4465dda35f2a94c03790d491bd4423c3?s=96&d=mm&r=g","contentUrl":"https:\/\/secure.gravatar.com\/avatar\/c49a1b9f79216d1498cb73c1e85cd47f4465dda35f2a94c03790d491bd4423c3?s=96&d=mm&r=g","caption":"Eric de Antderground"},"logo":{"@id":"https:\/\/secure.gravatar.com\/avatar\/c49a1b9f79216d1498cb73c1e85cd47f4465dda35f2a94c03790d491bd4423c3?s=96&d=mm&r=g"},"description":"Eric es el especialista y fundador de Antderground, con una amplia trayectoria en artr\u00f3podos y enfocado en la mirmecolog\u00eda y el dise\u00f1o de hormigueros artificiales. Su enfoque combina la innovaci\u00f3n t\u00e9cnica con el respeto por la biolog\u00eda de las hormigas, is\u00f3podos y otros, desarrollando sistemas de nidos modulares 3D y acr\u00edlicos que son referentes para aficionados y profesionales en toda Europa. Su objetivo es facilitar la cr\u00eda de hormigas y otros artr\u00f3podos mediante soluciones seguras y divulgaci\u00f3n de calidad.","sameAs":["https:\/\/antderground.com\/","https:\/\/www.youtube.com\/channel\/UCio72z7TlbufkAthAJIJfPw"]}]}},"_links":{"self":[{"href":"https:\/\/antderground.com\/en\/wp-json\/wp\/v2\/product\/36556","targetHints":{"allow":["GET"]}}],"collection":[{"href":"https:\/\/antderground.com\/en\/wp-json\/wp\/v2\/product"}],"about":[{"href":"https:\/\/antderground.com\/en\/wp-json\/wp\/v2\/types\/product"}],"version-history":[{"count":0,"href":"https:\/\/antderground.com\/en\/wp-json\/wp\/v2\/product\/36556\/revisions"}],"wp:featuredmedia":[{"embeddable":true,"href":"https:\/\/antderground.com\/en\/wp-json\/wp\/v2\/media\/36549"}],"wp:attachment":[{"href":"https:\/\/antderground.com\/en\/wp-json\/wp\/v2\/media?parent=36556"}],"wp:term":[{"taxonomy":"product_brand","embeddable":true,"href":"https:\/\/antderground.com\/en\/wp-json\/wp\/v2\/product_brand?post=36556"},{"taxonomy":"product_cat","embeddable":true,"href":"https:\/\/antderground.com\/en\/wp-json\/wp\/v2\/product_cat?post=36556"},{"taxonomy":"product_tag","embeddable":true,"href":"https:\/\/antderground.com\/en\/wp-json\/wp\/v2\/product_tag?post=36556"}],"curies":[{"name":"wp","href":"https:\/\/api.w.org\/{rel}","templated":true}]}}